{"id":316,"date":"2016-01-13T11:22:11","date_gmt":"2016-01-13T09:22:11","guid":{"rendered":"https:\/\/smartpuller.com\/\/?page_id=316&#038;lang=fi"},"modified":"2017-11-15T11:56:13","modified_gmt":"2017-11-15T09:56:13","slug":"basic","status":"publish","type":"page","link":"https:\/\/smartpuller.com\/fi\/setit-ja-varusteet\/basic\/","title":{"rendered":"Basic+ set"},"content":{"rendered":"<div id=\"pl-316\"  class=\"panel-layout\" ><div id=\"pg-316-0\"  class=\"panel-grid panel-no-style\" ><div id=\"pgc-316-0-0\"  class=\"panel-grid-cell\" ><div id=\"panel-316-0-0-0\" class=\"so-panel widget widget_sow-editor panel-first-child panel-last-child\" data-index=\"0\" ><div\n\t\t\t\n\t\t\tclass=\"so-widget-sow-editor so-widget-sow-editor-base\"\n\t\t\t\n\t\t>\n<div class=\"siteorigin-widget-tinymce textwidget\">\n\t<p><a href=\"https:\/\/smartpuller.com\/\/wp-content\/uploads\/2017\/01\/smartpuller_basic_p-set_dent_pulling_hires.jpg\" rel=\"lightbox\" data-rel=\"lightbox-image-0\" data-rl_title=\"\" data-rl_caption=\"\" title=\"\"><img loading=\"lazy\" decoding=\"async\" src=\"https:\/\/smartpuller.com\/\/wp-content\/uploads\/2017\/01\/smartpuller_basic_p-set_dent_pulling_hires.jpg\" alt=\"SmartPuller Basic+ set includes these body repair tools.\" width=\"750\" height=\"1000\" class=\"alignnone size-full wp-image-1128\" \/><\/a><\/p>\n<\/div>\n<\/div><\/div><\/div><div id=\"pgc-316-0-1\"  class=\"panel-grid-cell\" ><div id=\"panel-316-0-1-0\" class=\"so-panel widget widget_sow-editor panel-first-child panel-last-child\" data-index=\"1\" ><div\n\t\t\t\n\t\t\tclass=\"so-widget-sow-editor so-widget-sow-editor-base\"\n\t\t\t\n\t\t>\n<div class=\"siteorigin-widget-tinymce textwidget\">\n\t<h5>Basic+ set on erinomainen seuraavissa oikaisuteht\u00e4viss\u00e4:<\/h5>\n<ul>\n<li>Auton kyljet<\/li>\n<li>Auton helmat<\/li>\n<li>A-, B-, ja C-pilarit<\/li>\n<\/ul>\n<div class=\"nappilinkki_tiivis\"><a href=\"https:\/\/smartpuller.com\/fi\/yhteydenotto\/myynti\/\">\u00bb Kuinka ostan<\/a><\/div>\n<\/div>\n<\/div><\/div><\/div><\/div><div id=\"pg-316-1\"  class=\"panel-grid panel-no-style\" ><div id=\"pgc-316-1-0\"  class=\"panel-grid-cell panel-grid-cell-mobile-last\" ><div id=\"panel-316-1-0-0\" class=\"so-panel widget widget_sow-editor panel-first-child panel-last-child\" data-index=\"2\" ><div\n\t\t\t\n\t\t\tclass=\"so-widget-sow-editor so-widget-sow-editor-base\"\n\t\t\t\n\t\t>\n<div class=\"siteorigin-widget-tinymce textwidget\">\n\t<h5>SmartPuller Basic+ set sis\u00e4lt\u00e4\u00e4<\/h5>\n<table>\n<tr>\n<td>1&nbsp;<\/td>\n<td>SmartPuller oikaisulaite<\/td>\n<\/tr>\n<tr>\n<td>2<\/td>\n<td>Tukipalkki<\/td>\n<\/tr>\n<tr>\n<td>3<\/td>\n<td>Vetoruuvi, lyhyt<\/td>\n<\/tr>\n<tr>\n<td>4<\/td>\n<td>Tukikulma vetoruuville<\/td>\n<\/tr>\n<tr>\n<td>5<\/td>\n<td>Tukipalkin pidin, 50 mm<\/td>\n<\/tr>\n<tr>\n<td>6<\/td>\n<td>Tukipalkin pidin, 40 mm<\/td>\n<\/tr>\n<tr>\n<td>7<\/td>\n<td>K\u00e4ytt\u00f6ohje DVD<\/td>\n<\/tr>\n<\/table>\n<h6>Rajoitettu viiden (5) vuoden takuu.<\/h6>\n<p>Lataa <a href=\"https:\/\/smartpuller.com\/wp-content\/uploads\/2017\/09\/smartpuller_basicp-setti-sisaltaa.pdf\" target=\"_blank\">pdf<\/a> n\u00e4hd\u00e4ksesi varusteet.<\/p>\n<p><a href=\"https:\/\/smartpuller.com\/fi\/setit-ja-varusteet\/silver\/\">\u00bb Katso Silver setti<\/a><\/p>\n<\/div>\n<\/div><\/div><\/div><div id=\"pgc-316-1-1\"  class=\"panel-grid-cell panel-grid-cell-empty\" ><\/div><\/div><\/div>","protected":false},"excerpt":{"rendered":"<p>Basic+ set on erinomainen seuraavissa oikaisuteht\u00e4viss\u00e4: Auton kyljet Auton helmat A-, B-, ja C-pilarit \u00bb Kuinka ostan SmartPuller Basic+ set sis\u00e4lt\u00e4\u00e4 1&nbsp;SmartPuller oikaisulaite 2Tukipalkki 3Vetoruuvi, lyhyt 4Tukikulma vetoruuville 5Tukipalkin pidin, 50 mm 6Tukipalkin pidin, 40 mm 7K\u00e4ytt\u00f6ohje DVD Rajoitettu viiden (5) vuoden takuu. Lataa pdf n\u00e4hd\u00e4ksesi varusteet. \u00bb Katso Silver setti<\/p>\n","protected":false},"author":101,"featured_media":0,"parent":272,"menu_order":310,"comment_status":"closed","ping_status":"closed","template":"","meta":{"_genesis_hide_title":false,"_genesis_hide_breadcrumbs":false,"_genesis_hide_singular_image":false,"_genesis_hide_footer_widgets":false,"_genesis_custom_body_class":"","_genesis_custom_post_class":"","_genesis_layout":"","footnotes":""},"class_list":{"0":"post-316","1":"page","2":"type-page","3":"status-publish","5":"entry","6":"has-post-thumbnail"},"yoast_head":"<!-- This site is optimized with the Yoast SEO plugin v27.4 - https:\/\/yoast.com\/product\/yoast-seo-wordpress\/ -->\n<title>SmartPuller Basic+ set<\/title>\n<meta name=\"description\" content=\"N\u00e4e mitk\u00e4 auton osat voidaan oikaista helposti SmartPuller Basic+ setill\u00e4. Esim. auton kyljet ja helmat...\" \/>\n<meta name=\"robots\" content=\"index, follow, max-snippet:-1, max-image-preview:large, max-video-preview:-1\" \/>\n<link rel=\"canonical\" href=\"https:\/\/smartpuller.com\/fi\/setit-ja-varusteet\/basic\/\" \/>\n<meta property=\"og:locale\" content=\"fi_FI\" \/>\n<meta property=\"og:type\" content=\"article\" \/>\n<meta property=\"og:title\" content=\"SmartPuller Basic+ set\" \/>\n<meta property=\"og:description\" content=\"N\u00e4e mitk\u00e4 auton osat voidaan oikaista helposti SmartPuller Basic+ setill\u00e4. Esim. auton kyljet ja helmat...\" \/>\n<meta property=\"og:url\" content=\"https:\/\/smartpuller.com\/fi\/setit-ja-varusteet\/basic\/\" \/>\n<meta property=\"og:site_name\" content=\"SmartPuller\" \/>\n<meta property=\"article:publisher\" content=\"https:\/\/www.facebook.com\/smartpuller\/\" \/>\n<meta property=\"article:modified_time\" content=\"2017-11-15T09:56:13+00:00\" \/>\n<meta property=\"og:image\" content=\"https:\/\/smartpuller.com\/wp-content\/uploads\/2017\/01\/smartpuller_basic_p-set_dent_pulling_hires.jpg\" \/>\n<meta name=\"twitter:card\" content=\"summary_large_image\" \/>\n<script type=\"application\/ld+json\" class=\"yoast-schema-graph\">{\"@context\":\"https:\\\/\\\/schema.org\",\"@graph\":[{\"@type\":\"WebPage\",\"@id\":\"https:\\\/\\\/smartpuller.com\\\/fi\\\/setit-ja-varusteet\\\/basic\\\/\",\"url\":\"https:\\\/\\\/smartpuller.com\\\/fi\\\/setit-ja-varusteet\\\/basic\\\/\",\"name\":\"SmartPuller Basic+ set\",\"isPartOf\":{\"@id\":\"https:\\\/\\\/smartpuller.com\\\/fi\\\/#website\"},\"primaryImageOfPage\":{\"@id\":\"https:\\\/\\\/smartpuller.com\\\/fi\\\/setit-ja-varusteet\\\/basic\\\/#primaryimage\"},\"image\":{\"@id\":\"https:\\\/\\\/smartpuller.com\\\/fi\\\/setit-ja-varusteet\\\/basic\\\/#primaryimage\"},\"thumbnailUrl\":\"https:\\\/\\\/smartpuller.com\\\/wp-content\\\/uploads\\\/2017\\\/01\\\/smartpuller_basic_p-set_dent_pulling_hires.jpg\",\"datePublished\":\"2016-01-13T09:22:11+00:00\",\"dateModified\":\"2017-11-15T09:56:13+00:00\",\"description\":\"N\u00e4e mitk\u00e4 auton osat voidaan oikaista helposti SmartPuller Basic+ setill\u00e4. Esim. auton kyljet ja helmat...\",\"breadcrumb\":{\"@id\":\"https:\\\/\\\/smartpuller.com\\\/fi\\\/setit-ja-varusteet\\\/basic\\\/#breadcrumb\"},\"inLanguage\":\"fi\",\"potentialAction\":[{\"@type\":\"ReadAction\",\"target\":[\"https:\\\/\\\/smartpuller.com\\\/fi\\\/setit-ja-varusteet\\\/basic\\\/\"]}]},{\"@type\":\"ImageObject\",\"inLanguage\":\"fi\",\"@id\":\"https:\\\/\\\/smartpuller.com\\\/fi\\\/setit-ja-varusteet\\\/basic\\\/#primaryimage\",\"url\":\"https:\\\/\\\/smartpuller.com\\\/wp-content\\\/uploads\\\/2017\\\/01\\\/smartpuller_basic_p-set_dent_pulling_hires.jpg\",\"contentUrl\":\"https:\\\/\\\/smartpuller.com\\\/wp-content\\\/uploads\\\/2017\\\/01\\\/smartpuller_basic_p-set_dent_pulling_hires.jpg\"},{\"@type\":\"BreadcrumbList\",\"@id\":\"https:\\\/\\\/smartpuller.com\\\/fi\\\/setit-ja-varusteet\\\/basic\\\/#breadcrumb\",\"itemListElement\":[{\"@type\":\"ListItem\",\"position\":1,\"name\":\"Home\",\"item\":\"https:\\\/\\\/smartpuller.com\\\/fi\\\/\"},{\"@type\":\"ListItem\",\"position\":2,\"name\":\"Setit ja varusteet\",\"item\":\"https:\\\/\\\/smartpuller.com\\\/fi\\\/setit-ja-varusteet\\\/\"},{\"@type\":\"ListItem\",\"position\":3,\"name\":\"Basic+ set\"}]},{\"@type\":\"WebSite\",\"@id\":\"https:\\\/\\\/smartpuller.com\\\/fi\\\/#website\",\"url\":\"https:\\\/\\\/smartpuller.com\\\/fi\\\/\",\"name\":\"SmartPuller\",\"description\":\"SmartPuller\",\"potentialAction\":[{\"@type\":\"SearchAction\",\"target\":{\"@type\":\"EntryPoint\",\"urlTemplate\":\"https:\\\/\\\/smartpuller.com\\\/fi\\\/?s={search_term_string}\"},\"query-input\":{\"@type\":\"PropertyValueSpecification\",\"valueRequired\":true,\"valueName\":\"search_term_string\"}}],\"inLanguage\":\"fi\"}]}<\/script>\n<!-- \/ Yoast SEO plugin. -->","yoast_head_json":{"title":"SmartPuller Basic+ set","description":"N\u00e4e mitk\u00e4 auton osat voidaan oikaista helposti SmartPuller Basic+ setill\u00e4. Esim. auton kyljet ja helmat...","robots":{"index":"index","follow":"follow","max-snippet":"max-snippet:-1","max-image-preview":"max-image-preview:large","max-video-preview":"max-video-preview:-1"},"canonical":"https:\/\/smartpuller.com\/fi\/setit-ja-varusteet\/basic\/","og_locale":"fi_FI","og_type":"article","og_title":"SmartPuller Basic+ set","og_description":"N\u00e4e mitk\u00e4 auton osat voidaan oikaista helposti SmartPuller Basic+ setill\u00e4. Esim. auton kyljet ja helmat...","og_url":"https:\/\/smartpuller.com\/fi\/setit-ja-varusteet\/basic\/","og_site_name":"SmartPuller","article_publisher":"https:\/\/www.facebook.com\/smartpuller\/","article_modified_time":"2017-11-15T09:56:13+00:00","og_image":[{"url":"https:\/\/smartpuller.com\/wp-content\/uploads\/2017\/01\/smartpuller_basic_p-set_dent_pulling_hires.jpg","type":"","width":"","height":""}],"twitter_card":"summary_large_image","schema":{"@context":"https:\/\/schema.org","@graph":[{"@type":"WebPage","@id":"https:\/\/smartpuller.com\/fi\/setit-ja-varusteet\/basic\/","url":"https:\/\/smartpuller.com\/fi\/setit-ja-varusteet\/basic\/","name":"SmartPuller Basic+ set","isPartOf":{"@id":"https:\/\/smartpuller.com\/fi\/#website"},"primaryImageOfPage":{"@id":"https:\/\/smartpuller.com\/fi\/setit-ja-varusteet\/basic\/#primaryimage"},"image":{"@id":"https:\/\/smartpuller.com\/fi\/setit-ja-varusteet\/basic\/#primaryimage"},"thumbnailUrl":"https:\/\/smartpuller.com\/wp-content\/uploads\/2017\/01\/smartpuller_basic_p-set_dent_pulling_hires.jpg","datePublished":"2016-01-13T09:22:11+00:00","dateModified":"2017-11-15T09:56:13+00:00","description":"N\u00e4e mitk\u00e4 auton osat voidaan oikaista helposti SmartPuller Basic+ setill\u00e4. Esim. auton kyljet ja helmat...","breadcrumb":{"@id":"https:\/\/smartpuller.com\/fi\/setit-ja-varusteet\/basic\/#breadcrumb"},"inLanguage":"fi","potentialAction":[{"@type":"ReadAction","target":["https:\/\/smartpuller.com\/fi\/setit-ja-varusteet\/basic\/"]}]},{"@type":"ImageObject","inLanguage":"fi","@id":"https:\/\/smartpuller.com\/fi\/setit-ja-varusteet\/basic\/#primaryimage","url":"https:\/\/smartpuller.com\/wp-content\/uploads\/2017\/01\/smartpuller_basic_p-set_dent_pulling_hires.jpg","contentUrl":"https:\/\/smartpuller.com\/wp-content\/uploads\/2017\/01\/smartpuller_basic_p-set_dent_pulling_hires.jpg"},{"@type":"BreadcrumbList","@id":"https:\/\/smartpuller.com\/fi\/setit-ja-varusteet\/basic\/#breadcrumb","itemListElement":[{"@type":"ListItem","position":1,"name":"Home","item":"https:\/\/smartpuller.com\/fi\/"},{"@type":"ListItem","position":2,"name":"Setit ja varusteet","item":"https:\/\/smartpuller.com\/fi\/setit-ja-varusteet\/"},{"@type":"ListItem","position":3,"name":"Basic+ set"}]},{"@type":"WebSite","@id":"https:\/\/smartpuller.com\/fi\/#website","url":"https:\/\/smartpuller.com\/fi\/","name":"SmartPuller","description":"SmartPuller","potentialAction":[{"@type":"SearchAction","target":{"@type":"EntryPoint","urlTemplate":"https:\/\/smartpuller.com\/fi\/?s={search_term_string}"},"query-input":{"@type":"PropertyValueSpecification","valueRequired":true,"valueName":"search_term_string"}}],"inLanguage":"fi"}]}},"_links":{"self":[{"href":"https:\/\/smartpuller.com\/fi\/wp-json\/wp\/v2\/pages\/316","targetHints":{"allow":["GET"]}}],"collection":[{"href":"https:\/\/smartpuller.com\/fi\/wp-json\/wp\/v2\/pages"}],"about":[{"href":"https:\/\/smartpuller.com\/fi\/wp-json\/wp\/v2\/types\/page"}],"author":[{"embeddable":true,"href":"https:\/\/smartpuller.com\/fi\/wp-json\/wp\/v2\/users\/101"}],"replies":[{"embeddable":true,"href":"https:\/\/smartpuller.com\/fi\/wp-json\/wp\/v2\/comments?post=316"}],"version-history":[{"count":0,"href":"https:\/\/smartpuller.com\/fi\/wp-json\/wp\/v2\/pages\/316\/revisions"}],"up":[{"embeddable":true,"href":"https:\/\/smartpuller.com\/fi\/wp-json\/wp\/v2\/pages\/272"}],"wp:attachment":[{"href":"https:\/\/smartpuller.com\/fi\/wp-json\/wp\/v2\/media?parent=316"}],"curies":[{"name":"wp","href":"https:\/\/api.w.org\/{rel}","templated":true}]}}