{"id":302,"date":"2016-01-13T11:24:08","date_gmt":"2016-01-13T09:24:08","guid":{"rendered":"https:\/\/smartpuller.com\/\/?page_id=302&#038;lang=fi"},"modified":"2017-12-15T10:37:54","modified_gmt":"2017-12-15T08:37:54","slug":"yritys","status":"publish","type":"page","link":"https:\/\/smartpuller.com\/fi\/yhteydenotto\/yritys\/","title":{"rendered":"Yritys"},"content":{"rendered":"<div id=\"pl-302\"  class=\"panel-layout\" ><div id=\"pg-302-0\"  class=\"panel-grid panel-no-style\" ><div id=\"pgc-302-0-0\"  class=\"panel-grid-cell\" ><div id=\"panel-302-0-0-0\" class=\"so-panel widget widget_sow-editor panel-first-child panel-last-child\" data-index=\"0\" ><div\n\t\t\t\n\t\t\tclass=\"so-widget-sow-editor so-widget-sow-editor-base\"\n\t\t\t\n\t\t>\n<div class=\"siteorigin-widget-tinymce textwidget\">\n\t<h3>Autorobot Finland Oy<\/h3>\n<\/div>\n<\/div><\/div><\/div><\/div><div id=\"pg-302-1\"  class=\"panel-grid panel-no-style\" ><div id=\"pgc-302-1-0\"  class=\"panel-grid-cell\" ><div id=\"panel-302-1-0-0\" class=\"so-panel widget widget_sow-editor panel-first-child panel-last-child\" data-index=\"1\" ><div\n\t\t\t\n\t\t\tclass=\"so-widget-sow-editor so-widget-sow-editor-base\"\n\t\t\t\n\t\t>\n<div class=\"siteorigin-widget-tinymce textwidget\">\n\t<p>Autorobot Finland Oy on suomalainen perheyritys. Yritys valmistaa laadukkaita ja nykyaikaisia autojen oikaisu- ja mittausj\u00e4rjestelmi\u00e4. Autorobot-tuotteita on k\u00e4yt\u00f6ss\u00e4 kaikissa maanosissa, yhteens\u00e4 yli 70 maassa.<\/p>\n<\/div>\n<\/div><\/div><\/div><div id=\"pgc-302-1-1\"  class=\"panel-grid-cell\" ><div id=\"panel-302-1-1-0\" class=\"so-panel widget widget_sow-editor panel-first-child panel-last-child\" data-index=\"2\" ><div\n\t\t\t\n\t\t\tclass=\"so-widget-sow-editor so-widget-sow-editor-base\"\n\t\t\t\n\t\t>\n<div class=\"siteorigin-widget-tinymce textwidget\">\n\t<p><a href=\"https:\/\/smartpuller.com\/\/wp-content\/uploads\/2016\/02\/Autorobot.jpg\" rel=\"attachment wp-att-713 lightbox\" data-rel=\"lightbox-image-0\" data-rl_title=\"\" data-rl_caption=\"\" title=\"\"><img loading=\"lazy\" decoding=\"async\" class=\"alignnone size-full wp-image-713\" src=\"https:\/\/smartpuller.com\/\/wp-content\/uploads\/2016\/02\/Autorobot.jpg\" alt=\"Autorobot\" width=\"600\" height=\"369\" srcset=\"https:\/\/smartpuller.com\/wp-content\/uploads\/2016\/02\/Autorobot.jpg 600w, https:\/\/smartpuller.com\/wp-content\/uploads\/2016\/02\/Autorobot-300x185.jpg 300w\" sizes=\"auto, (max-width: 600px) 100vw, 600px\" \/><\/a><br \/>\n<a href=\"http:\/\/www.autorobot.fi\/video\/autorobot.wmv\">\u00bb Yritysesittelyvideo (englanninkielinen) <\/a> (WMV-stream, koko 6MB)<\/p>\n<\/div>\n<\/div><\/div><\/div><\/div><div id=\"pg-302-2\"  class=\"panel-grid panel-no-style\" ><div id=\"pgc-302-2-0\"  class=\"panel-grid-cell\" ><div id=\"panel-302-2-0-0\" class=\"so-panel widget widget_sow-editor panel-first-child panel-last-child\" data-index=\"3\" ><div\n\t\t\t\n\t\t\tclass=\"so-widget-sow-editor so-widget-sow-editor-base\"\n\t\t\t\n\t\t>\n<div class=\"siteorigin-widget-tinymce textwidget\">\n\t<p>SmartPullerin valmistajan Autorobot Finlandin tarina sai alkunsa jo vuonna 1969, jolloin yrityksen omistaja ja toimitusjohtaja Olavi Ven\u00e4l\u00e4inen perusti autokorjaamon. Omassa korjaamossaan Olavi havaitsi sen aikaiset korjaamon ty\u00f6menetelm\u00e4t hankaliksi ja ty\u00f6l\u00e4iksi, ja sai idean laitteesta, jonka avulla auton oikaisuty\u00f6 sujuisi helpommin ja nopeammin. Usean vuoden tiiviin kehitysty\u00f6n tuloksena syntyi aivan uudenlainen oikaisulaite, joka her\u00e4tti paljon kiinnostusta alan ammattilaisten keskuudessa. Laite oli monessa suhteessa aikaansa edell\u00e4. Se toimi hydraulisesti, ja siin\u00e4 oli huomioitu k\u00e4yt\u00f6n ergonomisuus. Ensimm\u00e4inen Autorobot-laite myytiin vuonna 1977 Suomeen. Vienti muihin maihin aloitettiin muutamaa vuotta my\u00f6hemmin.<br \/>\nSmartPullerin kehitys k\u00e4ynnistyi, kun kolarivaurioiden korjaukset alkoivat keskitty\u00e4 2000-luvulla aiempaa enemm\u00e4n pieniin vaurioihin erityisesti l\u00e4nsimaissa. Halusimme vastata asiakkaiden tarpeisiin, ja tuoda markkinoille laitteen, jolla pystyisi korjaamaan auton pintapeltivauriot nopeasti ja vaivattomasti. SmartPuller-laite lanseerattiin vuonna 2015. Asiakkaat ovat ottaneet tuotteen hyvin vastaan, ja olemme saaneet siit\u00e4 hyv\u00e4\u00e4 palautetta. Tuotetta on helppo k\u00e4ytt\u00e4\u00e4, eik\u00e4 se vaadi erityist\u00e4 koulutusta.<\/p>\n<\/div>\n<\/div><\/div><\/div><\/div><div id=\"pg-302-3\"  class=\"panel-grid panel-no-style\" ><div id=\"pgc-302-3-0\"  class=\"panel-grid-cell\" ><div id=\"panel-302-3-0-0\" class=\"so-panel widget widget_sow-editor panel-first-child panel-last-child\" data-index=\"4\" ><div\n\t\t\t\n\t\t\tclass=\"so-widget-sow-editor so-widget-sow-editor-base\"\n\t\t\t\n\t\t>\n<div class=\"siteorigin-widget-tinymce textwidget\">\n\t<p>Lue lis\u00e4\u00e4:<br \/>\n<a href=\"http:\/\/www.autorobot.fi\/autorobot\/historia\" target=\"_blank\">\u00bb Autorobot Finland Oy:n historia<\/a><br \/>\n<a href=\"http:\/\/www.autorobot.fi\/autorobot\/palkinnot\" target=\"_blank\">\u00bb Autorobot Finland Oy:n saamat palkinnot<\/a><\/p>\n<\/div>\n<\/div><\/div><\/div><\/div><\/div>","protected":false},"excerpt":{"rendered":"<p>Autorobot Finland Oy Autorobot Finland Oy on suomalainen perheyritys. Yritys valmistaa laadukkaita ja nykyaikaisia autojen oikaisu- ja mittausj\u00e4rjestelmi\u00e4. Autorobot-tuotteita on k\u00e4yt\u00f6ss\u00e4 kaikissa maanosissa, yhteens\u00e4 yli 70 maassa. \u00bb Yritysesittelyvideo (englanninkielinen) (WMV-stream, koko 6MB)<\/p>\n","protected":false},"author":101,"featured_media":0,"parent":301,"menu_order":520,"comment_status":"closed","ping_status":"closed","template":"","meta":{"_genesis_hide_title":false,"_genesis_hide_breadcrumbs":false,"_genesis_hide_singular_image":false,"_genesis_hide_footer_widgets":false,"_genesis_custom_body_class":"","_genesis_custom_post_class":"","_genesis_layout":"","footnotes":""},"class_list":{"0":"post-302","1":"page","2":"type-page","3":"status-publish","5":"entry"},"yoast_head":"<!-- This site is optimized with the Yoast SEO plugin v27.4 - https:\/\/yoast.com\/product\/yoast-seo-wordpress\/ -->\n<title>SmartPuller kuuluu tunnetulle valmistusyhti\u00f6lle Autorobot Finland Oy<\/title>\n<meta name=\"description\" content=\"Autorobot Finland Oy suunnittelee, valmistaa ja markkinoi kolarivaurioituneiden autojen korjaukseen tarvittavia korinoikaisu- ja mittalaitteita.\" \/>\n<meta name=\"robots\" content=\"index, follow, max-snippet:-1, max-image-preview:large, max-video-preview:-1\" \/>\n<link rel=\"canonical\" href=\"https:\/\/smartpuller.com\/fi\/yhteydenotto\/yritys\/\" \/>\n<meta property=\"og:locale\" content=\"fi_FI\" \/>\n<meta property=\"og:type\" content=\"article\" \/>\n<meta property=\"og:title\" content=\"SmartPuller kuuluu tunnetulle valmistusyhti\u00f6lle Autorobot Finland Oy\" \/>\n<meta property=\"og:description\" content=\"Autorobot Finland Oy suunnittelee, valmistaa ja markkinoi kolarivaurioituneiden autojen korjaukseen tarvittavia korinoikaisu- ja mittalaitteita.\" \/>\n<meta property=\"og:url\" content=\"https:\/\/smartpuller.com\/fi\/yhteydenotto\/yritys\/\" \/>\n<meta property=\"og:site_name\" content=\"SmartPuller\" \/>\n<meta property=\"article:publisher\" content=\"https:\/\/www.facebook.com\/smartpuller\/\" \/>\n<meta property=\"article:modified_time\" content=\"2017-12-15T08:37:54+00:00\" \/>\n<meta property=\"og:image\" content=\"https:\/\/smartpuller.com\/\/wp-content\/uploads\/2016\/02\/Autorobot.jpg\" \/>\n<meta name=\"twitter:card\" content=\"summary_large_image\" \/>\n<meta name=\"twitter:label1\" content=\"Arvioitu lukuaika\" \/>\n\t<meta name=\"twitter:data1\" content=\"1 minuutti\" \/>\n<script type=\"application\/ld+json\" class=\"yoast-schema-graph\">{\"@context\":\"https:\\\/\\\/schema.org\",\"@graph\":[{\"@type\":\"WebPage\",\"@id\":\"https:\\\/\\\/smartpuller.com\\\/fi\\\/yhteydenotto\\\/yritys\\\/\",\"url\":\"https:\\\/\\\/smartpuller.com\\\/fi\\\/yhteydenotto\\\/yritys\\\/\",\"name\":\"SmartPuller kuuluu tunnetulle valmistusyhti\u00f6lle Autorobot Finland Oy\",\"isPartOf\":{\"@id\":\"https:\\\/\\\/smartpuller.com\\\/fi\\\/#website\"},\"primaryImageOfPage\":{\"@id\":\"https:\\\/\\\/smartpuller.com\\\/fi\\\/yhteydenotto\\\/yritys\\\/#primaryimage\"},\"image\":{\"@id\":\"https:\\\/\\\/smartpuller.com\\\/fi\\\/yhteydenotto\\\/yritys\\\/#primaryimage\"},\"thumbnailUrl\":\"https:\\\/\\\/smartpuller.com\\\/\\\/wp-content\\\/uploads\\\/2016\\\/02\\\/Autorobot.jpg\",\"datePublished\":\"2016-01-13T09:24:08+00:00\",\"dateModified\":\"2017-12-15T08:37:54+00:00\",\"description\":\"Autorobot Finland Oy suunnittelee, valmistaa ja markkinoi kolarivaurioituneiden autojen korjaukseen tarvittavia korinoikaisu- ja mittalaitteita.\",\"breadcrumb\":{\"@id\":\"https:\\\/\\\/smartpuller.com\\\/fi\\\/yhteydenotto\\\/yritys\\\/#breadcrumb\"},\"inLanguage\":\"fi\",\"potentialAction\":[{\"@type\":\"ReadAction\",\"target\":[\"https:\\\/\\\/smartpuller.com\\\/fi\\\/yhteydenotto\\\/yritys\\\/\"]}]},{\"@type\":\"ImageObject\",\"inLanguage\":\"fi\",\"@id\":\"https:\\\/\\\/smartpuller.com\\\/fi\\\/yhteydenotto\\\/yritys\\\/#primaryimage\",\"url\":\"https:\\\/\\\/smartpuller.com\\\/\\\/wp-content\\\/uploads\\\/2016\\\/02\\\/Autorobot.jpg\",\"contentUrl\":\"https:\\\/\\\/smartpuller.com\\\/\\\/wp-content\\\/uploads\\\/2016\\\/02\\\/Autorobot.jpg\"},{\"@type\":\"BreadcrumbList\",\"@id\":\"https:\\\/\\\/smartpuller.com\\\/fi\\\/yhteydenotto\\\/yritys\\\/#breadcrumb\",\"itemListElement\":[{\"@type\":\"ListItem\",\"position\":1,\"name\":\"Home\",\"item\":\"https:\\\/\\\/smartpuller.com\\\/fi\\\/\"},{\"@type\":\"ListItem\",\"position\":2,\"name\":\"Yhteydenotto\",\"item\":\"https:\\\/\\\/smartpuller.com\\\/fi\\\/yhteydenotto\\\/\"},{\"@type\":\"ListItem\",\"position\":3,\"name\":\"Yritys\"}]},{\"@type\":\"WebSite\",\"@id\":\"https:\\\/\\\/smartpuller.com\\\/fi\\\/#website\",\"url\":\"https:\\\/\\\/smartpuller.com\\\/fi\\\/\",\"name\":\"SmartPuller\",\"description\":\"SmartPuller\",\"potentialAction\":[{\"@type\":\"SearchAction\",\"target\":{\"@type\":\"EntryPoint\",\"urlTemplate\":\"https:\\\/\\\/smartpuller.com\\\/fi\\\/?s={search_term_string}\"},\"query-input\":{\"@type\":\"PropertyValueSpecification\",\"valueRequired\":true,\"valueName\":\"search_term_string\"}}],\"inLanguage\":\"fi\"}]}<\/script>\n<!-- \/ Yoast SEO plugin. -->","yoast_head_json":{"title":"SmartPuller kuuluu tunnetulle valmistusyhti\u00f6lle Autorobot Finland Oy","description":"Autorobot Finland Oy suunnittelee, valmistaa ja markkinoi kolarivaurioituneiden autojen korjaukseen tarvittavia korinoikaisu- ja mittalaitteita.","robots":{"index":"index","follow":"follow","max-snippet":"max-snippet:-1","max-image-preview":"max-image-preview:large","max-video-preview":"max-video-preview:-1"},"canonical":"https:\/\/smartpuller.com\/fi\/yhteydenotto\/yritys\/","og_locale":"fi_FI","og_type":"article","og_title":"SmartPuller kuuluu tunnetulle valmistusyhti\u00f6lle Autorobot Finland Oy","og_description":"Autorobot Finland Oy suunnittelee, valmistaa ja markkinoi kolarivaurioituneiden autojen korjaukseen tarvittavia korinoikaisu- ja mittalaitteita.","og_url":"https:\/\/smartpuller.com\/fi\/yhteydenotto\/yritys\/","og_site_name":"SmartPuller","article_publisher":"https:\/\/www.facebook.com\/smartpuller\/","article_modified_time":"2017-12-15T08:37:54+00:00","og_image":[{"url":"https:\/\/smartpuller.com\/\/wp-content\/uploads\/2016\/02\/Autorobot.jpg","type":"","width":"","height":""}],"twitter_card":"summary_large_image","twitter_misc":{"Arvioitu lukuaika":"1 minuutti"},"schema":{"@context":"https:\/\/schema.org","@graph":[{"@type":"WebPage","@id":"https:\/\/smartpuller.com\/fi\/yhteydenotto\/yritys\/","url":"https:\/\/smartpuller.com\/fi\/yhteydenotto\/yritys\/","name":"SmartPuller kuuluu tunnetulle valmistusyhti\u00f6lle Autorobot Finland Oy","isPartOf":{"@id":"https:\/\/smartpuller.com\/fi\/#website"},"primaryImageOfPage":{"@id":"https:\/\/smartpuller.com\/fi\/yhteydenotto\/yritys\/#primaryimage"},"image":{"@id":"https:\/\/smartpuller.com\/fi\/yhteydenotto\/yritys\/#primaryimage"},"thumbnailUrl":"https:\/\/smartpuller.com\/\/wp-content\/uploads\/2016\/02\/Autorobot.jpg","datePublished":"2016-01-13T09:24:08+00:00","dateModified":"2017-12-15T08:37:54+00:00","description":"Autorobot Finland Oy suunnittelee, valmistaa ja markkinoi kolarivaurioituneiden autojen korjaukseen tarvittavia korinoikaisu- ja mittalaitteita.","breadcrumb":{"@id":"https:\/\/smartpuller.com\/fi\/yhteydenotto\/yritys\/#breadcrumb"},"inLanguage":"fi","potentialAction":[{"@type":"ReadAction","target":["https:\/\/smartpuller.com\/fi\/yhteydenotto\/yritys\/"]}]},{"@type":"ImageObject","inLanguage":"fi","@id":"https:\/\/smartpuller.com\/fi\/yhteydenotto\/yritys\/#primaryimage","url":"https:\/\/smartpuller.com\/\/wp-content\/uploads\/2016\/02\/Autorobot.jpg","contentUrl":"https:\/\/smartpuller.com\/\/wp-content\/uploads\/2016\/02\/Autorobot.jpg"},{"@type":"BreadcrumbList","@id":"https:\/\/smartpuller.com\/fi\/yhteydenotto\/yritys\/#breadcrumb","itemListElement":[{"@type":"ListItem","position":1,"name":"Home","item":"https:\/\/smartpuller.com\/fi\/"},{"@type":"ListItem","position":2,"name":"Yhteydenotto","item":"https:\/\/smartpuller.com\/fi\/yhteydenotto\/"},{"@type":"ListItem","position":3,"name":"Yritys"}]},{"@type":"WebSite","@id":"https:\/\/smartpuller.com\/fi\/#website","url":"https:\/\/smartpuller.com\/fi\/","name":"SmartPuller","description":"SmartPuller","potentialAction":[{"@type":"SearchAction","target":{"@type":"EntryPoint","urlTemplate":"https:\/\/smartpuller.com\/fi\/?s={search_term_string}"},"query-input":{"@type":"PropertyValueSpecification","valueRequired":true,"valueName":"search_term_string"}}],"inLanguage":"fi"}]}},"_links":{"self":[{"href":"https:\/\/smartpuller.com\/fi\/wp-json\/wp\/v2\/pages\/302","targetHints":{"allow":["GET"]}}],"collection":[{"href":"https:\/\/smartpuller.com\/fi\/wp-json\/wp\/v2\/pages"}],"about":[{"href":"https:\/\/smartpuller.com\/fi\/wp-json\/wp\/v2\/types\/page"}],"author":[{"embeddable":true,"href":"https:\/\/smartpuller.com\/fi\/wp-json\/wp\/v2\/users\/101"}],"replies":[{"embeddable":true,"href":"https:\/\/smartpuller.com\/fi\/wp-json\/wp\/v2\/comments?post=302"}],"version-history":[{"count":0,"href":"https:\/\/smartpuller.com\/fi\/wp-json\/wp\/v2\/pages\/302\/revisions"}],"up":[{"embeddable":true,"href":"https:\/\/smartpuller.com\/fi\/wp-json\/wp\/v2\/pages\/301"}],"wp:attachment":[{"href":"https:\/\/smartpuller.com\/fi\/wp-json\/wp\/v2\/media?parent=302"}],"curies":[{"name":"wp","href":"https:\/\/api.w.org\/{rel}","templated":true}]}}