{"id":300,"date":"2016-01-13T11:23:45","date_gmt":"2016-01-13T09:23:45","guid":{"rendered":"https:\/\/smartpuller.com\/\/?page_id=300&#038;lang=fi"},"modified":"2024-11-13T10:39:07","modified_gmt":"2024-11-13T08:39:07","slug":"ukk","status":"publish","type":"page","link":"https:\/\/smartpuller.com\/fi\/tuki\/ukk\/","title":{"rendered":"Usein kysytty\u00e4"},"content":{"rendered":"<p><strong>Kuinka voin ostaa SmartPullerin?<\/strong><br \/>\nSuomessa SmartPullerin myynti\u00e4 hoitaa valmistaja Autorobot Finland Oy. Ota yhteytt\u00e4 myyntiin:<br \/>\n\u00bb <a href=\"https:\/\/smartpuller.com\/fi\/yhteydenotto\/myynti\/\" target=\"_blank\" rel=\"noopener\">Myynti<\/a><\/p>\n<p><strong>Mitk\u00e4 ovat SmartPullerin parhaat ominaisuudet?<\/strong><br \/>\nSmartPuller on nopea, helppok\u00e4ytt\u00f6inen ja monitoiminen laite. Se mahdollistaa l\u00e4hes mink\u00e4 tahansa auton alueen oikaisun kaikkiin tarvittaviin suuntiin. SmartPuller tekee auton paneelien ja helmarakenteiden oikaisusta nopeampaa ja taloudellisempaa. SmartPullerin k\u00e4yt\u00f6n helppouteen vaikuttaa sen kompakti rakenne. Kaikki tuentaan ja oikaisuun tarvittavat v\u00e4lineet voidaan s\u00e4\u00e4t\u00e4\u00e4 oikealle korkeudelle, jossa ne pysyv\u00e4t ilman k\u00e4sin kannattelua.<\/p>\n<p><strong>Mit\u00e4 SmartPuller sis\u00e4lt\u00e4\u00e4?<\/strong><br \/>\nSmartPullerista on saatavissa erilaisia settej\u00e4 eri oikaisutarpeisiin. Voit tutustua eri settien sis\u00e4lt\u00f6\u00f6n <a href=\"\/setit-ja-varusteet\/\" target=\"_blank\" rel=\"noopener\">Setit ja varusteet<\/a> sivulla.<\/p>\n<p><strong>Voiko aikaisemman SmartPullerin p\u00e4ivitt\u00e4\u00e4 alipaineankkuriksi?<\/strong><br \/>\nSmartPullerin voi helposti p\u00e4ivitt\u00e4\u00e4 alipaineankkuriksi hankkimalla p\u00e4ivityssarjan <a href=\"\/setit-ja-varusteet\/alipainevedin-air\/\" target=\"_blank\" rel=\"noopener\">A-14A-5 SmartPuller AIR<\/a>.<\/p>\n<p><strong>Kuinka paljon SmartPuller painaa?<\/strong><br \/>\nSmartPuller Basic setti painaa 45 kg ilman pakettia ja 52 kg paketin kanssa.<br \/>\nSmartPuller Silver setti painaa 53 kg ilman pakettia ja 58 kg paketin kanssa.<br \/>\nSmartPuller Gold setti painaa 73 kg ja 80 kg paketin kanssa.<\/p>\n<p><strong>Kuinka pitk\u00e4 takuu SmartPullerilla on?<\/strong><br \/>\nTarjoamme kahden vuoden takuun rungolle ja vuoden takuun kulutusosille. Rekister\u00f6im\u00e4ll\u00e4 tuotteesi takuuaika pitenee viiteen vuoteen rungon osalta ja kahteen vuoteen kulutusosilla. Lue lis\u00e4\u00e4 takuusta <a href=\"https:\/\/smartpuller.com\/fi\/tuki\/takuu\/\" target=\"_blank\" rel=\"noopener\">t\u00e4\u00e4lt\u00e4.<\/a><\/p>\n","protected":false},"excerpt":{"rendered":"<p>Kuinka voin ostaa SmartPullerin? Suomessa SmartPullerin myynti\u00e4 hoitaa valmistaja Autorobot Finland Oy. Ota yhteytt\u00e4 myyntiin: \u00bb Myynti Mitk\u00e4 ovat SmartPullerin parhaat ominaisuudet? SmartPuller on nopea, helppok\u00e4ytt\u00f6inen ja monitoiminen laite. Se mahdollistaa l\u00e4hes mink\u00e4 tahansa auton alueen oikaisun kaikkiin tarvittaviin suuntiin. SmartPuller tekee auton paneelien ja helmarakenteiden oikaisusta nopeampaa ja taloudellisempaa. SmartPullerin k\u00e4yt\u00f6n helppouteen vaikuttaa sen [&hellip;]<\/p>\n","protected":false},"author":101,"featured_media":0,"parent":298,"menu_order":420,"comment_status":"closed","ping_status":"closed","template":"","meta":{"_genesis_hide_title":false,"_genesis_hide_breadcrumbs":false,"_genesis_hide_singular_image":false,"_genesis_hide_footer_widgets":false,"_genesis_custom_body_class":"","_genesis_custom_post_class":"","_genesis_layout":"","footnotes":""},"class_list":{"0":"post-300","1":"page","2":"type-page","3":"status-publish","5":"entry"},"yoast_head":"<!-- This site is optimized with the Yoast SEO plugin v27.4 - https:\/\/yoast.com\/product\/yoast-seo-wordpress\/ -->\n<title>Usein kysytyt - Kuinka voin ostaa SmartPullerin ja muita kysymyksi\u00e4<\/title>\n<meta name=\"description\" content=\"UKK - usein kysyttyj\u00e4 kysymyksi\u00e4 SmartPuller oikaisulaitteesta. Mit\u00e4 SmartPuller sis\u00e4lt\u00e4\u00e4? Kuinka paljon SmartPuller painaa?\" \/>\n<meta name=\"robots\" content=\"index, follow, max-snippet:-1, max-image-preview:large, max-video-preview:-1\" \/>\n<link rel=\"canonical\" href=\"https:\/\/smartpuller.com\/fi\/tuki\/ukk\/\" \/>\n<meta property=\"og:locale\" content=\"fi_FI\" \/>\n<meta property=\"og:type\" content=\"article\" \/>\n<meta property=\"og:title\" content=\"Usein kysytyt - Kuinka voin ostaa SmartPullerin ja muita kysymyksi\u00e4\" \/>\n<meta property=\"og:description\" content=\"UKK - usein kysyttyj\u00e4 kysymyksi\u00e4 SmartPuller oikaisulaitteesta. Mit\u00e4 SmartPuller sis\u00e4lt\u00e4\u00e4? Kuinka paljon SmartPuller painaa?\" \/>\n<meta property=\"og:url\" content=\"https:\/\/smartpuller.com\/fi\/tuki\/ukk\/\" \/>\n<meta property=\"og:site_name\" content=\"SmartPuller\" \/>\n<meta property=\"article:publisher\" content=\"https:\/\/www.facebook.com\/smartpuller\/\" \/>\n<meta property=\"article:modified_time\" content=\"2024-11-13T08:39:07+00:00\" \/>\n<meta name=\"twitter:card\" content=\"summary_large_image\" \/>\n<meta name=\"twitter:label1\" content=\"Arvioitu lukuaika\" \/>\n\t<meta name=\"twitter:data1\" content=\"1 minuutti\" \/>\n<script type=\"application\/ld+json\" class=\"yoast-schema-graph\">{\"@context\":\"https:\\\/\\\/schema.org\",\"@graph\":[{\"@type\":\"WebPage\",\"@id\":\"https:\\\/\\\/smartpuller.com\\\/fi\\\/tuki\\\/ukk\\\/\",\"url\":\"https:\\\/\\\/smartpuller.com\\\/fi\\\/tuki\\\/ukk\\\/\",\"name\":\"Usein kysytyt - Kuinka voin ostaa SmartPullerin ja muita kysymyksi\u00e4\",\"isPartOf\":{\"@id\":\"https:\\\/\\\/smartpuller.com\\\/fi\\\/#website\"},\"datePublished\":\"2016-01-13T09:23:45+00:00\",\"dateModified\":\"2024-11-13T08:39:07+00:00\",\"description\":\"UKK - usein kysyttyj\u00e4 kysymyksi\u00e4 SmartPuller oikaisulaitteesta. Mit\u00e4 SmartPuller sis\u00e4lt\u00e4\u00e4? Kuinka paljon SmartPuller painaa?\",\"breadcrumb\":{\"@id\":\"https:\\\/\\\/smartpuller.com\\\/fi\\\/tuki\\\/ukk\\\/#breadcrumb\"},\"inLanguage\":\"fi\",\"potentialAction\":[{\"@type\":\"ReadAction\",\"target\":[\"https:\\\/\\\/smartpuller.com\\\/fi\\\/tuki\\\/ukk\\\/\"]}]},{\"@type\":\"BreadcrumbList\",\"@id\":\"https:\\\/\\\/smartpuller.com\\\/fi\\\/tuki\\\/ukk\\\/#breadcrumb\",\"itemListElement\":[{\"@type\":\"ListItem\",\"position\":1,\"name\":\"Home\",\"item\":\"https:\\\/\\\/smartpuller.com\\\/fi\\\/\"},{\"@type\":\"ListItem\",\"position\":2,\"name\":\"Tuki\",\"item\":\"https:\\\/\\\/smartpuller.com\\\/fi\\\/tuki\\\/\"},{\"@type\":\"ListItem\",\"position\":3,\"name\":\"Usein kysytty\u00e4\"}]},{\"@type\":\"WebSite\",\"@id\":\"https:\\\/\\\/smartpuller.com\\\/fi\\\/#website\",\"url\":\"https:\\\/\\\/smartpuller.com\\\/fi\\\/\",\"name\":\"SmartPuller\",\"description\":\"SmartPuller\",\"potentialAction\":[{\"@type\":\"SearchAction\",\"target\":{\"@type\":\"EntryPoint\",\"urlTemplate\":\"https:\\\/\\\/smartpuller.com\\\/fi\\\/?s={search_term_string}\"},\"query-input\":{\"@type\":\"PropertyValueSpecification\",\"valueRequired\":true,\"valueName\":\"search_term_string\"}}],\"inLanguage\":\"fi\"}]}<\/script>\n<!-- \/ Yoast SEO plugin. -->","yoast_head_json":{"title":"Usein kysytyt - Kuinka voin ostaa SmartPullerin ja muita kysymyksi\u00e4","description":"UKK - usein kysyttyj\u00e4 kysymyksi\u00e4 SmartPuller oikaisulaitteesta. Mit\u00e4 SmartPuller sis\u00e4lt\u00e4\u00e4? Kuinka paljon SmartPuller painaa?","robots":{"index":"index","follow":"follow","max-snippet":"max-snippet:-1","max-image-preview":"max-image-preview:large","max-video-preview":"max-video-preview:-1"},"canonical":"https:\/\/smartpuller.com\/fi\/tuki\/ukk\/","og_locale":"fi_FI","og_type":"article","og_title":"Usein kysytyt - Kuinka voin ostaa SmartPullerin ja muita kysymyksi\u00e4","og_description":"UKK - usein kysyttyj\u00e4 kysymyksi\u00e4 SmartPuller oikaisulaitteesta. Mit\u00e4 SmartPuller sis\u00e4lt\u00e4\u00e4? Kuinka paljon SmartPuller painaa?","og_url":"https:\/\/smartpuller.com\/fi\/tuki\/ukk\/","og_site_name":"SmartPuller","article_publisher":"https:\/\/www.facebook.com\/smartpuller\/","article_modified_time":"2024-11-13T08:39:07+00:00","twitter_card":"summary_large_image","twitter_misc":{"Arvioitu lukuaika":"1 minuutti"},"schema":{"@context":"https:\/\/schema.org","@graph":[{"@type":"WebPage","@id":"https:\/\/smartpuller.com\/fi\/tuki\/ukk\/","url":"https:\/\/smartpuller.com\/fi\/tuki\/ukk\/","name":"Usein kysytyt - Kuinka voin ostaa SmartPullerin ja muita kysymyksi\u00e4","isPartOf":{"@id":"https:\/\/smartpuller.com\/fi\/#website"},"datePublished":"2016-01-13T09:23:45+00:00","dateModified":"2024-11-13T08:39:07+00:00","description":"UKK - usein kysyttyj\u00e4 kysymyksi\u00e4 SmartPuller oikaisulaitteesta. Mit\u00e4 SmartPuller sis\u00e4lt\u00e4\u00e4? Kuinka paljon SmartPuller painaa?","breadcrumb":{"@id":"https:\/\/smartpuller.com\/fi\/tuki\/ukk\/#breadcrumb"},"inLanguage":"fi","potentialAction":[{"@type":"ReadAction","target":["https:\/\/smartpuller.com\/fi\/tuki\/ukk\/"]}]},{"@type":"BreadcrumbList","@id":"https:\/\/smartpuller.com\/fi\/tuki\/ukk\/#breadcrumb","itemListElement":[{"@type":"ListItem","position":1,"name":"Home","item":"https:\/\/smartpuller.com\/fi\/"},{"@type":"ListItem","position":2,"name":"Tuki","item":"https:\/\/smartpuller.com\/fi\/tuki\/"},{"@type":"ListItem","position":3,"name":"Usein kysytty\u00e4"}]},{"@type":"WebSite","@id":"https:\/\/smartpuller.com\/fi\/#website","url":"https:\/\/smartpuller.com\/fi\/","name":"SmartPuller","description":"SmartPuller","potentialAction":[{"@type":"SearchAction","target":{"@type":"EntryPoint","urlTemplate":"https:\/\/smartpuller.com\/fi\/?s={search_term_string}"},"query-input":{"@type":"PropertyValueSpecification","valueRequired":true,"valueName":"search_term_string"}}],"inLanguage":"fi"}]}},"_links":{"self":[{"href":"https:\/\/smartpuller.com\/fi\/wp-json\/wp\/v2\/pages\/300","targetHints":{"allow":["GET"]}}],"collection":[{"href":"https:\/\/smartpuller.com\/fi\/wp-json\/wp\/v2\/pages"}],"about":[{"href":"https:\/\/smartpuller.com\/fi\/wp-json\/wp\/v2\/types\/page"}],"author":[{"embeddable":true,"href":"https:\/\/smartpuller.com\/fi\/wp-json\/wp\/v2\/users\/101"}],"replies":[{"embeddable":true,"href":"https:\/\/smartpuller.com\/fi\/wp-json\/wp\/v2\/comments?post=300"}],"version-history":[{"count":3,"href":"https:\/\/smartpuller.com\/fi\/wp-json\/wp\/v2\/pages\/300\/revisions"}],"predecessor-version":[{"id":2468514,"href":"https:\/\/smartpuller.com\/fi\/wp-json\/wp\/v2\/pages\/300\/revisions\/2468514"}],"up":[{"embeddable":true,"href":"https:\/\/smartpuller.com\/fi\/wp-json\/wp\/v2\/pages\/298"}],"wp:attachment":[{"href":"https:\/\/smartpuller.com\/fi\/wp-json\/wp\/v2\/media?parent=300"}],"curies":[{"name":"wp","href":"https:\/\/api.w.org\/{rel}","templated":true}]}}