{"id":299,"date":"2016-01-13T11:23:32","date_gmt":"2016-01-13T09:23:32","guid":{"rendered":"https:\/\/smartpuller.com\/\/?page_id=299&#038;lang=fi"},"modified":"2019-08-19T16:17:28","modified_gmt":"2019-08-19T13:17:28","slug":"oppaat","status":"publish","type":"page","link":"https:\/\/smartpuller.com\/fi\/tuki\/oppaat\/","title":{"rendered":"K\u00e4ytt\u00f6oppaat"},"content":{"rendered":"<p>SmartPuller on helppo ja nopea koota. Painettu k\u00e4ytt\u00f6opaskirjanen, kokoamisohjeet ja k\u00e4ytt\u00f6opastus-DVD sis\u00e4ltyv\u00e4t toimitukseen. Laite ei vaadi erityist\u00e4 k\u00e4ytt\u00f6koulutusta. Mik\u00e4li sinulla on kysytt\u00e4v\u00e4\u00e4 SmartPuller-laitteen k\u00e4yt\u00f6st\u00e4, ota yhteytt\u00e4 Autorobot Finland Oy:n <a href=\"\/?page_id=301\">asiakaspalveluun<\/a>.<\/p>\n<div class=\"opaskentta\"><a href=\"https:\/\/smartpuller.com\/wp-content\/uploads\/2019\/08\/SmartPuller-kokoamisohje-FI.pdf\" rel=\"noopener\" target=\"_blank\"><img loading=\"lazy\" decoding=\"async\" class=\"alignnone size-medium wp-image-875\" src=\"\/wp-content\/uploads\/2016\/01\/smartpuller_assembling-instructions-1-202x300.jpg\" alt=\"Assembling instructions of SmartPuller dent pulling device\" width=\"202\" height=\"300\" \/><\/a><\/div>\n<div class=\"opaskentta\">\n<p>SmartPuller Koulutusvideo, pitk\u00e4 versio, englanninkielinen, (28:47)<\/p>\n<p><iframe loading=\"lazy\" style=\"max-width: 100%;\" src=\"https:\/\/www.youtube.com\/embed\/mckGvuvKcWE\" width=\"360\" height=\"202\" frameborder=\"0\" allowfullscreen=\"allowfullscreen\"><\/iframe><\/p>\n<\/div>\n<div style=\"clear: both;\"><a href=\"\/?page_id=1893\">\u00bb Katso kaikki SmartPuller videot<\/a><\/div>\n","protected":false},"excerpt":{"rendered":"<p>SmartPuller on helppo ja nopea koota. Painettu k\u00e4ytt\u00f6opaskirjanen, kokoamisohjeet ja k\u00e4ytt\u00f6opastus-DVD sis\u00e4ltyv\u00e4t toimitukseen. Laite ei vaadi erityist\u00e4 k\u00e4ytt\u00f6koulutusta. Mik\u00e4li sinulla on kysytt\u00e4v\u00e4\u00e4 SmartPuller-laitteen k\u00e4yt\u00f6st\u00e4, ota yhteytt\u00e4 Autorobot Finland Oy:n asiakaspalveluun. SmartPuller Koulutusvideo, pitk\u00e4 versio, englanninkielinen, (28:47) \u00bb Katso kaikki SmartPuller videot<\/p>\n","protected":false},"author":101,"featured_media":0,"parent":298,"menu_order":410,"comment_status":"closed","ping_status":"closed","template":"","meta":{"_genesis_hide_title":false,"_genesis_hide_breadcrumbs":false,"_genesis_hide_singular_image":false,"_genesis_hide_footer_widgets":false,"_genesis_custom_body_class":"","_genesis_custom_post_class":"","_genesis_layout":"","footnotes":""},"class_list":{"0":"post-299","1":"page","2":"type-page","3":"status-publish","5":"entry","6":"has-post-thumbnail"},"yoast_head":"<!-- This site is optimized with the Yoast SEO plugin v27.4 - https:\/\/yoast.com\/product\/yoast-seo-wordpress\/ -->\n<title>SmartPuller - K\u00e4ytt\u00f6oppaat<\/title>\n<meta name=\"description\" content=\"N\u00e4e meid\u00e4n helpot ohjeemme SmartPuller oikaisulaitteen k\u00e4ytt\u00f6\u00f6n.\" \/>\n<meta name=\"robots\" content=\"index, follow, max-snippet:-1, max-image-preview:large, max-video-preview:-1\" \/>\n<link rel=\"canonical\" href=\"https:\/\/smartpuller.com\/fi\/tuki\/oppaat\/\" \/>\n<meta property=\"og:locale\" content=\"fi_FI\" \/>\n<meta property=\"og:type\" content=\"article\" \/>\n<meta property=\"og:title\" content=\"SmartPuller - K\u00e4ytt\u00f6oppaat\" \/>\n<meta property=\"og:description\" content=\"N\u00e4e meid\u00e4n helpot ohjeemme SmartPuller oikaisulaitteen k\u00e4ytt\u00f6\u00f6n.\" \/>\n<meta property=\"og:url\" content=\"https:\/\/smartpuller.com\/fi\/tuki\/oppaat\/\" \/>\n<meta property=\"og:site_name\" content=\"SmartPuller\" \/>\n<meta property=\"article:publisher\" content=\"https:\/\/www.facebook.com\/smartpuller\/\" \/>\n<meta property=\"article:modified_time\" content=\"2019-08-19T13:17:28+00:00\" \/>\n<meta property=\"og:image\" content=\"https:\/\/smartpuller.com\/wp-content\/uploads\/2016\/01\/smartpuller_assembling-instructions-1-202x300.jpg\" \/>\n<meta name=\"twitter:card\" content=\"summary_large_image\" \/>\n<script type=\"application\/ld+json\" class=\"yoast-schema-graph\">{\"@context\":\"https:\\\/\\\/schema.org\",\"@graph\":[{\"@type\":\"WebPage\",\"@id\":\"https:\\\/\\\/smartpuller.com\\\/fi\\\/tuki\\\/oppaat\\\/\",\"url\":\"https:\\\/\\\/smartpuller.com\\\/fi\\\/tuki\\\/oppaat\\\/\",\"name\":\"SmartPuller - K\u00e4ytt\u00f6oppaat\",\"isPartOf\":{\"@id\":\"https:\\\/\\\/smartpuller.com\\\/fi\\\/#website\"},\"datePublished\":\"2016-01-13T09:23:32+00:00\",\"dateModified\":\"2019-08-19T13:17:28+00:00\",\"description\":\"N\u00e4e meid\u00e4n helpot ohjeemme SmartPuller oikaisulaitteen k\u00e4ytt\u00f6\u00f6n.\",\"breadcrumb\":{\"@id\":\"https:\\\/\\\/smartpuller.com\\\/fi\\\/tuki\\\/oppaat\\\/#breadcrumb\"},\"inLanguage\":\"fi\",\"potentialAction\":[{\"@type\":\"ReadAction\",\"target\":[\"https:\\\/\\\/smartpuller.com\\\/fi\\\/tuki\\\/oppaat\\\/\"]}]},{\"@type\":\"BreadcrumbList\",\"@id\":\"https:\\\/\\\/smartpuller.com\\\/fi\\\/tuki\\\/oppaat\\\/#breadcrumb\",\"itemListElement\":[{\"@type\":\"ListItem\",\"position\":1,\"name\":\"Home\",\"item\":\"https:\\\/\\\/smartpuller.com\\\/fi\\\/\"},{\"@type\":\"ListItem\",\"position\":2,\"name\":\"Tuki\",\"item\":\"https:\\\/\\\/smartpuller.com\\\/fi\\\/tuki\\\/\"},{\"@type\":\"ListItem\",\"position\":3,\"name\":\"K\u00e4ytt\u00f6oppaat\"}]},{\"@type\":\"WebSite\",\"@id\":\"https:\\\/\\\/smartpuller.com\\\/fi\\\/#website\",\"url\":\"https:\\\/\\\/smartpuller.com\\\/fi\\\/\",\"name\":\"SmartPuller\",\"description\":\"SmartPuller\",\"potentialAction\":[{\"@type\":\"SearchAction\",\"target\":{\"@type\":\"EntryPoint\",\"urlTemplate\":\"https:\\\/\\\/smartpuller.com\\\/fi\\\/?s={search_term_string}\"},\"query-input\":{\"@type\":\"PropertyValueSpecification\",\"valueRequired\":true,\"valueName\":\"search_term_string\"}}],\"inLanguage\":\"fi\"}]}<\/script>\n<!-- \/ Yoast SEO plugin. -->","yoast_head_json":{"title":"SmartPuller - K\u00e4ytt\u00f6oppaat","description":"N\u00e4e meid\u00e4n helpot ohjeemme SmartPuller oikaisulaitteen k\u00e4ytt\u00f6\u00f6n.","robots":{"index":"index","follow":"follow","max-snippet":"max-snippet:-1","max-image-preview":"max-image-preview:large","max-video-preview":"max-video-preview:-1"},"canonical":"https:\/\/smartpuller.com\/fi\/tuki\/oppaat\/","og_locale":"fi_FI","og_type":"article","og_title":"SmartPuller - K\u00e4ytt\u00f6oppaat","og_description":"N\u00e4e meid\u00e4n helpot ohjeemme SmartPuller oikaisulaitteen k\u00e4ytt\u00f6\u00f6n.","og_url":"https:\/\/smartpuller.com\/fi\/tuki\/oppaat\/","og_site_name":"SmartPuller","article_publisher":"https:\/\/www.facebook.com\/smartpuller\/","article_modified_time":"2019-08-19T13:17:28+00:00","og_image":[{"url":"https:\/\/smartpuller.com\/wp-content\/uploads\/2016\/01\/smartpuller_assembling-instructions-1-202x300.jpg","type":"","width":"","height":""}],"twitter_card":"summary_large_image","schema":{"@context":"https:\/\/schema.org","@graph":[{"@type":"WebPage","@id":"https:\/\/smartpuller.com\/fi\/tuki\/oppaat\/","url":"https:\/\/smartpuller.com\/fi\/tuki\/oppaat\/","name":"SmartPuller - K\u00e4ytt\u00f6oppaat","isPartOf":{"@id":"https:\/\/smartpuller.com\/fi\/#website"},"datePublished":"2016-01-13T09:23:32+00:00","dateModified":"2019-08-19T13:17:28+00:00","description":"N\u00e4e meid\u00e4n helpot ohjeemme SmartPuller oikaisulaitteen k\u00e4ytt\u00f6\u00f6n.","breadcrumb":{"@id":"https:\/\/smartpuller.com\/fi\/tuki\/oppaat\/#breadcrumb"},"inLanguage":"fi","potentialAction":[{"@type":"ReadAction","target":["https:\/\/smartpuller.com\/fi\/tuki\/oppaat\/"]}]},{"@type":"BreadcrumbList","@id":"https:\/\/smartpuller.com\/fi\/tuki\/oppaat\/#breadcrumb","itemListElement":[{"@type":"ListItem","position":1,"name":"Home","item":"https:\/\/smartpuller.com\/fi\/"},{"@type":"ListItem","position":2,"name":"Tuki","item":"https:\/\/smartpuller.com\/fi\/tuki\/"},{"@type":"ListItem","position":3,"name":"K\u00e4ytt\u00f6oppaat"}]},{"@type":"WebSite","@id":"https:\/\/smartpuller.com\/fi\/#website","url":"https:\/\/smartpuller.com\/fi\/","name":"SmartPuller","description":"SmartPuller","potentialAction":[{"@type":"SearchAction","target":{"@type":"EntryPoint","urlTemplate":"https:\/\/smartpuller.com\/fi\/?s={search_term_string}"},"query-input":{"@type":"PropertyValueSpecification","valueRequired":true,"valueName":"search_term_string"}}],"inLanguage":"fi"}]}},"_links":{"self":[{"href":"https:\/\/smartpuller.com\/fi\/wp-json\/wp\/v2\/pages\/299","targetHints":{"allow":["GET"]}}],"collection":[{"href":"https:\/\/smartpuller.com\/fi\/wp-json\/wp\/v2\/pages"}],"about":[{"href":"https:\/\/smartpuller.com\/fi\/wp-json\/wp\/v2\/types\/page"}],"author":[{"embeddable":true,"href":"https:\/\/smartpuller.com\/fi\/wp-json\/wp\/v2\/users\/101"}],"replies":[{"embeddable":true,"href":"https:\/\/smartpuller.com\/fi\/wp-json\/wp\/v2\/comments?post=299"}],"version-history":[{"count":7,"href":"https:\/\/smartpuller.com\/fi\/wp-json\/wp\/v2\/pages\/299\/revisions"}],"predecessor-version":[{"id":763712,"href":"https:\/\/smartpuller.com\/fi\/wp-json\/wp\/v2\/pages\/299\/revisions\/763712"}],"up":[{"embeddable":true,"href":"https:\/\/smartpuller.com\/fi\/wp-json\/wp\/v2\/pages\/298"}],"wp:attachment":[{"href":"https:\/\/smartpuller.com\/fi\/wp-json\/wp\/v2\/media?parent=299"}],"curies":[{"name":"wp","href":"https:\/\/api.w.org\/{rel}","templated":true}]}}