{"id":298,"date":"2016-01-13T11:23:20","date_gmt":"2016-01-13T09:23:20","guid":{"rendered":"https:\/\/smartpuller.com\/\/?page_id=298&#038;lang=fi"},"modified":"2018-02-26T08:25:06","modified_gmt":"2018-02-26T06:25:06","slug":"tuki","status":"publish","type":"page","link":"https:\/\/smartpuller.com\/fi\/tuki\/","title":{"rendered":"Tuki"},"content":{"rendered":"<p>Tervetuloa SmartPullerin tukisivuille! N\u00e4ilt\u00e4 sivuilta l\u00f6yd\u00e4t tietoa tuotteen takuusta, k\u00e4ytt\u00f6opastuksesta ja rekister\u00f6innist\u00e4. Mik\u00e4li et l\u00f6yd\u00e4 t\u00e4\u00e4lt\u00e4 vastausta kysymykseesi, ota meihin yhteytt\u00e4. Autamme mielell\u00e4mme.<\/p>\n<h5>Yhteystiedot:<\/h5>\n<p>Autorobot Finland Oy<br \/>\nPuh. 010\u00a0322 5711 \/ 050\u00a0408 0937<br \/>\nS\u00e4hk\u00f6posti: <a href=\"mailto:autorobot@autorobot.fi\">autorobot@autorobot.fi<\/a><\/p>\n<p><a href=\"https:\/\/smartpuller.com\/fi\/yhteydenotto\/ota-yhteytta\/\">\u00bb Yhteydenottolomakkeelle<\/a><\/p>\n<p><a href=\"\/fi\/tuki\/oppaat\/\"><img loading=\"lazy\" decoding=\"async\" width=\"212\" height=\"300\" src=\"https:\/\/smartpuller.com\/wp-content\/uploads\/2017\/09\/kayttoopastus-smartpuller-212x300.jpg\" alt=\"smartpuller-manuals\" style=\"width: 46%; margin-right: 6%; margin-bottom: 6%;\" class=\"wp-image-1874\" srcset=\"https:\/\/smartpuller.com\/wp-content\/uploads\/2017\/09\/kayttoopastus-smartpuller-212x300.jpg 212w, https:\/\/smartpuller.com\/wp-content\/uploads\/2017\/09\/kayttoopastus-smartpuller.jpg 283w\" sizes=\"auto, (max-width: 212px) 100vw, 212px\" \/><\/a><a href=\"\/fi\/tuki\/ukk\"><img loading=\"lazy\" decoding=\"async\" width=\"283\" height=\"400\" src=\"https:\/\/smartpuller.com\/wp-content\/uploads\/2017\/09\/usein-kysyttya-smartpuller.jpg\" alt=\"smartpuller-faq\" style=\"width: 46%; margin-bottom: 6%;\" class=\"wp-image-1870\" \/><\/a><br \/>\n<a href=\"\/fi\/tuki\/takuu\"><img loading=\"lazy\" decoding=\"async\" width=\"283\" height=\"400\" src=\"https:\/\/smartpuller.com\/wp-content\/uploads\/2017\/09\/takuu-smartpuller.jpg\" alt=\"smartpuller-warranty\" style=\"width: 30%; margin-right: 4%;\" class=\"wp-image-1866\" \/><\/a><a href=\"\/fi\/tuki\/aitoustakuu\/\"><img loading=\"lazy\" decoding=\"async\" width=\"283\" height=\"400\" src=\"https:\/\/smartpuller.com\/wp-content\/uploads\/2016\/01\/aitoustakuu.jpg\" alt=\"authenticity\" style=\"width: 30%; margin-right: 4%;\" class=\"wp-image-2101\" srcset=\"https:\/\/smartpuller.com\/wp-content\/uploads\/2016\/01\/aitoustakuu.jpg 283w, https:\/\/smartpuller.com\/wp-content\/uploads\/2016\/01\/aitoustakuu-212x300.jpg 212w\" sizes=\"auto, (max-width: 283px) 100vw, 283px\" \/><\/a><a href=\"\/fi\/tuki\/kirjautuminen\"><img loading=\"lazy\" decoding=\"async\" width=\"283\" height=\"400\" src=\"https:\/\/smartpuller.com\/wp-content\/uploads\/2017\/09\/tuotteen-rekisterointi-smartpuller.jpg\" alt=\"smartpuller-register\" style=\"width: 30%;\" class=\"wp-image-1868\" \/><\/a><\/p>\n<p><a href=\"https:\/\/smartpuller.com\/fi\/oikaisukohteet\/\">\u00bb Kaikki SmartPuller oikaisukohteet<\/a><\/p>\n","protected":false},"excerpt":{"rendered":"<p>Tervetuloa SmartPullerin tukisivuille! N\u00e4ilt\u00e4 sivuilta l\u00f6yd\u00e4t tietoa tuotteen takuusta, k\u00e4ytt\u00f6opastuksesta ja rekister\u00f6innist\u00e4. Mik\u00e4li et l\u00f6yd\u00e4 t\u00e4\u00e4lt\u00e4 vastausta kysymykseesi, ota meihin yhteytt\u00e4. Autamme mielell\u00e4mme. Yhteystiedot: Autorobot Finland Oy Puh. 010\u00a0322 5711 \/ 050\u00a0408 0937 S\u00e4hk\u00f6posti: autorobot@autorobot.fi \u00bb Yhteydenottolomakkeelle \u00bb Kaikki SmartPuller oikaisukohteet<\/p>\n","protected":false},"author":101,"featured_media":0,"parent":0,"menu_order":40,"comment_status":"closed","ping_status":"closed","template":"","meta":{"_genesis_hide_title":false,"_genesis_hide_breadcrumbs":false,"_genesis_hide_singular_image":false,"_genesis_hide_footer_widgets":false,"_genesis_custom_body_class":"","_genesis_custom_post_class":"","_genesis_layout":"","footnotes":""},"class_list":{"0":"post-298","1":"page","2":"type-page","3":"status-publish","5":"entry","6":"has-post-thumbnail"},"yoast_head":"<!-- This site is optimized with the Yoast SEO plugin v27.4 - https:\/\/yoast.com\/product\/yoast-seo-wordpress\/ -->\n<title>SmartPuller - Tuki<\/title>\n<meta name=\"description\" content=\"Tukisivumme sis\u00e4lt\u00e4\u00e4 kokoamisohjeen SmartPullerille. Voit my\u00f6s katsoa vastaukset usein kysytyille kysymyksille, ja lukea lis\u00e4\u00e4 takuustamme.\" \/>\n<meta name=\"robots\" content=\"index, follow, max-snippet:-1, max-image-preview:large, max-video-preview:-1\" \/>\n<link rel=\"canonical\" href=\"https:\/\/smartpuller.com\/fi\/tuki\/\" \/>\n<meta property=\"og:locale\" content=\"fi_FI\" \/>\n<meta property=\"og:type\" content=\"article\" \/>\n<meta property=\"og:title\" content=\"SmartPuller - Tuki\" \/>\n<meta property=\"og:description\" content=\"Tukisivumme sis\u00e4lt\u00e4\u00e4 kokoamisohjeen SmartPullerille. Voit my\u00f6s katsoa vastaukset usein kysytyille kysymyksille, ja lukea lis\u00e4\u00e4 takuustamme.\" \/>\n<meta property=\"og:url\" content=\"https:\/\/smartpuller.com\/fi\/tuki\/\" \/>\n<meta property=\"og:site_name\" content=\"SmartPuller\" \/>\n<meta property=\"article:publisher\" content=\"https:\/\/www.facebook.com\/smartpuller\/\" \/>\n<meta property=\"article:modified_time\" content=\"2018-02-26T06:25:06+00:00\" \/>\n<meta property=\"og:image\" content=\"https:\/\/smartpuller.com\/wp-content\/uploads\/2017\/09\/kayttoopastus-smartpuller-212x300.jpg\" \/>\n<meta name=\"twitter:card\" content=\"summary_large_image\" \/>\n<script type=\"application\/ld+json\" class=\"yoast-schema-graph\">{\"@context\":\"https:\\\/\\\/schema.org\",\"@graph\":[{\"@type\":\"WebPage\",\"@id\":\"https:\\\/\\\/smartpuller.com\\\/fi\\\/tuki\\\/\",\"url\":\"https:\\\/\\\/smartpuller.com\\\/fi\\\/tuki\\\/\",\"name\":\"SmartPuller - Tuki\",\"isPartOf\":{\"@id\":\"https:\\\/\\\/smartpuller.com\\\/fi\\\/#website\"},\"primaryImageOfPage\":{\"@id\":\"https:\\\/\\\/smartpuller.com\\\/fi\\\/tuki\\\/#primaryimage\"},\"image\":{\"@id\":\"https:\\\/\\\/smartpuller.com\\\/fi\\\/tuki\\\/#primaryimage\"},\"thumbnailUrl\":\"https:\\\/\\\/smartpuller.com\\\/wp-content\\\/uploads\\\/2017\\\/09\\\/kayttoopastus-smartpuller-212x300.jpg\",\"datePublished\":\"2016-01-13T09:23:20+00:00\",\"dateModified\":\"2018-02-26T06:25:06+00:00\",\"description\":\"Tukisivumme sis\u00e4lt\u00e4\u00e4 kokoamisohjeen SmartPullerille. Voit my\u00f6s katsoa vastaukset usein kysytyille kysymyksille, ja lukea lis\u00e4\u00e4 takuustamme.\",\"breadcrumb\":{\"@id\":\"https:\\\/\\\/smartpuller.com\\\/fi\\\/tuki\\\/#breadcrumb\"},\"inLanguage\":\"fi\",\"potentialAction\":[{\"@type\":\"ReadAction\",\"target\":[\"https:\\\/\\\/smartpuller.com\\\/fi\\\/tuki\\\/\"]}]},{\"@type\":\"ImageObject\",\"inLanguage\":\"fi\",\"@id\":\"https:\\\/\\\/smartpuller.com\\\/fi\\\/tuki\\\/#primaryimage\",\"url\":\"https:\\\/\\\/smartpuller.com\\\/wp-content\\\/uploads\\\/2017\\\/09\\\/kayttoopastus-smartpuller-212x300.jpg\",\"contentUrl\":\"https:\\\/\\\/smartpuller.com\\\/wp-content\\\/uploads\\\/2017\\\/09\\\/kayttoopastus-smartpuller-212x300.jpg\"},{\"@type\":\"BreadcrumbList\",\"@id\":\"https:\\\/\\\/smartpuller.com\\\/fi\\\/tuki\\\/#breadcrumb\",\"itemListElement\":[{\"@type\":\"ListItem\",\"position\":1,\"name\":\"Home\",\"item\":\"https:\\\/\\\/smartpuller.com\\\/fi\\\/\"},{\"@type\":\"ListItem\",\"position\":2,\"name\":\"Tuki\"}]},{\"@type\":\"WebSite\",\"@id\":\"https:\\\/\\\/smartpuller.com\\\/fi\\\/#website\",\"url\":\"https:\\\/\\\/smartpuller.com\\\/fi\\\/\",\"name\":\"SmartPuller\",\"description\":\"SmartPuller\",\"potentialAction\":[{\"@type\":\"SearchAction\",\"target\":{\"@type\":\"EntryPoint\",\"urlTemplate\":\"https:\\\/\\\/smartpuller.com\\\/fi\\\/?s={search_term_string}\"},\"query-input\":{\"@type\":\"PropertyValueSpecification\",\"valueRequired\":true,\"valueName\":\"search_term_string\"}}],\"inLanguage\":\"fi\"}]}<\/script>\n<!-- \/ Yoast SEO plugin. -->","yoast_head_json":{"title":"SmartPuller - Tuki","description":"Tukisivumme sis\u00e4lt\u00e4\u00e4 kokoamisohjeen SmartPullerille. Voit my\u00f6s katsoa vastaukset usein kysytyille kysymyksille, ja lukea lis\u00e4\u00e4 takuustamme.","robots":{"index":"index","follow":"follow","max-snippet":"max-snippet:-1","max-image-preview":"max-image-preview:large","max-video-preview":"max-video-preview:-1"},"canonical":"https:\/\/smartpuller.com\/fi\/tuki\/","og_locale":"fi_FI","og_type":"article","og_title":"SmartPuller - Tuki","og_description":"Tukisivumme sis\u00e4lt\u00e4\u00e4 kokoamisohjeen SmartPullerille. Voit my\u00f6s katsoa vastaukset usein kysytyille kysymyksille, ja lukea lis\u00e4\u00e4 takuustamme.","og_url":"https:\/\/smartpuller.com\/fi\/tuki\/","og_site_name":"SmartPuller","article_publisher":"https:\/\/www.facebook.com\/smartpuller\/","article_modified_time":"2018-02-26T06:25:06+00:00","og_image":[{"url":"https:\/\/smartpuller.com\/wp-content\/uploads\/2017\/09\/kayttoopastus-smartpuller-212x300.jpg","type":"","width":"","height":""}],"twitter_card":"summary_large_image","schema":{"@context":"https:\/\/schema.org","@graph":[{"@type":"WebPage","@id":"https:\/\/smartpuller.com\/fi\/tuki\/","url":"https:\/\/smartpuller.com\/fi\/tuki\/","name":"SmartPuller - Tuki","isPartOf":{"@id":"https:\/\/smartpuller.com\/fi\/#website"},"primaryImageOfPage":{"@id":"https:\/\/smartpuller.com\/fi\/tuki\/#primaryimage"},"image":{"@id":"https:\/\/smartpuller.com\/fi\/tuki\/#primaryimage"},"thumbnailUrl":"https:\/\/smartpuller.com\/wp-content\/uploads\/2017\/09\/kayttoopastus-smartpuller-212x300.jpg","datePublished":"2016-01-13T09:23:20+00:00","dateModified":"2018-02-26T06:25:06+00:00","description":"Tukisivumme sis\u00e4lt\u00e4\u00e4 kokoamisohjeen SmartPullerille. Voit my\u00f6s katsoa vastaukset usein kysytyille kysymyksille, ja lukea lis\u00e4\u00e4 takuustamme.","breadcrumb":{"@id":"https:\/\/smartpuller.com\/fi\/tuki\/#breadcrumb"},"inLanguage":"fi","potentialAction":[{"@type":"ReadAction","target":["https:\/\/smartpuller.com\/fi\/tuki\/"]}]},{"@type":"ImageObject","inLanguage":"fi","@id":"https:\/\/smartpuller.com\/fi\/tuki\/#primaryimage","url":"https:\/\/smartpuller.com\/wp-content\/uploads\/2017\/09\/kayttoopastus-smartpuller-212x300.jpg","contentUrl":"https:\/\/smartpuller.com\/wp-content\/uploads\/2017\/09\/kayttoopastus-smartpuller-212x300.jpg"},{"@type":"BreadcrumbList","@id":"https:\/\/smartpuller.com\/fi\/tuki\/#breadcrumb","itemListElement":[{"@type":"ListItem","position":1,"name":"Home","item":"https:\/\/smartpuller.com\/fi\/"},{"@type":"ListItem","position":2,"name":"Tuki"}]},{"@type":"WebSite","@id":"https:\/\/smartpuller.com\/fi\/#website","url":"https:\/\/smartpuller.com\/fi\/","name":"SmartPuller","description":"SmartPuller","potentialAction":[{"@type":"SearchAction","target":{"@type":"EntryPoint","urlTemplate":"https:\/\/smartpuller.com\/fi\/?s={search_term_string}"},"query-input":{"@type":"PropertyValueSpecification","valueRequired":true,"valueName":"search_term_string"}}],"inLanguage":"fi"}]}},"_links":{"self":[{"href":"https:\/\/smartpuller.com\/fi\/wp-json\/wp\/v2\/pages\/298","targetHints":{"allow":["GET"]}}],"collection":[{"href":"https:\/\/smartpuller.com\/fi\/wp-json\/wp\/v2\/pages"}],"about":[{"href":"https:\/\/smartpuller.com\/fi\/wp-json\/wp\/v2\/types\/page"}],"author":[{"embeddable":true,"href":"https:\/\/smartpuller.com\/fi\/wp-json\/wp\/v2\/users\/101"}],"replies":[{"embeddable":true,"href":"https:\/\/smartpuller.com\/fi\/wp-json\/wp\/v2\/comments?post=298"}],"version-history":[{"count":0,"href":"https:\/\/smartpuller.com\/fi\/wp-json\/wp\/v2\/pages\/298\/revisions"}],"wp:attachment":[{"href":"https:\/\/smartpuller.com\/fi\/wp-json\/wp\/v2\/media?parent=298"}],"curies":[{"name":"wp","href":"https:\/\/api.w.org\/{rel}","templated":true}]}}