{"id":297,"date":"2016-01-13T11:22:30","date_gmt":"2016-01-13T09:22:30","guid":{"rendered":"https:\/\/smartpuller.com\/\/?page_id=297&#038;lang=fi"},"modified":"2022-10-12T13:32:53","modified_gmt":"2022-10-12T10:32:53","slug":"lisavalineet","status":"publish","type":"page","link":"https:\/\/smartpuller.com\/fi\/setit-ja-varusteet\/lisavalineet\/","title":{"rendered":"SmartPuller Lis\u00e4v\u00e4lineet"},"content":{"rendered":"<div id=\"pl-297\"  class=\"panel-layout\" ><div id=\"pg-297-0\"  class=\"panel-grid panel-no-style\" ><div id=\"pgc-297-0-0\"  class=\"panel-grid-cell\" ><div id=\"panel-297-0-0-0\" class=\"so-panel widget widget_sow-editor panel-first-child panel-last-child\" data-index=\"0\" ><div\n\t\t\t\n\t\t\tclass=\"so-widget-sow-editor so-widget-sow-editor-base\"\n\t\t\t\n\t\t>\n<div class=\"siteorigin-widget-tinymce textwidget\">\n\t<div class=\"accessories_area\">\n<h3>A-14+2A Pintapeltioikaisusarja sis\u00e4lt\u00e4\u00e4<\/h3>\n<table>\n<tbody>\n<tr>\n<td>A-14<\/td>\n<td>Spotter PRO 400 sis\u00e4lt\u00e4\u00e4 heittovasaran max. 3800A<\/td>\n<\/tr>\n<tr>\n<td>A-13-20<\/td>\n<td>Lainelankahitsausk\u00e4rki<\/td>\n<\/tr>\n<tr>\n<td>WB-11<\/td>\n<td>Vetolanka, hitsattava 50 kpl, 7-koukkuinen jako<\/td>\n<\/tr>\n<tr>\n<td>A-14-3<\/td>\n<td>Panel Puller<\/td>\n<\/tr>\n<\/tbody>\n<\/table>\n<div id='gallery-1' class='gallery galleryid-297 gallery-columns-3 gallery-size-medium'><figure class='gallery-item'>\n\t\t\t<div class='gallery-icon landscape'>\n\t\t\t\t<a href='https:\/\/smartpuller.com\/wp-content\/uploads\/2022\/06\/autorobot-spotter-pro400-dent-pulling-1.jpg' title=\"\" data-rl_title=\"\" class=\"rl-gallery-link\" data-rl_caption=\"\" data-rel=\"lightbox-gallery-1\"><img loading=\"lazy\" decoding=\"async\" width=\"300\" height=\"300\" src=\"https:\/\/smartpuller.com\/wp-content\/uploads\/2022\/06\/autorobot-spotter-pro400-dent-pulling-1-300x300.jpg\" class=\"attachment-medium size-medium\" alt=\"\" srcset=\"https:\/\/smartpuller.com\/wp-content\/uploads\/2022\/06\/autorobot-spotter-pro400-dent-pulling-1-300x300.jpg 300w, https:\/\/smartpuller.com\/wp-content\/uploads\/2022\/06\/autorobot-spotter-pro400-dent-pulling-1-1024x1024.jpg 1024w, https:\/\/smartpuller.com\/wp-content\/uploads\/2022\/06\/autorobot-spotter-pro400-dent-pulling-1-150x150.jpg 150w, https:\/\/smartpuller.com\/wp-content\/uploads\/2022\/06\/autorobot-spotter-pro400-dent-pulling-1-768x768.jpg 768w, https:\/\/smartpuller.com\/wp-content\/uploads\/2022\/06\/autorobot-spotter-pro400-dent-pulling-1-1536x1536.jpg 1536w, https:\/\/smartpuller.com\/wp-content\/uploads\/2022\/06\/autorobot-spotter-pro400-dent-pulling-1.jpg 1600w\" sizes=\"auto, (max-width: 300px) 100vw, 300px\" \/><\/a>\n\t\t\t<\/div><\/figure><figure class='gallery-item'>\n\t\t\t<div class='gallery-icon landscape'>\n\t\t\t\t<a href='https:\/\/smartpuller.com\/wp-content\/uploads\/2022\/06\/a-13-20.jpg' title=\"\" data-rl_title=\"\" class=\"rl-gallery-link\" data-rl_caption=\"\" data-rel=\"lightbox-gallery-1\"><img loading=\"lazy\" decoding=\"async\" width=\"300\" height=\"300\" src=\"https:\/\/smartpuller.com\/wp-content\/uploads\/2022\/06\/a-13-20-300x300.jpg\" class=\"attachment-medium size-medium\" alt=\"\" srcset=\"https:\/\/smartpuller.com\/wp-content\/uploads\/2022\/06\/a-13-20-300x300.jpg 300w, https:\/\/smartpuller.com\/wp-content\/uploads\/2022\/06\/a-13-20-1024x1024.jpg 1024w, https:\/\/smartpuller.com\/wp-content\/uploads\/2022\/06\/a-13-20-150x150.jpg 150w, https:\/\/smartpuller.com\/wp-content\/uploads\/2022\/06\/a-13-20-768x768.jpg 768w, https:\/\/smartpuller.com\/wp-content\/uploads\/2022\/06\/a-13-20.jpg 1148w\" sizes=\"auto, (max-width: 300px) 100vw, 300px\" \/><\/a>\n\t\t\t<\/div><\/figure><figure class='gallery-item'>\n\t\t\t<div class='gallery-icon landscape'>\n\t\t\t\t<a href='https:\/\/smartpuller.com\/wp-content\/uploads\/2016\/02\/wb-11-filler-wire-dent-pulling_hires.jpg' title=\"\" data-rl_title=\"\" class=\"rl-gallery-link\" data-rl_caption=\"\" data-rel=\"lightbox-gallery-1\"><img loading=\"lazy\" decoding=\"async\" width=\"300\" height=\"300\" src=\"https:\/\/smartpuller.com\/wp-content\/uploads\/2016\/02\/wb-11-filler-wire-dent-pulling_hires.jpg\" class=\"attachment-medium size-medium\" alt=\"\" aria-describedby=\"gallery-1-639\" srcset=\"https:\/\/smartpuller.com\/wp-content\/uploads\/2016\/02\/wb-11-filler-wire-dent-pulling_hires.jpg 600w, https:\/\/smartpuller.com\/wp-content\/uploads\/2016\/02\/wb-11-filler-wire-dent-pulling_hires-100x100.jpg 100w\" sizes=\"auto, (max-width: 300px) 100vw, 300px\" \/><\/a>\n\t\t\t<\/div>\n\t\t\t\t<figcaption class='wp-caption-text gallery-caption' id='gallery-1-639'>\n\t\t\t\tWB-11\n\t\t\t\t<\/figcaption><\/figure><figure class='gallery-item'>\n\t\t\t<div class='gallery-icon landscape'>\n\t\t\t\t<a href='https:\/\/smartpuller.com\/wp-content\/uploads\/2016\/02\/1-14-3-panel-puller-dent-pulling_hires.jpg' title=\"\" data-rl_title=\"\" class=\"rl-gallery-link\" data-rl_caption=\"\" data-rel=\"lightbox-gallery-1\"><img loading=\"lazy\" decoding=\"async\" width=\"300\" height=\"300\" src=\"https:\/\/smartpuller.com\/wp-content\/uploads\/2016\/02\/1-14-3-panel-puller-dent-pulling_hires.jpg\" class=\"attachment-medium size-medium\" alt=\"\" aria-describedby=\"gallery-1-615\" srcset=\"https:\/\/smartpuller.com\/wp-content\/uploads\/2016\/02\/1-14-3-panel-puller-dent-pulling_hires.jpg 600w, https:\/\/smartpuller.com\/wp-content\/uploads\/2016\/02\/1-14-3-panel-puller-dent-pulling_hires-100x100.jpg 100w\" sizes=\"auto, (max-width: 300px) 100vw, 300px\" \/><\/a>\n\t\t\t<\/div>\n\t\t\t\t<figcaption class='wp-caption-text gallery-caption' id='gallery-1-615'>\n\t\t\t\tA-14-3\n\t\t\t\t<\/figcaption><\/figure>\n\t\t<\/div>\n\n\n<\/div><\/div>\n<\/div><\/div><\/div><\/div><div id=\"pg-297-1\"  class=\"panel-grid panel-no-style\" ><div id=\"pgc-297-1-0\"  class=\"panel-grid-cell\" ><div id=\"panel-297-1-0-0\" class=\"so-panel widget widget_sow-editor panel-first-child panel-last-child\" data-index=\"1\" ><div\n\t\t\t\n\t\t\tclass=\"so-widget-sow-editor so-widget-sow-editor-base\"\n\t\t\t\n\t\t>\n<div class=\"siteorigin-widget-tinymce textwidget\">\n\t<div class=\"accessories_area\">\n<h3>A-14+11-4 SmartPuller v\u00e4linesarja sis\u00e4lt\u00e4\u00e4<\/h3>\n<table>\n<tbody>\n<tr>\n<td>A-11+2<\/td>\n<td>Vetopuikkosarja<\/td>\n<\/tr>\n<tr>\n<td>A-11+1<\/td>\n<td>Vetoruuvi<\/td>\n<\/tr>\n<tr>\n<td>A-14+11-3<\/td>\n<td>Palkin pidin<\/td>\n<\/tr>\n<tr>\n<td>H28<\/td>\n<td>Tarrain, 5 tonnia<\/td>\n<\/tr>\n<tr>\n<td>H31+<\/td>\n<td>Tarrain + vetorengas<\/td>\n<\/tr>\n<tr>\n<td>A-14+11-1<\/td>\n<td>Kiinnityssarja McPhersonille (sis. kiinnitysp\u00e4\u00e4n ja kupin)<\/td>\n<\/tr>\n<tr>\n<td>A-14+11-12<\/td>\n<td>Oven ja renkaiden k\u00e4sittelyn lis\u00e4sarja<\/td>\n<\/tr>\n<\/tbody>\n<\/table>\n<div id='gallery-2' class='gallery galleryid-297 gallery-columns-4 gallery-size-medium'><figure class='gallery-item'>\n\t\t\t<div class='gallery-icon landscape'>\n\t\t\t\t<a href='https:\/\/smartpuller.com\/wp-content\/uploads\/2016\/02\/a-11p2-pulling-hook-set-dent-pulling_hires.jpg' title=\"\" data-rl_title=\"\" class=\"rl-gallery-link\" data-rl_caption=\"\" data-rel=\"lightbox-gallery-2\"><img loading=\"lazy\" decoding=\"async\" width=\"300\" height=\"300\" src=\"https:\/\/smartpuller.com\/wp-content\/uploads\/2016\/02\/a-11p2-pulling-hook-set-dent-pulling_hires.jpg\" class=\"attachment-medium size-medium\" alt=\"\" aria-describedby=\"gallery-2-623\" srcset=\"https:\/\/smartpuller.com\/wp-content\/uploads\/2016\/02\/a-11p2-pulling-hook-set-dent-pulling_hires.jpg 600w, https:\/\/smartpuller.com\/wp-content\/uploads\/2016\/02\/a-11p2-pulling-hook-set-dent-pulling_hires-100x100.jpg 100w\" sizes=\"auto, (max-width: 300px) 100vw, 300px\" \/><\/a>\n\t\t\t<\/div>\n\t\t\t\t<figcaption class='wp-caption-text gallery-caption' id='gallery-2-623'>\n\t\t\t\tA-11+2\n\t\t\t\t<\/figcaption><\/figure><figure class='gallery-item'>\n\t\t\t<div class='gallery-icon landscape'>\n\t\t\t\t<a href='https:\/\/smartpuller.com\/wp-content\/uploads\/2016\/01\/a11p1-pulling-screw-dent-pulling_hires-1.jpg' title=\"\" data-rl_title=\"\" class=\"rl-gallery-link\" data-rl_caption=\"\" data-rel=\"lightbox-gallery-2\"><img loading=\"lazy\" decoding=\"async\" width=\"300\" height=\"300\" src=\"https:\/\/smartpuller.com\/wp-content\/uploads\/2016\/01\/a11p1-pulling-screw-dent-pulling_hires-1.jpg\" class=\"attachment-medium size-medium\" alt=\"\" aria-describedby=\"gallery-2-607\" srcset=\"https:\/\/smartpuller.com\/wp-content\/uploads\/2016\/01\/a11p1-pulling-screw-dent-pulling_hires-1.jpg 600w, https:\/\/smartpuller.com\/wp-content\/uploads\/2016\/01\/a11p1-pulling-screw-dent-pulling_hires-1-100x100.jpg 100w\" sizes=\"auto, (max-width: 300px) 100vw, 300px\" \/><\/a>\n\t\t\t<\/div>\n\t\t\t\t<figcaption class='wp-caption-text gallery-caption' id='gallery-2-607'>\n\t\t\t\tA-11+1\n\t\t\t\t<\/figcaption><\/figure><figure class='gallery-item'>\n\t\t\t<div class='gallery-icon landscape'>\n\t\t\t\t<a href='https:\/\/smartpuller.com\/wp-content\/uploads\/2016\/02\/a-14p11-3-beam-holder-dent-pulling_hires.jpg' title=\"\" data-rl_title=\"\" class=\"rl-gallery-link\" data-rl_caption=\"\" data-rel=\"lightbox-gallery-2\"><img loading=\"lazy\" decoding=\"async\" width=\"300\" height=\"300\" src=\"https:\/\/smartpuller.com\/wp-content\/uploads\/2016\/02\/a-14p11-3-beam-holder-dent-pulling_hires.jpg\" class=\"attachment-medium size-medium\" alt=\"\" aria-describedby=\"gallery-2-633\" srcset=\"https:\/\/smartpuller.com\/wp-content\/uploads\/2016\/02\/a-14p11-3-beam-holder-dent-pulling_hires.jpg 600w, https:\/\/smartpuller.com\/wp-content\/uploads\/2016\/02\/a-14p11-3-beam-holder-dent-pulling_hires-100x100.jpg 100w\" sizes=\"auto, (max-width: 300px) 100vw, 300px\" \/><\/a>\n\t\t\t<\/div>\n\t\t\t\t<figcaption class='wp-caption-text gallery-caption' id='gallery-2-633'>\n\t\t\t\tA-14+11-3\n\t\t\t\t<\/figcaption><\/figure><figure class='gallery-item'>\n\t\t\t<div class='gallery-icon landscape'>\n\t\t\t\t<a href='https:\/\/smartpuller.com\/wp-content\/uploads\/2022\/05\/H28.jpg' title=\"\" data-rl_title=\"\" class=\"rl-gallery-link\" data-rl_caption=\"\" data-rel=\"lightbox-gallery-2\"><img loading=\"lazy\" decoding=\"async\" width=\"300\" height=\"293\" src=\"https:\/\/smartpuller.com\/wp-content\/uploads\/2022\/05\/H28-300x293.jpg\" class=\"attachment-medium size-medium\" alt=\"\" aria-describedby=\"gallery-2-2466897\" srcset=\"https:\/\/smartpuller.com\/wp-content\/uploads\/2022\/05\/H28-300x293.jpg 300w, https:\/\/smartpuller.com\/wp-content\/uploads\/2022\/05\/H28.jpg 465w\" sizes=\"auto, (max-width: 300px) 100vw, 300px\" \/><\/a>\n\t\t\t<\/div>\n\t\t\t\t<figcaption class='wp-caption-text gallery-caption' id='gallery-2-2466897'>\n\t\t\t\tH28\n\t\t\t\t<\/figcaption><\/figure><figure class='gallery-item'>\n\t\t\t<div class='gallery-icon landscape'>\n\t\t\t\t<a href='https:\/\/smartpuller.com\/wp-content\/uploads\/2016\/01\/h31p-gripper-dent-pulling_hires.jpg' title=\"\" data-rl_title=\"\" class=\"rl-gallery-link\" data-rl_caption=\"\" data-rel=\"lightbox-gallery-2\"><img loading=\"lazy\" decoding=\"async\" width=\"300\" height=\"300\" src=\"https:\/\/smartpuller.com\/wp-content\/uploads\/2016\/01\/h31p-gripper-dent-pulling_hires.jpg\" class=\"attachment-medium size-medium\" alt=\"\" aria-describedby=\"gallery-2-600\" srcset=\"https:\/\/smartpuller.com\/wp-content\/uploads\/2016\/01\/h31p-gripper-dent-pulling_hires.jpg 600w, https:\/\/smartpuller.com\/wp-content\/uploads\/2016\/01\/h31p-gripper-dent-pulling_hires-100x100.jpg 100w\" sizes=\"auto, (max-width: 300px) 100vw, 300px\" \/><\/a>\n\t\t\t<\/div>\n\t\t\t\t<figcaption class='wp-caption-text gallery-caption' id='gallery-2-600'>\n\t\t\t\tH31+\n\t\t\t\t<\/figcaption><\/figure><figure class='gallery-item'>\n\t\t\t<div class='gallery-icon landscape'>\n\t\t\t\t<a href='https:\/\/smartpuller.com\/wp-content\/uploads\/2016\/02\/a-14p11-1-fastening-set-mcpherson-dent-pulling.jpg' title=\"\" data-rl_title=\"\" class=\"rl-gallery-link\" data-rl_caption=\"\" data-rel=\"lightbox-gallery-2\"><img loading=\"lazy\" decoding=\"async\" width=\"300\" height=\"300\" src=\"https:\/\/smartpuller.com\/wp-content\/uploads\/2016\/02\/a-14p11-1-fastening-set-mcpherson-dent-pulling.jpg\" class=\"attachment-medium size-medium\" alt=\"\" aria-describedby=\"gallery-2-631\" srcset=\"https:\/\/smartpuller.com\/wp-content\/uploads\/2016\/02\/a-14p11-1-fastening-set-mcpherson-dent-pulling.jpg 600w, https:\/\/smartpuller.com\/wp-content\/uploads\/2016\/02\/a-14p11-1-fastening-set-mcpherson-dent-pulling-100x100.jpg 100w\" sizes=\"auto, (max-width: 300px) 100vw, 300px\" \/><\/a>\n\t\t\t<\/div>\n\t\t\t\t<figcaption class='wp-caption-text gallery-caption' id='gallery-2-631'>\n\t\t\t\tA-14+11-1\n\t\t\t\t<\/figcaption><\/figure><figure class='gallery-item'>\n\t\t\t<div class='gallery-icon portrait'>\n\t\t\t\t<a href='https:\/\/smartpuller.com\/wp-content\/uploads\/2022\/10\/autorobot-smartpuller-door-and-wheel-set-1.jpg' title=\"\" data-rl_title=\"\" class=\"rl-gallery-link\" data-rl_caption=\"\" data-rel=\"lightbox-gallery-2\"><img loading=\"lazy\" decoding=\"async\" width=\"300\" height=\"300\" src=\"https:\/\/smartpuller.com\/wp-content\/uploads\/2022\/10\/autorobot-smartpuller-door-and-wheel-set-1-300x300.jpg\" class=\"attachment-medium size-medium\" alt=\"Door and wheel handling set\" aria-describedby=\"gallery-2-2467385\" srcset=\"https:\/\/smartpuller.com\/wp-content\/uploads\/2022\/10\/autorobot-smartpuller-door-and-wheel-set-1-300x300.jpg 300w, https:\/\/smartpuller.com\/wp-content\/uploads\/2022\/10\/autorobot-smartpuller-door-and-wheel-set-1-1024x1024.jpg 1024w, https:\/\/smartpuller.com\/wp-content\/uploads\/2022\/10\/autorobot-smartpuller-door-and-wheel-set-1-150x150.jpg 150w, https:\/\/smartpuller.com\/wp-content\/uploads\/2022\/10\/autorobot-smartpuller-door-and-wheel-set-1-768x768.jpg 768w, https:\/\/smartpuller.com\/wp-content\/uploads\/2022\/10\/autorobot-smartpuller-door-and-wheel-set-1-1536x1536.jpg 1536w, https:\/\/smartpuller.com\/wp-content\/uploads\/2022\/10\/autorobot-smartpuller-door-and-wheel-set-1.jpg 1600w\" sizes=\"auto, (max-width: 300px) 100vw, 300px\" \/><\/a>\n\t\t\t<\/div>\n\t\t\t\t<figcaption class='wp-caption-text gallery-caption' id='gallery-2-2467385'>\n\t\t\t\tA-14+11-12\n\t\t\t\t<\/figcaption><\/figure>\n\t\t<\/div>\n\n\n<\/div><\/div>\n<\/div><\/div><\/div><\/div><div id=\"pg-297-2\"  class=\"panel-grid panel-no-style\" ><div id=\"pgc-297-2-0\"  class=\"panel-grid-cell\" ><div id=\"panel-297-2-0-0\" class=\"so-panel widget widget_sow-editor panel-first-child panel-last-child\" data-index=\"2\" ><div\n\t\t\t\n\t\t\tclass=\"so-widget-sow-editor so-widget-sow-editor-base\"\n\t\t\t\n\t\t>\n<div class=\"siteorigin-widget-tinymce textwidget\">\n\t<div class=\"accessories_area\">\n<h3>Valinnaisvarusteet<\/h3>\n<table><tr><td>876424<\/td><td>RingMatic vetok\u00e4rjen hitsauslaite sis. 50 kpl<br \/>\nsuora k\u00e4rki<\/td><\/tr>\n<tr><td>HSK-814<\/td><td>Pistevetok\u00e4rki (100pcs) PIT<br \/>\nsuora k\u00e4rki<\/td><\/tr>\n<tr><td>876428<\/td><td>Liit\u00e4nt\u00e4kaapeli pihdill\u00e4<\/td><\/tr>\n<tr><td>876429<\/td><td>Adapterikaapeli erilaisille\nhitsauslaitteille<\/td><\/tr><\/table>\n<div id='gallery-3' class='gallery galleryid-297 gallery-columns-4 gallery-size-medium'><figure class='gallery-item'>\n\t\t\t<div class='gallery-icon landscape'>\n\t\t\t\t<a href='https:\/\/smartpuller.com\/wp-content\/uploads\/2016\/02\/876424-ringmatic-dent-pulling_hires.jpg' title=\"\" data-rl_title=\"\" class=\"rl-gallery-link\" data-rl_caption=\"\" data-rel=\"lightbox-gallery-3\"><img loading=\"lazy\" decoding=\"async\" width=\"300\" height=\"300\" src=\"https:\/\/smartpuller.com\/wp-content\/uploads\/2016\/02\/876424-ringmatic-dent-pulling_hires.jpg\" class=\"attachment-medium size-medium\" alt=\"\" aria-describedby=\"gallery-3-617\" srcset=\"https:\/\/smartpuller.com\/wp-content\/uploads\/2016\/02\/876424-ringmatic-dent-pulling_hires.jpg 600w, https:\/\/smartpuller.com\/wp-content\/uploads\/2016\/02\/876424-ringmatic-dent-pulling_hires-100x100.jpg 100w\" sizes=\"auto, (max-width: 300px) 100vw, 300px\" \/><\/a>\n\t\t\t<\/div>\n\t\t\t\t<figcaption class='wp-caption-text gallery-caption' id='gallery-3-617'>\n\t\t\t\t876424\n\t\t\t\t<\/figcaption><\/figure><figure class='gallery-item'>\n\t\t\t<div class='gallery-icon landscape'>\n\t\t\t\t<a href='https:\/\/smartpuller.com\/wp-content\/uploads\/2016\/02\/hsk-814-pull-plate-dent-pulling_hires.jpg' title=\"\" data-rl_title=\"\" class=\"rl-gallery-link\" data-rl_caption=\"\" data-rel=\"lightbox-gallery-3\"><img loading=\"lazy\" decoding=\"async\" width=\"300\" height=\"300\" src=\"https:\/\/smartpuller.com\/wp-content\/uploads\/2016\/02\/hsk-814-pull-plate-dent-pulling_hires.jpg\" class=\"attachment-medium size-medium\" alt=\"\" aria-describedby=\"gallery-3-637\" srcset=\"https:\/\/smartpuller.com\/wp-content\/uploads\/2016\/02\/hsk-814-pull-plate-dent-pulling_hires.jpg 600w, https:\/\/smartpuller.com\/wp-content\/uploads\/2016\/02\/hsk-814-pull-plate-dent-pulling_hires-100x100.jpg 100w\" sizes=\"auto, (max-width: 300px) 100vw, 300px\" \/><\/a>\n\t\t\t<\/div>\n\t\t\t\t<figcaption class='wp-caption-text gallery-caption' id='gallery-3-637'>\n\t\t\t\tHSK-814\n\t\t\t\t<\/figcaption><\/figure><figure class='gallery-item'>\n\t\t\t<div class='gallery-icon landscape'>\n\t\t\t\t<a href='https:\/\/smartpuller.com\/wp-content\/uploads\/2016\/02\/876428-contact-clamp-dent-pulling_hires.jpg' title=\"\" data-rl_title=\"\" class=\"rl-gallery-link\" data-rl_caption=\"\" data-rel=\"lightbox-gallery-3\"><img loading=\"lazy\" decoding=\"async\" width=\"300\" height=\"300\" src=\"https:\/\/smartpuller.com\/wp-content\/uploads\/2016\/02\/876428-contact-clamp-dent-pulling_hires.jpg\" class=\"attachment-medium size-medium\" alt=\"\" aria-describedby=\"gallery-3-619\" srcset=\"https:\/\/smartpuller.com\/wp-content\/uploads\/2016\/02\/876428-contact-clamp-dent-pulling_hires.jpg 600w, https:\/\/smartpuller.com\/wp-content\/uploads\/2016\/02\/876428-contact-clamp-dent-pulling_hires-100x100.jpg 100w\" sizes=\"auto, (max-width: 300px) 100vw, 300px\" \/><\/a>\n\t\t\t<\/div>\n\t\t\t\t<figcaption class='wp-caption-text gallery-caption' id='gallery-3-619'>\n\t\t\t\t876428\n\t\t\t\t<\/figcaption><\/figure><figure class='gallery-item'>\n\t\t\t<div class='gallery-icon landscape'>\n\t\t\t\t<a href='https:\/\/smartpuller.com\/wp-content\/uploads\/2016\/02\/876429-air-gun-adapter-dent-pulling_hires.jpg' title=\"\" data-rl_title=\"\" class=\"rl-gallery-link\" data-rl_caption=\"\" data-rel=\"lightbox-gallery-3\"><img loading=\"lazy\" decoding=\"async\" width=\"300\" height=\"300\" src=\"https:\/\/smartpuller.com\/wp-content\/uploads\/2016\/02\/876429-air-gun-adapter-dent-pulling_hires.jpg\" class=\"attachment-medium size-medium\" alt=\"\" aria-describedby=\"gallery-3-621\" srcset=\"https:\/\/smartpuller.com\/wp-content\/uploads\/2016\/02\/876429-air-gun-adapter-dent-pulling_hires.jpg 600w, https:\/\/smartpuller.com\/wp-content\/uploads\/2016\/02\/876429-air-gun-adapter-dent-pulling_hires-100x100.jpg 100w\" sizes=\"auto, (max-width: 300px) 100vw, 300px\" \/><\/a>\n\t\t\t<\/div>\n\t\t\t\t<figcaption class='wp-caption-text gallery-caption' id='gallery-3-621'>\n\t\t\t\t876429\n\t\t\t\t<\/figcaption><\/figure>\n\t\t<\/div>\n\n<\/div>\n\n&nbsp;\n\n<div class=\"nappilinkki\"><a href=\"https:\/\/smartpuller.com\/fi\/yhteydenotto\/myynti\/\">\u00bb Kuinka ostan<\/a><\/div><\/div>\n<\/div><\/div><\/div><\/div><\/div>","protected":false},"excerpt":{"rendered":"<p>A-14+2A Pintapeltioikaisusarja sis\u00e4lt\u00e4\u00e4 A-14 Spotter PRO 400 sis\u00e4lt\u00e4\u00e4 heittovasaran max. 3800A A-13-20 Lainelankahitsausk\u00e4rki WB-11 Vetolanka, hitsattava 50 kpl, 7-koukkuinen jako A-14-3 Panel Puller A-14+11-4 SmartPuller v\u00e4linesarja sis\u00e4lt\u00e4\u00e4 A-11+2 Vetopuikkosarja A-11+1 Vetoruuvi A-14+11-3 Palkin pidin H28 Tarrain, 5 tonnia H31+ Tarrain + vetorengas A-14+11-1 Kiinnityssarja McPhersonille (sis. kiinnitysp\u00e4\u00e4n ja kupin) A-14+11-12 Oven ja renkaiden k\u00e4sittelyn lis\u00e4sarja<\/p>\n","protected":false},"author":101,"featured_media":0,"parent":272,"menu_order":330,"comment_status":"closed","ping_status":"closed","template":"","meta":{"_genesis_hide_title":false,"_genesis_hide_breadcrumbs":false,"_genesis_hide_singular_image":false,"_genesis_hide_footer_widgets":false,"_genesis_custom_body_class":"","_genesis_custom_post_class":"","_genesis_layout":"","footnotes":""},"class_list":{"0":"post-297","1":"page","2":"type-page","3":"status-publish","5":"entry","6":"has-post-thumbnail"},"yoast_head":"<!-- This site is optimized with the Yoast SEO plugin v27.4 - https:\/\/yoast.com\/product\/yoast-seo-wordpress\/ -->\n<title>SmartPuller - Lis\u00e4v\u00e4lineet<\/title>\n<meta name=\"description\" content=\"N\u00e4e tarjolla olevat lis\u00e4v\u00e4lineet SmartPuller oikaisulaitteelle. Voit valita yhden tai useamman tuotteen sis\u00e4lt\u00e4v\u00e4n setin.\" \/>\n<meta name=\"robots\" content=\"index, follow, max-snippet:-1, max-image-preview:large, max-video-preview:-1\" \/>\n<link rel=\"canonical\" href=\"https:\/\/smartpuller.com\/fi\/setit-ja-varusteet\/lisavalineet\/\" \/>\n<meta property=\"og:locale\" content=\"fi_FI\" \/>\n<meta property=\"og:type\" content=\"article\" \/>\n<meta property=\"og:title\" content=\"SmartPuller - Lis\u00e4v\u00e4lineet\" \/>\n<meta property=\"og:description\" content=\"N\u00e4e tarjolla olevat lis\u00e4v\u00e4lineet SmartPuller oikaisulaitteelle. Voit valita yhden tai useamman tuotteen sis\u00e4lt\u00e4v\u00e4n setin.\" \/>\n<meta property=\"og:url\" content=\"https:\/\/smartpuller.com\/fi\/setit-ja-varusteet\/lisavalineet\/\" \/>\n<meta property=\"og:site_name\" content=\"SmartPuller\" \/>\n<meta property=\"article:publisher\" content=\"https:\/\/www.facebook.com\/smartpuller\/\" \/>\n<meta property=\"article:modified_time\" content=\"2022-10-12T10:32:53+00:00\" \/>\n<meta name=\"twitter:card\" content=\"summary_large_image\" \/>\n<meta name=\"twitter:label1\" content=\"Arvioitu lukuaika\" \/>\n\t<meta name=\"twitter:data1\" content=\"1 minuutti\" \/>\n<script type=\"application\/ld+json\" class=\"yoast-schema-graph\">{\"@context\":\"https:\\\/\\\/schema.org\",\"@graph\":[{\"@type\":\"WebPage\",\"@id\":\"https:\\\/\\\/smartpuller.com\\\/fi\\\/setit-ja-varusteet\\\/lisavalineet\\\/\",\"url\":\"https:\\\/\\\/smartpuller.com\\\/fi\\\/setit-ja-varusteet\\\/lisavalineet\\\/\",\"name\":\"SmartPuller - Lis\u00e4v\u00e4lineet\",\"isPartOf\":{\"@id\":\"https:\\\/\\\/smartpuller.com\\\/fi\\\/#website\"},\"datePublished\":\"2016-01-13T09:22:30+00:00\",\"dateModified\":\"2022-10-12T10:32:53+00:00\",\"description\":\"N\u00e4e tarjolla olevat lis\u00e4v\u00e4lineet SmartPuller oikaisulaitteelle. Voit valita yhden tai useamman tuotteen sis\u00e4lt\u00e4v\u00e4n setin.\",\"breadcrumb\":{\"@id\":\"https:\\\/\\\/smartpuller.com\\\/fi\\\/setit-ja-varusteet\\\/lisavalineet\\\/#breadcrumb\"},\"inLanguage\":\"fi\",\"potentialAction\":[{\"@type\":\"ReadAction\",\"target\":[\"https:\\\/\\\/smartpuller.com\\\/fi\\\/setit-ja-varusteet\\\/lisavalineet\\\/\"]}]},{\"@type\":\"BreadcrumbList\",\"@id\":\"https:\\\/\\\/smartpuller.com\\\/fi\\\/setit-ja-varusteet\\\/lisavalineet\\\/#breadcrumb\",\"itemListElement\":[{\"@type\":\"ListItem\",\"position\":1,\"name\":\"Home\",\"item\":\"https:\\\/\\\/smartpuller.com\\\/fi\\\/\"},{\"@type\":\"ListItem\",\"position\":2,\"name\":\"Setit ja varusteet\",\"item\":\"https:\\\/\\\/smartpuller.com\\\/fi\\\/setit-ja-varusteet\\\/\"},{\"@type\":\"ListItem\",\"position\":3,\"name\":\"SmartPuller Lis\u00e4v\u00e4lineet\"}]},{\"@type\":\"WebSite\",\"@id\":\"https:\\\/\\\/smartpuller.com\\\/fi\\\/#website\",\"url\":\"https:\\\/\\\/smartpuller.com\\\/fi\\\/\",\"name\":\"SmartPuller\",\"description\":\"SmartPuller\",\"potentialAction\":[{\"@type\":\"SearchAction\",\"target\":{\"@type\":\"EntryPoint\",\"urlTemplate\":\"https:\\\/\\\/smartpuller.com\\\/fi\\\/?s={search_term_string}\"},\"query-input\":{\"@type\":\"PropertyValueSpecification\",\"valueRequired\":true,\"valueName\":\"search_term_string\"}}],\"inLanguage\":\"fi\"}]}<\/script>\n<!-- \/ Yoast SEO plugin. -->","yoast_head_json":{"title":"SmartPuller - Lis\u00e4v\u00e4lineet","description":"N\u00e4e tarjolla olevat lis\u00e4v\u00e4lineet SmartPuller oikaisulaitteelle. Voit valita yhden tai useamman tuotteen sis\u00e4lt\u00e4v\u00e4n setin.","robots":{"index":"index","follow":"follow","max-snippet":"max-snippet:-1","max-image-preview":"max-image-preview:large","max-video-preview":"max-video-preview:-1"},"canonical":"https:\/\/smartpuller.com\/fi\/setit-ja-varusteet\/lisavalineet\/","og_locale":"fi_FI","og_type":"article","og_title":"SmartPuller - Lis\u00e4v\u00e4lineet","og_description":"N\u00e4e tarjolla olevat lis\u00e4v\u00e4lineet SmartPuller oikaisulaitteelle. Voit valita yhden tai useamman tuotteen sis\u00e4lt\u00e4v\u00e4n setin.","og_url":"https:\/\/smartpuller.com\/fi\/setit-ja-varusteet\/lisavalineet\/","og_site_name":"SmartPuller","article_publisher":"https:\/\/www.facebook.com\/smartpuller\/","article_modified_time":"2022-10-12T10:32:53+00:00","twitter_card":"summary_large_image","twitter_misc":{"Arvioitu lukuaika":"1 minuutti"},"schema":{"@context":"https:\/\/schema.org","@graph":[{"@type":"WebPage","@id":"https:\/\/smartpuller.com\/fi\/setit-ja-varusteet\/lisavalineet\/","url":"https:\/\/smartpuller.com\/fi\/setit-ja-varusteet\/lisavalineet\/","name":"SmartPuller - Lis\u00e4v\u00e4lineet","isPartOf":{"@id":"https:\/\/smartpuller.com\/fi\/#website"},"datePublished":"2016-01-13T09:22:30+00:00","dateModified":"2022-10-12T10:32:53+00:00","description":"N\u00e4e tarjolla olevat lis\u00e4v\u00e4lineet SmartPuller oikaisulaitteelle. Voit valita yhden tai useamman tuotteen sis\u00e4lt\u00e4v\u00e4n setin.","breadcrumb":{"@id":"https:\/\/smartpuller.com\/fi\/setit-ja-varusteet\/lisavalineet\/#breadcrumb"},"inLanguage":"fi","potentialAction":[{"@type":"ReadAction","target":["https:\/\/smartpuller.com\/fi\/setit-ja-varusteet\/lisavalineet\/"]}]},{"@type":"BreadcrumbList","@id":"https:\/\/smartpuller.com\/fi\/setit-ja-varusteet\/lisavalineet\/#breadcrumb","itemListElement":[{"@type":"ListItem","position":1,"name":"Home","item":"https:\/\/smartpuller.com\/fi\/"},{"@type":"ListItem","position":2,"name":"Setit ja varusteet","item":"https:\/\/smartpuller.com\/fi\/setit-ja-varusteet\/"},{"@type":"ListItem","position":3,"name":"SmartPuller Lis\u00e4v\u00e4lineet"}]},{"@type":"WebSite","@id":"https:\/\/smartpuller.com\/fi\/#website","url":"https:\/\/smartpuller.com\/fi\/","name":"SmartPuller","description":"SmartPuller","potentialAction":[{"@type":"SearchAction","target":{"@type":"EntryPoint","urlTemplate":"https:\/\/smartpuller.com\/fi\/?s={search_term_string}"},"query-input":{"@type":"PropertyValueSpecification","valueRequired":true,"valueName":"search_term_string"}}],"inLanguage":"fi"}]}},"_links":{"self":[{"href":"https:\/\/smartpuller.com\/fi\/wp-json\/wp\/v2\/pages\/297","targetHints":{"allow":["GET"]}}],"collection":[{"href":"https:\/\/smartpuller.com\/fi\/wp-json\/wp\/v2\/pages"}],"about":[{"href":"https:\/\/smartpuller.com\/fi\/wp-json\/wp\/v2\/types\/page"}],"author":[{"embeddable":true,"href":"https:\/\/smartpuller.com\/fi\/wp-json\/wp\/v2\/users\/101"}],"replies":[{"embeddable":true,"href":"https:\/\/smartpuller.com\/fi\/wp-json\/wp\/v2\/comments?post=297"}],"version-history":[{"count":8,"href":"https:\/\/smartpuller.com\/fi\/wp-json\/wp\/v2\/pages\/297\/revisions"}],"predecessor-version":[{"id":1220002,"href":"https:\/\/smartpuller.com\/fi\/wp-json\/wp\/v2\/pages\/297\/revisions\/1220002"}],"up":[{"embeddable":true,"href":"https:\/\/smartpuller.com\/fi\/wp-json\/wp\/v2\/pages\/272"}],"wp:attachment":[{"href":"https:\/\/smartpuller.com\/fi\/wp-json\/wp\/v2\/media?parent=297"}],"curies":[{"name":"wp","href":"https:\/\/api.w.org\/{rel}","templated":true}]}}