{"id":296,"date":"2016-01-13T11:22:21","date_gmt":"2016-01-13T09:22:21","guid":{"rendered":"https:\/\/smartpuller.com\/\/?page_id=296&#038;lang=fi"},"modified":"2022-05-04T15:07:07","modified_gmt":"2022-05-04T12:07:07","slug":"silver","status":"publish","type":"page","link":"https:\/\/smartpuller.com\/fi\/setit-ja-varusteet\/silver\/","title":{"rendered":"Silver set"},"content":{"rendered":"<div id=\"pl-296\"  class=\"panel-layout\" ><div id=\"pg-296-0\"  class=\"panel-grid panel-no-style\" ><div id=\"pgc-296-0-0\"  class=\"panel-grid-cell\" ><div id=\"panel-296-0-0-0\" class=\"so-panel widget widget_sow-editor panel-first-child panel-last-child\" data-index=\"0\" ><div\n\t\t\t\n\t\t\tclass=\"so-widget-sow-editor so-widget-sow-editor-base\"\n\t\t\t\n\t\t>\n<div class=\"siteorigin-widget-tinymce textwidget\">\n\t<p><a href=\"https:\/\/smartpuller.com\/\/wp-content\/uploads\/2017\/01\/smartpuller_silver-set_dent_pulling.jpg\" rel=\"lightbox\" data-rel=\"lightbox-image-0\" data-rl_title=\"\" data-rl_caption=\"\" title=\"\"><img loading=\"lazy\" decoding=\"async\" src=\"https:\/\/smartpuller.com\/\/wp-content\/uploads\/2017\/01\/smartpuller_silver-set_dent_pulling.jpg\" alt=\"SmartPuller Silver set includes many body repair tools.\" width=\"750\" height=\"1000\" class=\"alignnone size-full wp-image-1225\" \/><\/a><\/p>\n<\/div>\n<\/div><\/div><\/div><div id=\"pgc-296-0-1\"  class=\"panel-grid-cell\" ><div id=\"panel-296-0-1-0\" class=\"so-panel widget widget_sow-editor panel-first-child panel-last-child\" data-index=\"1\" ><div\n\t\t\t\n\t\t\tclass=\"so-widget-sow-editor so-widget-sow-editor-base\"\n\t\t\t\n\t\t>\n<div class=\"siteorigin-widget-tinymce textwidget\">\n\t<h5>Silver set on erinomainen seuraavissa oikaisuteht\u00e4viss\u00e4:<\/h5>\n<ul>\n<li>Auton kyljet<\/li>\n<li>Auton helmat<\/li>\n<li>A-, B- ja C-pilarit<\/li>\n<li>Auton etuosa<\/li>\n<li>Auton takaosa<\/li>\n<li>Auton kattorakenteet<\/li>\n<\/ul>\n<div class=\"nappilinkki\"><a href=\"https:\/\/smartpuller.com\/fi\/yhteydenotto\/myynti\/\">\u00bb Kuinka ostan<\/a><\/div>\n<p><a href=\"https:\/\/smartpuller.com\/fi\/setit-ja-varusteet\/basic\/\">\u00bb Katso Basic+ setti<\/a><\/p>\n<\/div>\n<\/div><\/div><\/div><\/div><div id=\"pg-296-1\"  class=\"panel-grid panel-no-style\" ><div id=\"pgc-296-1-0\"  class=\"panel-grid-cell\" ><div id=\"panel-296-1-0-0\" class=\"so-panel widget widget_media_gallery panel-first-child panel-last-child\" data-index=\"2\" ><h3 class=\"widget-title\">SmartPuller Gold-setti korjausty\u00f6ss\u00e4<\/h3><div id='gallery-1' class='gallery galleryid-296 gallery-columns-3 gallery-size-thumbnail'><figure class='gallery-item'>\n\t\t\t<div class='gallery-icon landscape'>\n\t\t\t\t<a href='https:\/\/smartpuller.com\/wp-content\/uploads\/2022\/05\/dent-pulling_picture2_hires-1.jpeg' title=\"\" data-rl_title=\"\" class=\"rl-gallery-link\" data-rl_caption=\"\" data-rel=\"lightbox-gallery-1\"><img loading=\"lazy\" decoding=\"async\" width=\"150\" height=\"150\" src=\"https:\/\/smartpuller.com\/wp-content\/uploads\/2022\/05\/dent-pulling_picture2_hires-1-150x150.jpeg\" class=\"attachment-thumbnail size-thumbnail\" alt=\"\" \/><\/a>\n\t\t\t<\/div><\/figure><figure class='gallery-item'>\n\t\t\t<div class='gallery-icon landscape'>\n\t\t\t\t<a href='https:\/\/smartpuller.com\/wp-content\/uploads\/2022\/05\/dent-pulling-1.jpeg' title=\"\" data-rl_title=\"\" class=\"rl-gallery-link\" data-rl_caption=\"\" data-rel=\"lightbox-gallery-1\"><img loading=\"lazy\" decoding=\"async\" width=\"150\" height=\"150\" src=\"https:\/\/smartpuller.com\/wp-content\/uploads\/2022\/05\/dent-pulling-1-150x150.jpeg\" class=\"attachment-thumbnail size-thumbnail\" alt=\"\" \/><\/a>\n\t\t\t<\/div><\/figure><figure class='gallery-item'>\n\t\t\t<div class='gallery-icon landscape'>\n\t\t\t\t<a href='https:\/\/smartpuller.com\/wp-content\/uploads\/2022\/05\/dent-pulling-vehicle-front_picture1_hires-1.jpeg' title=\"\" data-rl_title=\"\" class=\"rl-gallery-link\" data-rl_caption=\"\" data-rel=\"lightbox-gallery-1\"><img loading=\"lazy\" decoding=\"async\" width=\"150\" height=\"150\" src=\"https:\/\/smartpuller.com\/wp-content\/uploads\/2022\/05\/dent-pulling-vehicle-front_picture1_hires-1-150x150.jpeg\" class=\"attachment-thumbnail size-thumbnail\" alt=\"\" \/><\/a>\n\t\t\t<\/div><\/figure><figure class='gallery-item'>\n\t\t\t<div class='gallery-icon portrait'>\n\t\t\t\t<a href='https:\/\/smartpuller.com\/wp-content\/uploads\/2022\/05\/dent-pulling-rear-corner_picture1-1.jpeg' title=\"\" data-rl_title=\"\" class=\"rl-gallery-link\" data-rl_caption=\"\" data-rel=\"lightbox-gallery-1\"><img loading=\"lazy\" decoding=\"async\" width=\"150\" height=\"150\" src=\"https:\/\/smartpuller.com\/wp-content\/uploads\/2022\/05\/dent-pulling-rear-corner_picture1-1-150x150.jpeg\" class=\"attachment-thumbnail size-thumbnail\" alt=\"\" \/><\/a>\n\t\t\t<\/div><\/figure>\n\t\t<\/div>\n<\/div><\/div><\/div><div id=\"pg-296-2\"  class=\"panel-grid panel-no-style\" ><div id=\"pgc-296-2-0\"  class=\"panel-grid-cell\" ><div id=\"panel-296-2-0-0\" class=\"so-panel widget widget_sow-editor panel-first-child panel-last-child\" data-index=\"3\" ><div\n\t\t\t\n\t\t\tclass=\"so-widget-sow-editor so-widget-sow-editor-base\"\n\t\t\t\n\t\t>\n<div class=\"siteorigin-widget-tinymce textwidget\">\n\t<div class=\"accessories_area\">\n<h5>SmartPuller Silver set sis\u00e4lt\u00e4\u00e4<\/h5>\n<table>\n<tbody>\n<tr>\n<td>1<\/td>\n<td>SmartPuller oikaisulaite<\/td>\n<\/tr>\n<tr>\n<td>2<\/td>\n<td>Tukipalkki<\/td>\n<\/tr>\n<tr>\n<td>3<\/td>\n<td>Vetoruuvi, lyhyt<\/td>\n<\/tr>\n<tr>\n<td>4<\/td>\n<td>Tukikulma vetoruuville<\/td>\n<\/tr>\n<tr>\n<td>5<\/td>\n<td>Tukipalkin pidin, 50 mm<\/td>\n<\/tr>\n<tr>\n<td>6<\/td>\n<td>Tukipalkin pidin, 40 mm<\/td>\n<\/tr>\n<tr>\n<td>7<\/td>\n<td>K\u00e4ytt\u00f6ohje DVD<\/td>\n<\/tr>\n<tr>\n<td>8<\/td>\n<td>Kulma kiila<\/td>\n<\/tr>\n<tr>\n<td>9<\/td>\n<td>Suojakannen ruuvi + kuusiomutteri<\/td>\n<\/tr>\n<tr>\n<td>10<\/td>\n<td>Liitosholkki<\/td>\n<\/tr>\n<tr>\n<td>11<\/td>\n<td>H31+ tarrain<\/td>\n<\/tr>\n<tr>\n<td>12<\/td>\n<td>Ristiputki kahdella lukitusruuvilla (2 kpl)<\/td>\n<\/tr>\n<tr>\n<td>13<\/td>\n<td>Laajennuspalkki kahvalla<\/td>\n<\/tr>\n<tr>\n<td>14<\/td>\n<td>Laajennuspalkki<\/td>\n<\/tr>\n<\/tbody>\n<\/table>\n<\/div>\n<h6>Rajoitettu viiden (5) vuoden takuu.<\/h6>\n<p>Lataa <a href=\"https:\/\/smartpuller.com\/wp-content\/uploads\/2017\/09\/smartpuller_silver-setti-sisaltaa.pdf\" target=\"_blank\" rel=\"noopener\">pdf<\/a> n\u00e4hd\u00e4ksesi varusteet.<\/p>\n<\/div>\n<\/div><\/div><\/div><\/div><\/div>","protected":false},"excerpt":{"rendered":"<p>Silver set on erinomainen seuraavissa oikaisuteht\u00e4viss\u00e4: Auton kyljet Auton helmat A-, B- ja C-pilarit Auton etuosa Auton takaosa Auton kattorakenteet \u00bb Kuinka ostan \u00bb Katso Basic+ setti<\/p>\n","protected":false},"author":101,"featured_media":0,"parent":272,"menu_order":320,"comment_status":"closed","ping_status":"closed","template":"","meta":{"_genesis_hide_title":false,"_genesis_hide_breadcrumbs":false,"_genesis_hide_singular_image":false,"_genesis_hide_footer_widgets":false,"_genesis_custom_body_class":"","_genesis_custom_post_class":"","_genesis_layout":"","footnotes":""},"class_list":{"0":"post-296","1":"page","2":"type-page","3":"status-publish","5":"entry","6":"has-post-thumbnail"},"yoast_head":"<!-- This site is optimized with the Yoast SEO plugin v27.4 - https:\/\/yoast.com\/product\/yoast-seo-wordpress\/ -->\n<title>SmartPuller Silver set<\/title>\n<meta name=\"description\" content=\"N\u00e4e mitk\u00e4 auton osat voidaan oikaista helposti SmartPuller Silver setill\u00e4. Esim. auton etu- ja takaosa...\" \/>\n<meta name=\"robots\" content=\"index, follow, max-snippet:-1, max-image-preview:large, max-video-preview:-1\" \/>\n<link rel=\"canonical\" href=\"https:\/\/smartpuller.com\/fi\/setit-ja-varusteet\/silver\/\" \/>\n<meta property=\"og:locale\" content=\"fi_FI\" \/>\n<meta property=\"og:type\" content=\"article\" \/>\n<meta property=\"og:title\" content=\"SmartPuller Silver set\" \/>\n<meta property=\"og:description\" content=\"N\u00e4e mitk\u00e4 auton osat voidaan oikaista helposti SmartPuller Silver setill\u00e4. Esim. auton etu- ja takaosa...\" \/>\n<meta property=\"og:url\" content=\"https:\/\/smartpuller.com\/fi\/setit-ja-varusteet\/silver\/\" \/>\n<meta property=\"og:site_name\" content=\"SmartPuller\" \/>\n<meta property=\"article:publisher\" content=\"https:\/\/www.facebook.com\/smartpuller\/\" \/>\n<meta property=\"article:modified_time\" content=\"2022-05-04T12:07:07+00:00\" \/>\n<meta property=\"og:image\" content=\"https:\/\/smartpuller.com\/\/wp-content\/uploads\/2017\/01\/smartpuller_silver-set_dent_pulling.jpg\" \/>\n<meta name=\"twitter:card\" content=\"summary_large_image\" \/>\n<script type=\"application\/ld+json\" class=\"yoast-schema-graph\">{\"@context\":\"https:\\\/\\\/schema.org\",\"@graph\":[{\"@type\":\"WebPage\",\"@id\":\"https:\\\/\\\/smartpuller.com\\\/fi\\\/setit-ja-varusteet\\\/silver\\\/\",\"url\":\"https:\\\/\\\/smartpuller.com\\\/fi\\\/setit-ja-varusteet\\\/silver\\\/\",\"name\":\"SmartPuller Silver set\",\"isPartOf\":{\"@id\":\"https:\\\/\\\/smartpuller.com\\\/fi\\\/#website\"},\"primaryImageOfPage\":{\"@id\":\"https:\\\/\\\/smartpuller.com\\\/fi\\\/setit-ja-varusteet\\\/silver\\\/#primaryimage\"},\"image\":{\"@id\":\"https:\\\/\\\/smartpuller.com\\\/fi\\\/setit-ja-varusteet\\\/silver\\\/#primaryimage\"},\"thumbnailUrl\":\"https:\\\/\\\/smartpuller.com\\\/\\\/wp-content\\\/uploads\\\/2017\\\/01\\\/smartpuller_silver-set_dent_pulling.jpg\",\"datePublished\":\"2016-01-13T09:22:21+00:00\",\"dateModified\":\"2022-05-04T12:07:07+00:00\",\"description\":\"N\u00e4e mitk\u00e4 auton osat voidaan oikaista helposti SmartPuller Silver setill\u00e4. Esim. auton etu- ja takaosa...\",\"breadcrumb\":{\"@id\":\"https:\\\/\\\/smartpuller.com\\\/fi\\\/setit-ja-varusteet\\\/silver\\\/#breadcrumb\"},\"inLanguage\":\"fi\",\"potentialAction\":[{\"@type\":\"ReadAction\",\"target\":[\"https:\\\/\\\/smartpuller.com\\\/fi\\\/setit-ja-varusteet\\\/silver\\\/\"]}]},{\"@type\":\"ImageObject\",\"inLanguage\":\"fi\",\"@id\":\"https:\\\/\\\/smartpuller.com\\\/fi\\\/setit-ja-varusteet\\\/silver\\\/#primaryimage\",\"url\":\"https:\\\/\\\/smartpuller.com\\\/\\\/wp-content\\\/uploads\\\/2017\\\/01\\\/smartpuller_silver-set_dent_pulling.jpg\",\"contentUrl\":\"https:\\\/\\\/smartpuller.com\\\/\\\/wp-content\\\/uploads\\\/2017\\\/01\\\/smartpuller_silver-set_dent_pulling.jpg\"},{\"@type\":\"BreadcrumbList\",\"@id\":\"https:\\\/\\\/smartpuller.com\\\/fi\\\/setit-ja-varusteet\\\/silver\\\/#breadcrumb\",\"itemListElement\":[{\"@type\":\"ListItem\",\"position\":1,\"name\":\"Home\",\"item\":\"https:\\\/\\\/smartpuller.com\\\/fi\\\/\"},{\"@type\":\"ListItem\",\"position\":2,\"name\":\"Setit ja varusteet\",\"item\":\"https:\\\/\\\/smartpuller.com\\\/fi\\\/setit-ja-varusteet\\\/\"},{\"@type\":\"ListItem\",\"position\":3,\"name\":\"Silver set\"}]},{\"@type\":\"WebSite\",\"@id\":\"https:\\\/\\\/smartpuller.com\\\/fi\\\/#website\",\"url\":\"https:\\\/\\\/smartpuller.com\\\/fi\\\/\",\"name\":\"SmartPuller\",\"description\":\"SmartPuller\",\"potentialAction\":[{\"@type\":\"SearchAction\",\"target\":{\"@type\":\"EntryPoint\",\"urlTemplate\":\"https:\\\/\\\/smartpuller.com\\\/fi\\\/?s={search_term_string}\"},\"query-input\":{\"@type\":\"PropertyValueSpecification\",\"valueRequired\":true,\"valueName\":\"search_term_string\"}}],\"inLanguage\":\"fi\"}]}<\/script>\n<!-- \/ Yoast SEO plugin. -->","yoast_head_json":{"title":"SmartPuller Silver set","description":"N\u00e4e mitk\u00e4 auton osat voidaan oikaista helposti SmartPuller Silver setill\u00e4. Esim. auton etu- ja takaosa...","robots":{"index":"index","follow":"follow","max-snippet":"max-snippet:-1","max-image-preview":"max-image-preview:large","max-video-preview":"max-video-preview:-1"},"canonical":"https:\/\/smartpuller.com\/fi\/setit-ja-varusteet\/silver\/","og_locale":"fi_FI","og_type":"article","og_title":"SmartPuller Silver set","og_description":"N\u00e4e mitk\u00e4 auton osat voidaan oikaista helposti SmartPuller Silver setill\u00e4. Esim. auton etu- ja takaosa...","og_url":"https:\/\/smartpuller.com\/fi\/setit-ja-varusteet\/silver\/","og_site_name":"SmartPuller","article_publisher":"https:\/\/www.facebook.com\/smartpuller\/","article_modified_time":"2022-05-04T12:07:07+00:00","og_image":[{"url":"https:\/\/smartpuller.com\/\/wp-content\/uploads\/2017\/01\/smartpuller_silver-set_dent_pulling.jpg","type":"","width":"","height":""}],"twitter_card":"summary_large_image","schema":{"@context":"https:\/\/schema.org","@graph":[{"@type":"WebPage","@id":"https:\/\/smartpuller.com\/fi\/setit-ja-varusteet\/silver\/","url":"https:\/\/smartpuller.com\/fi\/setit-ja-varusteet\/silver\/","name":"SmartPuller Silver set","isPartOf":{"@id":"https:\/\/smartpuller.com\/fi\/#website"},"primaryImageOfPage":{"@id":"https:\/\/smartpuller.com\/fi\/setit-ja-varusteet\/silver\/#primaryimage"},"image":{"@id":"https:\/\/smartpuller.com\/fi\/setit-ja-varusteet\/silver\/#primaryimage"},"thumbnailUrl":"https:\/\/smartpuller.com\/\/wp-content\/uploads\/2017\/01\/smartpuller_silver-set_dent_pulling.jpg","datePublished":"2016-01-13T09:22:21+00:00","dateModified":"2022-05-04T12:07:07+00:00","description":"N\u00e4e mitk\u00e4 auton osat voidaan oikaista helposti SmartPuller Silver setill\u00e4. Esim. auton etu- ja takaosa...","breadcrumb":{"@id":"https:\/\/smartpuller.com\/fi\/setit-ja-varusteet\/silver\/#breadcrumb"},"inLanguage":"fi","potentialAction":[{"@type":"ReadAction","target":["https:\/\/smartpuller.com\/fi\/setit-ja-varusteet\/silver\/"]}]},{"@type":"ImageObject","inLanguage":"fi","@id":"https:\/\/smartpuller.com\/fi\/setit-ja-varusteet\/silver\/#primaryimage","url":"https:\/\/smartpuller.com\/\/wp-content\/uploads\/2017\/01\/smartpuller_silver-set_dent_pulling.jpg","contentUrl":"https:\/\/smartpuller.com\/\/wp-content\/uploads\/2017\/01\/smartpuller_silver-set_dent_pulling.jpg"},{"@type":"BreadcrumbList","@id":"https:\/\/smartpuller.com\/fi\/setit-ja-varusteet\/silver\/#breadcrumb","itemListElement":[{"@type":"ListItem","position":1,"name":"Home","item":"https:\/\/smartpuller.com\/fi\/"},{"@type":"ListItem","position":2,"name":"Setit ja varusteet","item":"https:\/\/smartpuller.com\/fi\/setit-ja-varusteet\/"},{"@type":"ListItem","position":3,"name":"Silver set"}]},{"@type":"WebSite","@id":"https:\/\/smartpuller.com\/fi\/#website","url":"https:\/\/smartpuller.com\/fi\/","name":"SmartPuller","description":"SmartPuller","potentialAction":[{"@type":"SearchAction","target":{"@type":"EntryPoint","urlTemplate":"https:\/\/smartpuller.com\/fi\/?s={search_term_string}"},"query-input":{"@type":"PropertyValueSpecification","valueRequired":true,"valueName":"search_term_string"}}],"inLanguage":"fi"}]}},"_links":{"self":[{"href":"https:\/\/smartpuller.com\/fi\/wp-json\/wp\/v2\/pages\/296","targetHints":{"allow":["GET"]}}],"collection":[{"href":"https:\/\/smartpuller.com\/fi\/wp-json\/wp\/v2\/pages"}],"about":[{"href":"https:\/\/smartpuller.com\/fi\/wp-json\/wp\/v2\/types\/page"}],"author":[{"embeddable":true,"href":"https:\/\/smartpuller.com\/fi\/wp-json\/wp\/v2\/users\/101"}],"replies":[{"embeddable":true,"href":"https:\/\/smartpuller.com\/fi\/wp-json\/wp\/v2\/comments?post=296"}],"version-history":[{"count":10,"href":"https:\/\/smartpuller.com\/fi\/wp-json\/wp\/v2\/pages\/296\/revisions"}],"predecessor-version":[{"id":2466872,"href":"https:\/\/smartpuller.com\/fi\/wp-json\/wp\/v2\/pages\/296\/revisions\/2466872"}],"up":[{"embeddable":true,"href":"https:\/\/smartpuller.com\/fi\/wp-json\/wp\/v2\/pages\/272"}],"wp:attachment":[{"href":"https:\/\/smartpuller.com\/fi\/wp-json\/wp\/v2\/media?parent=296"}],"curies":[{"name":"wp","href":"https:\/\/api.w.org\/{rel}","templated":true}]}}