{"id":292,"date":"2016-01-13T11:19:36","date_gmt":"2016-01-13T09:19:36","guid":{"rendered":"https:\/\/smartpuller.com\/\/oikaisukohteet\/helmakotelot\/?lang=fi"},"modified":"2017-11-15T11:52:32","modified_gmt":"2017-11-15T09:52:32","slug":"helmakotelo","status":"publish","type":"page","link":"https:\/\/smartpuller.com\/fi\/oikaisukohteet\/helmakotelo\/","title":{"rendered":"Auton helmakotelon oikaisu"},"content":{"rendered":"<div id=\"pl-292\"  class=\"panel-layout\" ><div id=\"pg-292-0\"  class=\"panel-grid panel-no-style\" ><div id=\"pgc-292-0-0\"  class=\"panel-grid-cell\" ><div id=\"panel-292-0-0-0\" class=\"so-panel widget widget_sow-editor panel-first-child panel-last-child\" data-index=\"0\" ><div\n\t\t\t\n\t\t\tclass=\"so-widget-sow-editor so-widget-sow-editor-base\"\n\t\t\t\n\t\t>\n<div class=\"siteorigin-widget-tinymce textwidget\">\n\t<p><img loading=\"lazy\" decoding=\"async\" class=\"alignnone size-full wp-image-473\" src=\"https:\/\/smartpuller.com\/\/wp-content\/uploads\/2016\/01\/Dent-pulling-box-structures-drawing1_hires.jpg\" alt=\"Dent-pulling-box-structures-drawing1_hires\" width=\"1000\" height=\"801\" srcset=\"https:\/\/smartpuller.com\/wp-content\/uploads\/2016\/01\/Dent-pulling-box-structures-drawing1_hires.jpg 1000w, https:\/\/smartpuller.com\/wp-content\/uploads\/2016\/01\/Dent-pulling-box-structures-drawing1_hires-600x481.jpg 600w, https:\/\/smartpuller.com\/wp-content\/uploads\/2016\/01\/Dent-pulling-box-structures-drawing1_hires-300x240.jpg 300w, https:\/\/smartpuller.com\/wp-content\/uploads\/2016\/01\/Dent-pulling-box-structures-drawing1_hires-768x615.jpg 768w, https:\/\/smartpuller.com\/wp-content\/uploads\/2016\/01\/Dent-pulling-box-structures-drawing1_hires-750x600.jpg 750w\" sizes=\"auto, (max-width: 1000px) 100vw, 1000px\" \/><\/p>\n<\/div>\n<\/div><\/div><\/div><div id=\"pgc-292-0-1\"  class=\"panel-grid-cell\" ><div id=\"panel-292-0-1-0\" class=\"so-panel widget widget_sow-editor panel-first-child panel-last-child\" data-index=\"1\" ><div\n\t\t\t\n\t\t\tclass=\"so-widget-sow-editor so-widget-sow-editor-base\"\n\t\t\t\n\t\t>\n<div class=\"siteorigin-widget-tinymce textwidget\">\n\t<h5>Ly\u00f6m\u00e4tt\u00f6m\u00e4n monipuoliset oikaisusuunnat<\/h5>\n<p><em>SmartPullerin tekniikka mahdollistaa esim. helmakoteloiden oikaisut kaikkiin tarvittaviin suuntiin. S\u00e4\u00e4dett\u00e4vien tuentatassujen rakenne muotoutuu niin, etteiv\u00e4t tuentakohteet vaurioidu. Vaativampiin oikaisuihin voidaan k\u00e4ytt\u00e4\u00e4 kahta vetoruuvia. Kohteisiin, joissa on niukasti vetotilaa, k\u00e4ytet\u00e4\u00e4n lyhytt\u00e4 vetoruuvia (A), kuvat 2 ja 4.<\/em><\/p>\n<div class=\"nappilinkki\"><a href=\"https:\/\/smartpuller.com\/fi\/yhteydenotto\/myynti\/\">\u00bb Kuinka ostan<\/a><\/div>\n<\/div>\n<\/div><\/div><\/div><\/div><div id=\"pg-292-1\"  class=\"panel-grid panel-no-style\" ><div id=\"pgc-292-1-0\"  class=\"panel-grid-cell\" ><div id=\"panel-292-1-0-0\" class=\"so-panel widget widget_sow-editor panel-first-child panel-last-child\" data-index=\"2\" ><div\n\t\t\t\n\t\t\tclass=\"so-widget-sow-editor so-widget-sow-editor-base\"\n\t\t\t\n\t\t>\n<div class=\"siteorigin-widget-tinymce textwidget\">\n\t<p><a href=\"https:\/\/smartpuller.com\/\/wp-content\/uploads\/2016\/02\/Dent-pulling-box-structures-picture1_hires.jpg\" rel=\"attachment wp-att-581\" data-rel=\"lightbox-image-0\" data-rl_title=\"\" data-rl_caption=\"\" title=\"\"><img loading=\"lazy\" decoding=\"async\" src=\"https:\/\/smartpuller.com\/\/wp-content\/uploads\/2016\/02\/Dent-pulling-box-structures-picture1_hires.jpg\" alt=\"Dent-pulling-box-structures-picture1_hires\" width=\"750\" height=\"1000\" class=\"alignnone size-full wp-image-581\" srcset=\"https:\/\/smartpuller.com\/wp-content\/uploads\/2016\/02\/Dent-pulling-box-structures-picture1_hires.jpg 750w, https:\/\/smartpuller.com\/wp-content\/uploads\/2016\/02\/Dent-pulling-box-structures-picture1_hires-300x400.jpg 300w, https:\/\/smartpuller.com\/wp-content\/uploads\/2016\/02\/Dent-pulling-box-structures-picture1_hires-600x800.jpg 600w, https:\/\/smartpuller.com\/wp-content\/uploads\/2016\/02\/Dent-pulling-box-structures-picture1_hires-225x300.jpg 225w\" sizes=\"auto, (max-width: 750px) 100vw, 750px\" \/><\/a><\/p>\n<\/div>\n<\/div><\/div><\/div><div id=\"pgc-292-1-1\"  class=\"panel-grid-cell\" ><div id=\"panel-292-1-1-0\" class=\"so-panel widget widget_sow-editor panel-first-child panel-last-child\" data-index=\"3\" ><div\n\t\t\t\n\t\t\tclass=\"so-widget-sow-editor so-widget-sow-editor-base\"\n\t\t\t\n\t\t>\n<div class=\"siteorigin-widget-tinymce textwidget\">\n\t<p><a href=\"https:\/\/smartpuller.com\/\/wp-content\/uploads\/2016\/02\/Dent-pulling-box-structures-picture2_hires.jpg\" rel=\"attachment wp-att-583\" data-rel=\"lightbox-image-1\" data-rl_title=\"\" data-rl_caption=\"\" title=\"\"><img loading=\"lazy\" decoding=\"async\" src=\"https:\/\/smartpuller.com\/\/wp-content\/uploads\/2016\/02\/Dent-pulling-box-structures-picture2_hires.jpg\" alt=\"Dent-pulling-box-structures-picture2_hires\" width=\"750\" height=\"1000\" class=\"alignnone size-full wp-image-583\" srcset=\"https:\/\/smartpuller.com\/wp-content\/uploads\/2016\/02\/Dent-pulling-box-structures-picture2_hires.jpg 750w, https:\/\/smartpuller.com\/wp-content\/uploads\/2016\/02\/Dent-pulling-box-structures-picture2_hires-300x400.jpg 300w, https:\/\/smartpuller.com\/wp-content\/uploads\/2016\/02\/Dent-pulling-box-structures-picture2_hires-600x800.jpg 600w, https:\/\/smartpuller.com\/wp-content\/uploads\/2016\/02\/Dent-pulling-box-structures-picture2_hires-225x300.jpg 225w\" sizes=\"auto, (max-width: 750px) 100vw, 750px\" \/><\/a><\/p>\n<\/div>\n<\/div><\/div><\/div><\/div><div id=\"pg-292-2\"  class=\"panel-grid panel-no-style\" ><div id=\"pgc-292-2-0\"  class=\"panel-grid-cell\" ><div id=\"panel-292-2-0-0\" class=\"so-panel widget widget_sow-editor panel-first-child panel-last-child\" data-index=\"4\" ><div\n\t\t\t\n\t\t\tclass=\"so-widget-sow-editor so-widget-sow-editor-base\"\n\t\t\t\n\t\t>\n<div class=\"siteorigin-widget-tinymce textwidget\">\n\t<div id='gallery-1' class='gallery galleryid-292 gallery-columns-3 gallery-size-medium'><figure class='gallery-item'>\n\t\t\t<div class='gallery-icon landscape'>\n\t\t\t\t<a href='https:\/\/smartpuller.com\/wp-content\/uploads\/2016\/02\/Dent-pulling-box-structures-picture3_hires.jpg' title=\"\" data-rl_title=\"\" class=\"rl-gallery-link\" data-rl_caption=\"\" data-rel=\"lightbox-gallery-1\"><img loading=\"lazy\" decoding=\"async\" width=\"300\" height=\"220\" src=\"https:\/\/smartpuller.com\/wp-content\/uploads\/2016\/02\/Dent-pulling-box-structures-picture3_hires.jpg\" class=\"attachment-medium size-medium\" alt=\"\" srcset=\"https:\/\/smartpuller.com\/wp-content\/uploads\/2016\/02\/Dent-pulling-box-structures-picture3_hires.jpg 1000w, https:\/\/smartpuller.com\/wp-content\/uploads\/2016\/02\/Dent-pulling-box-structures-picture3_hires-600x439.jpg 600w\" sizes=\"auto, (max-width: 300px) 100vw, 300px\" \/><\/a>\n\t\t\t<\/div><\/figure><figure class='gallery-item'>\n\t\t\t<div class='gallery-icon landscape'>\n\t\t\t\t<a href='https:\/\/smartpuller.com\/wp-content\/uploads\/2016\/02\/Dent-pulling-box-structures-picture4_hires.jpg' title=\"\" data-rl_title=\"\" class=\"rl-gallery-link\" data-rl_caption=\"\" data-rel=\"lightbox-gallery-1\"><img loading=\"lazy\" decoding=\"async\" width=\"300\" height=\"221\" src=\"https:\/\/smartpuller.com\/wp-content\/uploads\/2016\/02\/Dent-pulling-box-structures-picture4_hires.jpg\" class=\"attachment-medium size-medium\" alt=\"\" srcset=\"https:\/\/smartpuller.com\/wp-content\/uploads\/2016\/02\/Dent-pulling-box-structures-picture4_hires.jpg 2835w, https:\/\/smartpuller.com\/wp-content\/uploads\/2016\/02\/Dent-pulling-box-structures-picture4_hires-600x443.jpg 600w\" sizes=\"auto, (max-width: 300px) 100vw, 300px\" \/><\/a>\n\t\t\t<\/div><\/figure><figure class='gallery-item'>\n\t\t\t<div class='gallery-icon landscape'>\n\t\t\t\t<a href='https:\/\/smartpuller.com\/wp-content\/uploads\/2016\/02\/Dent-pulling-box-structures-picture5_hires.jpg' title=\"\" data-rl_title=\"\" class=\"rl-gallery-link\" data-rl_caption=\"\" data-rel=\"lightbox-gallery-1\"><img loading=\"lazy\" decoding=\"async\" width=\"300\" height=\"220\" src=\"https:\/\/smartpuller.com\/wp-content\/uploads\/2016\/02\/Dent-pulling-box-structures-picture5_hires.jpg\" class=\"attachment-medium size-medium\" alt=\"\" srcset=\"https:\/\/smartpuller.com\/wp-content\/uploads\/2016\/02\/Dent-pulling-box-structures-picture5_hires.jpg 1000w, https:\/\/smartpuller.com\/wp-content\/uploads\/2016\/02\/Dent-pulling-box-structures-picture5_hires-600x439.jpg 600w\" sizes=\"auto, (max-width: 300px) 100vw, 300px\" \/><\/a>\n\t\t\t<\/div><\/figure>\n\t\t<\/div>\n\n<p>\u00bb <a href=\"https:\/\/www.youtube.com\/watch?v=wq8sFr_xoHE\" target=\"_blank\">Video auton helmakotelon rakenteiden oikaisusta<\/a><\/p>\n<\/div>\n<\/div><\/div><\/div><\/div><\/div>","protected":false},"excerpt":{"rendered":"<p>Ly\u00f6m\u00e4tt\u00f6m\u00e4n monipuoliset oikaisusuunnat SmartPullerin tekniikka mahdollistaa esim. helmakoteloiden oikaisut kaikkiin tarvittaviin suuntiin. S\u00e4\u00e4dett\u00e4vien tuentatassujen rakenne muotoutuu niin, etteiv\u00e4t tuentakohteet vaurioidu. Vaativampiin oikaisuihin voidaan k\u00e4ytt\u00e4\u00e4 kahta vetoruuvia. Kohteisiin, joissa on niukasti vetotilaa, k\u00e4ytet\u00e4\u00e4n lyhytt\u00e4 vetoruuvia (A), kuvat 2 ja 4. \u00bb Kuinka ostan<\/p>\n","protected":false},"author":101,"featured_media":0,"parent":262,"menu_order":220,"comment_status":"closed","ping_status":"closed","template":"","meta":{"_genesis_hide_title":false,"_genesis_hide_breadcrumbs":false,"_genesis_hide_singular_image":false,"_genesis_hide_footer_widgets":false,"_genesis_custom_body_class":"","_genesis_custom_post_class":"","_genesis_layout":"","footnotes":""},"class_list":{"0":"post-292","1":"page","2":"type-page","3":"status-publish","5":"entry","6":"has-post-thumbnail"},"yoast_head":"<!-- This site is optimized with the Yoast SEO plugin v27.4 - https:\/\/yoast.com\/product\/yoast-seo-wordpress\/ -->\n<title>SmartPuller - Auton helmakotelon oikaisu<\/title>\n<meta name=\"description\" content=\"SmartPullerin tekniikka mahdollistaa esim. helmakoteloiden oikaisut kaikkiin tarvittaviin suuntiin. S\u00e4\u00e4dett\u00e4vien tuentatassujen rakenne muotoutuu niin, etteiv\u00e4t tuentakohteet vaurioidu.\" \/>\n<meta name=\"robots\" content=\"noindex, follow\" \/>\n<meta property=\"og:locale\" content=\"fi_FI\" \/>\n<meta property=\"og:type\" content=\"article\" \/>\n<meta property=\"og:title\" content=\"SmartPuller - Auton helmakotelon oikaisu\" \/>\n<meta property=\"og:description\" content=\"SmartPullerin tekniikka mahdollistaa esim. helmakoteloiden oikaisut kaikkiin tarvittaviin suuntiin. S\u00e4\u00e4dett\u00e4vien tuentatassujen rakenne muotoutuu niin, etteiv\u00e4t tuentakohteet vaurioidu.\" \/>\n<meta property=\"og:url\" content=\"https:\/\/smartpuller.com\/fi\/oikaisukohteet\/helmakotelo\/\" \/>\n<meta property=\"og:site_name\" content=\"SmartPuller\" \/>\n<meta property=\"article:publisher\" content=\"https:\/\/www.facebook.com\/smartpuller\/\" \/>\n<meta property=\"article:modified_time\" content=\"2017-11-15T09:52:32+00:00\" \/>\n<meta property=\"og:image\" content=\"https:\/\/smartpuller.com\/wp-content\/uploads\/2016\/02\/Dent-pulling-box-structures-picture3_hires.jpg\" \/>\n<meta name=\"twitter:card\" content=\"summary_large_image\" \/>\n<script type=\"application\/ld+json\" class=\"yoast-schema-graph\">{\"@context\":\"https:\\\/\\\/schema.org\",\"@graph\":[{\"@type\":\"WebPage\",\"@id\":\"https:\\\/\\\/smartpuller.com\\\/fi\\\/oikaisukohteet\\\/helmakotelo\\\/\",\"url\":\"https:\\\/\\\/smartpuller.com\\\/fi\\\/oikaisukohteet\\\/helmakotelo\\\/\",\"name\":\"SmartPuller - Auton helmakotelon oikaisu\",\"isPartOf\":{\"@id\":\"https:\\\/\\\/smartpuller.com\\\/fi\\\/#website\"},\"primaryImageOfPage\":{\"@id\":\"https:\\\/\\\/smartpuller.com\\\/fi\\\/oikaisukohteet\\\/helmakotelo\\\/#primaryimage\"},\"image\":{\"@id\":\"https:\\\/\\\/smartpuller.com\\\/fi\\\/oikaisukohteet\\\/helmakotelo\\\/#primaryimage\"},\"thumbnailUrl\":\"https:\\\/\\\/smartpuller.com\\\/\\\/wp-content\\\/uploads\\\/2016\\\/01\\\/Dent-pulling-box-structures-drawing1_hires.jpg\",\"datePublished\":\"2016-01-13T09:19:36+00:00\",\"dateModified\":\"2017-11-15T09:52:32+00:00\",\"description\":\"SmartPullerin tekniikka mahdollistaa esim. helmakoteloiden oikaisut kaikkiin tarvittaviin suuntiin. S\u00e4\u00e4dett\u00e4vien tuentatassujen rakenne muotoutuu niin, etteiv\u00e4t tuentakohteet vaurioidu.\",\"breadcrumb\":{\"@id\":\"https:\\\/\\\/smartpuller.com\\\/fi\\\/oikaisukohteet\\\/helmakotelo\\\/#breadcrumb\"},\"inLanguage\":\"fi\",\"potentialAction\":[{\"@type\":\"ReadAction\",\"target\":[\"https:\\\/\\\/smartpuller.com\\\/fi\\\/oikaisukohteet\\\/helmakotelo\\\/\"]}]},{\"@type\":\"ImageObject\",\"inLanguage\":\"fi\",\"@id\":\"https:\\\/\\\/smartpuller.com\\\/fi\\\/oikaisukohteet\\\/helmakotelo\\\/#primaryimage\",\"url\":\"https:\\\/\\\/smartpuller.com\\\/\\\/wp-content\\\/uploads\\\/2016\\\/01\\\/Dent-pulling-box-structures-drawing1_hires.jpg\",\"contentUrl\":\"https:\\\/\\\/smartpuller.com\\\/\\\/wp-content\\\/uploads\\\/2016\\\/01\\\/Dent-pulling-box-structures-drawing1_hires.jpg\"},{\"@type\":\"BreadcrumbList\",\"@id\":\"https:\\\/\\\/smartpuller.com\\\/fi\\\/oikaisukohteet\\\/helmakotelo\\\/#breadcrumb\",\"itemListElement\":[{\"@type\":\"ListItem\",\"position\":1,\"name\":\"Home\",\"item\":\"https:\\\/\\\/smartpuller.com\\\/fi\\\/\"},{\"@type\":\"ListItem\",\"position\":2,\"name\":\"Oikaisukohteet\",\"item\":\"https:\\\/\\\/smartpuller.com\\\/fi\\\/oikaisukohteet\\\/\"},{\"@type\":\"ListItem\",\"position\":3,\"name\":\"Auton helmakotelon oikaisu\"}]},{\"@type\":\"WebSite\",\"@id\":\"https:\\\/\\\/smartpuller.com\\\/fi\\\/#website\",\"url\":\"https:\\\/\\\/smartpuller.com\\\/fi\\\/\",\"name\":\"SmartPuller\",\"description\":\"SmartPuller\",\"potentialAction\":[{\"@type\":\"SearchAction\",\"target\":{\"@type\":\"EntryPoint\",\"urlTemplate\":\"https:\\\/\\\/smartpuller.com\\\/fi\\\/?s={search_term_string}\"},\"query-input\":{\"@type\":\"PropertyValueSpecification\",\"valueRequired\":true,\"valueName\":\"search_term_string\"}}],\"inLanguage\":\"fi\"}]}<\/script>\n<!-- \/ Yoast SEO plugin. -->","yoast_head_json":{"title":"SmartPuller - Auton helmakotelon oikaisu","description":"SmartPullerin tekniikka mahdollistaa esim. helmakoteloiden oikaisut kaikkiin tarvittaviin suuntiin. S\u00e4\u00e4dett\u00e4vien tuentatassujen rakenne muotoutuu niin, etteiv\u00e4t tuentakohteet vaurioidu.","robots":{"index":"noindex","follow":"follow"},"og_locale":"fi_FI","og_type":"article","og_title":"SmartPuller - Auton helmakotelon oikaisu","og_description":"SmartPullerin tekniikka mahdollistaa esim. helmakoteloiden oikaisut kaikkiin tarvittaviin suuntiin. S\u00e4\u00e4dett\u00e4vien tuentatassujen rakenne muotoutuu niin, etteiv\u00e4t tuentakohteet vaurioidu.","og_url":"https:\/\/smartpuller.com\/fi\/oikaisukohteet\/helmakotelo\/","og_site_name":"SmartPuller","article_publisher":"https:\/\/www.facebook.com\/smartpuller\/","article_modified_time":"2017-11-15T09:52:32+00:00","og_image":[{"url":"https:\/\/smartpuller.com\/wp-content\/uploads\/2016\/02\/Dent-pulling-box-structures-picture3_hires.jpg","type":"","width":"","height":""}],"twitter_card":"summary_large_image","schema":{"@context":"https:\/\/schema.org","@graph":[{"@type":"WebPage","@id":"https:\/\/smartpuller.com\/fi\/oikaisukohteet\/helmakotelo\/","url":"https:\/\/smartpuller.com\/fi\/oikaisukohteet\/helmakotelo\/","name":"SmartPuller - Auton helmakotelon oikaisu","isPartOf":{"@id":"https:\/\/smartpuller.com\/fi\/#website"},"primaryImageOfPage":{"@id":"https:\/\/smartpuller.com\/fi\/oikaisukohteet\/helmakotelo\/#primaryimage"},"image":{"@id":"https:\/\/smartpuller.com\/fi\/oikaisukohteet\/helmakotelo\/#primaryimage"},"thumbnailUrl":"https:\/\/smartpuller.com\/\/wp-content\/uploads\/2016\/01\/Dent-pulling-box-structures-drawing1_hires.jpg","datePublished":"2016-01-13T09:19:36+00:00","dateModified":"2017-11-15T09:52:32+00:00","description":"SmartPullerin tekniikka mahdollistaa esim. helmakoteloiden oikaisut kaikkiin tarvittaviin suuntiin. S\u00e4\u00e4dett\u00e4vien tuentatassujen rakenne muotoutuu niin, etteiv\u00e4t tuentakohteet vaurioidu.","breadcrumb":{"@id":"https:\/\/smartpuller.com\/fi\/oikaisukohteet\/helmakotelo\/#breadcrumb"},"inLanguage":"fi","potentialAction":[{"@type":"ReadAction","target":["https:\/\/smartpuller.com\/fi\/oikaisukohteet\/helmakotelo\/"]}]},{"@type":"ImageObject","inLanguage":"fi","@id":"https:\/\/smartpuller.com\/fi\/oikaisukohteet\/helmakotelo\/#primaryimage","url":"https:\/\/smartpuller.com\/\/wp-content\/uploads\/2016\/01\/Dent-pulling-box-structures-drawing1_hires.jpg","contentUrl":"https:\/\/smartpuller.com\/\/wp-content\/uploads\/2016\/01\/Dent-pulling-box-structures-drawing1_hires.jpg"},{"@type":"BreadcrumbList","@id":"https:\/\/smartpuller.com\/fi\/oikaisukohteet\/helmakotelo\/#breadcrumb","itemListElement":[{"@type":"ListItem","position":1,"name":"Home","item":"https:\/\/smartpuller.com\/fi\/"},{"@type":"ListItem","position":2,"name":"Oikaisukohteet","item":"https:\/\/smartpuller.com\/fi\/oikaisukohteet\/"},{"@type":"ListItem","position":3,"name":"Auton helmakotelon oikaisu"}]},{"@type":"WebSite","@id":"https:\/\/smartpuller.com\/fi\/#website","url":"https:\/\/smartpuller.com\/fi\/","name":"SmartPuller","description":"SmartPuller","potentialAction":[{"@type":"SearchAction","target":{"@type":"EntryPoint","urlTemplate":"https:\/\/smartpuller.com\/fi\/?s={search_term_string}"},"query-input":{"@type":"PropertyValueSpecification","valueRequired":true,"valueName":"search_term_string"}}],"inLanguage":"fi"}]}},"_links":{"self":[{"href":"https:\/\/smartpuller.com\/fi\/wp-json\/wp\/v2\/pages\/292","targetHints":{"allow":["GET"]}}],"collection":[{"href":"https:\/\/smartpuller.com\/fi\/wp-json\/wp\/v2\/pages"}],"about":[{"href":"https:\/\/smartpuller.com\/fi\/wp-json\/wp\/v2\/types\/page"}],"author":[{"embeddable":true,"href":"https:\/\/smartpuller.com\/fi\/wp-json\/wp\/v2\/users\/101"}],"replies":[{"embeddable":true,"href":"https:\/\/smartpuller.com\/fi\/wp-json\/wp\/v2\/comments?post=292"}],"version-history":[{"count":0,"href":"https:\/\/smartpuller.com\/fi\/wp-json\/wp\/v2\/pages\/292\/revisions"}],"up":[{"embeddable":true,"href":"https:\/\/smartpuller.com\/fi\/wp-json\/wp\/v2\/pages\/262"}],"wp:attachment":[{"href":"https:\/\/smartpuller.com\/fi\/wp-json\/wp\/v2\/media?parent=292"}],"curies":[{"name":"wp","href":"https:\/\/api.w.org\/{rel}","templated":true}]}}