{"id":272,"date":"2016-01-13T11:22:01","date_gmt":"2016-01-13T09:22:01","guid":{"rendered":"https:\/\/smartpuller.com\/\/?page_id=272&#038;lang=fi"},"modified":"2024-11-22T15:59:19","modified_gmt":"2024-11-22T13:59:19","slug":"setit-ja-varusteet","status":"publish","type":"page","link":"https:\/\/smartpuller.com\/fi\/setit-ja-varusteet\/","title":{"rendered":"Setit ja varusteet"},"content":{"rendered":"<div id=\"pl-272\"  class=\"panel-layout\" ><div id=\"pg-272-0\"  class=\"panel-grid panel-no-style\" ><div id=\"pgc-272-0-0\"  class=\"panel-grid-cell\" ><div id=\"panel-272-0-0-0\" class=\"so-panel widget widget_sow-editor panel-first-child panel-last-child\" data-index=\"0\" ><div\n\t\t\t\n\t\t\tclass=\"so-widget-sow-editor so-widget-sow-editor-base\"\n\t\t\t\n\t\t>\n<div class=\"siteorigin-widget-tinymce textwidget\">\n\t<p>T\u00e4\u00e4ll\u00e4 n\u00e4et SmartPullerin settien erot ja kaikki tarjolla olevat SmartPuller lis\u00e4v\u00e4lineet l\u00f6yt\u00e4\u00e4ksesi parhaan vaihtoehdon tarpeisiisi.<\/p>\n<\/div>\n<\/div><\/div><\/div><\/div><div id=\"pg-272-1\"  class=\"panel-grid panel-no-style\" ><div id=\"pgc-272-1-0\"  class=\"panel-grid-cell\" ><div id=\"panel-272-1-0-0\" class=\"so-panel widget widget_sow-editor panel-first-child\" data-index=\"1\" ><div\n\t\t\t\n\t\t\tclass=\"so-widget-sow-editor so-widget-sow-editor-base\"\n\t\t\t\n\t\t>\n<div class=\"siteorigin-widget-tinymce textwidget\">\n\t<p><a href=\"https:\/\/smartpuller.com\/fi\/setit-ja-varusteet\/basic\/\"><\/p>\n<h4 class=\"galleriaotsikko\"><span>Basic+ set<\/span><\/h4>\n<p><img loading=\"lazy\" decoding=\"async\" class=\"alignnone size-full wp-image-650\" src=\"\/wp-content\/uploads\/2017\/01\/smartpuller_basic_p-set_dent_pulling_hires.jpg\" alt=\"smartpuller-dent-pulling-system-basic-set\" width=\"750\" height=\"1000\" \/><\/a><\/p>\n<\/div>\n<\/div><\/div><div id=\"panel-272-1-0-1\" class=\"so-panel widget widget_sow-editor panel-last-child\" data-index=\"2\" ><div\n\t\t\t\n\t\t\tclass=\"so-widget-sow-editor so-widget-sow-editor-base\"\n\t\t\t\n\t\t>\n<div class=\"siteorigin-widget-tinymce textwidget\">\n\t<p><a href=\"https:\/\/smartpuller.com\/fi\/setit-ja-varusteet\/smartpuller-air\/\"><\/p>\n<h4 class=\"galleriaotsikko\"><span>AIR set<\/span><\/h4>\n<p><img loading=\"lazy\" decoding=\"async\" class=\"alignnone size-full wp-image-2468383\" src=\"https:\/\/smartpuller.com\/wp-content\/uploads\/2024\/11\/smartpuller-air-set.jpg\" width=\"750\" height=\"1000\" \/><\/a><\/p>\n<\/div>\n<\/div><\/div><\/div><div id=\"pgc-272-1-1\"  class=\"panel-grid-cell\" ><div id=\"panel-272-1-1-0\" class=\"so-panel widget widget_sow-editor panel-first-child\" data-index=\"3\" ><div\n\t\t\t\n\t\t\tclass=\"so-widget-sow-editor so-widget-sow-editor-base\"\n\t\t\t\n\t\t>\n<div class=\"siteorigin-widget-tinymce textwidget\">\n\t<p><a href=\"https:\/\/smartpuller.com\/fi\/setit-ja-varusteet\/silver\/\"><\/p>\n<h4 class=\"galleriaotsikko\"><span>Silver set<\/span><\/h4>\n<p><img loading=\"lazy\" decoding=\"async\" class=\"alignnone size-full wp-image-652\" src=\"\/wp-content\/uploads\/2017\/01\/smartpuller_silver-set_dent_pulling.jpg\" alt=\"smartpuller-dent-pulling-system-silver-set\" width=\"750\" height=\"1000\" \/><\/a><\/p>\n<\/div>\n<\/div><\/div><div id=\"panel-272-1-1-1\" class=\"so-panel widget widget_sow-editor panel-last-child\" data-index=\"4\" ><div\n\t\t\t\n\t\t\tclass=\"so-widget-sow-editor so-widget-sow-editor-base\"\n\t\t\t\n\t\t>\n<div class=\"siteorigin-widget-tinymce textwidget\">\n\t<p>&nbsp;<\/p>\n<h4 class=\"galleriaotsikko\">AIR+ set<\/h4>\n<p><img loading=\"lazy\" decoding=\"async\" class=\"alignnone size-full wp-image-8468377\" src=\"https:\/\/smartpuller.com\/wp-content\/uploads\/2024\/11\/smartpuller-air-plus-set.jpg\" width=\"750\" height=\"1000\" \/><\/p>\n<\/div>\n<\/div><\/div><\/div><div id=\"pgc-272-1-2\"  class=\"panel-grid-cell\" ><div id=\"panel-272-1-2-0\" class=\"so-panel widget widget_sow-editor panel-first-child\" data-index=\"5\" ><div\n\t\t\t\n\t\t\tclass=\"so-widget-sow-editor so-widget-sow-editor-base\"\n\t\t\t\n\t\t>\n<div class=\"siteorigin-widget-tinymce textwidget\">\n\t<p><a href=\"https:\/\/smartpuller.com\/wp-content\/uploads\/2022\/10\/smartpuller-gold-set2.jpg\" data-rel=\"lightbox-image-0\" data-rl_title=\"\" data-rl_caption=\"\" title=\"\"><\/p>\n<h4 class=\"galleriaotsikko\"><span>Gold set<\/span><\/h4>\n<p><img loading=\"lazy\" decoding=\"async\" class=\"alignnone size-full wp-image-652\" src=\"https:\/\/smartpuller.com\/wp-content\/uploads\/2022\/10\/smartpuller-gold-set2.jpg\" alt=\"smartpuller-dent-pulling-system-silver-set\" width=\"750\" height=\"1000\" \/><\/a><\/p>\n<\/div>\n<\/div><\/div><div id=\"panel-272-1-2-1\" class=\"so-panel widget widget_sow-editor panel-last-child\" data-index=\"6\" ><div\n\t\t\t\n\t\t\tclass=\"so-widget-sow-editor so-widget-sow-editor-base\"\n\t\t\t\n\t\t>\n<div class=\"siteorigin-widget-tinymce textwidget\">\n\t<p><a href=\"https:\/\/smartpuller.com\/fi\/setit-ja-varusteet\/lisavalineet\/\"><\/p>\n<h4 class=\"galleriaotsikko\"><span>Lis\u00e4v\u00e4lineet<\/span><\/h4>\n<p><img loading=\"lazy\" decoding=\"async\" class=\"alignnone size-full wp-image-8468377\" src=\"https:\/\/smartpuller.com\/wp-content\/uploads\/2019\/12\/smartpuller_dent-repair-accessories.jpg\" width=\"750\" height=\"1000\" \/><\/a><\/p>\n<\/div>\n<\/div><\/div><\/div><\/div><\/div>","protected":false},"excerpt":{"rendered":"<p>T\u00e4\u00e4ll\u00e4 n\u00e4et SmartPullerin settien erot ja kaikki tarjolla olevat SmartPuller lis\u00e4v\u00e4lineet l\u00f6yt\u00e4\u00e4ksesi parhaan vaihtoehdon tarpeisiisi. Basic+ set AIR set Silver set &nbsp; AIR+ set Gold set Lis\u00e4v\u00e4lineet<\/p>\n","protected":false},"author":101,"featured_media":0,"parent":0,"menu_order":30,"comment_status":"closed","ping_status":"closed","template":"","meta":{"_genesis_hide_title":false,"_genesis_hide_breadcrumbs":false,"_genesis_hide_singular_image":false,"_genesis_hide_footer_widgets":false,"_genesis_custom_body_class":"","_genesis_custom_post_class":"","_genesis_layout":"","footnotes":""},"class_list":{"0":"post-272","1":"page","2":"type-page","3":"status-publish","5":"entry","6":"has-post-thumbnail"},"yoast_head":"<!-- This site is optimized with the Yoast SEO plugin v27.4 - https:\/\/yoast.com\/product\/yoast-seo-wordpress\/ -->\n<title>SmartPuller - setit ja varusteet<\/title>\n<meta name=\"description\" content=\"arkista t\u00e4\u00e4lt\u00e4 Basic+ ja Silver settien ero ja kaikki tarjolla olevat SmartPuller lis\u00e4v\u00e4lineet l\u00f6yt\u00e4\u00e4ksesi parhaan vaihtoehdon tarpeisiisi.\" \/>\n<meta name=\"robots\" content=\"index, follow, max-snippet:-1, max-image-preview:large, max-video-preview:-1\" \/>\n<link rel=\"canonical\" href=\"https:\/\/smartpuller.com\/fi\/setit-ja-varusteet\/\" \/>\n<meta property=\"og:locale\" content=\"fi_FI\" \/>\n<meta property=\"og:type\" content=\"article\" \/>\n<meta property=\"og:title\" content=\"SmartPuller - setit ja varusteet\" \/>\n<meta property=\"og:description\" content=\"arkista t\u00e4\u00e4lt\u00e4 Basic+ ja Silver settien ero ja kaikki tarjolla olevat SmartPuller lis\u00e4v\u00e4lineet l\u00f6yt\u00e4\u00e4ksesi parhaan vaihtoehdon tarpeisiisi.\" \/>\n<meta property=\"og:url\" content=\"https:\/\/smartpuller.com\/fi\/setit-ja-varusteet\/\" \/>\n<meta property=\"og:site_name\" content=\"SmartPuller\" \/>\n<meta property=\"article:publisher\" content=\"https:\/\/www.facebook.com\/smartpuller\/\" \/>\n<meta property=\"article:modified_time\" content=\"2024-11-22T13:59:19+00:00\" \/>\n<meta property=\"og:image\" content=\"https:\/\/smartpuller.com\/wp-content\/uploads\/2024\/11\/smartpuller-air-set.jpg\" \/>\n<meta name=\"twitter:card\" content=\"summary_large_image\" \/>\n<meta name=\"twitter:label1\" content=\"Arvioitu lukuaika\" \/>\n\t<meta name=\"twitter:data1\" content=\"2 minuuttia\" \/>\n<script type=\"application\/ld+json\" class=\"yoast-schema-graph\">{\"@context\":\"https:\\\/\\\/schema.org\",\"@graph\":[{\"@type\":\"WebPage\",\"@id\":\"https:\\\/\\\/smartpuller.com\\\/fi\\\/setit-ja-varusteet\\\/\",\"url\":\"https:\\\/\\\/smartpuller.com\\\/fi\\\/setit-ja-varusteet\\\/\",\"name\":\"SmartPuller - setit ja varusteet\",\"isPartOf\":{\"@id\":\"https:\\\/\\\/smartpuller.com\\\/fi\\\/#website\"},\"primaryImageOfPage\":{\"@id\":\"https:\\\/\\\/smartpuller.com\\\/fi\\\/setit-ja-varusteet\\\/#primaryimage\"},\"image\":{\"@id\":\"https:\\\/\\\/smartpuller.com\\\/fi\\\/setit-ja-varusteet\\\/#primaryimage\"},\"thumbnailUrl\":\"https:\\\/\\\/smartpuller.com\\\/wp-content\\\/uploads\\\/2024\\\/11\\\/smartpuller-air-set.jpg\",\"datePublished\":\"2016-01-13T09:22:01+00:00\",\"dateModified\":\"2024-11-22T13:59:19+00:00\",\"description\":\"arkista t\u00e4\u00e4lt\u00e4 Basic+ ja Silver settien ero ja kaikki tarjolla olevat SmartPuller lis\u00e4v\u00e4lineet l\u00f6yt\u00e4\u00e4ksesi parhaan vaihtoehdon tarpeisiisi.\",\"breadcrumb\":{\"@id\":\"https:\\\/\\\/smartpuller.com\\\/fi\\\/setit-ja-varusteet\\\/#breadcrumb\"},\"inLanguage\":\"fi\",\"potentialAction\":[{\"@type\":\"ReadAction\",\"target\":[\"https:\\\/\\\/smartpuller.com\\\/fi\\\/setit-ja-varusteet\\\/\"]}]},{\"@type\":\"ImageObject\",\"inLanguage\":\"fi\",\"@id\":\"https:\\\/\\\/smartpuller.com\\\/fi\\\/setit-ja-varusteet\\\/#primaryimage\",\"url\":\"https:\\\/\\\/smartpuller.com\\\/wp-content\\\/uploads\\\/2024\\\/11\\\/smartpuller-air-set.jpg\",\"contentUrl\":\"https:\\\/\\\/smartpuller.com\\\/wp-content\\\/uploads\\\/2024\\\/11\\\/smartpuller-air-set.jpg\"},{\"@type\":\"BreadcrumbList\",\"@id\":\"https:\\\/\\\/smartpuller.com\\\/fi\\\/setit-ja-varusteet\\\/#breadcrumb\",\"itemListElement\":[{\"@type\":\"ListItem\",\"position\":1,\"name\":\"Home\",\"item\":\"https:\\\/\\\/smartpuller.com\\\/fi\\\/\"},{\"@type\":\"ListItem\",\"position\":2,\"name\":\"Setit ja varusteet\"}]},{\"@type\":\"WebSite\",\"@id\":\"https:\\\/\\\/smartpuller.com\\\/fi\\\/#website\",\"url\":\"https:\\\/\\\/smartpuller.com\\\/fi\\\/\",\"name\":\"SmartPuller\",\"description\":\"SmartPuller\",\"potentialAction\":[{\"@type\":\"SearchAction\",\"target\":{\"@type\":\"EntryPoint\",\"urlTemplate\":\"https:\\\/\\\/smartpuller.com\\\/fi\\\/?s={search_term_string}\"},\"query-input\":{\"@type\":\"PropertyValueSpecification\",\"valueRequired\":true,\"valueName\":\"search_term_string\"}}],\"inLanguage\":\"fi\"}]}<\/script>\n<!-- \/ Yoast SEO plugin. -->","yoast_head_json":{"title":"SmartPuller - setit ja varusteet","description":"arkista t\u00e4\u00e4lt\u00e4 Basic+ ja Silver settien ero ja kaikki tarjolla olevat SmartPuller lis\u00e4v\u00e4lineet l\u00f6yt\u00e4\u00e4ksesi parhaan vaihtoehdon tarpeisiisi.","robots":{"index":"index","follow":"follow","max-snippet":"max-snippet:-1","max-image-preview":"max-image-preview:large","max-video-preview":"max-video-preview:-1"},"canonical":"https:\/\/smartpuller.com\/fi\/setit-ja-varusteet\/","og_locale":"fi_FI","og_type":"article","og_title":"SmartPuller - setit ja varusteet","og_description":"arkista t\u00e4\u00e4lt\u00e4 Basic+ ja Silver settien ero ja kaikki tarjolla olevat SmartPuller lis\u00e4v\u00e4lineet l\u00f6yt\u00e4\u00e4ksesi parhaan vaihtoehdon tarpeisiisi.","og_url":"https:\/\/smartpuller.com\/fi\/setit-ja-varusteet\/","og_site_name":"SmartPuller","article_publisher":"https:\/\/www.facebook.com\/smartpuller\/","article_modified_time":"2024-11-22T13:59:19+00:00","og_image":[{"url":"https:\/\/smartpuller.com\/wp-content\/uploads\/2024\/11\/smartpuller-air-set.jpg","type":"","width":"","height":""}],"twitter_card":"summary_large_image","twitter_misc":{"Arvioitu lukuaika":"2 minuuttia"},"schema":{"@context":"https:\/\/schema.org","@graph":[{"@type":"WebPage","@id":"https:\/\/smartpuller.com\/fi\/setit-ja-varusteet\/","url":"https:\/\/smartpuller.com\/fi\/setit-ja-varusteet\/","name":"SmartPuller - setit ja varusteet","isPartOf":{"@id":"https:\/\/smartpuller.com\/fi\/#website"},"primaryImageOfPage":{"@id":"https:\/\/smartpuller.com\/fi\/setit-ja-varusteet\/#primaryimage"},"image":{"@id":"https:\/\/smartpuller.com\/fi\/setit-ja-varusteet\/#primaryimage"},"thumbnailUrl":"https:\/\/smartpuller.com\/wp-content\/uploads\/2024\/11\/smartpuller-air-set.jpg","datePublished":"2016-01-13T09:22:01+00:00","dateModified":"2024-11-22T13:59:19+00:00","description":"arkista t\u00e4\u00e4lt\u00e4 Basic+ ja Silver settien ero ja kaikki tarjolla olevat SmartPuller lis\u00e4v\u00e4lineet l\u00f6yt\u00e4\u00e4ksesi parhaan vaihtoehdon tarpeisiisi.","breadcrumb":{"@id":"https:\/\/smartpuller.com\/fi\/setit-ja-varusteet\/#breadcrumb"},"inLanguage":"fi","potentialAction":[{"@type":"ReadAction","target":["https:\/\/smartpuller.com\/fi\/setit-ja-varusteet\/"]}]},{"@type":"ImageObject","inLanguage":"fi","@id":"https:\/\/smartpuller.com\/fi\/setit-ja-varusteet\/#primaryimage","url":"https:\/\/smartpuller.com\/wp-content\/uploads\/2024\/11\/smartpuller-air-set.jpg","contentUrl":"https:\/\/smartpuller.com\/wp-content\/uploads\/2024\/11\/smartpuller-air-set.jpg"},{"@type":"BreadcrumbList","@id":"https:\/\/smartpuller.com\/fi\/setit-ja-varusteet\/#breadcrumb","itemListElement":[{"@type":"ListItem","position":1,"name":"Home","item":"https:\/\/smartpuller.com\/fi\/"},{"@type":"ListItem","position":2,"name":"Setit ja varusteet"}]},{"@type":"WebSite","@id":"https:\/\/smartpuller.com\/fi\/#website","url":"https:\/\/smartpuller.com\/fi\/","name":"SmartPuller","description":"SmartPuller","potentialAction":[{"@type":"SearchAction","target":{"@type":"EntryPoint","urlTemplate":"https:\/\/smartpuller.com\/fi\/?s={search_term_string}"},"query-input":{"@type":"PropertyValueSpecification","valueRequired":true,"valueName":"search_term_string"}}],"inLanguage":"fi"}]}},"_links":{"self":[{"href":"https:\/\/smartpuller.com\/fi\/wp-json\/wp\/v2\/pages\/272","targetHints":{"allow":["GET"]}}],"collection":[{"href":"https:\/\/smartpuller.com\/fi\/wp-json\/wp\/v2\/pages"}],"about":[{"href":"https:\/\/smartpuller.com\/fi\/wp-json\/wp\/v2\/types\/page"}],"author":[{"embeddable":true,"href":"https:\/\/smartpuller.com\/fi\/wp-json\/wp\/v2\/users\/101"}],"replies":[{"embeddable":true,"href":"https:\/\/smartpuller.com\/fi\/wp-json\/wp\/v2\/comments?post=272"}],"version-history":[{"count":8,"href":"https:\/\/smartpuller.com\/fi\/wp-json\/wp\/v2\/pages\/272\/revisions"}],"predecessor-version":[{"id":2468667,"href":"https:\/\/smartpuller.com\/fi\/wp-json\/wp\/v2\/pages\/272\/revisions\/2468667"}],"wp:attachment":[{"href":"https:\/\/smartpuller.com\/fi\/wp-json\/wp\/v2\/media?parent=272"}],"curies":[{"name":"wp","href":"https:\/\/api.w.org\/{rel}","templated":true}]}}