{"id":271,"date":"2016-01-13T11:21:46","date_gmt":"2016-01-13T09:21:46","guid":{"rendered":"https:\/\/smartpuller.com\/\/?page_id=271&#038;lang=fi"},"modified":"2017-11-15T11:55:13","modified_gmt":"2017-11-15T09:55:13","slug":"kaksoisveto","status":"publish","type":"page","link":"https:\/\/smartpuller.com\/fi\/oikaisukohteet\/kaksoisveto\/","title":{"rendered":"Kaksoisveto"},"content":{"rendered":"<div id=\"pl-271\"  class=\"panel-layout\" ><div id=\"pg-271-0\"  class=\"panel-grid panel-no-style\" ><div id=\"pgc-271-0-0\"  class=\"panel-grid-cell\" ><div id=\"panel-271-0-0-0\" class=\"so-panel widget widget_sow-editor panel-first-child panel-last-child\" data-index=\"0\" ><div\n\t\t\t\n\t\t\tclass=\"so-widget-sow-editor so-widget-sow-editor-base\"\n\t\t\t\n\t\t>\n<div class=\"siteorigin-widget-tinymce textwidget\">\n\t<p><a href=\"https:\/\/smartpuller.com\/\/wp-content\/uploads\/2016\/01\/dent-pulling-double-pull_picture1.jpg\" rel=\"attachment wp-att-546 lightbox\" data-rel=\"lightbox-image-0\" data-rl_title=\"\" data-rl_caption=\"\" title=\"\"><img loading=\"lazy\" decoding=\"async\" class=\"alignnone size-full wp-image-546\" src=\"https:\/\/smartpuller.com\/\/wp-content\/uploads\/2016\/01\/dent-pulling-double-pull_picture1.jpg\" alt=\"dent-pulling-double-pull_picture1\" width=\"1000\" height=\"789\" srcset=\"https:\/\/smartpuller.com\/wp-content\/uploads\/2016\/01\/dent-pulling-double-pull_picture1.jpg 1000w, https:\/\/smartpuller.com\/wp-content\/uploads\/2016\/01\/dent-pulling-double-pull_picture1-600x473.jpg 600w, https:\/\/smartpuller.com\/wp-content\/uploads\/2016\/01\/dent-pulling-double-pull_picture1-300x237.jpg 300w, https:\/\/smartpuller.com\/wp-content\/uploads\/2016\/01\/dent-pulling-double-pull_picture1-768x606.jpg 768w\" sizes=\"auto, (max-width: 1000px) 100vw, 1000px\" \/><\/a><\/p>\n<\/div>\n<\/div><\/div><\/div><div id=\"pgc-271-0-1\"  class=\"panel-grid-cell\" ><div id=\"panel-271-0-1-0\" class=\"so-panel widget widget_sow-editor panel-first-child panel-last-child\" data-index=\"1\" ><div\n\t\t\t\n\t\t\tclass=\"so-widget-sow-editor so-widget-sow-editor-base\"\n\t\t\t\n\t\t>\n<div class=\"siteorigin-widget-tinymce textwidget\">\n\t<p><em>Suurempaa vetovoimaa tarvitseviin kohteisiin voidaan k\u00e4ytt\u00e4\u00e4 kahta vetoruuvia. Kahden vetoruuvin voima on yli 1000 kg, joka on usein riitt\u00e4v\u00e4 kuvissa esitettyihin kohteisiin. Toinen vetoruuvi on lis\u00e4varuste.<\/em><\/p>\n<div class=\"nappilinkki_tiivis\"><a href=\"https:\/\/smartpuller.com\/fi\/yhteydenotto\/myynti\/\">\u00bb Kuinka ostan<\/a><\/div>\n<\/div>\n<\/div><\/div><\/div><\/div><div id=\"pg-271-1\"  class=\"panel-grid panel-no-style\" ><div id=\"pgc-271-1-0\"  class=\"panel-grid-cell\" ><div id=\"panel-271-1-0-0\" class=\"so-panel widget widget_sow-editor panel-first-child panel-last-child\" data-index=\"2\" ><div\n\t\t\t\n\t\t\tclass=\"so-widget-sow-editor so-widget-sow-editor-base\"\n\t\t\t\n\t\t>\n<div class=\"siteorigin-widget-tinymce textwidget\">\n\t<p><a href=\"https:\/\/smartpuller.com\/\/wp-content\/uploads\/2016\/01\/dent-pulling-double-pull_picture2.jpg\" rel=\"attachment wp-att-548 lightbox\" data-rel=\"lightbox-image-1\" data-rl_title=\"\" data-rl_caption=\"\" title=\"\"><img loading=\"lazy\" decoding=\"async\" class=\"alignnone size-full wp-image-548\" src=\"https:\/\/smartpuller.com\/\/wp-content\/uploads\/2016\/01\/dent-pulling-double-pull_picture2.jpg\" alt=\"dent-pulling-double-pull_picture2\" width=\"1000\" height=\"825\" srcset=\"https:\/\/smartpuller.com\/wp-content\/uploads\/2016\/01\/dent-pulling-double-pull_picture2.jpg 1000w, https:\/\/smartpuller.com\/wp-content\/uploads\/2016\/01\/dent-pulling-double-pull_picture2-600x495.jpg 600w, https:\/\/smartpuller.com\/wp-content\/uploads\/2016\/01\/dent-pulling-double-pull_picture2-300x248.jpg 300w, https:\/\/smartpuller.com\/wp-content\/uploads\/2016\/01\/dent-pulling-double-pull_picture2-768x634.jpg 768w\" sizes=\"auto, (max-width: 1000px) 100vw, 1000px\" \/><\/a><\/p>\n<\/div>\n<\/div><\/div><\/div><div id=\"pgc-271-1-1\"  class=\"panel-grid-cell\" ><div id=\"panel-271-1-1-0\" class=\"so-panel widget widget_sow-editor panel-first-child panel-last-child\" data-index=\"3\" ><div\n\t\t\t\n\t\t\tclass=\"so-widget-sow-editor so-widget-sow-editor-base\"\n\t\t\t\n\t\t>\n<div class=\"siteorigin-widget-tinymce textwidget\">\n\t<p><a href=\"https:\/\/smartpuller.com\/\/wp-content\/uploads\/2016\/01\/dent-pulling-double-pull_picture3.jpg\" rel=\"attachment wp-att-550 lightbox\" data-rel=\"lightbox-image-2\" data-rl_title=\"\" data-rl_caption=\"\" title=\"\"><img loading=\"lazy\" decoding=\"async\" class=\"alignnone size-full wp-image-550\" src=\"https:\/\/smartpuller.com\/\/wp-content\/uploads\/2016\/01\/dent-pulling-double-pull_picture3.jpg\" alt=\"dent-pulling-double-pull_picture3\" width=\"1000\" height=\"750\" srcset=\"https:\/\/smartpuller.com\/wp-content\/uploads\/2016\/01\/dent-pulling-double-pull_picture3.jpg 1000w, https:\/\/smartpuller.com\/wp-content\/uploads\/2016\/01\/dent-pulling-double-pull_picture3-600x450.jpg 600w, https:\/\/smartpuller.com\/wp-content\/uploads\/2016\/01\/dent-pulling-double-pull_picture3-300x225.jpg 300w, https:\/\/smartpuller.com\/wp-content\/uploads\/2016\/01\/dent-pulling-double-pull_picture3-768x576.jpg 768w\" sizes=\"auto, (max-width: 1000px) 100vw, 1000px\" \/><\/a><\/p>\n<\/div>\n<\/div><\/div><\/div><\/div><div id=\"pg-271-2\"  class=\"panel-grid panel-no-style\" ><div id=\"pgc-271-2-0\"  class=\"panel-grid-cell\" ><div id=\"panel-271-2-0-0\" class=\"so-panel widget widget_sow-editor panel-first-child panel-last-child\" data-index=\"4\" ><div\n\t\t\t\n\t\t\tclass=\"so-widget-sow-editor so-widget-sow-editor-base\"\n\t\t\t\n\t\t>\n<div class=\"siteorigin-widget-tinymce textwidget\">\n\t<div class=\"accessories_area\">\n<h3>Lis\u00e4v\u00e4lineet<\/h3>\n<div id='gallery-1' class='gallery galleryid-271 gallery-columns-3 gallery-size-medium'><figure class='gallery-item'>\n\t\t\t<div class='gallery-icon landscape'>\n\t\t\t\t<a href='https:\/\/smartpuller.com\/wp-content\/uploads\/2016\/01\/a11p1-pulling-screw-dent-pulling_hires.jpg' title=\"\" data-rl_title=\"\" class=\"rl-gallery-link\" data-rl_caption=\"\" data-rel=\"lightbox-gallery-1\"><img loading=\"lazy\" decoding=\"async\" width=\"300\" height=\"300\" src=\"https:\/\/smartpuller.com\/wp-content\/uploads\/2016\/01\/a11p1-pulling-screw-dent-pulling_hires.jpg\" class=\"attachment-medium size-medium\" alt=\"\" aria-describedby=\"gallery-1-596\" srcset=\"https:\/\/smartpuller.com\/wp-content\/uploads\/2016\/01\/a11p1-pulling-screw-dent-pulling_hires.jpg 600w, https:\/\/smartpuller.com\/wp-content\/uploads\/2016\/01\/a11p1-pulling-screw-dent-pulling_hires-100x100.jpg 100w\" sizes=\"auto, (max-width: 300px) 100vw, 300px\" \/><\/a>\n\t\t\t<\/div>\n\t\t\t\t<figcaption class='wp-caption-text gallery-caption' id='gallery-1-596'>\n\t\t\t\tA-11+1\n\t\t\t\t<\/figcaption><\/figure><figure class='gallery-item'>\n\t\t\t<div class='gallery-icon landscape'>\n\t\t\t\t<a href='https:\/\/smartpuller.com\/wp-content\/uploads\/2016\/01\/h31p-gripper-dent-pulling_hires.jpg' title=\"\" data-rl_title=\"\" class=\"rl-gallery-link\" data-rl_caption=\"\" data-rel=\"lightbox-gallery-1\"><img loading=\"lazy\" decoding=\"async\" width=\"300\" height=\"300\" src=\"https:\/\/smartpuller.com\/wp-content\/uploads\/2016\/01\/h31p-gripper-dent-pulling_hires.jpg\" class=\"attachment-medium size-medium\" alt=\"\" aria-describedby=\"gallery-1-600\" srcset=\"https:\/\/smartpuller.com\/wp-content\/uploads\/2016\/01\/h31p-gripper-dent-pulling_hires.jpg 600w, https:\/\/smartpuller.com\/wp-content\/uploads\/2016\/01\/h31p-gripper-dent-pulling_hires-100x100.jpg 100w\" sizes=\"auto, (max-width: 300px) 100vw, 300px\" \/><\/a>\n\t\t\t<\/div>\n\t\t\t\t<figcaption class='wp-caption-text gallery-caption' id='gallery-1-600'>\n\t\t\t\tH31+\n\t\t\t\t<\/figcaption><\/figure><figure class='gallery-item'>\n\t\t\t<div class='gallery-icon landscape'>\n\t\t\t\t<a href='https:\/\/smartpuller.com\/wp-content\/uploads\/2016\/01\/h28p-gripper-dent-pulling_hires.jpg' title=\"\" data-rl_title=\"\" class=\"rl-gallery-link\" data-rl_caption=\"\" data-rel=\"lightbox-gallery-1\"><img loading=\"lazy\" decoding=\"async\" width=\"300\" height=\"300\" src=\"https:\/\/smartpuller.com\/wp-content\/uploads\/2016\/01\/h28p-gripper-dent-pulling_hires.jpg\" class=\"attachment-medium size-medium\" alt=\"\" aria-describedby=\"gallery-1-598\" srcset=\"https:\/\/smartpuller.com\/wp-content\/uploads\/2016\/01\/h28p-gripper-dent-pulling_hires.jpg 600w, https:\/\/smartpuller.com\/wp-content\/uploads\/2016\/01\/h28p-gripper-dent-pulling_hires-100x100.jpg 100w\" sizes=\"auto, (max-width: 300px) 100vw, 300px\" \/><\/a>\n\t\t\t<\/div>\n\t\t\t\t<figcaption class='wp-caption-text gallery-caption' id='gallery-1-598'>\n\t\t\t\tH28+\n\t\t\t\t<\/figcaption><\/figure>\n\t\t<\/div>\n\n\n<div><a href=\"https:\/\/smartpuller.com\/fi\/setit-ja-varusteet\/lisavalineet\/\">\u00bb Katso kaikki SmartPullerin lis\u00e4v\u00e4lineet<\/a><\/div>\n\n&nbsp;\n\n<\/div><\/div>\n<\/div><\/div><\/div><\/div><\/div>","protected":false},"excerpt":{"rendered":"<p>Suurempaa vetovoimaa tarvitseviin kohteisiin voidaan k\u00e4ytt\u00e4\u00e4 kahta vetoruuvia. Kahden vetoruuvin voima on yli 1000 kg, joka on usein riitt\u00e4v\u00e4 kuvissa esitettyihin kohteisiin. Toinen vetoruuvi on lis\u00e4varuste. \u00bb Kuinka ostan<\/p>\n","protected":false},"author":101,"featured_media":0,"parent":262,"menu_order":290,"comment_status":"closed","ping_status":"closed","template":"","meta":{"_genesis_hide_title":false,"_genesis_hide_breadcrumbs":false,"_genesis_hide_singular_image":false,"_genesis_hide_footer_widgets":false,"_genesis_custom_body_class":"","_genesis_custom_post_class":"","_genesis_layout":"","footnotes":""},"class_list":{"0":"post-271","1":"page","2":"type-page","3":"status-publish","5":"entry","6":"has-post-thumbnail"},"yoast_head":"<!-- This site is optimized with the Yoast SEO plugin v27.4 - https:\/\/yoast.com\/product\/yoast-seo-wordpress\/ -->\n<title>SmartPuller - Kaksoisveto<\/title>\n<meta name=\"description\" content=\"Suurempaa vetovoimaa tarvitseviin kohteisiin voidaan k\u00e4ytt\u00e4\u00e4 kahta vetoruuvia. Kahden vetoruuvin voima on yli 1000 kg.\" \/>\n<meta name=\"robots\" content=\"noindex, follow\" \/>\n<meta property=\"og:locale\" content=\"fi_FI\" \/>\n<meta property=\"og:type\" content=\"article\" \/>\n<meta property=\"og:title\" content=\"SmartPuller - Kaksoisveto\" \/>\n<meta property=\"og:description\" content=\"Suurempaa vetovoimaa tarvitseviin kohteisiin voidaan k\u00e4ytt\u00e4\u00e4 kahta vetoruuvia. Kahden vetoruuvin voima on yli 1000 kg.\" \/>\n<meta property=\"og:url\" content=\"https:\/\/smartpuller.com\/fi\/oikaisukohteet\/kaksoisveto\/\" \/>\n<meta property=\"og:site_name\" content=\"SmartPuller\" \/>\n<meta property=\"article:publisher\" content=\"https:\/\/www.facebook.com\/smartpuller\/\" \/>\n<meta property=\"article:modified_time\" content=\"2017-11-15T09:55:13+00:00\" \/>\n<meta property=\"og:image\" content=\"https:\/\/smartpuller.com\/wp-content\/uploads\/2016\/01\/a11p1-pulling-screw-dent-pulling_hires.jpg\" \/>\n<meta name=\"twitter:card\" content=\"summary_large_image\" \/>\n<script type=\"application\/ld+json\" class=\"yoast-schema-graph\">{\"@context\":\"https:\\\/\\\/schema.org\",\"@graph\":[{\"@type\":\"WebPage\",\"@id\":\"https:\\\/\\\/smartpuller.com\\\/fi\\\/oikaisukohteet\\\/kaksoisveto\\\/\",\"url\":\"https:\\\/\\\/smartpuller.com\\\/fi\\\/oikaisukohteet\\\/kaksoisveto\\\/\",\"name\":\"SmartPuller - Kaksoisveto\",\"isPartOf\":{\"@id\":\"https:\\\/\\\/smartpuller.com\\\/fi\\\/#website\"},\"primaryImageOfPage\":{\"@id\":\"https:\\\/\\\/smartpuller.com\\\/fi\\\/oikaisukohteet\\\/kaksoisveto\\\/#primaryimage\"},\"image\":{\"@id\":\"https:\\\/\\\/smartpuller.com\\\/fi\\\/oikaisukohteet\\\/kaksoisveto\\\/#primaryimage\"},\"thumbnailUrl\":\"https:\\\/\\\/smartpuller.com\\\/\\\/wp-content\\\/uploads\\\/2016\\\/01\\\/dent-pulling-double-pull_picture1.jpg\",\"datePublished\":\"2016-01-13T09:21:46+00:00\",\"dateModified\":\"2017-11-15T09:55:13+00:00\",\"description\":\"Suurempaa vetovoimaa tarvitseviin kohteisiin voidaan k\u00e4ytt\u00e4\u00e4 kahta vetoruuvia. Kahden vetoruuvin voima on yli 1000 kg.\",\"breadcrumb\":{\"@id\":\"https:\\\/\\\/smartpuller.com\\\/fi\\\/oikaisukohteet\\\/kaksoisveto\\\/#breadcrumb\"},\"inLanguage\":\"fi\",\"potentialAction\":[{\"@type\":\"ReadAction\",\"target\":[\"https:\\\/\\\/smartpuller.com\\\/fi\\\/oikaisukohteet\\\/kaksoisveto\\\/\"]}]},{\"@type\":\"ImageObject\",\"inLanguage\":\"fi\",\"@id\":\"https:\\\/\\\/smartpuller.com\\\/fi\\\/oikaisukohteet\\\/kaksoisveto\\\/#primaryimage\",\"url\":\"https:\\\/\\\/smartpuller.com\\\/\\\/wp-content\\\/uploads\\\/2016\\\/01\\\/dent-pulling-double-pull_picture1.jpg\",\"contentUrl\":\"https:\\\/\\\/smartpuller.com\\\/\\\/wp-content\\\/uploads\\\/2016\\\/01\\\/dent-pulling-double-pull_picture1.jpg\"},{\"@type\":\"BreadcrumbList\",\"@id\":\"https:\\\/\\\/smartpuller.com\\\/fi\\\/oikaisukohteet\\\/kaksoisveto\\\/#breadcrumb\",\"itemListElement\":[{\"@type\":\"ListItem\",\"position\":1,\"name\":\"Home\",\"item\":\"https:\\\/\\\/smartpuller.com\\\/fi\\\/\"},{\"@type\":\"ListItem\",\"position\":2,\"name\":\"Oikaisukohteet\",\"item\":\"https:\\\/\\\/smartpuller.com\\\/fi\\\/oikaisukohteet\\\/\"},{\"@type\":\"ListItem\",\"position\":3,\"name\":\"Kaksoisveto\"}]},{\"@type\":\"WebSite\",\"@id\":\"https:\\\/\\\/smartpuller.com\\\/fi\\\/#website\",\"url\":\"https:\\\/\\\/smartpuller.com\\\/fi\\\/\",\"name\":\"SmartPuller\",\"description\":\"SmartPuller\",\"potentialAction\":[{\"@type\":\"SearchAction\",\"target\":{\"@type\":\"EntryPoint\",\"urlTemplate\":\"https:\\\/\\\/smartpuller.com\\\/fi\\\/?s={search_term_string}\"},\"query-input\":{\"@type\":\"PropertyValueSpecification\",\"valueRequired\":true,\"valueName\":\"search_term_string\"}}],\"inLanguage\":\"fi\"}]}<\/script>\n<!-- \/ Yoast SEO plugin. -->","yoast_head_json":{"title":"SmartPuller - Kaksoisveto","description":"Suurempaa vetovoimaa tarvitseviin kohteisiin voidaan k\u00e4ytt\u00e4\u00e4 kahta vetoruuvia. Kahden vetoruuvin voima on yli 1000 kg.","robots":{"index":"noindex","follow":"follow"},"og_locale":"fi_FI","og_type":"article","og_title":"SmartPuller - Kaksoisveto","og_description":"Suurempaa vetovoimaa tarvitseviin kohteisiin voidaan k\u00e4ytt\u00e4\u00e4 kahta vetoruuvia. Kahden vetoruuvin voima on yli 1000 kg.","og_url":"https:\/\/smartpuller.com\/fi\/oikaisukohteet\/kaksoisveto\/","og_site_name":"SmartPuller","article_publisher":"https:\/\/www.facebook.com\/smartpuller\/","article_modified_time":"2017-11-15T09:55:13+00:00","og_image":[{"url":"https:\/\/smartpuller.com\/wp-content\/uploads\/2016\/01\/a11p1-pulling-screw-dent-pulling_hires.jpg","type":"","width":"","height":""}],"twitter_card":"summary_large_image","schema":{"@context":"https:\/\/schema.org","@graph":[{"@type":"WebPage","@id":"https:\/\/smartpuller.com\/fi\/oikaisukohteet\/kaksoisveto\/","url":"https:\/\/smartpuller.com\/fi\/oikaisukohteet\/kaksoisveto\/","name":"SmartPuller - Kaksoisveto","isPartOf":{"@id":"https:\/\/smartpuller.com\/fi\/#website"},"primaryImageOfPage":{"@id":"https:\/\/smartpuller.com\/fi\/oikaisukohteet\/kaksoisveto\/#primaryimage"},"image":{"@id":"https:\/\/smartpuller.com\/fi\/oikaisukohteet\/kaksoisveto\/#primaryimage"},"thumbnailUrl":"https:\/\/smartpuller.com\/\/wp-content\/uploads\/2016\/01\/dent-pulling-double-pull_picture1.jpg","datePublished":"2016-01-13T09:21:46+00:00","dateModified":"2017-11-15T09:55:13+00:00","description":"Suurempaa vetovoimaa tarvitseviin kohteisiin voidaan k\u00e4ytt\u00e4\u00e4 kahta vetoruuvia. Kahden vetoruuvin voima on yli 1000 kg.","breadcrumb":{"@id":"https:\/\/smartpuller.com\/fi\/oikaisukohteet\/kaksoisveto\/#breadcrumb"},"inLanguage":"fi","potentialAction":[{"@type":"ReadAction","target":["https:\/\/smartpuller.com\/fi\/oikaisukohteet\/kaksoisveto\/"]}]},{"@type":"ImageObject","inLanguage":"fi","@id":"https:\/\/smartpuller.com\/fi\/oikaisukohteet\/kaksoisveto\/#primaryimage","url":"https:\/\/smartpuller.com\/\/wp-content\/uploads\/2016\/01\/dent-pulling-double-pull_picture1.jpg","contentUrl":"https:\/\/smartpuller.com\/\/wp-content\/uploads\/2016\/01\/dent-pulling-double-pull_picture1.jpg"},{"@type":"BreadcrumbList","@id":"https:\/\/smartpuller.com\/fi\/oikaisukohteet\/kaksoisveto\/#breadcrumb","itemListElement":[{"@type":"ListItem","position":1,"name":"Home","item":"https:\/\/smartpuller.com\/fi\/"},{"@type":"ListItem","position":2,"name":"Oikaisukohteet","item":"https:\/\/smartpuller.com\/fi\/oikaisukohteet\/"},{"@type":"ListItem","position":3,"name":"Kaksoisveto"}]},{"@type":"WebSite","@id":"https:\/\/smartpuller.com\/fi\/#website","url":"https:\/\/smartpuller.com\/fi\/","name":"SmartPuller","description":"SmartPuller","potentialAction":[{"@type":"SearchAction","target":{"@type":"EntryPoint","urlTemplate":"https:\/\/smartpuller.com\/fi\/?s={search_term_string}"},"query-input":{"@type":"PropertyValueSpecification","valueRequired":true,"valueName":"search_term_string"}}],"inLanguage":"fi"}]}},"_links":{"self":[{"href":"https:\/\/smartpuller.com\/fi\/wp-json\/wp\/v2\/pages\/271","targetHints":{"allow":["GET"]}}],"collection":[{"href":"https:\/\/smartpuller.com\/fi\/wp-json\/wp\/v2\/pages"}],"about":[{"href":"https:\/\/smartpuller.com\/fi\/wp-json\/wp\/v2\/types\/page"}],"author":[{"embeddable":true,"href":"https:\/\/smartpuller.com\/fi\/wp-json\/wp\/v2\/users\/101"}],"replies":[{"embeddable":true,"href":"https:\/\/smartpuller.com\/fi\/wp-json\/wp\/v2\/comments?post=271"}],"version-history":[{"count":0,"href":"https:\/\/smartpuller.com\/fi\/wp-json\/wp\/v2\/pages\/271\/revisions"}],"up":[{"embeddable":true,"href":"https:\/\/smartpuller.com\/fi\/wp-json\/wp\/v2\/pages\/262"}],"wp:attachment":[{"href":"https:\/\/smartpuller.com\/fi\/wp-json\/wp\/v2\/media?parent=271"}],"curies":[{"name":"wp","href":"https:\/\/api.w.org\/{rel}","templated":true}]}}