{"id":270,"date":"2016-01-13T11:20:58","date_gmt":"2016-01-13T09:20:58","guid":{"rendered":"https:\/\/smartpuller.com\/\/?page_id=270&#038;lang=fi"},"modified":"2022-10-10T12:38:05","modified_gmt":"2022-10-10T09:38:05","slug":"ovet","status":"publish","type":"page","link":"https:\/\/smartpuller.com\/fi\/oikaisukohteet\/ovet\/","title":{"rendered":"Auton ovien pintapeltioikaisu"},"content":{"rendered":"<div id=\"pl-270\"  class=\"panel-layout\" ><div id=\"pg-270-0\"  class=\"panel-grid panel-no-style\" ><div id=\"pgc-270-0-0\"  class=\"panel-grid-cell\" ><div id=\"panel-270-0-0-0\" class=\"so-panel widget widget_text panel-first-child panel-last-child\" data-index=\"0\" >\t\t\t<div class=\"textwidget\"><h3>Auton oven syv\u00e4n painauman oikaisu<\/h3>\n<\/div>\n\t\t<\/div><\/div><\/div><div id=\"pg-270-1\"  class=\"panel-grid panel-no-style\" ><div id=\"pgc-270-1-0\"  class=\"panel-grid-cell\" ><div id=\"panel-270-1-0-0\" class=\"so-panel widget widget_media_gallery panel-first-child panel-last-child\" data-index=\"1\" ><div id='gallery-1' class='gallery galleryid-270 gallery-columns-2 gallery-size-large'><figure class='gallery-item'>\n\t\t\t<div class='gallery-icon landscape'>\n\t\t\t\t<a href='https:\/\/smartpuller.com\/wp-content\/uploads\/2022\/09\/autorobot-smartpuller-pulling-dent-on-vehicle-door-1.jpg' title=\"\" data-rl_title=\"\" class=\"rl-gallery-link\" data-rl_caption=\"\" data-rel=\"lightbox-gallery-1\"><img loading=\"lazy\" decoding=\"async\" width=\"1024\" height=\"768\" src=\"https:\/\/smartpuller.com\/wp-content\/uploads\/2022\/09\/autorobot-smartpuller-pulling-dent-on-vehicle-door-1-1024x768.jpg\" class=\"attachment-large size-large\" alt=\"\" srcset=\"https:\/\/smartpuller.com\/wp-content\/uploads\/2022\/09\/autorobot-smartpuller-pulling-dent-on-vehicle-door-1-1024x768.jpg 1024w, https:\/\/smartpuller.com\/wp-content\/uploads\/2022\/09\/autorobot-smartpuller-pulling-dent-on-vehicle-door-1-300x225.jpg 300w, https:\/\/smartpuller.com\/wp-content\/uploads\/2022\/09\/autorobot-smartpuller-pulling-dent-on-vehicle-door-1-768x576.jpg 768w, https:\/\/smartpuller.com\/wp-content\/uploads\/2022\/09\/autorobot-smartpuller-pulling-dent-on-vehicle-door-1-1536x1152.jpg 1536w, https:\/\/smartpuller.com\/wp-content\/uploads\/2022\/09\/autorobot-smartpuller-pulling-dent-on-vehicle-door-1.jpg 1600w\" sizes=\"auto, (max-width: 1024px) 100vw, 1024px\" \/><\/a>\n\t\t\t<\/div><\/figure><figure class='gallery-item'>\n\t\t\t<div class='gallery-icon landscape'>\n\t\t\t\t<a href='https:\/\/smartpuller.com\/wp-content\/uploads\/2022\/09\/autorobot-smartpuller-pulling-dent-on-vehicle-door-2.jpg' title=\"\" data-rl_title=\"\" class=\"rl-gallery-link\" data-rl_caption=\"\" data-rel=\"lightbox-gallery-1\"><img loading=\"lazy\" decoding=\"async\" width=\"1024\" height=\"768\" src=\"https:\/\/smartpuller.com\/wp-content\/uploads\/2022\/09\/autorobot-smartpuller-pulling-dent-on-vehicle-door-2-1024x768.jpg\" class=\"attachment-large size-large\" alt=\"\" srcset=\"https:\/\/smartpuller.com\/wp-content\/uploads\/2022\/09\/autorobot-smartpuller-pulling-dent-on-vehicle-door-2-1024x768.jpg 1024w, https:\/\/smartpuller.com\/wp-content\/uploads\/2022\/09\/autorobot-smartpuller-pulling-dent-on-vehicle-door-2-300x225.jpg 300w, https:\/\/smartpuller.com\/wp-content\/uploads\/2022\/09\/autorobot-smartpuller-pulling-dent-on-vehicle-door-2-768x576.jpg 768w, https:\/\/smartpuller.com\/wp-content\/uploads\/2022\/09\/autorobot-smartpuller-pulling-dent-on-vehicle-door-2-1536x1152.jpg 1536w, https:\/\/smartpuller.com\/wp-content\/uploads\/2022\/09\/autorobot-smartpuller-pulling-dent-on-vehicle-door-2.jpg 1600w\" sizes=\"auto, (max-width: 1024px) 100vw, 1024px\" \/><\/a>\n\t\t\t<\/div><\/figure><figure class='gallery-item'>\n\t\t\t<div class='gallery-icon landscape'>\n\t\t\t\t<a href='https:\/\/smartpuller.com\/wp-content\/uploads\/2022\/09\/autorobot-smartpuller-pulling-dent-on-vehicle-door-3.jpg' title=\"\" data-rl_title=\"\" class=\"rl-gallery-link\" data-rl_caption=\"\" data-rel=\"lightbox-gallery-1\"><img loading=\"lazy\" decoding=\"async\" width=\"1024\" height=\"768\" src=\"https:\/\/smartpuller.com\/wp-content\/uploads\/2022\/09\/autorobot-smartpuller-pulling-dent-on-vehicle-door-3-1024x768.jpg\" class=\"attachment-large size-large\" alt=\"\" srcset=\"https:\/\/smartpuller.com\/wp-content\/uploads\/2022\/09\/autorobot-smartpuller-pulling-dent-on-vehicle-door-3-1024x768.jpg 1024w, https:\/\/smartpuller.com\/wp-content\/uploads\/2022\/09\/autorobot-smartpuller-pulling-dent-on-vehicle-door-3-300x225.jpg 300w, https:\/\/smartpuller.com\/wp-content\/uploads\/2022\/09\/autorobot-smartpuller-pulling-dent-on-vehicle-door-3-768x576.jpg 768w, https:\/\/smartpuller.com\/wp-content\/uploads\/2022\/09\/autorobot-smartpuller-pulling-dent-on-vehicle-door-3-1536x1152.jpg 1536w, https:\/\/smartpuller.com\/wp-content\/uploads\/2022\/09\/autorobot-smartpuller-pulling-dent-on-vehicle-door-3.jpg 1600w\" sizes=\"auto, (max-width: 1024px) 100vw, 1024px\" \/><\/a>\n\t\t\t<\/div><\/figure><figure class='gallery-item'>\n\t\t\t<div class='gallery-icon landscape'>\n\t\t\t\t<a href='https:\/\/smartpuller.com\/wp-content\/uploads\/2022\/09\/autorobot-smartpuller-pulling-dent-on-vehicle-door-4.jpg' title=\"\" data-rl_title=\"\" class=\"rl-gallery-link\" data-rl_caption=\"\" data-rel=\"lightbox-gallery-1\"><img loading=\"lazy\" decoding=\"async\" width=\"1024\" height=\"768\" src=\"https:\/\/smartpuller.com\/wp-content\/uploads\/2022\/09\/autorobot-smartpuller-pulling-dent-on-vehicle-door-4-1024x768.jpg\" class=\"attachment-large size-large\" alt=\"\" srcset=\"https:\/\/smartpuller.com\/wp-content\/uploads\/2022\/09\/autorobot-smartpuller-pulling-dent-on-vehicle-door-4-1024x768.jpg 1024w, https:\/\/smartpuller.com\/wp-content\/uploads\/2022\/09\/autorobot-smartpuller-pulling-dent-on-vehicle-door-4-300x225.jpg 300w, https:\/\/smartpuller.com\/wp-content\/uploads\/2022\/09\/autorobot-smartpuller-pulling-dent-on-vehicle-door-4-768x576.jpg 768w, https:\/\/smartpuller.com\/wp-content\/uploads\/2022\/09\/autorobot-smartpuller-pulling-dent-on-vehicle-door-4-1536x1152.jpg 1536w, https:\/\/smartpuller.com\/wp-content\/uploads\/2022\/09\/autorobot-smartpuller-pulling-dent-on-vehicle-door-4.jpg 1600w\" sizes=\"auto, (max-width: 1024px) 100vw, 1024px\" \/><\/a>\n\t\t\t<\/div><\/figure>\n\t\t<\/div>\n<\/div><\/div><\/div><div id=\"pg-270-2\"  class=\"panel-grid panel-no-style\" ><div id=\"pgc-270-2-0\"  class=\"panel-grid-cell\" ><div id=\"panel-270-2-0-0\" class=\"so-panel widget widget_text panel-first-child panel-last-child\" data-index=\"2\" >\t\t\t<div class=\"textwidget\"><h3>Auton oven pintapeltioikaisu lis\u00e4sarjalla<\/h3>\n<\/div>\n\t\t<\/div><\/div><\/div><div id=\"pg-270-3\"  class=\"panel-grid panel-no-style\" ><div id=\"pgc-270-3-0\"  class=\"panel-grid-cell\" ><div id=\"panel-270-3-0-0\" class=\"so-panel widget widget_sow-editor panel-first-child panel-last-child\" data-index=\"3\" ><div\n\t\t\t\n\t\t\tclass=\"so-widget-sow-editor so-widget-sow-editor-base\"\n\t\t\t\n\t\t>\n<div class=\"siteorigin-widget-tinymce textwidget\">\n\t<p><a href=\"https:\/\/smartpuller.com\/wp-content\/uploads\/2022\/10\/autorobot-smartpuller-door-and-wheel-set.jpg\" rel=\"attachment wp-att-1214125 lightbox\" data-rel=\"lightbox-image-4\" data-rl_title=\"\" data-rl_caption=\"\" title=\"\"><img loading=\"lazy\" decoding=\"async\" class=\"alignnone size-full wp-image-1214125\" src=\"https:\/\/smartpuller.com\/wp-content\/uploads\/2022\/10\/autorobot-smartpuller-door-and-wheel-set.jpg\" width=\"685\" height=\"1000\" \/><\/a><br \/>\n<em>A-14+11-12 Auton ovien ja renkaiden k\u00e4sittelyn lis\u00e4sarja<\/em><\/p>\n<\/div>\n<\/div><\/div><\/div><div id=\"pgc-270-3-1\"  class=\"panel-grid-cell\" ><div id=\"panel-270-3-1-0\" class=\"so-panel widget widget_sow-editor panel-first-child panel-last-child\" data-index=\"4\" ><div\n\t\t\t\n\t\t\tclass=\"so-widget-sow-editor so-widget-sow-editor-base\"\n\t\t\t\n\t\t>\n<div class=\"siteorigin-widget-tinymce textwidget\">\n\t<p><em>Ovisarja soveltuu pienten ja isojen auton ovien irrotukseen ja kiinnitykseen.<\/em><\/p>\n<\/div>\n<\/div><\/div><\/div><\/div><div id=\"pg-270-4\"  class=\"panel-grid panel-no-style\" ><div id=\"pgc-270-4-0\"  class=\"panel-grid-cell\" ><div id=\"panel-270-4-0-0\" class=\"so-panel widget widget_sow-editor panel-first-child panel-last-child\" data-index=\"5\" ><div\n\t\t\t\n\t\t\tclass=\"so-widget-sow-editor so-widget-sow-editor-base\"\n\t\t\t\n\t\t>\n<div class=\"siteorigin-widget-tinymce textwidget\">\n\t<p><a href=\"https:\/\/smartpuller.com\/\/wp-content\/uploads\/2019\/12\/A-14p11-14_picture2.jpg\" rel=\"attachment wp-att-1214128 lightbox\" data-rel=\"lightbox-image-5\" data-rl_title=\"\" data-rl_caption=\"\" title=\"\"><img loading=\"lazy\" decoding=\"async\" class=\"alignnone wp-image-1214128\" src=\"https:\/\/smartpuller.com\/\/wp-content\/uploads\/2019\/12\/A-14p11-14_picture2.jpg\" alt=\"Auton oven korjaus ja siirto\" width=\"321\" height=\"420\" \/><\/a><\/p>\n<\/div>\n<\/div><\/div><\/div><div id=\"pgc-270-4-1\"  class=\"panel-grid-cell\" ><div id=\"panel-270-4-1-0\" class=\"so-panel widget widget_sow-editor panel-first-child panel-last-child\" data-index=\"6\" ><div\n\t\t\t\n\t\t\tclass=\"so-widget-sow-editor so-widget-sow-editor-base\"\n\t\t\t\n\t\t>\n<div class=\"siteorigin-widget-tinymce textwidget\">\n\t<p><em>SmartPullerin lis\u00e4sarja helpottaa ovien k\u00e4sittely\u00e4 esim. oven vaihtoty\u00f6ss\u00e4. Oven asennus on helppoa, kun sen korkeuss\u00e4\u00e4t\u00f6 voidaan tehd\u00e4 ruuvilla.<\/em><\/p>\n<\/div>\n<\/div><\/div><\/div><\/div><div id=\"pg-270-5\"  class=\"panel-grid panel-no-style\" ><div id=\"pgc-270-5-0\"  class=\"panel-grid-cell\" ><div id=\"panel-270-5-0-0\" class=\"so-panel widget widget_sow-editor panel-first-child panel-last-child\" data-index=\"7\" ><div\n\t\t\t\n\t\t\tclass=\"so-widget-sow-editor so-widget-sow-editor-base\"\n\t\t\t\n\t\t>\n<div class=\"siteorigin-widget-tinymce textwidget\">\n\t<p><a href=\"https:\/\/smartpuller.com\/\/wp-content\/uploads\/2019\/12\/A-14p11-14_picture6.jpg\" rel=\"attachment wp-att-1214140 lightbox\" data-rel=\"lightbox-image-6\" data-rl_title=\"\" data-rl_caption=\"\" title=\"\"><img loading=\"lazy\" decoding=\"async\" class=\"alignnone size-full wp-image-1214140\" src=\"https:\/\/smartpuller.com\/\/wp-content\/uploads\/2019\/12\/A-14p11-14_picture6.jpg\" alt=\"SmartPullerin lis\u00e4sarja oven k\u00e4sittelyyn.\" width=\"1000\" height=\"752\" \/><\/a><br \/>\n<em>Kuva esitt\u00e4\u00e4, kuinka oven karmi voi nousta tai laskea pehmustetussa yl\u00e4pitimess\u00e4 korkeutta s\u00e4\u00e4dett\u00e4ess\u00e4.<\/em><\/p>\n<\/div>\n<\/div><\/div><\/div><div id=\"pgc-270-5-1\"  class=\"panel-grid-cell\" ><div id=\"panel-270-5-1-0\" class=\"so-panel widget widget_sow-editor panel-first-child panel-last-child\" data-index=\"8\" ><div\n\t\t\t\n\t\t\tclass=\"so-widget-sow-editor so-widget-sow-editor-base\"\n\t\t\t\n\t\t>\n<div class=\"siteorigin-widget-tinymce textwidget\">\n\t<p><a href=\"https:\/\/smartpuller.com\/\/wp-content\/uploads\/2019\/12\/A-14p11-14_picture2_detail.jpg\" rel=\"attachment wp-att-1214190 lightbox\" data-rel=\"lightbox-image-7\" data-rl_title=\"\" data-rl_caption=\"\" title=\"\"><img loading=\"lazy\" decoding=\"async\" class=\"alignnone wp-image-1214190\" src=\"https:\/\/smartpuller.com\/\/wp-content\/uploads\/2019\/12\/A-14p11-14_picture2_detail.jpg\" alt=\"dent-pulling-door-handling_picture3\" width=\"966\" height=\"717\" \/><\/a><br \/>\n<em>Oven alapidin on varustettu pehmusteella, joten sarja sopii my\u00f6s maalatuille oville.<\/em><\/p>\n<\/div>\n<\/div><\/div><\/div><\/div><div id=\"pg-270-6\"  class=\"panel-grid panel-no-style\" ><div id=\"pgc-270-6-0\"  class=\"panel-grid-cell\" ><div id=\"panel-270-6-0-0\" class=\"so-panel widget widget_sow-editor panel-first-child panel-last-child\" data-index=\"9\" ><div\n\t\t\t\n\t\t\tclass=\"so-widget-sow-editor so-widget-sow-editor-base\"\n\t\t\t\n\t\t>\n<div class=\"siteorigin-widget-tinymce textwidget\">\n\t<p><em>SmartPullerin lis\u00e4sarja toimii raskaiden ovien k\u00e4sittelyss\u00e4, jossa k\u00e4ytet\u00e4\u00e4n oven yl\u00e4kantista puristavaa monitoimipidint\u00e4.<\/em><\/p>\n<p><img loading=\"lazy\" decoding=\"async\" class=\"alignleft size-full wp-image-1214137\" src=\"https:\/\/smartpuller.com\/wp-content\/uploads\/2019\/12\/A-14p11-14_picture5.jpg\" alt=\"A-14+11-14 Pakettiauton oven k\u00e4sittely ja siirto\" width=\"1200\" height=\"1600\" srcset=\"https:\/\/smartpuller.com\/wp-content\/uploads\/2019\/12\/A-14p11-14_picture5.jpg 1200w, https:\/\/smartpuller.com\/wp-content\/uploads\/2019\/12\/A-14p11-14_picture5-225x300.jpg 225w, https:\/\/smartpuller.com\/wp-content\/uploads\/2019\/12\/A-14p11-14_picture5-768x1024.jpg 768w, https:\/\/smartpuller.com\/wp-content\/uploads\/2019\/12\/A-14p11-14_picture5-1152x1536.jpg 1152w\" sizes=\"auto, (max-width: 1200px) 100vw, 1200px\" \/><\/p>\n<\/div>\n<\/div><\/div><\/div><div id=\"pgc-270-6-1\"  class=\"panel-grid-cell\" ><div id=\"panel-270-6-1-0\" class=\"so-panel widget widget_sow-editor panel-first-child panel-last-child\" data-index=\"10\" ><div\n\t\t\t\n\t\t\tclass=\"so-widget-sow-editor so-widget-sow-editor-base\"\n\t\t\t\n\t\t>\n<div class=\"siteorigin-widget-tinymce textwidget\">\n\t<p><a href=\"https:\/\/smartpuller.com\/\/wp-content\/uploads\/2019\/12\/A-14p11-14_picture4.jpg\" rel=\"attachment wp-att-1214134 lightbox\" data-rel=\"lightbox-image-8\" data-rl_title=\"\" data-rl_caption=\"\" title=\"\"><img loading=\"lazy\" decoding=\"async\" class=\"alignnone  wp-image-1214134\" src=\"https:\/\/smartpuller.com\/\/wp-content\/uploads\/2019\/12\/A-14p11-14_picture4.jpg\" alt=\"Pakettiauton oven k\u00e4sittely ja siirto A-14+11-14 sarjalla.\" width=\"402\" height=\"524\" \/><\/a><\/p>\n<\/div>\n<\/div><\/div><\/div><\/div><div id=\"pg-270-7\"  class=\"panel-grid panel-no-style\" ><div id=\"pgc-270-7-0\"  class=\"panel-grid-cell\" ><div id=\"panel-270-7-0-0\" class=\"so-panel widget widget_sow-editor panel-first-child panel-last-child\" data-index=\"11\" ><div\n\t\t\t\n\t\t\tclass=\"so-widget-sow-editor so-widget-sow-editor-base\"\n\t\t\t\n\t\t>\n<div class=\"siteorigin-widget-tinymce textwidget\">\n\t<p><a href=\"https:\/\/smartpuller.com\/\/wp-content\/uploads\/2019\/12\/A-14p11-14_picture7.jpg\" rel=\"attachment wp-att-1214143 lightbox\" data-rel=\"lightbox-image-9\" data-rl_title=\"\" data-rl_caption=\"\" title=\"\"><img loading=\"lazy\" decoding=\"async\" class=\"alignnone size-full wp-image-1214143\" src=\"https:\/\/smartpuller.com\/\/wp-content\/uploads\/2019\/12\/A-14p11-14_picture7.jpg\" alt=\"SmartPullerin lis\u00e4sarja oven k\u00e4sittelyyn.\" width=\"1000\" height=\"750\" \/><\/a><\/p>\n<div class=\"nappilinkki_tiivis\"><a href=\"https:\/\/smartpuller.com\/fi\/yhteydenotto\/myynti\/\">\u00bb Kuinka ostan<\/a><\/div>\n<\/div>\n<\/div><\/div><\/div><div id=\"pgc-270-7-1\"  class=\"panel-grid-cell\" ><div id=\"panel-270-7-1-0\" class=\"so-panel widget widget_sow-editor panel-first-child panel-last-child\" data-index=\"12\" ><div\n\t\t\t\n\t\t\tclass=\"so-widget-sow-editor so-widget-sow-editor-base\"\n\t\t\t\n\t\t>\n<div class=\"siteorigin-widget-tinymce textwidget\">\n\t<p><em>Auton ovi voidaan siirt\u00e4\u00e4 irrotuksen j\u00e4lkeen SmartPullerin py\u00f6rien avulla haluttuun paikkaan.<\/em><\/p>\n<\/div>\n<\/div><\/div><\/div><\/div><\/div>","protected":false},"excerpt":{"rendered":"<p>Auton oven syv\u00e4n painauman oikaisu<\/p>\n","protected":false},"author":101,"featured_media":0,"parent":262,"menu_order":280,"comment_status":"closed","ping_status":"closed","template":"","meta":{"_genesis_hide_title":false,"_genesis_hide_breadcrumbs":false,"_genesis_hide_singular_image":false,"_genesis_hide_footer_widgets":false,"_genesis_custom_body_class":"","_genesis_custom_post_class":"","_genesis_layout":"","footnotes":""},"class_list":{"0":"post-270","1":"page","2":"type-page","3":"status-publish","5":"entry","6":"has-post-thumbnail"},"yoast_head":"<!-- This site is optimized with the Yoast SEO plugin v27.4 - https:\/\/yoast.com\/product\/yoast-seo-wordpress\/ -->\n<title>SmartPuller - Ovien k\u00e4sittely lis\u00e4sarjalla<\/title>\n<meta name=\"description\" content=\"SmartPullerin lis\u00e4sarja helpottaa ovien k\u00e4sittely\u00e4 esim. oven vaihtoty\u00f6ss\u00e4.Oven asennus on helppoa lis\u00e4sarjalla.\" \/>\n<meta name=\"robots\" content=\"noindex, follow\" \/>\n<meta property=\"og:locale\" content=\"fi_FI\" \/>\n<meta property=\"og:type\" content=\"article\" \/>\n<meta property=\"og:title\" content=\"SmartPuller - Ovien k\u00e4sittely lis\u00e4sarjalla\" \/>\n<meta property=\"og:description\" content=\"SmartPullerin lis\u00e4sarja helpottaa ovien k\u00e4sittely\u00e4 esim. oven vaihtoty\u00f6ss\u00e4.Oven asennus on helppoa lis\u00e4sarjalla.\" \/>\n<meta property=\"og:url\" content=\"https:\/\/smartpuller.com\/fi\/oikaisukohteet\/ovet\/\" \/>\n<meta property=\"og:site_name\" content=\"SmartPuller\" \/>\n<meta property=\"article:publisher\" content=\"https:\/\/www.facebook.com\/smartpuller\/\" \/>\n<meta property=\"article:modified_time\" content=\"2022-10-10T09:38:05+00:00\" \/>\n<meta property=\"og:image\" content=\"https:\/\/smartpuller.com\/wp-content\/uploads\/2022\/10\/autorobot-smartpuller-door-and-wheel-set.jpg\" \/>\n<meta name=\"twitter:card\" content=\"summary_large_image\" \/>\n<meta name=\"twitter:label1\" content=\"Arvioitu lukuaika\" \/>\n\t<meta name=\"twitter:data1\" content=\"1 minuutti\" \/>\n<script type=\"application\/ld+json\" class=\"yoast-schema-graph\">{\"@context\":\"https:\\\/\\\/schema.org\",\"@graph\":[{\"@type\":\"WebPage\",\"@id\":\"https:\\\/\\\/smartpuller.com\\\/fi\\\/oikaisukohteet\\\/ovet\\\/\",\"url\":\"https:\\\/\\\/smartpuller.com\\\/fi\\\/oikaisukohteet\\\/ovet\\\/\",\"name\":\"SmartPuller - Ovien k\u00e4sittely lis\u00e4sarjalla\",\"isPartOf\":{\"@id\":\"https:\\\/\\\/smartpuller.com\\\/fi\\\/#website\"},\"primaryImageOfPage\":{\"@id\":\"https:\\\/\\\/smartpuller.com\\\/fi\\\/oikaisukohteet\\\/ovet\\\/#primaryimage\"},\"image\":{\"@id\":\"https:\\\/\\\/smartpuller.com\\\/fi\\\/oikaisukohteet\\\/ovet\\\/#primaryimage\"},\"thumbnailUrl\":\"https:\\\/\\\/smartpuller.com\\\/wp-content\\\/uploads\\\/2022\\\/10\\\/autorobot-smartpuller-door-and-wheel-set.jpg\",\"datePublished\":\"2016-01-13T09:20:58+00:00\",\"dateModified\":\"2022-10-10T09:38:05+00:00\",\"description\":\"SmartPullerin lis\u00e4sarja helpottaa ovien k\u00e4sittely\u00e4 esim. oven vaihtoty\u00f6ss\u00e4.Oven asennus on helppoa lis\u00e4sarjalla.\",\"breadcrumb\":{\"@id\":\"https:\\\/\\\/smartpuller.com\\\/fi\\\/oikaisukohteet\\\/ovet\\\/#breadcrumb\"},\"inLanguage\":\"fi\",\"potentialAction\":[{\"@type\":\"ReadAction\",\"target\":[\"https:\\\/\\\/smartpuller.com\\\/fi\\\/oikaisukohteet\\\/ovet\\\/\"]}]},{\"@type\":\"ImageObject\",\"inLanguage\":\"fi\",\"@id\":\"https:\\\/\\\/smartpuller.com\\\/fi\\\/oikaisukohteet\\\/ovet\\\/#primaryimage\",\"url\":\"https:\\\/\\\/smartpuller.com\\\/wp-content\\\/uploads\\\/2022\\\/10\\\/autorobot-smartpuller-door-and-wheel-set.jpg\",\"contentUrl\":\"https:\\\/\\\/smartpuller.com\\\/wp-content\\\/uploads\\\/2022\\\/10\\\/autorobot-smartpuller-door-and-wheel-set.jpg\"},{\"@type\":\"BreadcrumbList\",\"@id\":\"https:\\\/\\\/smartpuller.com\\\/fi\\\/oikaisukohteet\\\/ovet\\\/#breadcrumb\",\"itemListElement\":[{\"@type\":\"ListItem\",\"position\":1,\"name\":\"Home\",\"item\":\"https:\\\/\\\/smartpuller.com\\\/fi\\\/\"},{\"@type\":\"ListItem\",\"position\":2,\"name\":\"Oikaisukohteet\",\"item\":\"https:\\\/\\\/smartpuller.com\\\/fi\\\/oikaisukohteet\\\/\"},{\"@type\":\"ListItem\",\"position\":3,\"name\":\"Auton ovien pintapeltioikaisu\"}]},{\"@type\":\"WebSite\",\"@id\":\"https:\\\/\\\/smartpuller.com\\\/fi\\\/#website\",\"url\":\"https:\\\/\\\/smartpuller.com\\\/fi\\\/\",\"name\":\"SmartPuller\",\"description\":\"SmartPuller\",\"potentialAction\":[{\"@type\":\"SearchAction\",\"target\":{\"@type\":\"EntryPoint\",\"urlTemplate\":\"https:\\\/\\\/smartpuller.com\\\/fi\\\/?s={search_term_string}\"},\"query-input\":{\"@type\":\"PropertyValueSpecification\",\"valueRequired\":true,\"valueName\":\"search_term_string\"}}],\"inLanguage\":\"fi\"}]}<\/script>\n<!-- \/ Yoast SEO plugin. -->","yoast_head_json":{"title":"SmartPuller - Ovien k\u00e4sittely lis\u00e4sarjalla","description":"SmartPullerin lis\u00e4sarja helpottaa ovien k\u00e4sittely\u00e4 esim. oven vaihtoty\u00f6ss\u00e4.Oven asennus on helppoa lis\u00e4sarjalla.","robots":{"index":"noindex","follow":"follow"},"og_locale":"fi_FI","og_type":"article","og_title":"SmartPuller - Ovien k\u00e4sittely lis\u00e4sarjalla","og_description":"SmartPullerin lis\u00e4sarja helpottaa ovien k\u00e4sittely\u00e4 esim. oven vaihtoty\u00f6ss\u00e4.Oven asennus on helppoa lis\u00e4sarjalla.","og_url":"https:\/\/smartpuller.com\/fi\/oikaisukohteet\/ovet\/","og_site_name":"SmartPuller","article_publisher":"https:\/\/www.facebook.com\/smartpuller\/","article_modified_time":"2022-10-10T09:38:05+00:00","og_image":[{"url":"https:\/\/smartpuller.com\/wp-content\/uploads\/2022\/10\/autorobot-smartpuller-door-and-wheel-set.jpg","type":"","width":"","height":""}],"twitter_card":"summary_large_image","twitter_misc":{"Arvioitu lukuaika":"1 minuutti"},"schema":{"@context":"https:\/\/schema.org","@graph":[{"@type":"WebPage","@id":"https:\/\/smartpuller.com\/fi\/oikaisukohteet\/ovet\/","url":"https:\/\/smartpuller.com\/fi\/oikaisukohteet\/ovet\/","name":"SmartPuller - Ovien k\u00e4sittely lis\u00e4sarjalla","isPartOf":{"@id":"https:\/\/smartpuller.com\/fi\/#website"},"primaryImageOfPage":{"@id":"https:\/\/smartpuller.com\/fi\/oikaisukohteet\/ovet\/#primaryimage"},"image":{"@id":"https:\/\/smartpuller.com\/fi\/oikaisukohteet\/ovet\/#primaryimage"},"thumbnailUrl":"https:\/\/smartpuller.com\/wp-content\/uploads\/2022\/10\/autorobot-smartpuller-door-and-wheel-set.jpg","datePublished":"2016-01-13T09:20:58+00:00","dateModified":"2022-10-10T09:38:05+00:00","description":"SmartPullerin lis\u00e4sarja helpottaa ovien k\u00e4sittely\u00e4 esim. oven vaihtoty\u00f6ss\u00e4.Oven asennus on helppoa lis\u00e4sarjalla.","breadcrumb":{"@id":"https:\/\/smartpuller.com\/fi\/oikaisukohteet\/ovet\/#breadcrumb"},"inLanguage":"fi","potentialAction":[{"@type":"ReadAction","target":["https:\/\/smartpuller.com\/fi\/oikaisukohteet\/ovet\/"]}]},{"@type":"ImageObject","inLanguage":"fi","@id":"https:\/\/smartpuller.com\/fi\/oikaisukohteet\/ovet\/#primaryimage","url":"https:\/\/smartpuller.com\/wp-content\/uploads\/2022\/10\/autorobot-smartpuller-door-and-wheel-set.jpg","contentUrl":"https:\/\/smartpuller.com\/wp-content\/uploads\/2022\/10\/autorobot-smartpuller-door-and-wheel-set.jpg"},{"@type":"BreadcrumbList","@id":"https:\/\/smartpuller.com\/fi\/oikaisukohteet\/ovet\/#breadcrumb","itemListElement":[{"@type":"ListItem","position":1,"name":"Home","item":"https:\/\/smartpuller.com\/fi\/"},{"@type":"ListItem","position":2,"name":"Oikaisukohteet","item":"https:\/\/smartpuller.com\/fi\/oikaisukohteet\/"},{"@type":"ListItem","position":3,"name":"Auton ovien pintapeltioikaisu"}]},{"@type":"WebSite","@id":"https:\/\/smartpuller.com\/fi\/#website","url":"https:\/\/smartpuller.com\/fi\/","name":"SmartPuller","description":"SmartPuller","potentialAction":[{"@type":"SearchAction","target":{"@type":"EntryPoint","urlTemplate":"https:\/\/smartpuller.com\/fi\/?s={search_term_string}"},"query-input":{"@type":"PropertyValueSpecification","valueRequired":true,"valueName":"search_term_string"}}],"inLanguage":"fi"}]}},"_links":{"self":[{"href":"https:\/\/smartpuller.com\/fi\/wp-json\/wp\/v2\/pages\/270","targetHints":{"allow":["GET"]}}],"collection":[{"href":"https:\/\/smartpuller.com\/fi\/wp-json\/wp\/v2\/pages"}],"about":[{"href":"https:\/\/smartpuller.com\/fi\/wp-json\/wp\/v2\/types\/page"}],"author":[{"embeddable":true,"href":"https:\/\/smartpuller.com\/fi\/wp-json\/wp\/v2\/users\/101"}],"replies":[{"embeddable":true,"href":"https:\/\/smartpuller.com\/fi\/wp-json\/wp\/v2\/comments?post=270"}],"version-history":[{"count":14,"href":"https:\/\/smartpuller.com\/fi\/wp-json\/wp\/v2\/pages\/270\/revisions"}],"predecessor-version":[{"id":2467333,"href":"https:\/\/smartpuller.com\/fi\/wp-json\/wp\/v2\/pages\/270\/revisions\/2467333"}],"up":[{"embeddable":true,"href":"https:\/\/smartpuller.com\/fi\/wp-json\/wp\/v2\/pages\/262"}],"wp:attachment":[{"href":"https:\/\/smartpuller.com\/fi\/wp-json\/wp\/v2\/media?parent=270"}],"curies":[{"name":"wp","href":"https:\/\/api.w.org\/{rel}","templated":true}]}}