{"id":269,"date":"2016-01-13T11:20:46","date_gmt":"2016-01-13T09:20:46","guid":{"rendered":"https:\/\/smartpuller.com\/\/?page_id=269&#038;lang=fi"},"modified":"2017-11-13T10:32:24","modified_gmt":"2017-11-13T08:32:24","slug":"pintapellit","status":"publish","type":"page","link":"https:\/\/smartpuller.com\/fi\/oikaisukohteet\/pintapellit\/","title":{"rendered":"Auton pintapeltien oikaisu"},"content":{"rendered":"<div id=\"pl-269\"  class=\"panel-layout\" ><div id=\"pg-269-0\"  class=\"panel-grid panel-no-style\" ><div id=\"pgc-269-0-0\"  class=\"panel-grid-cell\" ><div id=\"panel-269-0-0-0\" class=\"so-panel widget widget_sow-editor panel-first-child panel-last-child\" data-index=\"0\" ><div\n\t\t\t\n\t\t\tclass=\"so-widget-sow-editor so-widget-sow-editor-base\"\n\t\t\t\n\t\t>\n<div class=\"siteorigin-widget-tinymce textwidget\">\n\t<p><em>SmartPullerin oikaisutuki (1) py\u00f6r\u00e4ytet\u00e4\u00e4n auton korin vahvalle alueelle, jolloin saavutetaan paras oikaisutulos. Oikaisusuunta on vapaasti valittavissa.<\/em><\/p>\n<p><a href=\"https:\/\/smartpuller.com\/\/wp-content\/uploads\/2016\/01\/smartpuller-dent-pulling_picture2.jpg\" rel=\"attachment wp-att-519 lightbox\" data-rel=\"lightbox-image-0\" data-rl_title=\"\" data-rl_caption=\"\" title=\"\"><img loading=\"lazy\" decoding=\"async\" src=\"https:\/\/smartpuller.com\/\/wp-content\/uploads\/2016\/01\/smartpuller-dent-pulling_picture2.jpg\" alt=\"smartpuller-dent-pulling_picture2\" width=\"1000\" height=\"833\" class=\"alignnone size-full wp-image-519\" srcset=\"https:\/\/smartpuller.com\/wp-content\/uploads\/2016\/01\/smartpuller-dent-pulling_picture2.jpg 1000w, https:\/\/smartpuller.com\/wp-content\/uploads\/2016\/01\/smartpuller-dent-pulling_picture2-600x500.jpg 600w, https:\/\/smartpuller.com\/wp-content\/uploads\/2016\/01\/smartpuller-dent-pulling_picture2-300x250.jpg 300w, https:\/\/smartpuller.com\/wp-content\/uploads\/2016\/01\/smartpuller-dent-pulling_picture2-768x640.jpg 768w\" sizes=\"auto, (max-width: 1000px) 100vw, 1000px\" \/><\/a><\/p>\n<\/div>\n<\/div><\/div><\/div><div id=\"pgc-269-0-1\"  class=\"panel-grid-cell\" ><div id=\"panel-269-0-1-0\" class=\"so-panel widget widget_sow-editor panel-first-child panel-last-child\" data-index=\"1\" ><div\n\t\t\t\n\t\t\tclass=\"so-widget-sow-editor so-widget-sow-editor-base\"\n\t\t\t\n\t\t>\n<div class=\"siteorigin-widget-tinymce textwidget\">\n\t<p><a href=\"https:\/\/smartpuller.com\/\/wp-content\/uploads\/2016\/01\/smartpuller-dent-pulling_picture1.jpg\" rel=\"attachment wp-att-517 lightbox\" data-rel=\"lightbox-image-1\" data-rl_title=\"\" data-rl_caption=\"\" title=\"\"><img loading=\"lazy\" decoding=\"async\" src=\"https:\/\/smartpuller.com\/\/wp-content\/uploads\/2016\/01\/smartpuller-dent-pulling_picture1.jpg\" alt=\"smartpuller-dent-pulling_picture1\" width=\"1000\" height=\"984\" class=\"alignnone size-full wp-image-517\" srcset=\"https:\/\/smartpuller.com\/wp-content\/uploads\/2016\/01\/smartpuller-dent-pulling_picture1.jpg 1000w, https:\/\/smartpuller.com\/wp-content\/uploads\/2016\/01\/smartpuller-dent-pulling_picture1-600x590.jpg 600w, https:\/\/smartpuller.com\/wp-content\/uploads\/2016\/01\/smartpuller-dent-pulling_picture1-300x295.jpg 300w, https:\/\/smartpuller.com\/wp-content\/uploads\/2016\/01\/smartpuller-dent-pulling_picture1-768x756.jpg 768w\" sizes=\"auto, (max-width: 1000px) 100vw, 1000px\" \/><\/a><\/p>\n<\/div>\n<\/div><\/div><\/div><\/div><div id=\"pg-269-1\"  class=\"panel-grid panel-no-style\" ><div id=\"pgc-269-1-0\"  class=\"panel-grid-cell\" ><div id=\"panel-269-1-0-0\" class=\"so-panel widget widget_sow-editor panel-first-child panel-last-child\" data-index=\"2\" ><div\n\t\t\t\n\t\t\tclass=\"so-widget-sow-editor so-widget-sow-editor-base\"\n\t\t\t\n\t\t>\n<div class=\"siteorigin-widget-tinymce textwidget\">\n\t<p><a href=\"https:\/\/smartpuller.com\/\/wp-content\/uploads\/2016\/01\/smartpuller-dent-pulling_picture3.jpg\" rel=\"attachment wp-att-521 lightbox\" data-rel=\"lightbox-image-2\" data-rl_title=\"\" data-rl_caption=\"\" title=\"\"><img loading=\"lazy\" decoding=\"async\" src=\"https:\/\/smartpuller.com\/\/wp-content\/uploads\/2016\/01\/smartpuller-dent-pulling_picture3.jpg\" alt=\"smartpuller-dent-pulling_picture3\" width=\"1000\" height=\"750\" class=\"alignnone size-full wp-image-521\" srcset=\"https:\/\/smartpuller.com\/wp-content\/uploads\/2016\/01\/smartpuller-dent-pulling_picture3.jpg 1000w, https:\/\/smartpuller.com\/wp-content\/uploads\/2016\/01\/smartpuller-dent-pulling_picture3-600x450.jpg 600w, https:\/\/smartpuller.com\/wp-content\/uploads\/2016\/01\/smartpuller-dent-pulling_picture3-300x225.jpg 300w, https:\/\/smartpuller.com\/wp-content\/uploads\/2016\/01\/smartpuller-dent-pulling_picture3-768x576.jpg 768w\" sizes=\"auto, (max-width: 1000px) 100vw, 1000px\" \/><\/a><\/p>\n<\/div>\n<\/div><\/div><\/div><div id=\"pgc-269-1-1\"  class=\"panel-grid-cell\" ><div id=\"panel-269-1-1-0\" class=\"so-panel widget widget_sow-editor panel-first-child panel-last-child\" data-index=\"3\" ><div\n\t\t\t\n\t\t\tclass=\"so-widget-sow-editor so-widget-sow-editor-base\"\n\t\t\t\n\t\t>\n<div class=\"siteorigin-widget-tinymce textwidget\">\n\t<p><a href=\"https:\/\/smartpuller.com\/\/wp-content\/uploads\/2016\/01\/smartpuller-dent-pulling_picture4.jpg\" rel=\"attachment wp-att-523 lightbox\" data-rel=\"lightbox-image-3\" data-rl_title=\"\" data-rl_caption=\"\" title=\"\"><img loading=\"lazy\" decoding=\"async\" class=\"alignnone size-full wp-image-523\" src=\"https:\/\/smartpuller.com\/\/wp-content\/uploads\/2016\/01\/smartpuller-dent-pulling_picture4.jpg\" alt=\"smartpuller-dent-pulling_picture4\" width=\"1000\" height=\"1015\" srcset=\"https:\/\/smartpuller.com\/wp-content\/uploads\/2016\/01\/smartpuller-dent-pulling_picture4.jpg 1000w, https:\/\/smartpuller.com\/wp-content\/uploads\/2016\/01\/smartpuller-dent-pulling_picture4-600x609.jpg 600w, https:\/\/smartpuller.com\/wp-content\/uploads\/2016\/01\/smartpuller-dent-pulling_picture4-296x300.jpg 296w, https:\/\/smartpuller.com\/wp-content\/uploads\/2016\/01\/smartpuller-dent-pulling_picture4-768x780.jpg 768w\" sizes=\"auto, (max-width: 1000px) 100vw, 1000px\" \/><\/a><\/p>\n<\/div>\n<\/div><\/div><\/div><\/div><div id=\"pg-269-2\"  class=\"panel-grid panel-no-style\" ><div id=\"pgc-269-2-0\"  class=\"panel-grid-cell\" ><div id=\"panel-269-2-0-0\" class=\"so-panel widget widget_sow-editor panel-first-child panel-last-child\" data-index=\"4\" ><div\n\t\t\t\n\t\t\tclass=\"so-widget-sow-editor so-widget-sow-editor-base\"\n\t\t\t\n\t\t>\n<div class=\"siteorigin-widget-tinymce textwidget\">\n\t<p><em>Oikaisutukea pystyy s\u00e4\u00e4t\u00e4m\u00e4\u00e4n helposti pystypuomissa (2), ja suuntaamaan oikaisuvastimia alasp\u00e4in, mik\u00e4 mahdollistaa oikeansuuntaisen oikaisuvedon. Portaaton oikaisulinjan valinta nopeuttaa oikaisua.<\/em><\/p>\n<p><a href=\"https:\/\/smartpuller.com\/\/wp-content\/uploads\/2016\/01\/smartpuller-dent-pulling_picture5.jpg\" rel=\"attachment wp-att-525 lightbox\" data-rel=\"lightbox-image-4\" data-rl_title=\"\" data-rl_caption=\"\" title=\"\"><img loading=\"lazy\" decoding=\"async\" src=\"https:\/\/smartpuller.com\/\/wp-content\/uploads\/2016\/01\/smartpuller-dent-pulling_picture5.jpg\" alt=\"smartpuller-dent-pulling_picture5\" width=\"1000\" height=\"753\" class=\"alignnone size-full wp-image-525\" srcset=\"https:\/\/smartpuller.com\/wp-content\/uploads\/2016\/01\/smartpuller-dent-pulling_picture5.jpg 1000w, https:\/\/smartpuller.com\/wp-content\/uploads\/2016\/01\/smartpuller-dent-pulling_picture5-600x452.jpg 600w, https:\/\/smartpuller.com\/wp-content\/uploads\/2016\/01\/smartpuller-dent-pulling_picture5-300x226.jpg 300w, https:\/\/smartpuller.com\/wp-content\/uploads\/2016\/01\/smartpuller-dent-pulling_picture5-768x578.jpg 768w\" sizes=\"auto, (max-width: 1000px) 100vw, 1000px\" \/><\/a><br \/>\n<em>Kun SmartPuller Silver set varustetaan vetop\u00e4\u00e4ll\u00e4 A-11+3, voidaan oikaista samanaikaisesti isolta alueelta. T\u00e4m\u00e4 nopeuttaa esim. kuvan esitt\u00e4m\u00e4n pitk\u00e4n painuman oikaisua.<\/em><\/p>\n<div id='gallery-1' class='gallery galleryid-269 gallery-columns-2 gallery-size-medium'><figure class='gallery-item'>\n\t\t\t<div class='gallery-icon landscape'>\n\t\t\t\t<a href='https:\/\/smartpuller.com\/wp-content\/uploads\/2016\/01\/smartpuller-dent-pulling_picture6.jpg' title=\"\" data-rl_title=\"\" class=\"rl-gallery-link\" data-rl_caption=\"\" data-rel=\"lightbox-gallery-1\"><img loading=\"lazy\" decoding=\"async\" width=\"300\" height=\"225\" src=\"https:\/\/smartpuller.com\/wp-content\/uploads\/2016\/01\/smartpuller-dent-pulling_picture6.jpg\" class=\"attachment-medium size-medium\" alt=\"\" srcset=\"https:\/\/smartpuller.com\/wp-content\/uploads\/2016\/01\/smartpuller-dent-pulling_picture6.jpg 1000w, https:\/\/smartpuller.com\/wp-content\/uploads\/2016\/01\/smartpuller-dent-pulling_picture6-600x449.jpg 600w\" sizes=\"auto, (max-width: 300px) 100vw, 300px\" \/><\/a>\n\t\t\t<\/div><\/figure>\n\t\t<\/div>\n\n<p><a href=\"https:\/\/smartpuller.com\/fi\/setit-ja-varusteet\/\">\u00bb Tarkista setit ja varusteet<\/a><br \/>\n<a href=\"https:\/\/smartpuller.com\/fi\/galleria\/\">\u00bb K\u00e4y galleriassa<\/a><\/p>\n<div class=\"nappilinkki\"><a href=\"https:\/\/smartpuller.com\/fi\/yhteydenotto\/\">Ota yhteytt\u00e4<\/a><\/div>\n<\/div>\n<\/div><\/div><\/div><\/div><\/div>","protected":false},"excerpt":{"rendered":"<p>SmartPullerin oikaisutuki (1) py\u00f6r\u00e4ytet\u00e4\u00e4n auton korin vahvalle alueelle, jolloin saavutetaan paras oikaisutulos. Oikaisusuunta on vapaasti valittavissa.<\/p>\n","protected":false},"author":101,"featured_media":0,"parent":262,"menu_order":270,"comment_status":"closed","ping_status":"closed","template":"","meta":{"_genesis_hide_title":false,"_genesis_hide_breadcrumbs":false,"_genesis_hide_singular_image":false,"_genesis_hide_footer_widgets":false,"_genesis_custom_body_class":"","_genesis_custom_post_class":"","_genesis_layout":"","footnotes":""},"class_list":{"0":"post-269","1":"page","2":"type-page","3":"status-publish","5":"entry","6":"has-post-thumbnail"},"yoast_head":"<!-- This site is optimized with the Yoast SEO plugin v27.4 - https:\/\/yoast.com\/product\/yoast-seo-wordpress\/ -->\n<title>SmartPuller - Auton pintapeltien oikaisu<\/title>\n<meta name=\"description\" content=\"SmartPullerin oikaisutuki py\u00f6r\u00e4ytet\u00e4\u00e4n auton korin vahvalle alueelle, jolloin saavutetaan paras oikaisutulos. Oikaisusuunta on vapaasti valittavissa.\" \/>\n<meta name=\"robots\" content=\"noindex, follow\" \/>\n<meta property=\"og:locale\" content=\"fi_FI\" \/>\n<meta property=\"og:type\" content=\"article\" \/>\n<meta property=\"og:title\" content=\"SmartPuller - Auton pintapeltien oikaisu\" \/>\n<meta property=\"og:description\" content=\"SmartPullerin oikaisutuki py\u00f6r\u00e4ytet\u00e4\u00e4n auton korin vahvalle alueelle, jolloin saavutetaan paras oikaisutulos. Oikaisusuunta on vapaasti valittavissa.\" \/>\n<meta property=\"og:url\" content=\"https:\/\/smartpuller.com\/fi\/oikaisukohteet\/pintapellit\/\" \/>\n<meta property=\"og:site_name\" content=\"SmartPuller\" \/>\n<meta property=\"article:publisher\" content=\"https:\/\/www.facebook.com\/smartpuller\/\" \/>\n<meta property=\"article:modified_time\" content=\"2017-11-13T08:32:24+00:00\" \/>\n<meta property=\"og:image\" content=\"https:\/\/smartpuller.com\/wp-content\/uploads\/2016\/01\/smartpuller-dent-pulling_picture6.jpg\" \/>\n<meta name=\"twitter:card\" content=\"summary_large_image\" \/>\n<script type=\"application\/ld+json\" class=\"yoast-schema-graph\">{\"@context\":\"https:\\\/\\\/schema.org\",\"@graph\":[{\"@type\":\"WebPage\",\"@id\":\"https:\\\/\\\/smartpuller.com\\\/fi\\\/oikaisukohteet\\\/pintapellit\\\/\",\"url\":\"https:\\\/\\\/smartpuller.com\\\/fi\\\/oikaisukohteet\\\/pintapellit\\\/\",\"name\":\"SmartPuller - Auton pintapeltien oikaisu\",\"isPartOf\":{\"@id\":\"https:\\\/\\\/smartpuller.com\\\/fi\\\/#website\"},\"primaryImageOfPage\":{\"@id\":\"https:\\\/\\\/smartpuller.com\\\/fi\\\/oikaisukohteet\\\/pintapellit\\\/#primaryimage\"},\"image\":{\"@id\":\"https:\\\/\\\/smartpuller.com\\\/fi\\\/oikaisukohteet\\\/pintapellit\\\/#primaryimage\"},\"thumbnailUrl\":\"https:\\\/\\\/smartpuller.com\\\/\\\/wp-content\\\/uploads\\\/2016\\\/01\\\/smartpuller-dent-pulling_picture2.jpg\",\"datePublished\":\"2016-01-13T09:20:46+00:00\",\"dateModified\":\"2017-11-13T08:32:24+00:00\",\"description\":\"SmartPullerin oikaisutuki py\u00f6r\u00e4ytet\u00e4\u00e4n auton korin vahvalle alueelle, jolloin saavutetaan paras oikaisutulos. Oikaisusuunta on vapaasti valittavissa.\",\"breadcrumb\":{\"@id\":\"https:\\\/\\\/smartpuller.com\\\/fi\\\/oikaisukohteet\\\/pintapellit\\\/#breadcrumb\"},\"inLanguage\":\"fi\",\"potentialAction\":[{\"@type\":\"ReadAction\",\"target\":[\"https:\\\/\\\/smartpuller.com\\\/fi\\\/oikaisukohteet\\\/pintapellit\\\/\"]}]},{\"@type\":\"ImageObject\",\"inLanguage\":\"fi\",\"@id\":\"https:\\\/\\\/smartpuller.com\\\/fi\\\/oikaisukohteet\\\/pintapellit\\\/#primaryimage\",\"url\":\"https:\\\/\\\/smartpuller.com\\\/\\\/wp-content\\\/uploads\\\/2016\\\/01\\\/smartpuller-dent-pulling_picture2.jpg\",\"contentUrl\":\"https:\\\/\\\/smartpuller.com\\\/\\\/wp-content\\\/uploads\\\/2016\\\/01\\\/smartpuller-dent-pulling_picture2.jpg\"},{\"@type\":\"BreadcrumbList\",\"@id\":\"https:\\\/\\\/smartpuller.com\\\/fi\\\/oikaisukohteet\\\/pintapellit\\\/#breadcrumb\",\"itemListElement\":[{\"@type\":\"ListItem\",\"position\":1,\"name\":\"Home\",\"item\":\"https:\\\/\\\/smartpuller.com\\\/fi\\\/\"},{\"@type\":\"ListItem\",\"position\":2,\"name\":\"Oikaisukohteet\",\"item\":\"https:\\\/\\\/smartpuller.com\\\/fi\\\/oikaisukohteet\\\/\"},{\"@type\":\"ListItem\",\"position\":3,\"name\":\"Auton pintapeltien oikaisu\"}]},{\"@type\":\"WebSite\",\"@id\":\"https:\\\/\\\/smartpuller.com\\\/fi\\\/#website\",\"url\":\"https:\\\/\\\/smartpuller.com\\\/fi\\\/\",\"name\":\"SmartPuller\",\"description\":\"SmartPuller\",\"potentialAction\":[{\"@type\":\"SearchAction\",\"target\":{\"@type\":\"EntryPoint\",\"urlTemplate\":\"https:\\\/\\\/smartpuller.com\\\/fi\\\/?s={search_term_string}\"},\"query-input\":{\"@type\":\"PropertyValueSpecification\",\"valueRequired\":true,\"valueName\":\"search_term_string\"}}],\"inLanguage\":\"fi\"}]}<\/script>\n<!-- \/ Yoast SEO plugin. -->","yoast_head_json":{"title":"SmartPuller - Auton pintapeltien oikaisu","description":"SmartPullerin oikaisutuki py\u00f6r\u00e4ytet\u00e4\u00e4n auton korin vahvalle alueelle, jolloin saavutetaan paras oikaisutulos. Oikaisusuunta on vapaasti valittavissa.","robots":{"index":"noindex","follow":"follow"},"og_locale":"fi_FI","og_type":"article","og_title":"SmartPuller - Auton pintapeltien oikaisu","og_description":"SmartPullerin oikaisutuki py\u00f6r\u00e4ytet\u00e4\u00e4n auton korin vahvalle alueelle, jolloin saavutetaan paras oikaisutulos. Oikaisusuunta on vapaasti valittavissa.","og_url":"https:\/\/smartpuller.com\/fi\/oikaisukohteet\/pintapellit\/","og_site_name":"SmartPuller","article_publisher":"https:\/\/www.facebook.com\/smartpuller\/","article_modified_time":"2017-11-13T08:32:24+00:00","og_image":[{"url":"https:\/\/smartpuller.com\/wp-content\/uploads\/2016\/01\/smartpuller-dent-pulling_picture6.jpg","type":"","width":"","height":""}],"twitter_card":"summary_large_image","schema":{"@context":"https:\/\/schema.org","@graph":[{"@type":"WebPage","@id":"https:\/\/smartpuller.com\/fi\/oikaisukohteet\/pintapellit\/","url":"https:\/\/smartpuller.com\/fi\/oikaisukohteet\/pintapellit\/","name":"SmartPuller - Auton pintapeltien oikaisu","isPartOf":{"@id":"https:\/\/smartpuller.com\/fi\/#website"},"primaryImageOfPage":{"@id":"https:\/\/smartpuller.com\/fi\/oikaisukohteet\/pintapellit\/#primaryimage"},"image":{"@id":"https:\/\/smartpuller.com\/fi\/oikaisukohteet\/pintapellit\/#primaryimage"},"thumbnailUrl":"https:\/\/smartpuller.com\/\/wp-content\/uploads\/2016\/01\/smartpuller-dent-pulling_picture2.jpg","datePublished":"2016-01-13T09:20:46+00:00","dateModified":"2017-11-13T08:32:24+00:00","description":"SmartPullerin oikaisutuki py\u00f6r\u00e4ytet\u00e4\u00e4n auton korin vahvalle alueelle, jolloin saavutetaan paras oikaisutulos. Oikaisusuunta on vapaasti valittavissa.","breadcrumb":{"@id":"https:\/\/smartpuller.com\/fi\/oikaisukohteet\/pintapellit\/#breadcrumb"},"inLanguage":"fi","potentialAction":[{"@type":"ReadAction","target":["https:\/\/smartpuller.com\/fi\/oikaisukohteet\/pintapellit\/"]}]},{"@type":"ImageObject","inLanguage":"fi","@id":"https:\/\/smartpuller.com\/fi\/oikaisukohteet\/pintapellit\/#primaryimage","url":"https:\/\/smartpuller.com\/\/wp-content\/uploads\/2016\/01\/smartpuller-dent-pulling_picture2.jpg","contentUrl":"https:\/\/smartpuller.com\/\/wp-content\/uploads\/2016\/01\/smartpuller-dent-pulling_picture2.jpg"},{"@type":"BreadcrumbList","@id":"https:\/\/smartpuller.com\/fi\/oikaisukohteet\/pintapellit\/#breadcrumb","itemListElement":[{"@type":"ListItem","position":1,"name":"Home","item":"https:\/\/smartpuller.com\/fi\/"},{"@type":"ListItem","position":2,"name":"Oikaisukohteet","item":"https:\/\/smartpuller.com\/fi\/oikaisukohteet\/"},{"@type":"ListItem","position":3,"name":"Auton pintapeltien oikaisu"}]},{"@type":"WebSite","@id":"https:\/\/smartpuller.com\/fi\/#website","url":"https:\/\/smartpuller.com\/fi\/","name":"SmartPuller","description":"SmartPuller","potentialAction":[{"@type":"SearchAction","target":{"@type":"EntryPoint","urlTemplate":"https:\/\/smartpuller.com\/fi\/?s={search_term_string}"},"query-input":{"@type":"PropertyValueSpecification","valueRequired":true,"valueName":"search_term_string"}}],"inLanguage":"fi"}]}},"_links":{"self":[{"href":"https:\/\/smartpuller.com\/fi\/wp-json\/wp\/v2\/pages\/269","targetHints":{"allow":["GET"]}}],"collection":[{"href":"https:\/\/smartpuller.com\/fi\/wp-json\/wp\/v2\/pages"}],"about":[{"href":"https:\/\/smartpuller.com\/fi\/wp-json\/wp\/v2\/types\/page"}],"author":[{"embeddable":true,"href":"https:\/\/smartpuller.com\/fi\/wp-json\/wp\/v2\/users\/101"}],"replies":[{"embeddable":true,"href":"https:\/\/smartpuller.com\/fi\/wp-json\/wp\/v2\/comments?post=269"}],"version-history":[{"count":0,"href":"https:\/\/smartpuller.com\/fi\/wp-json\/wp\/v2\/pages\/269\/revisions"}],"up":[{"embeddable":true,"href":"https:\/\/smartpuller.com\/fi\/wp-json\/wp\/v2\/pages\/262"}],"wp:attachment":[{"href":"https:\/\/smartpuller.com\/fi\/wp-json\/wp\/v2\/media?parent=269"}],"curies":[{"name":"wp","href":"https:\/\/api.w.org\/{rel}","templated":true}]}}