{"id":266,"date":"2016-01-13T11:20:06","date_gmt":"2016-01-13T09:20:06","guid":{"rendered":"https:\/\/smartpuller.com\/\/?page_id=266&#038;lang=fi"},"modified":"2017-11-15T11:48:10","modified_gmt":"2017-11-15T09:48:10","slug":"takaosa","status":"publish","type":"page","link":"https:\/\/smartpuller.com\/fi\/oikaisukohteet\/takaosa\/","title":{"rendered":"Auton takap\u00e4\u00e4n oikaisu"},"content":{"rendered":"<p><a href=\"https:\/\/smartpuller.com\/\/wp-content\/uploads\/2016\/01\/dent-pulling-rear-end_picture1.jpg\" rel=\"attachment wp-att-499 lightbox\" data-rel=\"lightbox-image-0\" data-rl_title=\"\" data-rl_caption=\"\" title=\"\"><img loading=\"lazy\" decoding=\"async\" src=\"https:\/\/smartpuller.com\/\/wp-content\/uploads\/2016\/01\/dent-pulling-rear-end_picture1.jpg\" alt=\"dent-pulling-rear-end_picture1\" width=\"1033\" height=\"1000\" class=\"alignnone size-full wp-image-499\" srcset=\"https:\/\/smartpuller.com\/wp-content\/uploads\/2016\/01\/dent-pulling-rear-end_picture1.jpg 1033w, https:\/\/smartpuller.com\/wp-content\/uploads\/2016\/01\/dent-pulling-rear-end_picture1-600x581.jpg 600w, https:\/\/smartpuller.com\/wp-content\/uploads\/2016\/01\/dent-pulling-rear-end_picture1-300x290.jpg 300w, https:\/\/smartpuller.com\/wp-content\/uploads\/2016\/01\/dent-pulling-rear-end_picture1-768x743.jpg 768w, https:\/\/smartpuller.com\/wp-content\/uploads\/2016\/01\/dent-pulling-rear-end_picture1-1024x991.jpg 1024w\" sizes=\"auto, (max-width: 1033px) 100vw, 1033px\" \/><\/a><br \/>\n<em>Teleskooppiperiaatteella toimivalla oikaisupuomilla (1) saadaan ylempi oikaisutuki (2) vahvalle alueelle. T\u00e4m\u00e4 mahdollistaa parhaan mahdollisen oikaisulinjan valinnan sek\u00e4 korkeus- ett\u00e4 leveyssuunnassa. Oikaisu tapahtuu yhdell\u00e4 tai kahdella vetoruuvilla.<br \/>\nToinen tarrain H31+ sek\u00e4 vetoruuvi A-11+1 ovat lis\u00e4varusteita.<\/em><\/p>\n<div id='gallery-1' class='gallery galleryid-266 gallery-columns-2 gallery-size-medium'><figure class='gallery-item'>\n\t\t\t<div class='gallery-icon landscape'>\n\t\t\t\t<a href='https:\/\/smartpuller.com\/wp-content\/uploads\/2016\/01\/dent-pulling-rear-end_picture2.jpg' title=\"\" data-rl_title=\"\" class=\"rl-gallery-link\" data-rl_caption=\"\" data-rel=\"lightbox-gallery-1\"><img loading=\"lazy\" decoding=\"async\" width=\"300\" height=\"225\" src=\"https:\/\/smartpuller.com\/wp-content\/uploads\/2016\/01\/dent-pulling-rear-end_picture2.jpg\" class=\"attachment-medium size-medium\" alt=\"\" srcset=\"https:\/\/smartpuller.com\/wp-content\/uploads\/2016\/01\/dent-pulling-rear-end_picture2.jpg 1000w, https:\/\/smartpuller.com\/wp-content\/uploads\/2016\/01\/dent-pulling-rear-end_picture2-600x450.jpg 600w\" sizes=\"auto, (max-width: 300px) 100vw, 300px\" \/><\/a>\n\t\t\t<\/div><\/figure><figure class='gallery-item'>\n\t\t\t<div class='gallery-icon landscape'>\n\t\t\t\t<a href='https:\/\/smartpuller.com\/wp-content\/uploads\/2016\/01\/dent-pulling-rear-end_picture3.jpg' title=\"\" data-rl_title=\"\" class=\"rl-gallery-link\" data-rl_caption=\"\" data-rel=\"lightbox-gallery-1\"><img loading=\"lazy\" decoding=\"async\" width=\"300\" height=\"225\" src=\"https:\/\/smartpuller.com\/wp-content\/uploads\/2016\/01\/dent-pulling-rear-end_picture3.jpg\" class=\"attachment-medium size-medium\" alt=\"\" srcset=\"https:\/\/smartpuller.com\/wp-content\/uploads\/2016\/01\/dent-pulling-rear-end_picture3.jpg 1000w, https:\/\/smartpuller.com\/wp-content\/uploads\/2016\/01\/dent-pulling-rear-end_picture3-600x450.jpg 600w\" sizes=\"auto, (max-width: 300px) 100vw, 300px\" \/><\/a>\n\t\t\t<\/div><\/figure>\n\t\t<\/div>\n\n<p>\u00bb <a href=\"https:\/\/youtu.be\/AVoyT0MQShA\" target=\"_blank\">Video auton takap\u00e4\u00e4n oikaisusta<\/a><\/p>\n<div class=\"nappilinkki\"><a href=\"https:\/\/smartpuller.com\/fi\/yhteydenotto\/myynti\/\">\u00bb Kuinka ostan<\/a><\/div>\n","protected":false},"excerpt":{"rendered":"<p>Teleskooppiperiaatteella toimivalla oikaisupuomilla (1) saadaan ylempi oikaisutuki (2) vahvalle alueelle. T\u00e4m\u00e4 mahdollistaa parhaan mahdollisen oikaisulinjan valinnan sek\u00e4 korkeus- ett\u00e4 leveyssuunnassa. Oikaisu tapahtuu yhdell\u00e4 tai kahdella vetoruuvilla. Toinen tarrain H31+ sek\u00e4 vetoruuvi A-11+1 ovat lis\u00e4varusteita. \u00bb Video auton takap\u00e4\u00e4n oikaisusta \u00bb Kuinka ostan<\/p>\n","protected":false},"author":101,"featured_media":0,"parent":262,"menu_order":240,"comment_status":"closed","ping_status":"closed","template":"","meta":{"_genesis_hide_title":false,"_genesis_hide_breadcrumbs":false,"_genesis_hide_singular_image":false,"_genesis_hide_footer_widgets":false,"_genesis_custom_body_class":"","_genesis_custom_post_class":"","_genesis_layout":"","footnotes":""},"class_list":{"0":"post-266","1":"page","2":"type-page","3":"status-publish","5":"entry","6":"has-post-thumbnail"},"yoast_head":"<!-- This site is optimized with the Yoast SEO plugin v27.4 - https:\/\/yoast.com\/product\/yoast-seo-wordpress\/ -->\n<title>SmartPuller - Auton takap\u00e4\u00e4n oikaisu<\/title>\n<meta name=\"description\" content=\"Teleskooppiperiaatteella toimivalla oikaisupuomilla saadaan ylempi oikaisutuki vahvalle alueelle. T\u00e4m\u00e4 mahdollistaa parhaan mahdollisen oikaisulinjan valinnan sek\u00e4 korkeus- ett\u00e4 leveyssuunnassa.\" \/>\n<meta name=\"robots\" content=\"noindex, follow\" \/>\n<meta property=\"og:locale\" content=\"fi_FI\" \/>\n<meta property=\"og:type\" content=\"article\" \/>\n<meta property=\"og:title\" content=\"SmartPuller - Auton takap\u00e4\u00e4n oikaisu\" \/>\n<meta property=\"og:description\" content=\"Teleskooppiperiaatteella toimivalla oikaisupuomilla saadaan ylempi oikaisutuki vahvalle alueelle. T\u00e4m\u00e4 mahdollistaa parhaan mahdollisen oikaisulinjan valinnan sek\u00e4 korkeus- ett\u00e4 leveyssuunnassa.\" \/>\n<meta property=\"og:url\" content=\"https:\/\/smartpuller.com\/fi\/oikaisukohteet\/takaosa\/\" \/>\n<meta property=\"og:site_name\" content=\"SmartPuller\" \/>\n<meta property=\"article:publisher\" content=\"https:\/\/www.facebook.com\/smartpuller\/\" \/>\n<meta property=\"article:modified_time\" content=\"2017-11-15T09:48:10+00:00\" \/>\n<meta property=\"og:image\" content=\"https:\/\/smartpuller.com\/wp-content\/uploads\/2016\/01\/dent-pulling-rear-end_picture2.jpg\" \/>\n<meta name=\"twitter:card\" content=\"summary_large_image\" \/>\n<script type=\"application\/ld+json\" class=\"yoast-schema-graph\">{\"@context\":\"https:\\\/\\\/schema.org\",\"@graph\":[{\"@type\":\"WebPage\",\"@id\":\"https:\\\/\\\/smartpuller.com\\\/fi\\\/oikaisukohteet\\\/takaosa\\\/\",\"url\":\"https:\\\/\\\/smartpuller.com\\\/fi\\\/oikaisukohteet\\\/takaosa\\\/\",\"name\":\"SmartPuller - Auton takap\u00e4\u00e4n oikaisu\",\"isPartOf\":{\"@id\":\"https:\\\/\\\/smartpuller.com\\\/fi\\\/#website\"},\"primaryImageOfPage\":{\"@id\":\"https:\\\/\\\/smartpuller.com\\\/fi\\\/oikaisukohteet\\\/takaosa\\\/#primaryimage\"},\"image\":{\"@id\":\"https:\\\/\\\/smartpuller.com\\\/fi\\\/oikaisukohteet\\\/takaosa\\\/#primaryimage\"},\"thumbnailUrl\":\"https:\\\/\\\/smartpuller.com\\\/\\\/wp-content\\\/uploads\\\/2016\\\/01\\\/dent-pulling-rear-end_picture1.jpg\",\"datePublished\":\"2016-01-13T09:20:06+00:00\",\"dateModified\":\"2017-11-15T09:48:10+00:00\",\"description\":\"Teleskooppiperiaatteella toimivalla oikaisupuomilla saadaan ylempi oikaisutuki vahvalle alueelle. T\u00e4m\u00e4 mahdollistaa parhaan mahdollisen oikaisulinjan valinnan sek\u00e4 korkeus- ett\u00e4 leveyssuunnassa.\",\"breadcrumb\":{\"@id\":\"https:\\\/\\\/smartpuller.com\\\/fi\\\/oikaisukohteet\\\/takaosa\\\/#breadcrumb\"},\"inLanguage\":\"fi\",\"potentialAction\":[{\"@type\":\"ReadAction\",\"target\":[\"https:\\\/\\\/smartpuller.com\\\/fi\\\/oikaisukohteet\\\/takaosa\\\/\"]}]},{\"@type\":\"ImageObject\",\"inLanguage\":\"fi\",\"@id\":\"https:\\\/\\\/smartpuller.com\\\/fi\\\/oikaisukohteet\\\/takaosa\\\/#primaryimage\",\"url\":\"https:\\\/\\\/smartpuller.com\\\/\\\/wp-content\\\/uploads\\\/2016\\\/01\\\/dent-pulling-rear-end_picture1.jpg\",\"contentUrl\":\"https:\\\/\\\/smartpuller.com\\\/\\\/wp-content\\\/uploads\\\/2016\\\/01\\\/dent-pulling-rear-end_picture1.jpg\"},{\"@type\":\"BreadcrumbList\",\"@id\":\"https:\\\/\\\/smartpuller.com\\\/fi\\\/oikaisukohteet\\\/takaosa\\\/#breadcrumb\",\"itemListElement\":[{\"@type\":\"ListItem\",\"position\":1,\"name\":\"Home\",\"item\":\"https:\\\/\\\/smartpuller.com\\\/fi\\\/\"},{\"@type\":\"ListItem\",\"position\":2,\"name\":\"Oikaisukohteet\",\"item\":\"https:\\\/\\\/smartpuller.com\\\/fi\\\/oikaisukohteet\\\/\"},{\"@type\":\"ListItem\",\"position\":3,\"name\":\"Auton takap\u00e4\u00e4n oikaisu\"}]},{\"@type\":\"WebSite\",\"@id\":\"https:\\\/\\\/smartpuller.com\\\/fi\\\/#website\",\"url\":\"https:\\\/\\\/smartpuller.com\\\/fi\\\/\",\"name\":\"SmartPuller\",\"description\":\"SmartPuller\",\"potentialAction\":[{\"@type\":\"SearchAction\",\"target\":{\"@type\":\"EntryPoint\",\"urlTemplate\":\"https:\\\/\\\/smartpuller.com\\\/fi\\\/?s={search_term_string}\"},\"query-input\":{\"@type\":\"PropertyValueSpecification\",\"valueRequired\":true,\"valueName\":\"search_term_string\"}}],\"inLanguage\":\"fi\"}]}<\/script>\n<!-- \/ Yoast SEO plugin. -->","yoast_head_json":{"title":"SmartPuller - Auton takap\u00e4\u00e4n oikaisu","description":"Teleskooppiperiaatteella toimivalla oikaisupuomilla saadaan ylempi oikaisutuki vahvalle alueelle. T\u00e4m\u00e4 mahdollistaa parhaan mahdollisen oikaisulinjan valinnan sek\u00e4 korkeus- ett\u00e4 leveyssuunnassa.","robots":{"index":"noindex","follow":"follow"},"og_locale":"fi_FI","og_type":"article","og_title":"SmartPuller - Auton takap\u00e4\u00e4n oikaisu","og_description":"Teleskooppiperiaatteella toimivalla oikaisupuomilla saadaan ylempi oikaisutuki vahvalle alueelle. T\u00e4m\u00e4 mahdollistaa parhaan mahdollisen oikaisulinjan valinnan sek\u00e4 korkeus- ett\u00e4 leveyssuunnassa.","og_url":"https:\/\/smartpuller.com\/fi\/oikaisukohteet\/takaosa\/","og_site_name":"SmartPuller","article_publisher":"https:\/\/www.facebook.com\/smartpuller\/","article_modified_time":"2017-11-15T09:48:10+00:00","og_image":[{"url":"https:\/\/smartpuller.com\/wp-content\/uploads\/2016\/01\/dent-pulling-rear-end_picture2.jpg","type":"","width":"","height":""}],"twitter_card":"summary_large_image","schema":{"@context":"https:\/\/schema.org","@graph":[{"@type":"WebPage","@id":"https:\/\/smartpuller.com\/fi\/oikaisukohteet\/takaosa\/","url":"https:\/\/smartpuller.com\/fi\/oikaisukohteet\/takaosa\/","name":"SmartPuller - Auton takap\u00e4\u00e4n oikaisu","isPartOf":{"@id":"https:\/\/smartpuller.com\/fi\/#website"},"primaryImageOfPage":{"@id":"https:\/\/smartpuller.com\/fi\/oikaisukohteet\/takaosa\/#primaryimage"},"image":{"@id":"https:\/\/smartpuller.com\/fi\/oikaisukohteet\/takaosa\/#primaryimage"},"thumbnailUrl":"https:\/\/smartpuller.com\/\/wp-content\/uploads\/2016\/01\/dent-pulling-rear-end_picture1.jpg","datePublished":"2016-01-13T09:20:06+00:00","dateModified":"2017-11-15T09:48:10+00:00","description":"Teleskooppiperiaatteella toimivalla oikaisupuomilla saadaan ylempi oikaisutuki vahvalle alueelle. T\u00e4m\u00e4 mahdollistaa parhaan mahdollisen oikaisulinjan valinnan sek\u00e4 korkeus- ett\u00e4 leveyssuunnassa.","breadcrumb":{"@id":"https:\/\/smartpuller.com\/fi\/oikaisukohteet\/takaosa\/#breadcrumb"},"inLanguage":"fi","potentialAction":[{"@type":"ReadAction","target":["https:\/\/smartpuller.com\/fi\/oikaisukohteet\/takaosa\/"]}]},{"@type":"ImageObject","inLanguage":"fi","@id":"https:\/\/smartpuller.com\/fi\/oikaisukohteet\/takaosa\/#primaryimage","url":"https:\/\/smartpuller.com\/\/wp-content\/uploads\/2016\/01\/dent-pulling-rear-end_picture1.jpg","contentUrl":"https:\/\/smartpuller.com\/\/wp-content\/uploads\/2016\/01\/dent-pulling-rear-end_picture1.jpg"},{"@type":"BreadcrumbList","@id":"https:\/\/smartpuller.com\/fi\/oikaisukohteet\/takaosa\/#breadcrumb","itemListElement":[{"@type":"ListItem","position":1,"name":"Home","item":"https:\/\/smartpuller.com\/fi\/"},{"@type":"ListItem","position":2,"name":"Oikaisukohteet","item":"https:\/\/smartpuller.com\/fi\/oikaisukohteet\/"},{"@type":"ListItem","position":3,"name":"Auton takap\u00e4\u00e4n oikaisu"}]},{"@type":"WebSite","@id":"https:\/\/smartpuller.com\/fi\/#website","url":"https:\/\/smartpuller.com\/fi\/","name":"SmartPuller","description":"SmartPuller","potentialAction":[{"@type":"SearchAction","target":{"@type":"EntryPoint","urlTemplate":"https:\/\/smartpuller.com\/fi\/?s={search_term_string}"},"query-input":{"@type":"PropertyValueSpecification","valueRequired":true,"valueName":"search_term_string"}}],"inLanguage":"fi"}]}},"_links":{"self":[{"href":"https:\/\/smartpuller.com\/fi\/wp-json\/wp\/v2\/pages\/266","targetHints":{"allow":["GET"]}}],"collection":[{"href":"https:\/\/smartpuller.com\/fi\/wp-json\/wp\/v2\/pages"}],"about":[{"href":"https:\/\/smartpuller.com\/fi\/wp-json\/wp\/v2\/types\/page"}],"author":[{"embeddable":true,"href":"https:\/\/smartpuller.com\/fi\/wp-json\/wp\/v2\/users\/101"}],"replies":[{"embeddable":true,"href":"https:\/\/smartpuller.com\/fi\/wp-json\/wp\/v2\/comments?post=266"}],"version-history":[{"count":0,"href":"https:\/\/smartpuller.com\/fi\/wp-json\/wp\/v2\/pages\/266\/revisions"}],"up":[{"embeddable":true,"href":"https:\/\/smartpuller.com\/fi\/wp-json\/wp\/v2\/pages\/262"}],"wp:attachment":[{"href":"https:\/\/smartpuller.com\/fi\/wp-json\/wp\/v2\/media?parent=266"}],"curies":[{"name":"wp","href":"https:\/\/api.w.org\/{rel}","templated":true}]}}