{"id":265,"date":"2016-01-13T11:19:49","date_gmt":"2016-01-13T09:19:49","guid":{"rendered":"https:\/\/smartpuller.com\/\/?page_id=265&#038;lang=fi"},"modified":"2018-01-03T10:27:29","modified_gmt":"2018-01-03T08:27:29","slug":"kylkirakenteet","status":"publish","type":"page","link":"https:\/\/smartpuller.com\/fi\/oikaisukohteet\/kylkirakenteet\/","title":{"rendered":"Auton kylkirakenteiden oikaisu"},"content":{"rendered":"<div id=\"pl-265\"  class=\"panel-layout\" ><div id=\"pg-265-0\"  class=\"panel-grid panel-no-style\" ><div id=\"pgc-265-0-0\"  class=\"panel-grid-cell\" ><div id=\"panel-265-0-0-0\" class=\"so-panel widget widget_sow-editor panel-first-child panel-last-child\" data-index=\"0\" ><div\n\t\t\t\n\t\t\tclass=\"so-widget-sow-editor so-widget-sow-editor-base\"\n\t\t\t\n\t\t>\n<div class=\"siteorigin-widget-tinymce textwidget\">\n\t<p><a href=\"https:\/\/smartpuller.com\/\/wp-content\/uploads\/2016\/01\/dent-pulling-side-structures_picture1.jpg\" rel=\"attachment wp-att-661\" data-rel=\"lightbox-image-0\" data-rl_title=\"\" data-rl_caption=\"\" title=\"\"><img loading=\"lazy\" decoding=\"async\" class=\"alignnone size-full wp-image-661\" src=\"https:\/\/smartpuller.com\/\/wp-content\/uploads\/2016\/01\/dent-pulling-side-structures_picture1.jpg\" alt=\"dent-pulling-side-structures_picture1\" width=\"1000\" height=\"750\" srcset=\"https:\/\/smartpuller.com\/wp-content\/uploads\/2016\/01\/dent-pulling-side-structures_picture1.jpg 1000w, https:\/\/smartpuller.com\/wp-content\/uploads\/2016\/01\/dent-pulling-side-structures_picture1-600x450.jpg 600w, https:\/\/smartpuller.com\/wp-content\/uploads\/2016\/01\/dent-pulling-side-structures_picture1-300x225.jpg 300w, https:\/\/smartpuller.com\/wp-content\/uploads\/2016\/01\/dent-pulling-side-structures_picture1-768x576.jpg 768w\" sizes=\"auto, (max-width: 1000px) 100vw, 1000px\" \/><\/a><\/p>\n<\/div>\n<\/div><\/div><\/div><div id=\"pgc-265-0-1\"  class=\"panel-grid-cell\" ><div id=\"panel-265-0-1-0\" class=\"so-panel widget widget_sow-editor panel-first-child panel-last-child\" data-index=\"1\" ><div\n\t\t\t\n\t\t\tclass=\"so-widget-sow-editor so-widget-sow-editor-base\"\n\t\t\t\n\t\t>\n<div class=\"siteorigin-widget-tinymce textwidget\">\n\t<p><em><strong>SmartPuller antaa uusia nopeita oikaisumahdollisuuksia, jotka aiemmin onnistuivat vain oikaisupenkeiss\u00e4.<\/strong><\/em><\/p>\n<\/div>\n<\/div><\/div><\/div><\/div><div id=\"pg-265-1\"  class=\"panel-grid panel-no-style\" ><div id=\"pgc-265-1-0\"  class=\"panel-grid-cell\" ><div id=\"panel-265-1-0-0\" class=\"so-panel widget widget_sow-editor panel-first-child panel-last-child\" data-index=\"2\" ><div\n\t\t\t\n\t\t\tclass=\"so-widget-sow-editor so-widget-sow-editor-base\"\n\t\t\t\n\t\t>\n<div class=\"siteorigin-widget-tinymce textwidget\">\n\t<p><a href=\"https:\/\/smartpuller.com\/\/wp-content\/uploads\/2016\/01\/dent-pulling-side-structures_picture3.jpg\" rel=\"attachment wp-att-665\" data-rel=\"lightbox-image-1\" data-rl_title=\"\" data-rl_caption=\"\" title=\"\"><img loading=\"lazy\" decoding=\"async\" class=\"alignnone size-full wp-image-665\" src=\"https:\/\/smartpuller.com\/\/wp-content\/uploads\/2016\/01\/dent-pulling-side-structures_picture3.jpg\" alt=\"dent-pulling-side-structures_picture3\" width=\"872\" height=\"1000\" srcset=\"https:\/\/smartpuller.com\/wp-content\/uploads\/2016\/01\/dent-pulling-side-structures_picture3.jpg 872w, https:\/\/smartpuller.com\/wp-content\/uploads\/2016\/01\/dent-pulling-side-structures_picture3-600x688.jpg 600w, https:\/\/smartpuller.com\/wp-content\/uploads\/2016\/01\/dent-pulling-side-structures_picture3-262x300.jpg 262w, https:\/\/smartpuller.com\/wp-content\/uploads\/2016\/01\/dent-pulling-side-structures_picture3-768x881.jpg 768w\" sizes=\"auto, (max-width: 872px) 100vw, 872px\" \/><\/a><\/p>\n<\/div>\n<\/div><\/div><\/div><div id=\"pgc-265-1-1\"  class=\"panel-grid-cell\" ><div id=\"panel-265-1-1-0\" class=\"so-panel widget widget_sow-editor panel-first-child panel-last-child\" data-index=\"3\" ><div\n\t\t\t\n\t\t\tclass=\"so-widget-sow-editor so-widget-sow-editor-base\"\n\t\t\t\n\t\t>\n<div class=\"siteorigin-widget-tinymce textwidget\">\n\t<p><a href=\"https:\/\/smartpuller.com\/\/wp-content\/uploads\/2016\/01\/dent-pulling-side-structures_picture2.jpg\" rel=\"attachment wp-att-663\" data-rel=\"lightbox-image-2\" data-rl_title=\"\" data-rl_caption=\"\" title=\"\"><img loading=\"lazy\" decoding=\"async\" class=\"alignnone size-full wp-image-663\" src=\"https:\/\/smartpuller.com\/\/wp-content\/uploads\/2016\/01\/dent-pulling-side-structures_picture2.jpg\" alt=\"dent-pulling-side-structures_picture2\" width=\"1000\" height=\"750\" srcset=\"https:\/\/smartpuller.com\/wp-content\/uploads\/2016\/01\/dent-pulling-side-structures_picture2.jpg 1000w, https:\/\/smartpuller.com\/wp-content\/uploads\/2016\/01\/dent-pulling-side-structures_picture2-600x450.jpg 600w, https:\/\/smartpuller.com\/wp-content\/uploads\/2016\/01\/dent-pulling-side-structures_picture2-300x225.jpg 300w, https:\/\/smartpuller.com\/wp-content\/uploads\/2016\/01\/dent-pulling-side-structures_picture2-768x576.jpg 768w\" sizes=\"auto, (max-width: 1000px) 100vw, 1000px\" \/><\/a><br \/>\n<em>SmartPullerin oikaisuty\u00f6n nopeus perustuu py\u00f6rill\u00e4 siirtyv\u00e4\u00e4n pystypalkkiin (1), jonka tuentatassut (2) ovat s\u00e4\u00e4dett\u00e4viss\u00e4 auton leveys- ja korkeussuunnassa oikaisualueen reunoilla oleviin vahvoihin rakenteisiin. T\u00e4m\u00e4n j\u00e4lkeen oikaisuvetimen (3) oikaisu kattaa alueen (A). Oikaisu onnistuu siirt\u00e4m\u00e4tt\u00e4 SmartPulleria.<\/em><\/p>\n<\/div>\n<\/div><\/div><\/div><\/div><div id=\"pg-265-2\"  class=\"panel-grid panel-no-style\" ><div id=\"pgc-265-2-0\"  class=\"panel-grid-cell\" ><div id=\"panel-265-2-0-0\" class=\"so-panel widget widget_sow-editor panel-first-child panel-last-child\" data-index=\"4\" ><div\n\t\t\t\n\t\t\tclass=\"so-widget-sow-editor so-widget-sow-editor-base\"\n\t\t\t\n\t\t>\n<div class=\"siteorigin-widget-tinymce textwidget\">\n\t<p><a href=\"https:\/\/smartpuller.com\/\/wp-content\/uploads\/2016\/01\/dent-pulling-side-structures_picture4.jpg\" rel=\"attachment wp-att-667\" data-rel=\"lightbox-image-3\" data-rl_title=\"\" data-rl_caption=\"\" title=\"\"><img loading=\"lazy\" decoding=\"async\" class=\"alignnone size-full wp-image-667\" src=\"https:\/\/smartpuller.com\/\/wp-content\/uploads\/2016\/01\/dent-pulling-side-structures_picture4.jpg\" alt=\"dent-pulling-side-structures_picture4\" width=\"1000\" height=\"784\" srcset=\"https:\/\/smartpuller.com\/wp-content\/uploads\/2016\/01\/dent-pulling-side-structures_picture4.jpg 1000w, https:\/\/smartpuller.com\/wp-content\/uploads\/2016\/01\/dent-pulling-side-structures_picture4-600x470.jpg 600w, https:\/\/smartpuller.com\/wp-content\/uploads\/2016\/01\/dent-pulling-side-structures_picture4-300x235.jpg 300w, https:\/\/smartpuller.com\/wp-content\/uploads\/2016\/01\/dent-pulling-side-structures_picture4-768x602.jpg 768w\" sizes=\"auto, (max-width: 1000px) 100vw, 1000px\" \/><\/a><br \/>\n<em>Oikaisuty\u00f6t\u00e4 helpottaa ja nopeuttaa 360\u00b0 k\u00e4\u00e4ntyv\u00e4 oikaisutuki (B), mink\u00e4 avulla onnistuvat esim. C-pilarin oikaisut auton leveys- ja pituussuunnassa.<\/em><\/p>\n<\/div>\n<\/div><\/div><\/div><div id=\"pgc-265-2-1\"  class=\"panel-grid-cell\" ><div id=\"panel-265-2-1-0\" class=\"so-panel widget widget_sow-editor panel-first-child panel-last-child\" data-index=\"5\" ><div\n\t\t\t\n\t\t\tclass=\"so-widget-sow-editor so-widget-sow-editor-base\"\n\t\t\t\n\t\t>\n<div class=\"siteorigin-widget-tinymce textwidget\">\n\t<p><a href=\"https:\/\/smartpuller.com\/\/wp-content\/uploads\/2016\/01\/dent-pulling-side-structures_picture5.jpg\" rel=\"attachment wp-att-669\" data-rel=\"lightbox-image-4\" data-rl_title=\"\" data-rl_caption=\"\" title=\"\"><img loading=\"lazy\" decoding=\"async\" class=\"alignnone size-full wp-image-669\" src=\"https:\/\/smartpuller.com\/\/wp-content\/uploads\/2016\/01\/dent-pulling-side-structures_picture5.jpg\" alt=\"dent-pulling-side-structures_picture5\" width=\"1000\" height=\"766\" srcset=\"https:\/\/smartpuller.com\/wp-content\/uploads\/2016\/01\/dent-pulling-side-structures_picture5.jpg 1000w, https:\/\/smartpuller.com\/wp-content\/uploads\/2016\/01\/dent-pulling-side-structures_picture5-600x460.jpg 600w, https:\/\/smartpuller.com\/wp-content\/uploads\/2016\/01\/dent-pulling-side-structures_picture5-300x230.jpg 300w, https:\/\/smartpuller.com\/wp-content\/uploads\/2016\/01\/dent-pulling-side-structures_picture5-768x588.jpg 768w\" sizes=\"auto, (max-width: 1000px) 100vw, 1000px\" \/><\/a><br \/>\n<em>Vetoruuviin voidaan asentaa tarraimia tai muita vetoty\u00f6kaluja.<\/em><\/p>\n<\/div>\n<\/div><\/div><\/div><\/div><div id=\"pg-265-3\"  class=\"panel-grid panel-no-style\" ><div id=\"pgc-265-3-0\"  class=\"panel-grid-cell\" ><div id=\"panel-265-3-0-0\" class=\"so-panel widget widget_sow-editor panel-first-child panel-last-child\" data-index=\"6\" ><div\n\t\t\t\n\t\t\tclass=\"so-widget-sow-editor so-widget-sow-editor-base\"\n\t\t\t\n\t\t>\n<div class=\"siteorigin-widget-tinymce textwidget\">\n\t<p><a href=\"https:\/\/smartpuller.com\/\/wp-content\/uploads\/2016\/01\/dent-pulling-side-structures_picture6.jpg\" rel=\"attachment wp-att-671\" data-rel=\"lightbox-image-5\" data-rl_title=\"\" data-rl_caption=\"\" title=\"\"><img loading=\"lazy\" decoding=\"async\" class=\"alignnone size-full wp-image-671\" src=\"https:\/\/smartpuller.com\/\/wp-content\/uploads\/2016\/01\/dent-pulling-side-structures_picture6.jpg\" alt=\"dent-pulling-side-structures_picture6\" width=\"654\" height=\"1000\" srcset=\"https:\/\/smartpuller.com\/wp-content\/uploads\/2016\/01\/dent-pulling-side-structures_picture6.jpg 654w, https:\/\/smartpuller.com\/wp-content\/uploads\/2016\/01\/dent-pulling-side-structures_picture6-600x917.jpg 600w, https:\/\/smartpuller.com\/wp-content\/uploads\/2016\/01\/dent-pulling-side-structures_picture6-196x300.jpg 196w\" sizes=\"auto, (max-width: 654px) 100vw, 654px\" \/><\/a><br \/>\n<em>SmartPuller soveltuu hyvin my\u00f6s hy\u00f6tyajoneuvojen oikaisuihin, jossa ajans\u00e4\u00e4st\u00f6 osan vaihtamiseen verrattuna on huomattava.<\/em><\/p>\n<\/div>\n<\/div><\/div><\/div><div id=\"pgc-265-3-1\"  class=\"panel-grid-cell\" ><div id=\"panel-265-3-1-0\" class=\"so-panel widget widget_sow-editor panel-first-child panel-last-child\" data-index=\"7\" ><div\n\t\t\t\n\t\t\tclass=\"so-widget-sow-editor so-widget-sow-editor-base\"\n\t\t\t\n\t\t>\n<div class=\"siteorigin-widget-tinymce textwidget\">\n\t<p><a href=\"https:\/\/smartpuller.com\/\/wp-content\/uploads\/2016\/01\/dent-pulling-side-structures_picture7.jpg\" rel=\"attachment wp-att-673\" data-rel=\"lightbox-image-6\" data-rl_title=\"\" data-rl_caption=\"\" title=\"\"><img loading=\"lazy\" decoding=\"async\" class=\"alignnone size-full wp-image-673\" src=\"https:\/\/smartpuller.com\/\/wp-content\/uploads\/2016\/01\/dent-pulling-side-structures_picture7.jpg\" alt=\"dent-pulling-side-structures_picture7\" width=\"779\" height=\"1000\" srcset=\"https:\/\/smartpuller.com\/wp-content\/uploads\/2016\/01\/dent-pulling-side-structures_picture7.jpg 779w, https:\/\/smartpuller.com\/wp-content\/uploads\/2016\/01\/dent-pulling-side-structures_picture7-600x770.jpg 600w, https:\/\/smartpuller.com\/wp-content\/uploads\/2016\/01\/dent-pulling-side-structures_picture7-234x300.jpg 234w, https:\/\/smartpuller.com\/wp-content\/uploads\/2016\/01\/dent-pulling-side-structures_picture7-768x986.jpg 768w\" sizes=\"auto, (max-width: 779px) 100vw, 779px\" \/><\/a><\/p>\n<\/div>\n<\/div><\/div><\/div><\/div><div id=\"pg-265-4\"  class=\"panel-grid panel-no-style\" ><div id=\"pgc-265-4-0\"  class=\"panel-grid-cell\" ><div id=\"panel-265-4-0-0\" class=\"so-panel widget widget_sow-editor panel-first-child panel-last-child\" data-index=\"8\" ><div\n\t\t\t\n\t\t\tclass=\"so-widget-sow-editor so-widget-sow-editor-base\"\n\t\t\t\n\t\t>\n<div class=\"siteorigin-widget-tinymce textwidget\">\n\t<p>\u00bb <a href=\"https:\/\/youtu.be\/q8ewkUfVLmM\" target=\"_blank\">Video auton helmakotelon rakenteiden oikaisusta<\/a><\/p>\n<div class=\"nappilinkki_tiivis\"><a href=\"https:\/\/smartpuller.com\/fi\/yhteydenotto\/myynti\/\">\u00bb Kuinka ostan<\/a><\/div>\n<\/div>\n<\/div><\/div><\/div><\/div><\/div>","protected":false},"excerpt":{"rendered":"<p>SmartPuller antaa uusia nopeita oikaisumahdollisuuksia, jotka aiemmin onnistuivat vain oikaisupenkeiss\u00e4. SmartPullerin oikaisuty\u00f6n nopeus perustuu py\u00f6rill\u00e4 siirtyv\u00e4\u00e4n pystypalkkiin (1), jonka tuentatassut (2) ovat s\u00e4\u00e4dett\u00e4viss\u00e4 auton leveys- ja korkeussuunnassa oikaisualueen reunoilla oleviin vahvoihin rakenteisiin. T\u00e4m\u00e4n j\u00e4lkeen oikaisuvetimen (3) oikaisu kattaa alueen (A). Oikaisu onnistuu siirt\u00e4m\u00e4tt\u00e4 SmartPulleria.<\/p>\n","protected":false},"author":101,"featured_media":0,"parent":262,"menu_order":230,"comment_status":"closed","ping_status":"closed","template":"","meta":{"_genesis_hide_title":false,"_genesis_hide_breadcrumbs":false,"_genesis_hide_singular_image":false,"_genesis_hide_footer_widgets":false,"_genesis_custom_body_class":"","_genesis_custom_post_class":"","_genesis_layout":"","footnotes":""},"class_list":{"0":"post-265","1":"page","2":"type-page","3":"status-publish","5":"entry","6":"has-post-thumbnail"},"yoast_head":"<!-- This site is optimized with the Yoast SEO plugin v27.4 - https:\/\/yoast.com\/product\/yoast-seo-wordpress\/ -->\n<title>SmartPuller - Auton kylkirakenteiden oikaisu<\/title>\n<meta name=\"description\" content=\"SmartPullerin oikaisuty\u00f6n nopeus perustuu py\u00f6rill\u00e4 siirtyv\u00e4\u00e4n pystypalkkiin, jonka tuentatassut ovat s\u00e4\u00e4dett\u00e4viss\u00e4 auton leveys- ja korkeussuunnassa oikaisualueen reunoilla oleviin vahvoihin rakenteisiin.\" \/>\n<meta name=\"robots\" content=\"noindex, follow\" \/>\n<meta property=\"og:locale\" content=\"fi_FI\" \/>\n<meta property=\"og:type\" content=\"article\" \/>\n<meta property=\"og:title\" content=\"SmartPuller - Auton kylkirakenteiden oikaisu\" \/>\n<meta property=\"og:description\" content=\"SmartPullerin oikaisuty\u00f6n nopeus perustuu py\u00f6rill\u00e4 siirtyv\u00e4\u00e4n pystypalkkiin, jonka tuentatassut ovat s\u00e4\u00e4dett\u00e4viss\u00e4 auton leveys- ja korkeussuunnassa oikaisualueen reunoilla oleviin vahvoihin rakenteisiin.\" \/>\n<meta property=\"og:url\" content=\"https:\/\/smartpuller.com\/fi\/oikaisukohteet\/kylkirakenteet\/\" \/>\n<meta property=\"og:site_name\" content=\"SmartPuller\" \/>\n<meta property=\"article:publisher\" content=\"https:\/\/www.facebook.com\/smartpuller\/\" \/>\n<meta property=\"article:modified_time\" content=\"2018-01-03T08:27:29+00:00\" \/>\n<meta property=\"og:image\" content=\"https:\/\/smartpuller.com\/\/wp-content\/uploads\/2016\/01\/dent-pulling-side-structures_picture1.jpg\" \/>\n<meta name=\"twitter:card\" content=\"summary_large_image\" \/>\n<meta name=\"twitter:label1\" content=\"Arvioitu lukuaika\" \/>\n\t<meta name=\"twitter:data1\" content=\"1 minuutti\" \/>\n<script type=\"application\/ld+json\" class=\"yoast-schema-graph\">{\"@context\":\"https:\\\/\\\/schema.org\",\"@graph\":[{\"@type\":\"WebPage\",\"@id\":\"https:\\\/\\\/smartpuller.com\\\/fi\\\/oikaisukohteet\\\/kylkirakenteet\\\/\",\"url\":\"https:\\\/\\\/smartpuller.com\\\/fi\\\/oikaisukohteet\\\/kylkirakenteet\\\/\",\"name\":\"SmartPuller - Auton kylkirakenteiden oikaisu\",\"isPartOf\":{\"@id\":\"https:\\\/\\\/smartpuller.com\\\/fi\\\/#website\"},\"primaryImageOfPage\":{\"@id\":\"https:\\\/\\\/smartpuller.com\\\/fi\\\/oikaisukohteet\\\/kylkirakenteet\\\/#primaryimage\"},\"image\":{\"@id\":\"https:\\\/\\\/smartpuller.com\\\/fi\\\/oikaisukohteet\\\/kylkirakenteet\\\/#primaryimage\"},\"thumbnailUrl\":\"https:\\\/\\\/smartpuller.com\\\/\\\/wp-content\\\/uploads\\\/2016\\\/01\\\/dent-pulling-side-structures_picture1.jpg\",\"datePublished\":\"2016-01-13T09:19:49+00:00\",\"dateModified\":\"2018-01-03T08:27:29+00:00\",\"description\":\"SmartPullerin oikaisuty\u00f6n nopeus perustuu py\u00f6rill\u00e4 siirtyv\u00e4\u00e4n pystypalkkiin, jonka tuentatassut ovat s\u00e4\u00e4dett\u00e4viss\u00e4 auton leveys- ja korkeussuunnassa oikaisualueen reunoilla oleviin vahvoihin rakenteisiin.\",\"breadcrumb\":{\"@id\":\"https:\\\/\\\/smartpuller.com\\\/fi\\\/oikaisukohteet\\\/kylkirakenteet\\\/#breadcrumb\"},\"inLanguage\":\"fi\",\"potentialAction\":[{\"@type\":\"ReadAction\",\"target\":[\"https:\\\/\\\/smartpuller.com\\\/fi\\\/oikaisukohteet\\\/kylkirakenteet\\\/\"]}]},{\"@type\":\"ImageObject\",\"inLanguage\":\"fi\",\"@id\":\"https:\\\/\\\/smartpuller.com\\\/fi\\\/oikaisukohteet\\\/kylkirakenteet\\\/#primaryimage\",\"url\":\"https:\\\/\\\/smartpuller.com\\\/\\\/wp-content\\\/uploads\\\/2016\\\/01\\\/dent-pulling-side-structures_picture1.jpg\",\"contentUrl\":\"https:\\\/\\\/smartpuller.com\\\/\\\/wp-content\\\/uploads\\\/2016\\\/01\\\/dent-pulling-side-structures_picture1.jpg\"},{\"@type\":\"BreadcrumbList\",\"@id\":\"https:\\\/\\\/smartpuller.com\\\/fi\\\/oikaisukohteet\\\/kylkirakenteet\\\/#breadcrumb\",\"itemListElement\":[{\"@type\":\"ListItem\",\"position\":1,\"name\":\"Home\",\"item\":\"https:\\\/\\\/smartpuller.com\\\/fi\\\/\"},{\"@type\":\"ListItem\",\"position\":2,\"name\":\"Oikaisukohteet\",\"item\":\"https:\\\/\\\/smartpuller.com\\\/fi\\\/oikaisukohteet\\\/\"},{\"@type\":\"ListItem\",\"position\":3,\"name\":\"Auton kylkirakenteiden oikaisu\"}]},{\"@type\":\"WebSite\",\"@id\":\"https:\\\/\\\/smartpuller.com\\\/fi\\\/#website\",\"url\":\"https:\\\/\\\/smartpuller.com\\\/fi\\\/\",\"name\":\"SmartPuller\",\"description\":\"SmartPuller\",\"potentialAction\":[{\"@type\":\"SearchAction\",\"target\":{\"@type\":\"EntryPoint\",\"urlTemplate\":\"https:\\\/\\\/smartpuller.com\\\/fi\\\/?s={search_term_string}\"},\"query-input\":{\"@type\":\"PropertyValueSpecification\",\"valueRequired\":true,\"valueName\":\"search_term_string\"}}],\"inLanguage\":\"fi\"}]}<\/script>\n<!-- \/ Yoast SEO plugin. -->","yoast_head_json":{"title":"SmartPuller - Auton kylkirakenteiden oikaisu","description":"SmartPullerin oikaisuty\u00f6n nopeus perustuu py\u00f6rill\u00e4 siirtyv\u00e4\u00e4n pystypalkkiin, jonka tuentatassut ovat s\u00e4\u00e4dett\u00e4viss\u00e4 auton leveys- ja korkeussuunnassa oikaisualueen reunoilla oleviin vahvoihin rakenteisiin.","robots":{"index":"noindex","follow":"follow"},"og_locale":"fi_FI","og_type":"article","og_title":"SmartPuller - Auton kylkirakenteiden oikaisu","og_description":"SmartPullerin oikaisuty\u00f6n nopeus perustuu py\u00f6rill\u00e4 siirtyv\u00e4\u00e4n pystypalkkiin, jonka tuentatassut ovat s\u00e4\u00e4dett\u00e4viss\u00e4 auton leveys- ja korkeussuunnassa oikaisualueen reunoilla oleviin vahvoihin rakenteisiin.","og_url":"https:\/\/smartpuller.com\/fi\/oikaisukohteet\/kylkirakenteet\/","og_site_name":"SmartPuller","article_publisher":"https:\/\/www.facebook.com\/smartpuller\/","article_modified_time":"2018-01-03T08:27:29+00:00","og_image":[{"url":"https:\/\/smartpuller.com\/\/wp-content\/uploads\/2016\/01\/dent-pulling-side-structures_picture1.jpg","type":"","width":"","height":""}],"twitter_card":"summary_large_image","twitter_misc":{"Arvioitu lukuaika":"1 minuutti"},"schema":{"@context":"https:\/\/schema.org","@graph":[{"@type":"WebPage","@id":"https:\/\/smartpuller.com\/fi\/oikaisukohteet\/kylkirakenteet\/","url":"https:\/\/smartpuller.com\/fi\/oikaisukohteet\/kylkirakenteet\/","name":"SmartPuller - Auton kylkirakenteiden oikaisu","isPartOf":{"@id":"https:\/\/smartpuller.com\/fi\/#website"},"primaryImageOfPage":{"@id":"https:\/\/smartpuller.com\/fi\/oikaisukohteet\/kylkirakenteet\/#primaryimage"},"image":{"@id":"https:\/\/smartpuller.com\/fi\/oikaisukohteet\/kylkirakenteet\/#primaryimage"},"thumbnailUrl":"https:\/\/smartpuller.com\/\/wp-content\/uploads\/2016\/01\/dent-pulling-side-structures_picture1.jpg","datePublished":"2016-01-13T09:19:49+00:00","dateModified":"2018-01-03T08:27:29+00:00","description":"SmartPullerin oikaisuty\u00f6n nopeus perustuu py\u00f6rill\u00e4 siirtyv\u00e4\u00e4n pystypalkkiin, jonka tuentatassut ovat s\u00e4\u00e4dett\u00e4viss\u00e4 auton leveys- ja korkeussuunnassa oikaisualueen reunoilla oleviin vahvoihin rakenteisiin.","breadcrumb":{"@id":"https:\/\/smartpuller.com\/fi\/oikaisukohteet\/kylkirakenteet\/#breadcrumb"},"inLanguage":"fi","potentialAction":[{"@type":"ReadAction","target":["https:\/\/smartpuller.com\/fi\/oikaisukohteet\/kylkirakenteet\/"]}]},{"@type":"ImageObject","inLanguage":"fi","@id":"https:\/\/smartpuller.com\/fi\/oikaisukohteet\/kylkirakenteet\/#primaryimage","url":"https:\/\/smartpuller.com\/\/wp-content\/uploads\/2016\/01\/dent-pulling-side-structures_picture1.jpg","contentUrl":"https:\/\/smartpuller.com\/\/wp-content\/uploads\/2016\/01\/dent-pulling-side-structures_picture1.jpg"},{"@type":"BreadcrumbList","@id":"https:\/\/smartpuller.com\/fi\/oikaisukohteet\/kylkirakenteet\/#breadcrumb","itemListElement":[{"@type":"ListItem","position":1,"name":"Home","item":"https:\/\/smartpuller.com\/fi\/"},{"@type":"ListItem","position":2,"name":"Oikaisukohteet","item":"https:\/\/smartpuller.com\/fi\/oikaisukohteet\/"},{"@type":"ListItem","position":3,"name":"Auton kylkirakenteiden oikaisu"}]},{"@type":"WebSite","@id":"https:\/\/smartpuller.com\/fi\/#website","url":"https:\/\/smartpuller.com\/fi\/","name":"SmartPuller","description":"SmartPuller","potentialAction":[{"@type":"SearchAction","target":{"@type":"EntryPoint","urlTemplate":"https:\/\/smartpuller.com\/fi\/?s={search_term_string}"},"query-input":{"@type":"PropertyValueSpecification","valueRequired":true,"valueName":"search_term_string"}}],"inLanguage":"fi"}]}},"_links":{"self":[{"href":"https:\/\/smartpuller.com\/fi\/wp-json\/wp\/v2\/pages\/265","targetHints":{"allow":["GET"]}}],"collection":[{"href":"https:\/\/smartpuller.com\/fi\/wp-json\/wp\/v2\/pages"}],"about":[{"href":"https:\/\/smartpuller.com\/fi\/wp-json\/wp\/v2\/types\/page"}],"author":[{"embeddable":true,"href":"https:\/\/smartpuller.com\/fi\/wp-json\/wp\/v2\/users\/101"}],"replies":[{"embeddable":true,"href":"https:\/\/smartpuller.com\/fi\/wp-json\/wp\/v2\/comments?post=265"}],"version-history":[{"count":0,"href":"https:\/\/smartpuller.com\/fi\/wp-json\/wp\/v2\/pages\/265\/revisions"}],"up":[{"embeddable":true,"href":"https:\/\/smartpuller.com\/fi\/wp-json\/wp\/v2\/pages\/262"}],"wp:attachment":[{"href":"https:\/\/smartpuller.com\/fi\/wp-json\/wp\/v2\/media?parent=265"}],"curies":[{"name":"wp","href":"https:\/\/api.w.org\/{rel}","templated":true}]}}