{"id":262,"date":"2016-01-13T11:18:44","date_gmt":"2016-01-13T09:18:44","guid":{"rendered":"https:\/\/smartpuller.com\/\/?page_id=262&#038;lang=fi"},"modified":"2024-11-13T15:26:41","modified_gmt":"2024-11-13T13:26:41","slug":"oikaisukohteet","status":"publish","type":"page","link":"https:\/\/smartpuller.com\/fi\/oikaisukohteet\/","title":{"rendered":"Oikaisukohteet"},"content":{"rendered":"<div id=\"pl-262\"  class=\"panel-layout\" ><div id=\"pg-262-0\"  class=\"panel-grid panel-no-style\" ><div id=\"pgc-262-0-0\"  class=\"panel-grid-cell\" ><div id=\"panel-262-0-0-0\" class=\"so-panel widget widget_sow-editor panel-first-child panel-last-child\" data-index=\"0\" ><div\n\t\t\t\n\t\t\tclass=\"so-widget-sow-editor so-widget-sow-editor-base\"\n\t\t\t\n\t\t>\n<div class=\"siteorigin-widget-tinymce textwidget\">\n\t<h5>SmartPuller soveltuu l\u00e4hes koko korin alueen oikaisuihin kaikkiin tarvittaviin suuntiin<\/h5>\n<\/div>\n<\/div><\/div><\/div><\/div><div id=\"pg-262-1\"  class=\"panel-grid panel-no-style\" ><div id=\"pgc-262-1-0\"  class=\"panel-grid-cell\" ><div id=\"panel-262-1-0-0\" class=\"so-panel widget widget_sow-editor panel-first-child panel-last-child\" data-index=\"1\" ><div\n\t\t\t\n\t\t\tclass=\"so-widget-sow-editor so-widget-sow-editor-base\"\n\t\t\t\n\t\t>\n<div class=\"siteorigin-widget-tinymce textwidget\">\n\t<p>SmartPuller on helppo ja nopea koota. Painettu k\u00e4ytt\u00f6opaskirjanen, kokoamisohjeet ja k\u00e4ytt\u00f6opastus-DVD sis\u00e4ltyv\u00e4t toimitukseen. Laite ei vaadi erityist\u00e4 k\u00e4ytt\u00f6koulutusta. Mik\u00e4li sinulla on kysytt\u00e4v\u00e4\u00e4 SmartPuller-laitteen k\u00e4yt\u00f6st\u00e4, ota yhteytt\u00e4 Autorobot Finland Oy:n asiakaspalveluun.<\/p>\n<div class=\"nappilinkki\"><a href=\"https:\/\/smartpuller.com\/fi\/yhteydenotto\/myynti\/\">\u00bb Kuinka ostan<\/a><\/div>\n<p><a href=\"https:\/\/smartpuller.com\/fi\/tuki\/oppaat\/\">\u00bb Tarkastele k\u00e4ytt\u00f6oppaita<\/a><\/p>\n<\/div>\n<\/div><\/div><\/div><div id=\"pgc-262-1-1\"  class=\"panel-grid-cell\" ><div id=\"panel-262-1-1-0\" class=\"so-panel widget widget_sow-editor panel-first-child panel-last-child\" data-index=\"2\" ><div\n\t\t\t\n\t\t\tclass=\"so-widget-sow-editor so-widget-sow-editor-base\"\n\t\t\t\n\t\t>\n<div class=\"siteorigin-widget-tinymce textwidget\">\n\t<p><a href=\"https:\/\/smartpuller.com\/wp-content\/uploads\/2016\/01\/dent-pulling-areas.png\" rel=\"lightbox\" data-rel=\"lightbox-image-0\" data-rl_title=\"\" data-rl_caption=\"\" title=\"\"><img loading=\"lazy\" decoding=\"async\" class=\"alignnone size-full wp-image-12208\" src=\"https:\/\/smartpuller.com\/wp-content\/uploads\/2016\/01\/dent-pulling-areas.png\" alt=\"\" width=\"700\" height=\"525\" srcset=\"https:\/\/smartpuller.com\/wp-content\/uploads\/2016\/01\/dent-pulling-areas.png 700w, https:\/\/smartpuller.com\/wp-content\/uploads\/2016\/01\/dent-pulling-areas-600x450.png 600w, https:\/\/smartpuller.com\/wp-content\/uploads\/2016\/01\/dent-pulling-areas-300x225.png 300w\" sizes=\"auto, (max-width: 700px) 100vw, 700px\" \/><\/a><\/p>\n<\/div>\n<\/div><\/div><\/div><\/div><\/div>","protected":false},"excerpt":{"rendered":"<p>SmartPuller soveltuu l\u00e4hes koko korin alueen oikaisuihin kaikkiin tarvittaviin suuntiin SmartPuller on helppo ja nopea koota. Painettu k\u00e4ytt\u00f6opaskirjanen, kokoamisohjeet ja k\u00e4ytt\u00f6opastus-DVD sis\u00e4ltyv\u00e4t toimitukseen. Laite ei vaadi erityist\u00e4 k\u00e4ytt\u00f6koulutusta. Mik\u00e4li sinulla on kysytt\u00e4v\u00e4\u00e4 SmartPuller-laitteen k\u00e4yt\u00f6st\u00e4, ota yhteytt\u00e4 Autorobot Finland Oy:n asiakaspalveluun. \u00bb Kuinka ostan \u00bb Tarkastele k\u00e4ytt\u00f6oppaita<\/p>\n","protected":false},"author":101,"featured_media":0,"parent":0,"menu_order":20,"comment_status":"closed","ping_status":"closed","template":"page_dent-pulling-page.php","meta":{"_genesis_hide_title":false,"_genesis_hide_breadcrumbs":false,"_genesis_hide_singular_image":false,"_genesis_hide_footer_widgets":false,"_genesis_custom_body_class":"","_genesis_custom_post_class":"","_genesis_layout":"","footnotes":""},"class_list":{"0":"post-262","1":"page","2":"type-page","3":"status-publish","5":"entry","6":"has-post-thumbnail"},"yoast_head":"<!-- This site is optimized with the Yoast SEO plugin v27.4 - https:\/\/yoast.com\/product\/yoast-seo-wordpress\/ -->\n<title>SmartPuller - Oikaisukohteet<\/title>\n<meta name=\"description\" content=\"SmartPuller mahdollistaa l\u00e4hes mink\u00e4 tahansa auton korin sis\u00e4lt\u00e4m\u00e4n alueen oikaisun kaikkiin tarvittaviin suuntiin.\" \/>\n<meta name=\"robots\" content=\"index, follow, max-snippet:-1, max-image-preview:large, max-video-preview:-1\" \/>\n<link rel=\"canonical\" href=\"https:\/\/smartpuller.com\/fi\/oikaisukohteet\/\" \/>\n<meta property=\"og:locale\" content=\"fi_FI\" \/>\n<meta property=\"og:type\" content=\"article\" \/>\n<meta property=\"og:title\" content=\"SmartPuller - Oikaisukohteet\" \/>\n<meta property=\"og:description\" content=\"SmartPuller mahdollistaa l\u00e4hes mink\u00e4 tahansa auton korin sis\u00e4lt\u00e4m\u00e4n alueen oikaisun kaikkiin tarvittaviin suuntiin.\" \/>\n<meta property=\"og:url\" content=\"https:\/\/smartpuller.com\/fi\/oikaisukohteet\/\" \/>\n<meta property=\"og:site_name\" content=\"SmartPuller\" \/>\n<meta property=\"article:publisher\" content=\"https:\/\/www.facebook.com\/smartpuller\/\" \/>\n<meta property=\"article:modified_time\" content=\"2024-11-13T13:26:41+00:00\" \/>\n<meta property=\"og:image\" content=\"https:\/\/smartpuller.com\/wp-content\/uploads\/2016\/01\/dent-pulling-areas.png\" \/>\n<meta name=\"twitter:card\" content=\"summary_large_image\" \/>\n<meta name=\"twitter:label1\" content=\"Arvioitu lukuaika\" \/>\n\t<meta name=\"twitter:data1\" content=\"1 minuutti\" \/>\n<script type=\"application\/ld+json\" class=\"yoast-schema-graph\">{\"@context\":\"https:\\\/\\\/schema.org\",\"@graph\":[{\"@type\":\"WebPage\",\"@id\":\"https:\\\/\\\/smartpuller.com\\\/fi\\\/oikaisukohteet\\\/\",\"url\":\"https:\\\/\\\/smartpuller.com\\\/fi\\\/oikaisukohteet\\\/\",\"name\":\"SmartPuller - Oikaisukohteet\",\"isPartOf\":{\"@id\":\"https:\\\/\\\/smartpuller.com\\\/fi\\\/#website\"},\"primaryImageOfPage\":{\"@id\":\"https:\\\/\\\/smartpuller.com\\\/fi\\\/oikaisukohteet\\\/#primaryimage\"},\"image\":{\"@id\":\"https:\\\/\\\/smartpuller.com\\\/fi\\\/oikaisukohteet\\\/#primaryimage\"},\"thumbnailUrl\":\"https:\\\/\\\/smartpuller.com\\\/wp-content\\\/uploads\\\/2016\\\/01\\\/dent-pulling-areas.png\",\"datePublished\":\"2016-01-13T09:18:44+00:00\",\"dateModified\":\"2024-11-13T13:26:41+00:00\",\"description\":\"SmartPuller mahdollistaa l\u00e4hes mink\u00e4 tahansa auton korin sis\u00e4lt\u00e4m\u00e4n alueen oikaisun kaikkiin tarvittaviin suuntiin.\",\"breadcrumb\":{\"@id\":\"https:\\\/\\\/smartpuller.com\\\/fi\\\/oikaisukohteet\\\/#breadcrumb\"},\"inLanguage\":\"fi\",\"potentialAction\":[{\"@type\":\"ReadAction\",\"target\":[\"https:\\\/\\\/smartpuller.com\\\/fi\\\/oikaisukohteet\\\/\"]}]},{\"@type\":\"ImageObject\",\"inLanguage\":\"fi\",\"@id\":\"https:\\\/\\\/smartpuller.com\\\/fi\\\/oikaisukohteet\\\/#primaryimage\",\"url\":\"https:\\\/\\\/smartpuller.com\\\/wp-content\\\/uploads\\\/2016\\\/01\\\/dent-pulling-areas.png\",\"contentUrl\":\"https:\\\/\\\/smartpuller.com\\\/wp-content\\\/uploads\\\/2016\\\/01\\\/dent-pulling-areas.png\"},{\"@type\":\"BreadcrumbList\",\"@id\":\"https:\\\/\\\/smartpuller.com\\\/fi\\\/oikaisukohteet\\\/#breadcrumb\",\"itemListElement\":[{\"@type\":\"ListItem\",\"position\":1,\"name\":\"Home\",\"item\":\"https:\\\/\\\/smartpuller.com\\\/fi\\\/\"},{\"@type\":\"ListItem\",\"position\":2,\"name\":\"Oikaisukohteet\"}]},{\"@type\":\"WebSite\",\"@id\":\"https:\\\/\\\/smartpuller.com\\\/fi\\\/#website\",\"url\":\"https:\\\/\\\/smartpuller.com\\\/fi\\\/\",\"name\":\"SmartPuller\",\"description\":\"SmartPuller\",\"potentialAction\":[{\"@type\":\"SearchAction\",\"target\":{\"@type\":\"EntryPoint\",\"urlTemplate\":\"https:\\\/\\\/smartpuller.com\\\/fi\\\/?s={search_term_string}\"},\"query-input\":{\"@type\":\"PropertyValueSpecification\",\"valueRequired\":true,\"valueName\":\"search_term_string\"}}],\"inLanguage\":\"fi\"}]}<\/script>\n<!-- \/ Yoast SEO plugin. -->","yoast_head_json":{"title":"SmartPuller - Oikaisukohteet","description":"SmartPuller mahdollistaa l\u00e4hes mink\u00e4 tahansa auton korin sis\u00e4lt\u00e4m\u00e4n alueen oikaisun kaikkiin tarvittaviin suuntiin.","robots":{"index":"index","follow":"follow","max-snippet":"max-snippet:-1","max-image-preview":"max-image-preview:large","max-video-preview":"max-video-preview:-1"},"canonical":"https:\/\/smartpuller.com\/fi\/oikaisukohteet\/","og_locale":"fi_FI","og_type":"article","og_title":"SmartPuller - Oikaisukohteet","og_description":"SmartPuller mahdollistaa l\u00e4hes mink\u00e4 tahansa auton korin sis\u00e4lt\u00e4m\u00e4n alueen oikaisun kaikkiin tarvittaviin suuntiin.","og_url":"https:\/\/smartpuller.com\/fi\/oikaisukohteet\/","og_site_name":"SmartPuller","article_publisher":"https:\/\/www.facebook.com\/smartpuller\/","article_modified_time":"2024-11-13T13:26:41+00:00","og_image":[{"url":"https:\/\/smartpuller.com\/wp-content\/uploads\/2016\/01\/dent-pulling-areas.png","type":"","width":"","height":""}],"twitter_card":"summary_large_image","twitter_misc":{"Arvioitu lukuaika":"1 minuutti"},"schema":{"@context":"https:\/\/schema.org","@graph":[{"@type":"WebPage","@id":"https:\/\/smartpuller.com\/fi\/oikaisukohteet\/","url":"https:\/\/smartpuller.com\/fi\/oikaisukohteet\/","name":"SmartPuller - Oikaisukohteet","isPartOf":{"@id":"https:\/\/smartpuller.com\/fi\/#website"},"primaryImageOfPage":{"@id":"https:\/\/smartpuller.com\/fi\/oikaisukohteet\/#primaryimage"},"image":{"@id":"https:\/\/smartpuller.com\/fi\/oikaisukohteet\/#primaryimage"},"thumbnailUrl":"https:\/\/smartpuller.com\/wp-content\/uploads\/2016\/01\/dent-pulling-areas.png","datePublished":"2016-01-13T09:18:44+00:00","dateModified":"2024-11-13T13:26:41+00:00","description":"SmartPuller mahdollistaa l\u00e4hes mink\u00e4 tahansa auton korin sis\u00e4lt\u00e4m\u00e4n alueen oikaisun kaikkiin tarvittaviin suuntiin.","breadcrumb":{"@id":"https:\/\/smartpuller.com\/fi\/oikaisukohteet\/#breadcrumb"},"inLanguage":"fi","potentialAction":[{"@type":"ReadAction","target":["https:\/\/smartpuller.com\/fi\/oikaisukohteet\/"]}]},{"@type":"ImageObject","inLanguage":"fi","@id":"https:\/\/smartpuller.com\/fi\/oikaisukohteet\/#primaryimage","url":"https:\/\/smartpuller.com\/wp-content\/uploads\/2016\/01\/dent-pulling-areas.png","contentUrl":"https:\/\/smartpuller.com\/wp-content\/uploads\/2016\/01\/dent-pulling-areas.png"},{"@type":"BreadcrumbList","@id":"https:\/\/smartpuller.com\/fi\/oikaisukohteet\/#breadcrumb","itemListElement":[{"@type":"ListItem","position":1,"name":"Home","item":"https:\/\/smartpuller.com\/fi\/"},{"@type":"ListItem","position":2,"name":"Oikaisukohteet"}]},{"@type":"WebSite","@id":"https:\/\/smartpuller.com\/fi\/#website","url":"https:\/\/smartpuller.com\/fi\/","name":"SmartPuller","description":"SmartPuller","potentialAction":[{"@type":"SearchAction","target":{"@type":"EntryPoint","urlTemplate":"https:\/\/smartpuller.com\/fi\/?s={search_term_string}"},"query-input":{"@type":"PropertyValueSpecification","valueRequired":true,"valueName":"search_term_string"}}],"inLanguage":"fi"}]}},"_links":{"self":[{"href":"https:\/\/smartpuller.com\/fi\/wp-json\/wp\/v2\/pages\/262","targetHints":{"allow":["GET"]}}],"collection":[{"href":"https:\/\/smartpuller.com\/fi\/wp-json\/wp\/v2\/pages"}],"about":[{"href":"https:\/\/smartpuller.com\/fi\/wp-json\/wp\/v2\/types\/page"}],"author":[{"embeddable":true,"href":"https:\/\/smartpuller.com\/fi\/wp-json\/wp\/v2\/users\/101"}],"replies":[{"embeddable":true,"href":"https:\/\/smartpuller.com\/fi\/wp-json\/wp\/v2\/comments?post=262"}],"version-history":[{"count":1,"href":"https:\/\/smartpuller.com\/fi\/wp-json\/wp\/v2\/pages\/262\/revisions"}],"predecessor-version":[{"id":2468580,"href":"https:\/\/smartpuller.com\/fi\/wp-json\/wp\/v2\/pages\/262\/revisions\/2468580"}],"wp:attachment":[{"href":"https:\/\/smartpuller.com\/fi\/wp-json\/wp\/v2\/media?parent=262"}],"curies":[{"name":"wp","href":"https:\/\/api.w.org\/{rel}","templated":true}]}}