{"id":2468454,"date":"2016-01-13T11:22:21","date_gmt":"2016-01-13T09:22:21","guid":{"rendered":"https:\/\/smartpuller.com\/?page_id=2468454"},"modified":"2024-11-21T15:57:26","modified_gmt":"2024-11-21T13:57:26","slug":"smartpuller-air","status":"publish","type":"page","link":"https:\/\/smartpuller.com\/fi\/setit-ja-varusteet\/smartpuller-air\/","title":{"rendered":"SmartPuller AIR"},"content":{"rendered":"<div id=\"pl-2468454\"  class=\"panel-layout\" ><div id=\"pg-2468454-0\"  class=\"panel-grid panel-no-style\" ><div id=\"pgc-2468454-0-0\"  class=\"panel-grid-cell\" ><div id=\"panel-2468454-0-0-0\" class=\"so-panel widget widget_sow-editor panel-first-child panel-last-child\" data-index=\"0\" ><div\n\t\t\t\n\t\t\tclass=\"so-widget-sow-editor so-widget-sow-editor-base\"\n\t\t\t\n\t\t>\n<div class=\"siteorigin-widget-tinymce textwidget\">\n\t<p><strong>A-14A-5 SmartPuller AIR setti on p\u00e4ivityssarja sinulle, jolla on jo aikaisempi SmartPuller-laite. Jos tarvitset t\u00e4ydellisen setin, valintasi on <a href=\"https:\/\/smartpuller.com\/fi\/setit-ja-varusteet\/smartpuller-air-plus\/\">SmartPuller AIR+<\/a>.<\/strong><br \/>\n&nbsp;<\/p>\n<\/div>\n<\/div><\/div><\/div><\/div><div id=\"pg-2468454-1\"  class=\"panel-grid panel-no-style\" ><div id=\"pgc-2468454-1-0\"  class=\"panel-grid-cell\" ><div id=\"panel-2468454-1-0-0\" class=\"so-panel widget widget_sow-editor panel-first-child panel-last-child\" data-index=\"1\" ><div class=\"panel-widget-style panel-widget-style-for-2468454-1-0-0\" ><div\n\t\t\t\n\t\t\tclass=\"so-widget-sow-editor so-widget-sow-editor-base\"\n\t\t\t\n\t\t>\n<div class=\"siteorigin-widget-tinymce textwidget\">\n\t<p><a href=\"https:\/\/smartpuller.com\/wp-content\/uploads\/2024\/11\/smartpuller-a-14a-5-vacuum-plate-additional-set.jpg\" rel=\"lightbox\" data-rel=\"lightbox-image-0\" data-rl_title=\"\" data-rl_caption=\"\" title=\"\"><img loading=\"lazy\" decoding=\"async\" class=\"alignnone size-full wp-image-1225\" src=\"https:\/\/smartpuller.com\/wp-content\/uploads\/2024\/11\/smartpuller-a-14a-5-vacuum-plate-additional-set.jpg\" alt=\"SmartPuller AIR p\u00e4ivityssetti SmartPulleriin\" width=\"750\" height=\"1000\" \/><\/a><\/p>\n<\/div>\n<\/div><\/div><\/div><\/div><div id=\"pgc-2468454-1-1\"  class=\"panel-grid-cell\" ><div id=\"panel-2468454-1-1-0\" class=\"so-panel widget widget_sow-editor panel-first-child panel-last-child\" data-index=\"2\" ><div\n\t\t\t\n\t\t\tclass=\"so-widget-sow-editor so-widget-sow-editor-base\"\n\t\t\t\n\t\t>\n<div class=\"siteorigin-widget-tinymce textwidget\">\n\t<p><em>A-14A-5-p\u00e4ivityssarja muuntaa olemassa olevan SmartPullerisi paineilmavetimeksi, jossa on alipaineankkurin ominaisuudet. P\u00e4ivityksen j\u00e4lkeen laite tarjoaa entist\u00e4 tehokkaamman ja nopeamman oikaisun ammattimaiseen k\u00e4ytt\u00f6\u00f6n.<\/em><\/p>\n<\/div>\n<\/div><\/div><\/div><\/div><div id=\"pg-2468454-2\"  class=\"panel-grid panel-no-style\" ><div id=\"pgc-2468454-2-0\"  class=\"panel-grid-cell\" ><div id=\"panel-2468454-2-0-0\" class=\"so-panel widget widget_sow-editor panel-first-child panel-last-child\" data-index=\"3\" ><div\n\t\t\t\n\t\t\tclass=\"so-widget-sow-editor so-widget-sow-editor-base\"\n\t\t\t\n\t\t>\n<div class=\"siteorigin-widget-tinymce textwidget\">\n\t<p><a href=\"https:\/\/smartpuller.com\/wp-content\/uploads\/2024\/11\/smartpuller-air-with-vacuum-plate-pict-2270.jpg\" data-rel=\"lightbox-image-1\" data-rl_title=\"\" data-rl_caption=\"\" title=\"\"><img loading=\"lazy\" decoding=\"async\" src=\"https:\/\/smartpuller.com\/wp-content\/uploads\/2024\/11\/smartpuller-air-with-vacuum-plate-pict-2270-300x225.jpg\" alt=\"\" width=\"300\" height=\"225\" class=\"alignnone size-medium wp-image-2468392\" srcset=\"https:\/\/smartpuller.com\/wp-content\/uploads\/2024\/11\/smartpuller-air-with-vacuum-plate-pict-2270-300x225.jpg 300w, https:\/\/smartpuller.com\/wp-content\/uploads\/2024\/11\/smartpuller-air-with-vacuum-plate-pict-2270-1024x768.jpg 1024w, https:\/\/smartpuller.com\/wp-content\/uploads\/2024\/11\/smartpuller-air-with-vacuum-plate-pict-2270-768x576.jpg 768w, https:\/\/smartpuller.com\/wp-content\/uploads\/2024\/11\/smartpuller-air-with-vacuum-plate-pict-2270-1536x1152.jpg 1536w, https:\/\/smartpuller.com\/wp-content\/uploads\/2024\/11\/smartpuller-air-with-vacuum-plate-pict-2270.jpg 2000w\" sizes=\"auto, (max-width: 300px) 100vw, 300px\" \/><\/a><\/p>\n<\/div>\n<\/div><\/div><\/div><div id=\"pgc-2468454-2-1\"  class=\"panel-grid-cell\" ><div id=\"panel-2468454-2-1-0\" class=\"so-panel widget widget_sow-editor panel-first-child panel-last-child\" data-index=\"4\" ><div\n\t\t\t\n\t\t\tclass=\"so-widget-sow-editor so-widget-sow-editor-base\"\n\t\t\t\n\t\t>\n<div class=\"siteorigin-widget-tinymce textwidget\">\n\t<p><a href=\"https:\/\/smartpuller.com\/wp-content\/uploads\/2024\/11\/smartpuller-air-with-vacuum-plate-pict-2290.jpg\" data-rel=\"lightbox-image-2\" data-rl_title=\"\" data-rl_caption=\"\" title=\"\"><img loading=\"lazy\" decoding=\"async\" src=\"https:\/\/smartpuller.com\/wp-content\/uploads\/2024\/11\/smartpuller-air-with-vacuum-plate-pict-2290-300x225.jpg\" alt=\"\" width=\"300\" height=\"225\" class=\"alignnone size-medium wp-image-2468398\" srcset=\"https:\/\/smartpuller.com\/wp-content\/uploads\/2024\/11\/smartpuller-air-with-vacuum-plate-pict-2290-300x225.jpg 300w, https:\/\/smartpuller.com\/wp-content\/uploads\/2024\/11\/smartpuller-air-with-vacuum-plate-pict-2290-1024x768.jpg 1024w, https:\/\/smartpuller.com\/wp-content\/uploads\/2024\/11\/smartpuller-air-with-vacuum-plate-pict-2290-768x576.jpg 768w, https:\/\/smartpuller.com\/wp-content\/uploads\/2024\/11\/smartpuller-air-with-vacuum-plate-pict-2290-1536x1152.jpg 1536w, https:\/\/smartpuller.com\/wp-content\/uploads\/2024\/11\/smartpuller-air-with-vacuum-plate-pict-2290.jpg 2000w\" sizes=\"auto, (max-width: 300px) 100vw, 300px\" \/><\/a><\/p>\n<\/div>\n<\/div><\/div><\/div><\/div><div id=\"pg-2468454-3\"  class=\"panel-grid panel-no-style\" ><div id=\"pgc-2468454-3-0\"  class=\"panel-grid-cell\" ><div id=\"panel-2468454-3-0-0\" class=\"so-panel widget widget_sow-editor panel-first-child panel-last-child\" data-index=\"5\" ><div\n\t\t\t\n\t\t\tclass=\"so-widget-sow-editor so-widget-sow-editor-base\"\n\t\t\t\n\t\t>\n<div class=\"siteorigin-widget-tinymce textwidget\">\n\t<p>J\u00e4lkiasennuksen j\u00e4lkeen laitteesi on t\u00e4ysiverinen SmartPuller AIR+ paineilmavedin.<\/p>\n<\/div>\n<\/div><\/div><\/div><\/div><div id=\"pg-2468454-4\"  class=\"panel-grid panel-no-style\" ><div id=\"pgc-2468454-4-0\"  class=\"panel-grid-cell\" ><div id=\"panel-2468454-4-0-0\" class=\"so-panel widget widget_sow-editor panel-first-child panel-last-child\" data-index=\"6\" ><div\n\t\t\t\n\t\t\tclass=\"so-widget-sow-editor so-widget-sow-editor-base\"\n\t\t\t\n\t\t>\n<div class=\"siteorigin-widget-tinymce textwidget\">\n\t<div class=\"accessories_area\">\n<h5>A-14A-5 (207169) SmartPuller AIR p\u00e4ivityssetti sis\u00e4lt\u00e4\u00e4:<\/h5>\n<p><a href=\"https:\/\/smartpuller.com\/wp-content\/uploads\/2024\/11\/a-14a-5_set.jpg\" rel=\"lightbox\" data-rel=\"lightbox-image-3\" data-rl_title=\"\" data-rl_caption=\"\" title=\"\"><img decoding=\"async\" class=\"alignnone size-full wp-image-2468471\" src=\"https:\/\/smartpuller.com\/wp-content\/uploads\/2024\/11\/a-14a-5_set.jpg\" alt=\"SmartPuller AIR p\u00e4ivityssetti SmartPulleriin\" width=\"400\" height=\"\" srcset=\"https:\/\/smartpuller.com\/wp-content\/uploads\/2024\/11\/a-14a-5_set.jpg 1387w, https:\/\/smartpuller.com\/wp-content\/uploads\/2024\/11\/a-14a-5_set-260x300.jpg 260w, https:\/\/smartpuller.com\/wp-content\/uploads\/2024\/11\/a-14a-5_set-888x1024.jpg 888w, https:\/\/smartpuller.com\/wp-content\/uploads\/2024\/11\/a-14a-5_set-768x886.jpg 768w, https:\/\/smartpuller.com\/wp-content\/uploads\/2024\/11\/a-14a-5_set-1332x1536.jpg 1332w\" sizes=\"(max-width: 1387px) 100vw, 1387px\" \/><\/a><\/p>\n<table>\n<tbody>\n<tr>\n<td>1<\/td>\n<td>Lyhyt lenkkiketju<\/td>\n<\/tr>\n<tr>\n<td>2<\/td>\n<td>A-14A-4 Alipaineankkuri<\/td>\n<\/tr>\n<tr>\n<td>3<\/td>\n<td>D-sakkeli M8<\/td>\n<\/tr>\n<tr>\n<td>3<\/td>\n<td>Palohaka 9 mm<\/td>\n<\/tr>\n<\/tbody>\n<\/table>\n<\/div>\n<p>\u00bb <a href=\"https:\/\/smartpuller.com\/wp-content\/uploads\/2024\/11\/A-14A-5_207169_FI.pdf\" target=\"_blank\" rel=\"noopener\">Lataa settikuva<\/a> (PDF).<br \/>\n\u00bb <a href=\"https:\/\/smartpuller.com\/wp-content\/uploads\/2024\/11\/smartpuller-air-esite-fi.pdf\" target=\"_blank\" rel=\"noopener\">Lataa esite<\/a> (PDF).<\/p>\n<\/div>\n<\/div><\/div><\/div><div id=\"pgc-2468454-4-1\"  class=\"panel-grid-cell\" ><div id=\"panel-2468454-4-1-0\" class=\"so-panel widget widget_sow-editor panel-first-child panel-last-child\" data-index=\"7\" ><div class=\"panel-widget-style panel-widget-style-for-2468454-4-1-0\" ><div\n\t\t\t\n\t\t\tclass=\"so-widget-sow-editor so-widget-sow-editor-base\"\n\t\t\t\n\t\t>\n<div class=\"siteorigin-widget-tinymce textwidget\">\n\t<div class=\"nappilinkki\"><a href=\"https:\/\/smartpuller.com\/fi\/yhteydenotto\/myynti\/\">\u00bb Kuinka ostan<\/a><\/div>\n<p>.<\/p>\n<\/div>\n<\/div><\/div><\/div><\/div><\/div><div id=\"pg-2468454-5\"  class=\"panel-grid panel-no-style\" ><div id=\"pgc-2468454-5-0\"  class=\"panel-grid-cell\" ><div id=\"panel-2468454-5-0-0\" class=\"so-panel widget widget_sow-editor panel-first-child panel-last-child\" data-index=\"8\" ><div\n\t\t\t\n\t\t\tclass=\"so-widget-sow-editor so-widget-sow-editor-base\"\n\t\t\t\n\t\t>\n<div class=\"siteorigin-widget-tinymce textwidget\">\n\t<div class=\"accessories_area\">\n<h3>Valinnaisvarusteet<\/h3>\n<table>\n<tr>\n<td>A-11+4<\/td>\n<td>Tuplavetokoura<\/td>\n<\/tr>\n<tr>\n<td>A-11+7<\/td>\n<td>Leve\u00e4 yl\u00e4tuki<\/td>\n<\/tr>\n<\/table>\n<div id='gallery-1' class='gallery galleryid-2468454 gallery-columns-2 gallery-size-medium'><figure class='gallery-item'>\n\t\t\t<div class='gallery-icon landscape'>\n\t\t\t\t<a href='https:\/\/smartpuller.com\/wp-content\/uploads\/2024\/11\/A-141-Tuplavetokoura.jpg' title=\"\" data-rl_title=\"\" class=\"rl-gallery-link\" data-rl_caption=\"\" data-rel=\"lightbox-gallery-1\"><img loading=\"lazy\" decoding=\"async\" width=\"300\" height=\"225\" src=\"https:\/\/smartpuller.com\/wp-content\/uploads\/2024\/11\/A-141-Tuplavetokoura-300x225.jpg\" class=\"attachment-medium size-medium\" alt=\"\" aria-describedby=\"gallery-1-2468368\" srcset=\"https:\/\/smartpuller.com\/wp-content\/uploads\/2024\/11\/A-141-Tuplavetokoura-300x225.jpg 300w, https:\/\/smartpuller.com\/wp-content\/uploads\/2024\/11\/A-141-Tuplavetokoura-1024x767.jpg 1024w, https:\/\/smartpuller.com\/wp-content\/uploads\/2024\/11\/A-141-Tuplavetokoura-768x576.jpg 768w, https:\/\/smartpuller.com\/wp-content\/uploads\/2024\/11\/A-141-Tuplavetokoura-1536x1151.jpg 1536w, https:\/\/smartpuller.com\/wp-content\/uploads\/2024\/11\/A-141-Tuplavetokoura.jpg 2000w\" sizes=\"auto, (max-width: 300px) 100vw, 300px\" \/><\/a>\n\t\t\t<\/div>\n\t\t\t\t<figcaption class='wp-caption-text gallery-caption' id='gallery-1-2468368'>\n\t\t\t\tA-11+4\n\t\t\t\t<\/figcaption><\/figure><figure class='gallery-item'>\n\t\t\t<div class='gallery-icon landscape'>\n\t\t\t\t<a href='https:\/\/smartpuller.com\/wp-content\/uploads\/2024\/11\/A-11p7-wide-upper-support.jpg' title=\"\" data-rl_title=\"\" class=\"rl-gallery-link\" data-rl_caption=\"\" data-rel=\"lightbox-gallery-1\"><img loading=\"lazy\" decoding=\"async\" width=\"300\" height=\"225\" src=\"https:\/\/smartpuller.com\/wp-content\/uploads\/2024\/11\/A-11p7-wide-upper-support-300x225.jpg\" class=\"attachment-medium size-medium\" alt=\"\" aria-describedby=\"gallery-1-2468602\" srcset=\"https:\/\/smartpuller.com\/wp-content\/uploads\/2024\/11\/A-11p7-wide-upper-support-300x225.jpg 300w, https:\/\/smartpuller.com\/wp-content\/uploads\/2024\/11\/A-11p7-wide-upper-support-1024x768.jpg 1024w, https:\/\/smartpuller.com\/wp-content\/uploads\/2024\/11\/A-11p7-wide-upper-support-768x576.jpg 768w, https:\/\/smartpuller.com\/wp-content\/uploads\/2024\/11\/A-11p7-wide-upper-support-1536x1152.jpg 1536w, https:\/\/smartpuller.com\/wp-content\/uploads\/2024\/11\/A-11p7-wide-upper-support.jpg 2000w\" sizes=\"auto, (max-width: 300px) 100vw, 300px\" \/><\/a>\n\t\t\t<\/div>\n\t\t\t\t<figcaption class='wp-caption-text gallery-caption' id='gallery-1-2468602'>\n\t\t\t\tA-11+7\n\t\t\t\t<\/figcaption><\/figure>\n\t\t<\/div>\n<\/div>\n<\/div>\n<\/div><\/div><\/div><\/div><div id=\"pg-2468454-6\"  class=\"panel-grid panel-no-style\" ><div id=\"pgc-2468454-6-0\"  class=\"panel-grid-cell\" ><div id=\"panel-2468454-6-0-0\" class=\"so-panel widget widget_sow-editor panel-first-child panel-last-child\" data-index=\"9\" ><div\n\t\t\t\n\t\t\tclass=\"so-widget-sow-editor so-widget-sow-editor-base\"\n\t\t\t\n\t\t>\n<div class=\"siteorigin-widget-tinymce textwidget\">\n\t<h3>Lis\u00e4varusteiden k\u00e4ytt\u00f6 alipaineankkurin kanssa<\/h3>\n<\/div>\n<\/div><\/div><\/div><\/div><div id=\"pg-2468454-7\"  class=\"panel-grid panel-no-style\" ><div id=\"pgc-2468454-7-0\"  class=\"panel-grid-cell\" ><div id=\"panel-2468454-7-0-0\" class=\"so-panel widget widget_sow-editor panel-first-child panel-last-child\" data-index=\"10\" ><div\n\t\t\t\n\t\t\tclass=\"so-widget-sow-editor so-widget-sow-editor-base\"\n\t\t\t\n\t\t>\n<div class=\"siteorigin-widget-tinymce textwidget\">\n\t<p><a href=\"https:\/\/smartpuller.com\/wp-content\/uploads\/2024\/11\/tuplakoura-smartpuller-alipainevedin.jpg\" data-rel=\"lightbox-image-6\" data-rl_title=\"\" data-rl_caption=\"\" title=\"\"><img loading=\"lazy\" decoding=\"async\" src=\"https:\/\/smartpuller.com\/wp-content\/uploads\/2024\/11\/tuplakoura-smartpuller-alipainevedin-300x225.jpg\" alt=\"\" width=\"300\" height=\"225\" class=\"alignnone size-medium wp-image-2468404\" srcset=\"https:\/\/smartpuller.com\/wp-content\/uploads\/2024\/11\/tuplakoura-smartpuller-alipainevedin-300x225.jpg 300w, https:\/\/smartpuller.com\/wp-content\/uploads\/2024\/11\/tuplakoura-smartpuller-alipainevedin-1024x768.jpg 1024w, https:\/\/smartpuller.com\/wp-content\/uploads\/2024\/11\/tuplakoura-smartpuller-alipainevedin-768x576.jpg 768w, https:\/\/smartpuller.com\/wp-content\/uploads\/2024\/11\/tuplakoura-smartpuller-alipainevedin-1536x1152.jpg 1536w, https:\/\/smartpuller.com\/wp-content\/uploads\/2024\/11\/tuplakoura-smartpuller-alipainevedin.jpg 1600w\" sizes=\"auto, (max-width: 300px) 100vw, 300px\" \/><\/a><\/p>\n<\/div>\n<\/div><\/div><\/div><div id=\"pgc-2468454-7-1\"  class=\"panel-grid-cell\" ><div id=\"panel-2468454-7-1-0\" class=\"so-panel widget widget_sow-editor panel-first-child panel-last-child\" data-index=\"11\" ><div\n\t\t\t\n\t\t\tclass=\"so-widget-sow-editor so-widget-sow-editor-base\"\n\t\t\t\n\t\t>\n<div class=\"siteorigin-widget-tinymce textwidget\">\n\t<p><a href=\"https:\/\/smartpuller.com\/wp-content\/uploads\/2024\/11\/A-11p7-wide-upper-support-for-smartpuller-air.jpg\" data-rel=\"lightbox-image-7\" data-rl_title=\"\" data-rl_caption=\"\" title=\"\"><img loading=\"lazy\" decoding=\"async\" src=\"https:\/\/smartpuller.com\/wp-content\/uploads\/2024\/11\/A-11p7-wide-upper-support-for-smartpuller-air-300x225.jpg\" alt=\"\" width=\"300\" height=\"225\" class=\"alignnone size-medium wp-image-2468605\" srcset=\"https:\/\/smartpuller.com\/wp-content\/uploads\/2024\/11\/A-11p7-wide-upper-support-for-smartpuller-air-300x225.jpg 300w, https:\/\/smartpuller.com\/wp-content\/uploads\/2024\/11\/A-11p7-wide-upper-support-for-smartpuller-air-1024x768.jpg 1024w, https:\/\/smartpuller.com\/wp-content\/uploads\/2024\/11\/A-11p7-wide-upper-support-for-smartpuller-air-768x576.jpg 768w, https:\/\/smartpuller.com\/wp-content\/uploads\/2024\/11\/A-11p7-wide-upper-support-for-smartpuller-air-1536x1152.jpg 1536w, https:\/\/smartpuller.com\/wp-content\/uploads\/2024\/11\/A-11p7-wide-upper-support-for-smartpuller-air.jpg 2000w\" sizes=\"auto, (max-width: 300px) 100vw, 300px\" \/><\/a><\/p>\n<\/div>\n<\/div><\/div><\/div><\/div><div id=\"pg-2468454-8\"  class=\"panel-grid panel-no-style\" ><div id=\"pgc-2468454-8-0\"  class=\"panel-grid-cell panel-grid-cell-mobile-last\" ><div id=\"panel-2468454-8-0-0\" class=\"so-panel widget widget_sow-editor panel-first-child panel-last-child\" data-index=\"12\" ><div\n\t\t\t\n\t\t\tclass=\"so-widget-sow-editor so-widget-sow-editor-base\"\n\t\t\t\n\t\t>\n<div class=\"siteorigin-widget-tinymce textwidget\">\n\t<div class=\"nappilinkki\"><a href=\"https:\/\/smartpuller.com\/fi\/yhteydenotto\/myynti\/\">\u00bb Kuinka ostan<\/a><\/div>\n<\/div>\n<\/div><\/div><\/div><div id=\"pgc-2468454-8-1\"  class=\"panel-grid-cell panel-grid-cell-empty\" ><\/div><\/div><\/div>","protected":false},"excerpt":{"rendered":"<p>A-14A-5 SmartPuller AIR setti on p\u00e4ivityssarja sinulle, jolla on jo aikaisempi SmartPuller-laite. Jos tarvitset t\u00e4ydellisen setin, valintasi on SmartPuller AIR+. &nbsp; A-14A-5-p\u00e4ivityssarja muuntaa olemassa olevan SmartPullerisi paineilmavetimeksi, jossa on alipaineankkurin ominaisuudet. P\u00e4ivityksen j\u00e4lkeen laite tarjoaa entist\u00e4 tehokkaamman ja nopeamman oikaisun ammattimaiseen k\u00e4ytt\u00f6\u00f6n.<\/p>\n","protected":false},"author":101,"featured_media":0,"parent":272,"menu_order":320,"comment_status":"closed","ping_status":"closed","template":"","meta":{"_genesis_hide_title":false,"_genesis_hide_breadcrumbs":false,"_genesis_hide_singular_image":false,"_genesis_hide_footer_widgets":false,"_genesis_custom_body_class":"","_genesis_custom_post_class":"","_genesis_layout":"","footnotes":""},"class_list":{"0":"post-2468454","1":"page","2":"type-page","3":"status-publish","5":"entry","6":"has-post-thumbnail"},"yoast_head":"<!-- This site is optimized with the Yoast SEO plugin v27.4 - https:\/\/yoast.com\/product\/yoast-seo-wordpress\/ -->\n<title>SmartPuller AIR alipainevedin p\u00e4ivityssarja<\/title>\n<meta name=\"description\" content=\"SmartPuller AIR alipaineankkurin p\u00e4ivityssarja on tarkoitettu aikaisemmalle SmartPuller pintapeltioikaisulaitteelle.\" \/>\n<meta name=\"robots\" content=\"index, follow, max-snippet:-1, max-image-preview:large, max-video-preview:-1\" \/>\n<link rel=\"canonical\" href=\"https:\/\/smartpuller.com\/fi\/setit-ja-varusteet\/smartpuller-air\/\" \/>\n<meta property=\"og:locale\" content=\"fi_FI\" \/>\n<meta property=\"og:type\" content=\"article\" \/>\n<meta property=\"og:title\" content=\"SmartPuller AIR alipainevedin p\u00e4ivityssarja\" \/>\n<meta property=\"og:description\" content=\"SmartPuller AIR alipaineankkurin p\u00e4ivityssarja on tarkoitettu aikaisemmalle SmartPuller pintapeltioikaisulaitteelle.\" \/>\n<meta property=\"og:url\" content=\"https:\/\/smartpuller.com\/fi\/setit-ja-varusteet\/smartpuller-air\/\" \/>\n<meta property=\"og:site_name\" content=\"SmartPuller\" \/>\n<meta property=\"article:publisher\" content=\"https:\/\/www.facebook.com\/smartpuller\/\" \/>\n<meta property=\"article:modified_time\" content=\"2024-11-21T13:57:26+00:00\" \/>\n<meta property=\"og:image\" content=\"https:\/\/smartpuller.com\/wp-content\/uploads\/2024\/11\/smartpuller-a-14a-5-vacuum-plate-additional-set.jpg\" \/>\n<meta name=\"twitter:card\" content=\"summary_large_image\" \/>\n<meta name=\"twitter:label1\" content=\"Arvioitu lukuaika\" \/>\n\t<meta name=\"twitter:data1\" content=\"2 minuuttia\" \/>\n<script type=\"application\/ld+json\" class=\"yoast-schema-graph\">{\"@context\":\"https:\\\/\\\/schema.org\",\"@graph\":[{\"@type\":\"WebPage\",\"@id\":\"https:\\\/\\\/smartpuller.com\\\/fi\\\/setit-ja-varusteet\\\/smartpuller-air\\\/\",\"url\":\"https:\\\/\\\/smartpuller.com\\\/fi\\\/setit-ja-varusteet\\\/smartpuller-air\\\/\",\"name\":\"SmartPuller AIR alipainevedin p\u00e4ivityssarja\",\"isPartOf\":{\"@id\":\"https:\\\/\\\/smartpuller.com\\\/fi\\\/#website\"},\"primaryImageOfPage\":{\"@id\":\"https:\\\/\\\/smartpuller.com\\\/fi\\\/setit-ja-varusteet\\\/smartpuller-air\\\/#primaryimage\"},\"image\":{\"@id\":\"https:\\\/\\\/smartpuller.com\\\/fi\\\/setit-ja-varusteet\\\/smartpuller-air\\\/#primaryimage\"},\"thumbnailUrl\":\"https:\\\/\\\/smartpuller.com\\\/wp-content\\\/uploads\\\/2024\\\/11\\\/smartpuller-a-14a-5-vacuum-plate-additional-set.jpg\",\"datePublished\":\"2016-01-13T09:22:21+00:00\",\"dateModified\":\"2024-11-21T13:57:26+00:00\",\"description\":\"SmartPuller AIR alipaineankkurin p\u00e4ivityssarja on tarkoitettu aikaisemmalle SmartPuller pintapeltioikaisulaitteelle.\",\"breadcrumb\":{\"@id\":\"https:\\\/\\\/smartpuller.com\\\/fi\\\/setit-ja-varusteet\\\/smartpuller-air\\\/#breadcrumb\"},\"inLanguage\":\"fi\",\"potentialAction\":[{\"@type\":\"ReadAction\",\"target\":[\"https:\\\/\\\/smartpuller.com\\\/fi\\\/setit-ja-varusteet\\\/smartpuller-air\\\/\"]}]},{\"@type\":\"ImageObject\",\"inLanguage\":\"fi\",\"@id\":\"https:\\\/\\\/smartpuller.com\\\/fi\\\/setit-ja-varusteet\\\/smartpuller-air\\\/#primaryimage\",\"url\":\"https:\\\/\\\/smartpuller.com\\\/wp-content\\\/uploads\\\/2024\\\/11\\\/smartpuller-a-14a-5-vacuum-plate-additional-set.jpg\",\"contentUrl\":\"https:\\\/\\\/smartpuller.com\\\/wp-content\\\/uploads\\\/2024\\\/11\\\/smartpuller-a-14a-5-vacuum-plate-additional-set.jpg\"},{\"@type\":\"BreadcrumbList\",\"@id\":\"https:\\\/\\\/smartpuller.com\\\/fi\\\/setit-ja-varusteet\\\/smartpuller-air\\\/#breadcrumb\",\"itemListElement\":[{\"@type\":\"ListItem\",\"position\":1,\"name\":\"Home\",\"item\":\"https:\\\/\\\/smartpuller.com\\\/fi\\\/\"},{\"@type\":\"ListItem\",\"position\":2,\"name\":\"Setit ja varusteet\",\"item\":\"https:\\\/\\\/smartpuller.com\\\/fi\\\/setit-ja-varusteet\\\/\"},{\"@type\":\"ListItem\",\"position\":3,\"name\":\"SmartPuller AIR\"}]},{\"@type\":\"WebSite\",\"@id\":\"https:\\\/\\\/smartpuller.com\\\/fi\\\/#website\",\"url\":\"https:\\\/\\\/smartpuller.com\\\/fi\\\/\",\"name\":\"SmartPuller\",\"description\":\"SmartPuller\",\"potentialAction\":[{\"@type\":\"SearchAction\",\"target\":{\"@type\":\"EntryPoint\",\"urlTemplate\":\"https:\\\/\\\/smartpuller.com\\\/fi\\\/?s={search_term_string}\"},\"query-input\":{\"@type\":\"PropertyValueSpecification\",\"valueRequired\":true,\"valueName\":\"search_term_string\"}}],\"inLanguage\":\"fi\"}]}<\/script>\n<!-- \/ Yoast SEO plugin. -->","yoast_head_json":{"title":"SmartPuller AIR alipainevedin p\u00e4ivityssarja","description":"SmartPuller AIR alipaineankkurin p\u00e4ivityssarja on tarkoitettu aikaisemmalle SmartPuller pintapeltioikaisulaitteelle.","robots":{"index":"index","follow":"follow","max-snippet":"max-snippet:-1","max-image-preview":"max-image-preview:large","max-video-preview":"max-video-preview:-1"},"canonical":"https:\/\/smartpuller.com\/fi\/setit-ja-varusteet\/smartpuller-air\/","og_locale":"fi_FI","og_type":"article","og_title":"SmartPuller AIR alipainevedin p\u00e4ivityssarja","og_description":"SmartPuller AIR alipaineankkurin p\u00e4ivityssarja on tarkoitettu aikaisemmalle SmartPuller pintapeltioikaisulaitteelle.","og_url":"https:\/\/smartpuller.com\/fi\/setit-ja-varusteet\/smartpuller-air\/","og_site_name":"SmartPuller","article_publisher":"https:\/\/www.facebook.com\/smartpuller\/","article_modified_time":"2024-11-21T13:57:26+00:00","og_image":[{"url":"https:\/\/smartpuller.com\/wp-content\/uploads\/2024\/11\/smartpuller-a-14a-5-vacuum-plate-additional-set.jpg","type":"","width":"","height":""}],"twitter_card":"summary_large_image","twitter_misc":{"Arvioitu lukuaika":"2 minuuttia"},"schema":{"@context":"https:\/\/schema.org","@graph":[{"@type":"WebPage","@id":"https:\/\/smartpuller.com\/fi\/setit-ja-varusteet\/smartpuller-air\/","url":"https:\/\/smartpuller.com\/fi\/setit-ja-varusteet\/smartpuller-air\/","name":"SmartPuller AIR alipainevedin p\u00e4ivityssarja","isPartOf":{"@id":"https:\/\/smartpuller.com\/fi\/#website"},"primaryImageOfPage":{"@id":"https:\/\/smartpuller.com\/fi\/setit-ja-varusteet\/smartpuller-air\/#primaryimage"},"image":{"@id":"https:\/\/smartpuller.com\/fi\/setit-ja-varusteet\/smartpuller-air\/#primaryimage"},"thumbnailUrl":"https:\/\/smartpuller.com\/wp-content\/uploads\/2024\/11\/smartpuller-a-14a-5-vacuum-plate-additional-set.jpg","datePublished":"2016-01-13T09:22:21+00:00","dateModified":"2024-11-21T13:57:26+00:00","description":"SmartPuller AIR alipaineankkurin p\u00e4ivityssarja on tarkoitettu aikaisemmalle SmartPuller pintapeltioikaisulaitteelle.","breadcrumb":{"@id":"https:\/\/smartpuller.com\/fi\/setit-ja-varusteet\/smartpuller-air\/#breadcrumb"},"inLanguage":"fi","potentialAction":[{"@type":"ReadAction","target":["https:\/\/smartpuller.com\/fi\/setit-ja-varusteet\/smartpuller-air\/"]}]},{"@type":"ImageObject","inLanguage":"fi","@id":"https:\/\/smartpuller.com\/fi\/setit-ja-varusteet\/smartpuller-air\/#primaryimage","url":"https:\/\/smartpuller.com\/wp-content\/uploads\/2024\/11\/smartpuller-a-14a-5-vacuum-plate-additional-set.jpg","contentUrl":"https:\/\/smartpuller.com\/wp-content\/uploads\/2024\/11\/smartpuller-a-14a-5-vacuum-plate-additional-set.jpg"},{"@type":"BreadcrumbList","@id":"https:\/\/smartpuller.com\/fi\/setit-ja-varusteet\/smartpuller-air\/#breadcrumb","itemListElement":[{"@type":"ListItem","position":1,"name":"Home","item":"https:\/\/smartpuller.com\/fi\/"},{"@type":"ListItem","position":2,"name":"Setit ja varusteet","item":"https:\/\/smartpuller.com\/fi\/setit-ja-varusteet\/"},{"@type":"ListItem","position":3,"name":"SmartPuller AIR"}]},{"@type":"WebSite","@id":"https:\/\/smartpuller.com\/fi\/#website","url":"https:\/\/smartpuller.com\/fi\/","name":"SmartPuller","description":"SmartPuller","potentialAction":[{"@type":"SearchAction","target":{"@type":"EntryPoint","urlTemplate":"https:\/\/smartpuller.com\/fi\/?s={search_term_string}"},"query-input":{"@type":"PropertyValueSpecification","valueRequired":true,"valueName":"search_term_string"}}],"inLanguage":"fi"}]}},"_links":{"self":[{"href":"https:\/\/smartpuller.com\/fi\/wp-json\/wp\/v2\/pages\/2468454","targetHints":{"allow":["GET"]}}],"collection":[{"href":"https:\/\/smartpuller.com\/fi\/wp-json\/wp\/v2\/pages"}],"about":[{"href":"https:\/\/smartpuller.com\/fi\/wp-json\/wp\/v2\/types\/page"}],"author":[{"embeddable":true,"href":"https:\/\/smartpuller.com\/fi\/wp-json\/wp\/v2\/users\/101"}],"replies":[{"embeddable":true,"href":"https:\/\/smartpuller.com\/fi\/wp-json\/wp\/v2\/comments?post=2468454"}],"version-history":[{"count":16,"href":"https:\/\/smartpuller.com\/fi\/wp-json\/wp\/v2\/pages\/2468454\/revisions"}],"predecessor-version":[{"id":2468604,"href":"https:\/\/smartpuller.com\/fi\/wp-json\/wp\/v2\/pages\/2468454\/revisions\/2468604"}],"up":[{"embeddable":true,"href":"https:\/\/smartpuller.com\/fi\/wp-json\/wp\/v2\/pages\/272"}],"wp:attachment":[{"href":"https:\/\/smartpuller.com\/fi\/wp-json\/wp\/v2\/media?parent=2468454"}],"curies":[{"name":"wp","href":"https:\/\/api.w.org\/{rel}","templated":true}]}}