{"id":2468366,"date":"2023-11-13T11:18:25","date_gmt":"2023-11-13T09:18:25","guid":{"rendered":"https:\/\/smartpuller.com\/?page_id=2468366"},"modified":"2024-11-13T11:28:20","modified_gmt":"2024-11-13T09:28:20","slug":"alipainevedin","status":"publish","type":"page","link":"https:\/\/smartpuller.com\/fi\/alipainevedin\/","title":{"rendered":"Alipainevedin SmartPuller AIR+"},"content":{"rendered":"<div id=\"pl-2468366\"  class=\"panel-layout\" ><div id=\"pg-2468366-0\"  class=\"panel-grid panel-no-style\" ><div id=\"pgc-2468366-0-0\"  class=\"panel-grid-cell\" ><div id=\"panel-2468366-0-0-0\" class=\"so-panel widget widget_sow-editor panel-first-child panel-last-child\" data-index=\"0\" ><div\n\t\t\t\n\t\t\tclass=\"so-widget-sow-editor so-widget-sow-editor-base\"\n\t\t\t\n\t\t>\n<div class=\"siteorigin-widget-tinymce textwidget\">\n\t<h3>Uusi alipaineankkuri pintapeltioikaisuun<\/h3>\n<p>SmartPuller AIR+ on uuden sukupolven pintapeltioikaisulaite alipaineankkurilla. Se sis\u00e4lt\u00e4\u00e4 paineilmalla toimivan lattiakiinnityksen, mik\u00e4 tekee suositusta SmartPullerista eritt\u00e4in monipuolisen pintapeltien oikaisulaitteen. Laite on k\u00e4ytt\u00e4j\u00e4yst\u00e4v\u00e4llinen, mahdollistaen nopean ja tehokkaan ty\u00f6skentelyn pieniss\u00e4kin tiloissa. Laitetta on helppo liikutella tarvittavaan oikaisukohtaan auton ymp\u00e4rill\u00e4.<\/p>\n<h3>Nopein oikaisutekniikka pieniin kolarivaurioihin<\/h3>\n<p>SmartPuller AIR+ on suunniteltu erityisesti nopeuttamaan pieni\u00e4 kolarivaurioiden korjauksia. Sen avulla korjausty\u00f6t sujuvat entist\u00e4 sujuvammin ja tehokkaammin, s\u00e4\u00e4st\u00e4en aikaa ja vaivaa.<\/p>\n<\/div>\n<\/div><\/div><\/div><div id=\"pgc-2468366-0-1\"  class=\"panel-grid-cell\" ><div id=\"panel-2468366-0-1-0\" class=\"so-panel widget widget_sow-editor panel-first-child panel-last-child\" data-index=\"1\" ><div\n\t\t\t\n\t\t\tclass=\"so-widget-sow-editor so-widget-sow-editor-base\"\n\t\t\t\n\t\t>\n<div class=\"siteorigin-widget-tinymce textwidget\">\n\t<p><a href=\"https:\/\/smartpuller.com\/wp-content\/uploads\/2023\/11\/smartpuller-air-with-vacuum-plate-pict-2279.jpg\" data-rel=\"lightbox-image-0\" data-rl_title=\"\" data-rl_caption=\"\" title=\"\"><img loading=\"lazy\" decoding=\"async\" class=\"alignnone wp-image-2468164 \" src=\"https:\/\/smartpuller.com\/wp-content\/uploads\/2023\/11\/smartpuller-air-with-vacuum-plate-pict-2279-768x1024.jpg\" alt=\"Upper pull using SmartPuller AIR dent puller with vacuum plate.\" width=\"526\" height=\"701\" srcset=\"https:\/\/smartpuller.com\/wp-content\/uploads\/2023\/11\/smartpuller-air-with-vacuum-plate-pict-2279-768x1024.jpg 768w, https:\/\/smartpuller.com\/wp-content\/uploads\/2023\/11\/smartpuller-air-with-vacuum-plate-pict-2279-225x300.jpg 225w, https:\/\/smartpuller.com\/wp-content\/uploads\/2023\/11\/smartpuller-air-with-vacuum-plate-pict-2279-1152x1536.jpg 1152w, https:\/\/smartpuller.com\/wp-content\/uploads\/2023\/11\/smartpuller-air-with-vacuum-plate-pict-2279.jpg 1500w\" sizes=\"auto, (max-width: 526px) 100vw, 526px\" \/><\/a><\/p>\n<\/div>\n<\/div><\/div><\/div><\/div><div id=\"pg-2468366-1\"  class=\"panel-grid panel-no-style\" ><div id=\"pgc-2468366-1-0\"  class=\"panel-grid-cell\" ><div id=\"panel-2468366-1-0-0\" class=\"so-panel widget widget_sow-editor panel-first-child panel-last-child\" data-index=\"2\" ><div\n\t\t\t\n\t\t\tclass=\"so-widget-sow-editor so-widget-sow-editor-base\"\n\t\t\t\n\t\t>\n<div class=\"siteorigin-widget-tinymce textwidget\">\n\t<p><a href=\"https:\/\/smartpuller.com\/wp-content\/uploads\/2023\/11\/smartpuller-air-with-vacuum-plate-pict-2290.jpg\" rel=\"lightbox\" data-rel=\"lightbox-image-1\" data-rl_title=\"\" data-rl_caption=\"\" title=\"\"><img loading=\"lazy\" decoding=\"async\" class=\"alignnone wp-image-2468167 size-medium\" src=\"https:\/\/smartpuller.com\/wp-content\/uploads\/2023\/11\/smartpuller-air-with-vacuum-plate-pict-2290-300x225.jpg\" alt=\"Side pull of a van using SmartPuller AIR dent puller with vacuum plate.\" width=\"300\" height=\"225\" srcset=\"https:\/\/smartpuller.com\/wp-content\/uploads\/2023\/11\/smartpuller-air-with-vacuum-plate-pict-2290-300x225.jpg 300w, https:\/\/smartpuller.com\/wp-content\/uploads\/2023\/11\/smartpuller-air-with-vacuum-plate-pict-2290-1024x768.jpg 1024w, https:\/\/smartpuller.com\/wp-content\/uploads\/2023\/11\/smartpuller-air-with-vacuum-plate-pict-2290-768x576.jpg 768w, https:\/\/smartpuller.com\/wp-content\/uploads\/2023\/11\/smartpuller-air-with-vacuum-plate-pict-2290-1536x1152.jpg 1536w, https:\/\/smartpuller.com\/wp-content\/uploads\/2023\/11\/smartpuller-air-with-vacuum-plate-pict-2290.jpg 2000w\" sizes=\"auto, (max-width: 300px) 100vw, 300px\" \/><\/a><br \/>\nSmartPuller AIR+ on autokorjaamolle investointi, joka maksaa itsens\u00e4 takaisin nopeudellaan, tehokkuudellaan ja luotettavuudellaan.<\/p>\n<div class=\"nappilinkki_tiivis\"><a href=\"https:\/\/smartpuller.com\/fi\/yhteydenotto\/myynti\/\">\u00bb Kuinka ostan<\/a><\/div>\n<\/div>\n<\/div><\/div><\/div><div id=\"pgc-2468366-1-1\"  class=\"panel-grid-cell\" ><div id=\"panel-2468366-1-1-0\" class=\"so-panel widget widget_sow-editor panel-first-child panel-last-child\" data-index=\"3\" ><div\n\t\t\t\n\t\t\tclass=\"so-widget-sow-editor so-widget-sow-editor-base\"\n\t\t\t\n\t\t>\n<div class=\"siteorigin-widget-tinymce textwidget\">\n\t<p><a href=\"https:\/\/smartpuller.com\/wp-content\/uploads\/2024\/11\/A-14A_SP_Alipaineankkurilla_levy-ylhaalla_pystykuva-scaled.jpg\" rel=\"lightbox\" data-rel=\"lightbox-image-2\" data-rl_title=\"\" data-rl_caption=\"\" title=\"\"><img loading=\"lazy\" decoding=\"async\" class=\"alignnone wp-image-2468374\" src=\"https:\/\/smartpuller.com\/wp-content\/uploads\/2024\/11\/A-14A_SP_Alipaineankkurilla_levy-ylhaalla_pystykuva-768x1024.jpg\" alt=\"\" width=\"616\" height=\"822\" srcset=\"https:\/\/smartpuller.com\/wp-content\/uploads\/2024\/11\/A-14A_SP_Alipaineankkurilla_levy-ylhaalla_pystykuva-768x1024.jpg 768w, https:\/\/smartpuller.com\/wp-content\/uploads\/2024\/11\/A-14A_SP_Alipaineankkurilla_levy-ylhaalla_pystykuva-225x300.jpg 225w, https:\/\/smartpuller.com\/wp-content\/uploads\/2024\/11\/A-14A_SP_Alipaineankkurilla_levy-ylhaalla_pystykuva-1152x1536.jpg 1152w, https:\/\/smartpuller.com\/wp-content\/uploads\/2024\/11\/A-14A_SP_Alipaineankkurilla_levy-ylhaalla_pystykuva-1536x2048.jpg 1536w, https:\/\/smartpuller.com\/wp-content\/uploads\/2024\/11\/A-14A_SP_Alipaineankkurilla_levy-ylhaalla_pystykuva-scaled.jpg 1920w\" sizes=\"auto, (max-width: 616px) 100vw, 616px\" \/><\/a><\/p>\n<p><em>Alipaineankkurin tiiviste s\u00e4ilyy paremmin, kun se on kuljetusasennossa (irti maasta).<\/em><\/p>\n<\/div>\n<\/div><\/div><\/div><\/div><div id=\"pg-2468366-2\"  class=\"panel-grid panel-no-style\" ><div id=\"pgc-2468366-2-0\"  class=\"panel-grid-cell\" ><div id=\"panel-2468366-2-0-0\" class=\"so-panel widget widget_sow-editor panel-first-child panel-last-child\" data-index=\"4\" ><div\n\t\t\t\n\t\t\tclass=\"so-widget-sow-editor so-widget-sow-editor-base\"\n\t\t\t\n\t\t>\n<div class=\"siteorigin-widget-tinymce textwidget\">\n\t<h3>Tehokas & nopea auton oikaisumenetelm\u00e4 nykyp\u00e4iv\u00e4n korjaamoille<\/h3>\n<\/div>\n<\/div><\/div><\/div><\/div><div id=\"pg-2468366-3\"  class=\"panel-grid panel-no-style\" ><div id=\"pgc-2468366-3-0\"  class=\"panel-grid-cell\" ><div id=\"panel-2468366-3-0-0\" class=\"so-panel widget widget_sow-editor panel-first-child panel-last-child\" data-index=\"5\" ><div\n\t\t\t\n\t\t\tclass=\"so-widget-sow-editor so-widget-sow-editor-base\"\n\t\t\t\n\t\t>\n<div class=\"siteorigin-widget-tinymce textwidget\">\n\t<div class=\"gb-grid-column gb-grid-column-9406ef54\">\n<div class=\"gb-container gb-container-9406ef54\">\n<div class=\"gb-inside-container\">\n<h3 id=\"tekniset-ominaisuudet\" class=\"wp-block-heading\"><strong>Alipainevetimen ominaisuudet:<\/strong><\/h3>\n<ul>\n<li>Portaaton vetovoiman s\u00e4\u00e4t\u00f6<\/li>\n<li>Kevyt ja helppo siirt\u00e4\u00e4<\/li>\n<li>Alipaineankkurin tiiviste s\u00e4ilyy paremmin, kun se on kuljetusasennossa (irti maasta)<\/li>\n<li>Ei h\u00e4iritsevi\u00e4 tukiliinoja laitteen takaosassa<\/li>\n<li>Mahdollisuus my\u00f6s korin yl\u00e4rakenteiden oikaisuun<\/li>\n<li>My\u00f6s alasp\u00e4in vedot onnistuvat<\/li>\n<li>Aikaisempien SmartPullereiden p\u00e4ivitysmahdollisuus lis\u00e4sarjalla<\/li>\n<\/ul>\n<\/div>\n<p><strong>360\u00b0 vetosuunta mahdollistaa oikaisun kaikista kulmista ja suunnista \u2013 my\u00f6s nurkkavedot onnistuvat helposti ja tarkasti<\/strong><\/p>\n<\/div>\n<\/div>\n<\/div>\n<\/div><\/div><\/div><div id=\"pgc-2468366-3-1\"  class=\"panel-grid-cell\" ><div id=\"panel-2468366-3-1-0\" class=\"so-panel widget widget_sow-editor panel-first-child panel-last-child\" data-index=\"6\" ><div\n\t\t\t\n\t\t\tclass=\"so-widget-sow-editor so-widget-sow-editor-base\"\n\t\t\t\n\t\t>\n<div class=\"siteorigin-widget-tinymce textwidget\">\n\t<p><a href=\"https:\/\/smartpuller.com\/wp-content\/uploads\/2024\/11\/a-14c_smartpuller-air-with-vacuum-plate-equipment.jpg\" rel=\"lightbox\" data-rel=\"lightbox-image-3\" data-rl_title=\"\" data-rl_caption=\"\" title=\"\"><img loading=\"lazy\" decoding=\"async\" class=\"alignnone wp-image-2468377 size-medium\" src=\"https:\/\/smartpuller.com\/wp-content\/uploads\/2024\/11\/a-14c_smartpuller-air-with-vacuum-plate-equipment-300x225.jpg\" alt=\"\" width=\"300\" height=\"225\" srcset=\"https:\/\/smartpuller.com\/wp-content\/uploads\/2024\/11\/a-14c_smartpuller-air-with-vacuum-plate-equipment-300x225.jpg 300w, https:\/\/smartpuller.com\/wp-content\/uploads\/2024\/11\/a-14c_smartpuller-air-with-vacuum-plate-equipment-1024x767.jpg 1024w, https:\/\/smartpuller.com\/wp-content\/uploads\/2024\/11\/a-14c_smartpuller-air-with-vacuum-plate-equipment-768x576.jpg 768w, https:\/\/smartpuller.com\/wp-content\/uploads\/2024\/11\/a-14c_smartpuller-air-with-vacuum-plate-equipment-1536x1151.jpg 1536w, https:\/\/smartpuller.com\/wp-content\/uploads\/2024\/11\/a-14c_smartpuller-air-with-vacuum-plate-equipment.jpg 2000w\" sizes=\"auto, (max-width: 300px) 100vw, 300px\" \/><\/a><br \/>\n<em>A-14C SmartPuller alipaineankkurilla, sis. yl\u00e4tuen.<\/em><\/p>\n<\/div>\n<\/div><\/div><\/div><\/div><div id=\"pg-2468366-4\"  class=\"panel-grid panel-no-style\" ><div id=\"pgc-2468366-4-0\"  class=\"panel-grid-cell\" ><div id=\"panel-2468366-4-0-0\" class=\"so-panel widget widget_sow-editor panel-first-child panel-last-child\" data-index=\"7\" ><div\n\t\t\t\n\t\t\tclass=\"so-widget-sow-editor so-widget-sow-editor-base\"\n\t\t\t\n\t\t>\n<div class=\"siteorigin-widget-tinymce textwidget\">\n\t<p>\u00bb Katso <a href=\"https:\/\/smartpuller.com\/fi\/setit-ja-varusteet\/smartpuller-air-plus\/\">t\u00e4ydellinen SmartPuller AIR+ -setti<\/a><br \/>\n\u00bb Katso <a href=\"https:\/\/smartpuller.com\/fi\/setit-ja-varusteet\/smartpuller-air\/\">p\u00e4ivityssetti nykyisen SmartPullerin k\u00e4ytt\u00e4jille<\/a><\/p>\n<\/div>\n<\/div><\/div><\/div><\/div><\/div>","protected":false},"excerpt":{"rendered":"<p>Uusi alipaineankkuri pintapeltioikaisuun SmartPuller AIR+ on uuden sukupolven pintapeltioikaisulaite alipaineankkurilla. Se sis\u00e4lt\u00e4\u00e4 paineilmalla toimivan lattiakiinnityksen, mik\u00e4 tekee suositusta SmartPullerista eritt\u00e4in monipuolisen pintapeltien oikaisulaitteen. Laite on k\u00e4ytt\u00e4j\u00e4yst\u00e4v\u00e4llinen, mahdollistaen nopean ja tehokkaan ty\u00f6skentelyn pieniss\u00e4kin tiloissa. Laitetta on helppo liikutella tarvittavaan oikaisukohtaan auton ymp\u00e4rill\u00e4. Nopein oikaisutekniikka pieniin kolarivaurioihin SmartPuller AIR+ on suunniteltu erityisesti nopeuttamaan pieni\u00e4 kolarivaurioiden korjauksia. Sen [&hellip;]<\/p>\n","protected":false},"author":101,"featured_media":2468155,"parent":0,"menu_order":110,"comment_status":"closed","ping_status":"closed","template":"","meta":{"_genesis_hide_title":false,"_genesis_hide_breadcrumbs":false,"_genesis_hide_singular_image":false,"_genesis_hide_footer_widgets":false,"_genesis_custom_body_class":"","_genesis_custom_post_class":"","_genesis_layout":"","footnotes":""},"class_list":{"0":"post-2468366","1":"page","2":"type-page","3":"status-publish","4":"has-post-thumbnail","6":"entry"},"yoast_head":"<!-- This site is optimized with the Yoast SEO plugin v27.4 - https:\/\/yoast.com\/product\/yoast-seo-wordpress\/ -->\n<title>SmartPuller AIR alipainevedin<\/title>\n<meta name=\"description\" content=\"SmartPuller AIR+ sis\u00e4lt\u00e4\u00e4 paineilmalla toimivan lattiakiinnityksen. Laitetta on helppo siirt\u00e4\u00e4 tarvittavaan oikaisukohtaan auton ymp\u00e4rill\u00e4.\" \/>\n<meta name=\"robots\" content=\"index, follow, max-snippet:-1, max-image-preview:large, max-video-preview:-1\" \/>\n<link rel=\"canonical\" href=\"https:\/\/smartpuller.com\/fi\/alipainevedin\/\" \/>\n<meta property=\"og:locale\" content=\"fi_FI\" \/>\n<meta property=\"og:type\" content=\"article\" \/>\n<meta property=\"og:title\" content=\"SmartPuller AIR alipainevedin\" \/>\n<meta property=\"og:description\" content=\"SmartPuller AIR+ sis\u00e4lt\u00e4\u00e4 paineilmalla toimivan lattiakiinnityksen. Laitetta on helppo siirt\u00e4\u00e4 tarvittavaan oikaisukohtaan auton ymp\u00e4rill\u00e4.\" \/>\n<meta property=\"og:url\" content=\"https:\/\/smartpuller.com\/fi\/alipainevedin\/\" \/>\n<meta property=\"og:site_name\" content=\"SmartPuller\" \/>\n<meta property=\"article:publisher\" content=\"https:\/\/www.facebook.com\/smartpuller\/\" \/>\n<meta property=\"article:modified_time\" content=\"2024-11-13T09:28:20+00:00\" \/>\n<meta property=\"og:image\" content=\"https:\/\/smartpuller.com\/wp-content\/uploads\/2023\/11\/smartpuller-air-a-14a_sp-with-vacuum-plate.jpg\" \/>\n\t<meta property=\"og:image:width\" content=\"2000\" \/>\n\t<meta property=\"og:image:height\" content=\"1500\" \/>\n\t<meta property=\"og:image:type\" content=\"image\/jpeg\" \/>\n<meta name=\"twitter:card\" content=\"summary_large_image\" \/>\n<meta name=\"twitter:label1\" content=\"Arvioitu lukuaika\" \/>\n\t<meta name=\"twitter:data1\" content=\"2 minuuttia\" \/>\n<script type=\"application\/ld+json\" class=\"yoast-schema-graph\">{\"@context\":\"https:\\\/\\\/schema.org\",\"@graph\":[{\"@type\":\"WebPage\",\"@id\":\"https:\\\/\\\/smartpuller.com\\\/fi\\\/alipainevedin\\\/\",\"url\":\"https:\\\/\\\/smartpuller.com\\\/fi\\\/alipainevedin\\\/\",\"name\":\"SmartPuller AIR alipainevedin\",\"isPartOf\":{\"@id\":\"https:\\\/\\\/smartpuller.com\\\/fi\\\/#website\"},\"primaryImageOfPage\":{\"@id\":\"https:\\\/\\\/smartpuller.com\\\/fi\\\/alipainevedin\\\/#primaryimage\"},\"image\":{\"@id\":\"https:\\\/\\\/smartpuller.com\\\/fi\\\/alipainevedin\\\/#primaryimage\"},\"thumbnailUrl\":\"https:\\\/\\\/smartpuller.com\\\/wp-content\\\/uploads\\\/2023\\\/11\\\/smartpuller-air-a-14a_sp-with-vacuum-plate.jpg\",\"datePublished\":\"2023-11-13T09:18:25+00:00\",\"dateModified\":\"2024-11-13T09:28:20+00:00\",\"description\":\"SmartPuller AIR+ sis\u00e4lt\u00e4\u00e4 paineilmalla toimivan lattiakiinnityksen. Laitetta on helppo siirt\u00e4\u00e4 tarvittavaan oikaisukohtaan auton ymp\u00e4rill\u00e4.\",\"breadcrumb\":{\"@id\":\"https:\\\/\\\/smartpuller.com\\\/fi\\\/alipainevedin\\\/#breadcrumb\"},\"inLanguage\":\"fi\",\"potentialAction\":[{\"@type\":\"ReadAction\",\"target\":[\"https:\\\/\\\/smartpuller.com\\\/fi\\\/alipainevedin\\\/\"]}]},{\"@type\":\"ImageObject\",\"inLanguage\":\"fi\",\"@id\":\"https:\\\/\\\/smartpuller.com\\\/fi\\\/alipainevedin\\\/#primaryimage\",\"url\":\"https:\\\/\\\/smartpuller.com\\\/wp-content\\\/uploads\\\/2023\\\/11\\\/smartpuller-air-a-14a_sp-with-vacuum-plate.jpg\",\"contentUrl\":\"https:\\\/\\\/smartpuller.com\\\/wp-content\\\/uploads\\\/2023\\\/11\\\/smartpuller-air-a-14a_sp-with-vacuum-plate.jpg\",\"width\":2000,\"height\":1500,\"caption\":\"SmartPuller AIR vacuum anchored floor puller with rotating plate.\"},{\"@type\":\"BreadcrumbList\",\"@id\":\"https:\\\/\\\/smartpuller.com\\\/fi\\\/alipainevedin\\\/#breadcrumb\",\"itemListElement\":[{\"@type\":\"ListItem\",\"position\":1,\"name\":\"Home\",\"item\":\"https:\\\/\\\/smartpuller.com\\\/fi\\\/\"},{\"@type\":\"ListItem\",\"position\":2,\"name\":\"Alipainevedin SmartPuller AIR+\"}]},{\"@type\":\"WebSite\",\"@id\":\"https:\\\/\\\/smartpuller.com\\\/fi\\\/#website\",\"url\":\"https:\\\/\\\/smartpuller.com\\\/fi\\\/\",\"name\":\"SmartPuller\",\"description\":\"SmartPuller\",\"potentialAction\":[{\"@type\":\"SearchAction\",\"target\":{\"@type\":\"EntryPoint\",\"urlTemplate\":\"https:\\\/\\\/smartpuller.com\\\/fi\\\/?s={search_term_string}\"},\"query-input\":{\"@type\":\"PropertyValueSpecification\",\"valueRequired\":true,\"valueName\":\"search_term_string\"}}],\"inLanguage\":\"fi\"}]}<\/script>\n<!-- \/ Yoast SEO plugin. -->","yoast_head_json":{"title":"SmartPuller AIR alipainevedin","description":"SmartPuller AIR+ sis\u00e4lt\u00e4\u00e4 paineilmalla toimivan lattiakiinnityksen. Laitetta on helppo siirt\u00e4\u00e4 tarvittavaan oikaisukohtaan auton ymp\u00e4rill\u00e4.","robots":{"index":"index","follow":"follow","max-snippet":"max-snippet:-1","max-image-preview":"max-image-preview:large","max-video-preview":"max-video-preview:-1"},"canonical":"https:\/\/smartpuller.com\/fi\/alipainevedin\/","og_locale":"fi_FI","og_type":"article","og_title":"SmartPuller AIR alipainevedin","og_description":"SmartPuller AIR+ sis\u00e4lt\u00e4\u00e4 paineilmalla toimivan lattiakiinnityksen. Laitetta on helppo siirt\u00e4\u00e4 tarvittavaan oikaisukohtaan auton ymp\u00e4rill\u00e4.","og_url":"https:\/\/smartpuller.com\/fi\/alipainevedin\/","og_site_name":"SmartPuller","article_publisher":"https:\/\/www.facebook.com\/smartpuller\/","article_modified_time":"2024-11-13T09:28:20+00:00","og_image":[{"width":2000,"height":1500,"url":"https:\/\/smartpuller.com\/wp-content\/uploads\/2023\/11\/smartpuller-air-a-14a_sp-with-vacuum-plate.jpg","type":"image\/jpeg"}],"twitter_card":"summary_large_image","twitter_misc":{"Arvioitu lukuaika":"2 minuuttia"},"schema":{"@context":"https:\/\/schema.org","@graph":[{"@type":"WebPage","@id":"https:\/\/smartpuller.com\/fi\/alipainevedin\/","url":"https:\/\/smartpuller.com\/fi\/alipainevedin\/","name":"SmartPuller AIR alipainevedin","isPartOf":{"@id":"https:\/\/smartpuller.com\/fi\/#website"},"primaryImageOfPage":{"@id":"https:\/\/smartpuller.com\/fi\/alipainevedin\/#primaryimage"},"image":{"@id":"https:\/\/smartpuller.com\/fi\/alipainevedin\/#primaryimage"},"thumbnailUrl":"https:\/\/smartpuller.com\/wp-content\/uploads\/2023\/11\/smartpuller-air-a-14a_sp-with-vacuum-plate.jpg","datePublished":"2023-11-13T09:18:25+00:00","dateModified":"2024-11-13T09:28:20+00:00","description":"SmartPuller AIR+ sis\u00e4lt\u00e4\u00e4 paineilmalla toimivan lattiakiinnityksen. Laitetta on helppo siirt\u00e4\u00e4 tarvittavaan oikaisukohtaan auton ymp\u00e4rill\u00e4.","breadcrumb":{"@id":"https:\/\/smartpuller.com\/fi\/alipainevedin\/#breadcrumb"},"inLanguage":"fi","potentialAction":[{"@type":"ReadAction","target":["https:\/\/smartpuller.com\/fi\/alipainevedin\/"]}]},{"@type":"ImageObject","inLanguage":"fi","@id":"https:\/\/smartpuller.com\/fi\/alipainevedin\/#primaryimage","url":"https:\/\/smartpuller.com\/wp-content\/uploads\/2023\/11\/smartpuller-air-a-14a_sp-with-vacuum-plate.jpg","contentUrl":"https:\/\/smartpuller.com\/wp-content\/uploads\/2023\/11\/smartpuller-air-a-14a_sp-with-vacuum-plate.jpg","width":2000,"height":1500,"caption":"SmartPuller AIR vacuum anchored floor puller with rotating plate."},{"@type":"BreadcrumbList","@id":"https:\/\/smartpuller.com\/fi\/alipainevedin\/#breadcrumb","itemListElement":[{"@type":"ListItem","position":1,"name":"Home","item":"https:\/\/smartpuller.com\/fi\/"},{"@type":"ListItem","position":2,"name":"Alipainevedin SmartPuller AIR+"}]},{"@type":"WebSite","@id":"https:\/\/smartpuller.com\/fi\/#website","url":"https:\/\/smartpuller.com\/fi\/","name":"SmartPuller","description":"SmartPuller","potentialAction":[{"@type":"SearchAction","target":{"@type":"EntryPoint","urlTemplate":"https:\/\/smartpuller.com\/fi\/?s={search_term_string}"},"query-input":{"@type":"PropertyValueSpecification","valueRequired":true,"valueName":"search_term_string"}}],"inLanguage":"fi"}]}},"_links":{"self":[{"href":"https:\/\/smartpuller.com\/fi\/wp-json\/wp\/v2\/pages\/2468366","targetHints":{"allow":["GET"]}}],"collection":[{"href":"https:\/\/smartpuller.com\/fi\/wp-json\/wp\/v2\/pages"}],"about":[{"href":"https:\/\/smartpuller.com\/fi\/wp-json\/wp\/v2\/types\/page"}],"author":[{"embeddable":true,"href":"https:\/\/smartpuller.com\/fi\/wp-json\/wp\/v2\/users\/101"}],"replies":[{"embeddable":true,"href":"https:\/\/smartpuller.com\/fi\/wp-json\/wp\/v2\/comments?post=2468366"}],"version-history":[{"count":17,"href":"https:\/\/smartpuller.com\/fi\/wp-json\/wp\/v2\/pages\/2468366\/revisions"}],"predecessor-version":[{"id":2468520,"href":"https:\/\/smartpuller.com\/fi\/wp-json\/wp\/v2\/pages\/2468366\/revisions\/2468520"}],"wp:featuredmedia":[{"embeddable":true,"href":"https:\/\/smartpuller.com\/fi\/wp-json\/wp\/v2\/media\/2468155"}],"wp:attachment":[{"href":"https:\/\/smartpuller.com\/fi\/wp-json\/wp\/v2\/media?parent=2468366"}],"curies":[{"name":"wp","href":"https:\/\/api.w.org\/{rel}","templated":true}]}}