{"id":2467623,"date":"2022-11-25T11:50:09","date_gmt":"2022-11-25T09:50:09","guid":{"rendered":"https:\/\/smartpuller.com\/?page_id=2467623"},"modified":"2022-11-25T13:36:35","modified_gmt":"2022-11-25T11:36:35","slug":"takuurekisterointi","status":"publish","type":"page","link":"https:\/\/smartpuller.com\/fi\/tuki\/takuurekisterointi\/","title":{"rendered":"Takuurekister\u00f6inti"},"content":{"rendered":"<div id=\"takuusymbolit\" class=\"alignright\"><img loading=\"lazy\" decoding=\"async\" class=\"alignnone size-full wp-image-1715\" src=\"https:\/\/smartpuller.com\/wp-content\/uploads\/2017\/09\/SmartPuller_warranty_sign.png\" alt=\"\" width=\"180\" height=\"283\" srcset=\"https:\/\/smartpuller.com\/wp-content\/uploads\/2017\/09\/SmartPuller_warranty_sign.png 250w, https:\/\/smartpuller.com\/wp-content\/uploads\/2017\/09\/SmartPuller_warranty_sign-191x300.png 191w\" sizes=\"auto, (max-width: 180px) 100vw, 180px\" \/><\/div>\n<p>Pidenn\u00e4 SmartPullerin takuuta rekister\u00f6im\u00e4ll\u00e4 tuotteesi. N\u00e4et takuuajan muutokset taulukosta:<\/p>\n<table style=\"width: 60%; display: inline-block;\">\n<thead>\n<tr>\n<th>Takuun kohde<\/th>\n<th style=\"text-align: center;\">Normaalitakuu<\/th>\n<th style=\"text-align: center;\">Pidennetty takuu<\/th>\n<\/tr>\n<\/thead>\n<tbody>\n<tr>\n<td>Runko + metalliosat<\/td>\n<td style=\"text-align: center;\">2 vuotta<\/td>\n<td style=\"text-align: center;\">5 vuotta<\/td>\n<\/tr>\n<tr>\n<td>Kulutusosat*<\/td>\n<td style=\"text-align: center;\">1 vuosi<\/td>\n<td style=\"text-align: center;\">2 vuotta<\/td>\n<\/tr>\n<\/tbody>\n<\/table>\n<p>*Kulutusosiin kuuluvat vetoruuvi, kahvat, sek\u00e4 kumi- ja muoviosat.<\/p>\n<h3>SmartPullerin takuurekister\u00f6inti<\/h3>\n\n<div class=\"wpcf7 no-js\" id=\"wpcf7-f2467619-o1\" lang=\"en-US\" dir=\"ltr\" data-wpcf7-id=\"2467619\">\n<div class=\"screen-reader-response\"><p role=\"status\" aria-live=\"polite\" aria-atomic=\"true\"><\/p> <ul><\/ul><\/div>\n<form action=\"\/fi\/wp-json\/wp\/v2\/pages\/2467623#wpcf7-f2467619-o1\" method=\"post\" class=\"wpcf7-form init\" aria-label=\"Contact form\" novalidate=\"novalidate\" data-status=\"init\">\n<fieldset class=\"hidden-fields-container\"><input type=\"hidden\" name=\"_wpcf7\" value=\"2467619\" \/><input type=\"hidden\" name=\"_wpcf7_version\" value=\"6.1.5\" \/><input type=\"hidden\" name=\"_wpcf7_locale\" value=\"en_US\" \/><input type=\"hidden\" name=\"_wpcf7_unit_tag\" value=\"wpcf7-f2467619-o1\" \/><input type=\"hidden\" name=\"_wpcf7_container_post\" value=\"0\" \/><input type=\"hidden\" name=\"_wpcf7_posted_data_hash\" value=\"\" \/><input type=\"hidden\" name=\"_wpcf7_recaptcha_response\" value=\"\" \/>\n<\/fieldset>\n<p>Etunimi <small>(*pakollinen)<\/small>\n<\/p>\n<p><span class=\"wpcf7-form-control-wrap\" data-name=\"mc4wp-FNAME\"><input size=\"40\" maxlength=\"400\" class=\"wpcf7-form-control wpcf7-text wpcf7-validates-as-required\" aria-required=\"true\" aria-invalid=\"false\" value=\"\" type=\"text\" name=\"mc4wp-FNAME\" \/><\/span>\n<\/p>\n<p>Sukunimi <small>(*pakollinen)<\/small>\n<\/p>\n<p><span class=\"wpcf7-form-control-wrap\" data-name=\"mc4wp-LNAME\"><input size=\"40\" maxlength=\"400\" class=\"wpcf7-form-control wpcf7-text wpcf7-validates-as-required\" aria-required=\"true\" aria-invalid=\"false\" value=\"\" type=\"text\" name=\"mc4wp-LNAME\" \/><\/span>\n<\/p>\n<p>Yritys\n<\/p>\n<p><span class=\"wpcf7-form-control-wrap\" data-name=\"MMERGE4\"><input size=\"40\" maxlength=\"400\" class=\"wpcf7-form-control wpcf7-text\" aria-invalid=\"false\" value=\"\" type=\"text\" name=\"MMERGE4\" \/><\/span>\n<\/p>\n<p>S\u00e4hk\u00f6postiosoite <small> (*pakollinen)<\/small>\n<\/p>\n<p><span class=\"wpcf7-form-control-wrap\" data-name=\"mc4wp-EMAIL\"><input size=\"40\" maxlength=\"400\" class=\"wpcf7-form-control wpcf7-email wpcf7-validates-as-required wpcf7-text wpcf7-validates-as-email\" aria-required=\"true\" aria-invalid=\"false\" value=\"\" type=\"email\" name=\"mc4wp-EMAIL\" \/><\/span>\n<\/p>\n<p>Puhelinnumero (*pakollinen)\n<\/p>\n<p><span class=\"wpcf7-form-control-wrap\" data-name=\"tel-332\"><input size=\"40\" maxlength=\"400\" class=\"wpcf7-form-control wpcf7-tel wpcf7-validates-as-required wpcf7-text wpcf7-validates-as-tel\" aria-required=\"true\" aria-invalid=\"false\" value=\"\" type=\"tel\" name=\"tel-332\" \/><\/span>\n<\/p>\n<p>Hankintap\u00e4iv\u00e4 (*pakollinen)\n<\/p>\n<p><span class=\"wpcf7-form-control-wrap\" data-name=\"date-346\"><input class=\"wpcf7-form-control wpcf7-date wpcf7-validates-as-required wpcf7-validates-as-date\" aria-required=\"true\" aria-invalid=\"false\" value=\"\" type=\"date\" name=\"date-346\" \/><\/span>\n<\/p>\n<p>Jos sinulla on useampi SmartPuller, valitse laitteiden m\u00e4\u00e4r\u00e4:\n<\/p>\n<p><span class=\"wpcf7-form-control-wrap\" data-name=\"checkbox-339\"><span class=\"wpcf7-form-control wpcf7-checkbox\"><\/span><\/span><br \/>\n<span class=\"wpcf7-form-control-wrap\" data-name=\"number-511\"><input class=\"wpcf7-form-control wpcf7-number wpcf7-validates-as-number\" min=\"2\" max=\"30\" aria-invalid=\"false\" value=\"\" type=\"number\" name=\"number-511\" \/><\/span>\n<\/p>\n<p><!-- Mailchimp for WordPress v4.12.1 - https:\/\/www.mc4wp.com\/ --><input type=\"hidden\" name=\"_mc4wp_subscribe_contact-form-7\" value=\"0\" \/><span class=\"mc4wp-checkbox mc4wp-checkbox-contact-form-7 \"><label><input type=\"checkbox\" name=\"_mc4wp_subscribe_contact-form-7\" value=\"1\" checked=\"checked\"><span>Liity SmartPullerin omistajien postituslistalle.<\/span><\/label><\/span><!-- \/ Mailchimp for WordPress -->\n<\/p>\n<p><input type=\"hidden\" name=\"_mc4wp_lists[]\" value=\"8b6c3f8d6e\" \/>\n<\/p>\n\n<p><input class=\"wpcf7-form-control wpcf7-submit has-spinner\" type=\"submit\" value=\"L\u00e4het\u00e4\" \/>\n<\/p><div class=\"wpcf7-response-output\" aria-hidden=\"true\"><\/div>\n<\/form>\n<\/div>\n\n","protected":false},"excerpt":{"rendered":"<p>Pidenn\u00e4 SmartPullerin takuuta rekister\u00f6im\u00e4ll\u00e4 tuotteesi. N\u00e4et takuuajan muutokset taulukosta: Takuun kohde Normaalitakuu Pidennetty takuu Runko + metalliosat 2 vuotta 5 vuotta Kulutusosat* 1 vuosi 2 vuotta *Kulutusosiin kuuluvat vetoruuvi, kahvat, sek\u00e4 kumi- ja muoviosat. SmartPullerin takuurekister\u00f6inti<\/p>\n","protected":false},"author":101,"featured_media":0,"parent":298,"menu_order":0,"comment_status":"closed","ping_status":"closed","template":"","meta":{"_genesis_hide_title":false,"_genesis_hide_breadcrumbs":false,"_genesis_hide_singular_image":false,"_genesis_hide_footer_widgets":false,"_genesis_custom_body_class":"","_genesis_custom_post_class":"","_genesis_layout":"","footnotes":""},"class_list":{"0":"post-2467623","1":"page","2":"type-page","3":"status-publish","5":"entry"},"yoast_head":"<!-- This site is optimized with the Yoast SEO plugin v27.4 - https:\/\/yoast.com\/product\/yoast-seo-wordpress\/ -->\n<title>Takuurekister\u00f6inti<\/title>\n<meta name=\"description\" content=\"Pidenn\u00e4 SmartPullerin takuuta rekister\u00f6im\u00e4ll\u00e4 tuotteesi. N\u00e4et takuuajan muutokset taulukosta: Takuun kohde Normaalitakuu Pidennetty takuu Runko +\" \/>\n<meta name=\"robots\" content=\"index, follow, max-snippet:-1, max-image-preview:large, max-video-preview:-1\" \/>\n<link rel=\"canonical\" href=\"https:\/\/smartpuller.com\/fi\/tuki\/takuurekisterointi\/\" \/>\n<meta property=\"og:locale\" content=\"fi_FI\" \/>\n<meta property=\"og:type\" content=\"article\" \/>\n<meta property=\"og:title\" content=\"Takuurekister\u00f6inti\" \/>\n<meta property=\"og:description\" content=\"Pidenn\u00e4 SmartPullerin takuuta rekister\u00f6im\u00e4ll\u00e4 tuotteesi. N\u00e4et takuuajan muutokset taulukosta: Takuun kohde Normaalitakuu Pidennetty takuu Runko +\" \/>\n<meta property=\"og:url\" content=\"https:\/\/smartpuller.com\/fi\/tuki\/takuurekisterointi\/\" \/>\n<meta property=\"og:site_name\" content=\"SmartPuller\" \/>\n<meta property=\"article:publisher\" content=\"https:\/\/www.facebook.com\/smartpuller\/\" \/>\n<meta property=\"article:modified_time\" content=\"2022-11-25T11:36:35+00:00\" \/>\n<meta property=\"og:image\" content=\"https:\/\/smartpuller.com\/wp-content\/uploads\/2017\/09\/SmartPuller_warranty_sign.png\" \/>\n<meta name=\"twitter:card\" content=\"summary_large_image\" \/>\n<script type=\"application\/ld+json\" class=\"yoast-schema-graph\">{\"@context\":\"https:\\\/\\\/schema.org\",\"@graph\":[{\"@type\":\"WebPage\",\"@id\":\"https:\\\/\\\/smartpuller.com\\\/fi\\\/tuki\\\/takuurekisterointi\\\/\",\"url\":\"https:\\\/\\\/smartpuller.com\\\/fi\\\/tuki\\\/takuurekisterointi\\\/\",\"name\":\"Takuurekister\u00f6inti\",\"isPartOf\":{\"@id\":\"https:\\\/\\\/smartpuller.com\\\/fi\\\/#website\"},\"primaryImageOfPage\":{\"@id\":\"https:\\\/\\\/smartpuller.com\\\/fi\\\/tuki\\\/takuurekisterointi\\\/#primaryimage\"},\"image\":{\"@id\":\"https:\\\/\\\/smartpuller.com\\\/fi\\\/tuki\\\/takuurekisterointi\\\/#primaryimage\"},\"thumbnailUrl\":\"https:\\\/\\\/smartpuller.com\\\/wp-content\\\/uploads\\\/2017\\\/09\\\/SmartPuller_warranty_sign.png\",\"datePublished\":\"2022-11-25T09:50:09+00:00\",\"dateModified\":\"2022-11-25T11:36:35+00:00\",\"description\":\"Pidenn\u00e4 SmartPullerin takuuta rekister\u00f6im\u00e4ll\u00e4 tuotteesi. N\u00e4et takuuajan muutokset taulukosta: Takuun kohde Normaalitakuu Pidennetty takuu Runko +\",\"breadcrumb\":{\"@id\":\"https:\\\/\\\/smartpuller.com\\\/fi\\\/tuki\\\/takuurekisterointi\\\/#breadcrumb\"},\"inLanguage\":\"fi\",\"potentialAction\":[{\"@type\":\"ReadAction\",\"target\":[\"https:\\\/\\\/smartpuller.com\\\/fi\\\/tuki\\\/takuurekisterointi\\\/\"]}]},{\"@type\":\"ImageObject\",\"inLanguage\":\"fi\",\"@id\":\"https:\\\/\\\/smartpuller.com\\\/fi\\\/tuki\\\/takuurekisterointi\\\/#primaryimage\",\"url\":\"https:\\\/\\\/smartpuller.com\\\/wp-content\\\/uploads\\\/2017\\\/09\\\/SmartPuller_warranty_sign.png\",\"contentUrl\":\"https:\\\/\\\/smartpuller.com\\\/wp-content\\\/uploads\\\/2017\\\/09\\\/SmartPuller_warranty_sign.png\"},{\"@type\":\"BreadcrumbList\",\"@id\":\"https:\\\/\\\/smartpuller.com\\\/fi\\\/tuki\\\/takuurekisterointi\\\/#breadcrumb\",\"itemListElement\":[{\"@type\":\"ListItem\",\"position\":1,\"name\":\"Home\",\"item\":\"https:\\\/\\\/smartpuller.com\\\/fi\\\/\"},{\"@type\":\"ListItem\",\"position\":2,\"name\":\"Tuki\",\"item\":\"https:\\\/\\\/smartpuller.com\\\/fi\\\/tuki\\\/\"},{\"@type\":\"ListItem\",\"position\":3,\"name\":\"Takuurekister\u00f6inti\"}]},{\"@type\":\"WebSite\",\"@id\":\"https:\\\/\\\/smartpuller.com\\\/fi\\\/#website\",\"url\":\"https:\\\/\\\/smartpuller.com\\\/fi\\\/\",\"name\":\"SmartPuller\",\"description\":\"SmartPuller\",\"potentialAction\":[{\"@type\":\"SearchAction\",\"target\":{\"@type\":\"EntryPoint\",\"urlTemplate\":\"https:\\\/\\\/smartpuller.com\\\/fi\\\/?s={search_term_string}\"},\"query-input\":{\"@type\":\"PropertyValueSpecification\",\"valueRequired\":true,\"valueName\":\"search_term_string\"}}],\"inLanguage\":\"fi\"}]}<\/script>\n<!-- \/ Yoast SEO plugin. -->","yoast_head_json":{"title":"Takuurekister\u00f6inti","description":"Pidenn\u00e4 SmartPullerin takuuta rekister\u00f6im\u00e4ll\u00e4 tuotteesi. N\u00e4et takuuajan muutokset taulukosta: Takuun kohde Normaalitakuu Pidennetty takuu Runko +","robots":{"index":"index","follow":"follow","max-snippet":"max-snippet:-1","max-image-preview":"max-image-preview:large","max-video-preview":"max-video-preview:-1"},"canonical":"https:\/\/smartpuller.com\/fi\/tuki\/takuurekisterointi\/","og_locale":"fi_FI","og_type":"article","og_title":"Takuurekister\u00f6inti","og_description":"Pidenn\u00e4 SmartPullerin takuuta rekister\u00f6im\u00e4ll\u00e4 tuotteesi. N\u00e4et takuuajan muutokset taulukosta: Takuun kohde Normaalitakuu Pidennetty takuu Runko +","og_url":"https:\/\/smartpuller.com\/fi\/tuki\/takuurekisterointi\/","og_site_name":"SmartPuller","article_publisher":"https:\/\/www.facebook.com\/smartpuller\/","article_modified_time":"2022-11-25T11:36:35+00:00","og_image":[{"url":"https:\/\/smartpuller.com\/wp-content\/uploads\/2017\/09\/SmartPuller_warranty_sign.png","type":"","width":"","height":""}],"twitter_card":"summary_large_image","schema":{"@context":"https:\/\/schema.org","@graph":[{"@type":"WebPage","@id":"https:\/\/smartpuller.com\/fi\/tuki\/takuurekisterointi\/","url":"https:\/\/smartpuller.com\/fi\/tuki\/takuurekisterointi\/","name":"Takuurekister\u00f6inti","isPartOf":{"@id":"https:\/\/smartpuller.com\/fi\/#website"},"primaryImageOfPage":{"@id":"https:\/\/smartpuller.com\/fi\/tuki\/takuurekisterointi\/#primaryimage"},"image":{"@id":"https:\/\/smartpuller.com\/fi\/tuki\/takuurekisterointi\/#primaryimage"},"thumbnailUrl":"https:\/\/smartpuller.com\/wp-content\/uploads\/2017\/09\/SmartPuller_warranty_sign.png","datePublished":"2022-11-25T09:50:09+00:00","dateModified":"2022-11-25T11:36:35+00:00","description":"Pidenn\u00e4 SmartPullerin takuuta rekister\u00f6im\u00e4ll\u00e4 tuotteesi. N\u00e4et takuuajan muutokset taulukosta: Takuun kohde Normaalitakuu Pidennetty takuu Runko +","breadcrumb":{"@id":"https:\/\/smartpuller.com\/fi\/tuki\/takuurekisterointi\/#breadcrumb"},"inLanguage":"fi","potentialAction":[{"@type":"ReadAction","target":["https:\/\/smartpuller.com\/fi\/tuki\/takuurekisterointi\/"]}]},{"@type":"ImageObject","inLanguage":"fi","@id":"https:\/\/smartpuller.com\/fi\/tuki\/takuurekisterointi\/#primaryimage","url":"https:\/\/smartpuller.com\/wp-content\/uploads\/2017\/09\/SmartPuller_warranty_sign.png","contentUrl":"https:\/\/smartpuller.com\/wp-content\/uploads\/2017\/09\/SmartPuller_warranty_sign.png"},{"@type":"BreadcrumbList","@id":"https:\/\/smartpuller.com\/fi\/tuki\/takuurekisterointi\/#breadcrumb","itemListElement":[{"@type":"ListItem","position":1,"name":"Home","item":"https:\/\/smartpuller.com\/fi\/"},{"@type":"ListItem","position":2,"name":"Tuki","item":"https:\/\/smartpuller.com\/fi\/tuki\/"},{"@type":"ListItem","position":3,"name":"Takuurekister\u00f6inti"}]},{"@type":"WebSite","@id":"https:\/\/smartpuller.com\/fi\/#website","url":"https:\/\/smartpuller.com\/fi\/","name":"SmartPuller","description":"SmartPuller","potentialAction":[{"@type":"SearchAction","target":{"@type":"EntryPoint","urlTemplate":"https:\/\/smartpuller.com\/fi\/?s={search_term_string}"},"query-input":{"@type":"PropertyValueSpecification","valueRequired":true,"valueName":"search_term_string"}}],"inLanguage":"fi"}]}},"_links":{"self":[{"href":"https:\/\/smartpuller.com\/fi\/wp-json\/wp\/v2\/pages\/2467623","targetHints":{"allow":["GET"]}}],"collection":[{"href":"https:\/\/smartpuller.com\/fi\/wp-json\/wp\/v2\/pages"}],"about":[{"href":"https:\/\/smartpuller.com\/fi\/wp-json\/wp\/v2\/types\/page"}],"author":[{"embeddable":true,"href":"https:\/\/smartpuller.com\/fi\/wp-json\/wp\/v2\/users\/101"}],"replies":[{"embeddable":true,"href":"https:\/\/smartpuller.com\/fi\/wp-json\/wp\/v2\/comments?post=2467623"}],"version-history":[{"count":1,"href":"https:\/\/smartpuller.com\/fi\/wp-json\/wp\/v2\/pages\/2467623\/revisions"}],"predecessor-version":[{"id":2467624,"href":"https:\/\/smartpuller.com\/fi\/wp-json\/wp\/v2\/pages\/2467623\/revisions\/2467624"}],"up":[{"embeddable":true,"href":"https:\/\/smartpuller.com\/fi\/wp-json\/wp\/v2\/pages\/298"}],"wp:attachment":[{"href":"https:\/\/smartpuller.com\/fi\/wp-json\/wp\/v2\/media?parent=2467623"}],"curies":[{"name":"wp","href":"https:\/\/api.w.org\/{rel}","templated":true}]}}