{"id":2466721,"date":"2016-01-13T11:22:21","date_gmt":"2016-01-13T09:22:21","guid":{"rendered":"https:\/\/smartpuller.com\/?page_id=2466721"},"modified":"2022-10-18T15:00:33","modified_gmt":"2022-10-18T12:00:33","slug":"gold-setti","status":"publish","type":"page","link":"https:\/\/smartpuller.com\/fi\/setit-ja-varusteet\/gold-setti\/","title":{"rendered":"Gold-setti"},"content":{"rendered":"<div id=\"pl-2466721\"  class=\"panel-layout\" ><div id=\"pg-2466721-0\"  class=\"panel-grid panel-no-style\" ><div id=\"pgc-2466721-0-0\"  class=\"panel-grid-cell\" ><div id=\"panel-2466721-0-0-0\" class=\"so-panel widget widget_sow-editor panel-first-child panel-last-child\" data-index=\"0\" ><div\n\t\t\t\n\t\t\tclass=\"so-widget-sow-editor so-widget-sow-editor-base\"\n\t\t\t\n\t\t>\n<div class=\"siteorigin-widget-tinymce textwidget\">\n\t<p><img loading=\"lazy\" decoding=\"async\" class=\"alignleft wp-image-3991 size-full\" src=\"https:\/\/www.autorobot.fi\/wp-content\/uploads\/2022\/10\/smartpuller-gold-set.jpg\" alt=\"SmartPuller Gold set is great for many dent pulling tasks\" width=\"1200\" height=\"1600\" \/><\/p>\n<\/div>\n<\/div><\/div><\/div><\/div><div id=\"pg-2466721-1\"  class=\"panel-grid panel-no-style\" ><div id=\"pgc-2466721-1-0\"  class=\"panel-grid-cell\" ><div id=\"panel-2466721-1-0-0\" class=\"so-panel widget widget_sow-editor panel-first-child panel-last-child\" data-index=\"1\" ><div\n\t\t\t\n\t\t\tclass=\"so-widget-sow-editor so-widget-sow-editor-base\"\n\t\t\t\n\t\t>\n<div class=\"siteorigin-widget-tinymce textwidget\">\n\t<h5>Gold-setti on erinomainen seuraavissa oikaisuteht\u00e4viss\u00e4:<\/h5>\n<ul>\n<li>Auton kyljet<\/li>\n<li>Auton helmat<\/li>\n<li>A-, B- ja C-pilarit<\/li>\n<li>Auton etuosa<\/li>\n<li>Auton takaosa<\/li>\n<li>Auton kattorakenteet<\/li>\n<li>Auton ovien pintapeltioikaisussa<\/li>\n<li>Vaativissa pintapeltioikaisuissa, esim. kaksoisvedossa<\/li>\n<\/ul>\n<\/div>\n<\/div><\/div><\/div><div id=\"pgc-2466721-1-1\"  class=\"panel-grid-cell\" ><div id=\"panel-2466721-1-1-0\" class=\"so-panel widget widget_sow-editor panel-first-child panel-last-child\" data-index=\"2\" ><div class=\"panel-widget-style panel-widget-style-for-2466721-1-1-0\" ><div\n\t\t\t\n\t\t\tclass=\"so-widget-sow-editor so-widget-sow-editor-base\"\n\t\t\t\n\t\t>\n<div class=\"siteorigin-widget-tinymce textwidget\">\n\t<div class=\"nappilinkki\"><a href=\"https:\/\/smartpuller.com\/fi\/yhteydenotto\/myynti\/\">\u00bb Kuinka ostan<\/a><\/div>\n<\/div>\n<\/div><\/div><\/div><\/div><\/div><div id=\"pg-2466721-2\"  class=\"panel-grid panel-no-style\" ><div id=\"pgc-2466721-2-0\"  class=\"panel-grid-cell\" ><div id=\"panel-2466721-2-0-0\" class=\"so-panel widget widget_media_gallery panel-first-child panel-last-child\" data-index=\"3\" ><div class=\"panel-widget-style panel-widget-style-for-2466721-2-0-0\" ><h3 class=\"widget-title\">SmartPuller Gold-setti korjausty\u00f6ss\u00e4<\/h3><div id='gallery-1' class='gallery galleryid-2466721 gallery-columns-4 gallery-size-thumbnail'><figure class='gallery-item'>\n\t\t\t<div class='gallery-icon landscape'>\n\t\t\t\t<a href='https:\/\/smartpuller.com\/wp-content\/uploads\/2022\/05\/dent-pulling_picture2_hires.jpeg' title=\"\" data-rl_title=\"\" class=\"rl-gallery-link\" data-rl_caption=\"\" data-rel=\"lightbox-gallery-1\"><img loading=\"lazy\" decoding=\"async\" width=\"150\" height=\"150\" src=\"https:\/\/smartpuller.com\/wp-content\/uploads\/2022\/05\/dent-pulling_picture2_hires-150x150.jpeg\" class=\"attachment-thumbnail size-thumbnail\" alt=\"\" \/><\/a>\n\t\t\t<\/div><\/figure><figure class='gallery-item'>\n\t\t\t<div class='gallery-icon landscape'>\n\t\t\t\t<a href='https:\/\/smartpuller.com\/wp-content\/uploads\/2022\/05\/dent-pulling.jpeg' title=\"\" data-rl_title=\"\" class=\"rl-gallery-link\" data-rl_caption=\"\" data-rel=\"lightbox-gallery-1\"><img loading=\"lazy\" decoding=\"async\" width=\"150\" height=\"150\" src=\"https:\/\/smartpuller.com\/wp-content\/uploads\/2022\/05\/dent-pulling-150x150.jpeg\" class=\"attachment-thumbnail size-thumbnail\" alt=\"\" \/><\/a>\n\t\t\t<\/div><\/figure><figure class='gallery-item'>\n\t\t\t<div class='gallery-icon landscape'>\n\t\t\t\t<a href='https:\/\/smartpuller.com\/wp-content\/uploads\/2022\/05\/dent-pulling-vehicle-front_picture1_hires.jpeg' title=\"\" data-rl_title=\"\" class=\"rl-gallery-link\" data-rl_caption=\"\" data-rel=\"lightbox-gallery-1\"><img loading=\"lazy\" decoding=\"async\" width=\"150\" height=\"150\" src=\"https:\/\/smartpuller.com\/wp-content\/uploads\/2022\/05\/dent-pulling-vehicle-front_picture1_hires-150x150.jpeg\" class=\"attachment-thumbnail size-thumbnail\" alt=\"\" \/><\/a>\n\t\t\t<\/div><\/figure><figure class='gallery-item'>\n\t\t\t<div class='gallery-icon portrait'>\n\t\t\t\t<a href='https:\/\/smartpuller.com\/wp-content\/uploads\/2022\/05\/dent-pulling-rear-corner_picture1.jpeg' title=\"\" data-rl_title=\"\" class=\"rl-gallery-link\" data-rl_caption=\"\" data-rel=\"lightbox-gallery-1\"><img loading=\"lazy\" decoding=\"async\" width=\"150\" height=\"150\" src=\"https:\/\/smartpuller.com\/wp-content\/uploads\/2022\/05\/dent-pulling-rear-corner_picture1-150x150.jpeg\" class=\"attachment-thumbnail size-thumbnail\" alt=\"\" \/><\/a>\n\t\t\t<\/div><\/figure>\n\t\t<\/div>\n<\/div><\/div><\/div><\/div><div id=\"pg-2466721-3\"  class=\"panel-grid panel-no-style\" ><div id=\"pgc-2466721-3-0\"  class=\"panel-grid-cell\" ><div id=\"panel-2466721-3-0-0\" class=\"so-panel widget widget_sow-editor panel-first-child panel-last-child\" data-index=\"4\" ><div\n\t\t\t\n\t\t\tclass=\"so-widget-sow-editor so-widget-sow-editor-base\"\n\t\t\t\n\t\t>\n<div class=\"siteorigin-widget-tinymce textwidget\">\n\t<div class=\"accessories_area\">\n<h5>SmartPuller Gold-setti sis\u00e4lt\u00e4\u00e4<\/h5>\n<table>\n<tbody>\n<tr>\n<td>1<\/td>\n<td>SmartPuller oikaisulaite<\/td>\n<\/tr>\n<tr>\n<td>2<\/td>\n<td>Tukipalkki<\/td>\n<\/tr>\n<tr>\n<td>3<\/td>\n<td>Vetoruuvi, lyhyt<\/td>\n<\/tr>\n<tr>\n<td>4<\/td>\n<td>Tukikulma vetoruuville<\/td>\n<\/tr>\n<tr>\n<td>5<\/td>\n<td>Tukipalkin pidin, 50 mm<\/td>\n<\/tr>\n<tr>\n<td>6<\/td>\n<td>Tukipalkin pidin, 40 mm<\/td>\n<\/tr>\n<tr>\n<td>7<\/td>\n<td>K\u00e4ytt\u00f6ohje DVD<\/td>\n<\/tr>\n<tr>\n<td>8<\/td>\n<td>Kulma kiila<\/td>\n<\/tr>\n<tr>\n<td>9<\/td>\n<td>Suojakannen ruuvi + kuusiomutteri<\/td>\n<\/tr>\n<tr>\n<td>10<\/td>\n<td>Liitosholkki<\/td>\n<\/tr>\n<tr>\n<td>11<\/td>\n<td>H31+ tarrain<\/td>\n<\/tr>\n<tr>\n<td>12<\/td>\n<td>Ristiputki kahdella lukitusruuvilla (2 kpl)<\/td>\n<\/tr>\n<tr>\n<td>13<\/td>\n<td>Laajennuspalkki kahvalla<\/td>\n<\/tr>\n<tr>\n<td>14<\/td>\n<td>Laajennuspalkki<\/td>\n<\/tr>\n<tr>\n<td>15<\/td>\n<td>A-14+11-4 SmartPuller v\u00e4linesarja<\/td>\n<\/tr>\n<\/tbody>\n<\/table>\n<\/div>\n<\/div>\n<\/div><\/div><\/div><\/div><div id=\"pg-2466721-4\"  class=\"panel-grid panel-no-style\" ><div id=\"pgc-2466721-4-0\"  class=\"panel-grid-cell\" ><div id=\"panel-2466721-4-0-0\" class=\"so-panel widget widget_sow-editor panel-first-child panel-last-child\" data-index=\"5\" ><div\n\t\t\t\n\t\t\tclass=\"so-widget-sow-editor so-widget-sow-editor-base\"\n\t\t\t\n\t\t>\n<div class=\"siteorigin-widget-tinymce textwidget\">\n\t<div class=\"accessories_area\">\n<h5>A-14+11-4 SmartPuller v\u00e4linesarja<\/h5>\n<table>\n<tbody>\n<tr>\n<td>A-11+2<\/td>\n<td>Vetopuikkosarja<\/td>\n<\/tr>\n<tr>\n<td>A-11+1<\/td>\n<td>Vetoruuvi<\/td>\n<\/tr>\n<tr>\n<td>A-14+11-3<\/td>\n<td>Palkin pidin<\/td>\n<\/tr>\n<tr>\n<td>H28<\/td>\n<td>Tarrain, 5 tonnia<\/td>\n<\/tr>\n<tr>\n<td>H31+<\/td>\n<td>Tarrain + vetorengas<\/td>\n<\/tr>\n<tr>\n<td>A-14+11-1<\/td>\n<td>Kiinnityssarja McPhersonille (sis. kiinnitysp\u00e4\u00e4n ja kupin)<\/td>\n<\/tr>\n<tr>\n<td>A-14+11-12<\/td>\n<td>Oven ja renkaiden k\u00e4sittelyn lis\u00e4sarja<\/td>\n<\/tr>\n<\/tbody>\n<\/table>\n<div id='gallery-2' class='gallery galleryid-2466721 gallery-columns-4 gallery-size-medium'><figure class='gallery-item'>\n\t\t\t<div class='gallery-icon landscape'>\n\t\t\t\t<a href='https:\/\/smartpuller.com\/wp-content\/uploads\/2016\/02\/a-11p2-pulling-hook-set-dent-pulling_hires.jpg' title=\"\" data-rl_title=\"\" class=\"rl-gallery-link\" data-rl_caption=\"\" data-rel=\"lightbox-gallery-2\"><img loading=\"lazy\" decoding=\"async\" width=\"300\" height=\"300\" src=\"https:\/\/smartpuller.com\/wp-content\/uploads\/2016\/02\/a-11p2-pulling-hook-set-dent-pulling_hires.jpg\" class=\"attachment-medium size-medium\" alt=\"\" aria-describedby=\"gallery-2-623\" srcset=\"https:\/\/smartpuller.com\/wp-content\/uploads\/2016\/02\/a-11p2-pulling-hook-set-dent-pulling_hires.jpg 600w, https:\/\/smartpuller.com\/wp-content\/uploads\/2016\/02\/a-11p2-pulling-hook-set-dent-pulling_hires-100x100.jpg 100w\" sizes=\"auto, (max-width: 300px) 100vw, 300px\" \/><\/a>\n\t\t\t<\/div>\n\t\t\t\t<figcaption class='wp-caption-text gallery-caption' id='gallery-2-623'>\n\t\t\t\tA-11+2\n\t\t\t\t<\/figcaption><\/figure><figure class='gallery-item'>\n\t\t\t<div class='gallery-icon landscape'>\n\t\t\t\t<a href='https:\/\/smartpuller.com\/wp-content\/uploads\/2016\/01\/a11p1-pulling-screw-dent-pulling_hires-1.jpg' title=\"\" data-rl_title=\"\" class=\"rl-gallery-link\" data-rl_caption=\"\" data-rel=\"lightbox-gallery-2\"><img loading=\"lazy\" decoding=\"async\" width=\"300\" height=\"300\" src=\"https:\/\/smartpuller.com\/wp-content\/uploads\/2016\/01\/a11p1-pulling-screw-dent-pulling_hires-1.jpg\" class=\"attachment-medium size-medium\" alt=\"\" aria-describedby=\"gallery-2-607\" srcset=\"https:\/\/smartpuller.com\/wp-content\/uploads\/2016\/01\/a11p1-pulling-screw-dent-pulling_hires-1.jpg 600w, https:\/\/smartpuller.com\/wp-content\/uploads\/2016\/01\/a11p1-pulling-screw-dent-pulling_hires-1-100x100.jpg 100w\" sizes=\"auto, (max-width: 300px) 100vw, 300px\" \/><\/a>\n\t\t\t<\/div>\n\t\t\t\t<figcaption class='wp-caption-text gallery-caption' id='gallery-2-607'>\n\t\t\t\tA-11+1\n\t\t\t\t<\/figcaption><\/figure><figure class='gallery-item'>\n\t\t\t<div class='gallery-icon landscape'>\n\t\t\t\t<a href='https:\/\/smartpuller.com\/wp-content\/uploads\/2016\/02\/a-14p11-3-beam-holder-dent-pulling_hires.jpg' title=\"\" data-rl_title=\"\" class=\"rl-gallery-link\" data-rl_caption=\"\" data-rel=\"lightbox-gallery-2\"><img loading=\"lazy\" decoding=\"async\" width=\"300\" height=\"300\" src=\"https:\/\/smartpuller.com\/wp-content\/uploads\/2016\/02\/a-14p11-3-beam-holder-dent-pulling_hires.jpg\" class=\"attachment-medium size-medium\" alt=\"\" aria-describedby=\"gallery-2-633\" srcset=\"https:\/\/smartpuller.com\/wp-content\/uploads\/2016\/02\/a-14p11-3-beam-holder-dent-pulling_hires.jpg 600w, https:\/\/smartpuller.com\/wp-content\/uploads\/2016\/02\/a-14p11-3-beam-holder-dent-pulling_hires-100x100.jpg 100w\" sizes=\"auto, (max-width: 300px) 100vw, 300px\" \/><\/a>\n\t\t\t<\/div>\n\t\t\t\t<figcaption class='wp-caption-text gallery-caption' id='gallery-2-633'>\n\t\t\t\tA-14+11-3\n\t\t\t\t<\/figcaption><\/figure><figure class='gallery-item'>\n\t\t\t<div class='gallery-icon landscape'>\n\t\t\t\t<a href='https:\/\/smartpuller.com\/wp-content\/uploads\/2022\/05\/H28.jpg' title=\"\" data-rl_title=\"\" class=\"rl-gallery-link\" data-rl_caption=\"\" data-rel=\"lightbox-gallery-2\"><img loading=\"lazy\" decoding=\"async\" width=\"300\" height=\"293\" src=\"https:\/\/smartpuller.com\/wp-content\/uploads\/2022\/05\/H28-300x293.jpg\" class=\"attachment-medium size-medium\" alt=\"\" aria-describedby=\"gallery-2-2466897\" srcset=\"https:\/\/smartpuller.com\/wp-content\/uploads\/2022\/05\/H28-300x293.jpg 300w, https:\/\/smartpuller.com\/wp-content\/uploads\/2022\/05\/H28.jpg 465w\" sizes=\"auto, (max-width: 300px) 100vw, 300px\" \/><\/a>\n\t\t\t<\/div>\n\t\t\t\t<figcaption class='wp-caption-text gallery-caption' id='gallery-2-2466897'>\n\t\t\t\tH28\n\t\t\t\t<\/figcaption><\/figure><figure class='gallery-item'>\n\t\t\t<div class='gallery-icon landscape'>\n\t\t\t\t<a href='https:\/\/smartpuller.com\/wp-content\/uploads\/2016\/01\/h31p-gripper-dent-pulling_hires.jpg' title=\"\" data-rl_title=\"\" class=\"rl-gallery-link\" data-rl_caption=\"\" data-rel=\"lightbox-gallery-2\"><img loading=\"lazy\" decoding=\"async\" width=\"300\" height=\"300\" src=\"https:\/\/smartpuller.com\/wp-content\/uploads\/2016\/01\/h31p-gripper-dent-pulling_hires.jpg\" class=\"attachment-medium size-medium\" alt=\"\" aria-describedby=\"gallery-2-600\" srcset=\"https:\/\/smartpuller.com\/wp-content\/uploads\/2016\/01\/h31p-gripper-dent-pulling_hires.jpg 600w, https:\/\/smartpuller.com\/wp-content\/uploads\/2016\/01\/h31p-gripper-dent-pulling_hires-100x100.jpg 100w\" sizes=\"auto, (max-width: 300px) 100vw, 300px\" \/><\/a>\n\t\t\t<\/div>\n\t\t\t\t<figcaption class='wp-caption-text gallery-caption' id='gallery-2-600'>\n\t\t\t\tH31+\n\t\t\t\t<\/figcaption><\/figure><figure class='gallery-item'>\n\t\t\t<div class='gallery-icon landscape'>\n\t\t\t\t<a href='https:\/\/smartpuller.com\/wp-content\/uploads\/2016\/02\/a-14p11-1-fastening-set-mcpherson-dent-pulling.jpg' title=\"\" data-rl_title=\"\" class=\"rl-gallery-link\" data-rl_caption=\"\" data-rel=\"lightbox-gallery-2\"><img loading=\"lazy\" decoding=\"async\" width=\"300\" height=\"300\" src=\"https:\/\/smartpuller.com\/wp-content\/uploads\/2016\/02\/a-14p11-1-fastening-set-mcpherson-dent-pulling.jpg\" class=\"attachment-medium size-medium\" alt=\"\" aria-describedby=\"gallery-2-631\" srcset=\"https:\/\/smartpuller.com\/wp-content\/uploads\/2016\/02\/a-14p11-1-fastening-set-mcpherson-dent-pulling.jpg 600w, https:\/\/smartpuller.com\/wp-content\/uploads\/2016\/02\/a-14p11-1-fastening-set-mcpherson-dent-pulling-100x100.jpg 100w\" sizes=\"auto, (max-width: 300px) 100vw, 300px\" \/><\/a>\n\t\t\t<\/div>\n\t\t\t\t<figcaption class='wp-caption-text gallery-caption' id='gallery-2-631'>\n\t\t\t\tA-14+11-1\n\t\t\t\t<\/figcaption><\/figure><figure class='gallery-item'>\n\t\t\t<div class='gallery-icon portrait'>\n\t\t\t\t<a href='https:\/\/smartpuller.com\/wp-content\/uploads\/2022\/10\/autorobot-smartpuller-door-and-wheel-set-1.jpg' title=\"\" data-rl_title=\"\" class=\"rl-gallery-link\" data-rl_caption=\"\" data-rel=\"lightbox-gallery-2\"><img loading=\"lazy\" decoding=\"async\" width=\"300\" height=\"300\" src=\"https:\/\/smartpuller.com\/wp-content\/uploads\/2022\/10\/autorobot-smartpuller-door-and-wheel-set-1-300x300.jpg\" class=\"attachment-medium size-medium\" alt=\"Door and wheel handling set\" aria-describedby=\"gallery-2-2467385\" srcset=\"https:\/\/smartpuller.com\/wp-content\/uploads\/2022\/10\/autorobot-smartpuller-door-and-wheel-set-1-300x300.jpg 300w, https:\/\/smartpuller.com\/wp-content\/uploads\/2022\/10\/autorobot-smartpuller-door-and-wheel-set-1-1024x1024.jpg 1024w, https:\/\/smartpuller.com\/wp-content\/uploads\/2022\/10\/autorobot-smartpuller-door-and-wheel-set-1-150x150.jpg 150w, https:\/\/smartpuller.com\/wp-content\/uploads\/2022\/10\/autorobot-smartpuller-door-and-wheel-set-1-768x768.jpg 768w, https:\/\/smartpuller.com\/wp-content\/uploads\/2022\/10\/autorobot-smartpuller-door-and-wheel-set-1-1536x1536.jpg 1536w, https:\/\/smartpuller.com\/wp-content\/uploads\/2022\/10\/autorobot-smartpuller-door-and-wheel-set-1.jpg 1600w\" sizes=\"auto, (max-width: 300px) 100vw, 300px\" \/><\/a>\n\t\t\t<\/div>\n\t\t\t\t<figcaption class='wp-caption-text gallery-caption' id='gallery-2-2467385'>\n\t\t\t\tA-14+11-12\n\t\t\t\t<\/figcaption><\/figure>\n\t\t<\/div>\n\n<\/div>\n<\/div>\n<\/div><\/div><\/div><\/div><div id=\"pg-2466721-5\"  class=\"panel-grid panel-no-style\" ><div id=\"pgc-2466721-5-0\"  class=\"panel-grid-cell\" ><div id=\"panel-2466721-5-0-0\" class=\"so-panel widget widget_sow-editor panel-first-child panel-last-child\" data-index=\"6\" ><div\n\t\t\t\n\t\t\tclass=\"so-widget-sow-editor so-widget-sow-editor-base\"\n\t\t\t\n\t\t>\n<div class=\"siteorigin-widget-tinymce textwidget\">\n\t<h5>SmartPuller tekniset tiedot<\/h5>\n<p>\u2022 Vetokyky: yli 1000 kg<br \/>\n\u2022 Rungon materiaali: S\u00e4hk\u00f6sinkitty ter\u00e4s<br \/>\n\u2022 Paino: 76 kg<\/p>\n<h5>Mitat:<\/h5>\n<p>\u2022 Korkeus: ~1540-2780 mm<br \/>\n\u2022 Leveys: ~580 mm<br \/>\n\u2022 Syvyys: ~640 mm<\/p>\n<h6>Rajoitettu viiden (5) vuoden takuu.<\/h6>\n<p>Lataa settikuva <a href=\"https:\/\/smartpuller.com\/wp-content\/uploads\/2022\/03\/SmartPuller_Gold_set_A-14p12.pdf\" target=\"_blank\" rel=\"noopener\">pdf<\/a>.<\/p>\n<p>Valmistettu Suomessa.<\/p>\n<p><a href=\"https:\/\/smartpuller.com\/fi\/setit-ja-varusteet\/silver\/\">\u00bb Katso my\u00f6s Silver-setti<\/a><\/p>\n<\/div>\n<\/div><\/div><\/div><div id=\"pgc-2466721-5-1\"  class=\"panel-grid-cell\" ><div id=\"panel-2466721-5-1-0\" class=\"so-panel widget widget_sow-editor panel-first-child panel-last-child\" data-index=\"7\" ><div\n\t\t\t\n\t\t\tclass=\"so-widget-sow-editor so-widget-sow-editor-base\"\n\t\t\t\n\t\t>\n<div class=\"siteorigin-widget-tinymce textwidget\">\n\t<p><a href=\"https:\/\/smartpuller.com\/\/wp-content\/uploads\/2016\/12\/smartpuller-dent-puller-measurements.jpg\" rel=\"attachment wp-att-1265 lightbox\" data-rel=\"lightbox-image-11\" data-rl_title=\"\" data-rl_caption=\"\" title=\"\"><img loading=\"lazy\" decoding=\"async\" class=\"alignnone size-full wp-image-1265\" src=\"https:\/\/smartpuller.com\/\/wp-content\/uploads\/2016\/12\/smartpuller-dent-puller-measurements.jpg\" alt=\"Dimensions of SmartPuller\" width=\"1000\" height=\"736\" \/><\/a><\/p>\n<\/div>\n<\/div><\/div><\/div><\/div><\/div>","protected":false},"excerpt":{"rendered":"<p>Gold-setti on erinomainen seuraavissa oikaisuteht\u00e4viss\u00e4: Auton kyljet Auton helmat A-, B- ja C-pilarit Auton etuosa Auton takaosa Auton kattorakenteet Auton ovien pintapeltioikaisussa Vaativissa pintapeltioikaisuissa, esim. kaksoisvedossa \u00bb Kuinka ostan<\/p>\n","protected":false},"author":95,"featured_media":0,"parent":272,"menu_order":320,"comment_status":"closed","ping_status":"closed","template":"","meta":{"_genesis_hide_title":false,"_genesis_hide_breadcrumbs":false,"_genesis_hide_singular_image":false,"_genesis_hide_footer_widgets":false,"_genesis_custom_body_class":"","_genesis_custom_post_class":"","_genesis_layout":"","footnotes":""},"class_list":{"0":"post-2466721","1":"page","2":"type-page","3":"status-publish","5":"entry","6":"has-post-thumbnail"},"yoast_head":"<!-- This site is optimized with the Yoast SEO plugin v27.4 - https:\/\/yoast.com\/product\/yoast-seo-wordpress\/ -->\n<title>SmartPuller Gold setti<\/title>\n<meta name=\"description\" content=\"SmartPuller Gold setti sis\u00e4lt\u00e4\u00e4 monipuolisen varustuksen auton pintapeltioikaisuun. Kaksoisvedot ja auton ovien k\u00e4sittely onnistuu hyvin.\" \/>\n<meta name=\"robots\" content=\"index, follow, max-snippet:-1, max-image-preview:large, max-video-preview:-1\" \/>\n<link rel=\"canonical\" href=\"https:\/\/smartpuller.com\/fi\/setit-ja-varusteet\/gold-setti\/\" \/>\n<meta property=\"og:locale\" content=\"fi_FI\" \/>\n<meta property=\"og:type\" content=\"article\" \/>\n<meta property=\"og:title\" content=\"SmartPuller Gold setti\" \/>\n<meta property=\"og:description\" content=\"SmartPuller Gold setti sis\u00e4lt\u00e4\u00e4 monipuolisen varustuksen auton pintapeltioikaisuun. Kaksoisvedot ja auton ovien k\u00e4sittely onnistuu hyvin.\" \/>\n<meta property=\"og:url\" content=\"https:\/\/smartpuller.com\/fi\/setit-ja-varusteet\/gold-setti\/\" \/>\n<meta property=\"og:site_name\" content=\"SmartPuller\" \/>\n<meta property=\"article:publisher\" content=\"https:\/\/www.facebook.com\/smartpuller\/\" \/>\n<meta property=\"article:modified_time\" content=\"2022-10-18T12:00:33+00:00\" \/>\n<meta property=\"og:image\" content=\"https:\/\/smartpuller.com\/wp-content\/uploads\/2022\/10\/autorobot-smartpuller-door-and-wheel-set-1-300x300.jpg\" \/>\n<meta name=\"twitter:card\" content=\"summary_large_image\" \/>\n<meta name=\"twitter:label1\" content=\"Arvioitu lukuaika\" \/>\n\t<meta name=\"twitter:data1\" content=\"2 minuuttia\" \/>\n<script type=\"application\/ld+json\" class=\"yoast-schema-graph\">{\"@context\":\"https:\\\/\\\/schema.org\",\"@graph\":[{\"@type\":\"WebPage\",\"@id\":\"https:\\\/\\\/smartpuller.com\\\/fi\\\/setit-ja-varusteet\\\/gold-setti\\\/\",\"url\":\"https:\\\/\\\/smartpuller.com\\\/fi\\\/setit-ja-varusteet\\\/gold-setti\\\/\",\"name\":\"SmartPuller Gold setti\",\"isPartOf\":{\"@id\":\"https:\\\/\\\/smartpuller.com\\\/fi\\\/#website\"},\"primaryImageOfPage\":{\"@id\":\"https:\\\/\\\/smartpuller.com\\\/fi\\\/setit-ja-varusteet\\\/gold-setti\\\/#primaryimage\"},\"image\":{\"@id\":\"https:\\\/\\\/smartpuller.com\\\/fi\\\/setit-ja-varusteet\\\/gold-setti\\\/#primaryimage\"},\"thumbnailUrl\":\"https:\\\/\\\/www.autorobot.fi\\\/wp-content\\\/uploads\\\/2022\\\/10\\\/smartpuller-gold-set.jpg\",\"datePublished\":\"2016-01-13T09:22:21+00:00\",\"dateModified\":\"2022-10-18T12:00:33+00:00\",\"description\":\"SmartPuller Gold setti sis\u00e4lt\u00e4\u00e4 monipuolisen varustuksen auton pintapeltioikaisuun. Kaksoisvedot ja auton ovien k\u00e4sittely onnistuu hyvin.\",\"breadcrumb\":{\"@id\":\"https:\\\/\\\/smartpuller.com\\\/fi\\\/setit-ja-varusteet\\\/gold-setti\\\/#breadcrumb\"},\"inLanguage\":\"fi\",\"potentialAction\":[{\"@type\":\"ReadAction\",\"target\":[\"https:\\\/\\\/smartpuller.com\\\/fi\\\/setit-ja-varusteet\\\/gold-setti\\\/\"]}]},{\"@type\":\"ImageObject\",\"inLanguage\":\"fi\",\"@id\":\"https:\\\/\\\/smartpuller.com\\\/fi\\\/setit-ja-varusteet\\\/gold-setti\\\/#primaryimage\",\"url\":\"https:\\\/\\\/www.autorobot.fi\\\/wp-content\\\/uploads\\\/2022\\\/10\\\/smartpuller-gold-set.jpg\",\"contentUrl\":\"https:\\\/\\\/www.autorobot.fi\\\/wp-content\\\/uploads\\\/2022\\\/10\\\/smartpuller-gold-set.jpg\"},{\"@type\":\"BreadcrumbList\",\"@id\":\"https:\\\/\\\/smartpuller.com\\\/fi\\\/setit-ja-varusteet\\\/gold-setti\\\/#breadcrumb\",\"itemListElement\":[{\"@type\":\"ListItem\",\"position\":1,\"name\":\"Home\",\"item\":\"https:\\\/\\\/smartpuller.com\\\/fi\\\/\"},{\"@type\":\"ListItem\",\"position\":2,\"name\":\"Setit ja varusteet\",\"item\":\"https:\\\/\\\/smartpuller.com\\\/fi\\\/setit-ja-varusteet\\\/\"},{\"@type\":\"ListItem\",\"position\":3,\"name\":\"Gold-setti\"}]},{\"@type\":\"WebSite\",\"@id\":\"https:\\\/\\\/smartpuller.com\\\/fi\\\/#website\",\"url\":\"https:\\\/\\\/smartpuller.com\\\/fi\\\/\",\"name\":\"SmartPuller\",\"description\":\"SmartPuller\",\"potentialAction\":[{\"@type\":\"SearchAction\",\"target\":{\"@type\":\"EntryPoint\",\"urlTemplate\":\"https:\\\/\\\/smartpuller.com\\\/fi\\\/?s={search_term_string}\"},\"query-input\":{\"@type\":\"PropertyValueSpecification\",\"valueRequired\":true,\"valueName\":\"search_term_string\"}}],\"inLanguage\":\"fi\"}]}<\/script>\n<!-- \/ Yoast SEO plugin. -->","yoast_head_json":{"title":"SmartPuller Gold setti","description":"SmartPuller Gold setti sis\u00e4lt\u00e4\u00e4 monipuolisen varustuksen auton pintapeltioikaisuun. Kaksoisvedot ja auton ovien k\u00e4sittely onnistuu hyvin.","robots":{"index":"index","follow":"follow","max-snippet":"max-snippet:-1","max-image-preview":"max-image-preview:large","max-video-preview":"max-video-preview:-1"},"canonical":"https:\/\/smartpuller.com\/fi\/setit-ja-varusteet\/gold-setti\/","og_locale":"fi_FI","og_type":"article","og_title":"SmartPuller Gold setti","og_description":"SmartPuller Gold setti sis\u00e4lt\u00e4\u00e4 monipuolisen varustuksen auton pintapeltioikaisuun. Kaksoisvedot ja auton ovien k\u00e4sittely onnistuu hyvin.","og_url":"https:\/\/smartpuller.com\/fi\/setit-ja-varusteet\/gold-setti\/","og_site_name":"SmartPuller","article_publisher":"https:\/\/www.facebook.com\/smartpuller\/","article_modified_time":"2022-10-18T12:00:33+00:00","og_image":[{"url":"https:\/\/smartpuller.com\/wp-content\/uploads\/2022\/10\/autorobot-smartpuller-door-and-wheel-set-1-300x300.jpg","type":"","width":"","height":""}],"twitter_card":"summary_large_image","twitter_misc":{"Arvioitu lukuaika":"2 minuuttia"},"schema":{"@context":"https:\/\/schema.org","@graph":[{"@type":"WebPage","@id":"https:\/\/smartpuller.com\/fi\/setit-ja-varusteet\/gold-setti\/","url":"https:\/\/smartpuller.com\/fi\/setit-ja-varusteet\/gold-setti\/","name":"SmartPuller Gold setti","isPartOf":{"@id":"https:\/\/smartpuller.com\/fi\/#website"},"primaryImageOfPage":{"@id":"https:\/\/smartpuller.com\/fi\/setit-ja-varusteet\/gold-setti\/#primaryimage"},"image":{"@id":"https:\/\/smartpuller.com\/fi\/setit-ja-varusteet\/gold-setti\/#primaryimage"},"thumbnailUrl":"https:\/\/www.autorobot.fi\/wp-content\/uploads\/2022\/10\/smartpuller-gold-set.jpg","datePublished":"2016-01-13T09:22:21+00:00","dateModified":"2022-10-18T12:00:33+00:00","description":"SmartPuller Gold setti sis\u00e4lt\u00e4\u00e4 monipuolisen varustuksen auton pintapeltioikaisuun. Kaksoisvedot ja auton ovien k\u00e4sittely onnistuu hyvin.","breadcrumb":{"@id":"https:\/\/smartpuller.com\/fi\/setit-ja-varusteet\/gold-setti\/#breadcrumb"},"inLanguage":"fi","potentialAction":[{"@type":"ReadAction","target":["https:\/\/smartpuller.com\/fi\/setit-ja-varusteet\/gold-setti\/"]}]},{"@type":"ImageObject","inLanguage":"fi","@id":"https:\/\/smartpuller.com\/fi\/setit-ja-varusteet\/gold-setti\/#primaryimage","url":"https:\/\/www.autorobot.fi\/wp-content\/uploads\/2022\/10\/smartpuller-gold-set.jpg","contentUrl":"https:\/\/www.autorobot.fi\/wp-content\/uploads\/2022\/10\/smartpuller-gold-set.jpg"},{"@type":"BreadcrumbList","@id":"https:\/\/smartpuller.com\/fi\/setit-ja-varusteet\/gold-setti\/#breadcrumb","itemListElement":[{"@type":"ListItem","position":1,"name":"Home","item":"https:\/\/smartpuller.com\/fi\/"},{"@type":"ListItem","position":2,"name":"Setit ja varusteet","item":"https:\/\/smartpuller.com\/fi\/setit-ja-varusteet\/"},{"@type":"ListItem","position":3,"name":"Gold-setti"}]},{"@type":"WebSite","@id":"https:\/\/smartpuller.com\/fi\/#website","url":"https:\/\/smartpuller.com\/fi\/","name":"SmartPuller","description":"SmartPuller","potentialAction":[{"@type":"SearchAction","target":{"@type":"EntryPoint","urlTemplate":"https:\/\/smartpuller.com\/fi\/?s={search_term_string}"},"query-input":{"@type":"PropertyValueSpecification","valueRequired":true,"valueName":"search_term_string"}}],"inLanguage":"fi"}]}},"_links":{"self":[{"href":"https:\/\/smartpuller.com\/fi\/wp-json\/wp\/v2\/pages\/2466721","targetHints":{"allow":["GET"]}}],"collection":[{"href":"https:\/\/smartpuller.com\/fi\/wp-json\/wp\/v2\/pages"}],"about":[{"href":"https:\/\/smartpuller.com\/fi\/wp-json\/wp\/v2\/types\/page"}],"author":[{"embeddable":true,"href":"https:\/\/smartpuller.com\/fi\/wp-json\/wp\/v2\/users\/95"}],"replies":[{"embeddable":true,"href":"https:\/\/smartpuller.com\/fi\/wp-json\/wp\/v2\/comments?post=2466721"}],"version-history":[{"count":20,"href":"https:\/\/smartpuller.com\/fi\/wp-json\/wp\/v2\/pages\/2466721\/revisions"}],"predecessor-version":[{"id":2467444,"href":"https:\/\/smartpuller.com\/fi\/wp-json\/wp\/v2\/pages\/2466721\/revisions\/2467444"}],"up":[{"embeddable":true,"href":"https:\/\/smartpuller.com\/fi\/wp-json\/wp\/v2\/pages\/272"}],"wp:attachment":[{"href":"https:\/\/smartpuller.com\/fi\/wp-json\/wp\/v2\/media?parent=2466721"}],"curies":[{"name":"wp","href":"https:\/\/api.w.org\/{rel}","templated":true}]}}