{"id":240,"date":"2016-01-13T15:55:42","date_gmt":"2016-01-13T13:55:42","guid":{"rendered":"https:\/\/smartpuller.com\/\/?page_id=240&#038;lang=fi"},"modified":"2017-11-10T10:58:52","modified_gmt":"2017-11-10T08:58:52","slug":"keskipalsta","status":"publish","type":"page","link":"https:\/\/smartpuller.com\/fi\/smartpuller-koko-korin-oikaisujarjestelma\/keskipalsta\/","title":{"rendered":"Video"},"content":{"rendered":"<p>Autorobot SmartPuller<br \/>\nEsittelyvideo, lyhyt versio (2:00)<\/p>\n<div class=\"marginaaliton\" style=\"text-align: center;\"><iframe loading=\"lazy\" style=\"max-width: 100%;\" src=\"https:\/\/www.youtube.com\/embed\/eZS2QNk2_JY\" width=\"360\" height=\"202\" frameborder=\"0\" allowfullsceen=\"allowfullscreen\"><\/iframe><\/div>\n<p>&nbsp;<br \/>\nAutorobot SmartPuller<br \/>\nEsittelyvideo, pitk\u00e4 versio (9:10)<\/p>\n<div class=\"marginaaliton\" style=\"text-align: center;\"><iframe loading=\"lazy\" style=\"max-width: 100%;\" src=\"https:\/\/www.youtube.com\/embed\/8F06yEDfYVY?rel=0\" width=\"360\" height=\"202\" frameborder=\"0\" allowfullscreen=\"allowfullscreen\"><\/iframe><\/div>\n<p>\nK\u00e4yt\u00f6n helppous on saavutettu py\u00f6rill\u00e4 siirrett\u00e4v\u00e4ll\u00e4 puomilla, joka on varustettu s\u00e4\u00e4dett\u00e4vill\u00e4 tuentatassuilla. Molemmat tuentatassut voidaan asettaa korin vahvoille alueille.<br \/>\n&nbsp;<br \/>\n\u00bb <a href=\"\/fi\/galleria\/videot\">N\u00e4e lis\u00e4\u00e4 videoita SmartPullerista<\/a><br \/>\n\u00bb <a href=\"https:\/\/smartpuller.com\/fi\/yhteydenotto\/\">Yhteydenotto<\/a><\/p>\n","protected":false},"excerpt":{"rendered":"<p>Autorobot SmartPuller Esittelyvideo, lyhyt versio (2:00) &nbsp; Autorobot SmartPuller Esittelyvideo, pitk\u00e4 versio (9:10) K\u00e4yt\u00f6n helppous on saavutettu py\u00f6rill\u00e4 siirrett\u00e4v\u00e4ll\u00e4 puomilla, joka on varustettu s\u00e4\u00e4dett\u00e4vill\u00e4 tuentatassuilla. Molemmat tuentatassut voidaan asettaa korin vahvoille alueille. &nbsp; \u00bb N\u00e4e lis\u00e4\u00e4 videoita SmartPullerista \u00bb Yhteydenotto<\/p>\n","protected":false},"author":101,"featured_media":0,"parent":231,"menu_order":182,"comment_status":"closed","ping_status":"closed","template":"","meta":{"_genesis_hide_title":false,"_genesis_hide_breadcrumbs":false,"_genesis_hide_singular_image":false,"_genesis_hide_footer_widgets":false,"_genesis_custom_body_class":"","_genesis_custom_post_class":"","_genesis_layout":"","footnotes":""},"class_list":{"0":"post-240","1":"page","2":"type-page","3":"status-publish","5":"entry"},"yoast_head":"<!-- This site is optimized with the Yoast SEO plugin v27.4 - https:\/\/yoast.com\/product\/yoast-seo-wordpress\/ -->\n<title>Video<\/title>\n<meta name=\"description\" content=\"Autorobot SmartPuller Esittelyvideo, lyhyt versio (2:00) &nbsp; Autorobot SmartPuller Esittelyvideo, pitk\u00e4 versio (9:10) K\u00e4yt\u00f6n helppous on saavutettu\" \/>\n<meta name=\"robots\" content=\"noindex, nofollow\" \/>\n<meta property=\"og:locale\" content=\"fi_FI\" \/>\n<meta property=\"og:type\" content=\"article\" \/>\n<meta property=\"og:title\" content=\"Video\" \/>\n<meta property=\"og:description\" content=\"Autorobot SmartPuller Esittelyvideo, lyhyt versio (2:00) &nbsp; Autorobot SmartPuller Esittelyvideo, pitk\u00e4 versio (9:10) K\u00e4yt\u00f6n helppous on saavutettu\" \/>\n<meta property=\"og:url\" content=\"https:\/\/smartpuller.com\/fi\/smartpuller-koko-korin-oikaisujarjestelma\/keskipalsta\/\" \/>\n<meta property=\"og:site_name\" content=\"SmartPuller\" \/>\n<meta property=\"article:publisher\" content=\"https:\/\/www.facebook.com\/smartpuller\/\" \/>\n<meta property=\"article:modified_time\" content=\"2017-11-10T08:58:52+00:00\" \/>\n<meta name=\"twitter:card\" content=\"summary_large_image\" \/>\n<script type=\"application\/ld+json\" class=\"yoast-schema-graph\">{\"@context\":\"https:\\\/\\\/schema.org\",\"@graph\":[{\"@type\":\"WebPage\",\"@id\":\"https:\\\/\\\/smartpuller.com\\\/fi\\\/smartpuller-koko-korin-oikaisujarjestelma\\\/keskipalsta\\\/\",\"url\":\"https:\\\/\\\/smartpuller.com\\\/fi\\\/smartpuller-koko-korin-oikaisujarjestelma\\\/keskipalsta\\\/\",\"name\":\"Video\",\"isPartOf\":{\"@id\":\"https:\\\/\\\/smartpuller.com\\\/fi\\\/#website\"},\"datePublished\":\"2016-01-13T13:55:42+00:00\",\"dateModified\":\"2017-11-10T08:58:52+00:00\",\"description\":\"Autorobot SmartPuller Esittelyvideo, lyhyt versio (2:00) &nbsp; Autorobot SmartPuller Esittelyvideo, pitk\u00e4 versio (9:10) K\u00e4yt\u00f6n helppous on saavutettu\",\"breadcrumb\":{\"@id\":\"https:\\\/\\\/smartpuller.com\\\/fi\\\/smartpuller-koko-korin-oikaisujarjestelma\\\/keskipalsta\\\/#breadcrumb\"},\"inLanguage\":\"fi\",\"potentialAction\":[{\"@type\":\"ReadAction\",\"target\":[\"https:\\\/\\\/smartpuller.com\\\/fi\\\/smartpuller-koko-korin-oikaisujarjestelma\\\/keskipalsta\\\/\"]}]},{\"@type\":\"BreadcrumbList\",\"@id\":\"https:\\\/\\\/smartpuller.com\\\/fi\\\/smartpuller-koko-korin-oikaisujarjestelma\\\/keskipalsta\\\/#breadcrumb\",\"itemListElement\":[{\"@type\":\"ListItem\",\"position\":1,\"name\":\"Home\",\"item\":\"https:\\\/\\\/smartpuller.com\\\/fi\\\/\"},{\"@type\":\"ListItem\",\"position\":2,\"name\":\"SmartPuller koko korin oikaisuj\u00e4rjestelm\u00e4\",\"item\":\"https:\\\/\\\/smartpuller.com\\\/fi\\\/\"},{\"@type\":\"ListItem\",\"position\":3,\"name\":\"Video\"}]},{\"@type\":\"WebSite\",\"@id\":\"https:\\\/\\\/smartpuller.com\\\/fi\\\/#website\",\"url\":\"https:\\\/\\\/smartpuller.com\\\/fi\\\/\",\"name\":\"SmartPuller\",\"description\":\"SmartPuller\",\"potentialAction\":[{\"@type\":\"SearchAction\",\"target\":{\"@type\":\"EntryPoint\",\"urlTemplate\":\"https:\\\/\\\/smartpuller.com\\\/fi\\\/?s={search_term_string}\"},\"query-input\":{\"@type\":\"PropertyValueSpecification\",\"valueRequired\":true,\"valueName\":\"search_term_string\"}}],\"inLanguage\":\"fi\"}]}<\/script>\n<!-- \/ Yoast SEO plugin. -->","yoast_head_json":{"title":"Video","description":"Autorobot SmartPuller Esittelyvideo, lyhyt versio (2:00) &nbsp; Autorobot SmartPuller Esittelyvideo, pitk\u00e4 versio (9:10) K\u00e4yt\u00f6n helppous on saavutettu","robots":{"index":"noindex","follow":"nofollow"},"og_locale":"fi_FI","og_type":"article","og_title":"Video","og_description":"Autorobot SmartPuller Esittelyvideo, lyhyt versio (2:00) &nbsp; Autorobot SmartPuller Esittelyvideo, pitk\u00e4 versio (9:10) K\u00e4yt\u00f6n helppous on saavutettu","og_url":"https:\/\/smartpuller.com\/fi\/smartpuller-koko-korin-oikaisujarjestelma\/keskipalsta\/","og_site_name":"SmartPuller","article_publisher":"https:\/\/www.facebook.com\/smartpuller\/","article_modified_time":"2017-11-10T08:58:52+00:00","twitter_card":"summary_large_image","schema":{"@context":"https:\/\/schema.org","@graph":[{"@type":"WebPage","@id":"https:\/\/smartpuller.com\/fi\/smartpuller-koko-korin-oikaisujarjestelma\/keskipalsta\/","url":"https:\/\/smartpuller.com\/fi\/smartpuller-koko-korin-oikaisujarjestelma\/keskipalsta\/","name":"Video","isPartOf":{"@id":"https:\/\/smartpuller.com\/fi\/#website"},"datePublished":"2016-01-13T13:55:42+00:00","dateModified":"2017-11-10T08:58:52+00:00","description":"Autorobot SmartPuller Esittelyvideo, lyhyt versio (2:00) &nbsp; Autorobot SmartPuller Esittelyvideo, pitk\u00e4 versio (9:10) K\u00e4yt\u00f6n helppous on saavutettu","breadcrumb":{"@id":"https:\/\/smartpuller.com\/fi\/smartpuller-koko-korin-oikaisujarjestelma\/keskipalsta\/#breadcrumb"},"inLanguage":"fi","potentialAction":[{"@type":"ReadAction","target":["https:\/\/smartpuller.com\/fi\/smartpuller-koko-korin-oikaisujarjestelma\/keskipalsta\/"]}]},{"@type":"BreadcrumbList","@id":"https:\/\/smartpuller.com\/fi\/smartpuller-koko-korin-oikaisujarjestelma\/keskipalsta\/#breadcrumb","itemListElement":[{"@type":"ListItem","position":1,"name":"Home","item":"https:\/\/smartpuller.com\/fi\/"},{"@type":"ListItem","position":2,"name":"SmartPuller koko korin oikaisuj\u00e4rjestelm\u00e4","item":"https:\/\/smartpuller.com\/fi\/"},{"@type":"ListItem","position":3,"name":"Video"}]},{"@type":"WebSite","@id":"https:\/\/smartpuller.com\/fi\/#website","url":"https:\/\/smartpuller.com\/fi\/","name":"SmartPuller","description":"SmartPuller","potentialAction":[{"@type":"SearchAction","target":{"@type":"EntryPoint","urlTemplate":"https:\/\/smartpuller.com\/fi\/?s={search_term_string}"},"query-input":{"@type":"PropertyValueSpecification","valueRequired":true,"valueName":"search_term_string"}}],"inLanguage":"fi"}]}},"_links":{"self":[{"href":"https:\/\/smartpuller.com\/fi\/wp-json\/wp\/v2\/pages\/240","targetHints":{"allow":["GET"]}}],"collection":[{"href":"https:\/\/smartpuller.com\/fi\/wp-json\/wp\/v2\/pages"}],"about":[{"href":"https:\/\/smartpuller.com\/fi\/wp-json\/wp\/v2\/types\/page"}],"author":[{"embeddable":true,"href":"https:\/\/smartpuller.com\/fi\/wp-json\/wp\/v2\/users\/101"}],"replies":[{"embeddable":true,"href":"https:\/\/smartpuller.com\/fi\/wp-json\/wp\/v2\/comments?post=240"}],"version-history":[{"count":0,"href":"https:\/\/smartpuller.com\/fi\/wp-json\/wp\/v2\/pages\/240\/revisions"}],"up":[{"embeddable":true,"href":"https:\/\/smartpuller.com\/fi\/wp-json\/wp\/v2\/pages\/231"}],"wp:attachment":[{"href":"https:\/\/smartpuller.com\/fi\/wp-json\/wp\/v2\/media?parent=240"}],"curies":[{"name":"wp","href":"https:\/\/api.w.org\/{rel}","templated":true}]}}