{"id":238,"date":"2016-01-13T15:55:18","date_gmt":"2016-01-13T13:55:18","guid":{"rendered":"https:\/\/smartpuller.com\/\/?page_id=238&#038;lang=fi"},"modified":"2023-08-21T15:41:12","modified_gmt":"2023-08-21T12:41:12","slug":"vasen-palsta","status":"publish","type":"page","link":"https:\/\/smartpuller.com\/fi\/smartpuller-koko-korin-oikaisujarjestelma\/vasen-palsta\/","title":{"rendered":"Ainutlaatuinen SmartPuller"},"content":{"rendered":"<p>Autorobot SmartPuller on uusi, ainutlaatuinen oikaisuj\u00e4rjestelm\u00e4. Py\u00f6rill\u00e4 siirtyv\u00e4 laite tekee auton pintapeltien ja koteloiden oikaisusta nopeampaa ja taloudellisempaa. SmartPullerin parhaita ominaisuuksia ovat helppok\u00e4ytt\u00f6isyys ja oikaisuty\u00f6n nopeus. SmartPullerin soveltuu l\u00e4hes kaikkiin korinoikaisuteht\u00e4viin koko korin alueella kaikkiin tarvittaviin suuntiin.<br \/>\n<em>Patentoitu Suomessa ja useissa eri maissa.<br \/>\nUS Patent No. 10,625,318 Straightening apparatus.<\/em><\/p>\n<p>\u00bb <a href=\"https:\/\/smartpuller.com\/wp-content\/uploads\/2016\/01\/smartpuller-esite-a3-fi.pdf\">SmartPuller esite<\/a><br \/>\n\u00bb <a href=\"https:\/\/smartpuller.com\/fi\/oikaisukohteet\/\">Katso kaikki oikaisukohteet<\/a><\/p>\n","protected":false},"excerpt":{"rendered":"<p>Autorobot SmartPuller on uusi, ainutlaatuinen oikaisuj\u00e4rjestelm\u00e4. Py\u00f6rill\u00e4 siirtyv\u00e4 laite tekee auton pintapeltien ja koteloiden oikaisusta nopeampaa ja taloudellisempaa. SmartPullerin parhaita ominaisuuksia ovat helppok\u00e4ytt\u00f6isyys ja oikaisuty\u00f6n nopeus. SmartPullerin soveltuu l\u00e4hes kaikkiin korinoikaisuteht\u00e4viin koko korin alueella kaikkiin tarvittaviin suuntiin. Patentoitu Suomessa ja useissa eri maissa. US Patent No. 10,625,318 Straightening apparatus. \u00bb SmartPuller esite \u00bb Katso kaikki [&hellip;]<\/p>\n","protected":false},"author":101,"featured_media":760,"parent":231,"menu_order":180,"comment_status":"closed","ping_status":"closed","template":"","meta":{"_genesis_hide_title":false,"_genesis_hide_breadcrumbs":false,"_genesis_hide_singular_image":false,"_genesis_hide_footer_widgets":false,"_genesis_custom_body_class":"","_genesis_custom_post_class":"","_genesis_layout":"","footnotes":""},"class_list":{"0":"post-238","1":"page","2":"type-page","3":"status-publish","4":"has-post-thumbnail","6":"entry"},"yoast_head":"<!-- This site is optimized with the Yoast SEO plugin v27.4 - https:\/\/yoast.com\/product\/yoast-seo-wordpress\/ -->\n<title>SmartPuller - Ainutlaatuinen oikaisuj\u00e4rjestelm\u00e4<\/title>\n<meta name=\"description\" content=\"SmartPuller on uusi ja ainutlaatuinen oikaisuj\u00e4rjestelm\u00e4. T\u00e4m\u00e4 uusi keksint\u00f6 tekee auton paneelien ja helmakotelon oikaisusta nopeampaa ja taloudellisempaa.\" \/>\n<meta name=\"robots\" content=\"noindex, nofollow\" \/>\n<meta property=\"og:locale\" content=\"fi_FI\" \/>\n<meta property=\"og:type\" content=\"article\" \/>\n<meta property=\"og:title\" content=\"SmartPuller - Ainutlaatuinen oikaisuj\u00e4rjestelm\u00e4\" \/>\n<meta property=\"og:description\" content=\"SmartPuller on uusi ja ainutlaatuinen oikaisuj\u00e4rjestelm\u00e4. T\u00e4m\u00e4 uusi keksint\u00f6 tekee auton paneelien ja helmakotelon oikaisusta nopeampaa ja taloudellisempaa.\" \/>\n<meta property=\"og:url\" content=\"https:\/\/smartpuller.com\/fi\/smartpuller-koko-korin-oikaisujarjestelma\/vasen-palsta\/\" \/>\n<meta property=\"og:site_name\" content=\"SmartPuller\" \/>\n<meta property=\"article:publisher\" content=\"https:\/\/www.facebook.com\/smartpuller\/\" \/>\n<meta property=\"article:modified_time\" content=\"2023-08-21T12:41:12+00:00\" \/>\n<meta property=\"og:image\" content=\"https:\/\/smartpuller.com\/wp-content\/uploads\/2016\/03\/smartpuller_6828.jpg\" \/>\n\t<meta property=\"og:image:width\" content=\"750\" \/>\n\t<meta property=\"og:image:height\" content=\"1000\" \/>\n\t<meta property=\"og:image:type\" content=\"image\/jpeg\" \/>\n<meta name=\"twitter:card\" content=\"summary_large_image\" \/>\n<script type=\"application\/ld+json\" class=\"yoast-schema-graph\">{\"@context\":\"https:\\\/\\\/schema.org\",\"@graph\":[{\"@type\":\"WebPage\",\"@id\":\"https:\\\/\\\/smartpuller.com\\\/fi\\\/smartpuller-koko-korin-oikaisujarjestelma\\\/vasen-palsta\\\/\",\"url\":\"https:\\\/\\\/smartpuller.com\\\/fi\\\/smartpuller-koko-korin-oikaisujarjestelma\\\/vasen-palsta\\\/\",\"name\":\"SmartPuller - Ainutlaatuinen oikaisuj\u00e4rjestelm\u00e4\",\"isPartOf\":{\"@id\":\"https:\\\/\\\/smartpuller.com\\\/fi\\\/#website\"},\"primaryImageOfPage\":{\"@id\":\"https:\\\/\\\/smartpuller.com\\\/fi\\\/smartpuller-koko-korin-oikaisujarjestelma\\\/vasen-palsta\\\/#primaryimage\"},\"image\":{\"@id\":\"https:\\\/\\\/smartpuller.com\\\/fi\\\/smartpuller-koko-korin-oikaisujarjestelma\\\/vasen-palsta\\\/#primaryimage\"},\"thumbnailUrl\":\"https:\\\/\\\/smartpuller.com\\\/wp-content\\\/uploads\\\/2016\\\/03\\\/smartpuller_6828.jpg\",\"datePublished\":\"2016-01-13T13:55:18+00:00\",\"dateModified\":\"2023-08-21T12:41:12+00:00\",\"description\":\"SmartPuller on uusi ja ainutlaatuinen oikaisuj\u00e4rjestelm\u00e4. T\u00e4m\u00e4 uusi keksint\u00f6 tekee auton paneelien ja helmakotelon oikaisusta nopeampaa ja taloudellisempaa.\",\"breadcrumb\":{\"@id\":\"https:\\\/\\\/smartpuller.com\\\/fi\\\/smartpuller-koko-korin-oikaisujarjestelma\\\/vasen-palsta\\\/#breadcrumb\"},\"inLanguage\":\"fi\",\"potentialAction\":[{\"@type\":\"ReadAction\",\"target\":[\"https:\\\/\\\/smartpuller.com\\\/fi\\\/smartpuller-koko-korin-oikaisujarjestelma\\\/vasen-palsta\\\/\"]}]},{\"@type\":\"ImageObject\",\"inLanguage\":\"fi\",\"@id\":\"https:\\\/\\\/smartpuller.com\\\/fi\\\/smartpuller-koko-korin-oikaisujarjestelma\\\/vasen-palsta\\\/#primaryimage\",\"url\":\"https:\\\/\\\/smartpuller.com\\\/wp-content\\\/uploads\\\/2016\\\/03\\\/smartpuller_6828.jpg\",\"contentUrl\":\"https:\\\/\\\/smartpuller.com\\\/wp-content\\\/uploads\\\/2016\\\/03\\\/smartpuller_6828.jpg\",\"width\":750,\"height\":1000},{\"@type\":\"BreadcrumbList\",\"@id\":\"https:\\\/\\\/smartpuller.com\\\/fi\\\/smartpuller-koko-korin-oikaisujarjestelma\\\/vasen-palsta\\\/#breadcrumb\",\"itemListElement\":[{\"@type\":\"ListItem\",\"position\":1,\"name\":\"Home\",\"item\":\"https:\\\/\\\/smartpuller.com\\\/fi\\\/\"},{\"@type\":\"ListItem\",\"position\":2,\"name\":\"SmartPuller koko korin oikaisuj\u00e4rjestelm\u00e4\",\"item\":\"https:\\\/\\\/smartpuller.com\\\/fi\\\/\"},{\"@type\":\"ListItem\",\"position\":3,\"name\":\"Ainutlaatuinen SmartPuller\"}]},{\"@type\":\"WebSite\",\"@id\":\"https:\\\/\\\/smartpuller.com\\\/fi\\\/#website\",\"url\":\"https:\\\/\\\/smartpuller.com\\\/fi\\\/\",\"name\":\"SmartPuller\",\"description\":\"SmartPuller\",\"potentialAction\":[{\"@type\":\"SearchAction\",\"target\":{\"@type\":\"EntryPoint\",\"urlTemplate\":\"https:\\\/\\\/smartpuller.com\\\/fi\\\/?s={search_term_string}\"},\"query-input\":{\"@type\":\"PropertyValueSpecification\",\"valueRequired\":true,\"valueName\":\"search_term_string\"}}],\"inLanguage\":\"fi\"}]}<\/script>\n<!-- \/ Yoast SEO plugin. -->","yoast_head_json":{"title":"SmartPuller - Ainutlaatuinen oikaisuj\u00e4rjestelm\u00e4","description":"SmartPuller on uusi ja ainutlaatuinen oikaisuj\u00e4rjestelm\u00e4. T\u00e4m\u00e4 uusi keksint\u00f6 tekee auton paneelien ja helmakotelon oikaisusta nopeampaa ja taloudellisempaa.","robots":{"index":"noindex","follow":"nofollow"},"og_locale":"fi_FI","og_type":"article","og_title":"SmartPuller - Ainutlaatuinen oikaisuj\u00e4rjestelm\u00e4","og_description":"SmartPuller on uusi ja ainutlaatuinen oikaisuj\u00e4rjestelm\u00e4. T\u00e4m\u00e4 uusi keksint\u00f6 tekee auton paneelien ja helmakotelon oikaisusta nopeampaa ja taloudellisempaa.","og_url":"https:\/\/smartpuller.com\/fi\/smartpuller-koko-korin-oikaisujarjestelma\/vasen-palsta\/","og_site_name":"SmartPuller","article_publisher":"https:\/\/www.facebook.com\/smartpuller\/","article_modified_time":"2023-08-21T12:41:12+00:00","og_image":[{"width":750,"height":1000,"url":"https:\/\/smartpuller.com\/wp-content\/uploads\/2016\/03\/smartpuller_6828.jpg","type":"image\/jpeg"}],"twitter_card":"summary_large_image","schema":{"@context":"https:\/\/schema.org","@graph":[{"@type":"WebPage","@id":"https:\/\/smartpuller.com\/fi\/smartpuller-koko-korin-oikaisujarjestelma\/vasen-palsta\/","url":"https:\/\/smartpuller.com\/fi\/smartpuller-koko-korin-oikaisujarjestelma\/vasen-palsta\/","name":"SmartPuller - Ainutlaatuinen oikaisuj\u00e4rjestelm\u00e4","isPartOf":{"@id":"https:\/\/smartpuller.com\/fi\/#website"},"primaryImageOfPage":{"@id":"https:\/\/smartpuller.com\/fi\/smartpuller-koko-korin-oikaisujarjestelma\/vasen-palsta\/#primaryimage"},"image":{"@id":"https:\/\/smartpuller.com\/fi\/smartpuller-koko-korin-oikaisujarjestelma\/vasen-palsta\/#primaryimage"},"thumbnailUrl":"https:\/\/smartpuller.com\/wp-content\/uploads\/2016\/03\/smartpuller_6828.jpg","datePublished":"2016-01-13T13:55:18+00:00","dateModified":"2023-08-21T12:41:12+00:00","description":"SmartPuller on uusi ja ainutlaatuinen oikaisuj\u00e4rjestelm\u00e4. T\u00e4m\u00e4 uusi keksint\u00f6 tekee auton paneelien ja helmakotelon oikaisusta nopeampaa ja taloudellisempaa.","breadcrumb":{"@id":"https:\/\/smartpuller.com\/fi\/smartpuller-koko-korin-oikaisujarjestelma\/vasen-palsta\/#breadcrumb"},"inLanguage":"fi","potentialAction":[{"@type":"ReadAction","target":["https:\/\/smartpuller.com\/fi\/smartpuller-koko-korin-oikaisujarjestelma\/vasen-palsta\/"]}]},{"@type":"ImageObject","inLanguage":"fi","@id":"https:\/\/smartpuller.com\/fi\/smartpuller-koko-korin-oikaisujarjestelma\/vasen-palsta\/#primaryimage","url":"https:\/\/smartpuller.com\/wp-content\/uploads\/2016\/03\/smartpuller_6828.jpg","contentUrl":"https:\/\/smartpuller.com\/wp-content\/uploads\/2016\/03\/smartpuller_6828.jpg","width":750,"height":1000},{"@type":"BreadcrumbList","@id":"https:\/\/smartpuller.com\/fi\/smartpuller-koko-korin-oikaisujarjestelma\/vasen-palsta\/#breadcrumb","itemListElement":[{"@type":"ListItem","position":1,"name":"Home","item":"https:\/\/smartpuller.com\/fi\/"},{"@type":"ListItem","position":2,"name":"SmartPuller koko korin oikaisuj\u00e4rjestelm\u00e4","item":"https:\/\/smartpuller.com\/fi\/"},{"@type":"ListItem","position":3,"name":"Ainutlaatuinen SmartPuller"}]},{"@type":"WebSite","@id":"https:\/\/smartpuller.com\/fi\/#website","url":"https:\/\/smartpuller.com\/fi\/","name":"SmartPuller","description":"SmartPuller","potentialAction":[{"@type":"SearchAction","target":{"@type":"EntryPoint","urlTemplate":"https:\/\/smartpuller.com\/fi\/?s={search_term_string}"},"query-input":{"@type":"PropertyValueSpecification","valueRequired":true,"valueName":"search_term_string"}}],"inLanguage":"fi"}]}},"_links":{"self":[{"href":"https:\/\/smartpuller.com\/fi\/wp-json\/wp\/v2\/pages\/238","targetHints":{"allow":["GET"]}}],"collection":[{"href":"https:\/\/smartpuller.com\/fi\/wp-json\/wp\/v2\/pages"}],"about":[{"href":"https:\/\/smartpuller.com\/fi\/wp-json\/wp\/v2\/types\/page"}],"author":[{"embeddable":true,"href":"https:\/\/smartpuller.com\/fi\/wp-json\/wp\/v2\/users\/101"}],"replies":[{"embeddable":true,"href":"https:\/\/smartpuller.com\/fi\/wp-json\/wp\/v2\/comments?post=238"}],"version-history":[{"count":1,"href":"https:\/\/smartpuller.com\/fi\/wp-json\/wp\/v2\/pages\/238\/revisions"}],"predecessor-version":[{"id":2468014,"href":"https:\/\/smartpuller.com\/fi\/wp-json\/wp\/v2\/pages\/238\/revisions\/2468014"}],"up":[{"embeddable":true,"href":"https:\/\/smartpuller.com\/fi\/wp-json\/wp\/v2\/pages\/231"}],"wp:featuredmedia":[{"embeddable":true,"href":"https:\/\/smartpuller.com\/fi\/wp-json\/wp\/v2\/media\/760"}],"wp:attachment":[{"href":"https:\/\/smartpuller.com\/fi\/wp-json\/wp\/v2\/media?parent=238"}],"curies":[{"name":"wp","href":"https:\/\/api.w.org\/{rel}","templated":true}]}}