{"id":235,"date":"2016-01-13T11:18:25","date_gmt":"2016-01-13T09:18:25","guid":{"rendered":"https:\/\/smartpuller.com\/\/?page_id=235&#038;lang=fi"},"modified":"2017-11-15T11:47:19","modified_gmt":"2017-11-15T09:47:19","slug":"pintapeltien-oikaisulaite","status":"publish","type":"page","link":"https:\/\/smartpuller.com\/fi\/pintapeltien-oikaisulaite\/","title":{"rendered":"Pintapeltien oikaisulaite"},"content":{"rendered":"<div id=\"pl-235\"  class=\"panel-layout\" ><div id=\"pg-235-0\"  class=\"panel-grid panel-no-style\" ><div id=\"pgc-235-0-0\"  class=\"panel-grid-cell\" ><div id=\"panel-235-0-0-0\" class=\"so-panel widget widget_sow-editor panel-first-child panel-last-child\" data-index=\"0\" ><div\n\t\t\t\n\t\t\tclass=\"so-widget-sow-editor so-widget-sow-editor-base\"\n\t\t\t\n\t\t>\n<div class=\"siteorigin-widget-tinymce textwidget\">\n\t<p><em><strong>Autorobot Finland Oy on kehitt\u00e4nyt oikaisuty\u00f6t\u00e4 nopeuttavan SmartPuller-laitteiston auton pintapeltien ja koteloiden oikaisuun. SmartPullerin parhaita ominaisuuksia ovat helppok\u00e4ytt\u00f6isyys ja oikaisuty\u00f6n nopeus. Laitteisto soveltuu l\u00e4hes kaikkiin korinoikaisuteht\u00e4viin.<\/strong><\/em><\/p>\n<h3>Eri kohteiden nopea oikaisu<\/h3>\n<p>K\u00e4yt\u00f6n helppous on saavutettu py\u00f6rill\u00e4 siirrett\u00e4v\u00e4ll\u00e4 puomilla, joka on varustettu s\u00e4\u00e4dett\u00e4vill\u00e4 tuentatassuilla. Sek\u00e4 ylemm\u00e4t ett\u00e4 alemmat tuentatassut ovat s\u00e4\u00e4dett\u00e4viss\u00e4 korin vahvoille alueille, jolloin oikaisutuenta saadaan parhaalle mahdolliselle alueelle. SmartPullerin k\u00e4yt\u00f6n helppouteen vaikuttaa sen kompakti rakenne. Kaikki tuentaan ja oikaisuun tarvittavat v\u00e4lineet voidaan s\u00e4\u00e4t\u00e4\u00e4 oikealle korkeudelle, jossa ne pysyv\u00e4t ilman k\u00e4sin kannattelua. SmartPuller tarvitsee lis\u00e4ksi vastushitsauslaitteen, jolla oikaisukohteeseen kiinnitet\u00e4\u00e4n tartuntarikat tai lainelanka.<\/p>\n<p>SmartPullerin erikoisuus on sen kyky oikaisusuorituksiin l\u00e4hes koko korin alueella kaikkiin tarvittaviin suuntiin.<\/p>\n<h3>Tehokkuutta oikaisuty\u00f6h\u00f6n<\/h3>\n<p>Vakuutusyhti\u00f6lt\u00e4 saadun informaation mukaan auton pintavaurioiden osuus on n. 80% kaikista vaurioista. Pintavauriot ovat usein kotelorakenteissa, joita ei p\u00e4\u00e4st\u00e4 suoristamaan auton sis\u00e4lt\u00e4 p\u00e4in. Ulkopuolinen oikaisu SmartPullerilla s\u00e4\u00e4st\u00e4\u00e4 ty\u00f6aikaa huomattavasti, koska t\u00e4ll\u00f6in v\u00e4ltyt\u00e4\u00e4n ovien ym. korirakenteiden purkamiselta ja uudelleen kokoamiselta. SmartPullerilla saavutettava hy\u00f6ty on parhaimmillaan hitsattujen, laaja-alaisten auton kylki- ja kattorakenteiden oikaisussa. T\u00e4m\u00e4n vuoksi SmartPuller on yksi nykyaikaisen korjaamon t\u00e4rkeimmist\u00e4 laitteista.<\/p>\n<p><em>Patenttia haettu.<\/em><\/p>\n<div class=\"nappilinkki_tiivis\"><a href=\"https:\/\/smartpuller.com\/fi\/yhteydenotto\/myynti\/\">\u00bb Kuinka ostan<\/a><\/div>\n<\/div>\n<\/div><\/div><\/div><div id=\"pgc-235-0-1\"  class=\"panel-grid-cell\" ><div id=\"panel-235-0-1-0\" class=\"so-panel widget widget_sow-editor panel-first-child panel-last-child\" data-index=\"1\" ><div\n\t\t\t\n\t\t\tclass=\"so-widget-sow-editor so-widget-sow-editor-base\"\n\t\t\t\n\t\t>\n<div class=\"siteorigin-widget-tinymce textwidget\">\n\t<p><a href=\"https:\/\/smartpuller.com\/wp-content\/uploads\/2016\/01\/dent-pulling_picture1.jpg\" rel=\"lightbox\" data-rel=\"lightbox-image-0\" data-rl_title=\"\" data-rl_caption=\"\" title=\"\"><img loading=\"lazy\" decoding=\"async\" class=\"alignnone wp-image-2854 size-full\" src=\"https:\/\/smartpuller.com\/wp-content\/uploads\/2016\/01\/dent-pulling_picture1.jpg\" alt=\"dent-pulling_picture1_hires\" width=\"750\" height=\"1000\" srcset=\"https:\/\/smartpuller.com\/wp-content\/uploads\/2016\/01\/dent-pulling_picture1.jpg 750w, https:\/\/smartpuller.com\/wp-content\/uploads\/2016\/01\/dent-pulling_picture1-300x400.jpg 300w, https:\/\/smartpuller.com\/wp-content\/uploads\/2016\/01\/dent-pulling_picture1-600x800.jpg 600w\" sizes=\"auto, (max-width: 750px) 100vw, 750px\" \/><\/a><br \/> <em>Kuva 1 ja 1b. SmartPullerin alimmat tuentatassut (A) on s\u00e4\u00e4detty oikealle leveydelle ja korkeudelle, jonka j\u00e4lkeen ne on ty\u00f6nnetty oikaisualueen l\u00e4helle vahvarakenteiseen kohtaan. Oikaisutuki (B) on my\u00f6s s\u00e4\u00e4detty korkeus- ja leveyssuunnassa auton kattorakenteeseen. T\u00e4m\u00e4n j\u00e4lkeen vetoruuvi (C) on s\u00e4\u00e4detty oikaisukohteeseen. Varsinainen oikaisu tapahtuu k\u00e4\u00e4nt\u00f6kahvasta (D). Ruuvin p\u00e4\u00e4ss\u00e4 olevaan pitimeen (E) voidaan kiinnitt\u00e4\u00e4 oikaisukohteen mukaan vetokoura esim. lainelankavetoon, vetotarrain, vetokulma, tai liimakuppipidin.<\/em><\/p>\n<p><a href=\"https:\/\/smartpuller.com\/wp-content\/uploads\/2016\/01\/dent-pulling_picture1b.jpg\" rel=\"lightbox\" data-rel=\"lightbox-image-1\" data-rl_title=\"\" data-rl_caption=\"\" title=\"\"><img loading=\"lazy\" decoding=\"async\" class=\"alignnone wp-image-2851 size-full\" src=\"https:\/\/smartpuller.com\/wp-content\/uploads\/2016\/01\/dent-pulling_picture1b.jpg\" alt=\"dent-pulling_picture1b_hires\" width=\"750\" height=\"1000\" srcset=\"https:\/\/smartpuller.com\/wp-content\/uploads\/2016\/01\/dent-pulling_picture1b.jpg 750w, https:\/\/smartpuller.com\/wp-content\/uploads\/2016\/01\/dent-pulling_picture1b-300x400.jpg 300w, https:\/\/smartpuller.com\/wp-content\/uploads\/2016\/01\/dent-pulling_picture1b-600x800.jpg 600w\" sizes=\"auto, (max-width: 750px) 100vw, 750px\" \/><\/a><\/p>\n<\/div>\n<\/div><\/div><\/div><\/div><div id=\"pg-235-1\"  class=\"panel-grid panel-no-style\" ><div id=\"pgc-235-1-0\"  class=\"panel-grid-cell\" ><div id=\"panel-235-1-0-0\" class=\"so-panel widget widget_sow-editor panel-first-child panel-last-child\" data-index=\"2\" ><div\n\t\t\t\n\t\t\tclass=\"so-widget-sow-editor so-widget-sow-editor-base\"\n\t\t\t\n\t\t>\n<div class=\"siteorigin-widget-tinymce textwidget\">\n\t<p><a href=\"https:\/\/smartpuller.com\/wp-content\/uploads\/2016\/02\/dent-pulling_picture2_hires.jpg\" rel=\"lightbox\" data-rel=\"lightbox-image-2\" data-rl_title=\"\" data-rl_caption=\"\" title=\"\"><img loading=\"lazy\" decoding=\"async\" class=\"alignnone wp-image-688 size-full\" src=\"https:\/\/smartpuller.com\/wp-content\/uploads\/2016\/02\/dent-pulling_picture2_hires.jpg\" alt=\"dent-pulling_picture2_hires\" width=\"1000\" height=\"848\" srcset=\"https:\/\/smartpuller.com\/wp-content\/uploads\/2016\/02\/dent-pulling_picture2_hires.jpg 1000w, https:\/\/smartpuller.com\/wp-content\/uploads\/2016\/02\/dent-pulling_picture2_hires-600x509.jpg 600w, https:\/\/smartpuller.com\/wp-content\/uploads\/2016\/02\/dent-pulling_picture2_hires-300x254.jpg 300w, https:\/\/smartpuller.com\/wp-content\/uploads\/2016\/02\/dent-pulling_picture2_hires-768x651.jpg 768w\" sizes=\"auto, (max-width: 1000px) 100vw, 1000px\" \/><\/a><br \/> <em>Kuva esitt\u00e4\u00e4 helmakotelon oikaisua, jossa alimmat tuentatassut on asennettu lis\u00e4palkin (1) avulla helmakotelon p\u00e4ihin, jotta kotelon painuma voi oieta koko matkalta. Lis\u00e4palkki (1) kuuluu SmartPullerin Silver-settiin.<\/em><\/p>\n<\/div>\n<\/div><\/div><\/div><div id=\"pgc-235-1-1\"  class=\"panel-grid-cell\" ><div id=\"panel-235-1-1-0\" class=\"so-panel widget widget_sow-editor panel-first-child panel-last-child\" data-index=\"3\" ><div\n\t\t\t\n\t\t\tclass=\"so-widget-sow-editor so-widget-sow-editor-base\"\n\t\t\t\n\t\t>\n<div class=\"siteorigin-widget-tinymce textwidget\">\n\t<p><a href=\"https:\/\/smartpuller.com\/wp-content\/uploads\/2016\/02\/dent-pulling_picture3_hires.jpg\" rel=\"lightbox\" data-rel=\"lightbox-image-3\" data-rl_title=\"\" data-rl_caption=\"\" title=\"\"><img loading=\"lazy\" decoding=\"async\" class=\"alignnone wp-image-690 size-full\" src=\"https:\/\/smartpuller.com\/wp-content\/uploads\/2016\/02\/dent-pulling_picture3_hires.jpg\" alt=\"dent-pulling_picture3_hires\" width=\"839\" height=\"1000\" srcset=\"https:\/\/smartpuller.com\/wp-content\/uploads\/2016\/02\/dent-pulling_picture3_hires.jpg 839w, https:\/\/smartpuller.com\/wp-content\/uploads\/2016\/02\/dent-pulling_picture3_hires-600x715.jpg 600w, https:\/\/smartpuller.com\/wp-content\/uploads\/2016\/02\/dent-pulling_picture3_hires-252x300.jpg 252w, https:\/\/smartpuller.com\/wp-content\/uploads\/2016\/02\/dent-pulling_picture3_hires-768x915.jpg 768w\" sizes=\"auto, (max-width: 839px) 100vw, 839px\" \/><\/a><br \/> <em>Kuvassa auton per\u00e4osan oikaisutilanne, jossa k\u00e4ytet\u00e4\u00e4n tarrainta takaoven karmin reunan oikaisuun. T\u00e4ss\u00e4 vetotilanteessa tarvitaan lis\u00e4palkkia (1), joka asennetaan katon takakulmaan kuvan mukaisesti.<\/em><\/p>\n<\/div>\n<\/div><\/div><\/div><\/div><div id=\"pg-235-2\"  class=\"panel-grid panel-no-style\" ><div id=\"pgc-235-2-0\"  class=\"panel-grid-cell\" ><div id=\"panel-235-2-0-0\" class=\"so-panel widget widget_sow-editor panel-first-child panel-last-child\" data-index=\"4\" ><div\n\t\t\t\n\t\t\tclass=\"so-widget-sow-editor so-widget-sow-editor-base\"\n\t\t\t\n\t\t>\n<div class=\"siteorigin-widget-tinymce textwidget\">\n\t<h3>Helppok\u00e4ytt\u00f6inen \u2022 Nopea \u2022 Monipuolinen<\/h3>\n<\/div>\n<\/div><\/div><\/div><\/div><div id=\"pg-235-3\"  class=\"panel-grid panel-no-style\" ><div id=\"pgc-235-3-0\"  class=\"panel-grid-cell\" ><div id=\"panel-235-3-0-0\" class=\"so-panel widget widget_sow-editor panel-first-child panel-last-child\" data-index=\"5\" ><div\n\t\t\t\n\t\t\tclass=\"so-widget-sow-editor so-widget-sow-editor-base\"\n\t\t\t\n\t\t>\n<div class=\"siteorigin-widget-tinymce textwidget\">\n\t<p><a href=\"https:\/\/smartpuller.com\/wp-content\/uploads\/2016\/02\/dent-pulling_picture4_hires.jpg\" rel=\"lightbox\" data-rel=\"lightbox-image-4\" data-rl_title=\"\" data-rl_caption=\"\" title=\"\"><img loading=\"lazy\" decoding=\"async\" class=\"alignnone wp-image-692 size-full\" src=\"https:\/\/smartpuller.com\/wp-content\/uploads\/2016\/02\/dent-pulling_picture4_hires.jpg\" alt=\"dent-pulling_picture4_hires\" width=\"716\" height=\"1000\" srcset=\"https:\/\/smartpuller.com\/wp-content\/uploads\/2016\/02\/dent-pulling_picture4_hires.jpg 716w, https:\/\/smartpuller.com\/wp-content\/uploads\/2016\/02\/dent-pulling_picture4_hires-600x838.jpg 600w, https:\/\/smartpuller.com\/wp-content\/uploads\/2016\/02\/dent-pulling_picture4_hires-215x300.jpg 215w\" sizes=\"auto, (max-width: 716px) 100vw, 716px\" \/><\/a><br \/> <em>Kuva esitt\u00e4\u00e4 auton takakulman oikaisua. T\u00e4m\u00e4 tapahtuu k\u00e4\u00e4ntyv\u00e4n oikaisutuen (A) avulla, jolloin tuentatassut saadaan asetettua auton tukevalle alueelle. Avuksi tarvitaan lis\u00e4palkkia (1), jonka p\u00e4\u00e4h\u00e4n on asennettu tarrain, joka on kiinnitetty auton oikeanpuoleisen takaoven karmin kanttiin. T\u00e4m\u00e4n j\u00e4lkeen kuvan esitt\u00e4m\u00e4 melko vaativakin oikaisu onnistuu hyvin.<\/em><\/p>\n<\/div>\n<\/div><\/div><\/div><div id=\"pgc-235-3-1\"  class=\"panel-grid-cell\" ><div id=\"panel-235-3-1-0\" class=\"so-panel widget widget_sow-editor panel-first-child panel-last-child\" data-index=\"6\" ><div\n\t\t\t\n\t\t\tclass=\"so-widget-sow-editor so-widget-sow-editor-base\"\n\t\t\t\n\t\t>\n<div class=\"siteorigin-widget-tinymce textwidget\">\n\t<p><a href=\"https:\/\/smartpuller.com\/wp-content\/uploads\/2016\/02\/dent-pulling_picture5_hires.jpg\" rel=\"lightbox\" data-rel=\"lightbox-image-5\" data-rl_title=\"\" data-rl_caption=\"\" title=\"\"><img loading=\"lazy\" decoding=\"async\" class=\"alignnone wp-image-694 size-full\" src=\"https:\/\/smartpuller.com\/wp-content\/uploads\/2016\/02\/dent-pulling_picture5_hires.jpg\" alt=\"dent-pulling_picture5_hires\" width=\"659\" height=\"1000\" srcset=\"https:\/\/smartpuller.com\/wp-content\/uploads\/2016\/02\/dent-pulling_picture5_hires.jpg 659w, https:\/\/smartpuller.com\/wp-content\/uploads\/2016\/02\/dent-pulling_picture5_hires-600x910.jpg 600w, https:\/\/smartpuller.com\/wp-content\/uploads\/2016\/02\/dent-pulling_picture5_hires-198x300.jpg 198w\" sizes=\"auto, (max-width: 659px) 100vw, 659px\" \/><\/a><br \/> <em>Kuvassa kattorakenteen oikaisutilanne, jossa k\u00e4ytet\u00e4\u00e4n yl\u00e4tukea (B) teleskooppirakenteisen yl\u00e4puomin (1) p\u00e4\u00e4ss\u00e4. Yl\u00e4puomi on helposti siirrett\u00e4viss\u00e4 pystypuomin alla olevien py\u00f6rien varassa oikaisukohteeseen esim. auton pituussuuntaisesti.<\/em><\/p>\n<\/div>\n<\/div><\/div><\/div><\/div><\/div>","protected":false},"excerpt":{"rendered":"<p>Autorobot Finland Oy on kehitt\u00e4nyt oikaisuty\u00f6t\u00e4 nopeuttavan SmartPuller-laitteiston auton pintapeltien ja koteloiden oikaisuun. SmartPullerin parhaita ominaisuuksia ovat helppok\u00e4ytt\u00f6isyys ja oikaisuty\u00f6n nopeus. Laitteisto soveltuu l\u00e4hes kaikkiin korinoikaisuteht\u00e4viin. Eri kohteiden nopea oikaisu K\u00e4yt\u00f6n helppous on saavutettu py\u00f6rill\u00e4 siirrett\u00e4v\u00e4ll\u00e4 puomilla, joka on varustettu s\u00e4\u00e4dett\u00e4vill\u00e4 tuentatassuilla. Sek\u00e4 ylemm\u00e4t ett\u00e4 alemmat tuentatassut ovat s\u00e4\u00e4dett\u00e4viss\u00e4 korin vahvoille alueille, jolloin oikaisutuenta saadaan [&hellip;]<\/p>\n","protected":false},"author":101,"featured_media":0,"parent":0,"menu_order":110,"comment_status":"closed","ping_status":"closed","template":"","meta":{"_genesis_hide_title":false,"_genesis_hide_breadcrumbs":false,"_genesis_hide_singular_image":false,"_genesis_hide_footer_widgets":false,"_genesis_custom_body_class":"","_genesis_custom_post_class":"","_genesis_layout":"","footnotes":""},"class_list":{"0":"post-235","1":"page","2":"type-page","3":"status-publish","5":"entry","6":"has-post-thumbnail"},"yoast_head":"<!-- This site is optimized with the Yoast SEO plugin v27.4 - https:\/\/yoast.com\/product\/yoast-seo-wordpress\/ -->\n<title>SmartPuller - Kilpailuedut<\/title>\n<meta name=\"description\" content=\"SmartPullerin parhaita ominaisuuksia ovat helppok\u00e4ytt\u00f6isyys ja oikaisuty\u00f6n nopeus.\" \/>\n<meta name=\"robots\" content=\"index, follow, max-snippet:-1, max-image-preview:large, max-video-preview:-1\" \/>\n<link rel=\"canonical\" href=\"https:\/\/smartpuller.com\/fi\/pintapeltien-oikaisulaite\/\" \/>\n<meta property=\"og:locale\" content=\"fi_FI\" \/>\n<meta property=\"og:type\" content=\"article\" \/>\n<meta property=\"og:title\" content=\"SmartPuller - Kilpailuedut\" \/>\n<meta property=\"og:description\" content=\"SmartPullerin parhaita ominaisuuksia ovat helppok\u00e4ytt\u00f6isyys ja oikaisuty\u00f6n nopeus.\" \/>\n<meta property=\"og:url\" content=\"https:\/\/smartpuller.com\/fi\/pintapeltien-oikaisulaite\/\" \/>\n<meta property=\"og:site_name\" content=\"SmartPuller\" \/>\n<meta property=\"article:publisher\" content=\"https:\/\/www.facebook.com\/smartpuller\/\" \/>\n<meta property=\"article:modified_time\" content=\"2017-11-15T09:47:19+00:00\" \/>\n<meta property=\"og:image\" content=\"https:\/\/smartpuller.com\/wp-content\/uploads\/2016\/01\/dent-pulling_picture1.jpg\" \/>\n<meta name=\"twitter:card\" content=\"summary_large_image\" \/>\n<meta name=\"twitter:label1\" content=\"Arvioitu lukuaika\" \/>\n\t<meta name=\"twitter:data1\" content=\"2 minuuttia\" \/>\n<script type=\"application\/ld+json\" class=\"yoast-schema-graph\">{\"@context\":\"https:\\\/\\\/schema.org\",\"@graph\":[{\"@type\":\"WebPage\",\"@id\":\"https:\\\/\\\/smartpuller.com\\\/fi\\\/pintapeltien-oikaisulaite\\\/\",\"url\":\"https:\\\/\\\/smartpuller.com\\\/fi\\\/pintapeltien-oikaisulaite\\\/\",\"name\":\"SmartPuller - Kilpailuedut\",\"isPartOf\":{\"@id\":\"https:\\\/\\\/smartpuller.com\\\/fi\\\/#website\"},\"primaryImageOfPage\":{\"@id\":\"https:\\\/\\\/smartpuller.com\\\/fi\\\/pintapeltien-oikaisulaite\\\/#primaryimage\"},\"image\":{\"@id\":\"https:\\\/\\\/smartpuller.com\\\/fi\\\/pintapeltien-oikaisulaite\\\/#primaryimage\"},\"thumbnailUrl\":\"https:\\\/\\\/smartpuller.com\\\/wp-content\\\/uploads\\\/2016\\\/01\\\/dent-pulling_picture1.jpg\",\"datePublished\":\"2016-01-13T09:18:25+00:00\",\"dateModified\":\"2017-11-15T09:47:19+00:00\",\"description\":\"SmartPullerin parhaita ominaisuuksia ovat helppok\u00e4ytt\u00f6isyys ja oikaisuty\u00f6n nopeus.\",\"breadcrumb\":{\"@id\":\"https:\\\/\\\/smartpuller.com\\\/fi\\\/pintapeltien-oikaisulaite\\\/#breadcrumb\"},\"inLanguage\":\"fi\",\"potentialAction\":[{\"@type\":\"ReadAction\",\"target\":[\"https:\\\/\\\/smartpuller.com\\\/fi\\\/pintapeltien-oikaisulaite\\\/\"]}]},{\"@type\":\"ImageObject\",\"inLanguage\":\"fi\",\"@id\":\"https:\\\/\\\/smartpuller.com\\\/fi\\\/pintapeltien-oikaisulaite\\\/#primaryimage\",\"url\":\"https:\\\/\\\/smartpuller.com\\\/wp-content\\\/uploads\\\/2016\\\/01\\\/dent-pulling_picture1.jpg\",\"contentUrl\":\"https:\\\/\\\/smartpuller.com\\\/wp-content\\\/uploads\\\/2016\\\/01\\\/dent-pulling_picture1.jpg\"},{\"@type\":\"BreadcrumbList\",\"@id\":\"https:\\\/\\\/smartpuller.com\\\/fi\\\/pintapeltien-oikaisulaite\\\/#breadcrumb\",\"itemListElement\":[{\"@type\":\"ListItem\",\"position\":1,\"name\":\"Home\",\"item\":\"https:\\\/\\\/smartpuller.com\\\/fi\\\/\"},{\"@type\":\"ListItem\",\"position\":2,\"name\":\"Pintapeltien oikaisulaite\"}]},{\"@type\":\"WebSite\",\"@id\":\"https:\\\/\\\/smartpuller.com\\\/fi\\\/#website\",\"url\":\"https:\\\/\\\/smartpuller.com\\\/fi\\\/\",\"name\":\"SmartPuller\",\"description\":\"SmartPuller\",\"potentialAction\":[{\"@type\":\"SearchAction\",\"target\":{\"@type\":\"EntryPoint\",\"urlTemplate\":\"https:\\\/\\\/smartpuller.com\\\/fi\\\/?s={search_term_string}\"},\"query-input\":{\"@type\":\"PropertyValueSpecification\",\"valueRequired\":true,\"valueName\":\"search_term_string\"}}],\"inLanguage\":\"fi\"}]}<\/script>\n<!-- \/ Yoast SEO plugin. -->","yoast_head_json":{"title":"SmartPuller - Kilpailuedut","description":"SmartPullerin parhaita ominaisuuksia ovat helppok\u00e4ytt\u00f6isyys ja oikaisuty\u00f6n nopeus.","robots":{"index":"index","follow":"follow","max-snippet":"max-snippet:-1","max-image-preview":"max-image-preview:large","max-video-preview":"max-video-preview:-1"},"canonical":"https:\/\/smartpuller.com\/fi\/pintapeltien-oikaisulaite\/","og_locale":"fi_FI","og_type":"article","og_title":"SmartPuller - Kilpailuedut","og_description":"SmartPullerin parhaita ominaisuuksia ovat helppok\u00e4ytt\u00f6isyys ja oikaisuty\u00f6n nopeus.","og_url":"https:\/\/smartpuller.com\/fi\/pintapeltien-oikaisulaite\/","og_site_name":"SmartPuller","article_publisher":"https:\/\/www.facebook.com\/smartpuller\/","article_modified_time":"2017-11-15T09:47:19+00:00","og_image":[{"url":"https:\/\/smartpuller.com\/wp-content\/uploads\/2016\/01\/dent-pulling_picture1.jpg","type":"","width":"","height":""}],"twitter_card":"summary_large_image","twitter_misc":{"Arvioitu lukuaika":"2 minuuttia"},"schema":{"@context":"https:\/\/schema.org","@graph":[{"@type":"WebPage","@id":"https:\/\/smartpuller.com\/fi\/pintapeltien-oikaisulaite\/","url":"https:\/\/smartpuller.com\/fi\/pintapeltien-oikaisulaite\/","name":"SmartPuller - Kilpailuedut","isPartOf":{"@id":"https:\/\/smartpuller.com\/fi\/#website"},"primaryImageOfPage":{"@id":"https:\/\/smartpuller.com\/fi\/pintapeltien-oikaisulaite\/#primaryimage"},"image":{"@id":"https:\/\/smartpuller.com\/fi\/pintapeltien-oikaisulaite\/#primaryimage"},"thumbnailUrl":"https:\/\/smartpuller.com\/wp-content\/uploads\/2016\/01\/dent-pulling_picture1.jpg","datePublished":"2016-01-13T09:18:25+00:00","dateModified":"2017-11-15T09:47:19+00:00","description":"SmartPullerin parhaita ominaisuuksia ovat helppok\u00e4ytt\u00f6isyys ja oikaisuty\u00f6n nopeus.","breadcrumb":{"@id":"https:\/\/smartpuller.com\/fi\/pintapeltien-oikaisulaite\/#breadcrumb"},"inLanguage":"fi","potentialAction":[{"@type":"ReadAction","target":["https:\/\/smartpuller.com\/fi\/pintapeltien-oikaisulaite\/"]}]},{"@type":"ImageObject","inLanguage":"fi","@id":"https:\/\/smartpuller.com\/fi\/pintapeltien-oikaisulaite\/#primaryimage","url":"https:\/\/smartpuller.com\/wp-content\/uploads\/2016\/01\/dent-pulling_picture1.jpg","contentUrl":"https:\/\/smartpuller.com\/wp-content\/uploads\/2016\/01\/dent-pulling_picture1.jpg"},{"@type":"BreadcrumbList","@id":"https:\/\/smartpuller.com\/fi\/pintapeltien-oikaisulaite\/#breadcrumb","itemListElement":[{"@type":"ListItem","position":1,"name":"Home","item":"https:\/\/smartpuller.com\/fi\/"},{"@type":"ListItem","position":2,"name":"Pintapeltien oikaisulaite"}]},{"@type":"WebSite","@id":"https:\/\/smartpuller.com\/fi\/#website","url":"https:\/\/smartpuller.com\/fi\/","name":"SmartPuller","description":"SmartPuller","potentialAction":[{"@type":"SearchAction","target":{"@type":"EntryPoint","urlTemplate":"https:\/\/smartpuller.com\/fi\/?s={search_term_string}"},"query-input":{"@type":"PropertyValueSpecification","valueRequired":true,"valueName":"search_term_string"}}],"inLanguage":"fi"}]}},"_links":{"self":[{"href":"https:\/\/smartpuller.com\/fi\/wp-json\/wp\/v2\/pages\/235","targetHints":{"allow":["GET"]}}],"collection":[{"href":"https:\/\/smartpuller.com\/fi\/wp-json\/wp\/v2\/pages"}],"about":[{"href":"https:\/\/smartpuller.com\/fi\/wp-json\/wp\/v2\/types\/page"}],"author":[{"embeddable":true,"href":"https:\/\/smartpuller.com\/fi\/wp-json\/wp\/v2\/users\/101"}],"replies":[{"embeddable":true,"href":"https:\/\/smartpuller.com\/fi\/wp-json\/wp\/v2\/comments?post=235"}],"version-history":[{"count":0,"href":"https:\/\/smartpuller.com\/fi\/wp-json\/wp\/v2\/pages\/235\/revisions"}],"wp:attachment":[{"href":"https:\/\/smartpuller.com\/fi\/wp-json\/wp\/v2\/media?parent=235"}],"curies":[{"name":"wp","href":"https:\/\/api.w.org\/{rel}","templated":true}]}}