{"id":231,"date":"2016-01-13T11:12:56","date_gmt":"2016-01-13T09:12:56","guid":{"rendered":"https:\/\/smartpuller.com\/\/?page_id=231&#038;lang=fi"},"modified":"2024-11-14T09:02:34","modified_gmt":"2024-11-14T07:02:34","slug":"smartpuller-koko-korin-oikaisujarjestelma","status":"publish","type":"page","link":"https:\/\/smartpuller.com\/fi\/","title":{"rendered":"SmartPuller koko korin oikaisuj\u00e4rjestelm\u00e4"},"content":{"rendered":"<div class=\"valintaalue_teksti\">\n<h3>SmartPullerin oikaisukohteet:<\/h3>\n<p>  <img loading=\"lazy\" decoding=\"async\" id=\"klikkaanuoli\" class=\"aligncenter size-full wp-image-12635\" src=\"https:\/\/smartpuller.com\/wp-content\/uploads\/2017\/12\/Painike_valitse-kohde.png\" alt=\"\" width=\"300\" height=\"37\" \/><br \/>\n  &raquo; <a href=\"\/fi\/oikaisukohteet\/etupaa\/\" target=\"_blank\" rel=\"noopener\" onmouseover=\"valintaalue_piilotus(); document.getElementById('valintaalue_kori_etu_etuosa').style.display='block';\">Auton etup\u00e4\u00e4<\/a><br \/>\n  &raquo; <a href=\"\/fi\/oikaisukohteet\/etuosa\/\" target=\"_blank\" rel=\"noopener\" onmouseover=\"valintaalue_piilotus(); document.getElementById('valintaalue_kori_etu_etupaa').style.display='block';\">Auton etuosa<\/a><br \/>\n  &raquo; <a href=\"\/fi\/oikaisukohteet\/helmakotelo\/\" target=\"_blank\" rel=\"noopener\" onmouseover=\"valintaalue_piilotus(); document.getElementById('valintaalue_kori_etu_helmakotelo').style.display='block';\">Auton helmakotelo<\/a><br \/>\n  &raquo; <a href=\"\/fi\/oikaisukohteet\/kylkirakenteet\/\" target=\"_blank\" rel=\"noopener\" onmouseover=\"valintaalue_piilotus(); document.getElementById('valintaalue_kori_etu_kylki').style.display='block';\">Auton kylkirakenteet<\/a><br \/>\n  &raquo; <a href=\"\/fi\/oikaisukohteet\/takaosa\/\" target=\"_blank\" rel=\"noopener\" onmouseover=\"valintaalue_piilotus(); document.getElementById('valintaalue_kori_taka_takaosa').style.display='block';\">Auton takap\u00e4\u00e4<\/a><br \/>\n  &raquo; <a href=\"\/fi\/oikaisukohteet\/takakulma\/\" target=\"_blank\" rel=\"noopener\" onmouseover=\"valintaalue_piilotus(); document.getElementById('valintaalue_kori_taka_takakulma').style.display='block';\">Auton takakulma<\/a><br \/>\n  &raquo; <a href=\"\/fi\/oikaisukohteet\/kattorakenteet\/\" target=\"_blank\" rel=\"noopener\" onmouseover=\"valintaalue_piilotus(); document.getElementById('valintaalue_kori_taka_katto').style.display='block';\">Auton kattorakenteet<\/a><br \/>\n  &raquo; <a href=\"\/fi\/oikaisukohteet\/pintapellit\/\" target=\"_blank\" rel=\"noopener\" onmouseover=\"valintaalue_piilotus(); document.getElementById('valintaalue_kori_dent_pulling').style.display='block';\">Auton pintapellit<\/a><br \/>\n  &raquo; <a href=\"\/fi\/oikaisukohteet\/ovet\/\" target=\"_blank\" rel=\"noopener\" onmouseover=\"valintaalue_piilotus(); document.getElementById('valintaalue_kori_etu_ovi').style.display='block';\">Ovien k\u00e4sittely<\/a><br \/>\n  &raquo; <a href=\"\/fi\/oikaisukohteet\/kaksoisveto\/\" target=\"_blank\" rel=\"noopener\" onmouseover=\"valintaalue_piilotus(); document.getElementById('valintaalue_kori_double_pull').style.display='block';\">Kaksoisveto<\/a>\n<\/div>\n<div class=\"valintaalue_kuva\">\n<div id=\"valintaalue_kori_etu_etuosa\" style=\"display: block;\"><a href=\"\/fi\/oikaisukohteet\/etupaa\/\" target=\"_blank\" rel=\"noopener\"><img decoding=\"async\" class=\"\" src=\"https:\/\/smartpuller.com\/wp-content\/uploads\/2018\/01\/kori_etu_etuosa.jpg\" alt=\"Vehicle front\" \/><\/a><\/div>\n<div id=\"valintaalue_kori_etu_etupaa\" style=\"display: none;\"><a href=\"\/fi\/oikaisukohteet\/etuosa\/\" target=\"_blank\" rel=\"noopener\"><img decoding=\"async\" class=\"\" src=\"https:\/\/smartpuller.com\/wp-content\/uploads\/2018\/01\/kori_etu_etupaa.jpg\" alt=\"Vehicle front part\" \/><\/a><\/div>\n<div id=\"valintaalue_kori_etu_helmakotelo\" style=\"display: none;\"><a href=\"\/fi\/oikaisukohteet\/helmakotelo\/\" target=\"_blank\" rel=\"noopener\"><img decoding=\"async\" class=\"\" src=\"https:\/\/smartpuller.com\/wp-content\/uploads\/2018\/01\/kori_etu_helmakotelo.jpg\" alt=\"Box structures\" \/><\/a><\/div>\n<div id=\"valintaalue_kori_etu_kylki\" style=\"display: none;\"><a href=\"\/fi\/oikaisukohteet\/kylkirakenteet\/\" target=\"_blank\" rel=\"noopener\"><img decoding=\"async\" class=\"\" src=\"https:\/\/smartpuller.com\/wp-content\/uploads\/2018\/01\/kori_etu_kylki.jpg\" alt=\"Side structures\" \/><\/a><\/div>\n<div id=\"valintaalue_kori_etu_ovi\" style=\"display: none;\"><a href=\"\/fi\/oikaisukohteet\/ovet\/\" target=\"_blank\" rel=\"noopener\"><img decoding=\"async\" class=\"\" src=\"https:\/\/smartpuller.com\/wp-content\/uploads\/2018\/01\/door-handling.jpg\" alt=\"Door handling\" \/><\/a><\/div>\n<div id=\"valintaalue_kori_taka_katto\" style=\"display: none;\"><a href=\"\/fi\/oikaisukohteet\/kattorakenteet\/\"><img decoding=\"async\" class=\"\" src=\"https:\/\/smartpuller.com\/wp-content\/uploads\/2018\/01\/kori_taka_katto.jpg\" alt=\"Roof structures\" \/><\/a><\/div>\n<div id=\"valintaalue_kori_taka_takakulma\" style=\"display: none;\"><a href=\"\/fi\/oikaisukohteet\/takakulma\/\" target=\"_blank\" rel=\"noopener\"><img decoding=\"async\" class=\"\" src=\"https:\/\/smartpuller.com\/wp-content\/uploads\/2018\/01\/kori_taka_takakulma.jpg\" alt=\"Vehicle rear corner\" \/><\/a><\/div>\n<div id=\"valintaalue_kori_taka_takaosa\" style=\"display: none;\"><a href=\"\/fi\/oikaisukohteet\/takaosa\/\" target=\"_blank\" rel=\"noopener\"><img decoding=\"async\" class=\"\" src=\"https:\/\/smartpuller.com\/wp-content\/uploads\/2018\/01\/kori_taka_takaosa.jpg\" alt=\"Vehicle rear end\" \/><\/a><\/div>\n<div id=\"valintaalue_kori_dent_pulling\" style=\"display: none;\"><a href=\"\/fi\/oikaisukohteet\/pintapellit\/\" target=\"_blank\" rel=\"noopener\"><img decoding=\"async\" class=\"\" src=\"https:\/\/smartpuller.com\/wp-content\/uploads\/2018\/01\/dent-pulling-1.jpg\" alt=\"Dent pulling\" \/><\/a><\/div>\n<div id=\"valintaalue_kori_double_pull\" style=\"display: none;\"><a href=\"\/fi\/oikaisukohteet\/kaksoisveto\/\" target=\"_blank\" rel=\"noopener\"><img decoding=\"async\" class=\"\" src=\"https:\/\/smartpuller.com\/wp-content\/uploads\/2018\/01\/double-pull-1.jpg\" alt=\"Double pull\" \/><\/a><\/div>\n<div style=\"clear: both;\"><\/div>\n<\/div>\n<div id=\"fb-root\"><\/div>\n<p><script>(function(d, s, id) {\n  var js, fjs = d.getElementsByTagName(s)[0];\n  if (d.getElementById(id)) return;\n  js = d.createElement(s); js.id = id;\n  js.src = \"\/\/connect.facebook.net\/en_US\/sdk.js#xfbml=1&version=v2.5\";\n  fjs.parentNode.insertBefore(js, fjs);\n}(document, 'script', 'facebook-jssdk'));<\/script><br \/>\n<script type=\"text\/javascript\">\nfunction valintaalue_piilotus() {\n  document.getElementById('valintaalue_kori_etu_etuosa').style.display='none';\n  document.getElementById('valintaalue_kori_etu_etupaa').style.display='none';\n  document.getElementById('valintaalue_kori_etu_helmakotelo').style.display='none';\n  document.getElementById('valintaalue_kori_etu_kylki').style.display='none';\n  document.getElementById('valintaalue_kori_etu_ovi').style.display='none';\n  document.getElementById('valintaalue_kori_taka_katto').style.display='none';\n  document.getElementById('valintaalue_kori_taka_takakulma').style.display='none';\n  document.getElementById('valintaalue_kori_taka_takaosa').style.display='none';\n  document.getElementById('valintaalue_kori_dent_pulling').style.display='none';\n  document.getElementById('valintaalue_kori_double_pull').style.display='none';\n}\n<\/script><\/p>\n","protected":false},"excerpt":{"rendered":"<p>SmartPullerin oikaisukohteet: &raquo; Auton etup\u00e4\u00e4 &raquo; Auton etuosa &raquo; Auton helmakotelo &raquo; Auton kylkirakenteet &raquo; Auton takap\u00e4\u00e4 &raquo; Auton takakulma &raquo; Auton kattorakenteet &raquo; Auton pintapellit &raquo; Ovien k\u00e4sittely &raquo; Kaksoisveto<\/p>\n","protected":false},"author":101,"featured_media":0,"parent":0,"menu_order":10,"comment_status":"closed","ping_status":"closed","template":"","meta":{"_genesis_hide_title":false,"_genesis_hide_breadcrumbs":false,"_genesis_hide_singular_image":false,"_genesis_hide_footer_widgets":false,"_genesis_custom_body_class":"","_genesis_custom_post_class":"","_genesis_layout":"","footnotes":""},"class_list":{"0":"post-231","1":"page","2":"type-page","3":"status-publish","5":"entry","6":"has-post-thumbnail"},"yoast_head":"<!-- This site is optimized with the Yoast SEO plugin v27.4 - https:\/\/yoast.com\/product\/yoast-seo-wordpress\/ -->\n<title>SmartPuller on nopea, monitoiminen ja helppok\u00e4ytt\u00f6inen oikaisuj\u00e4rjestelm\u00e4<\/title>\n<meta name=\"description\" content=\"Uusi auton oikaisukeksint\u00f6 SmartPuller tekee ajoneuvon paneelien ja helmakoteloiden oikaisusta nopeampaa ja taloudellisempaa.\" \/>\n<meta name=\"robots\" content=\"index, follow, max-snippet:-1, max-image-preview:large, max-video-preview:-1\" \/>\n<link rel=\"canonical\" href=\"https:\/\/smartpuller.com\/fi\/\" \/>\n<meta property=\"og:locale\" content=\"fi_FI\" \/>\n<meta property=\"og:type\" content=\"article\" \/>\n<meta property=\"og:title\" content=\"SmartPuller on nopea, monitoiminen ja helppok\u00e4ytt\u00f6inen oikaisuj\u00e4rjestelm\u00e4\" \/>\n<meta property=\"og:description\" content=\"Uusi auton oikaisukeksint\u00f6 SmartPuller tekee ajoneuvon paneelien ja helmakoteloiden oikaisusta nopeampaa ja taloudellisempaa.\" \/>\n<meta property=\"og:url\" content=\"https:\/\/smartpuller.com\/fi\/\" \/>\n<meta property=\"og:site_name\" content=\"SmartPuller\" \/>\n<meta property=\"article:publisher\" content=\"https:\/\/www.facebook.com\/smartpuller\/\" \/>\n<meta property=\"article:modified_time\" content=\"2024-11-14T07:02:34+00:00\" \/>\n<meta property=\"og:image\" content=\"https:\/\/smartpuller.com\/wp-content\/uploads\/2017\/12\/Painike_valitse-kohde.png\" \/>\n<meta name=\"twitter:card\" content=\"summary_large_image\" \/>\n<meta name=\"twitter:label1\" content=\"Arvioitu lukuaika\" \/>\n\t<meta name=\"twitter:data1\" content=\"3 minuuttia\" \/>\n<script type=\"application\/ld+json\" class=\"yoast-schema-graph\">{\"@context\":\"https:\\\/\\\/schema.org\",\"@graph\":[{\"@type\":\"WebPage\",\"@id\":\"https:\\\/\\\/smartpuller.com\\\/fi\\\/\",\"url\":\"https:\\\/\\\/smartpuller.com\\\/fi\\\/\",\"name\":\"SmartPuller on nopea, monitoiminen ja helppok\u00e4ytt\u00f6inen oikaisuj\u00e4rjestelm\u00e4\",\"isPartOf\":{\"@id\":\"https:\\\/\\\/smartpuller.com\\\/fi\\\/#website\"},\"primaryImageOfPage\":{\"@id\":\"https:\\\/\\\/smartpuller.com\\\/fi\\\/#primaryimage\"},\"image\":{\"@id\":\"https:\\\/\\\/smartpuller.com\\\/fi\\\/#primaryimage\"},\"thumbnailUrl\":\"https:\\\/\\\/smartpuller.com\\\/wp-content\\\/uploads\\\/2017\\\/12\\\/Painike_valitse-kohde.png\",\"datePublished\":\"2016-01-13T09:12:56+00:00\",\"dateModified\":\"2024-11-14T07:02:34+00:00\",\"description\":\"Uusi auton oikaisukeksint\u00f6 SmartPuller tekee ajoneuvon paneelien ja helmakoteloiden oikaisusta nopeampaa ja taloudellisempaa.\",\"breadcrumb\":{\"@id\":\"https:\\\/\\\/smartpuller.com\\\/fi\\\/#breadcrumb\"},\"inLanguage\":\"fi\",\"potentialAction\":[{\"@type\":\"ReadAction\",\"target\":[\"https:\\\/\\\/smartpuller.com\\\/fi\\\/\"]}]},{\"@type\":\"ImageObject\",\"inLanguage\":\"fi\",\"@id\":\"https:\\\/\\\/smartpuller.com\\\/fi\\\/#primaryimage\",\"url\":\"https:\\\/\\\/smartpuller.com\\\/wp-content\\\/uploads\\\/2017\\\/12\\\/Painike_valitse-kohde.png\",\"contentUrl\":\"https:\\\/\\\/smartpuller.com\\\/wp-content\\\/uploads\\\/2017\\\/12\\\/Painike_valitse-kohde.png\"},{\"@type\":\"BreadcrumbList\",\"@id\":\"https:\\\/\\\/smartpuller.com\\\/fi\\\/#breadcrumb\",\"itemListElement\":[{\"@type\":\"ListItem\",\"position\":1,\"name\":\"Home\",\"item\":\"https:\\\/\\\/smartpuller.com\\\/fi\\\/\"},{\"@type\":\"ListItem\",\"position\":2,\"name\":\"SmartPuller koko korin oikaisuj\u00e4rjestelm\u00e4\"}]},{\"@type\":\"WebSite\",\"@id\":\"https:\\\/\\\/smartpuller.com\\\/fi\\\/#website\",\"url\":\"https:\\\/\\\/smartpuller.com\\\/fi\\\/\",\"name\":\"SmartPuller\",\"description\":\"SmartPuller\",\"potentialAction\":[{\"@type\":\"SearchAction\",\"target\":{\"@type\":\"EntryPoint\",\"urlTemplate\":\"https:\\\/\\\/smartpuller.com\\\/fi\\\/?s={search_term_string}\"},\"query-input\":{\"@type\":\"PropertyValueSpecification\",\"valueRequired\":true,\"valueName\":\"search_term_string\"}}],\"inLanguage\":\"fi\"}]}<\/script>\n<!-- \/ Yoast SEO plugin. -->","yoast_head_json":{"title":"SmartPuller on nopea, monitoiminen ja helppok\u00e4ytt\u00f6inen oikaisuj\u00e4rjestelm\u00e4","description":"Uusi auton oikaisukeksint\u00f6 SmartPuller tekee ajoneuvon paneelien ja helmakoteloiden oikaisusta nopeampaa ja taloudellisempaa.","robots":{"index":"index","follow":"follow","max-snippet":"max-snippet:-1","max-image-preview":"max-image-preview:large","max-video-preview":"max-video-preview:-1"},"canonical":"https:\/\/smartpuller.com\/fi\/","og_locale":"fi_FI","og_type":"article","og_title":"SmartPuller on nopea, monitoiminen ja helppok\u00e4ytt\u00f6inen oikaisuj\u00e4rjestelm\u00e4","og_description":"Uusi auton oikaisukeksint\u00f6 SmartPuller tekee ajoneuvon paneelien ja helmakoteloiden oikaisusta nopeampaa ja taloudellisempaa.","og_url":"https:\/\/smartpuller.com\/fi\/","og_site_name":"SmartPuller","article_publisher":"https:\/\/www.facebook.com\/smartpuller\/","article_modified_time":"2024-11-14T07:02:34+00:00","og_image":[{"url":"https:\/\/smartpuller.com\/wp-content\/uploads\/2017\/12\/Painike_valitse-kohde.png","type":"","width":"","height":""}],"twitter_card":"summary_large_image","twitter_misc":{"Arvioitu lukuaika":"3 minuuttia"},"schema":{"@context":"https:\/\/schema.org","@graph":[{"@type":"WebPage","@id":"https:\/\/smartpuller.com\/fi\/","url":"https:\/\/smartpuller.com\/fi\/","name":"SmartPuller on nopea, monitoiminen ja helppok\u00e4ytt\u00f6inen oikaisuj\u00e4rjestelm\u00e4","isPartOf":{"@id":"https:\/\/smartpuller.com\/fi\/#website"},"primaryImageOfPage":{"@id":"https:\/\/smartpuller.com\/fi\/#primaryimage"},"image":{"@id":"https:\/\/smartpuller.com\/fi\/#primaryimage"},"thumbnailUrl":"https:\/\/smartpuller.com\/wp-content\/uploads\/2017\/12\/Painike_valitse-kohde.png","datePublished":"2016-01-13T09:12:56+00:00","dateModified":"2024-11-14T07:02:34+00:00","description":"Uusi auton oikaisukeksint\u00f6 SmartPuller tekee ajoneuvon paneelien ja helmakoteloiden oikaisusta nopeampaa ja taloudellisempaa.","breadcrumb":{"@id":"https:\/\/smartpuller.com\/fi\/#breadcrumb"},"inLanguage":"fi","potentialAction":[{"@type":"ReadAction","target":["https:\/\/smartpuller.com\/fi\/"]}]},{"@type":"ImageObject","inLanguage":"fi","@id":"https:\/\/smartpuller.com\/fi\/#primaryimage","url":"https:\/\/smartpuller.com\/wp-content\/uploads\/2017\/12\/Painike_valitse-kohde.png","contentUrl":"https:\/\/smartpuller.com\/wp-content\/uploads\/2017\/12\/Painike_valitse-kohde.png"},{"@type":"BreadcrumbList","@id":"https:\/\/smartpuller.com\/fi\/#breadcrumb","itemListElement":[{"@type":"ListItem","position":1,"name":"Home","item":"https:\/\/smartpuller.com\/fi\/"},{"@type":"ListItem","position":2,"name":"SmartPuller koko korin oikaisuj\u00e4rjestelm\u00e4"}]},{"@type":"WebSite","@id":"https:\/\/smartpuller.com\/fi\/#website","url":"https:\/\/smartpuller.com\/fi\/","name":"SmartPuller","description":"SmartPuller","potentialAction":[{"@type":"SearchAction","target":{"@type":"EntryPoint","urlTemplate":"https:\/\/smartpuller.com\/fi\/?s={search_term_string}"},"query-input":{"@type":"PropertyValueSpecification","valueRequired":true,"valueName":"search_term_string"}}],"inLanguage":"fi"}]}},"_links":{"self":[{"href":"https:\/\/smartpuller.com\/fi\/wp-json\/wp\/v2\/pages\/231","targetHints":{"allow":["GET"]}}],"collection":[{"href":"https:\/\/smartpuller.com\/fi\/wp-json\/wp\/v2\/pages"}],"about":[{"href":"https:\/\/smartpuller.com\/fi\/wp-json\/wp\/v2\/types\/page"}],"author":[{"embeddable":true,"href":"https:\/\/smartpuller.com\/fi\/wp-json\/wp\/v2\/users\/101"}],"replies":[{"embeddable":true,"href":"https:\/\/smartpuller.com\/fi\/wp-json\/wp\/v2\/comments?post=231"}],"version-history":[{"count":6,"href":"https:\/\/smartpuller.com\/fi\/wp-json\/wp\/v2\/pages\/231\/revisions"}],"predecessor-version":[{"id":2468586,"href":"https:\/\/smartpuller.com\/fi\/wp-json\/wp\/v2\/pages\/231\/revisions\/2468586"}],"wp:attachment":[{"href":"https:\/\/smartpuller.com\/fi\/wp-json\/wp\/v2\/media?parent=231"}],"curies":[{"name":"wp","href":"https:\/\/api.w.org\/{rel}","templated":true}]}}