{"id":1975,"date":"2017-09-18T11:05:39","date_gmt":"2017-09-18T08:05:39","guid":{"rendered":"https:\/\/smartpuller.com\/?page_id=1975"},"modified":"2017-12-21T09:55:01","modified_gmt":"2017-12-21T07:55:01","slug":"etupaa","status":"publish","type":"page","link":"https:\/\/smartpuller.com\/fi\/oikaisukohteet\/etupaa\/","title":{"rendered":"Auton etup\u00e4\u00e4n oikaisu"},"content":{"rendered":"<div id=\"pl-1975\"  class=\"panel-layout\" ><div id=\"pg-1975-0\"  class=\"panel-grid panel-no-style\" ><div id=\"pgc-1975-0-0\"  class=\"panel-grid-cell\" ><div id=\"panel-1975-0-0-0\" class=\"so-panel widget widget_sow-editor panel-first-child panel-last-child\" data-index=\"0\" ><div\n\t\t\t\n\t\t\tclass=\"so-widget-sow-editor so-widget-sow-editor-base\"\n\t\t\t\n\t\t>\n<div class=\"siteorigin-widget-tinymce textwidget\">\n\t<p><a href=\"https:\/\/smartpuller.com\/\/wp-content\/uploads\/2016\/02\/dent-pulling-vehicle-front_picture1_hires.jpg\" rel=\"attachment wp-att-446 lightbox\" data-rel=\"lightbox-image-0\" data-rl_title=\"\" data-rl_caption=\"\" title=\"\"><img loading=\"lazy\" decoding=\"async\" class=\"alignnone size-full wp-image-446\" src=\"https:\/\/smartpuller.com\/\/wp-content\/uploads\/2016\/02\/dent-pulling-vehicle-front_picture1_hires.jpg\" alt=\"dent-pulling-vehicle-front_picture1_hires\" width=\"1000\" height=\"736\" srcset=\"https:\/\/smartpuller.com\/wp-content\/uploads\/2016\/02\/dent-pulling-vehicle-front_picture1_hires.jpg 1000w, https:\/\/smartpuller.com\/wp-content\/uploads\/2016\/02\/dent-pulling-vehicle-front_picture1_hires-600x442.jpg 600w, https:\/\/smartpuller.com\/wp-content\/uploads\/2016\/02\/dent-pulling-vehicle-front_picture1_hires-300x221.jpg 300w, https:\/\/smartpuller.com\/wp-content\/uploads\/2016\/02\/dent-pulling-vehicle-front_picture1_hires-768x565.jpg 768w\" sizes=\"auto, (max-width: 1000px) 100vw, 1000px\" \/><\/a><br \/>\n<em>SmartPullerin pystypilarin (B) s\u00e4\u00e4dett\u00e4vien tuentalevyjen (C) avulla saadaan nopeasti oikaisutuenta. T\u00e4ten monet oikaisuteht\u00e4v\u00e4t onnistuvat ilman auton kiinnitt\u00e4mist\u00e4 oikaisupenkkiin.<\/em><\/p>\n<\/div>\n<\/div><\/div><\/div><\/div><div id=\"pg-1975-1\"  class=\"panel-grid panel-no-style\" ><div id=\"pgc-1975-1-0\"  class=\"panel-grid-cell\" ><div id=\"panel-1975-1-0-0\" class=\"so-panel widget widget_sow-editor panel-first-child panel-last-child\" data-index=\"1\" ><div\n\t\t\t\n\t\t\tclass=\"so-widget-sow-editor so-widget-sow-editor-base\"\n\t\t\t\n\t\t><h3 class=\"widget-title\">Auton etuosan oikaisu lis\u00e4v\u00e4lineiden avulla<\/h3>\n<div class=\"siteorigin-widget-tinymce textwidget\">\n\t<div id='gallery-1' class='gallery galleryid-1975 gallery-columns-2 gallery-size-medium'><figure class='gallery-item'>\n\t\t\t<div class='gallery-icon landscape'>\n\t\t\t\t<a href='https:\/\/smartpuller.com\/wp-content\/uploads\/2016\/01\/vehicle-front-with-accessories_picture1.jpg' title=\"\" data-rl_title=\"\" class=\"rl-gallery-link\" data-rl_caption=\"\" data-rel=\"lightbox-gallery-1\"><img loading=\"lazy\" decoding=\"async\" width=\"300\" height=\"243\" src=\"https:\/\/smartpuller.com\/wp-content\/uploads\/2016\/01\/vehicle-front-with-accessories_picture1.jpg\" class=\"attachment-medium size-medium\" alt=\"\" srcset=\"https:\/\/smartpuller.com\/wp-content\/uploads\/2016\/01\/vehicle-front-with-accessories_picture1.jpg 1000w, https:\/\/smartpuller.com\/wp-content\/uploads\/2016\/01\/vehicle-front-with-accessories_picture1-600x486.jpg 600w\" sizes=\"auto, (max-width: 300px) 100vw, 300px\" \/><\/a>\n\t\t\t<\/div><\/figure><figure class='gallery-item'>\n\t\t\t<div class='gallery-icon landscape'>\n\t\t\t\t<a href='https:\/\/smartpuller.com\/wp-content\/uploads\/2017\/09\/vehicle-front-with-accessories_drawing1.jpg' title=\"\" data-rl_title=\"\" class=\"rl-gallery-link\" data-rl_caption=\"\" data-rel=\"lightbox-gallery-1\"><img loading=\"lazy\" decoding=\"async\" width=\"300\" height=\"243\" src=\"https:\/\/smartpuller.com\/wp-content\/uploads\/2017\/09\/vehicle-front-with-accessories_drawing1.jpg\" class=\"attachment-medium size-medium\" alt=\"\" srcset=\"https:\/\/smartpuller.com\/wp-content\/uploads\/2017\/09\/vehicle-front-with-accessories_drawing1.jpg 1000w, https:\/\/smartpuller.com\/wp-content\/uploads\/2017\/09\/vehicle-front-with-accessories_drawing1-600x486.jpg 600w\" sizes=\"auto, (max-width: 300px) 100vw, 300px\" \/><\/a>\n\t\t\t<\/div><\/figure>\n\t\t<\/div>\n\n<p> <em>Lukkopellin ym. etup\u00e4\u00e4n kohteiden oikaisussa voidaan k\u00e4ytt\u00e4\u00e4 yl\u00e4tuentaan my\u00f6s McPhersonin kiinnityspulttia. Kiinnitysv\u00e4lineet ovat saatavissa lis\u00e4varusteena, kiinnitinsarja nro A-14+11-1.<\/em><\/p>\n<div id='gallery-2' class='gallery galleryid-1975 gallery-columns-2 gallery-size-medium'><figure class='gallery-item'>\n\t\t\t<div class='gallery-icon landscape'>\n\t\t\t\t<a href='https:\/\/smartpuller.com\/wp-content\/uploads\/2016\/01\/vehicle-front-with-accessories_picture2.jpg' title=\"\" data-rl_title=\"\" class=\"rl-gallery-link\" data-rl_caption=\"\" data-rel=\"lightbox-gallery-2\"><img loading=\"lazy\" decoding=\"async\" width=\"300\" height=\"226\" src=\"https:\/\/smartpuller.com\/wp-content\/uploads\/2016\/01\/vehicle-front-with-accessories_picture2.jpg\" class=\"attachment-medium size-medium\" alt=\"\" srcset=\"https:\/\/smartpuller.com\/wp-content\/uploads\/2016\/01\/vehicle-front-with-accessories_picture2.jpg 1000w, https:\/\/smartpuller.com\/wp-content\/uploads\/2016\/01\/vehicle-front-with-accessories_picture2-600x452.jpg 600w\" sizes=\"auto, (max-width: 300px) 100vw, 300px\" \/><\/a>\n\t\t\t<\/div><\/figure><figure class='gallery-item'>\n\t\t\t<div class='gallery-icon landscape'>\n\t\t\t\t<a href='https:\/\/smartpuller.com\/wp-content\/uploads\/2017\/09\/vehicle-front-with-accessories_drawing2.jpg' title=\"\" data-rl_title=\"\" class=\"rl-gallery-link\" data-rl_caption=\"\" data-rel=\"lightbox-gallery-2\"><img loading=\"lazy\" decoding=\"async\" width=\"300\" height=\"243\" src=\"https:\/\/smartpuller.com\/wp-content\/uploads\/2017\/09\/vehicle-front-with-accessories_drawing2.jpg\" class=\"attachment-medium size-medium\" alt=\"\" srcset=\"https:\/\/smartpuller.com\/wp-content\/uploads\/2017\/09\/vehicle-front-with-accessories_drawing2.jpg 1000w, https:\/\/smartpuller.com\/wp-content\/uploads\/2017\/09\/vehicle-front-with-accessories_drawing2-600x486.jpg 600w\" sizes=\"auto, (max-width: 300px) 100vw, 300px\" \/><\/a>\n\t\t\t<\/div><\/figure>\n\t\t<\/div>\n\n<p> <em>SmartPuller soveltuu my\u00f6s auton etu- ja takakansien oikaisuun. Kannen pituussuuntaisen vaurion oikaisuun tarvitaan lis\u00e4varusteena saatava toinen vetotarrain nro H31+.<\/em><\/p>\n<\/div>\n<\/div><\/div><\/div><\/div><div id=\"pg-1975-2\"  class=\"panel-grid panel-no-style\" ><div id=\"pgc-1975-2-0\"  class=\"panel-grid-cell\" ><div id=\"panel-1975-2-0-0\" class=\"so-panel widget widget_sow-editor panel-first-child panel-last-child\" data-index=\"2\" ><div\n\t\t\t\n\t\t\tclass=\"so-widget-sow-editor so-widget-sow-editor-base\"\n\t\t\t\n\t\t>\n<div class=\"siteorigin-widget-tinymce textwidget\">\n\t<div class=\"accessories_area\">\n<h3>Lis\u00e4varusteet<\/h3>\n<div id='gallery-3' class='gallery galleryid-1975 gallery-columns-2 gallery-size-medium'><figure class='gallery-item'>\n\t\t\t<div class='gallery-icon landscape'>\n\t\t\t\t<a href='https:\/\/smartpuller.com\/wp-content\/uploads\/2016\/01\/a11p1-pulling-screw-dent-pulling_hires-1.jpg' title=\"\" data-rl_title=\"\" class=\"rl-gallery-link\" data-rl_caption=\"\" data-rel=\"lightbox-gallery-3\"><img loading=\"lazy\" decoding=\"async\" width=\"300\" height=\"300\" src=\"https:\/\/smartpuller.com\/wp-content\/uploads\/2016\/01\/a11p1-pulling-screw-dent-pulling_hires-1.jpg\" class=\"attachment-medium size-medium\" alt=\"\" aria-describedby=\"gallery-3-607\" srcset=\"https:\/\/smartpuller.com\/wp-content\/uploads\/2016\/01\/a11p1-pulling-screw-dent-pulling_hires-1.jpg 600w, https:\/\/smartpuller.com\/wp-content\/uploads\/2016\/01\/a11p1-pulling-screw-dent-pulling_hires-1-100x100.jpg 100w\" sizes=\"auto, (max-width: 300px) 100vw, 300px\" \/><\/a>\n\t\t\t<\/div>\n\t\t\t\t<figcaption class='wp-caption-text gallery-caption' id='gallery-3-607'>\n\t\t\t\tA-11+1\n\t\t\t\t<\/figcaption><\/figure><figure class='gallery-item'>\n\t\t\t<div class='gallery-icon landscape'>\n\t\t\t\t<a href='https:\/\/smartpuller.com\/wp-content\/uploads\/2016\/01\/h28p-gripper-dent-pulling_hires-1.jpg' title=\"\" data-rl_title=\"\" class=\"rl-gallery-link\" data-rl_caption=\"\" data-rel=\"lightbox-gallery-3\"><img loading=\"lazy\" decoding=\"async\" width=\"300\" height=\"300\" src=\"https:\/\/smartpuller.com\/wp-content\/uploads\/2016\/01\/h28p-gripper-dent-pulling_hires-1.jpg\" class=\"attachment-medium size-medium\" alt=\"\" aria-describedby=\"gallery-3-609\" srcset=\"https:\/\/smartpuller.com\/wp-content\/uploads\/2016\/01\/h28p-gripper-dent-pulling_hires-1.jpg 600w, https:\/\/smartpuller.com\/wp-content\/uploads\/2016\/01\/h28p-gripper-dent-pulling_hires-1-100x100.jpg 100w\" sizes=\"auto, (max-width: 300px) 100vw, 300px\" \/><\/a>\n\t\t\t<\/div>\n\t\t\t\t<figcaption class='wp-caption-text gallery-caption' id='gallery-3-609'>\n\t\t\t\tH28+\n\t\t\t\t<\/figcaption><\/figure>\n\t\t<\/div>\n\n<\/div>\n<\/div>\n<\/div><\/div><\/div><\/div><div id=\"pg-1975-3\"  class=\"panel-grid panel-no-style\" ><div id=\"pgc-1975-3-0\"  class=\"panel-grid-cell\" ><div id=\"panel-1975-3-0-0\" class=\"so-panel widget widget_sow-editor panel-first-child panel-last-child\" data-index=\"3\" ><div\n\t\t\t\n\t\t\tclass=\"so-widget-sow-editor so-widget-sow-editor-base\"\n\t\t\t\n\t\t>\n<div class=\"siteorigin-widget-tinymce textwidget\">\n\t<p>\u00bb <a href=\"https:\/\/youtu.be\/fPhkKpE-5iQ\" target=\"_blank\" rel=\"noopener\">Video auton etuosan oikaisusta<\/a><\/p>\n<div class=\"nappilinkki\"><a href=\"https:\/\/smartpuller.com\/fi\/yhteydenotto\/myynti\/\">\u00bb Kuinka ostan<\/a><\/div>\n<\/div>\n<\/div><\/div><\/div><\/div><\/div>","protected":false},"excerpt":{"rendered":"<p>SmartPullerin pystypilarin (B) s\u00e4\u00e4dett\u00e4vien tuentalevyjen (C) avulla saadaan nopeasti oikaisutuenta. T\u00e4ten monet oikaisuteht\u00e4v\u00e4t onnistuvat ilman auton kiinnitt\u00e4mist\u00e4 oikaisupenkkiin. Lukkopellin ym. etup\u00e4\u00e4n kohteiden oikaisussa voidaan k\u00e4ytt\u00e4\u00e4 yl\u00e4tuentaan my\u00f6s McPhersonin kiinnityspulttia. Kiinnitysv\u00e4lineet ovat saatavissa lis\u00e4varusteena, kiinnitinsarja nro A-14+11-1. SmartPuller soveltuu my\u00f6s auton etu- ja takakansien oikaisuun. Kannen pituussuuntaisen vaurion oikaisuun tarvitaan lis\u00e4varusteena saatava toinen vetotarrain nro H31+.<\/p>\n","protected":false},"author":101,"featured_media":0,"parent":262,"menu_order":0,"comment_status":"closed","ping_status":"closed","template":"","meta":{"_genesis_hide_title":false,"_genesis_hide_breadcrumbs":false,"_genesis_hide_singular_image":false,"_genesis_hide_footer_widgets":false,"_genesis_custom_body_class":"","_genesis_custom_post_class":"","_genesis_layout":"","footnotes":""},"class_list":{"0":"post-1975","1":"page","2":"type-page","3":"status-publish","5":"entry"},"yoast_head":"<!-- This site is optimized with the Yoast SEO plugin v27.4 - https:\/\/yoast.com\/product\/yoast-seo-wordpress\/ -->\n<title>Auton etup\u00e4\u00e4n oikaisu<\/title>\n<meta name=\"description\" content=\"SmartPullerin pystypilarin (B) s\u00e4\u00e4dett\u00e4vien tuentalevyjen (C) avulla saadaan nopeasti oikaisutuenta. T\u00e4ten monet oikaisuteht\u00e4v\u00e4t onnistuvat ilman auton\" \/>\n<meta name=\"robots\" content=\"noindex, follow\" \/>\n<meta property=\"og:locale\" content=\"fi_FI\" \/>\n<meta property=\"og:type\" content=\"article\" \/>\n<meta property=\"og:title\" content=\"Auton etup\u00e4\u00e4n oikaisu\" \/>\n<meta property=\"og:description\" content=\"SmartPullerin pystypilarin (B) s\u00e4\u00e4dett\u00e4vien tuentalevyjen (C) avulla saadaan nopeasti oikaisutuenta. T\u00e4ten monet oikaisuteht\u00e4v\u00e4t onnistuvat ilman auton\" \/>\n<meta property=\"og:url\" content=\"https:\/\/smartpuller.com\/fi\/oikaisukohteet\/etupaa\/\" \/>\n<meta property=\"og:site_name\" content=\"SmartPuller\" \/>\n<meta property=\"article:publisher\" content=\"https:\/\/www.facebook.com\/smartpuller\/\" \/>\n<meta property=\"article:modified_time\" content=\"2017-12-21T07:55:01+00:00\" \/>\n<meta property=\"og:image\" content=\"https:\/\/smartpuller.com\/wp-content\/uploads\/2016\/01\/vehicle-front-with-accessories_picture1.jpg\" \/>\n<meta name=\"twitter:card\" content=\"summary_large_image\" \/>\n<meta name=\"twitter:label1\" content=\"Arvioitu lukuaika\" \/>\n\t<meta name=\"twitter:data1\" content=\"1 minuutti\" \/>\n<script type=\"application\/ld+json\" class=\"yoast-schema-graph\">{\"@context\":\"https:\\\/\\\/schema.org\",\"@graph\":[{\"@type\":\"WebPage\",\"@id\":\"https:\\\/\\\/smartpuller.com\\\/fi\\\/oikaisukohteet\\\/etupaa\\\/\",\"url\":\"https:\\\/\\\/smartpuller.com\\\/fi\\\/oikaisukohteet\\\/etupaa\\\/\",\"name\":\"Auton etup\u00e4\u00e4n oikaisu\",\"isPartOf\":{\"@id\":\"https:\\\/\\\/smartpuller.com\\\/fi\\\/#website\"},\"primaryImageOfPage\":{\"@id\":\"https:\\\/\\\/smartpuller.com\\\/fi\\\/oikaisukohteet\\\/etupaa\\\/#primaryimage\"},\"image\":{\"@id\":\"https:\\\/\\\/smartpuller.com\\\/fi\\\/oikaisukohteet\\\/etupaa\\\/#primaryimage\"},\"thumbnailUrl\":\"https:\\\/\\\/smartpuller.com\\\/\\\/wp-content\\\/uploads\\\/2016\\\/02\\\/dent-pulling-vehicle-front_picture1_hires.jpg\",\"datePublished\":\"2017-09-18T08:05:39+00:00\",\"dateModified\":\"2017-12-21T07:55:01+00:00\",\"description\":\"SmartPullerin pystypilarin (B) s\u00e4\u00e4dett\u00e4vien tuentalevyjen (C) avulla saadaan nopeasti oikaisutuenta. T\u00e4ten monet oikaisuteht\u00e4v\u00e4t onnistuvat ilman auton\",\"breadcrumb\":{\"@id\":\"https:\\\/\\\/smartpuller.com\\\/fi\\\/oikaisukohteet\\\/etupaa\\\/#breadcrumb\"},\"inLanguage\":\"fi\",\"potentialAction\":[{\"@type\":\"ReadAction\",\"target\":[\"https:\\\/\\\/smartpuller.com\\\/fi\\\/oikaisukohteet\\\/etupaa\\\/\"]}]},{\"@type\":\"ImageObject\",\"inLanguage\":\"fi\",\"@id\":\"https:\\\/\\\/smartpuller.com\\\/fi\\\/oikaisukohteet\\\/etupaa\\\/#primaryimage\",\"url\":\"https:\\\/\\\/smartpuller.com\\\/\\\/wp-content\\\/uploads\\\/2016\\\/02\\\/dent-pulling-vehicle-front_picture1_hires.jpg\",\"contentUrl\":\"https:\\\/\\\/smartpuller.com\\\/\\\/wp-content\\\/uploads\\\/2016\\\/02\\\/dent-pulling-vehicle-front_picture1_hires.jpg\"},{\"@type\":\"BreadcrumbList\",\"@id\":\"https:\\\/\\\/smartpuller.com\\\/fi\\\/oikaisukohteet\\\/etupaa\\\/#breadcrumb\",\"itemListElement\":[{\"@type\":\"ListItem\",\"position\":1,\"name\":\"Home\",\"item\":\"https:\\\/\\\/smartpuller.com\\\/fi\\\/\"},{\"@type\":\"ListItem\",\"position\":2,\"name\":\"Oikaisukohteet\",\"item\":\"https:\\\/\\\/smartpuller.com\\\/fi\\\/oikaisukohteet\\\/\"},{\"@type\":\"ListItem\",\"position\":3,\"name\":\"Auton etup\u00e4\u00e4n oikaisu\"}]},{\"@type\":\"WebSite\",\"@id\":\"https:\\\/\\\/smartpuller.com\\\/fi\\\/#website\",\"url\":\"https:\\\/\\\/smartpuller.com\\\/fi\\\/\",\"name\":\"SmartPuller\",\"description\":\"SmartPuller\",\"potentialAction\":[{\"@type\":\"SearchAction\",\"target\":{\"@type\":\"EntryPoint\",\"urlTemplate\":\"https:\\\/\\\/smartpuller.com\\\/fi\\\/?s={search_term_string}\"},\"query-input\":{\"@type\":\"PropertyValueSpecification\",\"valueRequired\":true,\"valueName\":\"search_term_string\"}}],\"inLanguage\":\"fi\"}]}<\/script>\n<!-- \/ Yoast SEO plugin. -->","yoast_head_json":{"title":"Auton etup\u00e4\u00e4n oikaisu","description":"SmartPullerin pystypilarin (B) s\u00e4\u00e4dett\u00e4vien tuentalevyjen (C) avulla saadaan nopeasti oikaisutuenta. T\u00e4ten monet oikaisuteht\u00e4v\u00e4t onnistuvat ilman auton","robots":{"index":"noindex","follow":"follow"},"og_locale":"fi_FI","og_type":"article","og_title":"Auton etup\u00e4\u00e4n oikaisu","og_description":"SmartPullerin pystypilarin (B) s\u00e4\u00e4dett\u00e4vien tuentalevyjen (C) avulla saadaan nopeasti oikaisutuenta. T\u00e4ten monet oikaisuteht\u00e4v\u00e4t onnistuvat ilman auton","og_url":"https:\/\/smartpuller.com\/fi\/oikaisukohteet\/etupaa\/","og_site_name":"SmartPuller","article_publisher":"https:\/\/www.facebook.com\/smartpuller\/","article_modified_time":"2017-12-21T07:55:01+00:00","og_image":[{"url":"https:\/\/smartpuller.com\/wp-content\/uploads\/2016\/01\/vehicle-front-with-accessories_picture1.jpg","type":"","width":"","height":""}],"twitter_card":"summary_large_image","twitter_misc":{"Arvioitu lukuaika":"1 minuutti"},"schema":{"@context":"https:\/\/schema.org","@graph":[{"@type":"WebPage","@id":"https:\/\/smartpuller.com\/fi\/oikaisukohteet\/etupaa\/","url":"https:\/\/smartpuller.com\/fi\/oikaisukohteet\/etupaa\/","name":"Auton etup\u00e4\u00e4n oikaisu","isPartOf":{"@id":"https:\/\/smartpuller.com\/fi\/#website"},"primaryImageOfPage":{"@id":"https:\/\/smartpuller.com\/fi\/oikaisukohteet\/etupaa\/#primaryimage"},"image":{"@id":"https:\/\/smartpuller.com\/fi\/oikaisukohteet\/etupaa\/#primaryimage"},"thumbnailUrl":"https:\/\/smartpuller.com\/\/wp-content\/uploads\/2016\/02\/dent-pulling-vehicle-front_picture1_hires.jpg","datePublished":"2017-09-18T08:05:39+00:00","dateModified":"2017-12-21T07:55:01+00:00","description":"SmartPullerin pystypilarin (B) s\u00e4\u00e4dett\u00e4vien tuentalevyjen (C) avulla saadaan nopeasti oikaisutuenta. T\u00e4ten monet oikaisuteht\u00e4v\u00e4t onnistuvat ilman auton","breadcrumb":{"@id":"https:\/\/smartpuller.com\/fi\/oikaisukohteet\/etupaa\/#breadcrumb"},"inLanguage":"fi","potentialAction":[{"@type":"ReadAction","target":["https:\/\/smartpuller.com\/fi\/oikaisukohteet\/etupaa\/"]}]},{"@type":"ImageObject","inLanguage":"fi","@id":"https:\/\/smartpuller.com\/fi\/oikaisukohteet\/etupaa\/#primaryimage","url":"https:\/\/smartpuller.com\/\/wp-content\/uploads\/2016\/02\/dent-pulling-vehicle-front_picture1_hires.jpg","contentUrl":"https:\/\/smartpuller.com\/\/wp-content\/uploads\/2016\/02\/dent-pulling-vehicle-front_picture1_hires.jpg"},{"@type":"BreadcrumbList","@id":"https:\/\/smartpuller.com\/fi\/oikaisukohteet\/etupaa\/#breadcrumb","itemListElement":[{"@type":"ListItem","position":1,"name":"Home","item":"https:\/\/smartpuller.com\/fi\/"},{"@type":"ListItem","position":2,"name":"Oikaisukohteet","item":"https:\/\/smartpuller.com\/fi\/oikaisukohteet\/"},{"@type":"ListItem","position":3,"name":"Auton etup\u00e4\u00e4n oikaisu"}]},{"@type":"WebSite","@id":"https:\/\/smartpuller.com\/fi\/#website","url":"https:\/\/smartpuller.com\/fi\/","name":"SmartPuller","description":"SmartPuller","potentialAction":[{"@type":"SearchAction","target":{"@type":"EntryPoint","urlTemplate":"https:\/\/smartpuller.com\/fi\/?s={search_term_string}"},"query-input":{"@type":"PropertyValueSpecification","valueRequired":true,"valueName":"search_term_string"}}],"inLanguage":"fi"}]}},"_links":{"self":[{"href":"https:\/\/smartpuller.com\/fi\/wp-json\/wp\/v2\/pages\/1975","targetHints":{"allow":["GET"]}}],"collection":[{"href":"https:\/\/smartpuller.com\/fi\/wp-json\/wp\/v2\/pages"}],"about":[{"href":"https:\/\/smartpuller.com\/fi\/wp-json\/wp\/v2\/types\/page"}],"author":[{"embeddable":true,"href":"https:\/\/smartpuller.com\/fi\/wp-json\/wp\/v2\/users\/101"}],"replies":[{"embeddable":true,"href":"https:\/\/smartpuller.com\/fi\/wp-json\/wp\/v2\/comments?post=1975"}],"version-history":[{"count":0,"href":"https:\/\/smartpuller.com\/fi\/wp-json\/wp\/v2\/pages\/1975\/revisions"}],"up":[{"embeddable":true,"href":"https:\/\/smartpuller.com\/fi\/wp-json\/wp\/v2\/pages\/262"}],"wp:attachment":[{"href":"https:\/\/smartpuller.com\/fi\/wp-json\/wp\/v2\/media?parent=1975"}],"curies":[{"name":"wp","href":"https:\/\/api.w.org\/{rel}","templated":true}]}}