{"id":1893,"date":"2017-09-14T10:54:39","date_gmt":"2017-09-14T07:54:39","guid":{"rendered":"https:\/\/smartpuller.com\/?page_id=1893"},"modified":"2017-09-14T11:07:49","modified_gmt":"2017-09-14T08:07:49","slug":"videot","status":"publish","type":"page","link":"https:\/\/smartpuller.com\/fi\/galleria\/videot\/","title":{"rendered":"Videogalleria"},"content":{"rendered":"<p>Videoilta n\u00e4et, kuinka helposti pintapeltien oikaisuty\u00f6 sujuu SmartPuller-laitteen avulla.<br \/>\nSmartPuller suoriutuu l\u00e4hes koko korin alueen oikaisuista kaikkiin tarvittaviin suuntiin.<\/p>\n<p>SmartPuller Esittelyvideo, lyhyt versio, englanninkielinen, (2:00)<\/p>\n<p><iframe loading=\"lazy\" style=\"max-width: 100%;\" src=\"https:\/\/www.youtube.com\/embed\/eZS2QNk2_JY\" width=\"360\" height=\"202\" frameborder=\"0\" allowfullscreen=\"allowfullscreen\"><\/iframe><\/p>\n<p>SmartPuller Esittelyvideo, pitk\u00e4 versio, englanninkielinen, (9:10)<\/p>\n<p><iframe loading=\"lazy\" style=\"max-width: 100%;\" src=\"https:\/\/www.youtube.com\/embed\/8F06yEDfYVY?rel=0\" width=\"360\" height=\"202\" frameborder=\"0\" allowfullscreen=\"allowfullscreen\"><\/iframe><\/p>\n<p>SmartPuller Koulutusvideo, pitk\u00e4 versio, englanninkielinen, (28:47)<\/p>\n<p><iframe loading=\"lazy\" style=\"max-width: 100%;\" src=\"https:\/\/www.youtube.com\/embed\/mckGvuvKcWE\" width=\"360\" height=\"202\" frameborder=\"0\" allowfullscreen=\"allowfullscreen\"><\/iframe><\/p>\n<p>Oven k\u00e4sittely SmartPuller-laitteella (englanninkielinen), (2:47)<\/p>\n<p><iframe loading=\"lazy\" style=\"max-width: 100%;\" src=\"https:\/\/www.youtube.com\/embed\/Hgty13_STx4\" width=\"360\" height=\"203\" frameborder=\"0\" allowfullscreen=\"allowfullscreen\"><\/iframe><\/p>\n","protected":false},"excerpt":{"rendered":"<p>Videoilta n\u00e4et, kuinka helposti pintapeltien oikaisuty\u00f6 sujuu SmartPuller-laitteen avulla. SmartPuller suoriutuu l\u00e4hes koko korin alueen oikaisuista kaikkiin tarvittaviin suuntiin. SmartPuller Esittelyvideo, lyhyt versio, englanninkielinen, (2:00) SmartPuller Esittelyvideo, pitk\u00e4 versio, englanninkielinen, (9:10) SmartPuller Koulutusvideo, pitk\u00e4 versio, englanninkielinen, (28:47) Oven k\u00e4sittely SmartPuller-laitteella (englanninkielinen), (2:47)<\/p>\n","protected":false},"author":101,"featured_media":0,"parent":1508,"menu_order":0,"comment_status":"closed","ping_status":"closed","template":"","meta":{"_genesis_hide_title":false,"_genesis_hide_breadcrumbs":false,"_genesis_hide_singular_image":false,"_genesis_hide_footer_widgets":false,"_genesis_custom_body_class":"","_genesis_custom_post_class":"","_genesis_layout":"","footnotes":""},"class_list":{"0":"post-1893","1":"page","2":"type-page","3":"status-publish","5":"entry"},"yoast_head":"<!-- This site is optimized with the Yoast SEO plugin v27.4 - https:\/\/yoast.com\/product\/yoast-seo-wordpress\/ -->\n<title>SmartPuller Videogalleria. N\u00e4e kaikki tuotevideot t\u00e4\u00e4lt\u00e4.<\/title>\n<meta name=\"description\" content=\"SmartPuller videot opastavat sinut k\u00e4ytt\u00e4m\u00e4\u00e4n j\u00e4rjestelm\u00e4\u00e4 helposti. Se on sopiva l\u00e4hes kaikkiin korjaamon oikaisuteht\u00e4viin.\" \/>\n<meta name=\"robots\" content=\"index, follow, max-snippet:-1, max-image-preview:large, max-video-preview:-1\" \/>\n<link rel=\"canonical\" href=\"https:\/\/smartpuller.com\/fi\/galleria\/videot\/\" \/>\n<meta property=\"og:locale\" content=\"fi_FI\" \/>\n<meta property=\"og:type\" content=\"article\" \/>\n<meta property=\"og:title\" content=\"SmartPuller Videogalleria. N\u00e4e kaikki tuotevideot t\u00e4\u00e4lt\u00e4.\" \/>\n<meta property=\"og:description\" content=\"SmartPuller videot opastavat sinut k\u00e4ytt\u00e4m\u00e4\u00e4n j\u00e4rjestelm\u00e4\u00e4 helposti. Se on sopiva l\u00e4hes kaikkiin korjaamon oikaisuteht\u00e4viin.\" \/>\n<meta property=\"og:url\" content=\"https:\/\/smartpuller.com\/fi\/galleria\/videot\/\" \/>\n<meta property=\"og:site_name\" content=\"SmartPuller\" \/>\n<meta property=\"article:publisher\" content=\"https:\/\/www.facebook.com\/smartpuller\/\" \/>\n<meta property=\"article:modified_time\" content=\"2017-09-14T08:07:49+00:00\" \/>\n<meta name=\"twitter:card\" content=\"summary_large_image\" \/>\n<script type=\"application\/ld+json\" class=\"yoast-schema-graph\">{\"@context\":\"https:\\\/\\\/schema.org\",\"@graph\":[{\"@type\":\"WebPage\",\"@id\":\"https:\\\/\\\/smartpuller.com\\\/fi\\\/galleria\\\/videot\\\/\",\"url\":\"https:\\\/\\\/smartpuller.com\\\/fi\\\/galleria\\\/videot\\\/\",\"name\":\"SmartPuller Videogalleria. N\u00e4e kaikki tuotevideot t\u00e4\u00e4lt\u00e4.\",\"isPartOf\":{\"@id\":\"https:\\\/\\\/smartpuller.com\\\/fi\\\/#website\"},\"datePublished\":\"2017-09-14T07:54:39+00:00\",\"dateModified\":\"2017-09-14T08:07:49+00:00\",\"description\":\"SmartPuller videot opastavat sinut k\u00e4ytt\u00e4m\u00e4\u00e4n j\u00e4rjestelm\u00e4\u00e4 helposti. Se on sopiva l\u00e4hes kaikkiin korjaamon oikaisuteht\u00e4viin.\",\"breadcrumb\":{\"@id\":\"https:\\\/\\\/smartpuller.com\\\/fi\\\/galleria\\\/videot\\\/#breadcrumb\"},\"inLanguage\":\"fi\",\"potentialAction\":[{\"@type\":\"ReadAction\",\"target\":[\"https:\\\/\\\/smartpuller.com\\\/fi\\\/galleria\\\/videot\\\/\"]}]},{\"@type\":\"BreadcrumbList\",\"@id\":\"https:\\\/\\\/smartpuller.com\\\/fi\\\/galleria\\\/videot\\\/#breadcrumb\",\"itemListElement\":[{\"@type\":\"ListItem\",\"position\":1,\"name\":\"Home\",\"item\":\"https:\\\/\\\/smartpuller.com\\\/fi\\\/\"},{\"@type\":\"ListItem\",\"position\":2,\"name\":\"Galleria\",\"item\":\"https:\\\/\\\/smartpuller.com\\\/fi\\\/galleria\\\/\"},{\"@type\":\"ListItem\",\"position\":3,\"name\":\"Videogalleria\"}]},{\"@type\":\"WebSite\",\"@id\":\"https:\\\/\\\/smartpuller.com\\\/fi\\\/#website\",\"url\":\"https:\\\/\\\/smartpuller.com\\\/fi\\\/\",\"name\":\"SmartPuller\",\"description\":\"SmartPuller\",\"potentialAction\":[{\"@type\":\"SearchAction\",\"target\":{\"@type\":\"EntryPoint\",\"urlTemplate\":\"https:\\\/\\\/smartpuller.com\\\/fi\\\/?s={search_term_string}\"},\"query-input\":{\"@type\":\"PropertyValueSpecification\",\"valueRequired\":true,\"valueName\":\"search_term_string\"}}],\"inLanguage\":\"fi\"}]}<\/script>\n<!-- \/ Yoast SEO plugin. -->","yoast_head_json":{"title":"SmartPuller Videogalleria. N\u00e4e kaikki tuotevideot t\u00e4\u00e4lt\u00e4.","description":"SmartPuller videot opastavat sinut k\u00e4ytt\u00e4m\u00e4\u00e4n j\u00e4rjestelm\u00e4\u00e4 helposti. Se on sopiva l\u00e4hes kaikkiin korjaamon oikaisuteht\u00e4viin.","robots":{"index":"index","follow":"follow","max-snippet":"max-snippet:-1","max-image-preview":"max-image-preview:large","max-video-preview":"max-video-preview:-1"},"canonical":"https:\/\/smartpuller.com\/fi\/galleria\/videot\/","og_locale":"fi_FI","og_type":"article","og_title":"SmartPuller Videogalleria. N\u00e4e kaikki tuotevideot t\u00e4\u00e4lt\u00e4.","og_description":"SmartPuller videot opastavat sinut k\u00e4ytt\u00e4m\u00e4\u00e4n j\u00e4rjestelm\u00e4\u00e4 helposti. Se on sopiva l\u00e4hes kaikkiin korjaamon oikaisuteht\u00e4viin.","og_url":"https:\/\/smartpuller.com\/fi\/galleria\/videot\/","og_site_name":"SmartPuller","article_publisher":"https:\/\/www.facebook.com\/smartpuller\/","article_modified_time":"2017-09-14T08:07:49+00:00","twitter_card":"summary_large_image","schema":{"@context":"https:\/\/schema.org","@graph":[{"@type":"WebPage","@id":"https:\/\/smartpuller.com\/fi\/galleria\/videot\/","url":"https:\/\/smartpuller.com\/fi\/galleria\/videot\/","name":"SmartPuller Videogalleria. N\u00e4e kaikki tuotevideot t\u00e4\u00e4lt\u00e4.","isPartOf":{"@id":"https:\/\/smartpuller.com\/fi\/#website"},"datePublished":"2017-09-14T07:54:39+00:00","dateModified":"2017-09-14T08:07:49+00:00","description":"SmartPuller videot opastavat sinut k\u00e4ytt\u00e4m\u00e4\u00e4n j\u00e4rjestelm\u00e4\u00e4 helposti. Se on sopiva l\u00e4hes kaikkiin korjaamon oikaisuteht\u00e4viin.","breadcrumb":{"@id":"https:\/\/smartpuller.com\/fi\/galleria\/videot\/#breadcrumb"},"inLanguage":"fi","potentialAction":[{"@type":"ReadAction","target":["https:\/\/smartpuller.com\/fi\/galleria\/videot\/"]}]},{"@type":"BreadcrumbList","@id":"https:\/\/smartpuller.com\/fi\/galleria\/videot\/#breadcrumb","itemListElement":[{"@type":"ListItem","position":1,"name":"Home","item":"https:\/\/smartpuller.com\/fi\/"},{"@type":"ListItem","position":2,"name":"Galleria","item":"https:\/\/smartpuller.com\/fi\/galleria\/"},{"@type":"ListItem","position":3,"name":"Videogalleria"}]},{"@type":"WebSite","@id":"https:\/\/smartpuller.com\/fi\/#website","url":"https:\/\/smartpuller.com\/fi\/","name":"SmartPuller","description":"SmartPuller","potentialAction":[{"@type":"SearchAction","target":{"@type":"EntryPoint","urlTemplate":"https:\/\/smartpuller.com\/fi\/?s={search_term_string}"},"query-input":{"@type":"PropertyValueSpecification","valueRequired":true,"valueName":"search_term_string"}}],"inLanguage":"fi"}]}},"_links":{"self":[{"href":"https:\/\/smartpuller.com\/fi\/wp-json\/wp\/v2\/pages\/1893","targetHints":{"allow":["GET"]}}],"collection":[{"href":"https:\/\/smartpuller.com\/fi\/wp-json\/wp\/v2\/pages"}],"about":[{"href":"https:\/\/smartpuller.com\/fi\/wp-json\/wp\/v2\/types\/page"}],"author":[{"embeddable":true,"href":"https:\/\/smartpuller.com\/fi\/wp-json\/wp\/v2\/users\/101"}],"replies":[{"embeddable":true,"href":"https:\/\/smartpuller.com\/fi\/wp-json\/wp\/v2\/comments?post=1893"}],"version-history":[{"count":0,"href":"https:\/\/smartpuller.com\/fi\/wp-json\/wp\/v2\/pages\/1893\/revisions"}],"up":[{"embeddable":true,"href":"https:\/\/smartpuller.com\/fi\/wp-json\/wp\/v2\/pages\/1508"}],"wp:attachment":[{"href":"https:\/\/smartpuller.com\/fi\/wp-json\/wp\/v2\/media?parent=1893"}],"curies":[{"name":"wp","href":"https:\/\/api.w.org\/{rel}","templated":true}]}}