{"id":1861,"date":"2017-09-13T13:13:45","date_gmt":"2017-09-13T10:13:45","guid":{"rendered":"https:\/\/smartpuller.com\/?page_id=1861"},"modified":"2018-02-26T08:24:08","modified_gmt":"2018-02-26T06:24:08","slug":"ota-yhteytta","status":"publish","type":"page","link":"https:\/\/smartpuller.com\/fi\/yhteydenotto\/ota-yhteytta\/","title":{"rendered":"Ota yhteytt\u00e4"},"content":{"rendered":"<h4>Yhteystiedot:<\/h4>\n<p><b>Autorobot Finland Oy<\/b><br \/>\nYritt\u00e4j\u00e4ntie 23<br \/>\n70150 Kuopio<br \/>\nFinland<\/p>\n<p>Toimistoajat: ma-pe 08.00-16.00<br \/>\n<b>Puh.<\/b> 010 322 5711 \/ <\/b> 050-408 0937<\/p>\n<p>Yleiset kysymykset: l\u00e4het\u00e4 s\u00e4hk\u00f6postia osoitteeseen <script type=\"text\/javascript\">document.write(\"<a href='\" + \"mail\" + \"to:\" + \"autorobot\" + \"@\" + \"autorobot.fi\" + \"'>\");<\/script>autorobot<!-- no bots -->@<!-- please -->autorobot.fi<script type=\"text\/javascript\">document.write(\"<\/a>\");<\/script><\/p>\n\n<div class=\"wpcf7 no-js\" id=\"wpcf7-f1562-o1\" lang=\"en-US\" dir=\"ltr\" data-wpcf7-id=\"1562\">\n<div class=\"screen-reader-response\"><p role=\"status\" aria-live=\"polite\" aria-atomic=\"true\"><\/p> <ul><\/ul><\/div>\n<form action=\"\/fi\/wp-json\/wp\/v2\/pages\/1861#wpcf7-f1562-o1\" method=\"post\" class=\"wpcf7-form init\" aria-label=\"Contact form\" novalidate=\"novalidate\" data-status=\"init\">\n<fieldset class=\"hidden-fields-container\"><input type=\"hidden\" name=\"_wpcf7\" value=\"1562\" \/><input type=\"hidden\" name=\"_wpcf7_version\" value=\"6.1.5\" \/><input type=\"hidden\" name=\"_wpcf7_locale\" value=\"en_US\" \/><input type=\"hidden\" name=\"_wpcf7_unit_tag\" value=\"wpcf7-f1562-o1\" \/><input type=\"hidden\" name=\"_wpcf7_container_post\" value=\"0\" \/><input type=\"hidden\" name=\"_wpcf7_posted_data_hash\" value=\"\" \/><input type=\"hidden\" name=\"_wpcf7_recaptcha_response\" value=\"\" \/>\n<\/fieldset>\n<p>Nimi <small>(*pakollinen)<\/small>\n<\/p>\n<p><span class=\"wpcf7-form-control-wrap\" data-name=\"mc4wp-MMERGE1\"><input size=\"40\" maxlength=\"400\" class=\"wpcf7-form-control wpcf7-text wpcf7-validates-as-required\" aria-required=\"true\" aria-invalid=\"false\" value=\"\" type=\"text\" name=\"mc4wp-MMERGE1\" \/><\/span>\n<\/p>\n<p>Yritys\n<\/p>\n<p><span class=\"wpcf7-form-control-wrap\" data-name=\"COMPANY\"><input size=\"40\" maxlength=\"400\" class=\"wpcf7-form-control wpcf7-text\" aria-invalid=\"false\" value=\"\" type=\"text\" name=\"COMPANY\" \/><\/span>\n<\/p>\n<input class=\"wpcf7-form-control wpcf7-hidden\" value=\"Finland\" type=\"hidden\" name=\"mc4wp-MMERGE7\" \/>\n<p>Katuosoite\n<\/p>\n<p><span class=\"wpcf7-form-control-wrap\" data-name=\"form-street\"><input size=\"40\" maxlength=\"400\" class=\"wpcf7-form-control wpcf7-text\" aria-invalid=\"false\" value=\"\" type=\"text\" name=\"form-street\" \/><\/span>\n<\/p>\n<p>Postinumero ja -toimipaikka\n<\/p>\n<p><span class=\"wpcf7-form-control-wrap\" data-name=\"form-mail\"><input size=\"40\" maxlength=\"400\" class=\"wpcf7-form-control wpcf7-text\" aria-invalid=\"false\" value=\"\" type=\"text\" name=\"form-mail\" \/><\/span>\n<\/p>\n<p>Puhelin\n<\/p>\n<p><span class=\"wpcf7-form-control-wrap\" data-name=\"form-phone\"><input size=\"40\" maxlength=\"400\" class=\"wpcf7-form-control wpcf7-text\" aria-invalid=\"false\" value=\"\" type=\"text\" name=\"form-phone\" \/><\/span>\n<\/p>\n<p>S\u00e4hk\u00f6posti <small>(*pakollinen)<\/small>\n<\/p>\n<p><span class=\"wpcf7-form-control-wrap\" data-name=\"mc4wp-EMAIL\"><input size=\"40\" maxlength=\"400\" class=\"wpcf7-form-control wpcf7-email wpcf7-validates-as-required wpcf7-text wpcf7-validates-as-email\" aria-required=\"true\" aria-invalid=\"false\" value=\"\" type=\"email\" name=\"mc4wp-EMAIL\" \/><\/span>\n<\/p>\n<p>Viesti\n<\/p>\n<p><span class=\"wpcf7-form-control-wrap\" data-name=\"form-message\"><textarea cols=\"40\" rows=\"10\" maxlength=\"2000\" class=\"wpcf7-form-control wpcf7-textarea\" aria-invalid=\"false\" name=\"form-message\"><\/textarea><\/span>\n<\/p>\n<p><!-- Mailchimp for WordPress v4.12.1 - https:\/\/www.mc4wp.com\/ --><input type=\"hidden\" name=\"_mc4wp_subscribe_contact-form-7\" value=\"0\" \/><span class=\"mc4wp-checkbox mc4wp-checkbox-contact-form-7 \"><label><input type=\"checkbox\" name=\"_mc4wp_subscribe_contact-form-7\" value=\"1\" checked=\"checked\"><span>Tilaa SmartPuller-uutiskirje niin saat tuotetietoa s\u00e4hk\u00f6postiisi.<\/span><\/label><\/span><!-- \/ Mailchimp for WordPress -->\n<\/p>\n<p><input type=\"hidden\" name=\"_mc4wp_lists[]\" value=\"8b6c3f8d6e\" \/>\n<\/p>\n\n<p><input class=\"wpcf7-form-control wpcf7-submit has-spinner\" type=\"submit\" value=\"L\u00e4het\u00e4\" \/>\n<\/p><div class=\"wpcf7-response-output\" aria-hidden=\"true\"><\/div>\n<\/form>\n<\/div>\n\n","protected":false},"excerpt":{"rendered":"<p>Yhteystiedot: Autorobot Finland Oy Yritt\u00e4j\u00e4ntie 23 70150 Kuopio Finland Toimistoajat: ma-pe 08.00-16.00 Puh. 010 322 5711 \/ 050-408 0937 Yleiset kysymykset: l\u00e4het\u00e4 s\u00e4hk\u00f6postia osoitteeseen autorobot@autorobot.fi<\/p>\n","protected":false},"author":101,"featured_media":0,"parent":301,"menu_order":0,"comment_status":"closed","ping_status":"closed","template":"","meta":{"_genesis_hide_title":false,"_genesis_hide_breadcrumbs":false,"_genesis_hide_singular_image":false,"_genesis_hide_footer_widgets":false,"_genesis_custom_body_class":"","_genesis_custom_post_class":"","_genesis_layout":"","footnotes":""},"class_list":{"0":"post-1861","1":"page","2":"type-page","3":"status-publish","5":"entry"},"yoast_head":"<!-- This site is optimized with the Yoast SEO plugin v27.4 - https:\/\/yoast.com\/product\/yoast-seo-wordpress\/ -->\n<title>Ota yhteytt\u00e4<\/title>\n<meta name=\"description\" content=\"Yhteystiedot: Autorobot Finland Oy Yritt\u00e4j\u00e4ntie 23 70150 Kuopio Finland Toimistoajat: ma-pe 08.00-16.00 Puh. 010 322 5711 \/ 050-408 0937 Yleiset\" \/>\n<meta name=\"robots\" content=\"index, follow, max-snippet:-1, max-image-preview:large, max-video-preview:-1\" \/>\n<link rel=\"canonical\" href=\"https:\/\/smartpuller.com\/fi\/yhteydenotto\/ota-yhteytta\/\" \/>\n<meta property=\"og:locale\" content=\"fi_FI\" \/>\n<meta property=\"og:type\" content=\"article\" \/>\n<meta property=\"og:title\" content=\"Ota yhteytt\u00e4\" \/>\n<meta property=\"og:description\" content=\"Yhteystiedot: Autorobot Finland Oy Yritt\u00e4j\u00e4ntie 23 70150 Kuopio Finland Toimistoajat: ma-pe 08.00-16.00 Puh. 010 322 5711 \/ 050-408 0937 Yleiset\" \/>\n<meta property=\"og:url\" content=\"https:\/\/smartpuller.com\/fi\/yhteydenotto\/ota-yhteytta\/\" \/>\n<meta property=\"og:site_name\" content=\"SmartPuller\" \/>\n<meta property=\"article:publisher\" content=\"https:\/\/www.facebook.com\/smartpuller\/\" \/>\n<meta property=\"article:modified_time\" content=\"2018-02-26T06:24:08+00:00\" \/>\n<meta name=\"twitter:card\" content=\"summary_large_image\" \/>\n<script type=\"application\/ld+json\" class=\"yoast-schema-graph\">{\"@context\":\"https:\\\/\\\/schema.org\",\"@graph\":[{\"@type\":\"WebPage\",\"@id\":\"https:\\\/\\\/smartpuller.com\\\/fi\\\/yhteydenotto\\\/ota-yhteytta\\\/\",\"url\":\"https:\\\/\\\/smartpuller.com\\\/fi\\\/yhteydenotto\\\/ota-yhteytta\\\/\",\"name\":\"Ota yhteytt\u00e4\",\"isPartOf\":{\"@id\":\"https:\\\/\\\/smartpuller.com\\\/fi\\\/#website\"},\"datePublished\":\"2017-09-13T10:13:45+00:00\",\"dateModified\":\"2018-02-26T06:24:08+00:00\",\"description\":\"Yhteystiedot: Autorobot Finland Oy Yritt\u00e4j\u00e4ntie 23 70150 Kuopio Finland Toimistoajat: ma-pe 08.00-16.00 Puh. 010 322 5711 \\\/ 050-408 0937 Yleiset\",\"breadcrumb\":{\"@id\":\"https:\\\/\\\/smartpuller.com\\\/fi\\\/yhteydenotto\\\/ota-yhteytta\\\/#breadcrumb\"},\"inLanguage\":\"fi\",\"potentialAction\":[{\"@type\":\"ReadAction\",\"target\":[\"https:\\\/\\\/smartpuller.com\\\/fi\\\/yhteydenotto\\\/ota-yhteytta\\\/\"]}]},{\"@type\":\"BreadcrumbList\",\"@id\":\"https:\\\/\\\/smartpuller.com\\\/fi\\\/yhteydenotto\\\/ota-yhteytta\\\/#breadcrumb\",\"itemListElement\":[{\"@type\":\"ListItem\",\"position\":1,\"name\":\"Home\",\"item\":\"https:\\\/\\\/smartpuller.com\\\/fi\\\/\"},{\"@type\":\"ListItem\",\"position\":2,\"name\":\"Yhteydenotto\",\"item\":\"https:\\\/\\\/smartpuller.com\\\/fi\\\/yhteydenotto\\\/\"},{\"@type\":\"ListItem\",\"position\":3,\"name\":\"Ota yhteytt\u00e4\"}]},{\"@type\":\"WebSite\",\"@id\":\"https:\\\/\\\/smartpuller.com\\\/fi\\\/#website\",\"url\":\"https:\\\/\\\/smartpuller.com\\\/fi\\\/\",\"name\":\"SmartPuller\",\"description\":\"SmartPuller\",\"potentialAction\":[{\"@type\":\"SearchAction\",\"target\":{\"@type\":\"EntryPoint\",\"urlTemplate\":\"https:\\\/\\\/smartpuller.com\\\/fi\\\/?s={search_term_string}\"},\"query-input\":{\"@type\":\"PropertyValueSpecification\",\"valueRequired\":true,\"valueName\":\"search_term_string\"}}],\"inLanguage\":\"fi\"}]}<\/script>\n<!-- \/ Yoast SEO plugin. -->","yoast_head_json":{"title":"Ota yhteytt\u00e4","description":"Yhteystiedot: Autorobot Finland Oy Yritt\u00e4j\u00e4ntie 23 70150 Kuopio Finland Toimistoajat: ma-pe 08.00-16.00 Puh. 010 322 5711 \/ 050-408 0937 Yleiset","robots":{"index":"index","follow":"follow","max-snippet":"max-snippet:-1","max-image-preview":"max-image-preview:large","max-video-preview":"max-video-preview:-1"},"canonical":"https:\/\/smartpuller.com\/fi\/yhteydenotto\/ota-yhteytta\/","og_locale":"fi_FI","og_type":"article","og_title":"Ota yhteytt\u00e4","og_description":"Yhteystiedot: Autorobot Finland Oy Yritt\u00e4j\u00e4ntie 23 70150 Kuopio Finland Toimistoajat: ma-pe 08.00-16.00 Puh. 010 322 5711 \/ 050-408 0937 Yleiset","og_url":"https:\/\/smartpuller.com\/fi\/yhteydenotto\/ota-yhteytta\/","og_site_name":"SmartPuller","article_publisher":"https:\/\/www.facebook.com\/smartpuller\/","article_modified_time":"2018-02-26T06:24:08+00:00","twitter_card":"summary_large_image","schema":{"@context":"https:\/\/schema.org","@graph":[{"@type":"WebPage","@id":"https:\/\/smartpuller.com\/fi\/yhteydenotto\/ota-yhteytta\/","url":"https:\/\/smartpuller.com\/fi\/yhteydenotto\/ota-yhteytta\/","name":"Ota yhteytt\u00e4","isPartOf":{"@id":"https:\/\/smartpuller.com\/fi\/#website"},"datePublished":"2017-09-13T10:13:45+00:00","dateModified":"2018-02-26T06:24:08+00:00","description":"Yhteystiedot: Autorobot Finland Oy Yritt\u00e4j\u00e4ntie 23 70150 Kuopio Finland Toimistoajat: ma-pe 08.00-16.00 Puh. 010 322 5711 \/ 050-408 0937 Yleiset","breadcrumb":{"@id":"https:\/\/smartpuller.com\/fi\/yhteydenotto\/ota-yhteytta\/#breadcrumb"},"inLanguage":"fi","potentialAction":[{"@type":"ReadAction","target":["https:\/\/smartpuller.com\/fi\/yhteydenotto\/ota-yhteytta\/"]}]},{"@type":"BreadcrumbList","@id":"https:\/\/smartpuller.com\/fi\/yhteydenotto\/ota-yhteytta\/#breadcrumb","itemListElement":[{"@type":"ListItem","position":1,"name":"Home","item":"https:\/\/smartpuller.com\/fi\/"},{"@type":"ListItem","position":2,"name":"Yhteydenotto","item":"https:\/\/smartpuller.com\/fi\/yhteydenotto\/"},{"@type":"ListItem","position":3,"name":"Ota yhteytt\u00e4"}]},{"@type":"WebSite","@id":"https:\/\/smartpuller.com\/fi\/#website","url":"https:\/\/smartpuller.com\/fi\/","name":"SmartPuller","description":"SmartPuller","potentialAction":[{"@type":"SearchAction","target":{"@type":"EntryPoint","urlTemplate":"https:\/\/smartpuller.com\/fi\/?s={search_term_string}"},"query-input":{"@type":"PropertyValueSpecification","valueRequired":true,"valueName":"search_term_string"}}],"inLanguage":"fi"}]}},"_links":{"self":[{"href":"https:\/\/smartpuller.com\/fi\/wp-json\/wp\/v2\/pages\/1861","targetHints":{"allow":["GET"]}}],"collection":[{"href":"https:\/\/smartpuller.com\/fi\/wp-json\/wp\/v2\/pages"}],"about":[{"href":"https:\/\/smartpuller.com\/fi\/wp-json\/wp\/v2\/types\/page"}],"author":[{"embeddable":true,"href":"https:\/\/smartpuller.com\/fi\/wp-json\/wp\/v2\/users\/101"}],"replies":[{"embeddable":true,"href":"https:\/\/smartpuller.com\/fi\/wp-json\/wp\/v2\/comments?post=1861"}],"version-history":[{"count":0,"href":"https:\/\/smartpuller.com\/fi\/wp-json\/wp\/v2\/pages\/1861\/revisions"}],"up":[{"embeddable":true,"href":"https:\/\/smartpuller.com\/fi\/wp-json\/wp\/v2\/pages\/301"}],"wp:attachment":[{"href":"https:\/\/smartpuller.com\/fi\/wp-json\/wp\/v2\/media?parent=1861"}],"curies":[{"name":"wp","href":"https:\/\/api.w.org\/{rel}","templated":true}]}}