{"id":1829,"date":"2017-09-08T09:47:49","date_gmt":"2017-09-08T06:47:49","guid":{"rendered":"https:\/\/smartpuller.com\/?page_id=1829"},"modified":"2023-08-21T15:32:31","modified_gmt":"2023-08-21T12:32:31","slug":"aitoustakuu","status":"publish","type":"page","link":"https:\/\/smartpuller.com\/fi\/tuki\/aitoustakuu\/","title":{"rendered":"Aitoustakuu"},"content":{"rendered":"<div id=\"takuusymbolit\" class=\"alignright\"><img loading=\"lazy\" decoding=\"async\" class=\"alignnone size-full wp-image-1715\" src=\"https:\/\/smartpuller.com\/wp-content\/uploads\/2017\/09\/SmartPuller_warranty_sign.png\" alt=\"\" width=\"180\" height=\"283\" srcset=\"https:\/\/smartpuller.com\/wp-content\/uploads\/2017\/09\/SmartPuller_warranty_sign.png 250w, https:\/\/smartpuller.com\/wp-content\/uploads\/2017\/09\/SmartPuller_warranty_sign-191x300.png 191w\" sizes=\"auto, (max-width: 180px) 100vw, 180px\" \/><br \/>\n<img loading=\"lazy\" decoding=\"async\" class=\"wp-image-1854 size-full alignnone\" src=\"https:\/\/smartpuller.com\/wp-content\/uploads\/2017\/09\/hologram-sticker-191x300.jpg\" alt=\"\" width=\"191\" height=\"300\" srcset=\"https:\/\/smartpuller.com\/wp-content\/uploads\/2017\/09\/hologram-sticker-191x300.jpg 191w, https:\/\/smartpuller.com\/wp-content\/uploads\/2017\/09\/hologram-sticker.jpg 250w\" sizes=\"auto, (max-width: 191px) 100vw, 191px\" \/><\/div>\n<p>Aito SmartPuller on Autorobot Finland Oy:n kehitt\u00e4m\u00e4 ja valmistama laatutuote. Markkinoilta on tavattu my\u00f6s alkuper\u00e4isten Autorobot SmartPuller -tuotteiden halpoja kiinalaisia kopioita, joita on jopa markkinoitu alkuper\u00e4isten Autorobot SmartPuller -tuotteiden tuotekuvilla, myynti\u00admateriaalilla sek\u00e4 n\u00e4iss\u00e4 kopiotuotteissa on k\u00e4ytetty jopa kopioituja Autorobot Br\u00e4nd -tarroja.<\/p>\n<p>Alkuper\u00e4iset Autorobot Finland Oy:n valmistamat SmartPuller -tuotteet on valmistettu Suomessa ja ne ovat tunnettua, kest\u00e4v\u00e4\u00e4 sek\u00e4 pitk\u00e4ik\u00e4ist\u00e4 Autorobot tuotelaatua. Tuote on patentoitu Suomessa ja muutamissa muissa maissa.<\/p>\n<p>SmartPullerin-kopiotuotteiden myyminen rikkoo Autorobot SmartPuller alkuper\u00e4istuotteiden tuoteoikeutta ja patentin astuessa voimaan my\u00f6s kopiotuotteen k\u00e4ytt\u00e4minen on lainvastaista. Lis\u00e4ksi n\u00e4m\u00e4 halvat tuotekopiot eiv\u00e4t vastaa tuoteominaisuuksiltaan alkuper\u00e4isi\u00e4 Autorobot SmartPuller -tuotteita ja voivat aiheuttaa rikkoutuessaan mahdollisia vaaratilanteita sek\u00e4 laitteen k\u00e4ytt\u00e4j\u00e4lle, ett\u00e4 ymp\u00e4rist\u00f6ss\u00e4 oleville muille henkil\u00f6ille ja materiaaleille.<\/p>\n<h4>Kuinka voin varmistua SmartPullerin aitoudesta?<\/h4>\n<ul>\n<li>Tuotteesta l\u00f6ytyy \u201dGenuine authentic\u201d \u2013hologrammitarra (alk. syyskuu 2017), ks. lis\u00e4tietoa <a href=\"https:\/\/smartpuller.com\/fi\/tuki\/takuu\/\">t\u00e4\u00e4lt\u00e4<\/a><\/li>\n<li>Tuotteen mukana on toimitettu takuutodistus, jossa on ohje pidennetyst\u00e4 takuusta rekister\u00f6ityneille asiakkaille (alk. syyskuu 2017), ks. lis\u00e4tietoa <a href=\"https:\/\/smartpuller.com\/fi\/tuki\/takuu\/takuuehdot\/\">t\u00e4\u00e4lt\u00e4<\/a><\/li>\n<li>Olet hankkimassa SmartPullerin Autorobot Finland Oy:n valtuuttaman j\u00e4lleenmyyj\u00e4n kautta tai suoraan Autorobot Finland Oy:lt\u00e4\/SmartPullerin verkkokaupasta (rajoitetut maat). T\u00e4m\u00e4n SmartPuller-sivuston kautta tulleet kontaktit ohjataan automaattisesti virallisten j\u00e4lleenmyyjien hoidettavaksi tai k\u00e4sitell\u00e4\u00e4n Autorobot Finland Oy:ll\u00e4.<\/li>\n<\/ul>\n<p>Jos huomaat markkinoilla olevissa tuotteissa jotain ep\u00e4ilytt\u00e4v\u00e4\u00e4 tai et ole varma hankkimasi SmartPullerin aitoudesta, pyyd\u00e4mme ottamaan meihin yhteytt\u00e4 s\u00e4hk\u00f6postilla <a href=\"mailto:info@smartpuller.com\">info@smartpuller.com<\/a> tai puhelimitse +358 10\u00a0322 5711 \/ +358 50 4080937.<\/p>\n","protected":false},"excerpt":{"rendered":"<p>Aito SmartPuller on Autorobot Finland Oy:n kehitt\u00e4m\u00e4 ja valmistama laatutuote. Markkinoilta on tavattu my\u00f6s alkuper\u00e4isten Autorobot SmartPuller -tuotteiden halpoja kiinalaisia kopioita, joita on jopa markkinoitu alkuper\u00e4isten Autorobot SmartPuller -tuotteiden tuotekuvilla, myynti\u00admateriaalilla sek\u00e4 n\u00e4iss\u00e4 kopiotuotteissa on k\u00e4ytetty jopa kopioituja Autorobot Br\u00e4nd -tarroja. Alkuper\u00e4iset Autorobot Finland Oy:n valmistamat SmartPuller -tuotteet on valmistettu Suomessa ja ne ovat tunnettua, [&hellip;]<\/p>\n","protected":false},"author":101,"featured_media":0,"parent":298,"menu_order":0,"comment_status":"closed","ping_status":"closed","template":"","meta":{"_genesis_hide_title":false,"_genesis_hide_breadcrumbs":false,"_genesis_hide_singular_image":false,"_genesis_hide_footer_widgets":false,"_genesis_custom_body_class":"","_genesis_custom_post_class":"","_genesis_layout":"","footnotes":""},"class_list":{"0":"post-1829","1":"page","2":"type-page","3":"status-publish","5":"entry"},"yoast_head":"<!-- This site is optimized with the Yoast SEO plugin v27.4 - https:\/\/yoast.com\/product\/yoast-seo-wordpress\/ -->\n<title>Aitoustakuu<\/title>\n<meta name=\"description\" content=\"\u00c4l\u00e4 luota kopioon! Aito SmartPuller on Autorobot Finland Oy:n kehitt\u00e4m\u00e4 ja valmistama laatutuote.\" \/>\n<meta name=\"robots\" content=\"index, follow, max-snippet:-1, max-image-preview:large, max-video-preview:-1\" \/>\n<link rel=\"canonical\" href=\"https:\/\/smartpuller.com\/fi\/tuki\/aitoustakuu\/\" \/>\n<meta property=\"og:locale\" content=\"fi_FI\" \/>\n<meta property=\"og:type\" content=\"article\" \/>\n<meta property=\"og:title\" content=\"Aitoustakuu\" \/>\n<meta property=\"og:description\" content=\"\u00c4l\u00e4 luota kopioon! Aito SmartPuller on Autorobot Finland Oy:n kehitt\u00e4m\u00e4 ja valmistama laatutuote.\" \/>\n<meta property=\"og:url\" content=\"https:\/\/smartpuller.com\/fi\/tuki\/aitoustakuu\/\" \/>\n<meta property=\"og:site_name\" content=\"SmartPuller\" \/>\n<meta property=\"article:publisher\" content=\"https:\/\/www.facebook.com\/smartpuller\/\" \/>\n<meta property=\"article:modified_time\" content=\"2023-08-21T12:32:31+00:00\" \/>\n<meta property=\"og:image\" content=\"https:\/\/smartpuller.com\/wp-content\/uploads\/2017\/09\/SmartPuller_warranty_sign.png\" \/>\n<meta name=\"twitter:card\" content=\"summary_large_image\" \/>\n<meta name=\"twitter:label1\" content=\"Arvioitu lukuaika\" \/>\n\t<meta name=\"twitter:data1\" content=\"1 minuutti\" \/>\n<script type=\"application\/ld+json\" class=\"yoast-schema-graph\">{\"@context\":\"https:\\\/\\\/schema.org\",\"@graph\":[{\"@type\":\"WebPage\",\"@id\":\"https:\\\/\\\/smartpuller.com\\\/fi\\\/tuki\\\/aitoustakuu\\\/\",\"url\":\"https:\\\/\\\/smartpuller.com\\\/fi\\\/tuki\\\/aitoustakuu\\\/\",\"name\":\"Aitoustakuu\",\"isPartOf\":{\"@id\":\"https:\\\/\\\/smartpuller.com\\\/fi\\\/#website\"},\"primaryImageOfPage\":{\"@id\":\"https:\\\/\\\/smartpuller.com\\\/fi\\\/tuki\\\/aitoustakuu\\\/#primaryimage\"},\"image\":{\"@id\":\"https:\\\/\\\/smartpuller.com\\\/fi\\\/tuki\\\/aitoustakuu\\\/#primaryimage\"},\"thumbnailUrl\":\"https:\\\/\\\/smartpuller.com\\\/wp-content\\\/uploads\\\/2017\\\/09\\\/SmartPuller_warranty_sign.png\",\"datePublished\":\"2017-09-08T06:47:49+00:00\",\"dateModified\":\"2023-08-21T12:32:31+00:00\",\"description\":\"\u00c4l\u00e4 luota kopioon! Aito SmartPuller on Autorobot Finland Oy:n kehitt\u00e4m\u00e4 ja valmistama laatutuote.\",\"breadcrumb\":{\"@id\":\"https:\\\/\\\/smartpuller.com\\\/fi\\\/tuki\\\/aitoustakuu\\\/#breadcrumb\"},\"inLanguage\":\"fi\",\"potentialAction\":[{\"@type\":\"ReadAction\",\"target\":[\"https:\\\/\\\/smartpuller.com\\\/fi\\\/tuki\\\/aitoustakuu\\\/\"]}]},{\"@type\":\"ImageObject\",\"inLanguage\":\"fi\",\"@id\":\"https:\\\/\\\/smartpuller.com\\\/fi\\\/tuki\\\/aitoustakuu\\\/#primaryimage\",\"url\":\"https:\\\/\\\/smartpuller.com\\\/wp-content\\\/uploads\\\/2017\\\/09\\\/SmartPuller_warranty_sign.png\",\"contentUrl\":\"https:\\\/\\\/smartpuller.com\\\/wp-content\\\/uploads\\\/2017\\\/09\\\/SmartPuller_warranty_sign.png\"},{\"@type\":\"BreadcrumbList\",\"@id\":\"https:\\\/\\\/smartpuller.com\\\/fi\\\/tuki\\\/aitoustakuu\\\/#breadcrumb\",\"itemListElement\":[{\"@type\":\"ListItem\",\"position\":1,\"name\":\"Home\",\"item\":\"https:\\\/\\\/smartpuller.com\\\/fi\\\/\"},{\"@type\":\"ListItem\",\"position\":2,\"name\":\"Tuki\",\"item\":\"https:\\\/\\\/smartpuller.com\\\/fi\\\/tuki\\\/\"},{\"@type\":\"ListItem\",\"position\":3,\"name\":\"Aitoustakuu\"}]},{\"@type\":\"WebSite\",\"@id\":\"https:\\\/\\\/smartpuller.com\\\/fi\\\/#website\",\"url\":\"https:\\\/\\\/smartpuller.com\\\/fi\\\/\",\"name\":\"SmartPuller\",\"description\":\"SmartPuller\",\"potentialAction\":[{\"@type\":\"SearchAction\",\"target\":{\"@type\":\"EntryPoint\",\"urlTemplate\":\"https:\\\/\\\/smartpuller.com\\\/fi\\\/?s={search_term_string}\"},\"query-input\":{\"@type\":\"PropertyValueSpecification\",\"valueRequired\":true,\"valueName\":\"search_term_string\"}}],\"inLanguage\":\"fi\"}]}<\/script>\n<!-- \/ Yoast SEO plugin. -->","yoast_head_json":{"title":"Aitoustakuu","description":"\u00c4l\u00e4 luota kopioon! Aito SmartPuller on Autorobot Finland Oy:n kehitt\u00e4m\u00e4 ja valmistama laatutuote.","robots":{"index":"index","follow":"follow","max-snippet":"max-snippet:-1","max-image-preview":"max-image-preview:large","max-video-preview":"max-video-preview:-1"},"canonical":"https:\/\/smartpuller.com\/fi\/tuki\/aitoustakuu\/","og_locale":"fi_FI","og_type":"article","og_title":"Aitoustakuu","og_description":"\u00c4l\u00e4 luota kopioon! Aito SmartPuller on Autorobot Finland Oy:n kehitt\u00e4m\u00e4 ja valmistama laatutuote.","og_url":"https:\/\/smartpuller.com\/fi\/tuki\/aitoustakuu\/","og_site_name":"SmartPuller","article_publisher":"https:\/\/www.facebook.com\/smartpuller\/","article_modified_time":"2023-08-21T12:32:31+00:00","og_image":[{"url":"https:\/\/smartpuller.com\/wp-content\/uploads\/2017\/09\/SmartPuller_warranty_sign.png","type":"","width":"","height":""}],"twitter_card":"summary_large_image","twitter_misc":{"Arvioitu lukuaika":"1 minuutti"},"schema":{"@context":"https:\/\/schema.org","@graph":[{"@type":"WebPage","@id":"https:\/\/smartpuller.com\/fi\/tuki\/aitoustakuu\/","url":"https:\/\/smartpuller.com\/fi\/tuki\/aitoustakuu\/","name":"Aitoustakuu","isPartOf":{"@id":"https:\/\/smartpuller.com\/fi\/#website"},"primaryImageOfPage":{"@id":"https:\/\/smartpuller.com\/fi\/tuki\/aitoustakuu\/#primaryimage"},"image":{"@id":"https:\/\/smartpuller.com\/fi\/tuki\/aitoustakuu\/#primaryimage"},"thumbnailUrl":"https:\/\/smartpuller.com\/wp-content\/uploads\/2017\/09\/SmartPuller_warranty_sign.png","datePublished":"2017-09-08T06:47:49+00:00","dateModified":"2023-08-21T12:32:31+00:00","description":"\u00c4l\u00e4 luota kopioon! Aito SmartPuller on Autorobot Finland Oy:n kehitt\u00e4m\u00e4 ja valmistama laatutuote.","breadcrumb":{"@id":"https:\/\/smartpuller.com\/fi\/tuki\/aitoustakuu\/#breadcrumb"},"inLanguage":"fi","potentialAction":[{"@type":"ReadAction","target":["https:\/\/smartpuller.com\/fi\/tuki\/aitoustakuu\/"]}]},{"@type":"ImageObject","inLanguage":"fi","@id":"https:\/\/smartpuller.com\/fi\/tuki\/aitoustakuu\/#primaryimage","url":"https:\/\/smartpuller.com\/wp-content\/uploads\/2017\/09\/SmartPuller_warranty_sign.png","contentUrl":"https:\/\/smartpuller.com\/wp-content\/uploads\/2017\/09\/SmartPuller_warranty_sign.png"},{"@type":"BreadcrumbList","@id":"https:\/\/smartpuller.com\/fi\/tuki\/aitoustakuu\/#breadcrumb","itemListElement":[{"@type":"ListItem","position":1,"name":"Home","item":"https:\/\/smartpuller.com\/fi\/"},{"@type":"ListItem","position":2,"name":"Tuki","item":"https:\/\/smartpuller.com\/fi\/tuki\/"},{"@type":"ListItem","position":3,"name":"Aitoustakuu"}]},{"@type":"WebSite","@id":"https:\/\/smartpuller.com\/fi\/#website","url":"https:\/\/smartpuller.com\/fi\/","name":"SmartPuller","description":"SmartPuller","potentialAction":[{"@type":"SearchAction","target":{"@type":"EntryPoint","urlTemplate":"https:\/\/smartpuller.com\/fi\/?s={search_term_string}"},"query-input":{"@type":"PropertyValueSpecification","valueRequired":true,"valueName":"search_term_string"}}],"inLanguage":"fi"}]}},"_links":{"self":[{"href":"https:\/\/smartpuller.com\/fi\/wp-json\/wp\/v2\/pages\/1829","targetHints":{"allow":["GET"]}}],"collection":[{"href":"https:\/\/smartpuller.com\/fi\/wp-json\/wp\/v2\/pages"}],"about":[{"href":"https:\/\/smartpuller.com\/fi\/wp-json\/wp\/v2\/types\/page"}],"author":[{"embeddable":true,"href":"https:\/\/smartpuller.com\/fi\/wp-json\/wp\/v2\/users\/101"}],"replies":[{"embeddable":true,"href":"https:\/\/smartpuller.com\/fi\/wp-json\/wp\/v2\/comments?post=1829"}],"version-history":[{"count":1,"href":"https:\/\/smartpuller.com\/fi\/wp-json\/wp\/v2\/pages\/1829\/revisions"}],"predecessor-version":[{"id":2468013,"href":"https:\/\/smartpuller.com\/fi\/wp-json\/wp\/v2\/pages\/1829\/revisions\/2468013"}],"up":[{"embeddable":true,"href":"https:\/\/smartpuller.com\/fi\/wp-json\/wp\/v2\/pages\/298"}],"wp:attachment":[{"href":"https:\/\/smartpuller.com\/fi\/wp-json\/wp\/v2\/media?parent=1829"}],"curies":[{"name":"wp","href":"https:\/\/api.w.org\/{rel}","templated":true}]}}