{"id":1799,"date":"2017-09-04T12:16:00","date_gmt":"2017-09-04T09:16:00","guid":{"rendered":"https:\/\/smartpuller.com\/references\/"},"modified":"2020-09-15T11:32:02","modified_gmt":"2020-09-15T08:32:02","slug":"suosittelut","status":"publish","type":"page","link":"https:\/\/smartpuller.com\/fi\/suosittelut\/","title":{"rendered":"Suosittelut"},"content":{"rendered":"<div id=\"pl-1799\"  class=\"panel-layout\" ><div id=\"pg-1799-0\"  class=\"panel-grid panel-no-style\" ><div id=\"pgc-1799-0-0\"  class=\"panel-grid-cell\" ><div id=\"panel-1799-0-0-0\" class=\"so-panel widget widget_sow-editor panel-first-child panel-last-child\" data-index=\"0\" ><div\n\t\t\t\n\t\t\tclass=\"so-widget-sow-editor so-widget-sow-editor-base\"\n\t\t\t\n\t\t>\n<div class=\"siteorigin-widget-tinymce textwidget\">\n\t<p>T\u00e4ss\u00e4 n\u00e4et joitakin suosituksia asiakkailtamme. Vieraile my\u00f6s heid\u00e4n verkkosivuillaan, jotta n\u00e4et kuinka he k\u00e4ytt\u00e4v\u00e4t huippulaatuista pintapeltioikaisulaitteistoa korjaamossaan.<\/p>\n<\/div>\n<\/div><\/div><\/div><\/div><div id=\"pg-1799-1\"  class=\"panel-grid panel-no-style\" ><div id=\"pgc-1799-1-0\"  class=\"panel-grid-cell\" ><div id=\"panel-1799-1-0-0\" class=\"so-panel widget widget_sow-editor panel-first-child panel-last-child\" data-index=\"1\" ><div\n\t\t\t\n\t\t\tclass=\"so-widget-sow-editor so-widget-sow-editor-base\"\n\t\t\t\n\t\t>\n<div class=\"siteorigin-widget-tinymce textwidget\">\n\t<div class=\"lausunto\">\n<h4>SmartPuller p\u00e4ivitt\u00e4isess\u00e4 k\u00e4yt\u00f6ss\u00e4<\/h4>\n<p><i>\"SmartPuller-laite on ollut meill\u00e4 p\u00e4ivitt\u00e4isess\u00e4 k\u00e4yt\u00f6ss\u00e4 hankinnasta l\u00e4htien, emmek\u00e4 tulisi en\u00e4\u00e4 toimeen ilman sit\u00e4. K\u00e4yt\u00e4mme laitetta kaikkiin korjaamon pintaoikaisut\u00f6ihin.  Olemme olleet todella tyytyv\u00e4isi\u00e4 hankintaamme, ja se on maksanut itsens\u00e4 nopeasti takaisin.\"<\/i><\/p>\n<p>- Jouni Kaskinen, Autoehoste Kaskinen Oy \/ Lommoluuri<br \/>\n<a href=\"http:\/\/www.autoehoste.fi\/\" rel=\"noopener\" target=\"_blank\">www.autoehoste.fi<\/a>\n<\/div>\n<\/div>\n<\/div><\/div><\/div><div id=\"pgc-1799-1-1\"  class=\"panel-grid-cell\" ><div id=\"panel-1799-1-1-0\" class=\"so-panel widget widget_sow-editor panel-first-child panel-last-child\" data-index=\"2\" ><div\n\t\t\t\n\t\t\tclass=\"so-widget-sow-editor so-widget-sow-editor-base\"\n\t\t\t\n\t\t>\n<div class=\"siteorigin-widget-tinymce textwidget\">\n\t<div class=\"lausunto\">\n<h4>L\u00e4hes rajattomat k\u00e4ytt\u00f6mahdollisuudet<\/h4>\n<p><i>\"Olen k\u00e4ytt\u00e4nyt SmartPulleria yli vuoden ajan ja olen eritt\u00e4in tyytyv\u00e4inen siihen. K\u00e4yt\u00e4n sit\u00e4 p\u00e4ivitt\u00e4in, koska on parempi korjata jotkut osat kuin vaihtaa ne, ja k\u00e4ytt\u00f6mahdollisuudet ovat l\u00e4hes rajattomat monien hyvien ja vahvojen lis\u00e4v\u00e4lineiden vuoksi. Joten jos etsit korkealaatuista korjaamov\u00e4linett\u00e4, en ehdottomasti ep\u00e4r\u00f6isi.\"<\/i><\/p>\n<p>- Rudi Ghjis, R&N bvba., Belgia<br \/>\n<a href=\"http:\/\/www.rnbvba.be\" rel=\"noopener\" target=\"_blank\">www.rnbvba.be<\/a>\n<\/div>\n<\/div>\n<\/div><\/div><\/div><\/div><div id=\"pg-1799-2\"  class=\"panel-grid panel-no-style\" ><div id=\"pgc-1799-2-0\"  class=\"panel-grid-cell panel-grid-cell-mobile-last\" ><div id=\"panel-1799-2-0-0\" class=\"so-panel widget widget_sow-editor panel-first-child panel-last-child\" data-index=\"3\" ><div\n\t\t\t\n\t\t\tclass=\"so-widget-sow-editor so-widget-sow-editor-base\"\n\t\t\t\n\t\t>\n<div class=\"siteorigin-widget-tinymce textwidget\">\n\t<div class=\"lausunto\">\n<h4>Hyv\u00e4 hankinta<\/h4>\n<p><i>\"Hyv\u00e4 hankinta. Korjasin juuri yhden auton, joka olisi mennyt lunastukseen ilman SmartPulleria. Sovimme vakuutusyhti\u00f6n kanssa pintaoikaisusta, ettei autoon tarvinnut l\u00e4hte\u00e4 vaihtamaan takalokasuojaa.\"<\/i><\/p>\n<p>- Kari Lecklin, Haminan Autoapu<br \/>\n<a href=\"http:\/\/www.haminanautoapu.fi\" rel=\"noopener\" target=\"_blank\">www.haminanautoapu.fi<\/a>\n<\/div>\n<\/div>\n<\/div><\/div><\/div><div id=\"pgc-1799-2-1\"  class=\"panel-grid-cell panel-grid-cell-empty\" ><\/div><\/div><\/div>","protected":false},"excerpt":{"rendered":"<p>T\u00e4ss\u00e4 n\u00e4et joitakin suosituksia asiakkailtamme. Vieraile my\u00f6s heid\u00e4n verkkosivuillaan, jotta n\u00e4et kuinka he k\u00e4ytt\u00e4v\u00e4t huippulaatuista pintapeltioikaisulaitteistoa korjaamossaan. SmartPuller p\u00e4ivitt\u00e4isess\u00e4 k\u00e4yt\u00f6ss\u00e4 &#8221;SmartPuller-laite on ollut meill\u00e4 p\u00e4ivitt\u00e4isess\u00e4 k\u00e4yt\u00f6ss\u00e4 hankinnasta l\u00e4htien, emmek\u00e4 tulisi en\u00e4\u00e4 toimeen ilman sit\u00e4. K\u00e4yt\u00e4mme laitetta kaikkiin korjaamon pintaoikaisut\u00f6ihin. Olemme olleet todella tyytyv\u00e4isi\u00e4 hankintaamme, ja se on maksanut itsens\u00e4 nopeasti takaisin.&#8221; &#8211; Jouni Kaskinen, Autoehoste [&hellip;]<\/p>\n","protected":false},"author":101,"featured_media":0,"parent":0,"menu_order":0,"comment_status":"closed","ping_status":"closed","template":"","meta":{"_genesis_hide_title":false,"_genesis_hide_breadcrumbs":false,"_genesis_hide_singular_image":false,"_genesis_hide_footer_widgets":false,"_genesis_custom_body_class":"","_genesis_custom_post_class":"","_genesis_layout":"","footnotes":""},"class_list":{"0":"post-1799","1":"page","2":"type-page","3":"status-publish","5":"entry"},"yoast_head":"<!-- This site is optimized with the Yoast SEO plugin v27.4 - https:\/\/yoast.com\/product\/yoast-seo-wordpress\/ -->\n<title>Suosittelut<\/title>\n<meta name=\"description\" content=\"T\u00e4ss\u00e4 n\u00e4et joitakin suosituksia asiakkailtamme. Vieraile my\u00f6s heid\u00e4n verkkosivuillaan, jotta n\u00e4et kuinka he k\u00e4ytt\u00e4v\u00e4t huippulaatuista\" \/>\n<meta name=\"robots\" content=\"index, follow, max-snippet:-1, max-image-preview:large, max-video-preview:-1\" \/>\n<link rel=\"canonical\" href=\"https:\/\/smartpuller.com\/fi\/suosittelut\/\" \/>\n<meta property=\"og:locale\" content=\"fi_FI\" \/>\n<meta property=\"og:type\" content=\"article\" \/>\n<meta property=\"og:title\" content=\"Suosittelut\" \/>\n<meta property=\"og:description\" content=\"T\u00e4ss\u00e4 n\u00e4et joitakin suosituksia asiakkailtamme. Vieraile my\u00f6s heid\u00e4n verkkosivuillaan, jotta n\u00e4et kuinka he k\u00e4ytt\u00e4v\u00e4t huippulaatuista\" \/>\n<meta property=\"og:url\" content=\"https:\/\/smartpuller.com\/fi\/suosittelut\/\" \/>\n<meta property=\"og:site_name\" content=\"SmartPuller\" \/>\n<meta property=\"article:publisher\" content=\"https:\/\/www.facebook.com\/smartpuller\/\" \/>\n<meta property=\"article:modified_time\" content=\"2020-09-15T08:32:02+00:00\" \/>\n<meta name=\"twitter:card\" content=\"summary_large_image\" \/>\n<meta name=\"twitter:label1\" content=\"Arvioitu lukuaika\" \/>\n\t<meta name=\"twitter:data1\" content=\"1 minuutti\" \/>\n<script type=\"application\/ld+json\" class=\"yoast-schema-graph\">{\"@context\":\"https:\\\/\\\/schema.org\",\"@graph\":[{\"@type\":\"WebPage\",\"@id\":\"https:\\\/\\\/smartpuller.com\\\/fi\\\/suosittelut\\\/\",\"url\":\"https:\\\/\\\/smartpuller.com\\\/fi\\\/suosittelut\\\/\",\"name\":\"Suosittelut\",\"isPartOf\":{\"@id\":\"https:\\\/\\\/smartpuller.com\\\/fi\\\/#website\"},\"datePublished\":\"2017-09-04T09:16:00+00:00\",\"dateModified\":\"2020-09-15T08:32:02+00:00\",\"description\":\"T\u00e4ss\u00e4 n\u00e4et joitakin suosituksia asiakkailtamme. Vieraile my\u00f6s heid\u00e4n verkkosivuillaan, jotta n\u00e4et kuinka he k\u00e4ytt\u00e4v\u00e4t huippulaatuista\",\"breadcrumb\":{\"@id\":\"https:\\\/\\\/smartpuller.com\\\/fi\\\/suosittelut\\\/#breadcrumb\"},\"inLanguage\":\"fi\",\"potentialAction\":[{\"@type\":\"ReadAction\",\"target\":[\"https:\\\/\\\/smartpuller.com\\\/fi\\\/suosittelut\\\/\"]}]},{\"@type\":\"BreadcrumbList\",\"@id\":\"https:\\\/\\\/smartpuller.com\\\/fi\\\/suosittelut\\\/#breadcrumb\",\"itemListElement\":[{\"@type\":\"ListItem\",\"position\":1,\"name\":\"Home\",\"item\":\"https:\\\/\\\/smartpuller.com\\\/fi\\\/\"},{\"@type\":\"ListItem\",\"position\":2,\"name\":\"Suosittelut\"}]},{\"@type\":\"WebSite\",\"@id\":\"https:\\\/\\\/smartpuller.com\\\/fi\\\/#website\",\"url\":\"https:\\\/\\\/smartpuller.com\\\/fi\\\/\",\"name\":\"SmartPuller\",\"description\":\"SmartPuller\",\"potentialAction\":[{\"@type\":\"SearchAction\",\"target\":{\"@type\":\"EntryPoint\",\"urlTemplate\":\"https:\\\/\\\/smartpuller.com\\\/fi\\\/?s={search_term_string}\"},\"query-input\":{\"@type\":\"PropertyValueSpecification\",\"valueRequired\":true,\"valueName\":\"search_term_string\"}}],\"inLanguage\":\"fi\"}]}<\/script>\n<!-- \/ Yoast SEO plugin. -->","yoast_head_json":{"title":"Suosittelut","description":"T\u00e4ss\u00e4 n\u00e4et joitakin suosituksia asiakkailtamme. Vieraile my\u00f6s heid\u00e4n verkkosivuillaan, jotta n\u00e4et kuinka he k\u00e4ytt\u00e4v\u00e4t huippulaatuista","robots":{"index":"index","follow":"follow","max-snippet":"max-snippet:-1","max-image-preview":"max-image-preview:large","max-video-preview":"max-video-preview:-1"},"canonical":"https:\/\/smartpuller.com\/fi\/suosittelut\/","og_locale":"fi_FI","og_type":"article","og_title":"Suosittelut","og_description":"T\u00e4ss\u00e4 n\u00e4et joitakin suosituksia asiakkailtamme. Vieraile my\u00f6s heid\u00e4n verkkosivuillaan, jotta n\u00e4et kuinka he k\u00e4ytt\u00e4v\u00e4t huippulaatuista","og_url":"https:\/\/smartpuller.com\/fi\/suosittelut\/","og_site_name":"SmartPuller","article_publisher":"https:\/\/www.facebook.com\/smartpuller\/","article_modified_time":"2020-09-15T08:32:02+00:00","twitter_card":"summary_large_image","twitter_misc":{"Arvioitu lukuaika":"1 minuutti"},"schema":{"@context":"https:\/\/schema.org","@graph":[{"@type":"WebPage","@id":"https:\/\/smartpuller.com\/fi\/suosittelut\/","url":"https:\/\/smartpuller.com\/fi\/suosittelut\/","name":"Suosittelut","isPartOf":{"@id":"https:\/\/smartpuller.com\/fi\/#website"},"datePublished":"2017-09-04T09:16:00+00:00","dateModified":"2020-09-15T08:32:02+00:00","description":"T\u00e4ss\u00e4 n\u00e4et joitakin suosituksia asiakkailtamme. Vieraile my\u00f6s heid\u00e4n verkkosivuillaan, jotta n\u00e4et kuinka he k\u00e4ytt\u00e4v\u00e4t huippulaatuista","breadcrumb":{"@id":"https:\/\/smartpuller.com\/fi\/suosittelut\/#breadcrumb"},"inLanguage":"fi","potentialAction":[{"@type":"ReadAction","target":["https:\/\/smartpuller.com\/fi\/suosittelut\/"]}]},{"@type":"BreadcrumbList","@id":"https:\/\/smartpuller.com\/fi\/suosittelut\/#breadcrumb","itemListElement":[{"@type":"ListItem","position":1,"name":"Home","item":"https:\/\/smartpuller.com\/fi\/"},{"@type":"ListItem","position":2,"name":"Suosittelut"}]},{"@type":"WebSite","@id":"https:\/\/smartpuller.com\/fi\/#website","url":"https:\/\/smartpuller.com\/fi\/","name":"SmartPuller","description":"SmartPuller","potentialAction":[{"@type":"SearchAction","target":{"@type":"EntryPoint","urlTemplate":"https:\/\/smartpuller.com\/fi\/?s={search_term_string}"},"query-input":{"@type":"PropertyValueSpecification","valueRequired":true,"valueName":"search_term_string"}}],"inLanguage":"fi"}]}},"_links":{"self":[{"href":"https:\/\/smartpuller.com\/fi\/wp-json\/wp\/v2\/pages\/1799","targetHints":{"allow":["GET"]}}],"collection":[{"href":"https:\/\/smartpuller.com\/fi\/wp-json\/wp\/v2\/pages"}],"about":[{"href":"https:\/\/smartpuller.com\/fi\/wp-json\/wp\/v2\/types\/page"}],"author":[{"embeddable":true,"href":"https:\/\/smartpuller.com\/fi\/wp-json\/wp\/v2\/users\/101"}],"replies":[{"embeddable":true,"href":"https:\/\/smartpuller.com\/fi\/wp-json\/wp\/v2\/comments?post=1799"}],"version-history":[{"count":2,"href":"https:\/\/smartpuller.com\/fi\/wp-json\/wp\/v2\/pages\/1799\/revisions"}],"predecessor-version":[{"id":1665163,"href":"https:\/\/smartpuller.com\/fi\/wp-json\/wp\/v2\/pages\/1799\/revisions\/1665163"}],"wp:attachment":[{"href":"https:\/\/smartpuller.com\/fi\/wp-json\/wp\/v2\/media?parent=1799"}],"curies":[{"name":"wp","href":"https:\/\/api.w.org\/{rel}","templated":true}]}}