{"id":1711,"date":"2017-09-01T08:51:47","date_gmt":"2017-09-01T05:51:47","guid":{"rendered":"https:\/\/smartpuller.com\/tuki\/warranty\/"},"modified":"2022-11-25T14:23:58","modified_gmt":"2022-11-25T12:23:58","slug":"takuu","status":"publish","type":"page","link":"https:\/\/smartpuller.com\/fi\/tuki\/takuu\/","title":{"rendered":"SmartPuller takuu"},"content":{"rendered":"<div id=\"takuusymbolit\" class=\"alignright\"><img loading=\"lazy\" decoding=\"async\" class=\"alignnone size-full wp-image-1715\" src=\"https:\/\/smartpuller.com\/wp-content\/uploads\/2017\/09\/SmartPuller_warranty_sign.png\" alt=\"\" width=\"180\" height=\"283\" srcset=\"https:\/\/smartpuller.com\/wp-content\/uploads\/2017\/09\/SmartPuller_warranty_sign.png 250w, https:\/\/smartpuller.com\/wp-content\/uploads\/2017\/09\/SmartPuller_warranty_sign-191x300.png 191w\" sizes=\"auto, (max-width: 180px) 100vw, 180px\" \/><br \/>\n<img loading=\"lazy\" decoding=\"async\" class=\"wp-image-1854 size-full alignnone\" src=\"https:\/\/smartpuller.com\/wp-content\/uploads\/2017\/09\/hologram-sticker.jpg\" alt=\"\" width=\"191\" height=\"300\" srcset=\"https:\/\/smartpuller.com\/wp-content\/uploads\/2017\/09\/hologram-sticker.jpg 250w, https:\/\/smartpuller.com\/wp-content\/uploads\/2017\/09\/hologram-sticker-191x300.jpg 191w\" sizes=\"auto, (max-width: 191px) 100vw, 191px\" \/><\/div>\n<p>Aito SmartPuller-laite on korkean teknologian tuote, joka on valmistettu Suomessa Autorobot Finland Oy:n tehtaalla. Tunnistat aidon SmartPuller-laitteen tuotteen pystyrungon yl\u00e4osaan liimatusta hologrammitarrasta (alkaen syyskuu 2017*), jossa on musta teksti \u201dManufactured in Finland by Autorobot Finland Oy\u201d sek\u00e4 hologrammiteksti \u201dGenuine authentic\u201d. Mik\u00e4li tarra poistetaan, tuote mit\u00e4t\u00f6ityy, ja teksti VOID ilmestyy n\u00e4kyviin. T\u00e4llaista tuotetta ei voi rekister\u00f6id\u00e4.<\/p>\n<p>*Mik\u00e4li olet hankkinut SmartPuller-laitteen ennen syyskuuta 2017 Autorobot Finland Oy:lt\u00e4 tai heid\u00e4n valtuuttamaltaan j\u00e4lleenmyyj\u00e4lt\u00e4, voit rekister\u00f6id\u00e4 sen my\u00f6s j\u00e4lkeenp\u00e4in. Ota t\u00e4ll\u00f6in yhteytt\u00e4 SmartPullerin asiakaspalveluun laitteen aitouden varmistamiseksi ja rekister\u00f6intiohjeiden saamiseksi, <a href=\"mailto:info@smartpuller.com\">info@smartpuller.com<\/a>.<\/p>\n<p>Pidenn\u00e4 SmartPullerin takuuta rekister\u00f6im\u00e4ll\u00e4 tuotteesi. N\u00e4et takuuajan muutokset taulukosta:<\/p>\n<table>\n<thead>\n<tr>\n<th>Takuun kohde<\/th>\n<th style=\"text-align: center;\">Normaalitakuu<\/th>\n<th style=\"text-align: center;\">Pidennetty takuu<\/th>\n<\/tr>\n<\/thead>\n<tbody>\n<tr>\n<td>Runko + metalliosat<\/td>\n<td style=\"text-align: center;\">2 vuotta<\/td>\n<td style=\"text-align: center;\">5 vuotta<\/td>\n<\/tr>\n<tr>\n<td>Kulutusosat**<\/td>\n<td style=\"text-align: center;\">1 vuosi<\/td>\n<td style=\"text-align: center;\">2 vuotta<\/td>\n<\/tr>\n<\/tbody>\n<\/table>\n<p>**Kulutusosiin kuuluvat vetoruuvi, kahvat, sek\u00e4 kumi- ja muoviosat.<\/p>\n<div class=\"nappilinkki\"><a href=\"https:\/\/smartpuller.com\/fi\/tuki\/takuurekisterointi\">Rekister\u00f6i<\/a><\/div>\n<p>\u00bb <a href=\"https:\/\/smartpuller.com\/fi\/tuki\/takuu\/takuuehdot\/\">Katso t\u00e4\u00e4lt\u00e4 takuuehdot<\/a>.<\/p>\n","protected":false},"excerpt":{"rendered":"<p>Aito SmartPuller-laite on korkean teknologian tuote, joka on valmistettu Suomessa Autorobot Finland Oy:n tehtaalla. Tunnistat aidon SmartPuller-laitteen tuotteen pystyrungon yl\u00e4osaan liimatusta hologrammitarrasta (alkaen syyskuu 2017*), jossa on musta teksti \u201dManufactured in Finland by Autorobot Finland Oy\u201d sek\u00e4 hologrammiteksti \u201dGenuine authentic\u201d. Mik\u00e4li tarra poistetaan, tuote mit\u00e4t\u00f6ityy, ja teksti VOID ilmestyy n\u00e4kyviin. T\u00e4llaista tuotetta ei voi rekister\u00f6id\u00e4. [&hellip;]<\/p>\n","protected":false},"author":101,"featured_media":0,"parent":298,"menu_order":0,"comment_status":"closed","ping_status":"closed","template":"","meta":{"_genesis_hide_title":false,"_genesis_hide_breadcrumbs":false,"_genesis_hide_singular_image":false,"_genesis_hide_footer_widgets":false,"_genesis_custom_body_class":"","_genesis_custom_post_class":"","_genesis_layout":"","footnotes":""},"class_list":{"0":"post-1711","1":"page","2":"type-page","3":"status-publish","5":"entry","6":"has-post-thumbnail"},"yoast_head":"<!-- This site is optimized with the Yoast SEO plugin v27.4 - https:\/\/yoast.com\/product\/yoast-seo-wordpress\/ -->\n<title>SmartPuller takuu<\/title>\n<meta name=\"description\" content=\"Aito SmartPuller-laite on korkean teknologian tuote, joka on valmistettu Suomessa Autorobot Finland Oy:n tehtaalla. Tunnistat aidon SmartPuller-laitteen\" \/>\n<meta name=\"robots\" content=\"index, follow, max-snippet:-1, max-image-preview:large, max-video-preview:-1\" \/>\n<link rel=\"canonical\" href=\"https:\/\/smartpuller.com\/fi\/tuki\/takuu\/\" \/>\n<meta property=\"og:locale\" content=\"fi_FI\" \/>\n<meta property=\"og:type\" content=\"article\" \/>\n<meta property=\"og:title\" content=\"SmartPuller takuu\" \/>\n<meta property=\"og:description\" content=\"Aito SmartPuller-laite on korkean teknologian tuote, joka on valmistettu Suomessa Autorobot Finland Oy:n tehtaalla. Tunnistat aidon SmartPuller-laitteen\" \/>\n<meta property=\"og:url\" content=\"https:\/\/smartpuller.com\/fi\/tuki\/takuu\/\" \/>\n<meta property=\"og:site_name\" content=\"SmartPuller\" \/>\n<meta property=\"article:publisher\" content=\"https:\/\/www.facebook.com\/smartpuller\/\" \/>\n<meta property=\"article:modified_time\" content=\"2022-11-25T12:23:58+00:00\" \/>\n<meta property=\"og:image\" content=\"https:\/\/smartpuller.com\/wp-content\/uploads\/2017\/09\/SmartPuller_warranty_sign.png\" \/>\n<meta name=\"twitter:card\" content=\"summary_large_image\" \/>\n<meta name=\"twitter:label1\" content=\"Arvioitu lukuaika\" \/>\n\t<meta name=\"twitter:data1\" content=\"1 minuutti\" \/>\n<script type=\"application\/ld+json\" class=\"yoast-schema-graph\">{\"@context\":\"https:\\\/\\\/schema.org\",\"@graph\":[{\"@type\":\"WebPage\",\"@id\":\"https:\\\/\\\/smartpuller.com\\\/fi\\\/tuki\\\/takuu\\\/\",\"url\":\"https:\\\/\\\/smartpuller.com\\\/fi\\\/tuki\\\/takuu\\\/\",\"name\":\"SmartPuller takuu\",\"isPartOf\":{\"@id\":\"https:\\\/\\\/smartpuller.com\\\/fi\\\/#website\"},\"primaryImageOfPage\":{\"@id\":\"https:\\\/\\\/smartpuller.com\\\/fi\\\/tuki\\\/takuu\\\/#primaryimage\"},\"image\":{\"@id\":\"https:\\\/\\\/smartpuller.com\\\/fi\\\/tuki\\\/takuu\\\/#primaryimage\"},\"thumbnailUrl\":\"https:\\\/\\\/smartpuller.com\\\/wp-content\\\/uploads\\\/2017\\\/09\\\/SmartPuller_warranty_sign.png\",\"datePublished\":\"2017-09-01T05:51:47+00:00\",\"dateModified\":\"2022-11-25T12:23:58+00:00\",\"description\":\"Aito SmartPuller-laite on korkean teknologian tuote, joka on valmistettu Suomessa Autorobot Finland Oy:n tehtaalla. Tunnistat aidon SmartPuller-laitteen\",\"breadcrumb\":{\"@id\":\"https:\\\/\\\/smartpuller.com\\\/fi\\\/tuki\\\/takuu\\\/#breadcrumb\"},\"inLanguage\":\"fi\",\"potentialAction\":[{\"@type\":\"ReadAction\",\"target\":[\"https:\\\/\\\/smartpuller.com\\\/fi\\\/tuki\\\/takuu\\\/\"]}]},{\"@type\":\"ImageObject\",\"inLanguage\":\"fi\",\"@id\":\"https:\\\/\\\/smartpuller.com\\\/fi\\\/tuki\\\/takuu\\\/#primaryimage\",\"url\":\"https:\\\/\\\/smartpuller.com\\\/wp-content\\\/uploads\\\/2017\\\/09\\\/SmartPuller_warranty_sign.png\",\"contentUrl\":\"https:\\\/\\\/smartpuller.com\\\/wp-content\\\/uploads\\\/2017\\\/09\\\/SmartPuller_warranty_sign.png\"},{\"@type\":\"BreadcrumbList\",\"@id\":\"https:\\\/\\\/smartpuller.com\\\/fi\\\/tuki\\\/takuu\\\/#breadcrumb\",\"itemListElement\":[{\"@type\":\"ListItem\",\"position\":1,\"name\":\"Home\",\"item\":\"https:\\\/\\\/smartpuller.com\\\/fi\\\/\"},{\"@type\":\"ListItem\",\"position\":2,\"name\":\"Tuki\",\"item\":\"https:\\\/\\\/smartpuller.com\\\/fi\\\/tuki\\\/\"},{\"@type\":\"ListItem\",\"position\":3,\"name\":\"SmartPuller takuu\"}]},{\"@type\":\"WebSite\",\"@id\":\"https:\\\/\\\/smartpuller.com\\\/fi\\\/#website\",\"url\":\"https:\\\/\\\/smartpuller.com\\\/fi\\\/\",\"name\":\"SmartPuller\",\"description\":\"SmartPuller\",\"potentialAction\":[{\"@type\":\"SearchAction\",\"target\":{\"@type\":\"EntryPoint\",\"urlTemplate\":\"https:\\\/\\\/smartpuller.com\\\/fi\\\/?s={search_term_string}\"},\"query-input\":{\"@type\":\"PropertyValueSpecification\",\"valueRequired\":true,\"valueName\":\"search_term_string\"}}],\"inLanguage\":\"fi\"}]}<\/script>\n<!-- \/ Yoast SEO plugin. -->","yoast_head_json":{"title":"SmartPuller takuu","description":"Aito SmartPuller-laite on korkean teknologian tuote, joka on valmistettu Suomessa Autorobot Finland Oy:n tehtaalla. Tunnistat aidon SmartPuller-laitteen","robots":{"index":"index","follow":"follow","max-snippet":"max-snippet:-1","max-image-preview":"max-image-preview:large","max-video-preview":"max-video-preview:-1"},"canonical":"https:\/\/smartpuller.com\/fi\/tuki\/takuu\/","og_locale":"fi_FI","og_type":"article","og_title":"SmartPuller takuu","og_description":"Aito SmartPuller-laite on korkean teknologian tuote, joka on valmistettu Suomessa Autorobot Finland Oy:n tehtaalla. Tunnistat aidon SmartPuller-laitteen","og_url":"https:\/\/smartpuller.com\/fi\/tuki\/takuu\/","og_site_name":"SmartPuller","article_publisher":"https:\/\/www.facebook.com\/smartpuller\/","article_modified_time":"2022-11-25T12:23:58+00:00","og_image":[{"url":"https:\/\/smartpuller.com\/wp-content\/uploads\/2017\/09\/SmartPuller_warranty_sign.png","type":"","width":"","height":""}],"twitter_card":"summary_large_image","twitter_misc":{"Arvioitu lukuaika":"1 minuutti"},"schema":{"@context":"https:\/\/schema.org","@graph":[{"@type":"WebPage","@id":"https:\/\/smartpuller.com\/fi\/tuki\/takuu\/","url":"https:\/\/smartpuller.com\/fi\/tuki\/takuu\/","name":"SmartPuller takuu","isPartOf":{"@id":"https:\/\/smartpuller.com\/fi\/#website"},"primaryImageOfPage":{"@id":"https:\/\/smartpuller.com\/fi\/tuki\/takuu\/#primaryimage"},"image":{"@id":"https:\/\/smartpuller.com\/fi\/tuki\/takuu\/#primaryimage"},"thumbnailUrl":"https:\/\/smartpuller.com\/wp-content\/uploads\/2017\/09\/SmartPuller_warranty_sign.png","datePublished":"2017-09-01T05:51:47+00:00","dateModified":"2022-11-25T12:23:58+00:00","description":"Aito SmartPuller-laite on korkean teknologian tuote, joka on valmistettu Suomessa Autorobot Finland Oy:n tehtaalla. Tunnistat aidon SmartPuller-laitteen","breadcrumb":{"@id":"https:\/\/smartpuller.com\/fi\/tuki\/takuu\/#breadcrumb"},"inLanguage":"fi","potentialAction":[{"@type":"ReadAction","target":["https:\/\/smartpuller.com\/fi\/tuki\/takuu\/"]}]},{"@type":"ImageObject","inLanguage":"fi","@id":"https:\/\/smartpuller.com\/fi\/tuki\/takuu\/#primaryimage","url":"https:\/\/smartpuller.com\/wp-content\/uploads\/2017\/09\/SmartPuller_warranty_sign.png","contentUrl":"https:\/\/smartpuller.com\/wp-content\/uploads\/2017\/09\/SmartPuller_warranty_sign.png"},{"@type":"BreadcrumbList","@id":"https:\/\/smartpuller.com\/fi\/tuki\/takuu\/#breadcrumb","itemListElement":[{"@type":"ListItem","position":1,"name":"Home","item":"https:\/\/smartpuller.com\/fi\/"},{"@type":"ListItem","position":2,"name":"Tuki","item":"https:\/\/smartpuller.com\/fi\/tuki\/"},{"@type":"ListItem","position":3,"name":"SmartPuller takuu"}]},{"@type":"WebSite","@id":"https:\/\/smartpuller.com\/fi\/#website","url":"https:\/\/smartpuller.com\/fi\/","name":"SmartPuller","description":"SmartPuller","potentialAction":[{"@type":"SearchAction","target":{"@type":"EntryPoint","urlTemplate":"https:\/\/smartpuller.com\/fi\/?s={search_term_string}"},"query-input":{"@type":"PropertyValueSpecification","valueRequired":true,"valueName":"search_term_string"}}],"inLanguage":"fi"}]}},"_links":{"self":[{"href":"https:\/\/smartpuller.com\/fi\/wp-json\/wp\/v2\/pages\/1711","targetHints":{"allow":["GET"]}}],"collection":[{"href":"https:\/\/smartpuller.com\/fi\/wp-json\/wp\/v2\/pages"}],"about":[{"href":"https:\/\/smartpuller.com\/fi\/wp-json\/wp\/v2\/types\/page"}],"author":[{"embeddable":true,"href":"https:\/\/smartpuller.com\/fi\/wp-json\/wp\/v2\/users\/101"}],"replies":[{"embeddable":true,"href":"https:\/\/smartpuller.com\/fi\/wp-json\/wp\/v2\/comments?post=1711"}],"version-history":[{"count":4,"href":"https:\/\/smartpuller.com\/fi\/wp-json\/wp\/v2\/pages\/1711\/revisions"}],"predecessor-version":[{"id":2467654,"href":"https:\/\/smartpuller.com\/fi\/wp-json\/wp\/v2\/pages\/1711\/revisions\/2467654"}],"up":[{"embeddable":true,"href":"https:\/\/smartpuller.com\/fi\/wp-json\/wp\/v2\/pages\/298"}],"wp:attachment":[{"href":"https:\/\/smartpuller.com\/fi\/wp-json\/wp\/v2\/media?parent=1711"}],"curies":[{"name":"wp","href":"https:\/\/api.w.org\/{rel}","templated":true}]}}