{"id":1645,"date":"2017-08-30T12:03:06","date_gmt":"2017-08-30T09:03:06","guid":{"rendered":"https:\/\/smartpuller.com\/?page_id=1645\/"},"modified":"2022-11-25T13:22:25","modified_gmt":"2022-11-25T11:22:25","slug":"takuuehdot","status":"publish","type":"page","link":"https:\/\/smartpuller.com\/fi\/tuki\/takuu\/takuuehdot\/","title":{"rendered":"Takuuehdot"},"content":{"rendered":"<div id=\"takuusymbolit\" class=\"alignright\"><img loading=\"lazy\" decoding=\"async\" class=\"alignnone size-full wp-image-1715\" src=\"https:\/\/smartpuller.com\/wp-content\/uploads\/2017\/09\/SmartPuller_warranty_sign.png\" alt=\"\" width=\"180\" height=\"283\" srcset=\"https:\/\/smartpuller.com\/wp-content\/uploads\/2017\/09\/SmartPuller_warranty_sign.png 250w, https:\/\/smartpuller.com\/wp-content\/uploads\/2017\/09\/SmartPuller_warranty_sign-191x300.png 191w\" sizes=\"auto, (max-width: 180px) 100vw, 180px\" \/><\/div>\n<p>Autorobot Finland Oy my\u00f6nt\u00e4\u00e4 valmistamalleen SmartPuller-laitteelle valmistus- ja materiaalitakuun. Takuuaika on kaksi (2) vuotta laitteen rungolle ja metalliosille ja yksi (1) vuosi kulutusosille tuotteen toimitusp\u00e4iv\u00e4st\u00e4 lukien. Takuuaikaa voi pident\u00e4\u00e4 rekister\u00f6im\u00e4ll\u00e4 tuotteen <a href=\"https:\/\/smartpuller.com\/fi\/takuurekisterointi\/\">takuurekister\u00f6inti-sivulla<\/a>, jolloin laitteen rungon\/metalliosien takuu pitenee viiteen (5) vuoteen ja kulutusosien takuu kahteen (2) vuoteen. Tuotteen rekister\u00f6inti on teht\u00e4v\u00e4 60 p\u00e4iv\u00e4n kuluessa tavaran vastaanottamisesta.<br \/>\nKulutusosiin lasketaan: vetoruuvi, kahvat, kaikki kumi- ja muoviosat.<br \/>\nTakuun puitteissa vioittunut osa korvataan uudella tai korjataan veloituksetta.<\/p>\n<h4>Takuu ei korvaa seuraavaa:<\/h4>\n<ol>\n<li>Vahinkoja, jotka aiheutuvat laitteen sopimattomasta tai varomattomasta k\u00e4yt\u00f6st\u00e4, ylikuormituksesta tai k\u00e4ytt\u00f6ohjeen laiminly\u00f6misest\u00e4.<\/li>\n<li>Normaalista kulumisesta aiheutuneita muutoksia tai kosmeettisia haittoja kuten naarmuuntumista, likaantumista, tummumista ym.<\/li>\n<li>Tuotteeseen ilman valmistajan lupaa tehtyj\u00e4 muutoksia.<\/li>\n<li>Yli- ja pyh\u00e4ty\u00f6korvauksia.<\/li>\n<li>V\u00e4lillisi\u00e4 vahinkoja.<\/li>\n<li>Takuukorjauksesta mahdollisesti aiheutuvia matka- ja rahtikuluja.<\/li>\n<\/ol>\n<p>Tuotteen vioittumisesta on ilmoitettava viipym\u00e4tt\u00e4 valmistajalle takuun voimassaoloaikana.<\/p>\n<p>Autorobot Finland Oy, Yritt\u00e4j\u00e4ntie 23, 70150 Kuopio<br \/>\nPuh. 010\u00a0322 5711\/050 408 0937<br \/>\nS\u00e4hk\u00f6posti: <a href=\"mailto:info@smartpuller.com\">info@smartpuller.com<\/a><br \/>\n<a href=\"https:\/\/smartpuller.com\/fi\">www.smartpuller.com\/fi<\/a><\/p>\n","protected":false},"excerpt":{"rendered":"<p>Autorobot Finland Oy my\u00f6nt\u00e4\u00e4 valmistamalleen SmartPuller-laitteelle valmistus- ja materiaalitakuun. Takuuaika on kaksi (2) vuotta laitteen rungolle ja metalliosille ja yksi (1) vuosi kulutusosille tuotteen toimitusp\u00e4iv\u00e4st\u00e4 lukien. Takuuaikaa voi pident\u00e4\u00e4 rekister\u00f6im\u00e4ll\u00e4 tuotteen takuurekister\u00f6inti-sivulla, jolloin laitteen rungon\/metalliosien takuu pitenee viiteen (5) vuoteen ja kulutusosien takuu kahteen (2) vuoteen. Tuotteen rekister\u00f6inti on teht\u00e4v\u00e4 60 p\u00e4iv\u00e4n kuluessa tavaran vastaanottamisesta. [&hellip;]<\/p>\n","protected":false},"author":101,"featured_media":0,"parent":1711,"menu_order":0,"comment_status":"closed","ping_status":"closed","template":"","meta":{"_genesis_hide_title":false,"_genesis_hide_breadcrumbs":false,"_genesis_hide_singular_image":false,"_genesis_hide_footer_widgets":false,"_genesis_custom_body_class":"","_genesis_custom_post_class":"","_genesis_layout":"","footnotes":""},"class_list":{"0":"post-1645","1":"page","2":"type-page","3":"status-publish","5":"entry"},"yoast_head":"<!-- This site is optimized with the Yoast SEO plugin v27.4 - https:\/\/yoast.com\/product\/yoast-seo-wordpress\/ -->\n<title>Takuuehdot<\/title>\n<meta name=\"description\" content=\"Autorobot Finland Oy my\u00f6nt\u00e4\u00e4 valmistamalleen SmartPuller-laitteelle valmistus- ja materiaalitakuun. Takuuaika on kaksi (2) vuotta laitteen rungolle ja\" \/>\n<meta name=\"robots\" content=\"index, follow, max-snippet:-1, max-image-preview:large, max-video-preview:-1\" \/>\n<link rel=\"canonical\" href=\"https:\/\/smartpuller.com\/fi\/tuki\/takuu\/takuuehdot\/\" \/>\n<meta property=\"og:locale\" content=\"fi_FI\" \/>\n<meta property=\"og:type\" content=\"article\" \/>\n<meta property=\"og:title\" content=\"Takuuehdot\" \/>\n<meta property=\"og:description\" content=\"Autorobot Finland Oy my\u00f6nt\u00e4\u00e4 valmistamalleen SmartPuller-laitteelle valmistus- ja materiaalitakuun. Takuuaika on kaksi (2) vuotta laitteen rungolle ja\" \/>\n<meta property=\"og:url\" content=\"https:\/\/smartpuller.com\/fi\/tuki\/takuu\/takuuehdot\/\" \/>\n<meta property=\"og:site_name\" content=\"SmartPuller\" \/>\n<meta property=\"article:publisher\" content=\"https:\/\/www.facebook.com\/smartpuller\/\" \/>\n<meta property=\"article:modified_time\" content=\"2022-11-25T11:22:25+00:00\" \/>\n<meta property=\"og:image\" content=\"https:\/\/smartpuller.com\/wp-content\/uploads\/2017\/09\/SmartPuller_warranty_sign.png\" \/>\n<meta name=\"twitter:card\" content=\"summary_large_image\" \/>\n<meta name=\"twitter:label1\" content=\"Arvioitu lukuaika\" \/>\n\t<meta name=\"twitter:data1\" content=\"1 minuutti\" \/>\n<script type=\"application\/ld+json\" class=\"yoast-schema-graph\">{\"@context\":\"https:\\\/\\\/schema.org\",\"@graph\":[{\"@type\":\"WebPage\",\"@id\":\"https:\\\/\\\/smartpuller.com\\\/fi\\\/tuki\\\/takuu\\\/takuuehdot\\\/\",\"url\":\"https:\\\/\\\/smartpuller.com\\\/fi\\\/tuki\\\/takuu\\\/takuuehdot\\\/\",\"name\":\"Takuuehdot\",\"isPartOf\":{\"@id\":\"https:\\\/\\\/smartpuller.com\\\/fi\\\/#website\"},\"primaryImageOfPage\":{\"@id\":\"https:\\\/\\\/smartpuller.com\\\/fi\\\/tuki\\\/takuu\\\/takuuehdot\\\/#primaryimage\"},\"image\":{\"@id\":\"https:\\\/\\\/smartpuller.com\\\/fi\\\/tuki\\\/takuu\\\/takuuehdot\\\/#primaryimage\"},\"thumbnailUrl\":\"https:\\\/\\\/smartpuller.com\\\/wp-content\\\/uploads\\\/2017\\\/09\\\/SmartPuller_warranty_sign.png\",\"datePublished\":\"2017-08-30T09:03:06+00:00\",\"dateModified\":\"2022-11-25T11:22:25+00:00\",\"description\":\"Autorobot Finland Oy my\u00f6nt\u00e4\u00e4 valmistamalleen SmartPuller-laitteelle valmistus- ja materiaalitakuun. Takuuaika on kaksi (2) vuotta laitteen rungolle ja\",\"breadcrumb\":{\"@id\":\"https:\\\/\\\/smartpuller.com\\\/fi\\\/tuki\\\/takuu\\\/takuuehdot\\\/#breadcrumb\"},\"inLanguage\":\"fi\",\"potentialAction\":[{\"@type\":\"ReadAction\",\"target\":[\"https:\\\/\\\/smartpuller.com\\\/fi\\\/tuki\\\/takuu\\\/takuuehdot\\\/\"]}]},{\"@type\":\"ImageObject\",\"inLanguage\":\"fi\",\"@id\":\"https:\\\/\\\/smartpuller.com\\\/fi\\\/tuki\\\/takuu\\\/takuuehdot\\\/#primaryimage\",\"url\":\"https:\\\/\\\/smartpuller.com\\\/wp-content\\\/uploads\\\/2017\\\/09\\\/SmartPuller_warranty_sign.png\",\"contentUrl\":\"https:\\\/\\\/smartpuller.com\\\/wp-content\\\/uploads\\\/2017\\\/09\\\/SmartPuller_warranty_sign.png\"},{\"@type\":\"BreadcrumbList\",\"@id\":\"https:\\\/\\\/smartpuller.com\\\/fi\\\/tuki\\\/takuu\\\/takuuehdot\\\/#breadcrumb\",\"itemListElement\":[{\"@type\":\"ListItem\",\"position\":1,\"name\":\"Home\",\"item\":\"https:\\\/\\\/smartpuller.com\\\/fi\\\/\"},{\"@type\":\"ListItem\",\"position\":2,\"name\":\"Tuki\",\"item\":\"https:\\\/\\\/smartpuller.com\\\/fi\\\/tuki\\\/\"},{\"@type\":\"ListItem\",\"position\":3,\"name\":\"SmartPuller takuu\",\"item\":\"https:\\\/\\\/smartpuller.com\\\/fi\\\/tuki\\\/takuu\\\/\"},{\"@type\":\"ListItem\",\"position\":4,\"name\":\"Takuuehdot\"}]},{\"@type\":\"WebSite\",\"@id\":\"https:\\\/\\\/smartpuller.com\\\/fi\\\/#website\",\"url\":\"https:\\\/\\\/smartpuller.com\\\/fi\\\/\",\"name\":\"SmartPuller\",\"description\":\"SmartPuller\",\"potentialAction\":[{\"@type\":\"SearchAction\",\"target\":{\"@type\":\"EntryPoint\",\"urlTemplate\":\"https:\\\/\\\/smartpuller.com\\\/fi\\\/?s={search_term_string}\"},\"query-input\":{\"@type\":\"PropertyValueSpecification\",\"valueRequired\":true,\"valueName\":\"search_term_string\"}}],\"inLanguage\":\"fi\"}]}<\/script>\n<!-- \/ Yoast SEO plugin. -->","yoast_head_json":{"title":"Takuuehdot","description":"Autorobot Finland Oy my\u00f6nt\u00e4\u00e4 valmistamalleen SmartPuller-laitteelle valmistus- ja materiaalitakuun. Takuuaika on kaksi (2) vuotta laitteen rungolle ja","robots":{"index":"index","follow":"follow","max-snippet":"max-snippet:-1","max-image-preview":"max-image-preview:large","max-video-preview":"max-video-preview:-1"},"canonical":"https:\/\/smartpuller.com\/fi\/tuki\/takuu\/takuuehdot\/","og_locale":"fi_FI","og_type":"article","og_title":"Takuuehdot","og_description":"Autorobot Finland Oy my\u00f6nt\u00e4\u00e4 valmistamalleen SmartPuller-laitteelle valmistus- ja materiaalitakuun. Takuuaika on kaksi (2) vuotta laitteen rungolle ja","og_url":"https:\/\/smartpuller.com\/fi\/tuki\/takuu\/takuuehdot\/","og_site_name":"SmartPuller","article_publisher":"https:\/\/www.facebook.com\/smartpuller\/","article_modified_time":"2022-11-25T11:22:25+00:00","og_image":[{"url":"https:\/\/smartpuller.com\/wp-content\/uploads\/2017\/09\/SmartPuller_warranty_sign.png","type":"","width":"","height":""}],"twitter_card":"summary_large_image","twitter_misc":{"Arvioitu lukuaika":"1 minuutti"},"schema":{"@context":"https:\/\/schema.org","@graph":[{"@type":"WebPage","@id":"https:\/\/smartpuller.com\/fi\/tuki\/takuu\/takuuehdot\/","url":"https:\/\/smartpuller.com\/fi\/tuki\/takuu\/takuuehdot\/","name":"Takuuehdot","isPartOf":{"@id":"https:\/\/smartpuller.com\/fi\/#website"},"primaryImageOfPage":{"@id":"https:\/\/smartpuller.com\/fi\/tuki\/takuu\/takuuehdot\/#primaryimage"},"image":{"@id":"https:\/\/smartpuller.com\/fi\/tuki\/takuu\/takuuehdot\/#primaryimage"},"thumbnailUrl":"https:\/\/smartpuller.com\/wp-content\/uploads\/2017\/09\/SmartPuller_warranty_sign.png","datePublished":"2017-08-30T09:03:06+00:00","dateModified":"2022-11-25T11:22:25+00:00","description":"Autorobot Finland Oy my\u00f6nt\u00e4\u00e4 valmistamalleen SmartPuller-laitteelle valmistus- ja materiaalitakuun. Takuuaika on kaksi (2) vuotta laitteen rungolle ja","breadcrumb":{"@id":"https:\/\/smartpuller.com\/fi\/tuki\/takuu\/takuuehdot\/#breadcrumb"},"inLanguage":"fi","potentialAction":[{"@type":"ReadAction","target":["https:\/\/smartpuller.com\/fi\/tuki\/takuu\/takuuehdot\/"]}]},{"@type":"ImageObject","inLanguage":"fi","@id":"https:\/\/smartpuller.com\/fi\/tuki\/takuu\/takuuehdot\/#primaryimage","url":"https:\/\/smartpuller.com\/wp-content\/uploads\/2017\/09\/SmartPuller_warranty_sign.png","contentUrl":"https:\/\/smartpuller.com\/wp-content\/uploads\/2017\/09\/SmartPuller_warranty_sign.png"},{"@type":"BreadcrumbList","@id":"https:\/\/smartpuller.com\/fi\/tuki\/takuu\/takuuehdot\/#breadcrumb","itemListElement":[{"@type":"ListItem","position":1,"name":"Home","item":"https:\/\/smartpuller.com\/fi\/"},{"@type":"ListItem","position":2,"name":"Tuki","item":"https:\/\/smartpuller.com\/fi\/tuki\/"},{"@type":"ListItem","position":3,"name":"SmartPuller takuu","item":"https:\/\/smartpuller.com\/fi\/tuki\/takuu\/"},{"@type":"ListItem","position":4,"name":"Takuuehdot"}]},{"@type":"WebSite","@id":"https:\/\/smartpuller.com\/fi\/#website","url":"https:\/\/smartpuller.com\/fi\/","name":"SmartPuller","description":"SmartPuller","potentialAction":[{"@type":"SearchAction","target":{"@type":"EntryPoint","urlTemplate":"https:\/\/smartpuller.com\/fi\/?s={search_term_string}"},"query-input":{"@type":"PropertyValueSpecification","valueRequired":true,"valueName":"search_term_string"}}],"inLanguage":"fi"}]}},"_links":{"self":[{"href":"https:\/\/smartpuller.com\/fi\/wp-json\/wp\/v2\/pages\/1645","targetHints":{"allow":["GET"]}}],"collection":[{"href":"https:\/\/smartpuller.com\/fi\/wp-json\/wp\/v2\/pages"}],"about":[{"href":"https:\/\/smartpuller.com\/fi\/wp-json\/wp\/v2\/types\/page"}],"author":[{"embeddable":true,"href":"https:\/\/smartpuller.com\/fi\/wp-json\/wp\/v2\/users\/101"}],"replies":[{"embeddable":true,"href":"https:\/\/smartpuller.com\/fi\/wp-json\/wp\/v2\/comments?post=1645"}],"version-history":[{"count":3,"href":"https:\/\/smartpuller.com\/fi\/wp-json\/wp\/v2\/pages\/1645\/revisions"}],"predecessor-version":[{"id":2467649,"href":"https:\/\/smartpuller.com\/fi\/wp-json\/wp\/v2\/pages\/1645\/revisions\/2467649"}],"up":[{"embeddable":true,"href":"https:\/\/smartpuller.com\/fi\/wp-json\/wp\/v2\/pages\/1711"}],"wp:attachment":[{"href":"https:\/\/smartpuller.com\/fi\/wp-json\/wp\/v2\/media?parent=1645"}],"curies":[{"name":"wp","href":"https:\/\/api.w.org\/{rel}","templated":true}]}}