{"id":1533,"date":"2016-03-29T09:01:01","date_gmt":"2016-03-29T06:01:01","guid":{"rendered":"https:\/\/smartpuller.com\/for-media\/"},"modified":"2017-10-30T15:01:06","modified_gmt":"2017-10-30T13:01:06","slug":"medialle","status":"publish","type":"page","link":"https:\/\/smartpuller.com\/fi\/medialle\/","title":{"rendered":"Medialle"},"content":{"rendered":"<h3>Py\u00f6rill\u00e4 siirtyv\u00e4 laite auton pintapeltien ja koteloiden oikaisuun<\/h3>\n<p>&nbsp;<br \/>\n<strong>Autorobot SmartPuller<\/strong><\/p>\n<p>Autorobot Finland Oy on kehitt\u00e4nyt oikaisuty\u00f6t\u00e4 nopeuttavan SmartPuller-nimisen laitteiston auton pintapeltien ja koteloiden oikaisuun. SmartPullerin parhaita ominaisuuksia ovat helppok\u00e4ytt\u00f6isyys ja oikaisuty\u00f6n nopeus. Laitteistoa voidaan k\u00e4ytt\u00e4\u00e4 l\u00e4hes kaikkiin korinoikaisuteht\u00e4viin.<br \/>\nK\u00e4yt\u00f6n helppous on saavutettu py\u00f6rill\u00e4 siirrett\u00e4v\u00e4ll\u00e4 puomilla, joka on varustettu s\u00e4\u00e4dett\u00e4viss\u00e4 olevilla vastinp\u00e4ill\u00e4. Molemmat vastinp\u00e4\u00e4t ovat s\u00e4\u00e4dett\u00e4viss\u00e4 korin vahvoille alueille, jolloin oikaisutuenta saadaan parhaalle mahdolliselle alueelle. SmartPuller tarvitsee lis\u00e4ksi vastushitsauslaitteen, jolla oikaisukohteeseen kiinnitet\u00e4\u00e4n tartuntaprikat tai lainelanka.<br \/>\nSmartPullerin erikoisuus on sen kyky oikaisusuorituksiin l\u00e4hes koko korin alueella kaikkiin tarvittaviin suuntiin.<br \/>\nVakuutusyhti\u00f6lt\u00e4 saadun informaation mukaan auton pintavaurioiden osuus on n. 80% kaikista vaurioista. Pintavauriot ovat usein kotelorakenteissa, joita ei p\u00e4\u00e4st\u00e4 suoristamaan auton sis\u00e4lt\u00e4 p\u00e4in. Ulkopuolinen oikaisu SmartPullerilla s\u00e4\u00e4st\u00e4\u00e4 ty\u00f6aikaa huomattavasti, koska t\u00e4ll\u00f6in v\u00e4ltyt\u00e4\u00e4n ovien ym. korirakenteiden purkamiselta ja uudelleen kokoamiselta. SmartPullerilla saavutettava hy\u00f6ty on parhaimmillaan hitsattujen, laaja-alaisten auton kylki- ja kattorakenteiden oikaisussa. T\u00e4m\u00e4n vuoksi SmartPuller on yksi nykyaikaisen korjaamon t\u00e4rkeimmist\u00e4 laitteista.<\/p>\n<p><em>Patentoitu.<\/em><\/p>\n<figure id=\"attachment_510\" aria-describedby=\"caption-attachment-510\" style=\"width: 225px\" class=\"wp-caption alignnone\"><a href=\"https:\/\/smartpuller.com\/\/wp-content\/uploads\/2016\/01\/dent-pulling-rear-corner_picture1.jpg\" data-rel=\"lightbox-image-0\" data-rl_title=\"\" data-rl_caption=\"\" title=\"\"><img loading=\"lazy\" decoding=\"async\" src=\"https:\/\/smartpuller.com\/\/wp-content\/uploads\/2016\/01\/dent-pulling-rear-corner_picture1-225x300.jpg\" alt=\"Dent pulling of vehicle rear corner\" width=\"225\" height=\"300\" class=\"size-medium wp-image-510\" srcset=\"https:\/\/smartpuller.com\/wp-content\/uploads\/2016\/01\/dent-pulling-rear-corner_picture1-225x300.jpg 225w, https:\/\/smartpuller.com\/wp-content\/uploads\/2016\/01\/dent-pulling-rear-corner_picture1-300x400.jpg 300w, https:\/\/smartpuller.com\/wp-content\/uploads\/2016\/01\/dent-pulling-rear-corner_picture1-600x800.jpg 600w, https:\/\/smartpuller.com\/wp-content\/uploads\/2016\/01\/dent-pulling-rear-corner_picture1-358x475.jpg 358w, https:\/\/smartpuller.com\/wp-content\/uploads\/2016\/01\/dent-pulling-rear-corner_picture1.jpg 750w\" sizes=\"auto, (max-width: 225px) 100vw, 225px\" \/><\/a><figcaption id=\"caption-attachment-510\" class=\"wp-caption-text\">Auton takakulman kuten monien muidenkin kohteiden oikaisu SmartPullerilla on helppoa.<\/figcaption><\/figure>\n<p>\u00bb <a href=\"https:\/\/smartpuller.com\/fi\/galleria\/kuvat\/\">Kuvagalleria<\/a><\/p>\n<p>Mediakyselyiss\u00e4 ota yhteytt\u00e4: mervi.korhonen@autorobot.fi, Puh. 050 3622 130.<\/p>\n","protected":false},"excerpt":{"rendered":"<p>Py\u00f6rill\u00e4 siirtyv\u00e4 laite auton pintapeltien ja koteloiden oikaisuun &nbsp; Autorobot SmartPuller Autorobot Finland Oy on kehitt\u00e4nyt oikaisuty\u00f6t\u00e4 nopeuttavan SmartPuller-nimisen laitteiston auton pintapeltien ja koteloiden oikaisuun. SmartPullerin parhaita ominaisuuksia ovat helppok\u00e4ytt\u00f6isyys ja oikaisuty\u00f6n nopeus. Laitteistoa voidaan k\u00e4ytt\u00e4\u00e4 l\u00e4hes kaikkiin korinoikaisuteht\u00e4viin. K\u00e4yt\u00f6n helppous on saavutettu py\u00f6rill\u00e4 siirrett\u00e4v\u00e4ll\u00e4 puomilla, joka on varustettu s\u00e4\u00e4dett\u00e4viss\u00e4 olevilla vastinp\u00e4ill\u00e4. Molemmat vastinp\u00e4\u00e4t ovat [&hellip;]<\/p>\n","protected":false},"author":101,"featured_media":0,"parent":0,"menu_order":60,"comment_status":"closed","ping_status":"closed","template":"","meta":{"_genesis_hide_title":false,"_genesis_hide_breadcrumbs":false,"_genesis_hide_singular_image":false,"_genesis_hide_footer_widgets":false,"_genesis_custom_body_class":"","_genesis_custom_post_class":"","_genesis_layout":"","footnotes":""},"class_list":{"0":"post-1533","1":"page","2":"type-page","3":"status-publish","5":"entry"},"yoast_head":"<!-- This site is optimized with the Yoast SEO plugin v27.4 - https:\/\/yoast.com\/product\/yoast-seo-wordpress\/ -->\n<title>Medialle: Lehdist\u00f6tiedote SmartPuller oikaisuj\u00e4rjestelm\u00e4st\u00e4<\/title>\n<meta name=\"description\" content=\"Lehdist\u00f6tiedote: Uusi keksint\u00f6 autokorjaamoille tekee auton paneelien ja helmarakenteiden oikaisusta nopeampaa ja taloudellisempaa.\" \/>\n<meta name=\"robots\" content=\"index, follow, max-snippet:-1, max-image-preview:large, max-video-preview:-1\" \/>\n<link rel=\"canonical\" href=\"https:\/\/smartpuller.com\/fi\/medialle\/\" \/>\n<meta property=\"og:locale\" content=\"fi_FI\" \/>\n<meta property=\"og:type\" content=\"article\" \/>\n<meta property=\"og:title\" content=\"Medialle: Lehdist\u00f6tiedote SmartPuller oikaisuj\u00e4rjestelm\u00e4st\u00e4\" \/>\n<meta property=\"og:description\" content=\"Lehdist\u00f6tiedote: Uusi keksint\u00f6 autokorjaamoille tekee auton paneelien ja helmarakenteiden oikaisusta nopeampaa ja taloudellisempaa.\" \/>\n<meta property=\"og:url\" content=\"https:\/\/smartpuller.com\/fi\/medialle\/\" \/>\n<meta property=\"og:site_name\" content=\"SmartPuller\" \/>\n<meta property=\"article:publisher\" content=\"https:\/\/www.facebook.com\/smartpuller\/\" \/>\n<meta property=\"article:modified_time\" content=\"2017-10-30T13:01:06+00:00\" \/>\n<meta property=\"og:image\" content=\"https:\/\/smartpuller.com\/\/wp-content\/uploads\/2016\/01\/dent-pulling-rear-corner_picture1-225x300.jpg\" \/>\n<meta name=\"twitter:card\" content=\"summary_large_image\" \/>\n<meta name=\"twitter:label1\" content=\"Arvioitu lukuaika\" \/>\n\t<meta name=\"twitter:data1\" content=\"1 minuutti\" \/>\n<script type=\"application\/ld+json\" class=\"yoast-schema-graph\">{\"@context\":\"https:\\\/\\\/schema.org\",\"@graph\":[{\"@type\":\"WebPage\",\"@id\":\"https:\\\/\\\/smartpuller.com\\\/fi\\\/medialle\\\/\",\"url\":\"https:\\\/\\\/smartpuller.com\\\/fi\\\/medialle\\\/\",\"name\":\"Medialle: Lehdist\u00f6tiedote SmartPuller oikaisuj\u00e4rjestelm\u00e4st\u00e4\",\"isPartOf\":{\"@id\":\"https:\\\/\\\/smartpuller.com\\\/fi\\\/#website\"},\"primaryImageOfPage\":{\"@id\":\"https:\\\/\\\/smartpuller.com\\\/fi\\\/medialle\\\/#primaryimage\"},\"image\":{\"@id\":\"https:\\\/\\\/smartpuller.com\\\/fi\\\/medialle\\\/#primaryimage\"},\"thumbnailUrl\":\"https:\\\/\\\/smartpuller.com\\\/\\\/wp-content\\\/uploads\\\/2016\\\/01\\\/dent-pulling-rear-corner_picture1-225x300.jpg\",\"datePublished\":\"2016-03-29T06:01:01+00:00\",\"dateModified\":\"2017-10-30T13:01:06+00:00\",\"description\":\"Lehdist\u00f6tiedote: Uusi keksint\u00f6 autokorjaamoille tekee auton paneelien ja helmarakenteiden oikaisusta nopeampaa ja taloudellisempaa.\",\"breadcrumb\":{\"@id\":\"https:\\\/\\\/smartpuller.com\\\/fi\\\/medialle\\\/#breadcrumb\"},\"inLanguage\":\"fi\",\"potentialAction\":[{\"@type\":\"ReadAction\",\"target\":[\"https:\\\/\\\/smartpuller.com\\\/fi\\\/medialle\\\/\"]}]},{\"@type\":\"ImageObject\",\"inLanguage\":\"fi\",\"@id\":\"https:\\\/\\\/smartpuller.com\\\/fi\\\/medialle\\\/#primaryimage\",\"url\":\"https:\\\/\\\/smartpuller.com\\\/\\\/wp-content\\\/uploads\\\/2016\\\/01\\\/dent-pulling-rear-corner_picture1-225x300.jpg\",\"contentUrl\":\"https:\\\/\\\/smartpuller.com\\\/\\\/wp-content\\\/uploads\\\/2016\\\/01\\\/dent-pulling-rear-corner_picture1-225x300.jpg\"},{\"@type\":\"BreadcrumbList\",\"@id\":\"https:\\\/\\\/smartpuller.com\\\/fi\\\/medialle\\\/#breadcrumb\",\"itemListElement\":[{\"@type\":\"ListItem\",\"position\":1,\"name\":\"Home\",\"item\":\"https:\\\/\\\/smartpuller.com\\\/fi\\\/\"},{\"@type\":\"ListItem\",\"position\":2,\"name\":\"Medialle\"}]},{\"@type\":\"WebSite\",\"@id\":\"https:\\\/\\\/smartpuller.com\\\/fi\\\/#website\",\"url\":\"https:\\\/\\\/smartpuller.com\\\/fi\\\/\",\"name\":\"SmartPuller\",\"description\":\"SmartPuller\",\"potentialAction\":[{\"@type\":\"SearchAction\",\"target\":{\"@type\":\"EntryPoint\",\"urlTemplate\":\"https:\\\/\\\/smartpuller.com\\\/fi\\\/?s={search_term_string}\"},\"query-input\":{\"@type\":\"PropertyValueSpecification\",\"valueRequired\":true,\"valueName\":\"search_term_string\"}}],\"inLanguage\":\"fi\"}]}<\/script>\n<!-- \/ Yoast SEO plugin. -->","yoast_head_json":{"title":"Medialle: Lehdist\u00f6tiedote SmartPuller oikaisuj\u00e4rjestelm\u00e4st\u00e4","description":"Lehdist\u00f6tiedote: Uusi keksint\u00f6 autokorjaamoille tekee auton paneelien ja helmarakenteiden oikaisusta nopeampaa ja taloudellisempaa.","robots":{"index":"index","follow":"follow","max-snippet":"max-snippet:-1","max-image-preview":"max-image-preview:large","max-video-preview":"max-video-preview:-1"},"canonical":"https:\/\/smartpuller.com\/fi\/medialle\/","og_locale":"fi_FI","og_type":"article","og_title":"Medialle: Lehdist\u00f6tiedote SmartPuller oikaisuj\u00e4rjestelm\u00e4st\u00e4","og_description":"Lehdist\u00f6tiedote: Uusi keksint\u00f6 autokorjaamoille tekee auton paneelien ja helmarakenteiden oikaisusta nopeampaa ja taloudellisempaa.","og_url":"https:\/\/smartpuller.com\/fi\/medialle\/","og_site_name":"SmartPuller","article_publisher":"https:\/\/www.facebook.com\/smartpuller\/","article_modified_time":"2017-10-30T13:01:06+00:00","og_image":[{"url":"https:\/\/smartpuller.com\/\/wp-content\/uploads\/2016\/01\/dent-pulling-rear-corner_picture1-225x300.jpg","type":"","width":"","height":""}],"twitter_card":"summary_large_image","twitter_misc":{"Arvioitu lukuaika":"1 minuutti"},"schema":{"@context":"https:\/\/schema.org","@graph":[{"@type":"WebPage","@id":"https:\/\/smartpuller.com\/fi\/medialle\/","url":"https:\/\/smartpuller.com\/fi\/medialle\/","name":"Medialle: Lehdist\u00f6tiedote SmartPuller oikaisuj\u00e4rjestelm\u00e4st\u00e4","isPartOf":{"@id":"https:\/\/smartpuller.com\/fi\/#website"},"primaryImageOfPage":{"@id":"https:\/\/smartpuller.com\/fi\/medialle\/#primaryimage"},"image":{"@id":"https:\/\/smartpuller.com\/fi\/medialle\/#primaryimage"},"thumbnailUrl":"https:\/\/smartpuller.com\/\/wp-content\/uploads\/2016\/01\/dent-pulling-rear-corner_picture1-225x300.jpg","datePublished":"2016-03-29T06:01:01+00:00","dateModified":"2017-10-30T13:01:06+00:00","description":"Lehdist\u00f6tiedote: Uusi keksint\u00f6 autokorjaamoille tekee auton paneelien ja helmarakenteiden oikaisusta nopeampaa ja taloudellisempaa.","breadcrumb":{"@id":"https:\/\/smartpuller.com\/fi\/medialle\/#breadcrumb"},"inLanguage":"fi","potentialAction":[{"@type":"ReadAction","target":["https:\/\/smartpuller.com\/fi\/medialle\/"]}]},{"@type":"ImageObject","inLanguage":"fi","@id":"https:\/\/smartpuller.com\/fi\/medialle\/#primaryimage","url":"https:\/\/smartpuller.com\/\/wp-content\/uploads\/2016\/01\/dent-pulling-rear-corner_picture1-225x300.jpg","contentUrl":"https:\/\/smartpuller.com\/\/wp-content\/uploads\/2016\/01\/dent-pulling-rear-corner_picture1-225x300.jpg"},{"@type":"BreadcrumbList","@id":"https:\/\/smartpuller.com\/fi\/medialle\/#breadcrumb","itemListElement":[{"@type":"ListItem","position":1,"name":"Home","item":"https:\/\/smartpuller.com\/fi\/"},{"@type":"ListItem","position":2,"name":"Medialle"}]},{"@type":"WebSite","@id":"https:\/\/smartpuller.com\/fi\/#website","url":"https:\/\/smartpuller.com\/fi\/","name":"SmartPuller","description":"SmartPuller","potentialAction":[{"@type":"SearchAction","target":{"@type":"EntryPoint","urlTemplate":"https:\/\/smartpuller.com\/fi\/?s={search_term_string}"},"query-input":{"@type":"PropertyValueSpecification","valueRequired":true,"valueName":"search_term_string"}}],"inLanguage":"fi"}]}},"_links":{"self":[{"href":"https:\/\/smartpuller.com\/fi\/wp-json\/wp\/v2\/pages\/1533","targetHints":{"allow":["GET"]}}],"collection":[{"href":"https:\/\/smartpuller.com\/fi\/wp-json\/wp\/v2\/pages"}],"about":[{"href":"https:\/\/smartpuller.com\/fi\/wp-json\/wp\/v2\/types\/page"}],"author":[{"embeddable":true,"href":"https:\/\/smartpuller.com\/fi\/wp-json\/wp\/v2\/users\/101"}],"replies":[{"embeddable":true,"href":"https:\/\/smartpuller.com\/fi\/wp-json\/wp\/v2\/comments?post=1533"}],"version-history":[{"count":0,"href":"https:\/\/smartpuller.com\/fi\/wp-json\/wp\/v2\/pages\/1533\/revisions"}],"wp:attachment":[{"href":"https:\/\/smartpuller.com\/fi\/wp-json\/wp\/v2\/media?parent=1533"}],"curies":[{"name":"wp","href":"https:\/\/api.w.org\/{rel}","templated":true}]}}