{"id":1530,"date":"2016-03-29T10:22:17","date_gmt":"2016-03-29T07:22:17","guid":{"rendered":"https:\/\/smartpuller.com\/yhteydenotto\/smartpuller-newsletter\/"},"modified":"2017-11-09T15:42:55","modified_gmt":"2017-11-09T13:42:55","slug":"smartpuller-uutiskirje","status":"publish","type":"page","link":"https:\/\/smartpuller.com\/fi\/yhteydenotto\/smartpuller-uutiskirje\/","title":{"rendered":"SmartPuller uutiskirje"},"content":{"rendered":"<p>Tilaa SmartPullerin uutiskirje, niin saat tuoreimmat uutiset s\u00e4hk\u00f6postiisi.<\/p>\n<script>(function() {\n\twindow.mc4wp = window.mc4wp || {\n\t\tlisteners: [],\n\t\tforms: {\n\t\t\ton: function(evt, cb) {\n\t\t\t\twindow.mc4wp.listeners.push(\n\t\t\t\t\t{\n\t\t\t\t\t\tevent   : evt,\n\t\t\t\t\t\tcallback: cb\n\t\t\t\t\t}\n\t\t\t\t);\n\t\t\t}\n\t\t}\n\t}\n})();\n<\/script><!-- Mailchimp for WordPress v4.12.1 - https:\/\/wordpress.org\/plugins\/mailchimp-for-wp\/ --><form id=\"mc4wp-form-1\" class=\"mc4wp-form mc4wp-form-1907\" method=\"post\" data-id=\"1907\" data-name=\"uutiskirje\" ><div class=\"mc4wp-form-fields\"><p>\r\n    <label>Nimi<\/label>\r\n    <input name=\"MMERGE1\" required=\"required\" type=\"text\">\r\n<\/p>\r\n<input type=\"hidden\" name=\"MMERGE7\" required=\"required\" value=\"Finland\">\r\n<p>\r\n\t<label>S\u00e4hk\u00f6postiosoite: <small>(*pakollinen)<\/small><\/label>\r\n\t<input type=\"email\" name=\"EMAIL\" placeholder=\"S\u00e4hk\u00f6postiosoitteesi\" required=\"required\" \/>\r\n<\/p>\r\n<p>\r\n\t<input type=\"submit\" value=\"Tilaa\" \/>\r\n<\/p><\/div><label style=\"display: none !important;\">Leave this field empty if you're human: <input type=\"text\" name=\"_mc4wp_honeypot\" value=\"\" tabindex=\"-1\" autocomplete=\"off\" \/><\/label><input type=\"hidden\" name=\"_mc4wp_timestamp\" value=\"1776215134\" \/><input type=\"hidden\" name=\"_mc4wp_form_id\" value=\"1907\" \/><input type=\"hidden\" name=\"_mc4wp_form_element_id\" value=\"mc4wp-form-1\" \/><div class=\"mc4wp-response\"><\/div><\/form><!-- \/ Mailchimp for WordPress Plugin -->\n","protected":false},"excerpt":{"rendered":"<p>Tilaa SmartPullerin uutiskirje, niin saat tuoreimmat uutiset s\u00e4hk\u00f6postiisi.<\/p>\n","protected":false},"author":101,"featured_media":0,"parent":301,"menu_order":530,"comment_status":"closed","ping_status":"closed","template":"","meta":{"_genesis_hide_title":false,"_genesis_hide_breadcrumbs":false,"_genesis_hide_singular_image":false,"_genesis_hide_footer_widgets":false,"_genesis_custom_body_class":"","_genesis_custom_post_class":"","_genesis_layout":"","footnotes":""},"class_list":{"0":"post-1530","1":"page","2":"type-page","3":"status-publish","5":"entry"},"yoast_head":"<!-- This site is optimized with the Yoast SEO plugin v27.4 - https:\/\/yoast.com\/product\/yoast-seo-wordpress\/ -->\n<title>Tilaa SmartPuller oikaisuj\u00e4rjestelm\u00e4n uutiskirje<\/title>\n<meta name=\"description\" content=\"Tule mukaan SmartPullerin s\u00e4hk\u00f6postilistalle kuullaksesi uusimmista uutisista, tapahtumista ja niin edelleen.\" \/>\n<meta name=\"robots\" content=\"index, follow, max-snippet:-1, max-image-preview:large, max-video-preview:-1\" \/>\n<link rel=\"canonical\" href=\"https:\/\/smartpuller.com\/fi\/yhteydenotto\/smartpuller-uutiskirje\/\" \/>\n<meta property=\"og:locale\" content=\"fi_FI\" \/>\n<meta property=\"og:type\" content=\"article\" \/>\n<meta property=\"og:title\" content=\"Tilaa SmartPuller oikaisuj\u00e4rjestelm\u00e4n uutiskirje\" \/>\n<meta property=\"og:description\" content=\"Tule mukaan SmartPullerin s\u00e4hk\u00f6postilistalle kuullaksesi uusimmista uutisista, tapahtumista ja niin edelleen.\" \/>\n<meta property=\"og:url\" content=\"https:\/\/smartpuller.com\/fi\/yhteydenotto\/smartpuller-uutiskirje\/\" \/>\n<meta property=\"og:site_name\" content=\"SmartPuller\" \/>\n<meta property=\"article:publisher\" content=\"https:\/\/www.facebook.com\/smartpuller\/\" \/>\n<meta property=\"article:modified_time\" content=\"2017-11-09T13:42:55+00:00\" \/>\n<meta name=\"twitter:card\" content=\"summary_large_image\" \/>\n<script type=\"application\/ld+json\" class=\"yoast-schema-graph\">{\"@context\":\"https:\\\/\\\/schema.org\",\"@graph\":[{\"@type\":\"WebPage\",\"@id\":\"https:\\\/\\\/smartpuller.com\\\/fi\\\/yhteydenotto\\\/smartpuller-uutiskirje\\\/\",\"url\":\"https:\\\/\\\/smartpuller.com\\\/fi\\\/yhteydenotto\\\/smartpuller-uutiskirje\\\/\",\"name\":\"Tilaa SmartPuller oikaisuj\u00e4rjestelm\u00e4n uutiskirje\",\"isPartOf\":{\"@id\":\"https:\\\/\\\/smartpuller.com\\\/fi\\\/#website\"},\"datePublished\":\"2016-03-29T07:22:17+00:00\",\"dateModified\":\"2017-11-09T13:42:55+00:00\",\"description\":\"Tule mukaan SmartPullerin s\u00e4hk\u00f6postilistalle kuullaksesi uusimmista uutisista, tapahtumista ja niin edelleen.\",\"breadcrumb\":{\"@id\":\"https:\\\/\\\/smartpuller.com\\\/fi\\\/yhteydenotto\\\/smartpuller-uutiskirje\\\/#breadcrumb\"},\"inLanguage\":\"fi\",\"potentialAction\":[{\"@type\":\"ReadAction\",\"target\":[\"https:\\\/\\\/smartpuller.com\\\/fi\\\/yhteydenotto\\\/smartpuller-uutiskirje\\\/\"]}]},{\"@type\":\"BreadcrumbList\",\"@id\":\"https:\\\/\\\/smartpuller.com\\\/fi\\\/yhteydenotto\\\/smartpuller-uutiskirje\\\/#breadcrumb\",\"itemListElement\":[{\"@type\":\"ListItem\",\"position\":1,\"name\":\"Home\",\"item\":\"https:\\\/\\\/smartpuller.com\\\/fi\\\/\"},{\"@type\":\"ListItem\",\"position\":2,\"name\":\"Yhteydenotto\",\"item\":\"https:\\\/\\\/smartpuller.com\\\/fi\\\/yhteydenotto\\\/\"},{\"@type\":\"ListItem\",\"position\":3,\"name\":\"SmartPuller uutiskirje\"}]},{\"@type\":\"WebSite\",\"@id\":\"https:\\\/\\\/smartpuller.com\\\/fi\\\/#website\",\"url\":\"https:\\\/\\\/smartpuller.com\\\/fi\\\/\",\"name\":\"SmartPuller\",\"description\":\"SmartPuller\",\"potentialAction\":[{\"@type\":\"SearchAction\",\"target\":{\"@type\":\"EntryPoint\",\"urlTemplate\":\"https:\\\/\\\/smartpuller.com\\\/fi\\\/?s={search_term_string}\"},\"query-input\":{\"@type\":\"PropertyValueSpecification\",\"valueRequired\":true,\"valueName\":\"search_term_string\"}}],\"inLanguage\":\"fi\"}]}<\/script>\n<!-- \/ Yoast SEO plugin. -->","yoast_head_json":{"title":"Tilaa SmartPuller oikaisuj\u00e4rjestelm\u00e4n uutiskirje","description":"Tule mukaan SmartPullerin s\u00e4hk\u00f6postilistalle kuullaksesi uusimmista uutisista, tapahtumista ja niin edelleen.","robots":{"index":"index","follow":"follow","max-snippet":"max-snippet:-1","max-image-preview":"max-image-preview:large","max-video-preview":"max-video-preview:-1"},"canonical":"https:\/\/smartpuller.com\/fi\/yhteydenotto\/smartpuller-uutiskirje\/","og_locale":"fi_FI","og_type":"article","og_title":"Tilaa SmartPuller oikaisuj\u00e4rjestelm\u00e4n uutiskirje","og_description":"Tule mukaan SmartPullerin s\u00e4hk\u00f6postilistalle kuullaksesi uusimmista uutisista, tapahtumista ja niin edelleen.","og_url":"https:\/\/smartpuller.com\/fi\/yhteydenotto\/smartpuller-uutiskirje\/","og_site_name":"SmartPuller","article_publisher":"https:\/\/www.facebook.com\/smartpuller\/","article_modified_time":"2017-11-09T13:42:55+00:00","twitter_card":"summary_large_image","schema":{"@context":"https:\/\/schema.org","@graph":[{"@type":"WebPage","@id":"https:\/\/smartpuller.com\/fi\/yhteydenotto\/smartpuller-uutiskirje\/","url":"https:\/\/smartpuller.com\/fi\/yhteydenotto\/smartpuller-uutiskirje\/","name":"Tilaa SmartPuller oikaisuj\u00e4rjestelm\u00e4n uutiskirje","isPartOf":{"@id":"https:\/\/smartpuller.com\/fi\/#website"},"datePublished":"2016-03-29T07:22:17+00:00","dateModified":"2017-11-09T13:42:55+00:00","description":"Tule mukaan SmartPullerin s\u00e4hk\u00f6postilistalle kuullaksesi uusimmista uutisista, tapahtumista ja niin edelleen.","breadcrumb":{"@id":"https:\/\/smartpuller.com\/fi\/yhteydenotto\/smartpuller-uutiskirje\/#breadcrumb"},"inLanguage":"fi","potentialAction":[{"@type":"ReadAction","target":["https:\/\/smartpuller.com\/fi\/yhteydenotto\/smartpuller-uutiskirje\/"]}]},{"@type":"BreadcrumbList","@id":"https:\/\/smartpuller.com\/fi\/yhteydenotto\/smartpuller-uutiskirje\/#breadcrumb","itemListElement":[{"@type":"ListItem","position":1,"name":"Home","item":"https:\/\/smartpuller.com\/fi\/"},{"@type":"ListItem","position":2,"name":"Yhteydenotto","item":"https:\/\/smartpuller.com\/fi\/yhteydenotto\/"},{"@type":"ListItem","position":3,"name":"SmartPuller uutiskirje"}]},{"@type":"WebSite","@id":"https:\/\/smartpuller.com\/fi\/#website","url":"https:\/\/smartpuller.com\/fi\/","name":"SmartPuller","description":"SmartPuller","potentialAction":[{"@type":"SearchAction","target":{"@type":"EntryPoint","urlTemplate":"https:\/\/smartpuller.com\/fi\/?s={search_term_string}"},"query-input":{"@type":"PropertyValueSpecification","valueRequired":true,"valueName":"search_term_string"}}],"inLanguage":"fi"}]}},"_links":{"self":[{"href":"https:\/\/smartpuller.com\/fi\/wp-json\/wp\/v2\/pages\/1530","targetHints":{"allow":["GET"]}}],"collection":[{"href":"https:\/\/smartpuller.com\/fi\/wp-json\/wp\/v2\/pages"}],"about":[{"href":"https:\/\/smartpuller.com\/fi\/wp-json\/wp\/v2\/types\/page"}],"author":[{"embeddable":true,"href":"https:\/\/smartpuller.com\/fi\/wp-json\/wp\/v2\/users\/101"}],"replies":[{"embeddable":true,"href":"https:\/\/smartpuller.com\/fi\/wp-json\/wp\/v2\/comments?post=1530"}],"version-history":[{"count":0,"href":"https:\/\/smartpuller.com\/fi\/wp-json\/wp\/v2\/pages\/1530\/revisions"}],"up":[{"embeddable":true,"href":"https:\/\/smartpuller.com\/fi\/wp-json\/wp\/v2\/pages\/301"}],"wp:attachment":[{"href":"https:\/\/smartpuller.com\/fi\/wp-json\/wp\/v2\/media?parent=1530"}],"curies":[{"name":"wp","href":"https:\/\/api.w.org\/{rel}","templated":true}]}}