{"id":1508,"date":"2016-11-15T09:39:00","date_gmt":"2016-11-15T07:39:00","guid":{"rendered":"https:\/\/smartpuller.com\/gallery\/"},"modified":"2017-11-30T08:16:40","modified_gmt":"2017-11-30T06:16:40","slug":"galleria","status":"publish","type":"page","link":"https:\/\/smartpuller.com\/fi\/galleria\/","title":{"rendered":"Galleria"},"content":{"rendered":"<div id=\"pl-1508\"  class=\"panel-layout\" ><div id=\"pg-1508-0\"  class=\"panel-grid panel-no-style\" ><div id=\"pgc-1508-0-0\"  class=\"panel-grid-cell\" ><div id=\"panel-1508-0-0-0\" class=\"so-panel widget widget_sow-editor panel-first-child panel-last-child\" data-index=\"0\" ><div\n\t\t\t\n\t\t\tclass=\"so-widget-sow-editor so-widget-sow-editor-base\"\n\t\t\t\n\t\t>\n<div class=\"siteorigin-widget-tinymce textwidget\">\n\t<p>Tervetuloa SmartPuller-pintaoikaisulaitteen galleriaan! T\u00e4\u00e4ll\u00e4 n\u00e4et kuvia ja videoita erilaisista auton korjaustilanteista, jotka hoituvat SmartPuller-laitteen avulla. SmartPuller suoriutuu nopeasti ja tehokkaasti eri puolilla auton koria tarvittavista pintaoikaisuteht\u00e4vist\u00e4. Laite on helposti liikultevissa py\u00f6rill\u00e4 eri puolille autoa korjaustarpeen mukaisesti.<\/p>\n<\/div>\n<\/div><\/div><\/div><\/div><div id=\"pg-1508-1\"  class=\"panel-grid panel-no-style\" ><div id=\"pgc-1508-1-0\"  class=\"panel-grid-cell\" ><div id=\"panel-1508-1-0-0\" class=\"so-panel widget widget_sow-editor panel-first-child panel-last-child\" data-index=\"1\" ><div\n\t\t\t\n\t\t\tclass=\"so-widget-sow-editor so-widget-sow-editor-base\"\n\t\t\t\n\t\t>\n<div class=\"siteorigin-widget-tinymce textwidget\">\n\t<p><a href=\"\/fi\/galleria\/kuvat\/\"><\/p>\n<h4 class=\"galleriaotsikko\"><span>Kuvat<\/span><\/h4>\n<p><img loading=\"lazy\" decoding=\"async\" src=\"https:\/\/smartpuller.com\/wp-content\/uploads\/2016\/01\/dent-pulling-side-structures_picture1-300x225.jpg\" alt=\"Images\" width=\"300\" height=\"225\" class=\"wp-image-662\" \/><\/a><\/p>\n<\/div>\n<\/div><\/div><\/div><div id=\"pgc-1508-1-1\"  class=\"panel-grid-cell\" ><div id=\"panel-1508-1-1-0\" class=\"so-panel widget widget_sow-editor panel-first-child panel-last-child\" data-index=\"2\" ><div\n\t\t\t\n\t\t\tclass=\"so-widget-sow-editor so-widget-sow-editor-base\"\n\t\t\t\n\t\t>\n<div class=\"siteorigin-widget-tinymce textwidget\">\n\t<p><a href=\"\/fi\/galleria\/videot\/\"><\/p>\n<h4 class=\"galleriaotsikko\"><span>Videot<\/span><\/h4>\n<p><img loading=\"lazy\" decoding=\"async\" src=\"https:\/\/smartpuller.com\/wp-content\/uploads\/2016\/11\/video-gallery-of-smartpuller-300x225.jpg\" alt=\"Videos\" width=\"300\" height=\"225\" class=\"wp-image-1917\" \/><\/a><\/p>\n<\/div>\n<\/div><\/div><\/div><\/div><\/div>","protected":false},"excerpt":{"rendered":"<p>Tervetuloa SmartPuller-pintaoikaisulaitteen galleriaan! T\u00e4\u00e4ll\u00e4 n\u00e4et kuvia ja videoita erilaisista auton korjaustilanteista, jotka hoituvat SmartPuller-laitteen avulla. SmartPuller suoriutuu nopeasti ja tehokkaasti eri puolilla auton koria tarvittavista pintaoikaisuteht\u00e4vist\u00e4. Laite on helposti liikultevissa py\u00f6rill\u00e4 eri puolille autoa korjaustarpeen mukaisesti. Kuvat Videot<\/p>\n","protected":false},"author":101,"featured_media":0,"parent":0,"menu_order":0,"comment_status":"closed","ping_status":"closed","template":"","meta":{"_genesis_hide_title":false,"_genesis_hide_breadcrumbs":false,"_genesis_hide_singular_image":false,"_genesis_hide_footer_widgets":false,"_genesis_custom_body_class":"","_genesis_custom_post_class":"","_genesis_layout":"","footnotes":""},"class_list":{"0":"post-1508","1":"page","2":"type-page","3":"status-publish","5":"entry","6":"has-post-thumbnail"},"yoast_head":"<!-- This site is optimized with the Yoast SEO plugin v27.4 - https:\/\/yoast.com\/product\/yoast-seo-wordpress\/ -->\n<title>SmartPuller Galleria. N\u00e4e kaikki tuotevideot t\u00e4\u00e4lt\u00e4.<\/title>\n<meta name=\"description\" content=\"SmartPuller videot opastavat sinut k\u00e4ytt\u00e4m\u00e4\u00e4n j\u00e4rjestelm\u00e4\u00e4 helposti. Se on sopiva l\u00e4hes kaikkiin korjaamon oikaisuteht\u00e4viin.\" \/>\n<meta name=\"robots\" content=\"index, follow, max-snippet:-1, max-image-preview:large, max-video-preview:-1\" \/>\n<link rel=\"canonical\" href=\"https:\/\/smartpuller.com\/fi\/galleria\/\" \/>\n<meta property=\"og:locale\" content=\"fi_FI\" \/>\n<meta property=\"og:type\" content=\"article\" \/>\n<meta property=\"og:title\" content=\"SmartPuller Galleria. N\u00e4e kaikki tuotevideot t\u00e4\u00e4lt\u00e4.\" \/>\n<meta property=\"og:description\" content=\"SmartPuller videot opastavat sinut k\u00e4ytt\u00e4m\u00e4\u00e4n j\u00e4rjestelm\u00e4\u00e4 helposti. Se on sopiva l\u00e4hes kaikkiin korjaamon oikaisuteht\u00e4viin.\" \/>\n<meta property=\"og:url\" content=\"https:\/\/smartpuller.com\/fi\/galleria\/\" \/>\n<meta property=\"og:site_name\" content=\"SmartPuller\" \/>\n<meta property=\"article:publisher\" content=\"https:\/\/www.facebook.com\/smartpuller\/\" \/>\n<meta property=\"article:modified_time\" content=\"2017-11-30T06:16:40+00:00\" \/>\n<meta property=\"og:image\" content=\"https:\/\/smartpuller.com\/wp-content\/uploads\/2016\/01\/dent-pulling-side-structures_picture1-300x225.jpg\" \/>\n<meta name=\"twitter:card\" content=\"summary_large_image\" \/>\n<script type=\"application\/ld+json\" class=\"yoast-schema-graph\">{\"@context\":\"https:\\\/\\\/schema.org\",\"@graph\":[{\"@type\":\"WebPage\",\"@id\":\"https:\\\/\\\/smartpuller.com\\\/fi\\\/galleria\\\/\",\"url\":\"https:\\\/\\\/smartpuller.com\\\/fi\\\/galleria\\\/\",\"name\":\"SmartPuller Galleria. N\u00e4e kaikki tuotevideot t\u00e4\u00e4lt\u00e4.\",\"isPartOf\":{\"@id\":\"https:\\\/\\\/smartpuller.com\\\/fi\\\/#website\"},\"primaryImageOfPage\":{\"@id\":\"https:\\\/\\\/smartpuller.com\\\/fi\\\/galleria\\\/#primaryimage\"},\"image\":{\"@id\":\"https:\\\/\\\/smartpuller.com\\\/fi\\\/galleria\\\/#primaryimage\"},\"thumbnailUrl\":\"https:\\\/\\\/smartpuller.com\\\/wp-content\\\/uploads\\\/2016\\\/01\\\/dent-pulling-side-structures_picture1-300x225.jpg\",\"datePublished\":\"2016-11-15T07:39:00+00:00\",\"dateModified\":\"2017-11-30T06:16:40+00:00\",\"description\":\"SmartPuller videot opastavat sinut k\u00e4ytt\u00e4m\u00e4\u00e4n j\u00e4rjestelm\u00e4\u00e4 helposti. Se on sopiva l\u00e4hes kaikkiin korjaamon oikaisuteht\u00e4viin.\",\"breadcrumb\":{\"@id\":\"https:\\\/\\\/smartpuller.com\\\/fi\\\/galleria\\\/#breadcrumb\"},\"inLanguage\":\"fi\",\"potentialAction\":[{\"@type\":\"ReadAction\",\"target\":[\"https:\\\/\\\/smartpuller.com\\\/fi\\\/galleria\\\/\"]}]},{\"@type\":\"ImageObject\",\"inLanguage\":\"fi\",\"@id\":\"https:\\\/\\\/smartpuller.com\\\/fi\\\/galleria\\\/#primaryimage\",\"url\":\"https:\\\/\\\/smartpuller.com\\\/wp-content\\\/uploads\\\/2016\\\/01\\\/dent-pulling-side-structures_picture1-300x225.jpg\",\"contentUrl\":\"https:\\\/\\\/smartpuller.com\\\/wp-content\\\/uploads\\\/2016\\\/01\\\/dent-pulling-side-structures_picture1-300x225.jpg\"},{\"@type\":\"BreadcrumbList\",\"@id\":\"https:\\\/\\\/smartpuller.com\\\/fi\\\/galleria\\\/#breadcrumb\",\"itemListElement\":[{\"@type\":\"ListItem\",\"position\":1,\"name\":\"Home\",\"item\":\"https:\\\/\\\/smartpuller.com\\\/fi\\\/\"},{\"@type\":\"ListItem\",\"position\":2,\"name\":\"Galleria\"}]},{\"@type\":\"WebSite\",\"@id\":\"https:\\\/\\\/smartpuller.com\\\/fi\\\/#website\",\"url\":\"https:\\\/\\\/smartpuller.com\\\/fi\\\/\",\"name\":\"SmartPuller\",\"description\":\"SmartPuller\",\"potentialAction\":[{\"@type\":\"SearchAction\",\"target\":{\"@type\":\"EntryPoint\",\"urlTemplate\":\"https:\\\/\\\/smartpuller.com\\\/fi\\\/?s={search_term_string}\"},\"query-input\":{\"@type\":\"PropertyValueSpecification\",\"valueRequired\":true,\"valueName\":\"search_term_string\"}}],\"inLanguage\":\"fi\"}]}<\/script>\n<!-- \/ Yoast SEO plugin. -->","yoast_head_json":{"title":"SmartPuller Galleria. N\u00e4e kaikki tuotevideot t\u00e4\u00e4lt\u00e4.","description":"SmartPuller videot opastavat sinut k\u00e4ytt\u00e4m\u00e4\u00e4n j\u00e4rjestelm\u00e4\u00e4 helposti. Se on sopiva l\u00e4hes kaikkiin korjaamon oikaisuteht\u00e4viin.","robots":{"index":"index","follow":"follow","max-snippet":"max-snippet:-1","max-image-preview":"max-image-preview:large","max-video-preview":"max-video-preview:-1"},"canonical":"https:\/\/smartpuller.com\/fi\/galleria\/","og_locale":"fi_FI","og_type":"article","og_title":"SmartPuller Galleria. N\u00e4e kaikki tuotevideot t\u00e4\u00e4lt\u00e4.","og_description":"SmartPuller videot opastavat sinut k\u00e4ytt\u00e4m\u00e4\u00e4n j\u00e4rjestelm\u00e4\u00e4 helposti. Se on sopiva l\u00e4hes kaikkiin korjaamon oikaisuteht\u00e4viin.","og_url":"https:\/\/smartpuller.com\/fi\/galleria\/","og_site_name":"SmartPuller","article_publisher":"https:\/\/www.facebook.com\/smartpuller\/","article_modified_time":"2017-11-30T06:16:40+00:00","og_image":[{"url":"https:\/\/smartpuller.com\/wp-content\/uploads\/2016\/01\/dent-pulling-side-structures_picture1-300x225.jpg","type":"","width":"","height":""}],"twitter_card":"summary_large_image","schema":{"@context":"https:\/\/schema.org","@graph":[{"@type":"WebPage","@id":"https:\/\/smartpuller.com\/fi\/galleria\/","url":"https:\/\/smartpuller.com\/fi\/galleria\/","name":"SmartPuller Galleria. N\u00e4e kaikki tuotevideot t\u00e4\u00e4lt\u00e4.","isPartOf":{"@id":"https:\/\/smartpuller.com\/fi\/#website"},"primaryImageOfPage":{"@id":"https:\/\/smartpuller.com\/fi\/galleria\/#primaryimage"},"image":{"@id":"https:\/\/smartpuller.com\/fi\/galleria\/#primaryimage"},"thumbnailUrl":"https:\/\/smartpuller.com\/wp-content\/uploads\/2016\/01\/dent-pulling-side-structures_picture1-300x225.jpg","datePublished":"2016-11-15T07:39:00+00:00","dateModified":"2017-11-30T06:16:40+00:00","description":"SmartPuller videot opastavat sinut k\u00e4ytt\u00e4m\u00e4\u00e4n j\u00e4rjestelm\u00e4\u00e4 helposti. Se on sopiva l\u00e4hes kaikkiin korjaamon oikaisuteht\u00e4viin.","breadcrumb":{"@id":"https:\/\/smartpuller.com\/fi\/galleria\/#breadcrumb"},"inLanguage":"fi","potentialAction":[{"@type":"ReadAction","target":["https:\/\/smartpuller.com\/fi\/galleria\/"]}]},{"@type":"ImageObject","inLanguage":"fi","@id":"https:\/\/smartpuller.com\/fi\/galleria\/#primaryimage","url":"https:\/\/smartpuller.com\/wp-content\/uploads\/2016\/01\/dent-pulling-side-structures_picture1-300x225.jpg","contentUrl":"https:\/\/smartpuller.com\/wp-content\/uploads\/2016\/01\/dent-pulling-side-structures_picture1-300x225.jpg"},{"@type":"BreadcrumbList","@id":"https:\/\/smartpuller.com\/fi\/galleria\/#breadcrumb","itemListElement":[{"@type":"ListItem","position":1,"name":"Home","item":"https:\/\/smartpuller.com\/fi\/"},{"@type":"ListItem","position":2,"name":"Galleria"}]},{"@type":"WebSite","@id":"https:\/\/smartpuller.com\/fi\/#website","url":"https:\/\/smartpuller.com\/fi\/","name":"SmartPuller","description":"SmartPuller","potentialAction":[{"@type":"SearchAction","target":{"@type":"EntryPoint","urlTemplate":"https:\/\/smartpuller.com\/fi\/?s={search_term_string}"},"query-input":{"@type":"PropertyValueSpecification","valueRequired":true,"valueName":"search_term_string"}}],"inLanguage":"fi"}]}},"_links":{"self":[{"href":"https:\/\/smartpuller.com\/fi\/wp-json\/wp\/v2\/pages\/1508","targetHints":{"allow":["GET"]}}],"collection":[{"href":"https:\/\/smartpuller.com\/fi\/wp-json\/wp\/v2\/pages"}],"about":[{"href":"https:\/\/smartpuller.com\/fi\/wp-json\/wp\/v2\/types\/page"}],"author":[{"embeddable":true,"href":"https:\/\/smartpuller.com\/fi\/wp-json\/wp\/v2\/users\/101"}],"replies":[{"embeddable":true,"href":"https:\/\/smartpuller.com\/fi\/wp-json\/wp\/v2\/comments?post=1508"}],"version-history":[{"count":0,"href":"https:\/\/smartpuller.com\/fi\/wp-json\/wp\/v2\/pages\/1508\/revisions"}],"wp:attachment":[{"href":"https:\/\/smartpuller.com\/fi\/wp-json\/wp\/v2\/media?parent=1508"}],"curies":[{"name":"wp","href":"https:\/\/api.w.org\/{rel}","templated":true}]}}