{"id":2886,"date":"2017-10-10T09:26:45","date_gmt":"2017-10-10T06:26:45","guid":{"rendered":"https:\/\/smartpuller.com\/?page_id=2886"},"modified":"2017-11-13T10:53:46","modified_gmt":"2017-11-13T08:53:46","slug":"diamond-ve","status":"publish","type":"page","link":"https:\/\/smartpuller.com\/es\/equipos-e-implementos\/diamond-ve\/","title":{"rendered":"Diamond VE"},"content":{"rendered":"<div id=\"pl-2886\"  class=\"panel-layout\" ><div id=\"pg-2886-0\"  class=\"panel-grid panel-no-style\" ><div id=\"pgc-2886-0-0\"  class=\"panel-grid-cell\" ><div id=\"panel-2886-0-0-0\" class=\"so-panel widget widget_sow-editor panel-first-child panel-last-child\" data-index=\"0\" ><div\n\t\t\t\n\t\t\tclass=\"so-widget-sow-editor so-widget-sow-editor-base\"\n\t\t\t\n\t\t>\n<div class=\"siteorigin-widget-tinymce textwidget\">\n\t<h4>Descripcion de las partes del equipo A-14+15VE SmartPuller Diamond VE:<\/h4>\n<\/div>\n<\/div><\/div><\/div><\/div><div id=\"pg-2886-1\"  class=\"panel-grid panel-no-style\" ><div id=\"pgc-2886-1-0\"  class=\"panel-grid-cell\" ><div id=\"panel-2886-1-0-0\" class=\"so-panel widget widget_sow-editor panel-first-child panel-last-child\" data-index=\"1\" ><div\n\t\t\t\n\t\t\tclass=\"so-widget-sow-editor so-widget-sow-editor-base\"\n\t\t\t\n\t\t>\n<div class=\"siteorigin-widget-tinymce textwidget\">\n\t<p>Diamond viene con Silver, Implementos MultiSpot, Doble Tiro y Manejo de Puertas si as\u00ed lo desean. Observen que los adaptadores para fijaci\u00f3n (A-13-20 y 876034) de las varillas y platinos se adaptan al v\u00e1stago de 10 mm de la pistola del Spotter que Ustedes deben tener.<\/p>\n<\/div>\n<\/div><\/div><\/div><div id=\"pgc-2886-1-1\"  class=\"panel-grid-cell\" ><div id=\"panel-2886-1-1-0\" class=\"so-panel widget widget_sow-editor panel-first-child panel-last-child\" data-index=\"2\" ><div\n\t\t\t\n\t\t\tclass=\"so-widget-sow-editor so-widget-sow-editor-base\"\n\t\t\t\n\t\t>\n<div class=\"siteorigin-widget-tinymce textwidget\">\n\t<figure id=\"attachment_2724\" aria-describedby=\"caption-attachment-2724\" style=\"width: 750px\" class=\"wp-caption alignnone\"><a href=\"https:\/\/smartpuller.com\/wp-content\/uploads\/2017\/01\/smartpuller_silver-set_dent_pulling.jpg\" rel=\"lightbox\" data-rel=\"lightbox-image-0\" data-rl_title=\"\" data-rl_caption=\"\" title=\"\"><img loading=\"lazy\" decoding=\"async\" class=\"wp-image-2724 size-full\" src=\"https:\/\/smartpuller.com\/wp-content\/uploads\/2017\/01\/smartpuller_silver-set_dent_pulling.jpg\" alt=\"\" width=\"750\" height=\"1000\" srcset=\"https:\/\/smartpuller.com\/wp-content\/uploads\/2017\/01\/smartpuller_silver-set_dent_pulling.jpg 750w, https:\/\/smartpuller.com\/wp-content\/uploads\/2017\/01\/smartpuller_silver-set_dent_pulling-300x400.jpg 300w, https:\/\/smartpuller.com\/wp-content\/uploads\/2017\/01\/smartpuller_silver-set_dent_pulling-600x800.jpg 600w\" sizes=\"auto, (max-width: 750px) 100vw, 750px\" \/><\/a><figcaption id=\"caption-attachment-2724\" class=\"wp-caption-text\">A-14+11 SmartPuller Silver<\/figcaption><\/figure>\n<\/div>\n<\/div><\/div><\/div><\/div><div id=\"pg-2886-2\"  class=\"panel-grid panel-no-style\" ><div id=\"pgc-2886-2-0\"  class=\"panel-grid-cell\" ><div id=\"panel-2886-2-0-0\" class=\"so-panel widget widget_sow-editor panel-first-child panel-last-child\" data-index=\"3\" ><div\n\t\t\t\n\t\t\tclass=\"so-widget-sow-editor so-widget-sow-editor-base\"\n\t\t\t\n\t\t>\n<div class=\"siteorigin-widget-tinymce textwidget\">\n\t<div class=\"accessories_area\">\n<h4>Implementos de Doble Tiro 207156 consistiendo<\/h4>\n<table>\n<tbody>\n<tr>\n<td>A-11+1\/A-11+3<\/td>\n<td>Brazo de Traccion con gancho<\/td>\n<\/tr>\n<tr>\n<td>H28+<\/td>\n<td>Mordaza de 5 Tn con gancho para tracciones laterales<\/td>\n<\/tr>\n<tr>\n<td>H31+<\/td>\n<td>Mordaza con aro<\/td>\n<\/tr>\n<tr>\n<td>A-14+11-1<\/td>\n<td>Soporte para fijacion en las tuercas de McPhersson<\/td>\n<\/tr>\n<\/tbody>\n<\/table>\n<p><a href=\"https:\/\/smartpuller.com\/wp-content\/uploads\/2017\/10\/smartpuller-multispot-207156.png\" rel=\"lightbox\" data-rel=\"lightbox-image-1\" data-rl_title=\"\" data-rl_caption=\"\" title=\"\"><img loading=\"lazy\" decoding=\"async\" class=\"alignnone wp-image-2913 size-medium\" src=\"https:\/\/smartpuller.com\/wp-content\/uploads\/2017\/10\/smartpuller-multispot-207156-300x226.png\" alt=\"\" width=\"300\" height=\"226\" srcset=\"https:\/\/smartpuller.com\/wp-content\/uploads\/2017\/10\/smartpuller-multispot-207156-300x226.png 300w, https:\/\/smartpuller.com\/wp-content\/uploads\/2017\/10\/smartpuller-multispot-207156-600x451.png 600w, https:\/\/smartpuller.com\/wp-content\/uploads\/2017\/10\/smartpuller-multispot-207156-768x577.png 768w, https:\/\/smartpuller.com\/wp-content\/uploads\/2017\/10\/smartpuller-multispot-207156-1024x770.png 1024w, https:\/\/smartpuller.com\/wp-content\/uploads\/2017\/10\/smartpuller-multispot-207156.png 1200w\" sizes=\"auto, (max-width: 300px) 100vw, 300px\" \/><\/a><\/p>\n<\/div>\n<\/div>\n<\/div><\/div><\/div><\/div><div id=\"pg-2886-3\"  class=\"panel-grid panel-no-style\" ><div id=\"pgc-2886-3-0\"  class=\"panel-grid-cell\" ><div id=\"panel-2886-3-0-0\" class=\"so-panel widget widget_sow-editor panel-first-child panel-last-child\" data-index=\"4\" ><div\n\t\t\t\n\t\t\tclass=\"so-widget-sow-editor so-widget-sow-editor-base\"\n\t\t\t\n\t\t>\n<div class=\"siteorigin-widget-tinymce textwidget\">\n\t<div class=\"accessories_area\">\n<h4>Implementos de MultiSpot 207158 consistiendo<\/h4>\n<table>\n<tbody>\n<tr>\n<td>A-11+2<\/td>\n<td>Pasadores para Platinos Spot<\/td>\n<\/tr>\n<tr>\n<td>8760341<\/td>\n<td>Banco para emparejar Platinos Spot<\/td>\n<\/tr>\n<tr>\n<td>A-13-20<\/td>\n<td>Electrodo para Varillas Spot<\/td>\n<\/tr>\n<tr>\n<td>HSK-814<\/td>\n<td>Platinos Spot<\/td>\n<\/tr>\n<tr>\n<td>876004<\/td>\n<td>Tierra con Im\u00e1n<\/td>\n<\/tr>\n<tr>\n<td>WB-11<\/td>\n<td>Varillas Spot<\/td>\n<\/tr>\n<tr>\n<td>8760341<\/td>\n<td>Adaptador de Spotter para Platinos Spot<\/td>\n<\/tr>\n<\/tbody>\n<\/table>\n<p><a href=\"https:\/\/smartpuller.com\/wp-content\/uploads\/2017\/10\/207158.png\" rel=\"lightbox\" data-rel=\"lightbox-image-2\" data-rl_title=\"\" data-rl_caption=\"\" title=\"\"><img loading=\"lazy\" decoding=\"async\" class=\"alignnone wp-image-2916 size-full\" src=\"https:\/\/smartpuller.com\/wp-content\/uploads\/2017\/10\/207158.png\" alt=\"\" width=\"1200\" height=\"674\" srcset=\"https:\/\/smartpuller.com\/wp-content\/uploads\/2017\/10\/207158.png 1200w, https:\/\/smartpuller.com\/wp-content\/uploads\/2017\/10\/207158-600x337.png 600w, https:\/\/smartpuller.com\/wp-content\/uploads\/2017\/10\/207158-300x169.png 300w, https:\/\/smartpuller.com\/wp-content\/uploads\/2017\/10\/207158-768x431.png 768w, https:\/\/smartpuller.com\/wp-content\/uploads\/2017\/10\/207158-1024x575.png 1024w, https:\/\/smartpuller.com\/wp-content\/uploads\/2017\/10\/207158-358x200.png 358w\" sizes=\"auto, (max-width: 1200px) 100vw, 1200px\" \/><\/a><\/p>\n<\/div>\n<\/div>\n<\/div><\/div><\/div><\/div><div id=\"pg-2886-4\"  class=\"panel-grid panel-no-style\" ><div id=\"pgc-2886-4-0\"  class=\"panel-grid-cell\" ><div id=\"panel-2886-4-0-0\" class=\"so-panel widget widget_sow-editor panel-first-child panel-last-child\" data-index=\"5\" ><div\n\t\t\t\n\t\t\tclass=\"so-widget-sow-editor so-widget-sow-editor-base\"\n\t\t\t\n\t\t>\n<div class=\"siteorigin-widget-tinymce textwidget\">\n\t<div class=\"accessories_area\">\n<h4>A-14+11-2 Opcional implementos para Manejo de las Puertas<\/h4>\n<p><a href=\"https:\/\/smartpuller.com\/wp-content\/uploads\/2017\/10\/a-14p11-2.png\" rel=\"lightbox\" data-rel=\"lightbox-image-3\" data-rl_title=\"\" data-rl_caption=\"\" title=\"\"><img loading=\"lazy\" decoding=\"async\" class=\"alignnone wp-image-2919 size-medium\" src=\"https:\/\/smartpuller.com\/wp-content\/uploads\/2017\/10\/a-14p11-2-300x172.png\" alt=\"\" width=\"300\" height=\"172\" srcset=\"https:\/\/smartpuller.com\/wp-content\/uploads\/2017\/10\/a-14p11-2-300x172.png 300w, https:\/\/smartpuller.com\/wp-content\/uploads\/2017\/10\/a-14p11-2-600x344.png 600w, https:\/\/smartpuller.com\/wp-content\/uploads\/2017\/10\/a-14p11-2-768x440.png 768w, https:\/\/smartpuller.com\/wp-content\/uploads\/2017\/10\/a-14p11-2-1024x587.png 1024w, https:\/\/smartpuller.com\/wp-content\/uploads\/2017\/10\/a-14p11-2.png 1200w\" sizes=\"auto, (max-width: 300px) 100vw, 300px\" \/><\/a><\/p>\n<\/div>\n<\/div>\n<\/div><\/div><\/div><\/div><div id=\"pg-2886-5\"  class=\"panel-grid panel-no-style\" ><div id=\"pgc-2886-5-0\"  class=\"panel-grid-cell\" ><div id=\"panel-2886-5-0-0\" class=\"so-panel widget widget_sow-editor panel-first-child panel-last-child\" data-index=\"6\" ><div\n\t\t\t\n\t\t\tclass=\"so-widget-sow-editor so-widget-sow-editor-base\"\n\t\t\t\n\t\t>\n<div class=\"siteorigin-widget-tinymce textwidget\">\n\t<p><a href=\"https:\/\/smartpuller.com\/wp-content\/uploads\/2017\/10\/smartpuller-diamond-ve.pdf\">\u00bb Descargue PDF para ver e imprimir la imagen del equipo.<\/a><\/p>\n<div class=\"nappilinkki\"><a href=\"\/es\/contacto\/como-comprar\/\">\u00bb COMO COMPRAR<\/a><\/div>\n<p><a href=\"https:\/\/smartpuller.com\/es\/equipos-e-implementos\/silver\/\">\u00bb SmartPuller Silver<\/a><br \/>\n<a href=\"https:\/\/smartpuller.com\/es\/equipos-e-implementos\/platinum-ve\/\">\u00bb SmartPuller Platinum<\/a><\/p>\n<\/div>\n<\/div><\/div><\/div><\/div><\/div>","protected":false},"excerpt":{"rendered":"<p>Descripcion de las partes del equipo A-14+15VE SmartPuller Diamond VE: Diamond viene con Silver, Implementos MultiSpot, Doble Tiro y Manejo de Puertas si as\u00ed lo desean. Observen que los adaptadores para fijaci\u00f3n (A-13-20 y 876034) de las varillas y platinos se adaptan al v\u00e1stago de 10 mm de la pistola del Spotter que Ustedes deben [&hellip;]<\/p>\n","protected":false},"author":101,"featured_media":0,"parent":2310,"menu_order":0,"comment_status":"closed","ping_status":"closed","template":"","meta":{"_genesis_hide_title":false,"_genesis_hide_breadcrumbs":false,"_genesis_hide_singular_image":false,"_genesis_hide_footer_widgets":false,"_genesis_custom_body_class":"","_genesis_custom_post_class":"","_genesis_layout":"","footnotes":""},"class_list":{"0":"post-2886","1":"page","2":"type-page","3":"status-publish","5":"entry","6":"has-post-thumbnail"},"yoast_head":"<!-- This site is optimized with the Yoast SEO plugin v27.4 - https:\/\/yoast.com\/product\/yoast-seo-wordpress\/ -->\n<title>Diamond VE<\/title>\n<meta name=\"description\" content=\"Descripcion de las partes del equipo A-14+15VE SmartPuller Diamond VE: Diamond viene con Silver, Implementos MultiSpot, Doble Tiro y Manejo de Puertas si\" \/>\n<meta name=\"robots\" content=\"index, follow, max-snippet:-1, max-image-preview:large, max-video-preview:-1\" \/>\n<link rel=\"canonical\" href=\"https:\/\/smartpuller.com\/es\/equipos-e-implementos\/diamond-ve\/\" \/>\n<meta property=\"og:locale\" content=\"es_ES\" \/>\n<meta property=\"og:type\" content=\"article\" \/>\n<meta property=\"og:title\" content=\"Diamond VE\" \/>\n<meta property=\"og:description\" content=\"Descripcion de las partes del equipo A-14+15VE SmartPuller Diamond VE: Diamond viene con Silver, Implementos MultiSpot, Doble Tiro y Manejo de Puertas si\" \/>\n<meta property=\"og:url\" content=\"https:\/\/smartpuller.com\/es\/equipos-e-implementos\/diamond-ve\/\" \/>\n<meta property=\"og:site_name\" content=\"SmartPuller\" \/>\n<meta property=\"article:publisher\" content=\"https:\/\/www.facebook.com\/smartpuller\/\" \/>\n<meta property=\"article:modified_time\" content=\"2017-11-13T08:53:46+00:00\" \/>\n<meta property=\"og:image\" content=\"https:\/\/smartpuller.com\/wp-content\/uploads\/2017\/01\/smartpuller_silver-set_dent_pulling.jpg\" \/>\n<meta name=\"twitter:card\" content=\"summary_large_image\" \/>\n<meta name=\"twitter:label1\" content=\"Tiempo de lectura\" \/>\n\t<meta name=\"twitter:data1\" content=\"1 minuto\" \/>\n<script type=\"application\/ld+json\" class=\"yoast-schema-graph\">{\"@context\":\"https:\\\/\\\/schema.org\",\"@graph\":[{\"@type\":\"WebPage\",\"@id\":\"https:\\\/\\\/smartpuller.com\\\/es\\\/equipos-e-implementos\\\/diamond-ve\\\/\",\"url\":\"https:\\\/\\\/smartpuller.com\\\/es\\\/equipos-e-implementos\\\/diamond-ve\\\/\",\"name\":\"Diamond VE\",\"isPartOf\":{\"@id\":\"https:\\\/\\\/smartpuller.com\\\/fi\\\/#website\"},\"primaryImageOfPage\":{\"@id\":\"https:\\\/\\\/smartpuller.com\\\/es\\\/equipos-e-implementos\\\/diamond-ve\\\/#primaryimage\"},\"image\":{\"@id\":\"https:\\\/\\\/smartpuller.com\\\/es\\\/equipos-e-implementos\\\/diamond-ve\\\/#primaryimage\"},\"thumbnailUrl\":\"https:\\\/\\\/smartpuller.com\\\/wp-content\\\/uploads\\\/2017\\\/01\\\/smartpuller_silver-set_dent_pulling.jpg\",\"datePublished\":\"2017-10-10T06:26:45+00:00\",\"dateModified\":\"2017-11-13T08:53:46+00:00\",\"description\":\"Descripcion de las partes del equipo A-14+15VE SmartPuller Diamond VE: Diamond viene con Silver, Implementos MultiSpot, Doble Tiro y Manejo de Puertas si\",\"breadcrumb\":{\"@id\":\"https:\\\/\\\/smartpuller.com\\\/es\\\/equipos-e-implementos\\\/diamond-ve\\\/#breadcrumb\"},\"inLanguage\":\"es\",\"potentialAction\":[{\"@type\":\"ReadAction\",\"target\":[\"https:\\\/\\\/smartpuller.com\\\/es\\\/equipos-e-implementos\\\/diamond-ve\\\/\"]}]},{\"@type\":\"ImageObject\",\"inLanguage\":\"es\",\"@id\":\"https:\\\/\\\/smartpuller.com\\\/es\\\/equipos-e-implementos\\\/diamond-ve\\\/#primaryimage\",\"url\":\"https:\\\/\\\/smartpuller.com\\\/wp-content\\\/uploads\\\/2017\\\/01\\\/smartpuller_silver-set_dent_pulling.jpg\",\"contentUrl\":\"https:\\\/\\\/smartpuller.com\\\/wp-content\\\/uploads\\\/2017\\\/01\\\/smartpuller_silver-set_dent_pulling.jpg\"},{\"@type\":\"BreadcrumbList\",\"@id\":\"https:\\\/\\\/smartpuller.com\\\/es\\\/equipos-e-implementos\\\/diamond-ve\\\/#breadcrumb\",\"itemListElement\":[{\"@type\":\"ListItem\",\"position\":1,\"name\":\"Home\",\"item\":\"https:\\\/\\\/smartpuller.com\\\/es\\\/\"},{\"@type\":\"ListItem\",\"position\":2,\"name\":\"Equipos e implementos\",\"item\":\"https:\\\/\\\/smartpuller.com\\\/es\\\/equipos-e-implementos\\\/\"},{\"@type\":\"ListItem\",\"position\":3,\"name\":\"Diamond VE\"}]},{\"@type\":\"WebSite\",\"@id\":\"https:\\\/\\\/smartpuller.com\\\/fi\\\/#website\",\"url\":\"https:\\\/\\\/smartpuller.com\\\/fi\\\/\",\"name\":\"SmartPuller\",\"description\":\"SmartPuller\",\"potentialAction\":[{\"@type\":\"SearchAction\",\"target\":{\"@type\":\"EntryPoint\",\"urlTemplate\":\"https:\\\/\\\/smartpuller.com\\\/fi\\\/?s={search_term_string}\"},\"query-input\":{\"@type\":\"PropertyValueSpecification\",\"valueRequired\":true,\"valueName\":\"search_term_string\"}}],\"inLanguage\":\"es\"}]}<\/script>\n<!-- \/ Yoast SEO plugin. -->","yoast_head_json":{"title":"Diamond VE","description":"Descripcion de las partes del equipo A-14+15VE SmartPuller Diamond VE: Diamond viene con Silver, Implementos MultiSpot, Doble Tiro y Manejo de Puertas si","robots":{"index":"index","follow":"follow","max-snippet":"max-snippet:-1","max-image-preview":"max-image-preview:large","max-video-preview":"max-video-preview:-1"},"canonical":"https:\/\/smartpuller.com\/es\/equipos-e-implementos\/diamond-ve\/","og_locale":"es_ES","og_type":"article","og_title":"Diamond VE","og_description":"Descripcion de las partes del equipo A-14+15VE SmartPuller Diamond VE: Diamond viene con Silver, Implementos MultiSpot, Doble Tiro y Manejo de Puertas si","og_url":"https:\/\/smartpuller.com\/es\/equipos-e-implementos\/diamond-ve\/","og_site_name":"SmartPuller","article_publisher":"https:\/\/www.facebook.com\/smartpuller\/","article_modified_time":"2017-11-13T08:53:46+00:00","og_image":[{"url":"https:\/\/smartpuller.com\/wp-content\/uploads\/2017\/01\/smartpuller_silver-set_dent_pulling.jpg","type":"","width":"","height":""}],"twitter_card":"summary_large_image","twitter_misc":{"Tiempo de lectura":"1 minuto"},"schema":{"@context":"https:\/\/schema.org","@graph":[{"@type":"WebPage","@id":"https:\/\/smartpuller.com\/es\/equipos-e-implementos\/diamond-ve\/","url":"https:\/\/smartpuller.com\/es\/equipos-e-implementos\/diamond-ve\/","name":"Diamond VE","isPartOf":{"@id":"https:\/\/smartpuller.com\/fi\/#website"},"primaryImageOfPage":{"@id":"https:\/\/smartpuller.com\/es\/equipos-e-implementos\/diamond-ve\/#primaryimage"},"image":{"@id":"https:\/\/smartpuller.com\/es\/equipos-e-implementos\/diamond-ve\/#primaryimage"},"thumbnailUrl":"https:\/\/smartpuller.com\/wp-content\/uploads\/2017\/01\/smartpuller_silver-set_dent_pulling.jpg","datePublished":"2017-10-10T06:26:45+00:00","dateModified":"2017-11-13T08:53:46+00:00","description":"Descripcion de las partes del equipo A-14+15VE SmartPuller Diamond VE: Diamond viene con Silver, Implementos MultiSpot, Doble Tiro y Manejo de Puertas si","breadcrumb":{"@id":"https:\/\/smartpuller.com\/es\/equipos-e-implementos\/diamond-ve\/#breadcrumb"},"inLanguage":"es","potentialAction":[{"@type":"ReadAction","target":["https:\/\/smartpuller.com\/es\/equipos-e-implementos\/diamond-ve\/"]}]},{"@type":"ImageObject","inLanguage":"es","@id":"https:\/\/smartpuller.com\/es\/equipos-e-implementos\/diamond-ve\/#primaryimage","url":"https:\/\/smartpuller.com\/wp-content\/uploads\/2017\/01\/smartpuller_silver-set_dent_pulling.jpg","contentUrl":"https:\/\/smartpuller.com\/wp-content\/uploads\/2017\/01\/smartpuller_silver-set_dent_pulling.jpg"},{"@type":"BreadcrumbList","@id":"https:\/\/smartpuller.com\/es\/equipos-e-implementos\/diamond-ve\/#breadcrumb","itemListElement":[{"@type":"ListItem","position":1,"name":"Home","item":"https:\/\/smartpuller.com\/es\/"},{"@type":"ListItem","position":2,"name":"Equipos e implementos","item":"https:\/\/smartpuller.com\/es\/equipos-e-implementos\/"},{"@type":"ListItem","position":3,"name":"Diamond VE"}]},{"@type":"WebSite","@id":"https:\/\/smartpuller.com\/fi\/#website","url":"https:\/\/smartpuller.com\/fi\/","name":"SmartPuller","description":"SmartPuller","potentialAction":[{"@type":"SearchAction","target":{"@type":"EntryPoint","urlTemplate":"https:\/\/smartpuller.com\/fi\/?s={search_term_string}"},"query-input":{"@type":"PropertyValueSpecification","valueRequired":true,"valueName":"search_term_string"}}],"inLanguage":"es"}]}},"_links":{"self":[{"href":"https:\/\/smartpuller.com\/es\/wp-json\/wp\/v2\/pages\/2886","targetHints":{"allow":["GET"]}}],"collection":[{"href":"https:\/\/smartpuller.com\/es\/wp-json\/wp\/v2\/pages"}],"about":[{"href":"https:\/\/smartpuller.com\/es\/wp-json\/wp\/v2\/types\/page"}],"author":[{"embeddable":true,"href":"https:\/\/smartpuller.com\/es\/wp-json\/wp\/v2\/users\/101"}],"replies":[{"embeddable":true,"href":"https:\/\/smartpuller.com\/es\/wp-json\/wp\/v2\/comments?post=2886"}],"version-history":[{"count":0,"href":"https:\/\/smartpuller.com\/es\/wp-json\/wp\/v2\/pages\/2886\/revisions"}],"up":[{"embeddable":true,"href":"https:\/\/smartpuller.com\/es\/wp-json\/wp\/v2\/pages\/2310"}],"wp:attachment":[{"href":"https:\/\/smartpuller.com\/es\/wp-json\/wp\/v2\/media?parent=2886"}],"curies":[{"name":"wp","href":"https:\/\/api.w.org\/{rel}","templated":true}]}}