{"id":2412,"date":"2017-09-08T09:47:49","date_gmt":"2017-09-08T06:47:49","guid":{"rendered":"https:\/\/smartpuller.com\/informacion\/aitoustakuu\/"},"modified":"2017-10-12T11:14:55","modified_gmt":"2017-10-12T08:14:55","slug":"garantia-de-originalidad","status":"publish","type":"page","link":"https:\/\/smartpuller.com\/es\/informacion\/garantia-de-originalidad\/","title":{"rendered":"Garant\u00eda de originalidad"},"content":{"rendered":"<div id=\"takuusymbolit\" class=\"alignright\"><img loading=\"lazy\" decoding=\"async\" src=\"https:\/\/smartpuller.com\/wp-content\/uploads\/2017\/10\/warranty2_spa.png\" alt=\"\" width=\"180\" height=\"282\" class=\"alignnone size-full wp-image-2843\" \/><br \/>\n<img loading=\"lazy\" decoding=\"async\" class=\"wp-image-1854 size-full alignnone\" src=\"https:\/\/smartpuller.com\/wp-content\/uploads\/2017\/09\/hologram-sticker.jpg\" alt=\"\" width=\"191\" height=\"300\" srcset=\"https:\/\/smartpuller.com\/wp-content\/uploads\/2017\/09\/hologram-sticker.jpg 250w, https:\/\/smartpuller.com\/wp-content\/uploads\/2017\/09\/hologram-sticker-191x300.jpg 191w\" sizes=\"auto, (max-width: 191px) 100vw, 191px\" \/><\/div>\n<p>Un SmartPuller original es un producto de alta calidad desarrollado y fabricado por Autorobot Finland Oy.  En los mercados se ha encontrado copias baratas de Autorobot SmartPuller hechos en China comercializados con im\u00e1genes y materiales de promoci\u00f3n originales de Autorobot SmartPuller, y hasta falsificando las calcoman\u00edas de garant\u00edas de Autorobot.<\/p>\n<p>Los equipos SmartPuller originales de Autorobot Finland Oy, se fabrican en Finlandia y son reconocidos por su durabilidad y calidad sostenida de Autorobot Finland. El producto se ha patentado en Finlandia y tiene solicitudes de patentes pendientes internacionales en varios pa\u00edses y continentes.<\/p>\n<p>La venta de las copias de SmartPuller viola los derechos de los productos originales de Autorobot SmartPuller y cuando los patentes internacionales entren en vigor, tambi\u00e9n el uso de las copias de SmartPuller se convierte en ilegales. Adem\u00e1s, estas copias baratas no tienen las mismas caracter\u00edsticas de calidad de los originales y al romperse pueden causar situaciones potenciales de peligro para los usuarios, otras personas y materiales cercanas.<\/p>\n<h4>\u00bfC\u00f3mo puedo asegurarme sobre la originalidad de SmartPuller?<\/h4>\n<ul>\n<li>El equipo viene con una etiqueta holograma \u201cautentic genuino\u201d (a partir de septiembre 2017). Vea m\u00e1s <a href=\"https:\/\/smartpuller.com\/es\/informacion\/garantia\/\">aqu\u00ed<\/a><\/li>\n<li>El equipo viene con un certificado de garant\u00eda con instrucciones para la extensi\u00f3n de la garant\u00eda para los clientes registrados. (a partir de septiembre 2017) Vea m\u00e1s <a href=\"https:\/\/smartpuller.com\/es\/informacion\/garantia\/politica-de-garantia\/\">aqu\u00ed<\/a><\/li>\n<li>OLos contactos para las solicitudes de pedidos recibidos a trav\u00e9s de estas p\u00e1ginas de SmartPuller se dirigen autom\u00e1ticamente a  los distribuidores autorizados \u00f3 sean procesadas directamente por Autorobot Finland Oy.<\/li>\n<\/ul>\n<p>En caso de que encuentren algo sospecho en los productos en el mercado \u00f3 no est\u00e9n seguros sobre la originalidad de SmartPuller, favor tomen contacto con nosotros con E-Mail <a href=\"mailto:info@smartpuller.com\">info@smartpuller.com<\/a> \u00f3 llamen a +358 10 322 5711 \/ +358 50 4080937.<\/p>\n<h5>No acepten imitaciones \u2013 compre s\u00f3lo Autorobot SmartPuller original<\/h5>\n","protected":false},"excerpt":{"rendered":"<p>Un SmartPuller original es un producto de alta calidad desarrollado y fabricado por Autorobot Finland Oy. En los mercados se ha encontrado copias baratas de Autorobot SmartPuller hechos en China comercializados con im\u00e1genes y materiales de promoci\u00f3n originales de Autorobot SmartPuller, y hasta falsificando las calcoman\u00edas de garant\u00edas de Autorobot. Los equipos SmartPuller originales de [&hellip;]<\/p>\n","protected":false},"author":101,"featured_media":0,"parent":2253,"menu_order":0,"comment_status":"closed","ping_status":"closed","template":"","meta":{"_genesis_hide_title":false,"_genesis_hide_breadcrumbs":false,"_genesis_hide_singular_image":false,"_genesis_hide_footer_widgets":false,"_genesis_custom_body_class":"","_genesis_custom_post_class":"","_genesis_layout":"","footnotes":""},"class_list":{"0":"post-2412","1":"page","2":"type-page","3":"status-publish","5":"entry"},"yoast_head":"<!-- This site is optimized with the Yoast SEO plugin v27.4 - https:\/\/yoast.com\/product\/yoast-seo-wordpress\/ -->\n<title>Garant\u00eda de originalidad<\/title>\n<meta name=\"description\" content=\"\u00c4l\u00e4 luota kopioon! Aito SmartPuller on Autorobot Finland Oy:n kehitt\u00e4m\u00e4 ja valmistama laatutuote.\" \/>\n<meta name=\"robots\" content=\"index, follow, max-snippet:-1, max-image-preview:large, max-video-preview:-1\" \/>\n<link rel=\"canonical\" href=\"https:\/\/smartpuller.com\/es\/informacion\/garantia-de-originalidad\/\" \/>\n<meta property=\"og:locale\" content=\"es_ES\" \/>\n<meta property=\"og:type\" content=\"article\" \/>\n<meta property=\"og:title\" content=\"Garant\u00eda de originalidad\" \/>\n<meta property=\"og:description\" content=\"\u00c4l\u00e4 luota kopioon! Aito SmartPuller on Autorobot Finland Oy:n kehitt\u00e4m\u00e4 ja valmistama laatutuote.\" \/>\n<meta property=\"og:url\" content=\"https:\/\/smartpuller.com\/es\/informacion\/garantia-de-originalidad\/\" \/>\n<meta property=\"og:site_name\" content=\"SmartPuller\" \/>\n<meta property=\"article:publisher\" content=\"https:\/\/www.facebook.com\/smartpuller\/\" \/>\n<meta property=\"article:modified_time\" content=\"2017-10-12T08:14:55+00:00\" \/>\n<meta property=\"og:image\" content=\"https:\/\/smartpuller.com\/wp-content\/uploads\/2017\/10\/warranty2_spa.png\" \/>\n<meta name=\"twitter:card\" content=\"summary_large_image\" \/>\n<meta name=\"twitter:label1\" content=\"Tiempo de lectura\" \/>\n\t<meta name=\"twitter:data1\" content=\"2 minutos\" \/>\n<script type=\"application\/ld+json\" class=\"yoast-schema-graph\">{\"@context\":\"https:\\\/\\\/schema.org\",\"@graph\":[{\"@type\":\"WebPage\",\"@id\":\"https:\\\/\\\/smartpuller.com\\\/es\\\/informacion\\\/garantia-de-originalidad\\\/\",\"url\":\"https:\\\/\\\/smartpuller.com\\\/es\\\/informacion\\\/garantia-de-originalidad\\\/\",\"name\":\"Garant\u00eda de originalidad\",\"isPartOf\":{\"@id\":\"https:\\\/\\\/smartpuller.com\\\/fi\\\/#website\"},\"primaryImageOfPage\":{\"@id\":\"https:\\\/\\\/smartpuller.com\\\/es\\\/informacion\\\/garantia-de-originalidad\\\/#primaryimage\"},\"image\":{\"@id\":\"https:\\\/\\\/smartpuller.com\\\/es\\\/informacion\\\/garantia-de-originalidad\\\/#primaryimage\"},\"thumbnailUrl\":\"https:\\\/\\\/smartpuller.com\\\/wp-content\\\/uploads\\\/2017\\\/10\\\/warranty2_spa.png\",\"datePublished\":\"2017-09-08T06:47:49+00:00\",\"dateModified\":\"2017-10-12T08:14:55+00:00\",\"description\":\"\u00c4l\u00e4 luota kopioon! Aito SmartPuller on Autorobot Finland Oy:n kehitt\u00e4m\u00e4 ja valmistama laatutuote.\",\"breadcrumb\":{\"@id\":\"https:\\\/\\\/smartpuller.com\\\/es\\\/informacion\\\/garantia-de-originalidad\\\/#breadcrumb\"},\"inLanguage\":\"es\",\"potentialAction\":[{\"@type\":\"ReadAction\",\"target\":[\"https:\\\/\\\/smartpuller.com\\\/es\\\/informacion\\\/garantia-de-originalidad\\\/\"]}]},{\"@type\":\"ImageObject\",\"inLanguage\":\"es\",\"@id\":\"https:\\\/\\\/smartpuller.com\\\/es\\\/informacion\\\/garantia-de-originalidad\\\/#primaryimage\",\"url\":\"https:\\\/\\\/smartpuller.com\\\/wp-content\\\/uploads\\\/2017\\\/10\\\/warranty2_spa.png\",\"contentUrl\":\"https:\\\/\\\/smartpuller.com\\\/wp-content\\\/uploads\\\/2017\\\/10\\\/warranty2_spa.png\"},{\"@type\":\"BreadcrumbList\",\"@id\":\"https:\\\/\\\/smartpuller.com\\\/es\\\/informacion\\\/garantia-de-originalidad\\\/#breadcrumb\",\"itemListElement\":[{\"@type\":\"ListItem\",\"position\":1,\"name\":\"Home\",\"item\":\"https:\\\/\\\/smartpuller.com\\\/es\\\/\"},{\"@type\":\"ListItem\",\"position\":2,\"name\":\"Informaci\u00f3n\",\"item\":\"https:\\\/\\\/smartpuller.com\\\/es\\\/informacion\\\/\"},{\"@type\":\"ListItem\",\"position\":3,\"name\":\"Garant\u00eda de originalidad\"}]},{\"@type\":\"WebSite\",\"@id\":\"https:\\\/\\\/smartpuller.com\\\/fi\\\/#website\",\"url\":\"https:\\\/\\\/smartpuller.com\\\/fi\\\/\",\"name\":\"SmartPuller\",\"description\":\"SmartPuller\",\"potentialAction\":[{\"@type\":\"SearchAction\",\"target\":{\"@type\":\"EntryPoint\",\"urlTemplate\":\"https:\\\/\\\/smartpuller.com\\\/fi\\\/?s={search_term_string}\"},\"query-input\":{\"@type\":\"PropertyValueSpecification\",\"valueRequired\":true,\"valueName\":\"search_term_string\"}}],\"inLanguage\":\"es\"}]}<\/script>\n<!-- \/ Yoast SEO plugin. -->","yoast_head_json":{"title":"Garant\u00eda de originalidad","description":"\u00c4l\u00e4 luota kopioon! Aito SmartPuller on Autorobot Finland Oy:n kehitt\u00e4m\u00e4 ja valmistama laatutuote.","robots":{"index":"index","follow":"follow","max-snippet":"max-snippet:-1","max-image-preview":"max-image-preview:large","max-video-preview":"max-video-preview:-1"},"canonical":"https:\/\/smartpuller.com\/es\/informacion\/garantia-de-originalidad\/","og_locale":"es_ES","og_type":"article","og_title":"Garant\u00eda de originalidad","og_description":"\u00c4l\u00e4 luota kopioon! Aito SmartPuller on Autorobot Finland Oy:n kehitt\u00e4m\u00e4 ja valmistama laatutuote.","og_url":"https:\/\/smartpuller.com\/es\/informacion\/garantia-de-originalidad\/","og_site_name":"SmartPuller","article_publisher":"https:\/\/www.facebook.com\/smartpuller\/","article_modified_time":"2017-10-12T08:14:55+00:00","og_image":[{"url":"https:\/\/smartpuller.com\/wp-content\/uploads\/2017\/10\/warranty2_spa.png","type":"","width":"","height":""}],"twitter_card":"summary_large_image","twitter_misc":{"Tiempo de lectura":"2 minutos"},"schema":{"@context":"https:\/\/schema.org","@graph":[{"@type":"WebPage","@id":"https:\/\/smartpuller.com\/es\/informacion\/garantia-de-originalidad\/","url":"https:\/\/smartpuller.com\/es\/informacion\/garantia-de-originalidad\/","name":"Garant\u00eda de originalidad","isPartOf":{"@id":"https:\/\/smartpuller.com\/fi\/#website"},"primaryImageOfPage":{"@id":"https:\/\/smartpuller.com\/es\/informacion\/garantia-de-originalidad\/#primaryimage"},"image":{"@id":"https:\/\/smartpuller.com\/es\/informacion\/garantia-de-originalidad\/#primaryimage"},"thumbnailUrl":"https:\/\/smartpuller.com\/wp-content\/uploads\/2017\/10\/warranty2_spa.png","datePublished":"2017-09-08T06:47:49+00:00","dateModified":"2017-10-12T08:14:55+00:00","description":"\u00c4l\u00e4 luota kopioon! Aito SmartPuller on Autorobot Finland Oy:n kehitt\u00e4m\u00e4 ja valmistama laatutuote.","breadcrumb":{"@id":"https:\/\/smartpuller.com\/es\/informacion\/garantia-de-originalidad\/#breadcrumb"},"inLanguage":"es","potentialAction":[{"@type":"ReadAction","target":["https:\/\/smartpuller.com\/es\/informacion\/garantia-de-originalidad\/"]}]},{"@type":"ImageObject","inLanguage":"es","@id":"https:\/\/smartpuller.com\/es\/informacion\/garantia-de-originalidad\/#primaryimage","url":"https:\/\/smartpuller.com\/wp-content\/uploads\/2017\/10\/warranty2_spa.png","contentUrl":"https:\/\/smartpuller.com\/wp-content\/uploads\/2017\/10\/warranty2_spa.png"},{"@type":"BreadcrumbList","@id":"https:\/\/smartpuller.com\/es\/informacion\/garantia-de-originalidad\/#breadcrumb","itemListElement":[{"@type":"ListItem","position":1,"name":"Home","item":"https:\/\/smartpuller.com\/es\/"},{"@type":"ListItem","position":2,"name":"Informaci\u00f3n","item":"https:\/\/smartpuller.com\/es\/informacion\/"},{"@type":"ListItem","position":3,"name":"Garant\u00eda de originalidad"}]},{"@type":"WebSite","@id":"https:\/\/smartpuller.com\/fi\/#website","url":"https:\/\/smartpuller.com\/fi\/","name":"SmartPuller","description":"SmartPuller","potentialAction":[{"@type":"SearchAction","target":{"@type":"EntryPoint","urlTemplate":"https:\/\/smartpuller.com\/fi\/?s={search_term_string}"},"query-input":{"@type":"PropertyValueSpecification","valueRequired":true,"valueName":"search_term_string"}}],"inLanguage":"es"}]}},"_links":{"self":[{"href":"https:\/\/smartpuller.com\/es\/wp-json\/wp\/v2\/pages\/2412","targetHints":{"allow":["GET"]}}],"collection":[{"href":"https:\/\/smartpuller.com\/es\/wp-json\/wp\/v2\/pages"}],"about":[{"href":"https:\/\/smartpuller.com\/es\/wp-json\/wp\/v2\/types\/page"}],"author":[{"embeddable":true,"href":"https:\/\/smartpuller.com\/es\/wp-json\/wp\/v2\/users\/101"}],"replies":[{"embeddable":true,"href":"https:\/\/smartpuller.com\/es\/wp-json\/wp\/v2\/comments?post=2412"}],"version-history":[{"count":0,"href":"https:\/\/smartpuller.com\/es\/wp-json\/wp\/v2\/pages\/2412\/revisions"}],"up":[{"embeddable":true,"href":"https:\/\/smartpuller.com\/es\/wp-json\/wp\/v2\/pages\/2253"}],"wp:attachment":[{"href":"https:\/\/smartpuller.com\/es\/wp-json\/wp\/v2\/media?parent=2412"}],"curies":[{"name":"wp","href":"https:\/\/api.w.org\/{rel}","templated":true}]}}