{"id":2409,"date":"2016-01-13T11:22:21","date_gmt":"2016-01-13T09:22:21","guid":{"rendered":"https:\/\/smartpuller.com\/equipos-e-implementos\/silver\/"},"modified":"2017-11-13T10:52:17","modified_gmt":"2017-11-13T08:52:17","slug":"silver","status":"publish","type":"page","link":"https:\/\/smartpuller.com\/es\/equipos-e-implementos\/silver\/","title":{"rendered":"Silver"},"content":{"rendered":"<div id=\"pl-2409\"  class=\"panel-layout\" ><div id=\"pg-2409-0\"  class=\"panel-grid panel-no-style\" ><div id=\"pgc-2409-0-0\"  class=\"panel-grid-cell\" ><div id=\"panel-2409-0-0-0\" class=\"so-panel widget widget_sow-editor panel-first-child panel-last-child\" data-index=\"0\" ><div\n\t\t\t\n\t\t\tclass=\"so-widget-sow-editor so-widget-sow-editor-base\"\n\t\t\t\n\t\t>\n<div class=\"siteorigin-widget-tinymce textwidget\">\n\t<h4>Descripcion de las partes del equipo A-14+11 SmartPuller Silver:<\/h4>\n<\/div>\n<\/div><\/div><\/div><\/div><div id=\"pg-2409-1\"  class=\"panel-grid panel-no-style\" ><div id=\"pgc-2409-1-0\"  class=\"panel-grid-cell\" ><div id=\"panel-2409-1-0-0\" class=\"so-panel widget widget_sow-editor panel-first-child panel-last-child\" data-index=\"1\" ><div\n\t\t\t\n\t\t\tclass=\"so-widget-sow-editor so-widget-sow-editor-base\"\n\t\t\t\n\t\t>\n<div class=\"siteorigin-widget-tinymce textwidget\">\n\t<p>En caso de que Ustedes ya tengan un Spotter e Implementos para fijar arandelas, varillas y platinos, SmartPuller Silver es el Equipo con el que puede trabajar la mayor\u00eda de los da\u00f1os presentados.<\/p>\n<p>SmartPuller Silver siempre forma parte de las otras combinaciones de los equipos como Diamond y Platinum donde se han agregado Implementos MultiSpot, Tierra con Im\u00e1n, Doble Tiro, Manejo de Puertas, Autorobot Spotter etc. los cuales Ustedes pueden escoger seg\u00fan sus necesidades a\u00fan en combinaciones diferentes a los presentados.<\/p>\n<\/div>\n<\/div><\/div><\/div><div id=\"pgc-2409-1-1\"  class=\"panel-grid-cell\" ><div id=\"panel-2409-1-1-0\" class=\"so-panel widget widget_sow-editor panel-first-child panel-last-child\" data-index=\"2\" ><div\n\t\t\t\n\t\t\tclass=\"so-widget-sow-editor so-widget-sow-editor-base\"\n\t\t\t\n\t\t>\n<div class=\"siteorigin-widget-tinymce textwidget\">\n\t<figure id=\"attachment_2724\" aria-describedby=\"caption-attachment-2724\" style=\"width: 750px\" class=\"wp-caption alignnone\"><a href=\"https:\/\/smartpuller.com\/wp-content\/uploads\/2017\/01\/smartpuller_silver-set_dent_pulling.jpg\" rel=\"lightbox\" data-rel=\"lightbox-image-0\" data-rl_title=\"\" data-rl_caption=\"\" title=\"\"><img loading=\"lazy\" decoding=\"async\" class=\"wp-image-2724 size-full\" src=\"https:\/\/smartpuller.com\/wp-content\/uploads\/2017\/01\/smartpuller_silver-set_dent_pulling.jpg\" alt=\"\" width=\"750\" height=\"1000\" srcset=\"https:\/\/smartpuller.com\/wp-content\/uploads\/2017\/01\/smartpuller_silver-set_dent_pulling.jpg 750w, https:\/\/smartpuller.com\/wp-content\/uploads\/2017\/01\/smartpuller_silver-set_dent_pulling-300x400.jpg 300w, https:\/\/smartpuller.com\/wp-content\/uploads\/2017\/01\/smartpuller_silver-set_dent_pulling-600x800.jpg 600w\" sizes=\"auto, (max-width: 750px) 100vw, 750px\" \/><\/a><figcaption id=\"caption-attachment-2724\" class=\"wp-caption-text\">A-14+11 SmartPuller Silver<\/figcaption><\/figure>\n<\/div>\n<\/div><\/div><\/div><\/div><div id=\"pg-2409-2\"  class=\"panel-grid panel-no-style\" ><div id=\"pgc-2409-2-0\"  class=\"panel-grid-cell\" ><div id=\"panel-2409-2-0-0\" class=\"so-panel widget widget_sow-editor panel-first-child panel-last-child\" data-index=\"3\" ><div\n\t\t\t\n\t\t\tclass=\"so-widget-sow-editor so-widget-sow-editor-base\"\n\t\t\t\n\t\t>\n<div class=\"siteorigin-widget-tinymce textwidget\">\n\t<p>De hecho, Ustedes pueden escoger hasta piezas individuales particularmente adaptadas a sus necesidades tomando en cuenta lo que ya tengan.<\/p>\n<\/div>\n<\/div><\/div><\/div><\/div><div id=\"pg-2409-3\"  class=\"panel-grid panel-no-style\" ><div id=\"pgc-2409-3-0\"  class=\"panel-grid-cell\" ><div id=\"panel-2409-3-0-0\" class=\"so-panel widget widget_sow-editor panel-first-child panel-last-child\" data-index=\"4\" ><div\n\t\t\t\n\t\t\tclass=\"so-widget-sow-editor so-widget-sow-editor-base\"\n\t\t\t\n\t\t>\n<div class=\"siteorigin-widget-tinymce textwidget\">\n\t<div class=\"accessories_area\">\n<h5>SmartPuller Silver incluye los siguientes componentes<\/h5>\n<table>\n<tbody>\n<tr>\n<td>1<\/td>\n<td>Equipo basico<\/td>\n<\/tr>\n<tr>\n<td>2<\/td>\n<td>Barra de soporte<\/td>\n<\/tr>\n<tr>\n<td>3<\/td>\n<td>Tornillo de tiro, corto<\/td>\n<\/tr>\n<tr>\n<td>4<\/td>\n<td>Angulo de fijacion para tornillo de tiro<\/td>\n<\/tr>\n<tr>\n<td>5<\/td>\n<td>Amarre de barra de soporte, 50 mm<\/td>\n<\/tr>\n<tr>\n<td>6<\/td>\n<td>Amarre de barra de soporte, 40 mm<\/td>\n<\/tr>\n<tr>\n<td>7<\/td>\n<td>Manual de usuario en DVD<\/td>\n<\/tr>\n<tr>\n<td>8<\/td>\n<td>Cu\u00f1a angular<\/td>\n<\/tr>\n<tr>\n<td>9<\/td>\n<td>Pasador con tuerca<\/td>\n<\/tr>\n<tr>\n<td>10<\/td>\n<td>Buje conector<\/td>\n<\/tr>\n<tr>\n<td>11<\/td>\n<td>Mordaza H31+<\/td>\n<\/tr>\n<tr>\n<td>12<\/td>\n<td>Buje cruzado con tornillos de cierre (2pzs)<\/td>\n<\/tr>\n<tr>\n<td>13<\/td>\n<td>Barra de extencion con manilla<\/td>\n<\/tr>\n<tr>\n<td>14<\/td>\n<td>Barra de extencion<\/td>\n<\/tr>\n<\/tbody>\n<\/table>\n<\/div>\n<h6>Garant\u00eda limitada de cinco (5) a\u00f1os<\/h6>\n<\/div>\n<\/div><\/div><\/div><\/div><div id=\"pg-2409-4\"  class=\"panel-grid panel-no-style\" ><div id=\"pgc-2409-4-0\"  class=\"panel-grid-cell\" ><div id=\"panel-2409-4-0-0\" class=\"so-panel widget widget_sow-editor panel-first-child panel-last-child\" data-index=\"5\" ><div\n\t\t\t\n\t\t\tclass=\"so-widget-sow-editor so-widget-sow-editor-base\"\n\t\t\t\n\t\t>\n<div class=\"siteorigin-widget-tinymce textwidget\">\n\t<p><a href=\"https:\/\/smartpuller.com\/wp-content\/uploads\/2016\/01\/smartpuller-silver-set-spanish.pdf\" target=\"_blank\" rel=\"noopener\">\u00bb Descargue PDF para ver e imprimir la imagen del equipo.<\/a><\/p>\n<div class=\"nappilinkki\"><a href=\"\/es\/contacto\/como-comprar\/\">\u00bb COMO COMPRAR<\/a><\/div>\n<p><a href=\"https:\/\/smartpuller.com\/es\/equipos-e-implementos\/diamond-ve\/\">\u00bb SmartPuller Diamond<\/a><br \/>\n<a href=\"https:\/\/smartpuller.com\/es\/equipos-e-implementos\/platinum-ve\/\">\u00bb SmartPuller Platinum<\/a><\/p>\n<\/div>\n<\/div><\/div><\/div><\/div><\/div>","protected":false},"excerpt":{"rendered":"<p>Descripcion de las partes del equipo A-14+11 SmartPuller Silver: En caso de que Ustedes ya tengan un Spotter e Implementos para fijar arandelas, varillas y platinos, SmartPuller Silver es el Equipo con el que puede trabajar la mayor\u00eda de los da\u00f1os presentados. SmartPuller Silver siempre forma parte de las otras combinaciones de los equipos como [&hellip;]<\/p>\n","protected":false},"author":101,"featured_media":0,"parent":2310,"menu_order":320,"comment_status":"closed","ping_status":"closed","template":"","meta":{"_genesis_hide_title":false,"_genesis_hide_breadcrumbs":false,"_genesis_hide_singular_image":false,"_genesis_hide_footer_widgets":false,"_genesis_custom_body_class":"","_genesis_custom_post_class":"","_genesis_layout":"","footnotes":""},"class_list":{"0":"post-2409","1":"page","2":"type-page","3":"status-publish","5":"entry","6":"has-post-thumbnail"},"yoast_head":"<!-- This site is optimized with the Yoast SEO plugin v27.4 - https:\/\/yoast.com\/product\/yoast-seo-wordpress\/ -->\n<title>SmartPuller Silver set<\/title>\n<meta name=\"description\" content=\"See which parts of the vehicle can be dent pulled with SmartPuller Silver set easily. E.g. front and rear part of the car...\" \/>\n<meta name=\"robots\" content=\"index, follow, max-snippet:-1, max-image-preview:large, max-video-preview:-1\" \/>\n<link rel=\"canonical\" href=\"https:\/\/smartpuller.com\/es\/equipos-e-implementos\/silver\/\" \/>\n<meta property=\"og:locale\" content=\"es_ES\" \/>\n<meta property=\"og:type\" content=\"article\" \/>\n<meta property=\"og:title\" content=\"SmartPuller Silver set\" \/>\n<meta property=\"og:description\" content=\"See which parts of the vehicle can be dent pulled with SmartPuller Silver set easily. E.g. front and rear part of the car...\" \/>\n<meta property=\"og:url\" content=\"https:\/\/smartpuller.com\/es\/equipos-e-implementos\/silver\/\" \/>\n<meta property=\"og:site_name\" content=\"SmartPuller\" \/>\n<meta property=\"article:publisher\" content=\"https:\/\/www.facebook.com\/smartpuller\/\" \/>\n<meta property=\"article:modified_time\" content=\"2017-11-13T08:52:17+00:00\" \/>\n<meta property=\"og:image\" content=\"https:\/\/smartpuller.com\/wp-content\/uploads\/2017\/01\/smartpuller_silver-set_dent_pulling.jpg\" \/>\n<meta name=\"twitter:card\" content=\"summary_large_image\" \/>\n<meta name=\"twitter:label1\" content=\"Tiempo de lectura\" \/>\n\t<meta name=\"twitter:data1\" content=\"1 minuto\" \/>\n<script type=\"application\/ld+json\" class=\"yoast-schema-graph\">{\"@context\":\"https:\\\/\\\/schema.org\",\"@graph\":[{\"@type\":\"WebPage\",\"@id\":\"https:\\\/\\\/smartpuller.com\\\/es\\\/equipos-e-implementos\\\/silver\\\/\",\"url\":\"https:\\\/\\\/smartpuller.com\\\/es\\\/equipos-e-implementos\\\/silver\\\/\",\"name\":\"SmartPuller Silver set\",\"isPartOf\":{\"@id\":\"https:\\\/\\\/smartpuller.com\\\/fi\\\/#website\"},\"primaryImageOfPage\":{\"@id\":\"https:\\\/\\\/smartpuller.com\\\/es\\\/equipos-e-implementos\\\/silver\\\/#primaryimage\"},\"image\":{\"@id\":\"https:\\\/\\\/smartpuller.com\\\/es\\\/equipos-e-implementos\\\/silver\\\/#primaryimage\"},\"thumbnailUrl\":\"https:\\\/\\\/smartpuller.com\\\/wp-content\\\/uploads\\\/2017\\\/01\\\/smartpuller_silver-set_dent_pulling.jpg\",\"datePublished\":\"2016-01-13T09:22:21+00:00\",\"dateModified\":\"2017-11-13T08:52:17+00:00\",\"description\":\"See which parts of the vehicle can be dent pulled with SmartPuller Silver set easily. E.g. front and rear part of the car...\",\"breadcrumb\":{\"@id\":\"https:\\\/\\\/smartpuller.com\\\/es\\\/equipos-e-implementos\\\/silver\\\/#breadcrumb\"},\"inLanguage\":\"es\",\"potentialAction\":[{\"@type\":\"ReadAction\",\"target\":[\"https:\\\/\\\/smartpuller.com\\\/es\\\/equipos-e-implementos\\\/silver\\\/\"]}]},{\"@type\":\"ImageObject\",\"inLanguage\":\"es\",\"@id\":\"https:\\\/\\\/smartpuller.com\\\/es\\\/equipos-e-implementos\\\/silver\\\/#primaryimage\",\"url\":\"https:\\\/\\\/smartpuller.com\\\/wp-content\\\/uploads\\\/2017\\\/01\\\/smartpuller_silver-set_dent_pulling.jpg\",\"contentUrl\":\"https:\\\/\\\/smartpuller.com\\\/wp-content\\\/uploads\\\/2017\\\/01\\\/smartpuller_silver-set_dent_pulling.jpg\"},{\"@type\":\"BreadcrumbList\",\"@id\":\"https:\\\/\\\/smartpuller.com\\\/es\\\/equipos-e-implementos\\\/silver\\\/#breadcrumb\",\"itemListElement\":[{\"@type\":\"ListItem\",\"position\":1,\"name\":\"Home\",\"item\":\"https:\\\/\\\/smartpuller.com\\\/es\\\/\"},{\"@type\":\"ListItem\",\"position\":2,\"name\":\"Equipos e implementos\",\"item\":\"https:\\\/\\\/smartpuller.com\\\/es\\\/equipos-e-implementos\\\/\"},{\"@type\":\"ListItem\",\"position\":3,\"name\":\"Silver\"}]},{\"@type\":\"WebSite\",\"@id\":\"https:\\\/\\\/smartpuller.com\\\/fi\\\/#website\",\"url\":\"https:\\\/\\\/smartpuller.com\\\/fi\\\/\",\"name\":\"SmartPuller\",\"description\":\"SmartPuller\",\"potentialAction\":[{\"@type\":\"SearchAction\",\"target\":{\"@type\":\"EntryPoint\",\"urlTemplate\":\"https:\\\/\\\/smartpuller.com\\\/fi\\\/?s={search_term_string}\"},\"query-input\":{\"@type\":\"PropertyValueSpecification\",\"valueRequired\":true,\"valueName\":\"search_term_string\"}}],\"inLanguage\":\"es\"}]}<\/script>\n<!-- \/ Yoast SEO plugin. -->","yoast_head_json":{"title":"SmartPuller Silver set","description":"See which parts of the vehicle can be dent pulled with SmartPuller Silver set easily. E.g. front and rear part of the car...","robots":{"index":"index","follow":"follow","max-snippet":"max-snippet:-1","max-image-preview":"max-image-preview:large","max-video-preview":"max-video-preview:-1"},"canonical":"https:\/\/smartpuller.com\/es\/equipos-e-implementos\/silver\/","og_locale":"es_ES","og_type":"article","og_title":"SmartPuller Silver set","og_description":"See which parts of the vehicle can be dent pulled with SmartPuller Silver set easily. E.g. front and rear part of the car...","og_url":"https:\/\/smartpuller.com\/es\/equipos-e-implementos\/silver\/","og_site_name":"SmartPuller","article_publisher":"https:\/\/www.facebook.com\/smartpuller\/","article_modified_time":"2017-11-13T08:52:17+00:00","og_image":[{"url":"https:\/\/smartpuller.com\/wp-content\/uploads\/2017\/01\/smartpuller_silver-set_dent_pulling.jpg","type":"","width":"","height":""}],"twitter_card":"summary_large_image","twitter_misc":{"Tiempo de lectura":"1 minuto"},"schema":{"@context":"https:\/\/schema.org","@graph":[{"@type":"WebPage","@id":"https:\/\/smartpuller.com\/es\/equipos-e-implementos\/silver\/","url":"https:\/\/smartpuller.com\/es\/equipos-e-implementos\/silver\/","name":"SmartPuller Silver set","isPartOf":{"@id":"https:\/\/smartpuller.com\/fi\/#website"},"primaryImageOfPage":{"@id":"https:\/\/smartpuller.com\/es\/equipos-e-implementos\/silver\/#primaryimage"},"image":{"@id":"https:\/\/smartpuller.com\/es\/equipos-e-implementos\/silver\/#primaryimage"},"thumbnailUrl":"https:\/\/smartpuller.com\/wp-content\/uploads\/2017\/01\/smartpuller_silver-set_dent_pulling.jpg","datePublished":"2016-01-13T09:22:21+00:00","dateModified":"2017-11-13T08:52:17+00:00","description":"See which parts of the vehicle can be dent pulled with SmartPuller Silver set easily. E.g. front and rear part of the car...","breadcrumb":{"@id":"https:\/\/smartpuller.com\/es\/equipos-e-implementos\/silver\/#breadcrumb"},"inLanguage":"es","potentialAction":[{"@type":"ReadAction","target":["https:\/\/smartpuller.com\/es\/equipos-e-implementos\/silver\/"]}]},{"@type":"ImageObject","inLanguage":"es","@id":"https:\/\/smartpuller.com\/es\/equipos-e-implementos\/silver\/#primaryimage","url":"https:\/\/smartpuller.com\/wp-content\/uploads\/2017\/01\/smartpuller_silver-set_dent_pulling.jpg","contentUrl":"https:\/\/smartpuller.com\/wp-content\/uploads\/2017\/01\/smartpuller_silver-set_dent_pulling.jpg"},{"@type":"BreadcrumbList","@id":"https:\/\/smartpuller.com\/es\/equipos-e-implementos\/silver\/#breadcrumb","itemListElement":[{"@type":"ListItem","position":1,"name":"Home","item":"https:\/\/smartpuller.com\/es\/"},{"@type":"ListItem","position":2,"name":"Equipos e implementos","item":"https:\/\/smartpuller.com\/es\/equipos-e-implementos\/"},{"@type":"ListItem","position":3,"name":"Silver"}]},{"@type":"WebSite","@id":"https:\/\/smartpuller.com\/fi\/#website","url":"https:\/\/smartpuller.com\/fi\/","name":"SmartPuller","description":"SmartPuller","potentialAction":[{"@type":"SearchAction","target":{"@type":"EntryPoint","urlTemplate":"https:\/\/smartpuller.com\/fi\/?s={search_term_string}"},"query-input":{"@type":"PropertyValueSpecification","valueRequired":true,"valueName":"search_term_string"}}],"inLanguage":"es"}]}},"_links":{"self":[{"href":"https:\/\/smartpuller.com\/es\/wp-json\/wp\/v2\/pages\/2409","targetHints":{"allow":["GET"]}}],"collection":[{"href":"https:\/\/smartpuller.com\/es\/wp-json\/wp\/v2\/pages"}],"about":[{"href":"https:\/\/smartpuller.com\/es\/wp-json\/wp\/v2\/types\/page"}],"author":[{"embeddable":true,"href":"https:\/\/smartpuller.com\/es\/wp-json\/wp\/v2\/users\/101"}],"replies":[{"embeddable":true,"href":"https:\/\/smartpuller.com\/es\/wp-json\/wp\/v2\/comments?post=2409"}],"version-history":[{"count":0,"href":"https:\/\/smartpuller.com\/es\/wp-json\/wp\/v2\/pages\/2409\/revisions"}],"up":[{"embeddable":true,"href":"https:\/\/smartpuller.com\/es\/wp-json\/wp\/v2\/pages\/2310"}],"wp:attachment":[{"href":"https:\/\/smartpuller.com\/es\/wp-json\/wp\/v2\/media?parent=2409"}],"curies":[{"name":"wp","href":"https:\/\/api.w.org\/{rel}","templated":true}]}}