{"id":2317,"date":"2016-03-21T11:39:57","date_gmt":"2016-03-21T09:39:57","guid":{"rendered":"https:\/\/smartpuller.com\/informacion\/terms-of-use\/"},"modified":"2017-09-25T11:17:56","modified_gmt":"2017-09-25T08:17:56","slug":"terminos-de-uso","status":"publish","type":"page","link":"https:\/\/smartpuller.com\/es\/informacion\/terminos-de-uso\/","title":{"rendered":"T\u00e9rminos de uso"},"content":{"rendered":"<p><strong>1. T\u00e9rminos de uso de la p\u00e1gina Web<\/strong><br \/>\nFavor leer cuidadosamente estos t\u00e9rminos de uso. Usado nuestro sitio, Usted est\u00e1 indicando que acepta los t\u00e9rminos de uso y est\u00e1 de acuerdo con ellos. En caso de que no est\u00e9 de acuerdo con estos t\u00e9rminos de uso, favor no entrar a esta p\u00e1gina Web.<\/p>\n<p><strong>2. T\u00e9rminos de uso de la p\u00e1gina Web<\/strong><br \/>\nwww.smartpuller.com es una p\u00e1gina operado por Autorobot Finland Oy, Yrittajantie 23, Fi-70150 Kuopio, Finlandia. Nuestra identificaci\u00f3n fiscal es FI21367426.<\/p>\n<p><strong>3. Entrada a nuestra p\u00e1gina<\/strong><\/p>\n<ul>\n<li> El uso de esta p\u00e1gina Web est\u00e1 sujeto a las condiciones siguientes:<\/li>\n<li> El contenido de estas p\u00e1ginas Web est\u00e1  para su informaci\u00f3n y uso general solamente. Su contenido est\u00e1 sujeto a cambios sin previo aviso.<\/li>\n<li> Nosotros y ningunos terceros den fianzas \u00f3 garant\u00edas algunas sobre la exactitud, la actualidad, el desempe\u00f1o, la integridad \u00f3 la compatibilidad de  la informaci\u00f3n y materiales presentes u ofertados en esta p\u00e1gina Web para ning\u00fan prop\u00f3sito en particular. Usted reconoce que la informaci\u00f3n y materiales pueden contener inexactitudes \u00f3 errores y nosotros expresamente excluimos responsabilidad alguna sobre las inexactitudes \u00f3 errores hasta las extensiones m\u00e1s amplias de las leyes.<\/li>\n<li> De vez en cuando, nosotros podremos restringir el acceso a los usuarios registrados en algunas partes de nuestra p\u00e1gina \u00f3 en todas las p\u00e1gina.<\/li>\n<li> Esta p\u00e1gina Web contiene material propiedad de nosotros \u00f3 dado bajo licencia a nosotros. Este material incluye, pero no est\u00e1 limitado al dise\u00f1o, dibujo, aspecto, apariencia y gr\u00e1ficos. Su reproducci\u00f3n est\u00e1 prohibida a menos que est\u00e9 de acuerdo con una notificaci\u00f3n al derecho del autor, que forma parte de estos t\u00e9rminos y condiciones.<\/li>\n<li> Todas las marcas de comercio reproducidas en esta p\u00e1gina Web que no son la propiedad \u00f3 dado en licencia al operador, est\u00e1n identificados en la p\u00e1gina.<\/li>\n<li> El uso no autorizado de esta p\u00e1gina Web pueda causar una demanda por da\u00f1os y\/\u00f3 ser una ofensa criminal.<\/li>\n<li> De vez en cuando, esta p\u00e1gina Web tambi\u00e9n puede incluir enlaces a otras p\u00e1ginas Web. Esos enlaces est\u00e1n provistos para su conveniencia para ofrecerles m\u00e1s informaci\u00f3n. Esto no significa que nosotros traspasemos la p\u00e1gina(s) Web. No tenemos responsabilidad alguna con el contenido de las p\u00e1ginas Web de enlace(s).<\/li>\n<\/ul>\n<p>Gracias por visitar a nuestra p\u00e1gina Web.<\/p>\n","protected":false},"excerpt":{"rendered":"<p>1. T\u00e9rminos de uso de la p\u00e1gina Web Favor leer cuidadosamente estos t\u00e9rminos de uso. Usado nuestro sitio, Usted est\u00e1 indicando que acepta los t\u00e9rminos de uso y est\u00e1 de acuerdo con ellos. En caso de que no est\u00e9 de acuerdo con estos t\u00e9rminos de uso, favor no entrar a esta p\u00e1gina Web. 2. T\u00e9rminos [&hellip;]<\/p>\n","protected":false},"author":101,"featured_media":0,"parent":2253,"menu_order":440,"comment_status":"closed","ping_status":"closed","template":"","meta":{"_genesis_hide_title":false,"_genesis_hide_breadcrumbs":false,"_genesis_hide_singular_image":false,"_genesis_hide_footer_widgets":false,"_genesis_custom_body_class":"","_genesis_custom_post_class":"","_genesis_layout":"","footnotes":""},"class_list":{"0":"post-2317","1":"page","2":"type-page","3":"status-publish","5":"entry"},"yoast_head":"<!-- This site is optimized with the Yoast SEO plugin v27.4 - https:\/\/yoast.com\/product\/yoast-seo-wordpress\/ -->\n<title>T\u00e9rminos de uso<\/title>\n<meta name=\"description\" content=\"1. T\u00e9rminos de uso de la p\u00e1gina Web Favor leer cuidadosamente estos t\u00e9rminos de uso. Usado nuestro sitio, Usted est\u00e1 indicando que acepta los t\u00e9rminos de\" \/>\n<meta name=\"robots\" content=\"index, follow, max-snippet:-1, max-image-preview:large, max-video-preview:-1\" \/>\n<link rel=\"canonical\" href=\"https:\/\/smartpuller.com\/es\/informacion\/terminos-de-uso\/\" \/>\n<meta property=\"og:locale\" content=\"es_ES\" \/>\n<meta property=\"og:type\" content=\"article\" \/>\n<meta property=\"og:title\" content=\"T\u00e9rminos de uso\" \/>\n<meta property=\"og:description\" content=\"1. T\u00e9rminos de uso de la p\u00e1gina Web Favor leer cuidadosamente estos t\u00e9rminos de uso. Usado nuestro sitio, Usted est\u00e1 indicando que acepta los t\u00e9rminos de\" \/>\n<meta property=\"og:url\" content=\"https:\/\/smartpuller.com\/es\/informacion\/terminos-de-uso\/\" \/>\n<meta property=\"og:site_name\" content=\"SmartPuller\" \/>\n<meta property=\"article:publisher\" content=\"https:\/\/www.facebook.com\/smartpuller\/\" \/>\n<meta property=\"article:modified_time\" content=\"2017-09-25T08:17:56+00:00\" \/>\n<meta name=\"twitter:card\" content=\"summary_large_image\" \/>\n<meta name=\"twitter:label1\" content=\"Tiempo de lectura\" \/>\n\t<meta name=\"twitter:data1\" content=\"2 minutos\" \/>\n<script type=\"application\/ld+json\" class=\"yoast-schema-graph\">{\"@context\":\"https:\\\/\\\/schema.org\",\"@graph\":[{\"@type\":\"WebPage\",\"@id\":\"https:\\\/\\\/smartpuller.com\\\/es\\\/informacion\\\/terminos-de-uso\\\/\",\"url\":\"https:\\\/\\\/smartpuller.com\\\/es\\\/informacion\\\/terminos-de-uso\\\/\",\"name\":\"T\u00e9rminos de uso\",\"isPartOf\":{\"@id\":\"https:\\\/\\\/smartpuller.com\\\/fi\\\/#website\"},\"datePublished\":\"2016-03-21T09:39:57+00:00\",\"dateModified\":\"2017-09-25T08:17:56+00:00\",\"description\":\"1. T\u00e9rminos de uso de la p\u00e1gina Web Favor leer cuidadosamente estos t\u00e9rminos de uso. Usado nuestro sitio, Usted est\u00e1 indicando que acepta los t\u00e9rminos de\",\"breadcrumb\":{\"@id\":\"https:\\\/\\\/smartpuller.com\\\/es\\\/informacion\\\/terminos-de-uso\\\/#breadcrumb\"},\"inLanguage\":\"es\",\"potentialAction\":[{\"@type\":\"ReadAction\",\"target\":[\"https:\\\/\\\/smartpuller.com\\\/es\\\/informacion\\\/terminos-de-uso\\\/\"]}]},{\"@type\":\"BreadcrumbList\",\"@id\":\"https:\\\/\\\/smartpuller.com\\\/es\\\/informacion\\\/terminos-de-uso\\\/#breadcrumb\",\"itemListElement\":[{\"@type\":\"ListItem\",\"position\":1,\"name\":\"Home\",\"item\":\"https:\\\/\\\/smartpuller.com\\\/es\\\/\"},{\"@type\":\"ListItem\",\"position\":2,\"name\":\"Informaci\u00f3n\",\"item\":\"https:\\\/\\\/smartpuller.com\\\/es\\\/informacion\\\/\"},{\"@type\":\"ListItem\",\"position\":3,\"name\":\"T\u00e9rminos de uso\"}]},{\"@type\":\"WebSite\",\"@id\":\"https:\\\/\\\/smartpuller.com\\\/fi\\\/#website\",\"url\":\"https:\\\/\\\/smartpuller.com\\\/fi\\\/\",\"name\":\"SmartPuller\",\"description\":\"SmartPuller\",\"potentialAction\":[{\"@type\":\"SearchAction\",\"target\":{\"@type\":\"EntryPoint\",\"urlTemplate\":\"https:\\\/\\\/smartpuller.com\\\/fi\\\/?s={search_term_string}\"},\"query-input\":{\"@type\":\"PropertyValueSpecification\",\"valueRequired\":true,\"valueName\":\"search_term_string\"}}],\"inLanguage\":\"es\"}]}<\/script>\n<!-- \/ Yoast SEO plugin. -->","yoast_head_json":{"title":"T\u00e9rminos de uso","description":"1. T\u00e9rminos de uso de la p\u00e1gina Web Favor leer cuidadosamente estos t\u00e9rminos de uso. Usado nuestro sitio, Usted est\u00e1 indicando que acepta los t\u00e9rminos de","robots":{"index":"index","follow":"follow","max-snippet":"max-snippet:-1","max-image-preview":"max-image-preview:large","max-video-preview":"max-video-preview:-1"},"canonical":"https:\/\/smartpuller.com\/es\/informacion\/terminos-de-uso\/","og_locale":"es_ES","og_type":"article","og_title":"T\u00e9rminos de uso","og_description":"1. T\u00e9rminos de uso de la p\u00e1gina Web Favor leer cuidadosamente estos t\u00e9rminos de uso. Usado nuestro sitio, Usted est\u00e1 indicando que acepta los t\u00e9rminos de","og_url":"https:\/\/smartpuller.com\/es\/informacion\/terminos-de-uso\/","og_site_name":"SmartPuller","article_publisher":"https:\/\/www.facebook.com\/smartpuller\/","article_modified_time":"2017-09-25T08:17:56+00:00","twitter_card":"summary_large_image","twitter_misc":{"Tiempo de lectura":"2 minutos"},"schema":{"@context":"https:\/\/schema.org","@graph":[{"@type":"WebPage","@id":"https:\/\/smartpuller.com\/es\/informacion\/terminos-de-uso\/","url":"https:\/\/smartpuller.com\/es\/informacion\/terminos-de-uso\/","name":"T\u00e9rminos de uso","isPartOf":{"@id":"https:\/\/smartpuller.com\/fi\/#website"},"datePublished":"2016-03-21T09:39:57+00:00","dateModified":"2017-09-25T08:17:56+00:00","description":"1. T\u00e9rminos de uso de la p\u00e1gina Web Favor leer cuidadosamente estos t\u00e9rminos de uso. Usado nuestro sitio, Usted est\u00e1 indicando que acepta los t\u00e9rminos de","breadcrumb":{"@id":"https:\/\/smartpuller.com\/es\/informacion\/terminos-de-uso\/#breadcrumb"},"inLanguage":"es","potentialAction":[{"@type":"ReadAction","target":["https:\/\/smartpuller.com\/es\/informacion\/terminos-de-uso\/"]}]},{"@type":"BreadcrumbList","@id":"https:\/\/smartpuller.com\/es\/informacion\/terminos-de-uso\/#breadcrumb","itemListElement":[{"@type":"ListItem","position":1,"name":"Home","item":"https:\/\/smartpuller.com\/es\/"},{"@type":"ListItem","position":2,"name":"Informaci\u00f3n","item":"https:\/\/smartpuller.com\/es\/informacion\/"},{"@type":"ListItem","position":3,"name":"T\u00e9rminos de uso"}]},{"@type":"WebSite","@id":"https:\/\/smartpuller.com\/fi\/#website","url":"https:\/\/smartpuller.com\/fi\/","name":"SmartPuller","description":"SmartPuller","potentialAction":[{"@type":"SearchAction","target":{"@type":"EntryPoint","urlTemplate":"https:\/\/smartpuller.com\/fi\/?s={search_term_string}"},"query-input":{"@type":"PropertyValueSpecification","valueRequired":true,"valueName":"search_term_string"}}],"inLanguage":"es"}]}},"_links":{"self":[{"href":"https:\/\/smartpuller.com\/es\/wp-json\/wp\/v2\/pages\/2317","targetHints":{"allow":["GET"]}}],"collection":[{"href":"https:\/\/smartpuller.com\/es\/wp-json\/wp\/v2\/pages"}],"about":[{"href":"https:\/\/smartpuller.com\/es\/wp-json\/wp\/v2\/types\/page"}],"author":[{"embeddable":true,"href":"https:\/\/smartpuller.com\/es\/wp-json\/wp\/v2\/users\/101"}],"replies":[{"embeddable":true,"href":"https:\/\/smartpuller.com\/es\/wp-json\/wp\/v2\/comments?post=2317"}],"version-history":[{"count":0,"href":"https:\/\/smartpuller.com\/es\/wp-json\/wp\/v2\/pages\/2317\/revisions"}],"up":[{"embeddable":true,"href":"https:\/\/smartpuller.com\/es\/wp-json\/wp\/v2\/pages\/2253"}],"wp:attachment":[{"href":"https:\/\/smartpuller.com\/es\/wp-json\/wp\/v2\/media?parent=2317"}],"curies":[{"name":"wp","href":"https:\/\/api.w.org\/{rel}","templated":true}]}}