{"id":2314,"date":"2016-03-21T11:38:52","date_gmt":"2016-03-21T09:38:52","guid":{"rendered":"https:\/\/smartpuller.com\/informacion\/privacy-policy\/"},"modified":"2017-09-25T11:12:03","modified_gmt":"2017-09-25T08:12:03","slug":"politica-de-privacidad","status":"publish","type":"page","link":"https:\/\/smartpuller.com\/es\/informacion\/politica-de-privacidad\/","title":{"rendered":"Pol\u00edtica de privacidad"},"content":{"rendered":"<p><strong>SmartPuller respeta a su privacidad<\/strong><\/p>\n<p>Cualquier informaci\u00f3n suministrada a nosotros incluyendo y similares a su nombre, direcci\u00f3n, n\u00famero de tel\u00e9fono y direcci\u00f3n E-Mail no ser\u00e1n revelados, vendidos, comercializados \u00f3 transferidos en otras maneras a ningunas partes salvo SmartPuller \/ Autorobot Finland Oy.<\/p>\n<p><strong>Detalles de Tarjetas de Cr\u00e9dito<\/strong><\/p>\n<p>SmartPuller \/ Autorobot Finland Oy nunca preguntar\u00e1 sobre los detalles de su tarjeta de cr\u00e9dito y exige que Usted no lo incluya en formato alguno de SmartPuller \/ Autorobot Finland Oy<\/p>\n<p><strong>P\u00e1ginas Web externas<\/strong><\/p>\n<p>SmartPuller \/ Autorobot Finland Oy no son responsables sobre los contenidos de las paginas internet externas. Le recomendamos leer la pol\u00edtica de privacidad de las p\u00e1ginas externas antes de revelar informaci\u00f3n personal alguna.<\/p>\n<p><strong>Cookies<\/strong><\/p>\n<p>Un \u201ccookie\u201d es un peque\u00f1o archivo de texto que se coloca en su ordenador, lo cual permite que SmartPuller \/ Autorobot Finland Oy le reconozca cada vez que Usted visite esta p\u00e1gina ( personalizaci\u00f3n etc). Los Cookies en s\u00ed, no contienen informaci\u00f3n personal alguna y SmartPuller \/ Autorobot Finland Oy no utiliza cookies para recolectar informaci\u00f3n personal. Cookies pueden ser utilizados por proveedores terceros de informaci\u00f3n  como  proveedores de noticias.<\/p>\n<p><strong>\u00bfC\u00f3mo usamos su informaci\u00f3n?<\/strong><\/p>\n<p>Nosotros podremos utilizar la informaci\u00f3n recolectada a trav\u00e9s de su registro, surfeado en la p\u00e1gina Web \u00f3 v\u00eda ciertas otras caracter\u00edsticas de la p\u00e1gina en las siguientes maneras:<br \/>\n\u2022 Para personalizar a su experiencia de la p\u00e1gina y poder suministrarle ofertas del tipo y contenido de los productos m\u00e1s interesantes para Usted.<br \/>\n\u2022 Para brindarle mejor servicio cuando respondemos a sus requerimientos de atenci\u00f3n.<br \/>\n\u2022 Para administrar el contenido, promociones, encuestas y otras caracter\u00edsticas de la p\u00e1gina.<br \/>\n\u2022 Si Usted se incorpor\u00f3 para recibir nuestras Novedades por E-Mail, nosotros podemos enviarle peri\u00f3dicamente E-Mails. En caso de que no quiera recibir m\u00e1s los E-Mails promocionales de nosotros, Usted pueden desincorporarse de nuestra lista.<\/p>\n<p><strong>\u00bfC\u00f3mo protegemos la informaci\u00f3n de los visitantes?<\/strong><\/p>\n<p>Su informaci\u00f3n personal se guarda detr\u00e1s de las redes de seguridad solamente accesibles por una cantidad limitada de personas con unos permisos especiales al sistema con compromiso de mantener la informaci\u00f3n confidencial. Cuando coloquen pedidos \u00f3 cuando actualicen su informaci\u00f3n personal, le ofrecemos el uso de un servidor seguro. Toda la informaci\u00f3n sensible\/cr\u00e9dito suministrado por Usted ser\u00e1 transmitido v\u00eda Tecnologis Secure Socket Layer (SSL) y encriptado en nuestras bases de datos para acceder solamente en la manera descrita arriba. <\/p>\n<p><strong>Tomen en cuenta los riesgos siempre que usen internet<\/strong><\/p>\n<p>Aunque haremos  lo mejor de nosotros para proteger su informaci\u00f3n personal, no podemos garantizar la seguridad de informaci\u00f3n alguna transmitida a SmartPuller \/ Autorobot Finland Oy y es Usted solo el responsable de mantener la seguridad de los passwords y otras informaciones de la cuenta. Adem\u00e1s, las otras p\u00e1ginas \u00f3 servicios de Internet accesibles a trav\u00e9s de  SmartPuller \/ Autorobot Finland Oy,  tienen separadamente sus pr\u00e1cticas de data y pol\u00edticas de privacidad  independientes de nosotros, y por eso no nos responsabilizamos \u00f3 tomamos obligaciones de sus pol\u00edticas \u00f3 acciones. Favor tomar contacto directamente con esos ofertantes u otros en caso de que Usted tenga algunas preguntas sobre su pol\u00edtica de seguridad.<\/p>\n","protected":false},"excerpt":{"rendered":"<p>SmartPuller respeta a su privacidad Cualquier informaci\u00f3n suministrada a nosotros incluyendo y similares a su nombre, direcci\u00f3n, n\u00famero de tel\u00e9fono y direcci\u00f3n E-Mail no ser\u00e1n revelados, vendidos, comercializados \u00f3 transferidos en otras maneras a ningunas partes salvo SmartPuller \/ Autorobot Finland Oy. Detalles de Tarjetas de Cr\u00e9dito SmartPuller \/ Autorobot Finland Oy nunca preguntar\u00e1 sobre [&hellip;]<\/p>\n","protected":false},"author":101,"featured_media":0,"parent":2253,"menu_order":430,"comment_status":"closed","ping_status":"closed","template":"","meta":{"_genesis_hide_title":false,"_genesis_hide_breadcrumbs":false,"_genesis_hide_singular_image":false,"_genesis_hide_footer_widgets":false,"_genesis_custom_body_class":"","_genesis_custom_post_class":"","_genesis_layout":"","footnotes":""},"class_list":{"0":"post-2314","1":"page","2":"type-page","3":"status-publish","5":"entry"},"yoast_head":"<!-- This site is optimized with the Yoast SEO plugin v27.4 - https:\/\/yoast.com\/product\/yoast-seo-wordpress\/ -->\n<title>Pol\u00edtica de privacidad<\/title>\n<meta name=\"description\" content=\"SmartPuller respeta a su privacidad Cualquier informaci\u00f3n suministrada a nosotros incluyendo y similares a su nombre, direcci\u00f3n, n\u00famero de tel\u00e9fono y\" \/>\n<meta name=\"robots\" content=\"index, follow, max-snippet:-1, max-image-preview:large, max-video-preview:-1\" \/>\n<link rel=\"canonical\" href=\"https:\/\/smartpuller.com\/es\/informacion\/politica-de-privacidad\/\" \/>\n<meta property=\"og:locale\" content=\"es_ES\" \/>\n<meta property=\"og:type\" content=\"article\" \/>\n<meta property=\"og:title\" content=\"Pol\u00edtica de privacidad\" \/>\n<meta property=\"og:description\" content=\"SmartPuller respeta a su privacidad Cualquier informaci\u00f3n suministrada a nosotros incluyendo y similares a su nombre, direcci\u00f3n, n\u00famero de tel\u00e9fono y\" \/>\n<meta property=\"og:url\" content=\"https:\/\/smartpuller.com\/es\/informacion\/politica-de-privacidad\/\" \/>\n<meta property=\"og:site_name\" content=\"SmartPuller\" \/>\n<meta property=\"article:publisher\" content=\"https:\/\/www.facebook.com\/smartpuller\/\" \/>\n<meta property=\"article:modified_time\" content=\"2017-09-25T08:12:03+00:00\" \/>\n<meta name=\"twitter:card\" content=\"summary_large_image\" \/>\n<meta name=\"twitter:label1\" content=\"Tiempo de lectura\" \/>\n\t<meta name=\"twitter:data1\" content=\"3 minutos\" \/>\n<script type=\"application\/ld+json\" class=\"yoast-schema-graph\">{\"@context\":\"https:\\\/\\\/schema.org\",\"@graph\":[{\"@type\":\"WebPage\",\"@id\":\"https:\\\/\\\/smartpuller.com\\\/es\\\/informacion\\\/politica-de-privacidad\\\/\",\"url\":\"https:\\\/\\\/smartpuller.com\\\/es\\\/informacion\\\/politica-de-privacidad\\\/\",\"name\":\"Pol\u00edtica de privacidad\",\"isPartOf\":{\"@id\":\"https:\\\/\\\/smartpuller.com\\\/fi\\\/#website\"},\"datePublished\":\"2016-03-21T09:38:52+00:00\",\"dateModified\":\"2017-09-25T08:12:03+00:00\",\"description\":\"SmartPuller respeta a su privacidad Cualquier informaci\u00f3n suministrada a nosotros incluyendo y similares a su nombre, direcci\u00f3n, n\u00famero de tel\u00e9fono y\",\"breadcrumb\":{\"@id\":\"https:\\\/\\\/smartpuller.com\\\/es\\\/informacion\\\/politica-de-privacidad\\\/#breadcrumb\"},\"inLanguage\":\"es\",\"potentialAction\":[{\"@type\":\"ReadAction\",\"target\":[\"https:\\\/\\\/smartpuller.com\\\/es\\\/informacion\\\/politica-de-privacidad\\\/\"]}]},{\"@type\":\"BreadcrumbList\",\"@id\":\"https:\\\/\\\/smartpuller.com\\\/es\\\/informacion\\\/politica-de-privacidad\\\/#breadcrumb\",\"itemListElement\":[{\"@type\":\"ListItem\",\"position\":1,\"name\":\"Home\",\"item\":\"https:\\\/\\\/smartpuller.com\\\/es\\\/\"},{\"@type\":\"ListItem\",\"position\":2,\"name\":\"Informaci\u00f3n\",\"item\":\"https:\\\/\\\/smartpuller.com\\\/es\\\/informacion\\\/\"},{\"@type\":\"ListItem\",\"position\":3,\"name\":\"Pol\u00edtica de privacidad\"}]},{\"@type\":\"WebSite\",\"@id\":\"https:\\\/\\\/smartpuller.com\\\/fi\\\/#website\",\"url\":\"https:\\\/\\\/smartpuller.com\\\/fi\\\/\",\"name\":\"SmartPuller\",\"description\":\"SmartPuller\",\"potentialAction\":[{\"@type\":\"SearchAction\",\"target\":{\"@type\":\"EntryPoint\",\"urlTemplate\":\"https:\\\/\\\/smartpuller.com\\\/fi\\\/?s={search_term_string}\"},\"query-input\":{\"@type\":\"PropertyValueSpecification\",\"valueRequired\":true,\"valueName\":\"search_term_string\"}}],\"inLanguage\":\"es\"}]}<\/script>\n<!-- \/ Yoast SEO plugin. -->","yoast_head_json":{"title":"Pol\u00edtica de privacidad","description":"SmartPuller respeta a su privacidad Cualquier informaci\u00f3n suministrada a nosotros incluyendo y similares a su nombre, direcci\u00f3n, n\u00famero de tel\u00e9fono y","robots":{"index":"index","follow":"follow","max-snippet":"max-snippet:-1","max-image-preview":"max-image-preview:large","max-video-preview":"max-video-preview:-1"},"canonical":"https:\/\/smartpuller.com\/es\/informacion\/politica-de-privacidad\/","og_locale":"es_ES","og_type":"article","og_title":"Pol\u00edtica de privacidad","og_description":"SmartPuller respeta a su privacidad Cualquier informaci\u00f3n suministrada a nosotros incluyendo y similares a su nombre, direcci\u00f3n, n\u00famero de tel\u00e9fono y","og_url":"https:\/\/smartpuller.com\/es\/informacion\/politica-de-privacidad\/","og_site_name":"SmartPuller","article_publisher":"https:\/\/www.facebook.com\/smartpuller\/","article_modified_time":"2017-09-25T08:12:03+00:00","twitter_card":"summary_large_image","twitter_misc":{"Tiempo de lectura":"3 minutos"},"schema":{"@context":"https:\/\/schema.org","@graph":[{"@type":"WebPage","@id":"https:\/\/smartpuller.com\/es\/informacion\/politica-de-privacidad\/","url":"https:\/\/smartpuller.com\/es\/informacion\/politica-de-privacidad\/","name":"Pol\u00edtica de privacidad","isPartOf":{"@id":"https:\/\/smartpuller.com\/fi\/#website"},"datePublished":"2016-03-21T09:38:52+00:00","dateModified":"2017-09-25T08:12:03+00:00","description":"SmartPuller respeta a su privacidad Cualquier informaci\u00f3n suministrada a nosotros incluyendo y similares a su nombre, direcci\u00f3n, n\u00famero de tel\u00e9fono y","breadcrumb":{"@id":"https:\/\/smartpuller.com\/es\/informacion\/politica-de-privacidad\/#breadcrumb"},"inLanguage":"es","potentialAction":[{"@type":"ReadAction","target":["https:\/\/smartpuller.com\/es\/informacion\/politica-de-privacidad\/"]}]},{"@type":"BreadcrumbList","@id":"https:\/\/smartpuller.com\/es\/informacion\/politica-de-privacidad\/#breadcrumb","itemListElement":[{"@type":"ListItem","position":1,"name":"Home","item":"https:\/\/smartpuller.com\/es\/"},{"@type":"ListItem","position":2,"name":"Informaci\u00f3n","item":"https:\/\/smartpuller.com\/es\/informacion\/"},{"@type":"ListItem","position":3,"name":"Pol\u00edtica de privacidad"}]},{"@type":"WebSite","@id":"https:\/\/smartpuller.com\/fi\/#website","url":"https:\/\/smartpuller.com\/fi\/","name":"SmartPuller","description":"SmartPuller","potentialAction":[{"@type":"SearchAction","target":{"@type":"EntryPoint","urlTemplate":"https:\/\/smartpuller.com\/fi\/?s={search_term_string}"},"query-input":{"@type":"PropertyValueSpecification","valueRequired":true,"valueName":"search_term_string"}}],"inLanguage":"es"}]}},"_links":{"self":[{"href":"https:\/\/smartpuller.com\/es\/wp-json\/wp\/v2\/pages\/2314","targetHints":{"allow":["GET"]}}],"collection":[{"href":"https:\/\/smartpuller.com\/es\/wp-json\/wp\/v2\/pages"}],"about":[{"href":"https:\/\/smartpuller.com\/es\/wp-json\/wp\/v2\/types\/page"}],"author":[{"embeddable":true,"href":"https:\/\/smartpuller.com\/es\/wp-json\/wp\/v2\/users\/101"}],"replies":[{"embeddable":true,"href":"https:\/\/smartpuller.com\/es\/wp-json\/wp\/v2\/comments?post=2314"}],"version-history":[{"count":0,"href":"https:\/\/smartpuller.com\/es\/wp-json\/wp\/v2\/pages\/2314\/revisions"}],"up":[{"embeddable":true,"href":"https:\/\/smartpuller.com\/es\/wp-json\/wp\/v2\/pages\/2253"}],"wp:attachment":[{"href":"https:\/\/smartpuller.com\/es\/wp-json\/wp\/v2\/media?parent=2314"}],"curies":[{"name":"wp","href":"https:\/\/api.w.org\/{rel}","templated":true}]}}