{"id":2294,"date":"2016-01-13T15:55:42","date_gmt":"2016-01-13T13:55:42","guid":{"rendered":"https:\/\/smartpuller.com\/smartpuller-dent-pulling-system-entire-vehicle-body\/keskipalsta\/"},"modified":"2017-11-10T11:00:33","modified_gmt":"2017-11-10T09:00:33","slug":"keskipalsta","status":"publish","type":"page","link":"https:\/\/smartpuller.com\/es\/smartpuller-dent-pulling-system-entire-vehicle-body\/keskipalsta\/","title":{"rendered":"Video"},"content":{"rendered":"<p>Autorobot SmartPuller<br \/>\nVideo de Presentaci\u00f3n, edici\u00f3n corta (2:00)<\/p>\n<div class=\"marginaaliton\" style=\"text-align: center;\"><iframe loading=\"lazy\" style=\"max-width: 100%;\" src=\"https:\/\/www.youtube.com\/embed\/eZS2QNk2_JY\" width=\"360\" height=\"202\" frameborder=\"0\" allowfullsceen=\"allowfullscreen\"><\/iframe><\/div>\n<p>&nbsp;<br \/>\nAutorobot SmartPuller<br \/>\nVideo de Presentaci\u00f3n, edici\u00f3n larga (9:10)<\/p>\n<div class=\"marginaaliton\" style=\"text-align: center;\"><iframe loading=\"lazy\" style=\"max-width: 100%;\" src=\"https:\/\/www.youtube.com\/embed\/8F06yEDfYVY?rel=0\" width=\"360\" height=\"202\" frameborder=\"0\" allowfullscreen=\"allowfullscreen\"><\/iframe><\/div>\n<p>\nLa manipulaci\u00f3n f\u00e1cil del equipo se logr\u00f3 crear con una base m\u00f3vil en ruedas combinado con los soportes de goma ajustables, los cuales se colocan en las \u00e1reas m\u00e1s fuertes del veh\u00edculo.<br \/>\n&nbsp;<br \/>\n\u00bb <a href=\"\/es\/promocion\/videos\/\">Ver m\u00e1s videos de SmartPuller<\/a><br \/>\n\u00bb <a href=\"\/es\/contacto\/\">Contacto<\/a><\/p>\n","protected":false},"excerpt":{"rendered":"<p>Autorobot SmartPuller Video de Presentaci\u00f3n, edici\u00f3n corta (2:00) &nbsp; Autorobot SmartPuller Video de Presentaci\u00f3n, edici\u00f3n larga (9:10) La manipulaci\u00f3n f\u00e1cil del equipo se logr\u00f3 crear con una base m\u00f3vil en ruedas combinado con los soportes de goma ajustables, los cuales se colocan en las \u00e1reas m\u00e1s fuertes del veh\u00edculo. &nbsp; \u00bb Ver m\u00e1s videos de [&hellip;]<\/p>\n","protected":false},"author":101,"featured_media":0,"parent":2138,"menu_order":182,"comment_status":"closed","ping_status":"closed","template":"","meta":{"_genesis_hide_title":false,"_genesis_hide_breadcrumbs":false,"_genesis_hide_singular_image":false,"_genesis_hide_footer_widgets":false,"_genesis_custom_body_class":"","_genesis_custom_post_class":"","_genesis_layout":"","footnotes":""},"class_list":{"0":"post-2294","1":"page","2":"type-page","3":"status-publish","5":"entry"},"yoast_head":"<!-- This site is optimized with the Yoast SEO plugin v27.4 - https:\/\/yoast.com\/product\/yoast-seo-wordpress\/ -->\n<title>Video<\/title>\n<meta name=\"description\" content=\"Autorobot SmartPuller Video de Presentaci\u00f3n, edici\u00f3n corta (2:00) &nbsp; Autorobot SmartPuller Video de Presentaci\u00f3n, edici\u00f3n larga (9:10) La manipulaci\u00f3n\" \/>\n<meta name=\"robots\" content=\"noindex, nofollow\" \/>\n<meta property=\"og:locale\" content=\"es_ES\" \/>\n<meta property=\"og:type\" content=\"article\" \/>\n<meta property=\"og:title\" content=\"Video\" \/>\n<meta property=\"og:description\" content=\"Autorobot SmartPuller Video de Presentaci\u00f3n, edici\u00f3n corta (2:00) &nbsp; Autorobot SmartPuller Video de Presentaci\u00f3n, edici\u00f3n larga (9:10) La manipulaci\u00f3n\" \/>\n<meta property=\"og:url\" content=\"https:\/\/smartpuller.com\/es\/smartpuller-dent-pulling-system-entire-vehicle-body\/keskipalsta\/\" \/>\n<meta property=\"og:site_name\" content=\"SmartPuller\" \/>\n<meta property=\"article:publisher\" content=\"https:\/\/www.facebook.com\/smartpuller\/\" \/>\n<meta property=\"article:modified_time\" content=\"2017-11-10T09:00:33+00:00\" \/>\n<meta name=\"twitter:card\" content=\"summary_large_image\" \/>\n<script type=\"application\/ld+json\" class=\"yoast-schema-graph\">{\"@context\":\"https:\\\/\\\/schema.org\",\"@graph\":[{\"@type\":\"WebPage\",\"@id\":\"https:\\\/\\\/smartpuller.com\\\/es\\\/smartpuller-dent-pulling-system-entire-vehicle-body\\\/keskipalsta\\\/\",\"url\":\"https:\\\/\\\/smartpuller.com\\\/es\\\/smartpuller-dent-pulling-system-entire-vehicle-body\\\/keskipalsta\\\/\",\"name\":\"Video\",\"isPartOf\":{\"@id\":\"https:\\\/\\\/smartpuller.com\\\/fi\\\/#website\"},\"datePublished\":\"2016-01-13T13:55:42+00:00\",\"dateModified\":\"2017-11-10T09:00:33+00:00\",\"description\":\"Autorobot SmartPuller Video de Presentaci\u00f3n, edici\u00f3n corta (2:00) &nbsp; Autorobot SmartPuller Video de Presentaci\u00f3n, edici\u00f3n larga (9:10) La manipulaci\u00f3n\",\"breadcrumb\":{\"@id\":\"https:\\\/\\\/smartpuller.com\\\/es\\\/smartpuller-dent-pulling-system-entire-vehicle-body\\\/keskipalsta\\\/#breadcrumb\"},\"inLanguage\":\"es\",\"potentialAction\":[{\"@type\":\"ReadAction\",\"target\":[\"https:\\\/\\\/smartpuller.com\\\/es\\\/smartpuller-dent-pulling-system-entire-vehicle-body\\\/keskipalsta\\\/\"]}]},{\"@type\":\"BreadcrumbList\",\"@id\":\"https:\\\/\\\/smartpuller.com\\\/es\\\/smartpuller-dent-pulling-system-entire-vehicle-body\\\/keskipalsta\\\/#breadcrumb\",\"itemListElement\":[{\"@type\":\"ListItem\",\"position\":1,\"name\":\"Home\",\"item\":\"https:\\\/\\\/smartpuller.com\\\/es\\\/\"},{\"@type\":\"ListItem\",\"position\":2,\"name\":\"SmartPuller extraordinario para enderezar\",\"item\":\"https:\\\/\\\/smartpuller.com\\\/es\\\/\"},{\"@type\":\"ListItem\",\"position\":3,\"name\":\"Video\"}]},{\"@type\":\"WebSite\",\"@id\":\"https:\\\/\\\/smartpuller.com\\\/fi\\\/#website\",\"url\":\"https:\\\/\\\/smartpuller.com\\\/fi\\\/\",\"name\":\"SmartPuller\",\"description\":\"SmartPuller\",\"potentialAction\":[{\"@type\":\"SearchAction\",\"target\":{\"@type\":\"EntryPoint\",\"urlTemplate\":\"https:\\\/\\\/smartpuller.com\\\/fi\\\/?s={search_term_string}\"},\"query-input\":{\"@type\":\"PropertyValueSpecification\",\"valueRequired\":true,\"valueName\":\"search_term_string\"}}],\"inLanguage\":\"es\"}]}<\/script>\n<!-- \/ Yoast SEO plugin. -->","yoast_head_json":{"title":"Video","description":"Autorobot SmartPuller Video de Presentaci\u00f3n, edici\u00f3n corta (2:00) &nbsp; Autorobot SmartPuller Video de Presentaci\u00f3n, edici\u00f3n larga (9:10) La manipulaci\u00f3n","robots":{"index":"noindex","follow":"nofollow"},"og_locale":"es_ES","og_type":"article","og_title":"Video","og_description":"Autorobot SmartPuller Video de Presentaci\u00f3n, edici\u00f3n corta (2:00) &nbsp; Autorobot SmartPuller Video de Presentaci\u00f3n, edici\u00f3n larga (9:10) La manipulaci\u00f3n","og_url":"https:\/\/smartpuller.com\/es\/smartpuller-dent-pulling-system-entire-vehicle-body\/keskipalsta\/","og_site_name":"SmartPuller","article_publisher":"https:\/\/www.facebook.com\/smartpuller\/","article_modified_time":"2017-11-10T09:00:33+00:00","twitter_card":"summary_large_image","schema":{"@context":"https:\/\/schema.org","@graph":[{"@type":"WebPage","@id":"https:\/\/smartpuller.com\/es\/smartpuller-dent-pulling-system-entire-vehicle-body\/keskipalsta\/","url":"https:\/\/smartpuller.com\/es\/smartpuller-dent-pulling-system-entire-vehicle-body\/keskipalsta\/","name":"Video","isPartOf":{"@id":"https:\/\/smartpuller.com\/fi\/#website"},"datePublished":"2016-01-13T13:55:42+00:00","dateModified":"2017-11-10T09:00:33+00:00","description":"Autorobot SmartPuller Video de Presentaci\u00f3n, edici\u00f3n corta (2:00) &nbsp; Autorobot SmartPuller Video de Presentaci\u00f3n, edici\u00f3n larga (9:10) La manipulaci\u00f3n","breadcrumb":{"@id":"https:\/\/smartpuller.com\/es\/smartpuller-dent-pulling-system-entire-vehicle-body\/keskipalsta\/#breadcrumb"},"inLanguage":"es","potentialAction":[{"@type":"ReadAction","target":["https:\/\/smartpuller.com\/es\/smartpuller-dent-pulling-system-entire-vehicle-body\/keskipalsta\/"]}]},{"@type":"BreadcrumbList","@id":"https:\/\/smartpuller.com\/es\/smartpuller-dent-pulling-system-entire-vehicle-body\/keskipalsta\/#breadcrumb","itemListElement":[{"@type":"ListItem","position":1,"name":"Home","item":"https:\/\/smartpuller.com\/es\/"},{"@type":"ListItem","position":2,"name":"SmartPuller extraordinario para enderezar","item":"https:\/\/smartpuller.com\/es\/"},{"@type":"ListItem","position":3,"name":"Video"}]},{"@type":"WebSite","@id":"https:\/\/smartpuller.com\/fi\/#website","url":"https:\/\/smartpuller.com\/fi\/","name":"SmartPuller","description":"SmartPuller","potentialAction":[{"@type":"SearchAction","target":{"@type":"EntryPoint","urlTemplate":"https:\/\/smartpuller.com\/fi\/?s={search_term_string}"},"query-input":{"@type":"PropertyValueSpecification","valueRequired":true,"valueName":"search_term_string"}}],"inLanguage":"es"}]}},"_links":{"self":[{"href":"https:\/\/smartpuller.com\/es\/wp-json\/wp\/v2\/pages\/2294","targetHints":{"allow":["GET"]}}],"collection":[{"href":"https:\/\/smartpuller.com\/es\/wp-json\/wp\/v2\/pages"}],"about":[{"href":"https:\/\/smartpuller.com\/es\/wp-json\/wp\/v2\/types\/page"}],"author":[{"embeddable":true,"href":"https:\/\/smartpuller.com\/es\/wp-json\/wp\/v2\/users\/101"}],"replies":[{"embeddable":true,"href":"https:\/\/smartpuller.com\/es\/wp-json\/wp\/v2\/comments?post=2294"}],"version-history":[{"count":0,"href":"https:\/\/smartpuller.com\/es\/wp-json\/wp\/v2\/pages\/2294\/revisions"}],"up":[{"embeddable":true,"href":"https:\/\/smartpuller.com\/es\/wp-json\/wp\/v2\/pages\/2138"}],"wp:attachment":[{"href":"https:\/\/smartpuller.com\/es\/wp-json\/wp\/v2\/media?parent=2294"}],"curies":[{"name":"wp","href":"https:\/\/api.w.org\/{rel}","templated":true}]}}