{"id":2290,"date":"2016-01-13T15:55:18","date_gmt":"2016-01-13T13:55:18","guid":{"rendered":"https:\/\/smartpuller.com\/smartpuller-dent-pulling-system-entire-vehicle-body\/vasen-palsta\/"},"modified":"2017-11-14T09:50:21","modified_gmt":"2017-11-14T07:50:21","slug":"vasen-palsta","status":"publish","type":"page","link":"https:\/\/smartpuller.com\/es\/smartpuller-dent-pulling-system-entire-vehicle-body\/vasen-palsta\/","title":{"rendered":"SmartPuller Extraordinario"},"content":{"rendered":"<p>SmartPuller es un sistema nuevo extraordinario para enderezar. Esta nueva innovaci\u00f3n ejecuta el enderezado de las chapas y estructuras del veh\u00edculo m\u00e1s r\u00e1pido y m\u00e1s econ\u00f3mico. SmartPuller es \u00e1gil y f\u00e1cil de usar y permite enderezar en todas las direcciones necesarias <a href=\"\/es\/areas-de-enderezamiento\/\" target=\"_blank\">alrededor del veh\u00edculo completo<\/a>.<br \/>\n<em>Patente pendiente.<\/em><\/p>\n<p>\u00bb <a href=\"https:\/\/smartpuller.com\/wp-content\/uploads\/2017\/10\/smartpuller_brochure_spanish.pdf\">Folleto de SmartPuller<\/a><br \/>\n\u00bb <a href=\"https:\/\/smartpuller.com\/es\/areas-de-enderezamiento\/\">\u00c1reas de Enderezamiento<\/a><\/p>\n","protected":false},"excerpt":{"rendered":"<p>SmartPuller es un sistema nuevo extraordinario para enderezar. Esta nueva innovaci\u00f3n ejecuta el enderezado de las chapas y estructuras del veh\u00edculo m\u00e1s r\u00e1pido y m\u00e1s econ\u00f3mico. SmartPuller es \u00e1gil y f\u00e1cil de usar y permite enderezar en todas las direcciones necesarias alrededor del veh\u00edculo completo. Patente pendiente. \u00bb Folleto de SmartPuller \u00bb \u00c1reas de Enderezamiento<\/p>\n","protected":false},"author":101,"featured_media":2291,"parent":2138,"menu_order":180,"comment_status":"closed","ping_status":"closed","template":"","meta":{"_genesis_hide_title":false,"_genesis_hide_breadcrumbs":false,"_genesis_hide_singular_image":false,"_genesis_hide_footer_widgets":false,"_genesis_custom_body_class":"","_genesis_custom_post_class":"","_genesis_layout":"","footnotes":""},"class_list":{"0":"post-2290","1":"page","2":"type-page","3":"status-publish","4":"has-post-thumbnail","6":"entry"},"yoast_head":"<!-- This site is optimized with the Yoast SEO plugin v27.4 - https:\/\/yoast.com\/product\/yoast-seo-wordpress\/ -->\n<title>Unique dent pulling system SmartPuller is quick and easy to use<\/title>\n<meta name=\"description\" content=\"SmartPuller is a new and unique dent pulling system. It makes the straightening of vehicle panels and box structures faster and more economical.\" \/>\n<meta name=\"robots\" content=\"noindex, nofollow\" \/>\n<meta property=\"og:locale\" content=\"es_ES\" \/>\n<meta property=\"og:type\" content=\"article\" \/>\n<meta property=\"og:title\" content=\"Unique dent pulling system SmartPuller is quick and easy to use\" \/>\n<meta property=\"og:description\" content=\"SmartPuller is a new and unique dent pulling system. It makes the straightening of vehicle panels and box structures faster and more economical.\" \/>\n<meta property=\"og:url\" content=\"https:\/\/smartpuller.com\/es\/smartpuller-dent-pulling-system-entire-vehicle-body\/vasen-palsta\/\" \/>\n<meta property=\"og:site_name\" content=\"SmartPuller\" \/>\n<meta property=\"article:publisher\" content=\"https:\/\/www.facebook.com\/smartpuller\/\" \/>\n<meta property=\"article:modified_time\" content=\"2017-11-14T07:50:21+00:00\" \/>\n<meta property=\"og:image\" content=\"https:\/\/smartpuller.com\/wp-content\/uploads\/2016\/03\/smartpuller_6828.jpg\" \/>\n\t<meta property=\"og:image:width\" content=\"750\" \/>\n\t<meta property=\"og:image:height\" content=\"1000\" \/>\n\t<meta property=\"og:image:type\" content=\"image\/jpeg\" \/>\n<meta name=\"twitter:card\" content=\"summary_large_image\" \/>\n<script type=\"application\/ld+json\" class=\"yoast-schema-graph\">{\"@context\":\"https:\\\/\\\/schema.org\",\"@graph\":[{\"@type\":\"WebPage\",\"@id\":\"https:\\\/\\\/smartpuller.com\\\/es\\\/smartpuller-dent-pulling-system-entire-vehicle-body\\\/vasen-palsta\\\/\",\"url\":\"https:\\\/\\\/smartpuller.com\\\/es\\\/smartpuller-dent-pulling-system-entire-vehicle-body\\\/vasen-palsta\\\/\",\"name\":\"Unique dent pulling system SmartPuller is quick and easy to use\",\"isPartOf\":{\"@id\":\"https:\\\/\\\/smartpuller.com\\\/fi\\\/#website\"},\"primaryImageOfPage\":{\"@id\":\"https:\\\/\\\/smartpuller.com\\\/es\\\/smartpuller-dent-pulling-system-entire-vehicle-body\\\/vasen-palsta\\\/#primaryimage\"},\"image\":{\"@id\":\"https:\\\/\\\/smartpuller.com\\\/es\\\/smartpuller-dent-pulling-system-entire-vehicle-body\\\/vasen-palsta\\\/#primaryimage\"},\"thumbnailUrl\":\"https:\\\/\\\/smartpuller.com\\\/wp-content\\\/uploads\\\/2016\\\/03\\\/smartpuller_6828.jpg\",\"datePublished\":\"2016-01-13T13:55:18+00:00\",\"dateModified\":\"2017-11-14T07:50:21+00:00\",\"description\":\"SmartPuller is a new and unique dent pulling system. It makes the straightening of vehicle panels and box structures faster and more economical.\",\"breadcrumb\":{\"@id\":\"https:\\\/\\\/smartpuller.com\\\/es\\\/smartpuller-dent-pulling-system-entire-vehicle-body\\\/vasen-palsta\\\/#breadcrumb\"},\"inLanguage\":\"es\",\"potentialAction\":[{\"@type\":\"ReadAction\",\"target\":[\"https:\\\/\\\/smartpuller.com\\\/es\\\/smartpuller-dent-pulling-system-entire-vehicle-body\\\/vasen-palsta\\\/\"]}]},{\"@type\":\"ImageObject\",\"inLanguage\":\"es\",\"@id\":\"https:\\\/\\\/smartpuller.com\\\/es\\\/smartpuller-dent-pulling-system-entire-vehicle-body\\\/vasen-palsta\\\/#primaryimage\",\"url\":\"https:\\\/\\\/smartpuller.com\\\/wp-content\\\/uploads\\\/2016\\\/03\\\/smartpuller_6828.jpg\",\"contentUrl\":\"https:\\\/\\\/smartpuller.com\\\/wp-content\\\/uploads\\\/2016\\\/03\\\/smartpuller_6828.jpg\",\"width\":750,\"height\":1000},{\"@type\":\"BreadcrumbList\",\"@id\":\"https:\\\/\\\/smartpuller.com\\\/es\\\/smartpuller-dent-pulling-system-entire-vehicle-body\\\/vasen-palsta\\\/#breadcrumb\",\"itemListElement\":[{\"@type\":\"ListItem\",\"position\":1,\"name\":\"Home\",\"item\":\"https:\\\/\\\/smartpuller.com\\\/es\\\/\"},{\"@type\":\"ListItem\",\"position\":2,\"name\":\"SmartPuller extraordinario para enderezar\",\"item\":\"https:\\\/\\\/smartpuller.com\\\/es\\\/\"},{\"@type\":\"ListItem\",\"position\":3,\"name\":\"SmartPuller Extraordinario\"}]},{\"@type\":\"WebSite\",\"@id\":\"https:\\\/\\\/smartpuller.com\\\/fi\\\/#website\",\"url\":\"https:\\\/\\\/smartpuller.com\\\/fi\\\/\",\"name\":\"SmartPuller\",\"description\":\"SmartPuller\",\"potentialAction\":[{\"@type\":\"SearchAction\",\"target\":{\"@type\":\"EntryPoint\",\"urlTemplate\":\"https:\\\/\\\/smartpuller.com\\\/fi\\\/?s={search_term_string}\"},\"query-input\":{\"@type\":\"PropertyValueSpecification\",\"valueRequired\":true,\"valueName\":\"search_term_string\"}}],\"inLanguage\":\"es\"}]}<\/script>\n<!-- \/ Yoast SEO plugin. -->","yoast_head_json":{"title":"Unique dent pulling system SmartPuller is quick and easy to use","description":"SmartPuller is a new and unique dent pulling system. It makes the straightening of vehicle panels and box structures faster and more economical.","robots":{"index":"noindex","follow":"nofollow"},"og_locale":"es_ES","og_type":"article","og_title":"Unique dent pulling system SmartPuller is quick and easy to use","og_description":"SmartPuller is a new and unique dent pulling system. It makes the straightening of vehicle panels and box structures faster and more economical.","og_url":"https:\/\/smartpuller.com\/es\/smartpuller-dent-pulling-system-entire-vehicle-body\/vasen-palsta\/","og_site_name":"SmartPuller","article_publisher":"https:\/\/www.facebook.com\/smartpuller\/","article_modified_time":"2017-11-14T07:50:21+00:00","og_image":[{"width":750,"height":1000,"url":"https:\/\/smartpuller.com\/wp-content\/uploads\/2016\/03\/smartpuller_6828.jpg","type":"image\/jpeg"}],"twitter_card":"summary_large_image","schema":{"@context":"https:\/\/schema.org","@graph":[{"@type":"WebPage","@id":"https:\/\/smartpuller.com\/es\/smartpuller-dent-pulling-system-entire-vehicle-body\/vasen-palsta\/","url":"https:\/\/smartpuller.com\/es\/smartpuller-dent-pulling-system-entire-vehicle-body\/vasen-palsta\/","name":"Unique dent pulling system SmartPuller is quick and easy to use","isPartOf":{"@id":"https:\/\/smartpuller.com\/fi\/#website"},"primaryImageOfPage":{"@id":"https:\/\/smartpuller.com\/es\/smartpuller-dent-pulling-system-entire-vehicle-body\/vasen-palsta\/#primaryimage"},"image":{"@id":"https:\/\/smartpuller.com\/es\/smartpuller-dent-pulling-system-entire-vehicle-body\/vasen-palsta\/#primaryimage"},"thumbnailUrl":"https:\/\/smartpuller.com\/wp-content\/uploads\/2016\/03\/smartpuller_6828.jpg","datePublished":"2016-01-13T13:55:18+00:00","dateModified":"2017-11-14T07:50:21+00:00","description":"SmartPuller is a new and unique dent pulling system. It makes the straightening of vehicle panels and box structures faster and more economical.","breadcrumb":{"@id":"https:\/\/smartpuller.com\/es\/smartpuller-dent-pulling-system-entire-vehicle-body\/vasen-palsta\/#breadcrumb"},"inLanguage":"es","potentialAction":[{"@type":"ReadAction","target":["https:\/\/smartpuller.com\/es\/smartpuller-dent-pulling-system-entire-vehicle-body\/vasen-palsta\/"]}]},{"@type":"ImageObject","inLanguage":"es","@id":"https:\/\/smartpuller.com\/es\/smartpuller-dent-pulling-system-entire-vehicle-body\/vasen-palsta\/#primaryimage","url":"https:\/\/smartpuller.com\/wp-content\/uploads\/2016\/03\/smartpuller_6828.jpg","contentUrl":"https:\/\/smartpuller.com\/wp-content\/uploads\/2016\/03\/smartpuller_6828.jpg","width":750,"height":1000},{"@type":"BreadcrumbList","@id":"https:\/\/smartpuller.com\/es\/smartpuller-dent-pulling-system-entire-vehicle-body\/vasen-palsta\/#breadcrumb","itemListElement":[{"@type":"ListItem","position":1,"name":"Home","item":"https:\/\/smartpuller.com\/es\/"},{"@type":"ListItem","position":2,"name":"SmartPuller extraordinario para enderezar","item":"https:\/\/smartpuller.com\/es\/"},{"@type":"ListItem","position":3,"name":"SmartPuller Extraordinario"}]},{"@type":"WebSite","@id":"https:\/\/smartpuller.com\/fi\/#website","url":"https:\/\/smartpuller.com\/fi\/","name":"SmartPuller","description":"SmartPuller","potentialAction":[{"@type":"SearchAction","target":{"@type":"EntryPoint","urlTemplate":"https:\/\/smartpuller.com\/fi\/?s={search_term_string}"},"query-input":{"@type":"PropertyValueSpecification","valueRequired":true,"valueName":"search_term_string"}}],"inLanguage":"es"}]}},"_links":{"self":[{"href":"https:\/\/smartpuller.com\/es\/wp-json\/wp\/v2\/pages\/2290","targetHints":{"allow":["GET"]}}],"collection":[{"href":"https:\/\/smartpuller.com\/es\/wp-json\/wp\/v2\/pages"}],"about":[{"href":"https:\/\/smartpuller.com\/es\/wp-json\/wp\/v2\/types\/page"}],"author":[{"embeddable":true,"href":"https:\/\/smartpuller.com\/es\/wp-json\/wp\/v2\/users\/101"}],"replies":[{"embeddable":true,"href":"https:\/\/smartpuller.com\/es\/wp-json\/wp\/v2\/comments?post=2290"}],"version-history":[{"count":0,"href":"https:\/\/smartpuller.com\/es\/wp-json\/wp\/v2\/pages\/2290\/revisions"}],"up":[{"embeddable":true,"href":"https:\/\/smartpuller.com\/es\/wp-json\/wp\/v2\/pages\/2138"}],"wp:featuredmedia":[{"embeddable":true,"href":"https:\/\/smartpuller.com\/es\/wp-json\/wp\/v2\/media\/2291"}],"wp:attachment":[{"href":"https:\/\/smartpuller.com\/es\/wp-json\/wp\/v2\/media?parent=2290"}],"curies":[{"name":"wp","href":"https:\/\/api.w.org\/{rel}","templated":true}]}}