{"id":2285,"date":"2016-01-13T11:18:25","date_gmt":"2016-01-13T09:18:25","guid":{"rendered":"https:\/\/smartpuller.com\/smartpuller-dent-pulling-system-entire-vehicle-body\/dent-pulling-system\/"},"modified":"2017-11-15T11:26:13","modified_gmt":"2017-11-15T09:26:13","slug":"saca-golpes-multispot","status":"publish","type":"page","link":"https:\/\/smartpuller.com\/es\/saca-golpes-multispot\/","title":{"rendered":"Saca golpes multispot"},"content":{"rendered":"<div id=\"pl-2285\"  class=\"panel-layout\" ><div id=\"pg-2285-0\"  class=\"panel-grid panel-no-style\" ><div id=\"pgc-2285-0-0\"  class=\"panel-grid-cell\" ><div id=\"panel-2285-0-0-0\" class=\"so-panel widget widget_sow-editor panel-first-child panel-last-child\" data-index=\"0\" ><div\n\t\t\t\n\t\t\tclass=\"so-widget-sow-editor so-widget-sow-editor-base\"\n\t\t\t\n\t\t>\n<div class=\"siteorigin-widget-tinymce textwidget\">\n\t<p><em><strong>Autorobot Finlandia desarroll\u00f3 un nuevo Saca Golpes llamado SmartPuller. La nueva innovaci\u00f3n agiliza el enderezamiento de las planchas y estructuras en una manera econ\u00f3mica. Los m\u00e9todos de trabajo especiales de Autorobot SmartPuller son f\u00e1ciles y r\u00e1pidos en uso. El equipo se adapta a casi todos los tipos de trabajos de enderezamiento de las estructuras de carrocer\u00edas en todas las direcciones necesarias.<\/strong><\/em><\/p>\n<h3>Combinaciones de soporte sin precedententes<\/h3>\n<p>El uso f\u00e1cil se ha logrado con una base m\u00f3vil sobre las ruedas con dos soportes de goma ajustables. Ambos soportes de goma se colocan en las zonas de carrocer\u00eda que permiten un mejor soporte en el \u00e1rea para enderezar. Autorobot SmartPuller necesita un equipo de soldadura de resistencia (Spotter) para fijar arandelas y varillas en el \u00e1rea para enderezar.<\/p>\n<p>La especialidad de SmartPuller est\u00e1 en su capacidad de enderezar pr\u00e1cticamente en cualquiera direcci\u00f3n sobre la carrocer\u00eda.<\/p>\n<h3>Ahorra tiempo en enderezado<\/h3>\n<p>Seg\u00fan la informaci\u00f3n de las compa\u00f1\u00edas de seguro, alrededor 80 % de todos los da\u00f1os ocurren en las chapas. Un da\u00f1o superficial aparece muchas veces en las estructuras tipo cajones que no pueden ser empujados desde el interior del veh\u00edculo. El enderezado desde el exterior con SmartPuller significa un ahorro de tiempo considerable cuando las puertas y otras estructuras de carrocer\u00eda no necesitan ser desmanteladas y ensambladas nuevamente. Las ventajas de SmartPuller se destacan en la reparaci\u00f3n de los lados soldados del veh\u00edculo y en los techos. Por eso SmartPuller es uno de las herramientas m\u00e1s importantes de latoner\u00eda y pintura moderna.<\/p>\n<p><em>Patente pendiente.<\/em><\/p>\n<div class=\"nappilinkki_tiivis\"><a href=\"\/es\/contacto\/como-comprar\/\">\u00bb COMO COMPRAR<\/a><\/div>\n<\/div>\n<\/div><\/div><\/div><div id=\"pgc-2285-0-1\"  class=\"panel-grid-cell\" ><div id=\"panel-2285-0-1-0\" class=\"so-panel widget widget_sow-editor panel-first-child panel-last-child\" data-index=\"1\" ><div\n\t\t\t\n\t\t\tclass=\"so-widget-sow-editor so-widget-sow-editor-base\"\n\t\t\t\n\t\t>\n<div class=\"siteorigin-widget-tinymce textwidget\">\n\t<p><a href=\"https:\/\/smartpuller.com\/wp-content\/uploads\/2016\/01\/dent-pulling_picture1.jpg\" rel=\"lightbox\" data-rel=\"lightbox-image-0\" data-rl_title=\"\" data-rl_caption=\"\" title=\"\"><img loading=\"lazy\" decoding=\"async\" class=\"alignnone wp-image-2852 size-full\" src=\"https:\/\/smartpuller.com\/wp-content\/uploads\/2016\/01\/dent-pulling_picture1.jpg\" alt=\"dent-pulling_picture1_hires\" width=\"750\" height=\"1000\" srcset=\"https:\/\/smartpuller.com\/wp-content\/uploads\/2016\/01\/dent-pulling_picture1.jpg 750w, https:\/\/smartpuller.com\/wp-content\/uploads\/2016\/01\/dent-pulling_picture1-300x400.jpg 300w, https:\/\/smartpuller.com\/wp-content\/uploads\/2016\/01\/dent-pulling_picture1-600x800.jpg 600w, https:\/\/smartpuller.com\/wp-content\/uploads\/2016\/01\/dent-pulling_picture1-225x300.jpg 225w\" sizes=\"auto, (max-width: 750px) 100vw, 750px\" \/><\/a><br \/> <em>En la Imagen 1 los soporte inferiores (A, ver imagen 1b) se han ajustado primero en la altura y longitud a nivel adecuado para luego ser ubicados en el punto m\u00e1s fuerte cercano a la zona para enderezar. El soporte (B) se ha colocado en la estructura del techo. Despu\u00e9s, el brazo de tracci\u00f3n (C) se ha situado en el punto para enderezar. La tracci\u00f3n en si se ejecuta con unas manillas (D). Un agarre como una varilla de soldadura, una mordaza o una copa adhesiva se puede adaptar en la punta (E) del brazo de tracci\u00f3n seg\u00fan las caracter\u00edsticas del \u00e1rea para enderezar.<\/em><\/p>\n<p><a href=\"https:\/\/smartpuller.com\/wp-content\/uploads\/2016\/01\/dent-pulling_picture1b.jpg\" rel=\"lightbox\" data-rel=\"lightbox-image-1\" data-rl_title=\"\" data-rl_caption=\"\" title=\"\"><img loading=\"lazy\" decoding=\"async\" class=\"alignnone wp-image-2849 size-full\" src=\"https:\/\/smartpuller.com\/wp-content\/uploads\/2016\/01\/dent-pulling_picture1b.jpg\" alt=\"dent-pulling_picture1b_hires\" width=\"750\" height=\"1000\" srcset=\"https:\/\/smartpuller.com\/wp-content\/uploads\/2016\/01\/dent-pulling_picture1b.jpg 750w, https:\/\/smartpuller.com\/wp-content\/uploads\/2016\/01\/dent-pulling_picture1b-300x400.jpg 300w, https:\/\/smartpuller.com\/wp-content\/uploads\/2016\/01\/dent-pulling_picture1b-600x800.jpg 600w, https:\/\/smartpuller.com\/wp-content\/uploads\/2016\/01\/dent-pulling_picture1b-225x300.jpg 225w\" sizes=\"auto, (max-width: 750px) 100vw, 750px\" \/><\/a><\/p>\n<\/div>\n<\/div><\/div><\/div><\/div><div id=\"pg-2285-1\"  class=\"panel-grid panel-no-style\" ><div id=\"pgc-2285-1-0\"  class=\"panel-grid-cell\" ><div id=\"panel-2285-1-0-0\" class=\"so-panel widget widget_sow-editor panel-first-child panel-last-child\" data-index=\"2\" ><div\n\t\t\t\n\t\t\tclass=\"so-widget-sow-editor so-widget-sow-editor-base\"\n\t\t\t\n\t\t>\n<div class=\"siteorigin-widget-tinymce textwidget\">\n\t<p><a href=\"https:\/\/smartpuller.com\/wp-content\/uploads\/2016\/02\/dent-pulling_picture2_hires.jpg\" rel=\"lightbox\" data-rel=\"lightbox-image-2\" data-rl_title=\"\" data-rl_caption=\"\" title=\"\"><img loading=\"lazy\" decoding=\"async\" class=\"alignnone wp-image-688 size-full\" src=\"https:\/\/smartpuller.com\/wp-content\/uploads\/2016\/02\/dent-pulling_picture2_hires.jpg\" alt=\"dent-pulling_picture2_hires\" width=\"1000\" height=\"848\" srcset=\"https:\/\/smartpuller.com\/wp-content\/uploads\/2016\/02\/dent-pulling_picture2_hires.jpg 1000w, https:\/\/smartpuller.com\/wp-content\/uploads\/2016\/02\/dent-pulling_picture2_hires-600x509.jpg 600w, https:\/\/smartpuller.com\/wp-content\/uploads\/2016\/02\/dent-pulling_picture2_hires-300x254.jpg 300w, https:\/\/smartpuller.com\/wp-content\/uploads\/2016\/02\/dent-pulling_picture2_hires-768x651.jpg 768w\" sizes=\"auto, (max-width: 1000px) 100vw, 1000px\" \/><\/a><br \/> <em>La Imagen 2 muestra el enderezamiento del estribo donde los soportes inferiores se han fijado en las puntas del estribo utilizando la barra auxiliar (1) para enderezar todo el estribo.<\/em><\/p>\n<\/div>\n<\/div><\/div><\/div><div id=\"pgc-2285-1-1\"  class=\"panel-grid-cell\" ><div id=\"panel-2285-1-1-0\" class=\"so-panel widget widget_sow-editor panel-first-child panel-last-child\" data-index=\"3\" ><div\n\t\t\t\n\t\t\tclass=\"so-widget-sow-editor so-widget-sow-editor-base\"\n\t\t\t\n\t\t>\n<div class=\"siteorigin-widget-tinymce textwidget\">\n\t<p><a href=\"https:\/\/smartpuller.com\/wp-content\/uploads\/2016\/02\/dent-pulling_picture3_hires.jpg\" rel=\"lightbox\" data-rel=\"lightbox-image-3\" data-rl_title=\"\" data-rl_caption=\"\" title=\"\"><img loading=\"lazy\" decoding=\"async\" class=\"alignnone wp-image-690 size-full\" src=\"https:\/\/smartpuller.com\/wp-content\/uploads\/2016\/02\/dent-pulling_picture3_hires.jpg\" alt=\"dent-pulling_picture3_hires\" width=\"839\" height=\"1000\" srcset=\"https:\/\/smartpuller.com\/wp-content\/uploads\/2016\/02\/dent-pulling_picture3_hires.jpg 839w, https:\/\/smartpuller.com\/wp-content\/uploads\/2016\/02\/dent-pulling_picture3_hires-600x715.jpg 600w, https:\/\/smartpuller.com\/wp-content\/uploads\/2016\/02\/dent-pulling_picture3_hires-252x300.jpg 252w, https:\/\/smartpuller.com\/wp-content\/uploads\/2016\/02\/dent-pulling_picture3_hires-768x915.jpg 768w\" sizes=\"auto, (max-width: 839px) 100vw, 839px\" \/><\/a><br \/> <em>La Imagen 3 muestra el enderezamiento de la parte delantera del veh\u00edculo utilizando una mordaza para halar la pesta\u00f1a de la puerta trasera. Este tipo de tracci\u00f3n requiere el uso de la barra auxiliar (1) , lo cual se ha ubicado en el borde delantero del techo.<\/em><\/p>\n<\/div>\n<\/div><\/div><\/div><\/div><div id=\"pg-2285-2\"  class=\"panel-grid panel-no-style\" ><div id=\"pgc-2285-2-0\"  class=\"panel-grid-cell\" ><div id=\"panel-2285-2-0-0\" class=\"so-panel widget widget_sow-editor panel-first-child panel-last-child\" data-index=\"4\" ><div\n\t\t\t\n\t\t\tclass=\"so-widget-sow-editor so-widget-sow-editor-base\"\n\t\t\t\n\t\t>\n<div class=\"siteorigin-widget-tinymce textwidget\">\n\t<h3>\u00c1gil \u2022 Vers\u00e1til \u2022 Preciso<\/h3>\n<\/div>\n<\/div><\/div><\/div><\/div><div id=\"pg-2285-3\"  class=\"panel-grid panel-no-style\" ><div id=\"pgc-2285-3-0\"  class=\"panel-grid-cell\" ><div id=\"panel-2285-3-0-0\" class=\"so-panel widget widget_sow-editor panel-first-child panel-last-child\" data-index=\"5\" ><div\n\t\t\t\n\t\t\tclass=\"so-widget-sow-editor so-widget-sow-editor-base\"\n\t\t\t\n\t\t>\n<div class=\"siteorigin-widget-tinymce textwidget\">\n\t<p><a href=\"https:\/\/smartpuller.com\/wp-content\/uploads\/2016\/02\/dent-pulling_picture4_hires.jpg\" rel=\"lightbox\" data-rel=\"lightbox-image-4\" data-rl_title=\"\" data-rl_caption=\"\" title=\"\"><img loading=\"lazy\" decoding=\"async\" class=\"alignnone wp-image-692 size-full\" src=\"https:\/\/smartpuller.com\/wp-content\/uploads\/2016\/02\/dent-pulling_picture4_hires.jpg\" alt=\"dent-pulling_picture4_hires\" width=\"716\" height=\"1000\" srcset=\"https:\/\/smartpuller.com\/wp-content\/uploads\/2016\/02\/dent-pulling_picture4_hires.jpg 716w, https:\/\/smartpuller.com\/wp-content\/uploads\/2016\/02\/dent-pulling_picture4_hires-600x838.jpg 600w, https:\/\/smartpuller.com\/wp-content\/uploads\/2016\/02\/dent-pulling_picture4_hires-215x300.jpg 215w\" sizes=\"auto, (max-width: 716px) 100vw, 716px\" \/><\/a><br \/> <em>La Imagen 4 muestra el enderezamiento de la parte trasera del veh\u00edculo. Esto es posible gracias a que los soportes de goma inferiores tambi\u00e9n se giran, facilitando su ubicaci\u00f3n en las zonas de soporte del veh\u00edculo. Adem\u00e1s, en este caso, se necesita la barra auxiliar (1) con una mordaza para fijarla en la pesta\u00f1a del marco de la maleta. Despu\u00e9s ser\u00e1 posible ejecutar aunque una tracci\u00f3n tan dif\u00edcil como la mostrada en la imagen.<\/em><\/p>\n<\/div>\n<\/div><\/div><\/div><div id=\"pgc-2285-3-1\"  class=\"panel-grid-cell\" ><div id=\"panel-2285-3-1-0\" class=\"so-panel widget widget_sow-editor panel-first-child panel-last-child\" data-index=\"6\" ><div\n\t\t\t\n\t\t\tclass=\"so-widget-sow-editor so-widget-sow-editor-base\"\n\t\t\t\n\t\t>\n<div class=\"siteorigin-widget-tinymce textwidget\">\n\t<p><a href=\"https:\/\/smartpuller.com\/wp-content\/uploads\/2016\/02\/dent-pulling_picture5_hires.jpg\" rel=\"lightbox\" data-rel=\"lightbox-image-5\" data-rl_title=\"\" data-rl_caption=\"\" title=\"\"><img loading=\"lazy\" decoding=\"async\" class=\"alignnone wp-image-694 size-full\" src=\"https:\/\/smartpuller.com\/wp-content\/uploads\/2016\/02\/dent-pulling_picture5_hires.jpg\" alt=\"dent-pulling_picture5_hires\" width=\"659\" height=\"1000\" srcset=\"https:\/\/smartpuller.com\/wp-content\/uploads\/2016\/02\/dent-pulling_picture5_hires.jpg 659w, https:\/\/smartpuller.com\/wp-content\/uploads\/2016\/02\/dent-pulling_picture5_hires-600x910.jpg 600w, https:\/\/smartpuller.com\/wp-content\/uploads\/2016\/02\/dent-pulling_picture5_hires-198x300.jpg 198w\" sizes=\"auto, (max-width: 659px) 100vw, 659px\" \/><\/a><br \/> <em>La Figura 5 muestra la tracci\u00f3n de la estructura de un techo utilizando el soporte (B) en la punta de la barra telesc\u00f3pica superior (1). La barra superior se reubica f\u00e1cilmente con las ruedas del equipo por ejemplo en la direcci\u00f3n longitudinal del veh\u00edculo hasta llegar al sitio de enderezado.<\/em><\/p>\n<\/div>\n<\/div><\/div><\/div><\/div><\/div>","protected":false},"excerpt":{"rendered":"<p>Autorobot Finlandia desarroll\u00f3 un nuevo Saca Golpes llamado SmartPuller. La nueva innovaci\u00f3n agiliza el enderezamiento de las planchas y estructuras en una manera econ\u00f3mica. Los m\u00e9todos de trabajo especiales de Autorobot SmartPuller son f\u00e1ciles y r\u00e1pidos en uso. El equipo se adapta a casi todos los tipos de trabajos de enderezamiento de las estructuras de [&hellip;]<\/p>\n","protected":false},"author":101,"featured_media":0,"parent":0,"menu_order":110,"comment_status":"closed","ping_status":"closed","template":"","meta":{"_genesis_hide_title":false,"_genesis_hide_breadcrumbs":false,"_genesis_hide_singular_image":false,"_genesis_hide_footer_widgets":false,"_genesis_custom_body_class":"","_genesis_custom_post_class":"","_genesis_layout":"","footnotes":""},"class_list":{"0":"post-2285","1":"page","2":"type-page","3":"status-publish","5":"entry","6":"has-post-thumbnail"},"yoast_head":"<!-- This site is optimized with the Yoast SEO plugin v27.4 - https:\/\/yoast.com\/product\/yoast-seo-wordpress\/ -->\n<title>Dent puller on castor wheels - SmartPuller<\/title>\n<meta name=\"description\" content=\"Autorobot Finland has developed a new dent puller called SmartPuller. The new innovation makes the straightening of vehicle panels and box structures faster and more economical.\" \/>\n<meta name=\"robots\" content=\"index, follow, max-snippet:-1, max-image-preview:large, max-video-preview:-1\" \/>\n<link rel=\"canonical\" href=\"https:\/\/smartpuller.com\/es\/saca-golpes-multispot\/\" \/>\n<meta property=\"og:locale\" content=\"es_ES\" \/>\n<meta property=\"og:type\" content=\"article\" \/>\n<meta property=\"og:title\" content=\"Dent puller on castor wheels - SmartPuller\" \/>\n<meta property=\"og:description\" content=\"Autorobot Finland has developed a new dent puller called SmartPuller. The new innovation makes the straightening of vehicle panels and box structures faster and more economical.\" \/>\n<meta property=\"og:url\" content=\"https:\/\/smartpuller.com\/es\/saca-golpes-multispot\/\" \/>\n<meta property=\"og:site_name\" content=\"SmartPuller\" \/>\n<meta property=\"article:publisher\" content=\"https:\/\/www.facebook.com\/smartpuller\/\" \/>\n<meta property=\"article:modified_time\" content=\"2017-11-15T09:26:13+00:00\" \/>\n<meta property=\"og:image\" content=\"https:\/\/smartpuller.com\/wp-content\/uploads\/2016\/01\/dent-pulling_picture1.jpg\" \/>\n<meta name=\"twitter:card\" content=\"summary_large_image\" \/>\n<meta name=\"twitter:label1\" content=\"Tiempo de lectura\" \/>\n\t<meta name=\"twitter:data1\" content=\"3 minutos\" \/>\n<script type=\"application\/ld+json\" class=\"yoast-schema-graph\">{\"@context\":\"https:\\\/\\\/schema.org\",\"@graph\":[{\"@type\":\"WebPage\",\"@id\":\"https:\\\/\\\/smartpuller.com\\\/es\\\/saca-golpes-multispot\\\/\",\"url\":\"https:\\\/\\\/smartpuller.com\\\/es\\\/saca-golpes-multispot\\\/\",\"name\":\"Dent puller on castor wheels - SmartPuller\",\"isPartOf\":{\"@id\":\"https:\\\/\\\/smartpuller.com\\\/fi\\\/#website\"},\"primaryImageOfPage\":{\"@id\":\"https:\\\/\\\/smartpuller.com\\\/es\\\/saca-golpes-multispot\\\/#primaryimage\"},\"image\":{\"@id\":\"https:\\\/\\\/smartpuller.com\\\/es\\\/saca-golpes-multispot\\\/#primaryimage\"},\"thumbnailUrl\":\"https:\\\/\\\/smartpuller.com\\\/wp-content\\\/uploads\\\/2016\\\/01\\\/dent-pulling_picture1.jpg\",\"datePublished\":\"2016-01-13T09:18:25+00:00\",\"dateModified\":\"2017-11-15T09:26:13+00:00\",\"description\":\"Autorobot Finland has developed a new dent puller called SmartPuller. The new innovation makes the straightening of vehicle panels and box structures faster and more economical.\",\"breadcrumb\":{\"@id\":\"https:\\\/\\\/smartpuller.com\\\/es\\\/saca-golpes-multispot\\\/#breadcrumb\"},\"inLanguage\":\"es\",\"potentialAction\":[{\"@type\":\"ReadAction\",\"target\":[\"https:\\\/\\\/smartpuller.com\\\/es\\\/saca-golpes-multispot\\\/\"]}]},{\"@type\":\"ImageObject\",\"inLanguage\":\"es\",\"@id\":\"https:\\\/\\\/smartpuller.com\\\/es\\\/saca-golpes-multispot\\\/#primaryimage\",\"url\":\"https:\\\/\\\/smartpuller.com\\\/wp-content\\\/uploads\\\/2016\\\/01\\\/dent-pulling_picture1.jpg\",\"contentUrl\":\"https:\\\/\\\/smartpuller.com\\\/wp-content\\\/uploads\\\/2016\\\/01\\\/dent-pulling_picture1.jpg\"},{\"@type\":\"BreadcrumbList\",\"@id\":\"https:\\\/\\\/smartpuller.com\\\/es\\\/saca-golpes-multispot\\\/#breadcrumb\",\"itemListElement\":[{\"@type\":\"ListItem\",\"position\":1,\"name\":\"Home\",\"item\":\"https:\\\/\\\/smartpuller.com\\\/es\\\/\"},{\"@type\":\"ListItem\",\"position\":2,\"name\":\"Saca golpes multispot\"}]},{\"@type\":\"WebSite\",\"@id\":\"https:\\\/\\\/smartpuller.com\\\/fi\\\/#website\",\"url\":\"https:\\\/\\\/smartpuller.com\\\/fi\\\/\",\"name\":\"SmartPuller\",\"description\":\"SmartPuller\",\"potentialAction\":[{\"@type\":\"SearchAction\",\"target\":{\"@type\":\"EntryPoint\",\"urlTemplate\":\"https:\\\/\\\/smartpuller.com\\\/fi\\\/?s={search_term_string}\"},\"query-input\":{\"@type\":\"PropertyValueSpecification\",\"valueRequired\":true,\"valueName\":\"search_term_string\"}}],\"inLanguage\":\"es\"}]}<\/script>\n<!-- \/ Yoast SEO plugin. -->","yoast_head_json":{"title":"Dent puller on castor wheels - SmartPuller","description":"Autorobot Finland has developed a new dent puller called SmartPuller. The new innovation makes the straightening of vehicle panels and box structures faster and more economical.","robots":{"index":"index","follow":"follow","max-snippet":"max-snippet:-1","max-image-preview":"max-image-preview:large","max-video-preview":"max-video-preview:-1"},"canonical":"https:\/\/smartpuller.com\/es\/saca-golpes-multispot\/","og_locale":"es_ES","og_type":"article","og_title":"Dent puller on castor wheels - SmartPuller","og_description":"Autorobot Finland has developed a new dent puller called SmartPuller. The new innovation makes the straightening of vehicle panels and box structures faster and more economical.","og_url":"https:\/\/smartpuller.com\/es\/saca-golpes-multispot\/","og_site_name":"SmartPuller","article_publisher":"https:\/\/www.facebook.com\/smartpuller\/","article_modified_time":"2017-11-15T09:26:13+00:00","og_image":[{"url":"https:\/\/smartpuller.com\/wp-content\/uploads\/2016\/01\/dent-pulling_picture1.jpg","type":"","width":"","height":""}],"twitter_card":"summary_large_image","twitter_misc":{"Tiempo de lectura":"3 minutos"},"schema":{"@context":"https:\/\/schema.org","@graph":[{"@type":"WebPage","@id":"https:\/\/smartpuller.com\/es\/saca-golpes-multispot\/","url":"https:\/\/smartpuller.com\/es\/saca-golpes-multispot\/","name":"Dent puller on castor wheels - SmartPuller","isPartOf":{"@id":"https:\/\/smartpuller.com\/fi\/#website"},"primaryImageOfPage":{"@id":"https:\/\/smartpuller.com\/es\/saca-golpes-multispot\/#primaryimage"},"image":{"@id":"https:\/\/smartpuller.com\/es\/saca-golpes-multispot\/#primaryimage"},"thumbnailUrl":"https:\/\/smartpuller.com\/wp-content\/uploads\/2016\/01\/dent-pulling_picture1.jpg","datePublished":"2016-01-13T09:18:25+00:00","dateModified":"2017-11-15T09:26:13+00:00","description":"Autorobot Finland has developed a new dent puller called SmartPuller. The new innovation makes the straightening of vehicle panels and box structures faster and more economical.","breadcrumb":{"@id":"https:\/\/smartpuller.com\/es\/saca-golpes-multispot\/#breadcrumb"},"inLanguage":"es","potentialAction":[{"@type":"ReadAction","target":["https:\/\/smartpuller.com\/es\/saca-golpes-multispot\/"]}]},{"@type":"ImageObject","inLanguage":"es","@id":"https:\/\/smartpuller.com\/es\/saca-golpes-multispot\/#primaryimage","url":"https:\/\/smartpuller.com\/wp-content\/uploads\/2016\/01\/dent-pulling_picture1.jpg","contentUrl":"https:\/\/smartpuller.com\/wp-content\/uploads\/2016\/01\/dent-pulling_picture1.jpg"},{"@type":"BreadcrumbList","@id":"https:\/\/smartpuller.com\/es\/saca-golpes-multispot\/#breadcrumb","itemListElement":[{"@type":"ListItem","position":1,"name":"Home","item":"https:\/\/smartpuller.com\/es\/"},{"@type":"ListItem","position":2,"name":"Saca golpes multispot"}]},{"@type":"WebSite","@id":"https:\/\/smartpuller.com\/fi\/#website","url":"https:\/\/smartpuller.com\/fi\/","name":"SmartPuller","description":"SmartPuller","potentialAction":[{"@type":"SearchAction","target":{"@type":"EntryPoint","urlTemplate":"https:\/\/smartpuller.com\/fi\/?s={search_term_string}"},"query-input":{"@type":"PropertyValueSpecification","valueRequired":true,"valueName":"search_term_string"}}],"inLanguage":"es"}]}},"_links":{"self":[{"href":"https:\/\/smartpuller.com\/es\/wp-json\/wp\/v2\/pages\/2285","targetHints":{"allow":["GET"]}}],"collection":[{"href":"https:\/\/smartpuller.com\/es\/wp-json\/wp\/v2\/pages"}],"about":[{"href":"https:\/\/smartpuller.com\/es\/wp-json\/wp\/v2\/types\/page"}],"author":[{"embeddable":true,"href":"https:\/\/smartpuller.com\/es\/wp-json\/wp\/v2\/users\/101"}],"replies":[{"embeddable":true,"href":"https:\/\/smartpuller.com\/es\/wp-json\/wp\/v2\/comments?post=2285"}],"version-history":[{"count":0,"href":"https:\/\/smartpuller.com\/es\/wp-json\/wp\/v2\/pages\/2285\/revisions"}],"wp:attachment":[{"href":"https:\/\/smartpuller.com\/es\/wp-json\/wp\/v2\/media?parent=2285"}],"curies":[{"name":"wp","href":"https:\/\/api.w.org\/{rel}","templated":true}]}}