{"id":2282,"date":"2017-09-04T12:16:00","date_gmt":"2017-09-04T09:16:00","guid":{"rendered":"https:\/\/smartpuller.com\/testimonials\/"},"modified":"2018-02-22T13:14:16","modified_gmt":"2018-02-22T11:14:16","slug":"testimonios","status":"publish","type":"page","link":"https:\/\/smartpuller.com\/es\/testimonios\/","title":{"rendered":"Testimonios"},"content":{"rendered":"<div id=\"pl-2282\"  class=\"panel-layout\" ><div id=\"pg-2282-0\"  class=\"panel-grid panel-no-style\" ><div id=\"pgc-2282-0-0\"  class=\"panel-grid-cell\" ><div id=\"panel-2282-0-0-0\" class=\"so-panel widget widget_sow-editor panel-first-child panel-last-child\" data-index=\"0\" ><div\n\t\t\t\n\t\t\tclass=\"so-widget-sow-editor so-widget-sow-editor-base\"\n\t\t\t\n\t\t>\n<div class=\"siteorigin-widget-tinymce textwidget\">\n\t<p>He aqu\u00ed algunos testimonios de nuestros clientes. Favor visitar tambi\u00e9n a sus p\u00e1ginas de Internet para ver como ofertan sus servicios con el mejor equipo de enderezados livianos del mercado.<\/p>\n<\/div>\n<\/div><\/div><\/div><\/div><div id=\"pg-2282-1\"  class=\"panel-grid panel-no-style\" ><div id=\"pgc-2282-1-0\"  class=\"panel-grid-cell\" ><div id=\"panel-2282-1-0-0\" class=\"so-panel widget widget_sow-editor panel-first-child panel-last-child\" data-index=\"1\" ><div\n\t\t\t\n\t\t\tclass=\"so-widget-sow-editor so-widget-sow-editor-base\"\n\t\t\t\n\t\t>\n<div class=\"siteorigin-widget-tinymce textwidget\">\n\t<div class=\"lausunto\">\n<h4>Versatilidad es casi ilimitada<\/h4>\n<p><i>\"He usado SmartPuller m\u00e1s de un a\u00f1o y estoy muy contento con el equipo. Lo estoy usando frecuentemente motivado a que es mejor reparar unas piezas que reemplazarlas y porque su versatilidad es casi ilimitada por los accesorios muy buenos y robustos.  As\u00ed que en caso de que est\u00e9n buscando una herramienta de alta calidad, definitivamente no dudar\u00eda en seleccionarlo.\"<\/i><\/p>\n<p>- R&N bvba., Belgium, <a href=\"http:\/\/www.rnbvba.be\" rel=\"noopener\" target=\"_blank\">www.rnbvba.be<\/a>\n<\/div>\n<\/div>\n<\/div><\/div><\/div><div id=\"pgc-2282-1-1\"  class=\"panel-grid-cell\" ><div id=\"panel-2282-1-1-0\" class=\"so-panel widget widget_sow-editor panel-first-child panel-last-child\" data-index=\"2\" ><div\n\t\t\t\n\t\t\tclass=\"so-widget-sow-editor so-widget-sow-editor-base\"\n\t\t\t\n\t\t>\n<div class=\"siteorigin-widget-tinymce textwidget\">\n\t<div class=\"lausunto\">\n<h4>SmartPuller en uso diario<\/h4>\n<p><i>\"Despu\u00e9s de haber adquirido el SmartPuller, lo hemos usado diariamente y sinceramente ya no podr\u00edamos vivir sin \u00e9l. Lo usamos a todos los trabajos de correcci\u00f3n de las superficies en el taller. Estamos realmente satisfechos con nuestra adquisici\u00f3n lo cual gana lo invertido r\u00e1pidamente.\"<\/i><\/p>\n<p>- Jouni Kaskinen, Autoehoste Kaskinen Oy \/ Lommoluuri, Finlandia,<br \/>\n<a href=\"http:\/\/www.autoehoste.fi\/\" rel=\"noopener\" target=\"_blank\">www.autoehoste.fi<\/a>\n<\/div>\n<\/div>\n<\/div><\/div><\/div><\/div><div id=\"pg-2282-2\"  class=\"panel-grid panel-no-style\" ><div id=\"pgc-2282-2-0\"  class=\"panel-grid-cell panel-grid-cell-mobile-last\" ><div id=\"panel-2282-2-0-0\" class=\"so-panel widget widget_sow-editor panel-first-child panel-last-child\" data-index=\"3\" ><div\n\t\t\t\n\t\t\tclass=\"so-widget-sow-editor so-widget-sow-editor-base\"\n\t\t\t\n\t\t>\n<div class=\"siteorigin-widget-tinymce textwidget\">\n\t<div class=\"lausunto\">\n<h4>Muy buena Compra<\/h4>\n<p><i>\"Realmente muy buena compra. Justo ahora repar\u00e9 un carro destinado a p\u00e9rdida total sin SmartPuller. Nosotros acordamos corregir la superficie con la compa\u00f1\u00eda de seguros para que no tuvi\u00e9ramos que cambiar el parafango trasero completo del veh\u00edculo.\"<\/i><\/p>\n<p>- Kari Lecklin, Haminan Autoapu, Finlandia,<br \/>\n<a href=\"http:\/\/www.haminanautoapu.fi\" rel=\"noopener\" target=\"_blank\">www.haminanautoapu.fi<\/a>\n<\/div>\n<\/div>\n<\/div><\/div><\/div><div id=\"pgc-2282-2-1\"  class=\"panel-grid-cell panel-grid-cell-empty\" ><\/div><\/div><\/div>","protected":false},"excerpt":{"rendered":"<p>He aqu\u00ed algunos testimonios de nuestros clientes. Favor visitar tambi\u00e9n a sus p\u00e1ginas de Internet para ver como ofertan sus servicios con el mejor equipo de enderezados livianos del mercado. Versatilidad es casi ilimitada \u00abHe usado SmartPuller m\u00e1s de un a\u00f1o y estoy muy contento con el equipo. Lo estoy usando frecuentemente motivado a que [&hellip;]<\/p>\n","protected":false},"author":101,"featured_media":0,"parent":0,"menu_order":0,"comment_status":"closed","ping_status":"closed","template":"","meta":{"_genesis_hide_title":false,"_genesis_hide_breadcrumbs":false,"_genesis_hide_singular_image":false,"_genesis_hide_footer_widgets":false,"_genesis_custom_body_class":"","_genesis_custom_post_class":"","_genesis_layout":"","footnotes":""},"class_list":{"0":"post-2282","1":"page","2":"type-page","3":"status-publish","5":"entry"},"yoast_head":"<!-- This site is optimized with the Yoast SEO plugin v27.4 - https:\/\/yoast.com\/product\/yoast-seo-wordpress\/ -->\n<title>Testimonios<\/title>\n<meta name=\"description\" content=\"He aqu\u00ed algunos testimonios de nuestros clientes. Favor visitar tambi\u00e9n a sus p\u00e1ginas de Internet para ver como ofertan sus servicios con el mejor equipo\" \/>\n<meta name=\"robots\" content=\"index, follow, max-snippet:-1, max-image-preview:large, max-video-preview:-1\" \/>\n<link rel=\"canonical\" href=\"https:\/\/smartpuller.com\/es\/testimonios\/\" \/>\n<meta property=\"og:locale\" content=\"es_ES\" \/>\n<meta property=\"og:type\" content=\"article\" \/>\n<meta property=\"og:title\" content=\"Testimonios\" \/>\n<meta property=\"og:description\" content=\"He aqu\u00ed algunos testimonios de nuestros clientes. Favor visitar tambi\u00e9n a sus p\u00e1ginas de Internet para ver como ofertan sus servicios con el mejor equipo\" \/>\n<meta property=\"og:url\" content=\"https:\/\/smartpuller.com\/es\/testimonios\/\" \/>\n<meta property=\"og:site_name\" content=\"SmartPuller\" \/>\n<meta property=\"article:publisher\" content=\"https:\/\/www.facebook.com\/smartpuller\/\" \/>\n<meta property=\"article:modified_time\" content=\"2018-02-22T11:14:16+00:00\" \/>\n<meta name=\"twitter:card\" content=\"summary_large_image\" \/>\n<meta name=\"twitter:label1\" content=\"Tiempo de lectura\" \/>\n\t<meta name=\"twitter:data1\" content=\"1 minuto\" \/>\n<script type=\"application\/ld+json\" class=\"yoast-schema-graph\">{\"@context\":\"https:\\\/\\\/schema.org\",\"@graph\":[{\"@type\":\"WebPage\",\"@id\":\"https:\\\/\\\/smartpuller.com\\\/es\\\/testimonios\\\/\",\"url\":\"https:\\\/\\\/smartpuller.com\\\/es\\\/testimonios\\\/\",\"name\":\"Testimonios\",\"isPartOf\":{\"@id\":\"https:\\\/\\\/smartpuller.com\\\/fi\\\/#website\"},\"datePublished\":\"2017-09-04T09:16:00+00:00\",\"dateModified\":\"2018-02-22T11:14:16+00:00\",\"description\":\"He aqu\u00ed algunos testimonios de nuestros clientes. Favor visitar tambi\u00e9n a sus p\u00e1ginas de Internet para ver como ofertan sus servicios con el mejor equipo\",\"breadcrumb\":{\"@id\":\"https:\\\/\\\/smartpuller.com\\\/es\\\/testimonios\\\/#breadcrumb\"},\"inLanguage\":\"es\",\"potentialAction\":[{\"@type\":\"ReadAction\",\"target\":[\"https:\\\/\\\/smartpuller.com\\\/es\\\/testimonios\\\/\"]}]},{\"@type\":\"BreadcrumbList\",\"@id\":\"https:\\\/\\\/smartpuller.com\\\/es\\\/testimonios\\\/#breadcrumb\",\"itemListElement\":[{\"@type\":\"ListItem\",\"position\":1,\"name\":\"Home\",\"item\":\"https:\\\/\\\/smartpuller.com\\\/es\\\/\"},{\"@type\":\"ListItem\",\"position\":2,\"name\":\"Testimonios\"}]},{\"@type\":\"WebSite\",\"@id\":\"https:\\\/\\\/smartpuller.com\\\/fi\\\/#website\",\"url\":\"https:\\\/\\\/smartpuller.com\\\/fi\\\/\",\"name\":\"SmartPuller\",\"description\":\"SmartPuller\",\"potentialAction\":[{\"@type\":\"SearchAction\",\"target\":{\"@type\":\"EntryPoint\",\"urlTemplate\":\"https:\\\/\\\/smartpuller.com\\\/fi\\\/?s={search_term_string}\"},\"query-input\":{\"@type\":\"PropertyValueSpecification\",\"valueRequired\":true,\"valueName\":\"search_term_string\"}}],\"inLanguage\":\"es\"}]}<\/script>\n<!-- \/ Yoast SEO plugin. -->","yoast_head_json":{"title":"Testimonios","description":"He aqu\u00ed algunos testimonios de nuestros clientes. Favor visitar tambi\u00e9n a sus p\u00e1ginas de Internet para ver como ofertan sus servicios con el mejor equipo","robots":{"index":"index","follow":"follow","max-snippet":"max-snippet:-1","max-image-preview":"max-image-preview:large","max-video-preview":"max-video-preview:-1"},"canonical":"https:\/\/smartpuller.com\/es\/testimonios\/","og_locale":"es_ES","og_type":"article","og_title":"Testimonios","og_description":"He aqu\u00ed algunos testimonios de nuestros clientes. Favor visitar tambi\u00e9n a sus p\u00e1ginas de Internet para ver como ofertan sus servicios con el mejor equipo","og_url":"https:\/\/smartpuller.com\/es\/testimonios\/","og_site_name":"SmartPuller","article_publisher":"https:\/\/www.facebook.com\/smartpuller\/","article_modified_time":"2018-02-22T11:14:16+00:00","twitter_card":"summary_large_image","twitter_misc":{"Tiempo de lectura":"1 minuto"},"schema":{"@context":"https:\/\/schema.org","@graph":[{"@type":"WebPage","@id":"https:\/\/smartpuller.com\/es\/testimonios\/","url":"https:\/\/smartpuller.com\/es\/testimonios\/","name":"Testimonios","isPartOf":{"@id":"https:\/\/smartpuller.com\/fi\/#website"},"datePublished":"2017-09-04T09:16:00+00:00","dateModified":"2018-02-22T11:14:16+00:00","description":"He aqu\u00ed algunos testimonios de nuestros clientes. Favor visitar tambi\u00e9n a sus p\u00e1ginas de Internet para ver como ofertan sus servicios con el mejor equipo","breadcrumb":{"@id":"https:\/\/smartpuller.com\/es\/testimonios\/#breadcrumb"},"inLanguage":"es","potentialAction":[{"@type":"ReadAction","target":["https:\/\/smartpuller.com\/es\/testimonios\/"]}]},{"@type":"BreadcrumbList","@id":"https:\/\/smartpuller.com\/es\/testimonios\/#breadcrumb","itemListElement":[{"@type":"ListItem","position":1,"name":"Home","item":"https:\/\/smartpuller.com\/es\/"},{"@type":"ListItem","position":2,"name":"Testimonios"}]},{"@type":"WebSite","@id":"https:\/\/smartpuller.com\/fi\/#website","url":"https:\/\/smartpuller.com\/fi\/","name":"SmartPuller","description":"SmartPuller","potentialAction":[{"@type":"SearchAction","target":{"@type":"EntryPoint","urlTemplate":"https:\/\/smartpuller.com\/fi\/?s={search_term_string}"},"query-input":{"@type":"PropertyValueSpecification","valueRequired":true,"valueName":"search_term_string"}}],"inLanguage":"es"}]}},"_links":{"self":[{"href":"https:\/\/smartpuller.com\/es\/wp-json\/wp\/v2\/pages\/2282","targetHints":{"allow":["GET"]}}],"collection":[{"href":"https:\/\/smartpuller.com\/es\/wp-json\/wp\/v2\/pages"}],"about":[{"href":"https:\/\/smartpuller.com\/es\/wp-json\/wp\/v2\/types\/page"}],"author":[{"embeddable":true,"href":"https:\/\/smartpuller.com\/es\/wp-json\/wp\/v2\/users\/101"}],"replies":[{"embeddable":true,"href":"https:\/\/smartpuller.com\/es\/wp-json\/wp\/v2\/comments?post=2282"}],"version-history":[{"count":0,"href":"https:\/\/smartpuller.com\/es\/wp-json\/wp\/v2\/pages\/2282\/revisions"}],"wp:attachment":[{"href":"https:\/\/smartpuller.com\/es\/wp-json\/wp\/v2\/media?parent=2282"}],"curies":[{"name":"wp","href":"https:\/\/api.w.org\/{rel}","templated":true}]}}