{"id":2277,"date":"2016-01-13T11:24:08","date_gmt":"2016-01-13T09:24:08","guid":{"rendered":"https:\/\/smartpuller.com\/contacto\/company\/"},"modified":"2017-11-30T09:54:51","modified_gmt":"2017-11-30T07:54:51","slug":"compania","status":"publish","type":"page","link":"https:\/\/smartpuller.com\/es\/contacto\/compania\/","title":{"rendered":"Compa\u00f1\u00eda"},"content":{"rendered":"<div id=\"pl-2277\"  class=\"panel-layout\" ><div id=\"pg-2277-0\"  class=\"panel-grid panel-no-style\" ><div id=\"pgc-2277-0-0\"  class=\"panel-grid-cell\" ><div id=\"panel-2277-0-0-0\" class=\"so-panel widget widget_sow-editor panel-first-child panel-last-child\" data-index=\"0\" ><div\n\t\t\t\n\t\t\tclass=\"so-widget-sow-editor so-widget-sow-editor-base\"\n\t\t\t\n\t\t>\n<div class=\"siteorigin-widget-tinymce textwidget\">\n\t<h3>Autorobot Finland Oy<\/h3>\n<\/div>\n<\/div><\/div><\/div><\/div><div id=\"pg-2277-1\"  class=\"panel-grid panel-no-style\" ><div id=\"pgc-2277-1-0\"  class=\"panel-grid-cell\" ><div id=\"panel-2277-1-0-0\" class=\"so-panel widget widget_sow-editor panel-first-child panel-last-child\" data-index=\"1\" ><div\n\t\t\t\n\t\t\tclass=\"so-widget-sow-editor so-widget-sow-editor-base\"\n\t\t\t\n\t\t>\n<div class=\"siteorigin-widget-tinymce textwidget\">\n\t<p>Nuestra compa\u00f1\u00eda, Autorobot Finland Oy dise\u00f1a, fabrica y vende equipos y sistemas para enderezar y medir veh\u00edculos chocados. Durante los \u00faltimos 30 a\u00f1os nuestra empresa ha tra\u00eddo varios nuevos m\u00e9todos para la industria de reparaci\u00f3n de los veh\u00edculos. Nuestros productos est\u00e1n protegidos por m\u00e1s 60 patentes. El rango de nuestros productos consiste en diferentes tama\u00f1os de los equipos tanto para los peque\u00f1os como los grandes talleres. La rapidez de enderezamiento  y la alta calidad de nuestros productos son las caracter\u00edsticas de todos nuestros modelos. Los Equipos de Autorobot se usan en seis continentes en m\u00e1s de 70 pa\u00edses. Apr\u00f3ximadamente 80 % de nuestros equipos van para exportaci\u00f3n.<\/p>\n<p>Autorobot Finland Oy se mantiene en vanguardia de las innovaciones. Continuaremos desarrollando m\u00e9todos y equipos para la industria de reparaci\u00f3n de los veh\u00edculos. Nosotros hemos introducido como primeros varios dise\u00f1os nuevos de los cuales muchos han sido adoptados por la industria. Creemos firmemente en que nuestra pol\u00edtica de relaciones con los clientes es el fundamento para nuestro crecimiento y \u00e9xitos.<\/p>\n<\/div>\n<\/div><\/div><\/div><div id=\"pgc-2277-1-1\"  class=\"panel-grid-cell\" ><div id=\"panel-2277-1-1-0\" class=\"so-panel widget widget_sow-editor panel-first-child panel-last-child\" data-index=\"2\" ><div\n\t\t\t\n\t\t\tclass=\"so-widget-sow-editor so-widget-sow-editor-base\"\n\t\t\t\n\t\t>\n<div class=\"siteorigin-widget-tinymce textwidget\">\n\t<p><a href=\"https:\/\/smartpuller.com\/\/wp-content\/uploads\/2016\/02\/Autorobot.jpg\" rel=\"attachment wp-att-713 lightbox\" data-rel=\"lightbox-image-0\" data-rl_title=\"\" data-rl_caption=\"\" title=\"\"><img loading=\"lazy\" decoding=\"async\" class=\"alignnone size-full wp-image-713\" src=\"https:\/\/smartpuller.com\/\/wp-content\/uploads\/2016\/02\/Autorobot.jpg\" alt=\"Autorobot\" width=\"600\" height=\"369\" srcset=\"https:\/\/smartpuller.com\/wp-content\/uploads\/2016\/02\/Autorobot.jpg 600w, https:\/\/smartpuller.com\/wp-content\/uploads\/2016\/02\/Autorobot-300x185.jpg 300w\" sizes=\"auto, (max-width: 600px) 100vw, 600px\" \/><\/a><br \/>\n<a href=\"http:\/\/www.autorobot.com\/video\/autorobot.wmv\">\u00bb Watch Company Presentation Video<\/a> (WMV-stream, size 6MB)<\/p>\n<\/div>\n<\/div><\/div><\/div><\/div><div id=\"pg-2277-2\"  class=\"panel-grid panel-no-style\" ><div id=\"pgc-2277-2-0\"  class=\"panel-grid-cell\" ><div id=\"panel-2277-2-0-0\" class=\"so-panel widget widget_sow-editor panel-first-child panel-last-child\" data-index=\"3\" ><div\n\t\t\t\n\t\t\tclass=\"so-widget-sow-editor so-widget-sow-editor-base\"\n\t\t\t\n\t\t>\n<div class=\"siteorigin-widget-tinymce textwidget\">\n\t<p>Learn more:<br \/>\n<a href=\"https:\/\/www.autorobot.com\/autorobot\/history\" target=\"_blank\">\u00bb History of Autorobot Finland Oy<\/a><br \/>\n<a href=\"https:\/\/www.autorobot.com\/autorobot\/awards\" target=\"_blank\">\u00bb Awards of Autorobot Finland Oy<\/a><\/p>\n<\/div>\n<\/div><\/div><\/div><\/div><\/div>","protected":false},"excerpt":{"rendered":"<p>Autorobot Finland Oy Nuestra compa\u00f1\u00eda, Autorobot Finland Oy dise\u00f1a, fabrica y vende equipos y sistemas para enderezar y medir veh\u00edculos chocados. Durante los \u00faltimos 30 a\u00f1os nuestra empresa ha tra\u00eddo varios nuevos m\u00e9todos para la industria de reparaci\u00f3n de los veh\u00edculos. Nuestros productos est\u00e1n protegidos por m\u00e1s 60 patentes. El rango de nuestros productos consiste [&hellip;]<\/p>\n","protected":false},"author":101,"featured_media":0,"parent":2215,"menu_order":520,"comment_status":"closed","ping_status":"closed","template":"","meta":{"_genesis_hide_title":false,"_genesis_hide_breadcrumbs":false,"_genesis_hide_singular_image":false,"_genesis_hide_footer_widgets":false,"_genesis_custom_body_class":"","_genesis_custom_post_class":"","_genesis_layout":"","footnotes":""},"class_list":{"0":"post-2277","1":"page","2":"type-page","3":"status-publish","5":"entry"},"yoast_head":"<!-- This site is optimized with the Yoast SEO plugin v27.4 - https:\/\/yoast.com\/product\/yoast-seo-wordpress\/ -->\n<title>SmartPuller is a brand of known manufacturing company Autorobot Finland Oy<\/title>\n<meta name=\"description\" content=\"Autorobot Finland Oy designs, manufactures and markets auto body collision repair equipment and measuring systems for repairing collision-damaged vehicles.\" \/>\n<meta name=\"robots\" content=\"index, follow, max-snippet:-1, max-image-preview:large, max-video-preview:-1\" \/>\n<link rel=\"canonical\" href=\"https:\/\/smartpuller.com\/es\/contacto\/compania\/\" \/>\n<meta property=\"og:locale\" content=\"es_ES\" \/>\n<meta property=\"og:type\" content=\"article\" \/>\n<meta property=\"og:title\" content=\"SmartPuller is a brand of known manufacturing company Autorobot Finland Oy\" \/>\n<meta property=\"og:description\" content=\"Autorobot Finland Oy designs, manufactures and markets auto body collision repair equipment and measuring systems for repairing collision-damaged vehicles.\" \/>\n<meta property=\"og:url\" content=\"https:\/\/smartpuller.com\/es\/contacto\/compania\/\" \/>\n<meta property=\"og:site_name\" content=\"SmartPuller\" \/>\n<meta property=\"article:publisher\" content=\"https:\/\/www.facebook.com\/smartpuller\/\" \/>\n<meta property=\"article:modified_time\" content=\"2017-11-30T07:54:51+00:00\" \/>\n<meta property=\"og:image\" content=\"https:\/\/smartpuller.com\/\/wp-content\/uploads\/2016\/02\/Autorobot.jpg\" \/>\n<meta name=\"twitter:card\" content=\"summary_large_image\" \/>\n<meta name=\"twitter:label1\" content=\"Tiempo de lectura\" \/>\n\t<meta name=\"twitter:data1\" content=\"1 minuto\" \/>\n<script type=\"application\/ld+json\" class=\"yoast-schema-graph\">{\"@context\":\"https:\\\/\\\/schema.org\",\"@graph\":[{\"@type\":\"WebPage\",\"@id\":\"https:\\\/\\\/smartpuller.com\\\/es\\\/contacto\\\/compania\\\/\",\"url\":\"https:\\\/\\\/smartpuller.com\\\/es\\\/contacto\\\/compania\\\/\",\"name\":\"SmartPuller is a brand of known manufacturing company Autorobot Finland Oy\",\"isPartOf\":{\"@id\":\"https:\\\/\\\/smartpuller.com\\\/fi\\\/#website\"},\"primaryImageOfPage\":{\"@id\":\"https:\\\/\\\/smartpuller.com\\\/es\\\/contacto\\\/compania\\\/#primaryimage\"},\"image\":{\"@id\":\"https:\\\/\\\/smartpuller.com\\\/es\\\/contacto\\\/compania\\\/#primaryimage\"},\"thumbnailUrl\":\"https:\\\/\\\/smartpuller.com\\\/\\\/wp-content\\\/uploads\\\/2016\\\/02\\\/Autorobot.jpg\",\"datePublished\":\"2016-01-13T09:24:08+00:00\",\"dateModified\":\"2017-11-30T07:54:51+00:00\",\"description\":\"Autorobot Finland Oy designs, manufactures and markets auto body collision repair equipment and measuring systems for repairing collision-damaged vehicles.\",\"breadcrumb\":{\"@id\":\"https:\\\/\\\/smartpuller.com\\\/es\\\/contacto\\\/compania\\\/#breadcrumb\"},\"inLanguage\":\"es\",\"potentialAction\":[{\"@type\":\"ReadAction\",\"target\":[\"https:\\\/\\\/smartpuller.com\\\/es\\\/contacto\\\/compania\\\/\"]}]},{\"@type\":\"ImageObject\",\"inLanguage\":\"es\",\"@id\":\"https:\\\/\\\/smartpuller.com\\\/es\\\/contacto\\\/compania\\\/#primaryimage\",\"url\":\"https:\\\/\\\/smartpuller.com\\\/\\\/wp-content\\\/uploads\\\/2016\\\/02\\\/Autorobot.jpg\",\"contentUrl\":\"https:\\\/\\\/smartpuller.com\\\/\\\/wp-content\\\/uploads\\\/2016\\\/02\\\/Autorobot.jpg\"},{\"@type\":\"BreadcrumbList\",\"@id\":\"https:\\\/\\\/smartpuller.com\\\/es\\\/contacto\\\/compania\\\/#breadcrumb\",\"itemListElement\":[{\"@type\":\"ListItem\",\"position\":1,\"name\":\"Home\",\"item\":\"https:\\\/\\\/smartpuller.com\\\/es\\\/\"},{\"@type\":\"ListItem\",\"position\":2,\"name\":\"Contacto\",\"item\":\"https:\\\/\\\/smartpuller.com\\\/es\\\/contacto\\\/\"},{\"@type\":\"ListItem\",\"position\":3,\"name\":\"Compa\u00f1\u00eda\"}]},{\"@type\":\"WebSite\",\"@id\":\"https:\\\/\\\/smartpuller.com\\\/fi\\\/#website\",\"url\":\"https:\\\/\\\/smartpuller.com\\\/fi\\\/\",\"name\":\"SmartPuller\",\"description\":\"SmartPuller\",\"potentialAction\":[{\"@type\":\"SearchAction\",\"target\":{\"@type\":\"EntryPoint\",\"urlTemplate\":\"https:\\\/\\\/smartpuller.com\\\/fi\\\/?s={search_term_string}\"},\"query-input\":{\"@type\":\"PropertyValueSpecification\",\"valueRequired\":true,\"valueName\":\"search_term_string\"}}],\"inLanguage\":\"es\"}]}<\/script>\n<!-- \/ Yoast SEO plugin. -->","yoast_head_json":{"title":"SmartPuller is a brand of known manufacturing company Autorobot Finland Oy","description":"Autorobot Finland Oy designs, manufactures and markets auto body collision repair equipment and measuring systems for repairing collision-damaged vehicles.","robots":{"index":"index","follow":"follow","max-snippet":"max-snippet:-1","max-image-preview":"max-image-preview:large","max-video-preview":"max-video-preview:-1"},"canonical":"https:\/\/smartpuller.com\/es\/contacto\/compania\/","og_locale":"es_ES","og_type":"article","og_title":"SmartPuller is a brand of known manufacturing company Autorobot Finland Oy","og_description":"Autorobot Finland Oy designs, manufactures and markets auto body collision repair equipment and measuring systems for repairing collision-damaged vehicles.","og_url":"https:\/\/smartpuller.com\/es\/contacto\/compania\/","og_site_name":"SmartPuller","article_publisher":"https:\/\/www.facebook.com\/smartpuller\/","article_modified_time":"2017-11-30T07:54:51+00:00","og_image":[{"url":"https:\/\/smartpuller.com\/\/wp-content\/uploads\/2016\/02\/Autorobot.jpg","type":"","width":"","height":""}],"twitter_card":"summary_large_image","twitter_misc":{"Tiempo de lectura":"1 minuto"},"schema":{"@context":"https:\/\/schema.org","@graph":[{"@type":"WebPage","@id":"https:\/\/smartpuller.com\/es\/contacto\/compania\/","url":"https:\/\/smartpuller.com\/es\/contacto\/compania\/","name":"SmartPuller is a brand of known manufacturing company Autorobot Finland Oy","isPartOf":{"@id":"https:\/\/smartpuller.com\/fi\/#website"},"primaryImageOfPage":{"@id":"https:\/\/smartpuller.com\/es\/contacto\/compania\/#primaryimage"},"image":{"@id":"https:\/\/smartpuller.com\/es\/contacto\/compania\/#primaryimage"},"thumbnailUrl":"https:\/\/smartpuller.com\/\/wp-content\/uploads\/2016\/02\/Autorobot.jpg","datePublished":"2016-01-13T09:24:08+00:00","dateModified":"2017-11-30T07:54:51+00:00","description":"Autorobot Finland Oy designs, manufactures and markets auto body collision repair equipment and measuring systems for repairing collision-damaged vehicles.","breadcrumb":{"@id":"https:\/\/smartpuller.com\/es\/contacto\/compania\/#breadcrumb"},"inLanguage":"es","potentialAction":[{"@type":"ReadAction","target":["https:\/\/smartpuller.com\/es\/contacto\/compania\/"]}]},{"@type":"ImageObject","inLanguage":"es","@id":"https:\/\/smartpuller.com\/es\/contacto\/compania\/#primaryimage","url":"https:\/\/smartpuller.com\/\/wp-content\/uploads\/2016\/02\/Autorobot.jpg","contentUrl":"https:\/\/smartpuller.com\/\/wp-content\/uploads\/2016\/02\/Autorobot.jpg"},{"@type":"BreadcrumbList","@id":"https:\/\/smartpuller.com\/es\/contacto\/compania\/#breadcrumb","itemListElement":[{"@type":"ListItem","position":1,"name":"Home","item":"https:\/\/smartpuller.com\/es\/"},{"@type":"ListItem","position":2,"name":"Contacto","item":"https:\/\/smartpuller.com\/es\/contacto\/"},{"@type":"ListItem","position":3,"name":"Compa\u00f1\u00eda"}]},{"@type":"WebSite","@id":"https:\/\/smartpuller.com\/fi\/#website","url":"https:\/\/smartpuller.com\/fi\/","name":"SmartPuller","description":"SmartPuller","potentialAction":[{"@type":"SearchAction","target":{"@type":"EntryPoint","urlTemplate":"https:\/\/smartpuller.com\/fi\/?s={search_term_string}"},"query-input":{"@type":"PropertyValueSpecification","valueRequired":true,"valueName":"search_term_string"}}],"inLanguage":"es"}]}},"_links":{"self":[{"href":"https:\/\/smartpuller.com\/es\/wp-json\/wp\/v2\/pages\/2277","targetHints":{"allow":["GET"]}}],"collection":[{"href":"https:\/\/smartpuller.com\/es\/wp-json\/wp\/v2\/pages"}],"about":[{"href":"https:\/\/smartpuller.com\/es\/wp-json\/wp\/v2\/types\/page"}],"author":[{"embeddable":true,"href":"https:\/\/smartpuller.com\/es\/wp-json\/wp\/v2\/users\/101"}],"replies":[{"embeddable":true,"href":"https:\/\/smartpuller.com\/es\/wp-json\/wp\/v2\/comments?post=2277"}],"version-history":[{"count":0,"href":"https:\/\/smartpuller.com\/es\/wp-json\/wp\/v2\/pages\/2277\/revisions"}],"up":[{"embeddable":true,"href":"https:\/\/smartpuller.com\/es\/wp-json\/wp\/v2\/pages\/2215"}],"wp:attachment":[{"href":"https:\/\/smartpuller.com\/es\/wp-json\/wp\/v2\/media?parent=2277"}],"curies":[{"name":"wp","href":"https:\/\/api.w.org\/{rel}","templated":true}]}}