{"id":2271,"date":"2017-09-01T08:28:28","date_gmt":"2017-09-01T05:28:28","guid":{"rendered":"https:\/\/smartpuller.com\/informacion\/warranty\/warranty-policy\/"},"modified":"2019-07-09T13:17:42","modified_gmt":"2019-07-09T10:17:42","slug":"politica-de-garantia","status":"publish","type":"page","link":"https:\/\/smartpuller.com\/es\/informacion\/garantia\/politica-de-garantia\/","title":{"rendered":"Pol\u00edtica de Garant\u00eda"},"content":{"rendered":"<div id=\"takuusymbolit\" class=\"alignright\"><img loading=\"lazy\" decoding=\"async\" class=\"alignnone size-full wp-image-2843\" src=\"https:\/\/smartpuller.com\/wp-content\/uploads\/2017\/10\/warranty2_spa.png\" alt=\"\" width=\"180\" height=\"282\" \/><\/div>\n<p>SmartPuller fabricado por Autorobot Finland tiene una garant\u00eda contra los defectos de materiales y manufactura. La garant\u00eda es v\u00e1lida por dos (2) a\u00f1os para las estructuras y partes met\u00e1licas y un a\u00f1o (1) para los consumibles desde la fecha de despacho. Su garant\u00eda se puede extender a cinco (5) a\u00f1os para las estructuras y partes met\u00e1licas y por dos (2) a\u00f1os para los consumibles registrando en l\u00ednea su equipo nuevo en <a href=\"\/?page_id=2266\">https:\/\/smartpuller.com\/es\/informacion\/garantia\/<\/a>. El registro debe ser hecho dentro de los 30 d\u00edas despu\u00e9s de haber recibido el producto. Esta garant\u00eda se aplica solamente a los productos adquiridos desde en Distribuidor Autorizado \u00f3 directamente desde Autorobot Finland Oy.<br \/>\nLos consumibles son el brazo de tracci\u00f3n, todas las manillas y partes pl\u00e1sticas y de goma. Todas las partes da\u00f1adas bajo la garant\u00eda se cambien por unas nuevas sin costo alguno.<\/p>\n<h4>La garant\u00eda no cubre \u00f3 no aplica para lo siguiente:<\/h4>\n<ol>\n<li>DLos da\u00f1os causados por manejo no apropiado \u00f3 negligente, sobrecargando u omitiendo las instrucciones.<\/li>\n<li>Cambios causados por desgaste normal \u00f3 da\u00f1os cosm\u00e9ticos como raspaduras, manchas, cambio de color etc.<\/li>\n<li>Productos modificados sin autorizaci\u00f3n del fabricante.<\/li>\n<li>Costos sobre tiempo \u00f3 pagos de Domingos.<\/li>\n<li>Da\u00f1os indirectos.<\/li>\n<li>Gastos de viaje \u00f3 costos de flete causados por la reposici\u00f3n de la garant\u00eda.<\/li>\n<\/ol>\n<p>El da\u00f1o al producto debe ser notificado inmediatamente al fabricante durante el periodo de la garant\u00eda.<\/p>\n<p>Autorobot Finland Oy, Yritt\u00e4j\u00e4ntie 23, 70150 Kuopio<br \/>\nTel. 010 322 5711 \/ 050 408 0937<br \/>\nEmail: <a href=\"mailto:info@smartpuller.com\">info@smartpuller.com<\/a><br \/>\n<a href=\"https:\/\/smartpuller.com\">www.smartpuller.com<\/a><\/p>\n","protected":false},"excerpt":{"rendered":"<p>SmartPuller fabricado por Autorobot Finland tiene una garant\u00eda contra los defectos de materiales y manufactura. La garant\u00eda es v\u00e1lida por dos (2) a\u00f1os para las estructuras y partes met\u00e1licas y un a\u00f1o (1) para los consumibles desde la fecha de despacho. Su garant\u00eda se puede extender a cinco (5) a\u00f1os para las estructuras y partes [&hellip;]<\/p>\n","protected":false},"author":101,"featured_media":0,"parent":2266,"menu_order":0,"comment_status":"closed","ping_status":"closed","template":"","meta":{"_genesis_hide_title":false,"_genesis_hide_breadcrumbs":false,"_genesis_hide_singular_image":false,"_genesis_hide_footer_widgets":false,"_genesis_custom_body_class":"","_genesis_custom_post_class":"","_genesis_layout":"","footnotes":""},"class_list":{"0":"post-2271","1":"page","2":"type-page","3":"status-publish","5":"entry"},"yoast_head":"<!-- This site is optimized with the Yoast SEO plugin v27.4 - https:\/\/yoast.com\/product\/yoast-seo-wordpress\/ -->\n<title>Pol\u00edtica de Garant\u00eda<\/title>\n<meta name=\"description\" content=\"SmartPuller fabricado por Autorobot Finland tiene una garant\u00eda contra los defectos de materiales y manufactura. La garant\u00eda es v\u00e1lida por dos (2) a\u00f1os\" \/>\n<meta name=\"robots\" content=\"index, follow, max-snippet:-1, max-image-preview:large, max-video-preview:-1\" \/>\n<link rel=\"canonical\" href=\"https:\/\/smartpuller.com\/es\/informacion\/garantia\/politica-de-garantia\/\" \/>\n<meta property=\"og:locale\" content=\"es_ES\" \/>\n<meta property=\"og:type\" content=\"article\" \/>\n<meta property=\"og:title\" content=\"Pol\u00edtica de Garant\u00eda\" \/>\n<meta property=\"og:description\" content=\"SmartPuller fabricado por Autorobot Finland tiene una garant\u00eda contra los defectos de materiales y manufactura. La garant\u00eda es v\u00e1lida por dos (2) a\u00f1os\" \/>\n<meta property=\"og:url\" content=\"https:\/\/smartpuller.com\/es\/informacion\/garantia\/politica-de-garantia\/\" \/>\n<meta property=\"og:site_name\" content=\"SmartPuller\" \/>\n<meta property=\"article:publisher\" content=\"https:\/\/www.facebook.com\/smartpuller\/\" \/>\n<meta property=\"article:modified_time\" content=\"2019-07-09T10:17:42+00:00\" \/>\n<meta property=\"og:image\" content=\"https:\/\/smartpuller.com\/wp-content\/uploads\/2017\/10\/warranty2_spa.png\" \/>\n<meta name=\"twitter:card\" content=\"summary_large_image\" \/>\n<meta name=\"twitter:label1\" content=\"Tiempo de lectura\" \/>\n\t<meta name=\"twitter:data1\" content=\"1 minuto\" \/>\n<script type=\"application\/ld+json\" class=\"yoast-schema-graph\">{\"@context\":\"https:\\\/\\\/schema.org\",\"@graph\":[{\"@type\":\"WebPage\",\"@id\":\"https:\\\/\\\/smartpuller.com\\\/es\\\/informacion\\\/garantia\\\/politica-de-garantia\\\/\",\"url\":\"https:\\\/\\\/smartpuller.com\\\/es\\\/informacion\\\/garantia\\\/politica-de-garantia\\\/\",\"name\":\"Pol\u00edtica de Garant\u00eda\",\"isPartOf\":{\"@id\":\"https:\\\/\\\/smartpuller.com\\\/fi\\\/#website\"},\"primaryImageOfPage\":{\"@id\":\"https:\\\/\\\/smartpuller.com\\\/es\\\/informacion\\\/garantia\\\/politica-de-garantia\\\/#primaryimage\"},\"image\":{\"@id\":\"https:\\\/\\\/smartpuller.com\\\/es\\\/informacion\\\/garantia\\\/politica-de-garantia\\\/#primaryimage\"},\"thumbnailUrl\":\"https:\\\/\\\/smartpuller.com\\\/wp-content\\\/uploads\\\/2017\\\/10\\\/warranty2_spa.png\",\"datePublished\":\"2017-09-01T05:28:28+00:00\",\"dateModified\":\"2019-07-09T10:17:42+00:00\",\"description\":\"SmartPuller fabricado por Autorobot Finland tiene una garant\u00eda contra los defectos de materiales y manufactura. La garant\u00eda es v\u00e1lida por dos (2) a\u00f1os\",\"breadcrumb\":{\"@id\":\"https:\\\/\\\/smartpuller.com\\\/es\\\/informacion\\\/garantia\\\/politica-de-garantia\\\/#breadcrumb\"},\"inLanguage\":\"es\",\"potentialAction\":[{\"@type\":\"ReadAction\",\"target\":[\"https:\\\/\\\/smartpuller.com\\\/es\\\/informacion\\\/garantia\\\/politica-de-garantia\\\/\"]}]},{\"@type\":\"ImageObject\",\"inLanguage\":\"es\",\"@id\":\"https:\\\/\\\/smartpuller.com\\\/es\\\/informacion\\\/garantia\\\/politica-de-garantia\\\/#primaryimage\",\"url\":\"https:\\\/\\\/smartpuller.com\\\/wp-content\\\/uploads\\\/2017\\\/10\\\/warranty2_spa.png\",\"contentUrl\":\"https:\\\/\\\/smartpuller.com\\\/wp-content\\\/uploads\\\/2017\\\/10\\\/warranty2_spa.png\"},{\"@type\":\"BreadcrumbList\",\"@id\":\"https:\\\/\\\/smartpuller.com\\\/es\\\/informacion\\\/garantia\\\/politica-de-garantia\\\/#breadcrumb\",\"itemListElement\":[{\"@type\":\"ListItem\",\"position\":1,\"name\":\"Home\",\"item\":\"https:\\\/\\\/smartpuller.com\\\/es\\\/\"},{\"@type\":\"ListItem\",\"position\":2,\"name\":\"Informaci\u00f3n\",\"item\":\"https:\\\/\\\/smartpuller.com\\\/es\\\/informacion\\\/\"},{\"@type\":\"ListItem\",\"position\":3,\"name\":\"Garant\u00eda SmartPuller\",\"item\":\"https:\\\/\\\/smartpuller.com\\\/es\\\/informacion\\\/garantia\\\/\"},{\"@type\":\"ListItem\",\"position\":4,\"name\":\"Pol\u00edtica de Garant\u00eda\"}]},{\"@type\":\"WebSite\",\"@id\":\"https:\\\/\\\/smartpuller.com\\\/fi\\\/#website\",\"url\":\"https:\\\/\\\/smartpuller.com\\\/fi\\\/\",\"name\":\"SmartPuller\",\"description\":\"SmartPuller\",\"potentialAction\":[{\"@type\":\"SearchAction\",\"target\":{\"@type\":\"EntryPoint\",\"urlTemplate\":\"https:\\\/\\\/smartpuller.com\\\/fi\\\/?s={search_term_string}\"},\"query-input\":{\"@type\":\"PropertyValueSpecification\",\"valueRequired\":true,\"valueName\":\"search_term_string\"}}],\"inLanguage\":\"es\"}]}<\/script>\n<!-- \/ Yoast SEO plugin. -->","yoast_head_json":{"title":"Pol\u00edtica de Garant\u00eda","description":"SmartPuller fabricado por Autorobot Finland tiene una garant\u00eda contra los defectos de materiales y manufactura. La garant\u00eda es v\u00e1lida por dos (2) a\u00f1os","robots":{"index":"index","follow":"follow","max-snippet":"max-snippet:-1","max-image-preview":"max-image-preview:large","max-video-preview":"max-video-preview:-1"},"canonical":"https:\/\/smartpuller.com\/es\/informacion\/garantia\/politica-de-garantia\/","og_locale":"es_ES","og_type":"article","og_title":"Pol\u00edtica de Garant\u00eda","og_description":"SmartPuller fabricado por Autorobot Finland tiene una garant\u00eda contra los defectos de materiales y manufactura. La garant\u00eda es v\u00e1lida por dos (2) a\u00f1os","og_url":"https:\/\/smartpuller.com\/es\/informacion\/garantia\/politica-de-garantia\/","og_site_name":"SmartPuller","article_publisher":"https:\/\/www.facebook.com\/smartpuller\/","article_modified_time":"2019-07-09T10:17:42+00:00","og_image":[{"url":"https:\/\/smartpuller.com\/wp-content\/uploads\/2017\/10\/warranty2_spa.png","type":"","width":"","height":""}],"twitter_card":"summary_large_image","twitter_misc":{"Tiempo de lectura":"1 minuto"},"schema":{"@context":"https:\/\/schema.org","@graph":[{"@type":"WebPage","@id":"https:\/\/smartpuller.com\/es\/informacion\/garantia\/politica-de-garantia\/","url":"https:\/\/smartpuller.com\/es\/informacion\/garantia\/politica-de-garantia\/","name":"Pol\u00edtica de Garant\u00eda","isPartOf":{"@id":"https:\/\/smartpuller.com\/fi\/#website"},"primaryImageOfPage":{"@id":"https:\/\/smartpuller.com\/es\/informacion\/garantia\/politica-de-garantia\/#primaryimage"},"image":{"@id":"https:\/\/smartpuller.com\/es\/informacion\/garantia\/politica-de-garantia\/#primaryimage"},"thumbnailUrl":"https:\/\/smartpuller.com\/wp-content\/uploads\/2017\/10\/warranty2_spa.png","datePublished":"2017-09-01T05:28:28+00:00","dateModified":"2019-07-09T10:17:42+00:00","description":"SmartPuller fabricado por Autorobot Finland tiene una garant\u00eda contra los defectos de materiales y manufactura. La garant\u00eda es v\u00e1lida por dos (2) a\u00f1os","breadcrumb":{"@id":"https:\/\/smartpuller.com\/es\/informacion\/garantia\/politica-de-garantia\/#breadcrumb"},"inLanguage":"es","potentialAction":[{"@type":"ReadAction","target":["https:\/\/smartpuller.com\/es\/informacion\/garantia\/politica-de-garantia\/"]}]},{"@type":"ImageObject","inLanguage":"es","@id":"https:\/\/smartpuller.com\/es\/informacion\/garantia\/politica-de-garantia\/#primaryimage","url":"https:\/\/smartpuller.com\/wp-content\/uploads\/2017\/10\/warranty2_spa.png","contentUrl":"https:\/\/smartpuller.com\/wp-content\/uploads\/2017\/10\/warranty2_spa.png"},{"@type":"BreadcrumbList","@id":"https:\/\/smartpuller.com\/es\/informacion\/garantia\/politica-de-garantia\/#breadcrumb","itemListElement":[{"@type":"ListItem","position":1,"name":"Home","item":"https:\/\/smartpuller.com\/es\/"},{"@type":"ListItem","position":2,"name":"Informaci\u00f3n","item":"https:\/\/smartpuller.com\/es\/informacion\/"},{"@type":"ListItem","position":3,"name":"Garant\u00eda SmartPuller","item":"https:\/\/smartpuller.com\/es\/informacion\/garantia\/"},{"@type":"ListItem","position":4,"name":"Pol\u00edtica de Garant\u00eda"}]},{"@type":"WebSite","@id":"https:\/\/smartpuller.com\/fi\/#website","url":"https:\/\/smartpuller.com\/fi\/","name":"SmartPuller","description":"SmartPuller","potentialAction":[{"@type":"SearchAction","target":{"@type":"EntryPoint","urlTemplate":"https:\/\/smartpuller.com\/fi\/?s={search_term_string}"},"query-input":{"@type":"PropertyValueSpecification","valueRequired":true,"valueName":"search_term_string"}}],"inLanguage":"es"}]}},"_links":{"self":[{"href":"https:\/\/smartpuller.com\/es\/wp-json\/wp\/v2\/pages\/2271","targetHints":{"allow":["GET"]}}],"collection":[{"href":"https:\/\/smartpuller.com\/es\/wp-json\/wp\/v2\/pages"}],"about":[{"href":"https:\/\/smartpuller.com\/es\/wp-json\/wp\/v2\/types\/page"}],"author":[{"embeddable":true,"href":"https:\/\/smartpuller.com\/es\/wp-json\/wp\/v2\/users\/101"}],"replies":[{"embeddable":true,"href":"https:\/\/smartpuller.com\/es\/wp-json\/wp\/v2\/comments?post=2271"}],"version-history":[{"count":1,"href":"https:\/\/smartpuller.com\/es\/wp-json\/wp\/v2\/pages\/2271\/revisions"}],"predecessor-version":[{"id":613428,"href":"https:\/\/smartpuller.com\/es\/wp-json\/wp\/v2\/pages\/2271\/revisions\/613428"}],"up":[{"embeddable":true,"href":"https:\/\/smartpuller.com\/es\/wp-json\/wp\/v2\/pages\/2266"}],"wp:attachment":[{"href":"https:\/\/smartpuller.com\/es\/wp-json\/wp\/v2\/media?parent=2271"}],"curies":[{"name":"wp","href":"https:\/\/api.w.org\/{rel}","templated":true}]}}