{"id":2266,"date":"2017-09-01T08:51:47","date_gmt":"2017-09-01T05:51:47","guid":{"rendered":"https:\/\/smartpuller.com\/informacion\/warranty\/"},"modified":"2022-11-25T14:38:21","modified_gmt":"2022-11-25T12:38:21","slug":"garantia","status":"publish","type":"page","link":"https:\/\/smartpuller.com\/es\/informacion\/garantia\/","title":{"rendered":"Garant\u00eda SmartPuller"},"content":{"rendered":"<div id=\"takuusymbolit\" class=\"alignright\"><img loading=\"lazy\" decoding=\"async\" src=\"https:\/\/smartpuller.com\/wp-content\/uploads\/2017\/10\/warranty2_spa.png\" alt=\"\" width=\"180\" height=\"282\" class=\"alignnone size-full wp-image-2843\" \/><br \/>\n<img loading=\"lazy\" decoding=\"async\" class=\"wp-image-1854 size-full alignnone\" src=\"https:\/\/smartpuller.com\/wp-content\/uploads\/2017\/09\/hologram-sticker.jpg\" alt=\"\" width=\"191\" height=\"300\" srcset=\"https:\/\/smartpuller.com\/wp-content\/uploads\/2017\/09\/hologram-sticker.jpg 250w, https:\/\/smartpuller.com\/wp-content\/uploads\/2017\/09\/hologram-sticker-191x300.jpg 191w\" sizes=\"auto, (max-width: 191px) 100vw, 191px\" \/><\/div>\n<p>SmartPuller original es un producto de alta tecnolog\u00eda fabricado en la planta de Autorobot Finland Oy en Finlandia. Usted reconocer\u00e1 SmartPuller autentico de una etiqueta holograma pegada en la parte superior del marco vertical (comenzando a partir de septiembre 2017) con el texto siguiente: \u201cManufactured in Finland by Autorobot Finland Oy\u201d en negrilla y dentro del holograma con texto \u201cGenuine authentic\u201d. En caso de que desprenda la etiqueta, el producto se invalida y aparece un texto \u201cVOID\u201d. Un producto bajo esas condiciones no se puede registrar.<\/p>\n<p>* En caso de que Usted haya adquirido su SmartPuller antes de septiembre 2017 desde Autorobot Finland \u00f3 desde un distribuidor autorizado, Usted puede registrar su producto posteriormente tambi\u00e9n. Por favor, contacte el Servicio al Cliente <a href=\"mailto:info@smartpuller.com\">info@smartpuller.com<\/a> para asegurar la autenticidad del producto y recibir las instrucciones de registro.<\/p>\n<p>Extienda su garant\u00eda de SmartPuller registrando su equipo. Por favor, vea el cambio de la vigencia de garant\u00eda en el cuadro abajo.<\/p>\n<table>\n<thead>\n<tr>\n<th>Objeto de Garant\u00eda<\/th>\n<th style=\"text-align: center;\">Garant\u00eda Normal<\/th>\n<th style=\"text-align: center;\">Garant\u00eda extendida<\/th>\n<\/tr>\n<\/thead>\n<tbody>\n<tr>\n<td>Estructuras y partes met\u00e1licas<\/td>\n<td style=\"text-align: center;\">2 a\u00f1os<\/td>\n<td style=\"text-align: center;\">5 a\u00f1os<\/td>\n<\/tr>\n<tr>\n<td>Consumibles**<\/td>\n<td style=\"text-align: center;\">1 a\u00f1o<\/td>\n<td style=\"text-align: center;\">2 a\u00f1os<\/td>\n<\/tr>\n<\/tbody>\n<\/table>\n<p>** Los consumibles incluyen el brazo de tracci\u00f3n, todas las manillas, partes pl\u00e1sticas y de goma.<\/p>\n<div class=\"nappilinkki\"><a href=\"\/es\/informacion\/registrarse\/\">Registrar aqu\u00ed<\/a><\/div>\n<p>Vea nuestra <a href=\"\/es\/informacion\/garantia\/politica-de-garantia\/\">pol\u00edtica de garant\u00eda<\/a><\/p>\n","protected":false},"excerpt":{"rendered":"<p>SmartPuller original es un producto de alta tecnolog\u00eda fabricado en la planta de Autorobot Finland Oy en Finlandia. Usted reconocer\u00e1 SmartPuller autentico de una etiqueta holograma pegada en la parte superior del marco vertical (comenzando a partir de septiembre 2017) con el texto siguiente: \u201cManufactured in Finland by Autorobot Finland Oy\u201d en negrilla y dentro [&hellip;]<\/p>\n","protected":false},"author":101,"featured_media":0,"parent":2253,"menu_order":0,"comment_status":"closed","ping_status":"closed","template":"","meta":{"_genesis_hide_title":false,"_genesis_hide_breadcrumbs":false,"_genesis_hide_singular_image":false,"_genesis_hide_footer_widgets":false,"_genesis_custom_body_class":"","_genesis_custom_post_class":"","_genesis_layout":"","footnotes":""},"class_list":{"0":"post-2266","1":"page","2":"type-page","3":"status-publish","5":"entry","6":"has-post-thumbnail"},"yoast_head":"<!-- This site is optimized with the Yoast SEO plugin v27.4 - https:\/\/yoast.com\/product\/yoast-seo-wordpress\/ -->\n<title>Garant\u00eda SmartPuller<\/title>\n<meta name=\"description\" content=\"SmartPuller original es un producto de alta tecnolog\u00eda fabricado en la planta de Autorobot Finland Oy en Finlandia. Usted reconocer\u00e1 SmartPuller autentico\" \/>\n<meta name=\"robots\" content=\"index, follow, max-snippet:-1, max-image-preview:large, max-video-preview:-1\" \/>\n<link rel=\"canonical\" href=\"https:\/\/smartpuller.com\/es\/informacion\/garantia\/\" \/>\n<meta property=\"og:locale\" content=\"es_ES\" \/>\n<meta property=\"og:type\" content=\"article\" \/>\n<meta property=\"og:title\" content=\"Garant\u00eda SmartPuller\" \/>\n<meta property=\"og:description\" content=\"SmartPuller original es un producto de alta tecnolog\u00eda fabricado en la planta de Autorobot Finland Oy en Finlandia. Usted reconocer\u00e1 SmartPuller autentico\" \/>\n<meta property=\"og:url\" content=\"https:\/\/smartpuller.com\/es\/informacion\/garantia\/\" \/>\n<meta property=\"og:site_name\" content=\"SmartPuller\" \/>\n<meta property=\"article:publisher\" content=\"https:\/\/www.facebook.com\/smartpuller\/\" \/>\n<meta property=\"article:modified_time\" content=\"2022-11-25T12:38:21+00:00\" \/>\n<meta property=\"og:image\" content=\"https:\/\/smartpuller.com\/wp-content\/uploads\/2017\/10\/warranty2_spa.png\" \/>\n<meta name=\"twitter:card\" content=\"summary_large_image\" \/>\n<meta name=\"twitter:label1\" content=\"Tiempo de lectura\" \/>\n\t<meta name=\"twitter:data1\" content=\"1 minuto\" \/>\n<script type=\"application\/ld+json\" class=\"yoast-schema-graph\">{\"@context\":\"https:\\\/\\\/schema.org\",\"@graph\":[{\"@type\":\"WebPage\",\"@id\":\"https:\\\/\\\/smartpuller.com\\\/es\\\/informacion\\\/garantia\\\/\",\"url\":\"https:\\\/\\\/smartpuller.com\\\/es\\\/informacion\\\/garantia\\\/\",\"name\":\"Garant\u00eda SmartPuller\",\"isPartOf\":{\"@id\":\"https:\\\/\\\/smartpuller.com\\\/fi\\\/#website\"},\"primaryImageOfPage\":{\"@id\":\"https:\\\/\\\/smartpuller.com\\\/es\\\/informacion\\\/garantia\\\/#primaryimage\"},\"image\":{\"@id\":\"https:\\\/\\\/smartpuller.com\\\/es\\\/informacion\\\/garantia\\\/#primaryimage\"},\"thumbnailUrl\":\"https:\\\/\\\/smartpuller.com\\\/wp-content\\\/uploads\\\/2017\\\/10\\\/warranty2_spa.png\",\"datePublished\":\"2017-09-01T05:51:47+00:00\",\"dateModified\":\"2022-11-25T12:38:21+00:00\",\"description\":\"SmartPuller original es un producto de alta tecnolog\u00eda fabricado en la planta de Autorobot Finland Oy en Finlandia. Usted reconocer\u00e1 SmartPuller autentico\",\"breadcrumb\":{\"@id\":\"https:\\\/\\\/smartpuller.com\\\/es\\\/informacion\\\/garantia\\\/#breadcrumb\"},\"inLanguage\":\"es\",\"potentialAction\":[{\"@type\":\"ReadAction\",\"target\":[\"https:\\\/\\\/smartpuller.com\\\/es\\\/informacion\\\/garantia\\\/\"]}]},{\"@type\":\"ImageObject\",\"inLanguage\":\"es\",\"@id\":\"https:\\\/\\\/smartpuller.com\\\/es\\\/informacion\\\/garantia\\\/#primaryimage\",\"url\":\"https:\\\/\\\/smartpuller.com\\\/wp-content\\\/uploads\\\/2017\\\/10\\\/warranty2_spa.png\",\"contentUrl\":\"https:\\\/\\\/smartpuller.com\\\/wp-content\\\/uploads\\\/2017\\\/10\\\/warranty2_spa.png\"},{\"@type\":\"BreadcrumbList\",\"@id\":\"https:\\\/\\\/smartpuller.com\\\/es\\\/informacion\\\/garantia\\\/#breadcrumb\",\"itemListElement\":[{\"@type\":\"ListItem\",\"position\":1,\"name\":\"Home\",\"item\":\"https:\\\/\\\/smartpuller.com\\\/es\\\/\"},{\"@type\":\"ListItem\",\"position\":2,\"name\":\"Informaci\u00f3n\",\"item\":\"https:\\\/\\\/smartpuller.com\\\/es\\\/informacion\\\/\"},{\"@type\":\"ListItem\",\"position\":3,\"name\":\"Garant\u00eda SmartPuller\"}]},{\"@type\":\"WebSite\",\"@id\":\"https:\\\/\\\/smartpuller.com\\\/fi\\\/#website\",\"url\":\"https:\\\/\\\/smartpuller.com\\\/fi\\\/\",\"name\":\"SmartPuller\",\"description\":\"SmartPuller\",\"potentialAction\":[{\"@type\":\"SearchAction\",\"target\":{\"@type\":\"EntryPoint\",\"urlTemplate\":\"https:\\\/\\\/smartpuller.com\\\/fi\\\/?s={search_term_string}\"},\"query-input\":{\"@type\":\"PropertyValueSpecification\",\"valueRequired\":true,\"valueName\":\"search_term_string\"}}],\"inLanguage\":\"es\"}]}<\/script>\n<!-- \/ Yoast SEO plugin. -->","yoast_head_json":{"title":"Garant\u00eda SmartPuller","description":"SmartPuller original es un producto de alta tecnolog\u00eda fabricado en la planta de Autorobot Finland Oy en Finlandia. Usted reconocer\u00e1 SmartPuller autentico","robots":{"index":"index","follow":"follow","max-snippet":"max-snippet:-1","max-image-preview":"max-image-preview:large","max-video-preview":"max-video-preview:-1"},"canonical":"https:\/\/smartpuller.com\/es\/informacion\/garantia\/","og_locale":"es_ES","og_type":"article","og_title":"Garant\u00eda SmartPuller","og_description":"SmartPuller original es un producto de alta tecnolog\u00eda fabricado en la planta de Autorobot Finland Oy en Finlandia. Usted reconocer\u00e1 SmartPuller autentico","og_url":"https:\/\/smartpuller.com\/es\/informacion\/garantia\/","og_site_name":"SmartPuller","article_publisher":"https:\/\/www.facebook.com\/smartpuller\/","article_modified_time":"2022-11-25T12:38:21+00:00","og_image":[{"url":"https:\/\/smartpuller.com\/wp-content\/uploads\/2017\/10\/warranty2_spa.png","type":"","width":"","height":""}],"twitter_card":"summary_large_image","twitter_misc":{"Tiempo de lectura":"1 minuto"},"schema":{"@context":"https:\/\/schema.org","@graph":[{"@type":"WebPage","@id":"https:\/\/smartpuller.com\/es\/informacion\/garantia\/","url":"https:\/\/smartpuller.com\/es\/informacion\/garantia\/","name":"Garant\u00eda SmartPuller","isPartOf":{"@id":"https:\/\/smartpuller.com\/fi\/#website"},"primaryImageOfPage":{"@id":"https:\/\/smartpuller.com\/es\/informacion\/garantia\/#primaryimage"},"image":{"@id":"https:\/\/smartpuller.com\/es\/informacion\/garantia\/#primaryimage"},"thumbnailUrl":"https:\/\/smartpuller.com\/wp-content\/uploads\/2017\/10\/warranty2_spa.png","datePublished":"2017-09-01T05:51:47+00:00","dateModified":"2022-11-25T12:38:21+00:00","description":"SmartPuller original es un producto de alta tecnolog\u00eda fabricado en la planta de Autorobot Finland Oy en Finlandia. Usted reconocer\u00e1 SmartPuller autentico","breadcrumb":{"@id":"https:\/\/smartpuller.com\/es\/informacion\/garantia\/#breadcrumb"},"inLanguage":"es","potentialAction":[{"@type":"ReadAction","target":["https:\/\/smartpuller.com\/es\/informacion\/garantia\/"]}]},{"@type":"ImageObject","inLanguage":"es","@id":"https:\/\/smartpuller.com\/es\/informacion\/garantia\/#primaryimage","url":"https:\/\/smartpuller.com\/wp-content\/uploads\/2017\/10\/warranty2_spa.png","contentUrl":"https:\/\/smartpuller.com\/wp-content\/uploads\/2017\/10\/warranty2_spa.png"},{"@type":"BreadcrumbList","@id":"https:\/\/smartpuller.com\/es\/informacion\/garantia\/#breadcrumb","itemListElement":[{"@type":"ListItem","position":1,"name":"Home","item":"https:\/\/smartpuller.com\/es\/"},{"@type":"ListItem","position":2,"name":"Informaci\u00f3n","item":"https:\/\/smartpuller.com\/es\/informacion\/"},{"@type":"ListItem","position":3,"name":"Garant\u00eda SmartPuller"}]},{"@type":"WebSite","@id":"https:\/\/smartpuller.com\/fi\/#website","url":"https:\/\/smartpuller.com\/fi\/","name":"SmartPuller","description":"SmartPuller","potentialAction":[{"@type":"SearchAction","target":{"@type":"EntryPoint","urlTemplate":"https:\/\/smartpuller.com\/fi\/?s={search_term_string}"},"query-input":{"@type":"PropertyValueSpecification","valueRequired":true,"valueName":"search_term_string"}}],"inLanguage":"es"}]}},"_links":{"self":[{"href":"https:\/\/smartpuller.com\/es\/wp-json\/wp\/v2\/pages\/2266","targetHints":{"allow":["GET"]}}],"collection":[{"href":"https:\/\/smartpuller.com\/es\/wp-json\/wp\/v2\/pages"}],"about":[{"href":"https:\/\/smartpuller.com\/es\/wp-json\/wp\/v2\/types\/page"}],"author":[{"embeddable":true,"href":"https:\/\/smartpuller.com\/es\/wp-json\/wp\/v2\/users\/101"}],"replies":[{"embeddable":true,"href":"https:\/\/smartpuller.com\/es\/wp-json\/wp\/v2\/comments?post=2266"}],"version-history":[{"count":2,"href":"https:\/\/smartpuller.com\/es\/wp-json\/wp\/v2\/pages\/2266\/revisions"}],"predecessor-version":[{"id":2467659,"href":"https:\/\/smartpuller.com\/es\/wp-json\/wp\/v2\/pages\/2266\/revisions\/2467659"}],"up":[{"embeddable":true,"href":"https:\/\/smartpuller.com\/es\/wp-json\/wp\/v2\/pages\/2253"}],"wp:attachment":[{"href":"https:\/\/smartpuller.com\/es\/wp-json\/wp\/v2\/media?parent=2266"}],"curies":[{"name":"wp","href":"https:\/\/api.w.org\/{rel}","templated":true}]}}