{"id":2263,"date":"2016-01-13T11:23:45","date_gmt":"2016-01-13T09:23:45","guid":{"rendered":"https:\/\/smartpuller.com\/informacion\/faq\/"},"modified":"2017-09-27T08:24:32","modified_gmt":"2017-09-27T05:24:32","slug":"faq","status":"publish","type":"page","link":"https:\/\/smartpuller.com\/es\/informacion\/faq\/","title":{"rendered":"Preguntas m\u00e1s frecuentes"},"content":{"rendered":"<p><strong>\u00bfCu\u00e1nto cuesta SmartPuller?<\/strong><br \/>\nEl precio var\u00eda de un pa\u00eds al otro. El distribuidor local les pueda dar la informaci\u00f3n sobre los precios de SmartPuller.<br \/>\n\u00bb <a href=\"\/es\/contacto\/como-comprar\/\" target=\"_blank\">Encuentre su distribuidor local<\/a><\/p>\n<p><strong>\u00bfC\u00f3mo puedo comprar un SmartPuller?<\/strong><br \/>\nSmartPuller tiene una red mundial de distribuidores autorizados. En caso de que Usted se encuentre en un pa\u00eds fuera de nuestra red de distribuidores, nosotros Autorobot Finland Oy como fabricante, le podemos despachar directamente. Tenemos un acuerdo con Servicio de Courier Internacional a unos precios atractivos y estamos en capacidad de despachar para todo el mundo.<br \/>\n\u00bb <a href=\"\/es\/contacto\/como-comprar\/\" target=\"_blank\">Encuentre su distribuidor local<\/a><\/p>\n<p><strong>\u00bfCu\u00e1les son los beneficios m\u00e1s importantes de SmartPuller?<\/strong><br \/>\nSmartPuller es un equipo multifuncional, \u00e1gil y f\u00e1cil de manejar. Permite enderezar casi todas las \u00e1reas alrededor de la carrocer\u00eda en todas las direcciones necesarias. SmartPuller facilita el enderezamiento de las estructuras del veh\u00edculo m\u00e1s r\u00e1pido y por lo tanto m\u00e1s econ\u00f3mico. El dise\u00f1o compacto de SmartPuller lo hace f\u00e1cil para manejar. Todos los implementos de soportes y enderezado se ajustan a la altura correcta y se mantienen en la posici\u00f3n seleccionada sin ayuda adicional.<\/p>\n<p><strong>\u00bfQu\u00e9 incluye un SmartPuller?<\/strong><br \/>\nHay varias combinaciones de equipos SmartPuller. Vea, por favor, bajo la pesta\u00f1a <a href=\"\/es\/equipos-e-implementos\/\" target=\"_blank\">Equipos e Implementos<\/a>, las composiciones de cada alternativa.<\/p>\n<p><strong>\u00bfCu\u00e1l es el tiempo de garant\u00eda de SmartPuller?<\/strong><br \/>\nAutorobot Finland Oy otorga, para los equipos fabricados por nosotros, una garant\u00eda limitada de dos a\u00f1os para todos los clientes y una garant\u00eda limitada de cinco a\u00f1os para los clientes registrados a trav\u00e9s de esta p\u00e1gina.<\/p>\n","protected":false},"excerpt":{"rendered":"<p>\u00bfCu\u00e1nto cuesta SmartPuller? El precio var\u00eda de un pa\u00eds al otro. El distribuidor local les pueda dar la informaci\u00f3n sobre los precios de SmartPuller. \u00bb Encuentre su distribuidor local \u00bfC\u00f3mo puedo comprar un SmartPuller? SmartPuller tiene una red mundial de distribuidores autorizados. En caso de que Usted se encuentre en un pa\u00eds fuera de nuestra [&hellip;]<\/p>\n","protected":false},"author":101,"featured_media":0,"parent":2253,"menu_order":420,"comment_status":"closed","ping_status":"closed","template":"","meta":{"_genesis_hide_title":false,"_genesis_hide_breadcrumbs":false,"_genesis_hide_singular_image":false,"_genesis_hide_footer_widgets":false,"_genesis_custom_body_class":"","_genesis_custom_post_class":"","_genesis_layout":"","footnotes":""},"class_list":{"0":"post-2263","1":"page","2":"type-page","3":"status-publish","5":"entry"},"yoast_head":"<!-- This site is optimized with the Yoast SEO plugin v27.4 - https:\/\/yoast.com\/product\/yoast-seo-wordpress\/ -->\n<title>FAQ - How can I purchase SmartPuller and other questions<\/title>\n<meta name=\"description\" content=\"FAQ - frequently asked questions of SmartPuller dent pulling device. What does SmartPuller include? How much does SmartPuller weight?\" \/>\n<meta name=\"robots\" content=\"index, follow, max-snippet:-1, max-image-preview:large, max-video-preview:-1\" \/>\n<link rel=\"canonical\" href=\"https:\/\/smartpuller.com\/es\/informacion\/faq\/\" \/>\n<meta property=\"og:locale\" content=\"es_ES\" \/>\n<meta property=\"og:type\" content=\"article\" \/>\n<meta property=\"og:title\" content=\"FAQ - How can I purchase SmartPuller and other questions\" \/>\n<meta property=\"og:description\" content=\"FAQ - frequently asked questions of SmartPuller dent pulling device. What does SmartPuller include? How much does SmartPuller weight?\" \/>\n<meta property=\"og:url\" content=\"https:\/\/smartpuller.com\/es\/informacion\/faq\/\" \/>\n<meta property=\"og:site_name\" content=\"SmartPuller\" \/>\n<meta property=\"article:publisher\" content=\"https:\/\/www.facebook.com\/smartpuller\/\" \/>\n<meta property=\"article:modified_time\" content=\"2017-09-27T05:24:32+00:00\" \/>\n<meta name=\"twitter:card\" content=\"summary_large_image\" \/>\n<meta name=\"twitter:label1\" content=\"Tiempo de lectura\" \/>\n\t<meta name=\"twitter:data1\" content=\"1 minuto\" \/>\n<script type=\"application\/ld+json\" class=\"yoast-schema-graph\">{\"@context\":\"https:\\\/\\\/schema.org\",\"@graph\":[{\"@type\":\"WebPage\",\"@id\":\"https:\\\/\\\/smartpuller.com\\\/es\\\/informacion\\\/faq\\\/\",\"url\":\"https:\\\/\\\/smartpuller.com\\\/es\\\/informacion\\\/faq\\\/\",\"name\":\"FAQ - How can I purchase SmartPuller and other questions\",\"isPartOf\":{\"@id\":\"https:\\\/\\\/smartpuller.com\\\/fi\\\/#website\"},\"datePublished\":\"2016-01-13T09:23:45+00:00\",\"dateModified\":\"2017-09-27T05:24:32+00:00\",\"description\":\"FAQ - frequently asked questions of SmartPuller dent pulling device. What does SmartPuller include? How much does SmartPuller weight?\",\"breadcrumb\":{\"@id\":\"https:\\\/\\\/smartpuller.com\\\/es\\\/informacion\\\/faq\\\/#breadcrumb\"},\"inLanguage\":\"es\",\"potentialAction\":[{\"@type\":\"ReadAction\",\"target\":[\"https:\\\/\\\/smartpuller.com\\\/es\\\/informacion\\\/faq\\\/\"]}]},{\"@type\":\"BreadcrumbList\",\"@id\":\"https:\\\/\\\/smartpuller.com\\\/es\\\/informacion\\\/faq\\\/#breadcrumb\",\"itemListElement\":[{\"@type\":\"ListItem\",\"position\":1,\"name\":\"Home\",\"item\":\"https:\\\/\\\/smartpuller.com\\\/es\\\/\"},{\"@type\":\"ListItem\",\"position\":2,\"name\":\"Informaci\u00f3n\",\"item\":\"https:\\\/\\\/smartpuller.com\\\/es\\\/informacion\\\/\"},{\"@type\":\"ListItem\",\"position\":3,\"name\":\"Preguntas m\u00e1s frecuentes\"}]},{\"@type\":\"WebSite\",\"@id\":\"https:\\\/\\\/smartpuller.com\\\/fi\\\/#website\",\"url\":\"https:\\\/\\\/smartpuller.com\\\/fi\\\/\",\"name\":\"SmartPuller\",\"description\":\"SmartPuller\",\"potentialAction\":[{\"@type\":\"SearchAction\",\"target\":{\"@type\":\"EntryPoint\",\"urlTemplate\":\"https:\\\/\\\/smartpuller.com\\\/fi\\\/?s={search_term_string}\"},\"query-input\":{\"@type\":\"PropertyValueSpecification\",\"valueRequired\":true,\"valueName\":\"search_term_string\"}}],\"inLanguage\":\"es\"}]}<\/script>\n<!-- \/ Yoast SEO plugin. -->","yoast_head_json":{"title":"FAQ - How can I purchase SmartPuller and other questions","description":"FAQ - frequently asked questions of SmartPuller dent pulling device. What does SmartPuller include? How much does SmartPuller weight?","robots":{"index":"index","follow":"follow","max-snippet":"max-snippet:-1","max-image-preview":"max-image-preview:large","max-video-preview":"max-video-preview:-1"},"canonical":"https:\/\/smartpuller.com\/es\/informacion\/faq\/","og_locale":"es_ES","og_type":"article","og_title":"FAQ - How can I purchase SmartPuller and other questions","og_description":"FAQ - frequently asked questions of SmartPuller dent pulling device. What does SmartPuller include? How much does SmartPuller weight?","og_url":"https:\/\/smartpuller.com\/es\/informacion\/faq\/","og_site_name":"SmartPuller","article_publisher":"https:\/\/www.facebook.com\/smartpuller\/","article_modified_time":"2017-09-27T05:24:32+00:00","twitter_card":"summary_large_image","twitter_misc":{"Tiempo de lectura":"1 minuto"},"schema":{"@context":"https:\/\/schema.org","@graph":[{"@type":"WebPage","@id":"https:\/\/smartpuller.com\/es\/informacion\/faq\/","url":"https:\/\/smartpuller.com\/es\/informacion\/faq\/","name":"FAQ - How can I purchase SmartPuller and other questions","isPartOf":{"@id":"https:\/\/smartpuller.com\/fi\/#website"},"datePublished":"2016-01-13T09:23:45+00:00","dateModified":"2017-09-27T05:24:32+00:00","description":"FAQ - frequently asked questions of SmartPuller dent pulling device. What does SmartPuller include? How much does SmartPuller weight?","breadcrumb":{"@id":"https:\/\/smartpuller.com\/es\/informacion\/faq\/#breadcrumb"},"inLanguage":"es","potentialAction":[{"@type":"ReadAction","target":["https:\/\/smartpuller.com\/es\/informacion\/faq\/"]}]},{"@type":"BreadcrumbList","@id":"https:\/\/smartpuller.com\/es\/informacion\/faq\/#breadcrumb","itemListElement":[{"@type":"ListItem","position":1,"name":"Home","item":"https:\/\/smartpuller.com\/es\/"},{"@type":"ListItem","position":2,"name":"Informaci\u00f3n","item":"https:\/\/smartpuller.com\/es\/informacion\/"},{"@type":"ListItem","position":3,"name":"Preguntas m\u00e1s frecuentes"}]},{"@type":"WebSite","@id":"https:\/\/smartpuller.com\/fi\/#website","url":"https:\/\/smartpuller.com\/fi\/","name":"SmartPuller","description":"SmartPuller","potentialAction":[{"@type":"SearchAction","target":{"@type":"EntryPoint","urlTemplate":"https:\/\/smartpuller.com\/fi\/?s={search_term_string}"},"query-input":{"@type":"PropertyValueSpecification","valueRequired":true,"valueName":"search_term_string"}}],"inLanguage":"es"}]}},"_links":{"self":[{"href":"https:\/\/smartpuller.com\/es\/wp-json\/wp\/v2\/pages\/2263","targetHints":{"allow":["GET"]}}],"collection":[{"href":"https:\/\/smartpuller.com\/es\/wp-json\/wp\/v2\/pages"}],"about":[{"href":"https:\/\/smartpuller.com\/es\/wp-json\/wp\/v2\/types\/page"}],"author":[{"embeddable":true,"href":"https:\/\/smartpuller.com\/es\/wp-json\/wp\/v2\/users\/101"}],"replies":[{"embeddable":true,"href":"https:\/\/smartpuller.com\/es\/wp-json\/wp\/v2\/comments?post=2263"}],"version-history":[{"count":0,"href":"https:\/\/smartpuller.com\/es\/wp-json\/wp\/v2\/pages\/2263\/revisions"}],"up":[{"embeddable":true,"href":"https:\/\/smartpuller.com\/es\/wp-json\/wp\/v2\/pages\/2253"}],"wp:attachment":[{"href":"https:\/\/smartpuller.com\/es\/wp-json\/wp\/v2\/media?parent=2263"}],"curies":[{"name":"wp","href":"https:\/\/api.w.org\/{rel}","templated":true}]}}