{"id":2258,"date":"2016-01-13T11:23:32","date_gmt":"2016-01-13T09:23:32","guid":{"rendered":"https:\/\/smartpuller.com\/informacion\/manuals\/"},"modified":"2019-07-09T11:36:09","modified_gmt":"2019-07-09T08:36:09","slug":"manuales","status":"publish","type":"page","link":"https:\/\/smartpuller.com\/es\/informacion\/manuales\/","title":{"rendered":"Manuales"},"content":{"rendered":"<p>Es f\u00e1cil ensamblar a SmartPuller r\u00e1pidamente. Viene con una instrucci\u00f3n impresa y un DVD. Normalmente no se necesita entrenamiento alguno. En caso que tengan preguntas sobre el uso de SmartPuller, favor contacte a su distribuidor \u00f3 a nuestro <a href=\"\/?page_id=2215\">Servicio al Cliente<\/a>.<\/p>\n<p>Haga Click para abrir<\/p>\n<div class=\"opaskentta\"><img loading=\"lazy\" decoding=\"async\" class=\"alignnone size-medium wp-image-875\" src=\"\/wp-content\/uploads\/2016\/01\/smartpuller_assembling-instructions-1-202x300.jpg\" alt=\"Assembling instructions of SmartPuller dent pulling device\" width=\"202\" height=\"300\" \/><\/div>\n<div class=\"opaskentta\">\n<p>Video de Instrucci\u00f3n SmartPuller, versi\u00f3n larga (28:47)<\/p>\n<p><iframe loading=\"lazy\" style=\"max-width: 100%;\" src=\"https:\/\/www.youtube.com\/embed\/mckGvuvKcWE\" width=\"360\" height=\"202\" frameborder=\"0\" allowfullscreen=\"allowfullscreen\"><\/iframe><\/p>\n<\/div>\n<div style=\"clear: both;\"><a href=\"\/?page_id=2247\">\u00bb Ver todos los v\u00eddeos<\/a><\/div>\n","protected":false},"excerpt":{"rendered":"<p>Es f\u00e1cil ensamblar a SmartPuller r\u00e1pidamente. Viene con una instrucci\u00f3n impresa y un DVD. Normalmente no se necesita entrenamiento alguno. En caso que tengan preguntas sobre el uso de SmartPuller, favor contacte a su distribuidor \u00f3 a nuestro Servicio al Cliente. Haga Click para abrir Video de Instrucci\u00f3n SmartPuller, versi\u00f3n larga (28:47) \u00bb Ver todos [&hellip;]<\/p>\n","protected":false},"author":101,"featured_media":0,"parent":2253,"menu_order":410,"comment_status":"closed","ping_status":"closed","template":"","meta":{"_genesis_hide_title":false,"_genesis_hide_breadcrumbs":false,"_genesis_hide_singular_image":false,"_genesis_hide_footer_widgets":false,"_genesis_custom_body_class":"","_genesis_custom_post_class":"","_genesis_layout":"","footnotes":""},"class_list":{"0":"post-2258","1":"page","2":"type-page","3":"status-publish","5":"entry","6":"has-post-thumbnail"},"yoast_head":"<!-- This site is optimized with the Yoast SEO plugin v27.4 - https:\/\/yoast.com\/product\/yoast-seo-wordpress\/ -->\n<title>Manuals of SmartPuller dent pulling device<\/title>\n<meta name=\"description\" content=\"See our easy instructions for assembling SmartPuller dent pulling equipment.\" \/>\n<meta name=\"robots\" content=\"index, follow, max-snippet:-1, max-image-preview:large, max-video-preview:-1\" \/>\n<link rel=\"canonical\" href=\"https:\/\/smartpuller.com\/es\/informacion\/manuales\/\" \/>\n<meta property=\"og:locale\" content=\"es_ES\" \/>\n<meta property=\"og:type\" content=\"article\" \/>\n<meta property=\"og:title\" content=\"Manuals of SmartPuller dent pulling device\" \/>\n<meta property=\"og:description\" content=\"See our easy instructions for assembling SmartPuller dent pulling equipment.\" \/>\n<meta property=\"og:url\" content=\"https:\/\/smartpuller.com\/es\/informacion\/manuales\/\" \/>\n<meta property=\"og:site_name\" content=\"SmartPuller\" \/>\n<meta property=\"article:publisher\" content=\"https:\/\/www.facebook.com\/smartpuller\/\" \/>\n<meta property=\"article:modified_time\" content=\"2019-07-09T08:36:09+00:00\" \/>\n<meta property=\"og:image\" content=\"https:\/\/smartpuller.com\/wp-content\/uploads\/2016\/01\/smartpuller_assembling-instructions-1-202x300.jpg\" \/>\n<meta name=\"twitter:card\" content=\"summary_large_image\" \/>\n<script type=\"application\/ld+json\" class=\"yoast-schema-graph\">{\"@context\":\"https:\\\/\\\/schema.org\",\"@graph\":[{\"@type\":\"WebPage\",\"@id\":\"https:\\\/\\\/smartpuller.com\\\/es\\\/informacion\\\/manuales\\\/\",\"url\":\"https:\\\/\\\/smartpuller.com\\\/es\\\/informacion\\\/manuales\\\/\",\"name\":\"Manuals of SmartPuller dent pulling device\",\"isPartOf\":{\"@id\":\"https:\\\/\\\/smartpuller.com\\\/fi\\\/#website\"},\"datePublished\":\"2016-01-13T09:23:32+00:00\",\"dateModified\":\"2019-07-09T08:36:09+00:00\",\"description\":\"See our easy instructions for assembling SmartPuller dent pulling equipment.\",\"breadcrumb\":{\"@id\":\"https:\\\/\\\/smartpuller.com\\\/es\\\/informacion\\\/manuales\\\/#breadcrumb\"},\"inLanguage\":\"es\",\"potentialAction\":[{\"@type\":\"ReadAction\",\"target\":[\"https:\\\/\\\/smartpuller.com\\\/es\\\/informacion\\\/manuales\\\/\"]}]},{\"@type\":\"BreadcrumbList\",\"@id\":\"https:\\\/\\\/smartpuller.com\\\/es\\\/informacion\\\/manuales\\\/#breadcrumb\",\"itemListElement\":[{\"@type\":\"ListItem\",\"position\":1,\"name\":\"Home\",\"item\":\"https:\\\/\\\/smartpuller.com\\\/es\\\/\"},{\"@type\":\"ListItem\",\"position\":2,\"name\":\"Informaci\u00f3n\",\"item\":\"https:\\\/\\\/smartpuller.com\\\/es\\\/informacion\\\/\"},{\"@type\":\"ListItem\",\"position\":3,\"name\":\"Manuales\"}]},{\"@type\":\"WebSite\",\"@id\":\"https:\\\/\\\/smartpuller.com\\\/fi\\\/#website\",\"url\":\"https:\\\/\\\/smartpuller.com\\\/fi\\\/\",\"name\":\"SmartPuller\",\"description\":\"SmartPuller\",\"potentialAction\":[{\"@type\":\"SearchAction\",\"target\":{\"@type\":\"EntryPoint\",\"urlTemplate\":\"https:\\\/\\\/smartpuller.com\\\/fi\\\/?s={search_term_string}\"},\"query-input\":{\"@type\":\"PropertyValueSpecification\",\"valueRequired\":true,\"valueName\":\"search_term_string\"}}],\"inLanguage\":\"es\"}]}<\/script>\n<!-- \/ Yoast SEO plugin. -->","yoast_head_json":{"title":"Manuals of SmartPuller dent pulling device","description":"See our easy instructions for assembling SmartPuller dent pulling equipment.","robots":{"index":"index","follow":"follow","max-snippet":"max-snippet:-1","max-image-preview":"max-image-preview:large","max-video-preview":"max-video-preview:-1"},"canonical":"https:\/\/smartpuller.com\/es\/informacion\/manuales\/","og_locale":"es_ES","og_type":"article","og_title":"Manuals of SmartPuller dent pulling device","og_description":"See our easy instructions for assembling SmartPuller dent pulling equipment.","og_url":"https:\/\/smartpuller.com\/es\/informacion\/manuales\/","og_site_name":"SmartPuller","article_publisher":"https:\/\/www.facebook.com\/smartpuller\/","article_modified_time":"2019-07-09T08:36:09+00:00","og_image":[{"url":"https:\/\/smartpuller.com\/wp-content\/uploads\/2016\/01\/smartpuller_assembling-instructions-1-202x300.jpg","type":"","width":"","height":""}],"twitter_card":"summary_large_image","schema":{"@context":"https:\/\/schema.org","@graph":[{"@type":"WebPage","@id":"https:\/\/smartpuller.com\/es\/informacion\/manuales\/","url":"https:\/\/smartpuller.com\/es\/informacion\/manuales\/","name":"Manuals of SmartPuller dent pulling device","isPartOf":{"@id":"https:\/\/smartpuller.com\/fi\/#website"},"datePublished":"2016-01-13T09:23:32+00:00","dateModified":"2019-07-09T08:36:09+00:00","description":"See our easy instructions for assembling SmartPuller dent pulling equipment.","breadcrumb":{"@id":"https:\/\/smartpuller.com\/es\/informacion\/manuales\/#breadcrumb"},"inLanguage":"es","potentialAction":[{"@type":"ReadAction","target":["https:\/\/smartpuller.com\/es\/informacion\/manuales\/"]}]},{"@type":"BreadcrumbList","@id":"https:\/\/smartpuller.com\/es\/informacion\/manuales\/#breadcrumb","itemListElement":[{"@type":"ListItem","position":1,"name":"Home","item":"https:\/\/smartpuller.com\/es\/"},{"@type":"ListItem","position":2,"name":"Informaci\u00f3n","item":"https:\/\/smartpuller.com\/es\/informacion\/"},{"@type":"ListItem","position":3,"name":"Manuales"}]},{"@type":"WebSite","@id":"https:\/\/smartpuller.com\/fi\/#website","url":"https:\/\/smartpuller.com\/fi\/","name":"SmartPuller","description":"SmartPuller","potentialAction":[{"@type":"SearchAction","target":{"@type":"EntryPoint","urlTemplate":"https:\/\/smartpuller.com\/fi\/?s={search_term_string}"},"query-input":{"@type":"PropertyValueSpecification","valueRequired":true,"valueName":"search_term_string"}}],"inLanguage":"es"}]}},"_links":{"self":[{"href":"https:\/\/smartpuller.com\/es\/wp-json\/wp\/v2\/pages\/2258","targetHints":{"allow":["GET"]}}],"collection":[{"href":"https:\/\/smartpuller.com\/es\/wp-json\/wp\/v2\/pages"}],"about":[{"href":"https:\/\/smartpuller.com\/es\/wp-json\/wp\/v2\/types\/page"}],"author":[{"embeddable":true,"href":"https:\/\/smartpuller.com\/es\/wp-json\/wp\/v2\/users\/101"}],"replies":[{"embeddable":true,"href":"https:\/\/smartpuller.com\/es\/wp-json\/wp\/v2\/comments?post=2258"}],"version-history":[{"count":1,"href":"https:\/\/smartpuller.com\/es\/wp-json\/wp\/v2\/pages\/2258\/revisions"}],"predecessor-version":[{"id":612735,"href":"https:\/\/smartpuller.com\/es\/wp-json\/wp\/v2\/pages\/2258\/revisions\/612735"}],"up":[{"embeddable":true,"href":"https:\/\/smartpuller.com\/es\/wp-json\/wp\/v2\/pages\/2253"}],"wp:attachment":[{"href":"https:\/\/smartpuller.com\/es\/wp-json\/wp\/v2\/media?parent=2258"}],"curies":[{"name":"wp","href":"https:\/\/api.w.org\/{rel}","templated":true}]}}