{"id":2253,"date":"2016-01-13T11:23:20","date_gmt":"2016-01-13T09:23:20","guid":{"rendered":"https:\/\/smartpuller.com\/support\/"},"modified":"2017-11-21T08:12:00","modified_gmt":"2017-11-21T06:12:00","slug":"informacion","status":"publish","type":"page","link":"https:\/\/smartpuller.com\/es\/informacion\/","title":{"rendered":"Informaci\u00f3n"},"content":{"rendered":"<p>Bienvenidos a las p\u00e1ginas de informaci\u00f3n de SmartPuller.  Aqu\u00ed puede encontrar informaci\u00f3n valiosa sobre garant\u00edas, ensamble y registro de SmartPuller. En caso de que no encuentre respuestas en estas p\u00e1ginas no dude en contactarnos v\u00eda E-Mail, chat \u00f3 tel\u00e9fono. Estamos para ayudar.<\/p>\n<p>Para contactarnos, favor usar <a href=\"https:\/\/smartpuller.com\/es\/contacto\/\">formulario de contacto<\/a>, E-Mail <a href=\"mailto:info@smartpuller.com\">info@smartpuller.com<\/a> \u00f3 llame a los n\u00fameros +358 10\u00a0322 5711 \u00f3 +358 50\u00a0408 0937. Observe que estamos abiertos desde 8 AM hasta 4 PM, de lunes a viernes.<\/p>\n<p><a href=\"\/es\/informacion\/manuales\/\"><img loading=\"lazy\" decoding=\"async\" width=\"283\" height=\"400\" src=\"https:\/\/smartpuller.com\/wp-content\/uploads\/2017\/10\/instructions-smartpuller_spanish.jpg\" alt=\"smartpuller-manuals\" style=\"width: 46%; margin-right: 6%; margin-bottom: 6%;\" class=\"wp-image-2433\" srcset=\"https:\/\/smartpuller.com\/wp-content\/uploads\/2017\/10\/instructions-smartpuller_spanish.jpg 283w, https:\/\/smartpuller.com\/wp-content\/uploads\/2017\/10\/instructions-smartpuller_spanish-212x300.jpg 212w\" sizes=\"auto, (max-width: 283px) 100vw, 283px\" \/><\/a><a href=\"\/es\/informacion\/faq\/\"><img loading=\"lazy\" decoding=\"async\" width=\"283\" height=\"400\" src=\"https:\/\/smartpuller.com\/wp-content\/uploads\/2017\/10\/faq_spanish.jpg\" alt=\"smartpuller-faq\" style=\"width: 46%; margin-bottom: 6%;\" class=\"wp-image-2442\" srcset=\"https:\/\/smartpuller.com\/wp-content\/uploads\/2017\/10\/faq_spanish.jpg 283w, https:\/\/smartpuller.com\/wp-content\/uploads\/2017\/10\/faq_spanish-212x300.jpg 212w\" sizes=\"auto, (max-width: 283px) 100vw, 283px\" \/><\/a><br \/>\n<a href=\"\/es\/informacion\/garantia\/\"><img loading=\"lazy\" decoding=\"async\" width=\"283\" height=\"400\" src=\"https:\/\/smartpuller.com\/wp-content\/uploads\/2017\/10\/warranty__SPA.jpg\" alt=\"smartpuller-warranty\" style=\"width: 46%; margin-right: 6%;\" class=\"wp-image-2838\" srcset=\"https:\/\/smartpuller.com\/wp-content\/uploads\/2017\/10\/warranty__SPA.jpg 283w, https:\/\/smartpuller.com\/wp-content\/uploads\/2017\/10\/warranty__SPA-212x300.jpg 212w\" sizes=\"auto, (max-width: 283px) 100vw, 283px\" \/><\/a><a href=\"\/es\/informacion\/conectar-y-registrarse\/\"><img loading=\"lazy\" decoding=\"async\" width=\"283\" height=\"400\" src=\"https:\/\/smartpuller.com\/wp-content\/uploads\/2017\/10\/register-your-product-smartpuller_spanish.jpg\"  alt=\"smartpuller-register\" style=\"width: 46%;\" class=\"wp-image-2436\" srcset=\"https:\/\/smartpuller.com\/wp-content\/uploads\/2017\/10\/register-your-product-smartpuller_spanish.jpg 283w, https:\/\/smartpuller.com\/wp-content\/uploads\/2017\/10\/register-your-product-smartpuller_spanish-212x300.jpg 212w\" sizes=\"auto, (max-width: 283px) 100vw, 283px\" \/><\/a><\/p>\n<p><a href=\"https:\/\/smartpuller.com\/es\/areas-de-enderezamiento\/\">\u00bb \u00c1reas de Enderezamiento<\/a><\/p>\n","protected":false},"excerpt":{"rendered":"<p>Bienvenidos a las p\u00e1ginas de informaci\u00f3n de SmartPuller. Aqu\u00ed puede encontrar informaci\u00f3n valiosa sobre garant\u00edas, ensamble y registro de SmartPuller. En caso de que no encuentre respuestas en estas p\u00e1ginas no dude en contactarnos v\u00eda E-Mail, chat \u00f3 tel\u00e9fono. Estamos para ayudar. Para contactarnos, favor usar formulario de contacto, E-Mail info@smartpuller.com \u00f3 llame a los [&hellip;]<\/p>\n","protected":false},"author":101,"featured_media":0,"parent":0,"menu_order":40,"comment_status":"closed","ping_status":"closed","template":"","meta":{"_genesis_hide_title":false,"_genesis_hide_breadcrumbs":false,"_genesis_hide_singular_image":false,"_genesis_hide_footer_widgets":false,"_genesis_custom_body_class":"","_genesis_custom_post_class":"","_genesis_layout":"","footnotes":""},"class_list":{"0":"post-2253","1":"page","2":"type-page","3":"status-publish","5":"entry","6":"has-post-thumbnail"},"yoast_head":"<!-- This site is optimized with the Yoast SEO plugin v27.4 - https:\/\/yoast.com\/product\/yoast-seo-wordpress\/ -->\n<title>Support page for SmartPuller dent puller<\/title>\n<meta name=\"description\" content=\"Our support page contains an assembling instruction for SmarPuller. You can also see answers for the frequently asked questions, and learn about our warranty.\" \/>\n<meta name=\"robots\" content=\"index, follow, max-snippet:-1, max-image-preview:large, max-video-preview:-1\" \/>\n<link rel=\"canonical\" href=\"https:\/\/smartpuller.com\/es\/informacion\/\" \/>\n<meta property=\"og:locale\" content=\"es_ES\" \/>\n<meta property=\"og:type\" content=\"article\" \/>\n<meta property=\"og:title\" content=\"Support page for SmartPuller dent puller\" \/>\n<meta property=\"og:description\" content=\"Our support page contains an assembling instruction for SmarPuller. You can also see answers for the frequently asked questions, and learn about our warranty.\" \/>\n<meta property=\"og:url\" content=\"https:\/\/smartpuller.com\/es\/informacion\/\" \/>\n<meta property=\"og:site_name\" content=\"SmartPuller\" \/>\n<meta property=\"article:publisher\" content=\"https:\/\/www.facebook.com\/smartpuller\/\" \/>\n<meta property=\"article:modified_time\" content=\"2017-11-21T06:12:00+00:00\" \/>\n<meta property=\"og:image\" content=\"https:\/\/smartpuller.com\/wp-content\/uploads\/2017\/10\/instructions-smartpuller_spanish.jpg\" \/>\n<meta name=\"twitter:card\" content=\"summary_large_image\" \/>\n<script type=\"application\/ld+json\" class=\"yoast-schema-graph\">{\"@context\":\"https:\\\/\\\/schema.org\",\"@graph\":[{\"@type\":\"WebPage\",\"@id\":\"https:\\\/\\\/smartpuller.com\\\/es\\\/informacion\\\/\",\"url\":\"https:\\\/\\\/smartpuller.com\\\/es\\\/informacion\\\/\",\"name\":\"Support page for SmartPuller dent puller\",\"isPartOf\":{\"@id\":\"https:\\\/\\\/smartpuller.com\\\/fi\\\/#website\"},\"primaryImageOfPage\":{\"@id\":\"https:\\\/\\\/smartpuller.com\\\/es\\\/informacion\\\/#primaryimage\"},\"image\":{\"@id\":\"https:\\\/\\\/smartpuller.com\\\/es\\\/informacion\\\/#primaryimage\"},\"thumbnailUrl\":\"https:\\\/\\\/smartpuller.com\\\/wp-content\\\/uploads\\\/2017\\\/10\\\/instructions-smartpuller_spanish.jpg\",\"datePublished\":\"2016-01-13T09:23:20+00:00\",\"dateModified\":\"2017-11-21T06:12:00+00:00\",\"description\":\"Our support page contains an assembling instruction for SmarPuller. You can also see answers for the frequently asked questions, and learn about our warranty.\",\"breadcrumb\":{\"@id\":\"https:\\\/\\\/smartpuller.com\\\/es\\\/informacion\\\/#breadcrumb\"},\"inLanguage\":\"es\",\"potentialAction\":[{\"@type\":\"ReadAction\",\"target\":[\"https:\\\/\\\/smartpuller.com\\\/es\\\/informacion\\\/\"]}]},{\"@type\":\"ImageObject\",\"inLanguage\":\"es\",\"@id\":\"https:\\\/\\\/smartpuller.com\\\/es\\\/informacion\\\/#primaryimage\",\"url\":\"https:\\\/\\\/smartpuller.com\\\/wp-content\\\/uploads\\\/2017\\\/10\\\/instructions-smartpuller_spanish.jpg\",\"contentUrl\":\"https:\\\/\\\/smartpuller.com\\\/wp-content\\\/uploads\\\/2017\\\/10\\\/instructions-smartpuller_spanish.jpg\"},{\"@type\":\"BreadcrumbList\",\"@id\":\"https:\\\/\\\/smartpuller.com\\\/es\\\/informacion\\\/#breadcrumb\",\"itemListElement\":[{\"@type\":\"ListItem\",\"position\":1,\"name\":\"Home\",\"item\":\"https:\\\/\\\/smartpuller.com\\\/es\\\/\"},{\"@type\":\"ListItem\",\"position\":2,\"name\":\"Informaci\u00f3n\"}]},{\"@type\":\"WebSite\",\"@id\":\"https:\\\/\\\/smartpuller.com\\\/fi\\\/#website\",\"url\":\"https:\\\/\\\/smartpuller.com\\\/fi\\\/\",\"name\":\"SmartPuller\",\"description\":\"SmartPuller\",\"potentialAction\":[{\"@type\":\"SearchAction\",\"target\":{\"@type\":\"EntryPoint\",\"urlTemplate\":\"https:\\\/\\\/smartpuller.com\\\/fi\\\/?s={search_term_string}\"},\"query-input\":{\"@type\":\"PropertyValueSpecification\",\"valueRequired\":true,\"valueName\":\"search_term_string\"}}],\"inLanguage\":\"es\"}]}<\/script>\n<!-- \/ Yoast SEO plugin. -->","yoast_head_json":{"title":"Support page for SmartPuller dent puller","description":"Our support page contains an assembling instruction for SmarPuller. You can also see answers for the frequently asked questions, and learn about our warranty.","robots":{"index":"index","follow":"follow","max-snippet":"max-snippet:-1","max-image-preview":"max-image-preview:large","max-video-preview":"max-video-preview:-1"},"canonical":"https:\/\/smartpuller.com\/es\/informacion\/","og_locale":"es_ES","og_type":"article","og_title":"Support page for SmartPuller dent puller","og_description":"Our support page contains an assembling instruction for SmarPuller. You can also see answers for the frequently asked questions, and learn about our warranty.","og_url":"https:\/\/smartpuller.com\/es\/informacion\/","og_site_name":"SmartPuller","article_publisher":"https:\/\/www.facebook.com\/smartpuller\/","article_modified_time":"2017-11-21T06:12:00+00:00","og_image":[{"url":"https:\/\/smartpuller.com\/wp-content\/uploads\/2017\/10\/instructions-smartpuller_spanish.jpg","type":"","width":"","height":""}],"twitter_card":"summary_large_image","schema":{"@context":"https:\/\/schema.org","@graph":[{"@type":"WebPage","@id":"https:\/\/smartpuller.com\/es\/informacion\/","url":"https:\/\/smartpuller.com\/es\/informacion\/","name":"Support page for SmartPuller dent puller","isPartOf":{"@id":"https:\/\/smartpuller.com\/fi\/#website"},"primaryImageOfPage":{"@id":"https:\/\/smartpuller.com\/es\/informacion\/#primaryimage"},"image":{"@id":"https:\/\/smartpuller.com\/es\/informacion\/#primaryimage"},"thumbnailUrl":"https:\/\/smartpuller.com\/wp-content\/uploads\/2017\/10\/instructions-smartpuller_spanish.jpg","datePublished":"2016-01-13T09:23:20+00:00","dateModified":"2017-11-21T06:12:00+00:00","description":"Our support page contains an assembling instruction for SmarPuller. You can also see answers for the frequently asked questions, and learn about our warranty.","breadcrumb":{"@id":"https:\/\/smartpuller.com\/es\/informacion\/#breadcrumb"},"inLanguage":"es","potentialAction":[{"@type":"ReadAction","target":["https:\/\/smartpuller.com\/es\/informacion\/"]}]},{"@type":"ImageObject","inLanguage":"es","@id":"https:\/\/smartpuller.com\/es\/informacion\/#primaryimage","url":"https:\/\/smartpuller.com\/wp-content\/uploads\/2017\/10\/instructions-smartpuller_spanish.jpg","contentUrl":"https:\/\/smartpuller.com\/wp-content\/uploads\/2017\/10\/instructions-smartpuller_spanish.jpg"},{"@type":"BreadcrumbList","@id":"https:\/\/smartpuller.com\/es\/informacion\/#breadcrumb","itemListElement":[{"@type":"ListItem","position":1,"name":"Home","item":"https:\/\/smartpuller.com\/es\/"},{"@type":"ListItem","position":2,"name":"Informaci\u00f3n"}]},{"@type":"WebSite","@id":"https:\/\/smartpuller.com\/fi\/#website","url":"https:\/\/smartpuller.com\/fi\/","name":"SmartPuller","description":"SmartPuller","potentialAction":[{"@type":"SearchAction","target":{"@type":"EntryPoint","urlTemplate":"https:\/\/smartpuller.com\/fi\/?s={search_term_string}"},"query-input":{"@type":"PropertyValueSpecification","valueRequired":true,"valueName":"search_term_string"}}],"inLanguage":"es"}]}},"_links":{"self":[{"href":"https:\/\/smartpuller.com\/es\/wp-json\/wp\/v2\/pages\/2253","targetHints":{"allow":["GET"]}}],"collection":[{"href":"https:\/\/smartpuller.com\/es\/wp-json\/wp\/v2\/pages"}],"about":[{"href":"https:\/\/smartpuller.com\/es\/wp-json\/wp\/v2\/types\/page"}],"author":[{"embeddable":true,"href":"https:\/\/smartpuller.com\/es\/wp-json\/wp\/v2\/users\/101"}],"replies":[{"embeddable":true,"href":"https:\/\/smartpuller.com\/es\/wp-json\/wp\/v2\/comments?post=2253"}],"version-history":[{"count":0,"href":"https:\/\/smartpuller.com\/es\/wp-json\/wp\/v2\/pages\/2253\/revisions"}],"wp:attachment":[{"href":"https:\/\/smartpuller.com\/es\/wp-json\/wp\/v2\/media?parent=2253"}],"curies":[{"name":"wp","href":"https:\/\/api.w.org\/{rel}","templated":true}]}}