{"id":2247,"date":"2017-09-14T10:57:01","date_gmt":"2017-09-14T07:57:01","guid":{"rendered":"https:\/\/smartpuller.com\/galeria\/video-gallery\/"},"modified":"2017-10-26T08:16:29","modified_gmt":"2017-10-26T05:16:29","slug":"videos","status":"publish","type":"page","link":"https:\/\/smartpuller.com\/es\/promocion\/videos\/","title":{"rendered":"Videos"},"content":{"rendered":"<h3>Videos de SmartPuller<\/h3>\n<p>&nbsp;<\/p>\n<p>Los videos de SmartPuller muestran c\u00f3mo se puede utilizar el equipo f\u00e1cilmente. SmartPuller permite enderezar casi todas las a\u00e9reas del veh\u00edculo en todas las direcciones necesarias.<\/p>\n<p>Video de presentaci\u00f3n SmartPuller, versi\u00f3n corta (2:00)<\/p>\n<p><iframe loading=\"lazy\" style=\"max-width: 100%;\" src=\"https:\/\/www.youtube.com\/embed\/eZS2QNk2_JY\" width=\"360\" height=\"202\" frameborder=\"0\" allowfullscreen=\"allowfullscreen\"><\/iframe><\/p>\n<p>Video de presentaci\u00f3n SmartPuller, versi\u00f3n larga (9:10)<\/p>\n<p><iframe loading=\"lazy\" style=\"max-width: 100%;\" src=\"https:\/\/www.youtube.com\/embed\/8F06yEDfYVY?rel=0\" width=\"360\" height=\"202\" frameborder=\"0\" allowfullscreen=\"allowfullscreen\"><\/iframe><\/p>\n<p>Video de Instrucci\u00f3n SmartPuller, versi\u00f3n larga (28:47)<\/p>\n<p><iframe loading=\"lazy\" style=\"max-width: 100%;\" src=\"https:\/\/www.youtube.com\/embed\/mckGvuvKcWE\" width=\"360\" height=\"202\" frameborder=\"0\" allowfullscreen=\"allowfullscreen\"><\/iframe><\/p>\n<p>Manejo de puertas con SmartPuller (2:47)<\/p>\n<p><iframe loading=\"lazy\" style=\"max-width: 100%;\" src=\"https:\/\/www.youtube.com\/embed\/Hgty13_STx4\" width=\"360\" height=\"203\" frameborder=\"0\" allowfullscreen=\"allowfullscreen\"><\/iframe><\/p>\n","protected":false},"excerpt":{"rendered":"<p>Videos de SmartPuller &nbsp; Los videos de SmartPuller muestran c\u00f3mo se puede utilizar el equipo f\u00e1cilmente. SmartPuller permite enderezar casi todas las a\u00e9reas del veh\u00edculo en todas las direcciones necesarias. Video de presentaci\u00f3n SmartPuller, versi\u00f3n corta (2:00) Video de presentaci\u00f3n SmartPuller, versi\u00f3n larga (9:10) Video de Instrucci\u00f3n SmartPuller, versi\u00f3n larga (28:47) Manejo de puertas con [&hellip;]<\/p>\n","protected":false},"author":101,"featured_media":0,"parent":2240,"menu_order":0,"comment_status":"closed","ping_status":"closed","template":"","meta":{"_genesis_hide_title":false,"_genesis_hide_breadcrumbs":false,"_genesis_hide_singular_image":false,"_genesis_hide_footer_widgets":false,"_genesis_custom_body_class":"","_genesis_custom_post_class":"","_genesis_layout":"","footnotes":""},"class_list":{"0":"post-2247","1":"page","2":"type-page","3":"status-publish","5":"entry"},"yoast_head":"<!-- This site is optimized with the Yoast SEO plugin v27.4 - https:\/\/yoast.com\/product\/yoast-seo-wordpress\/ -->\n<title>Video gallery of SmartPuller dent pulling system. See all product videos here.<\/title>\n<meta name=\"description\" content=\"The videos of SmartPuller dent pulling device show how you can use the system easily. It is suitable for almost all dent pulling tasks of a body shop.\" \/>\n<meta name=\"robots\" content=\"index, follow, max-snippet:-1, max-image-preview:large, max-video-preview:-1\" \/>\n<link rel=\"canonical\" href=\"https:\/\/smartpuller.com\/es\/promocion\/videos\/\" \/>\n<meta property=\"og:locale\" content=\"es_ES\" \/>\n<meta property=\"og:type\" content=\"article\" \/>\n<meta property=\"og:title\" content=\"Video gallery of SmartPuller dent pulling system. See all product videos here.\" \/>\n<meta property=\"og:description\" content=\"The videos of SmartPuller dent pulling device show how you can use the system easily. It is suitable for almost all dent pulling tasks of a body shop.\" \/>\n<meta property=\"og:url\" content=\"https:\/\/smartpuller.com\/es\/promocion\/videos\/\" \/>\n<meta property=\"og:site_name\" content=\"SmartPuller\" \/>\n<meta property=\"article:publisher\" content=\"https:\/\/www.facebook.com\/smartpuller\/\" \/>\n<meta property=\"article:modified_time\" content=\"2017-10-26T05:16:29+00:00\" \/>\n<meta name=\"twitter:card\" content=\"summary_large_image\" \/>\n<script type=\"application\/ld+json\" class=\"yoast-schema-graph\">{\"@context\":\"https:\\\/\\\/schema.org\",\"@graph\":[{\"@type\":\"WebPage\",\"@id\":\"https:\\\/\\\/smartpuller.com\\\/es\\\/promocion\\\/videos\\\/\",\"url\":\"https:\\\/\\\/smartpuller.com\\\/es\\\/promocion\\\/videos\\\/\",\"name\":\"Video gallery of SmartPuller dent pulling system. See all product videos here.\",\"isPartOf\":{\"@id\":\"https:\\\/\\\/smartpuller.com\\\/fi\\\/#website\"},\"datePublished\":\"2017-09-14T07:57:01+00:00\",\"dateModified\":\"2017-10-26T05:16:29+00:00\",\"description\":\"The videos of SmartPuller dent pulling device show how you can use the system easily. It is suitable for almost all dent pulling tasks of a body shop.\",\"breadcrumb\":{\"@id\":\"https:\\\/\\\/smartpuller.com\\\/es\\\/promocion\\\/videos\\\/#breadcrumb\"},\"inLanguage\":\"es\",\"potentialAction\":[{\"@type\":\"ReadAction\",\"target\":[\"https:\\\/\\\/smartpuller.com\\\/es\\\/promocion\\\/videos\\\/\"]}]},{\"@type\":\"BreadcrumbList\",\"@id\":\"https:\\\/\\\/smartpuller.com\\\/es\\\/promocion\\\/videos\\\/#breadcrumb\",\"itemListElement\":[{\"@type\":\"ListItem\",\"position\":1,\"name\":\"Home\",\"item\":\"https:\\\/\\\/smartpuller.com\\\/es\\\/\"},{\"@type\":\"ListItem\",\"position\":2,\"name\":\"Promoci\u00f3n\",\"item\":\"https:\\\/\\\/smartpuller.com\\\/es\\\/promocion\\\/\"},{\"@type\":\"ListItem\",\"position\":3,\"name\":\"Videos\"}]},{\"@type\":\"WebSite\",\"@id\":\"https:\\\/\\\/smartpuller.com\\\/fi\\\/#website\",\"url\":\"https:\\\/\\\/smartpuller.com\\\/fi\\\/\",\"name\":\"SmartPuller\",\"description\":\"SmartPuller\",\"potentialAction\":[{\"@type\":\"SearchAction\",\"target\":{\"@type\":\"EntryPoint\",\"urlTemplate\":\"https:\\\/\\\/smartpuller.com\\\/fi\\\/?s={search_term_string}\"},\"query-input\":{\"@type\":\"PropertyValueSpecification\",\"valueRequired\":true,\"valueName\":\"search_term_string\"}}],\"inLanguage\":\"es\"}]}<\/script>\n<!-- \/ Yoast SEO plugin. -->","yoast_head_json":{"title":"Video gallery of SmartPuller dent pulling system. See all product videos here.","description":"The videos of SmartPuller dent pulling device show how you can use the system easily. It is suitable for almost all dent pulling tasks of a body shop.","robots":{"index":"index","follow":"follow","max-snippet":"max-snippet:-1","max-image-preview":"max-image-preview:large","max-video-preview":"max-video-preview:-1"},"canonical":"https:\/\/smartpuller.com\/es\/promocion\/videos\/","og_locale":"es_ES","og_type":"article","og_title":"Video gallery of SmartPuller dent pulling system. See all product videos here.","og_description":"The videos of SmartPuller dent pulling device show how you can use the system easily. It is suitable for almost all dent pulling tasks of a body shop.","og_url":"https:\/\/smartpuller.com\/es\/promocion\/videos\/","og_site_name":"SmartPuller","article_publisher":"https:\/\/www.facebook.com\/smartpuller\/","article_modified_time":"2017-10-26T05:16:29+00:00","twitter_card":"summary_large_image","schema":{"@context":"https:\/\/schema.org","@graph":[{"@type":"WebPage","@id":"https:\/\/smartpuller.com\/es\/promocion\/videos\/","url":"https:\/\/smartpuller.com\/es\/promocion\/videos\/","name":"Video gallery of SmartPuller dent pulling system. See all product videos here.","isPartOf":{"@id":"https:\/\/smartpuller.com\/fi\/#website"},"datePublished":"2017-09-14T07:57:01+00:00","dateModified":"2017-10-26T05:16:29+00:00","description":"The videos of SmartPuller dent pulling device show how you can use the system easily. It is suitable for almost all dent pulling tasks of a body shop.","breadcrumb":{"@id":"https:\/\/smartpuller.com\/es\/promocion\/videos\/#breadcrumb"},"inLanguage":"es","potentialAction":[{"@type":"ReadAction","target":["https:\/\/smartpuller.com\/es\/promocion\/videos\/"]}]},{"@type":"BreadcrumbList","@id":"https:\/\/smartpuller.com\/es\/promocion\/videos\/#breadcrumb","itemListElement":[{"@type":"ListItem","position":1,"name":"Home","item":"https:\/\/smartpuller.com\/es\/"},{"@type":"ListItem","position":2,"name":"Promoci\u00f3n","item":"https:\/\/smartpuller.com\/es\/promocion\/"},{"@type":"ListItem","position":3,"name":"Videos"}]},{"@type":"WebSite","@id":"https:\/\/smartpuller.com\/fi\/#website","url":"https:\/\/smartpuller.com\/fi\/","name":"SmartPuller","description":"SmartPuller","potentialAction":[{"@type":"SearchAction","target":{"@type":"EntryPoint","urlTemplate":"https:\/\/smartpuller.com\/fi\/?s={search_term_string}"},"query-input":{"@type":"PropertyValueSpecification","valueRequired":true,"valueName":"search_term_string"}}],"inLanguage":"es"}]}},"_links":{"self":[{"href":"https:\/\/smartpuller.com\/es\/wp-json\/wp\/v2\/pages\/2247","targetHints":{"allow":["GET"]}}],"collection":[{"href":"https:\/\/smartpuller.com\/es\/wp-json\/wp\/v2\/pages"}],"about":[{"href":"https:\/\/smartpuller.com\/es\/wp-json\/wp\/v2\/types\/page"}],"author":[{"embeddable":true,"href":"https:\/\/smartpuller.com\/es\/wp-json\/wp\/v2\/users\/101"}],"replies":[{"embeddable":true,"href":"https:\/\/smartpuller.com\/es\/wp-json\/wp\/v2\/comments?post=2247"}],"version-history":[{"count":0,"href":"https:\/\/smartpuller.com\/es\/wp-json\/wp\/v2\/pages\/2247\/revisions"}],"up":[{"embeddable":true,"href":"https:\/\/smartpuller.com\/es\/wp-json\/wp\/v2\/pages\/2240"}],"wp:attachment":[{"href":"https:\/\/smartpuller.com\/es\/wp-json\/wp\/v2\/media?parent=2247"}],"curies":[{"name":"wp","href":"https:\/\/api.w.org\/{rel}","templated":true}]}}