{"id":2240,"date":"2016-11-15T09:39:00","date_gmt":"2016-11-15T07:39:00","guid":{"rendered":"https:\/\/smartpuller.com\/gallery\/"},"modified":"2017-11-30T08:14:39","modified_gmt":"2017-11-30T06:14:39","slug":"promocion","status":"publish","type":"page","link":"https:\/\/smartpuller.com\/es\/promocion\/","title":{"rendered":"Promoci\u00f3n"},"content":{"rendered":"<div id=\"pl-2240\"  class=\"panel-layout\" ><div id=\"pg-2240-0\"  class=\"panel-grid panel-no-style\" ><div id=\"pgc-2240-0-0\"  class=\"panel-grid-cell\" ><div id=\"panel-2240-0-0-0\" class=\"so-panel widget widget_sow-editor panel-first-child panel-last-child\" data-index=\"0\" ><div\n\t\t\t\n\t\t\tclass=\"so-widget-sow-editor so-widget-sow-editor-base\"\n\t\t\t\n\t\t>\n<div class=\"siteorigin-widget-tinymce textwidget\">\n\t<p>Bienvenidos a ver nuestro material de promoci\u00f3n de SmartPuller. Aqu\u00ed encontrar\u00e1 im\u00e1genes para imprimir sobre las combinaciones m\u00e1s comunes de los Equipos e Implementos de SmartPuller para sus consideraciones. Igualmente le brindamos fotos y videos sobre diversas situaciones de reparaciones ejecutadas con SmartPuller.<br \/>\nSmartPuller completa las reparaciones r\u00e1pido y eficiente por tener ruedas para moverlo f\u00e1cilmente a los sitios de las reparaciones alrededor del veh\u00edculo. <\/p>\n<\/div>\n<\/div><\/div><\/div><\/div><div id=\"pg-2240-1\"  class=\"panel-grid panel-no-style\" ><div id=\"pgc-2240-1-0\"  class=\"panel-grid-cell\" ><div id=\"panel-2240-1-0-0\" class=\"so-panel widget widget_sow-editor panel-first-child panel-last-child\" data-index=\"1\" ><div\n\t\t\t\n\t\t\tclass=\"so-widget-sow-editor so-widget-sow-editor-base\"\n\t\t\t\n\t\t>\n<div class=\"siteorigin-widget-tinymce textwidget\">\n\t<p><a href=\"https:\/\/smartpuller.com\/es\/promocion\/imagenes\/\"><\/p>\n<h4 class=\"galleriaotsikko\"><span>Fotos<\/span><\/h4>\n<p><img loading=\"lazy\" decoding=\"async\" class=\"wp-image-3224\" src=\"https:\/\/smartpuller.com\/wp-content\/uploads\/2017\/10\/image_gallery-of-smartpuller-300x300.jpg\" alt=\"Images\" width=\"225\" height=\"225\" srcset=\"https:\/\/smartpuller.com\/wp-content\/uploads\/2017\/10\/image_gallery-of-smartpuller-300x300.jpg 300w, https:\/\/smartpuller.com\/wp-content\/uploads\/2017\/10\/image_gallery-of-smartpuller-100x100.jpg 100w, https:\/\/smartpuller.com\/wp-content\/uploads\/2017\/10\/image_gallery-of-smartpuller-150x150.jpg 150w, https:\/\/smartpuller.com\/wp-content\/uploads\/2017\/10\/image_gallery-of-smartpuller.jpg 500w\" sizes=\"auto, (max-width: 225px) 100vw, 225px\" \/><\/a><\/p>\n<\/div>\n<\/div><\/div><\/div><div id=\"pgc-2240-1-1\"  class=\"panel-grid-cell\" ><div id=\"panel-2240-1-1-0\" class=\"so-panel widget widget_sow-editor panel-first-child panel-last-child\" data-index=\"2\" ><div\n\t\t\t\n\t\t\tclass=\"so-widget-sow-editor so-widget-sow-editor-base\"\n\t\t\t\n\t\t>\n<div class=\"siteorigin-widget-tinymce textwidget\">\n\t<p><a href=\"https:\/\/smartpuller.com\/es\/promocion\/videos\/\"><\/p>\n<h4 class=\"galleriaotsikko\"><span>Videos<\/span><\/h4>\n<p><img loading=\"lazy\" decoding=\"async\" class=\"wp-image-3230\" src=\"https:\/\/smartpuller.com\/wp-content\/uploads\/2017\/10\/video-gallery-of-smartpuller.jpg\" alt=\"Videos\" width=\"225\" height=\"225\" srcset=\"https:\/\/smartpuller.com\/wp-content\/uploads\/2017\/10\/video-gallery-of-smartpuller.jpg 225w, https:\/\/smartpuller.com\/wp-content\/uploads\/2017\/10\/video-gallery-of-smartpuller-100x100.jpg 100w, https:\/\/smartpuller.com\/wp-content\/uploads\/2017\/10\/video-gallery-of-smartpuller-150x150.jpg 150w\" sizes=\"auto, (max-width: 225px) 100vw, 225px\" \/><\/a><\/p>\n<\/div>\n<\/div><\/div><\/div><div id=\"pgc-2240-1-2\"  class=\"panel-grid-cell\" ><div id=\"panel-2240-1-2-0\" class=\"so-panel widget widget_sow-editor panel-first-child panel-last-child\" data-index=\"3\" ><div\n\t\t\t\n\t\t\tclass=\"so-widget-sow-editor so-widget-sow-editor-base\"\n\t\t\t\n\t\t>\n<div class=\"siteorigin-widget-tinymce textwidget\">\n\t<p><a href=\"https:\/\/smartpuller.com\/es\/promocion\/pdf-para-imprimir\/\"><\/p>\n<h4 class=\"galleriaotsikko\"><span>Im\u00e1genes para Imprimir<\/span><\/h4>\n<p><img loading=\"lazy\" decoding=\"async\" class=\"wp-image-3227\" src=\"https:\/\/smartpuller.com\/wp-content\/uploads\/2017\/10\/pdf-gallery-of-smartpuller-300x300.jpg\" alt=\"\" width=\"225\" height=\"225\" srcset=\"https:\/\/smartpuller.com\/wp-content\/uploads\/2017\/10\/pdf-gallery-of-smartpuller-300x300.jpg 300w, https:\/\/smartpuller.com\/wp-content\/uploads\/2017\/10\/pdf-gallery-of-smartpuller-100x100.jpg 100w, https:\/\/smartpuller.com\/wp-content\/uploads\/2017\/10\/pdf-gallery-of-smartpuller-150x150.jpg 150w, https:\/\/smartpuller.com\/wp-content\/uploads\/2017\/10\/pdf-gallery-of-smartpuller.jpg 482w\" sizes=\"auto, (max-width: 225px) 100vw, 225px\" \/><\/a><\/p>\n<\/div>\n<\/div><\/div><\/div><\/div><\/div>","protected":false},"excerpt":{"rendered":"<p>Bienvenidos a ver nuestro material de promoci\u00f3n de SmartPuller. Aqu\u00ed encontrar\u00e1 im\u00e1genes para imprimir sobre las combinaciones m\u00e1s comunes de los Equipos e Implementos de SmartPuller para sus consideraciones. Igualmente le brindamos fotos y videos sobre diversas situaciones de reparaciones ejecutadas con SmartPuller. SmartPuller completa las reparaciones r\u00e1pido y eficiente por tener ruedas para moverlo [&hellip;]<\/p>\n","protected":false},"author":101,"featured_media":0,"parent":0,"menu_order":0,"comment_status":"closed","ping_status":"closed","template":"","meta":{"_genesis_hide_title":false,"_genesis_hide_breadcrumbs":false,"_genesis_hide_singular_image":false,"_genesis_hide_footer_widgets":false,"_genesis_custom_body_class":"","_genesis_custom_post_class":"","_genesis_layout":"","footnotes":""},"class_list":{"0":"post-2240","1":"page","2":"type-page","3":"status-publish","5":"entry","6":"has-post-thumbnail"},"yoast_head":"<!-- This site is optimized with the Yoast SEO plugin v27.4 - https:\/\/yoast.com\/product\/yoast-seo-wordpress\/ -->\n<title>Promoci\u00f3n<\/title>\n<meta name=\"description\" content=\"Bienvenidos a ver nuestro material de promoci\u00f3n de SmartPuller.\" \/>\n<meta name=\"robots\" content=\"index, follow, max-snippet:-1, max-image-preview:large, max-video-preview:-1\" \/>\n<link rel=\"canonical\" href=\"https:\/\/smartpuller.com\/es\/promocion\/\" \/>\n<meta property=\"og:locale\" content=\"es_ES\" \/>\n<meta property=\"og:type\" content=\"article\" \/>\n<meta property=\"og:title\" content=\"Promoci\u00f3n\" \/>\n<meta property=\"og:description\" content=\"Bienvenidos a ver nuestro material de promoci\u00f3n de SmartPuller.\" \/>\n<meta property=\"og:url\" content=\"https:\/\/smartpuller.com\/es\/promocion\/\" \/>\n<meta property=\"og:site_name\" content=\"SmartPuller\" \/>\n<meta property=\"article:publisher\" content=\"https:\/\/www.facebook.com\/smartpuller\/\" \/>\n<meta property=\"article:modified_time\" content=\"2017-11-30T06:14:39+00:00\" \/>\n<meta property=\"og:image\" content=\"https:\/\/smartpuller.com\/wp-content\/uploads\/2017\/10\/image_gallery-of-smartpuller-300x300.jpg\" \/>\n<meta name=\"twitter:card\" content=\"summary_large_image\" \/>\n<script type=\"application\/ld+json\" class=\"yoast-schema-graph\">{\"@context\":\"https:\\\/\\\/schema.org\",\"@graph\":[{\"@type\":\"WebPage\",\"@id\":\"https:\\\/\\\/smartpuller.com\\\/es\\\/promocion\\\/\",\"url\":\"https:\\\/\\\/smartpuller.com\\\/es\\\/promocion\\\/\",\"name\":\"Promoci\u00f3n\",\"isPartOf\":{\"@id\":\"https:\\\/\\\/smartpuller.com\\\/fi\\\/#website\"},\"primaryImageOfPage\":{\"@id\":\"https:\\\/\\\/smartpuller.com\\\/es\\\/promocion\\\/#primaryimage\"},\"image\":{\"@id\":\"https:\\\/\\\/smartpuller.com\\\/es\\\/promocion\\\/#primaryimage\"},\"thumbnailUrl\":\"https:\\\/\\\/smartpuller.com\\\/wp-content\\\/uploads\\\/2017\\\/10\\\/image_gallery-of-smartpuller-300x300.jpg\",\"datePublished\":\"2016-11-15T07:39:00+00:00\",\"dateModified\":\"2017-11-30T06:14:39+00:00\",\"description\":\"Bienvenidos a ver nuestro material de promoci\u00f3n de SmartPuller.\",\"breadcrumb\":{\"@id\":\"https:\\\/\\\/smartpuller.com\\\/es\\\/promocion\\\/#breadcrumb\"},\"inLanguage\":\"es\",\"potentialAction\":[{\"@type\":\"ReadAction\",\"target\":[\"https:\\\/\\\/smartpuller.com\\\/es\\\/promocion\\\/\"]}]},{\"@type\":\"ImageObject\",\"inLanguage\":\"es\",\"@id\":\"https:\\\/\\\/smartpuller.com\\\/es\\\/promocion\\\/#primaryimage\",\"url\":\"https:\\\/\\\/smartpuller.com\\\/wp-content\\\/uploads\\\/2017\\\/10\\\/image_gallery-of-smartpuller-300x300.jpg\",\"contentUrl\":\"https:\\\/\\\/smartpuller.com\\\/wp-content\\\/uploads\\\/2017\\\/10\\\/image_gallery-of-smartpuller-300x300.jpg\"},{\"@type\":\"BreadcrumbList\",\"@id\":\"https:\\\/\\\/smartpuller.com\\\/es\\\/promocion\\\/#breadcrumb\",\"itemListElement\":[{\"@type\":\"ListItem\",\"position\":1,\"name\":\"Home\",\"item\":\"https:\\\/\\\/smartpuller.com\\\/es\\\/\"},{\"@type\":\"ListItem\",\"position\":2,\"name\":\"Promoci\u00f3n\"}]},{\"@type\":\"WebSite\",\"@id\":\"https:\\\/\\\/smartpuller.com\\\/fi\\\/#website\",\"url\":\"https:\\\/\\\/smartpuller.com\\\/fi\\\/\",\"name\":\"SmartPuller\",\"description\":\"SmartPuller\",\"potentialAction\":[{\"@type\":\"SearchAction\",\"target\":{\"@type\":\"EntryPoint\",\"urlTemplate\":\"https:\\\/\\\/smartpuller.com\\\/fi\\\/?s={search_term_string}\"},\"query-input\":{\"@type\":\"PropertyValueSpecification\",\"valueRequired\":true,\"valueName\":\"search_term_string\"}}],\"inLanguage\":\"es\"}]}<\/script>\n<!-- \/ Yoast SEO plugin. -->","yoast_head_json":{"title":"Promoci\u00f3n","description":"Bienvenidos a ver nuestro material de promoci\u00f3n de SmartPuller.","robots":{"index":"index","follow":"follow","max-snippet":"max-snippet:-1","max-image-preview":"max-image-preview:large","max-video-preview":"max-video-preview:-1"},"canonical":"https:\/\/smartpuller.com\/es\/promocion\/","og_locale":"es_ES","og_type":"article","og_title":"Promoci\u00f3n","og_description":"Bienvenidos a ver nuestro material de promoci\u00f3n de SmartPuller.","og_url":"https:\/\/smartpuller.com\/es\/promocion\/","og_site_name":"SmartPuller","article_publisher":"https:\/\/www.facebook.com\/smartpuller\/","article_modified_time":"2017-11-30T06:14:39+00:00","og_image":[{"url":"https:\/\/smartpuller.com\/wp-content\/uploads\/2017\/10\/image_gallery-of-smartpuller-300x300.jpg","type":"","width":"","height":""}],"twitter_card":"summary_large_image","schema":{"@context":"https:\/\/schema.org","@graph":[{"@type":"WebPage","@id":"https:\/\/smartpuller.com\/es\/promocion\/","url":"https:\/\/smartpuller.com\/es\/promocion\/","name":"Promoci\u00f3n","isPartOf":{"@id":"https:\/\/smartpuller.com\/fi\/#website"},"primaryImageOfPage":{"@id":"https:\/\/smartpuller.com\/es\/promocion\/#primaryimage"},"image":{"@id":"https:\/\/smartpuller.com\/es\/promocion\/#primaryimage"},"thumbnailUrl":"https:\/\/smartpuller.com\/wp-content\/uploads\/2017\/10\/image_gallery-of-smartpuller-300x300.jpg","datePublished":"2016-11-15T07:39:00+00:00","dateModified":"2017-11-30T06:14:39+00:00","description":"Bienvenidos a ver nuestro material de promoci\u00f3n de SmartPuller.","breadcrumb":{"@id":"https:\/\/smartpuller.com\/es\/promocion\/#breadcrumb"},"inLanguage":"es","potentialAction":[{"@type":"ReadAction","target":["https:\/\/smartpuller.com\/es\/promocion\/"]}]},{"@type":"ImageObject","inLanguage":"es","@id":"https:\/\/smartpuller.com\/es\/promocion\/#primaryimage","url":"https:\/\/smartpuller.com\/wp-content\/uploads\/2017\/10\/image_gallery-of-smartpuller-300x300.jpg","contentUrl":"https:\/\/smartpuller.com\/wp-content\/uploads\/2017\/10\/image_gallery-of-smartpuller-300x300.jpg"},{"@type":"BreadcrumbList","@id":"https:\/\/smartpuller.com\/es\/promocion\/#breadcrumb","itemListElement":[{"@type":"ListItem","position":1,"name":"Home","item":"https:\/\/smartpuller.com\/es\/"},{"@type":"ListItem","position":2,"name":"Promoci\u00f3n"}]},{"@type":"WebSite","@id":"https:\/\/smartpuller.com\/fi\/#website","url":"https:\/\/smartpuller.com\/fi\/","name":"SmartPuller","description":"SmartPuller","potentialAction":[{"@type":"SearchAction","target":{"@type":"EntryPoint","urlTemplate":"https:\/\/smartpuller.com\/fi\/?s={search_term_string}"},"query-input":{"@type":"PropertyValueSpecification","valueRequired":true,"valueName":"search_term_string"}}],"inLanguage":"es"}]}},"_links":{"self":[{"href":"https:\/\/smartpuller.com\/es\/wp-json\/wp\/v2\/pages\/2240","targetHints":{"allow":["GET"]}}],"collection":[{"href":"https:\/\/smartpuller.com\/es\/wp-json\/wp\/v2\/pages"}],"about":[{"href":"https:\/\/smartpuller.com\/es\/wp-json\/wp\/v2\/types\/page"}],"author":[{"embeddable":true,"href":"https:\/\/smartpuller.com\/es\/wp-json\/wp\/v2\/users\/101"}],"replies":[{"embeddable":true,"href":"https:\/\/smartpuller.com\/es\/wp-json\/wp\/v2\/comments?post=2240"}],"version-history":[{"count":0,"href":"https:\/\/smartpuller.com\/es\/wp-json\/wp\/v2\/pages\/2240\/revisions"}],"wp:attachment":[{"href":"https:\/\/smartpuller.com\/es\/wp-json\/wp\/v2\/media?parent=2240"}],"curies":[{"name":"wp","href":"https:\/\/api.w.org\/{rel}","templated":true}]}}